{"id":14479,"date":"2025-12-12T17:50:23","date_gmt":"2025-12-12T16:50:23","guid":{"rendered":"https:\/\/test.ecbeaute.com\/?post_type=product&#038;p=14479"},"modified":"2025-12-12T17:50:32","modified_gmt":"2025-12-12T16:50:32","slug":"nyda-spray-anti-poux-50-ml","status":"publish","type":"product","link":"https:\/\/paracherkaoui.ma\/index.php\/produit\/nyda-spray-anti-poux-50-ml\/","title":{"rendered":"NYDA SPRAY ANTI POUX 50 ML"},"content":{"rendered":"<p>NYDA est un traitement topique r\u00e9volutionnaire pour l\u2019\u00e9radication des poux de t\u00eate (Pediculus humanus capitis). Extr\u00eamement s\u00e9curitaire, il p\u00e9n\u00e8tre profond\u00e9ment dans les parties les plus petites des poux, des larves, ainsi que dans le syst\u00e8me respiratoire de l\u2019\u0153uf, rempla\u00e7ant ainsi l\u2019air, et provoquant la mort au sein des trois stages, soit de l\u2019\u0153uf aux poux adultes.<br \/>\nConseils d&rsquo;utilisation:<br \/>\nNYDA est simple \u00e0 utiliser, car le vaporisateur \u00e0 pompe de 50 ml permet de r\u00e9partir la formule facilement, de sorte que les cheveux sont compl\u00e8tement couverts. Apr\u00e8s une p\u00e9riode d\u2019attente de 30 minutes, il est recommand\u00e9 de peigner les cheveux. Il est important de garder NYDA dans les cheveux pendant 8 heures, car cela facilite l\u2019\u00e9limination des lentes qui sont fermement ancr\u00e9es sur la tige du cheveu. Lavez ensuite les cheveux avec le shampooing habituel, et utilisez le peigne pour enlever les poux morts, les larves ou les \u0153ufs morts (lentes). Le peigne pour poux est sp\u00e9cialement con\u00e7u avec un espace de 0,2 mm entre ses dents, de sorte qu\u2019il puisse attraper les poux, les \u0153ufs et les lentes mortes.<\/p>\n","protected":false},"excerpt":{"rendered":"<p>NYDA est un traitement topique r\u00e9volutionnaire pour l\u2019\u00e9radication des poux de t\u00eate (Pediculus humanus capitis). Extr\u00eamement s\u00e9curitaire, il p\u00e9n\u00e8tre profond\u00e9ment<\/p>\n","protected":false},"featured_media":14575,"comment_status":"open","ping_status":"closed","template":"","meta":[],"product_brand":[205],"product_cat":[197],"product_tag":[],"class_list":{"0":"post-14479","1":"product","2":"type-product","3":"status-publish","4":"has-post-thumbnail","6":"product_brand-nyda","7":"product_cat-anti-poux","9":"first","10":"instock","11":"shipping-taxable","12":"purchasable","13":"product-type-simple"},"yoast_head":"<!-- This site is optimized with the Yoast SEO plugin v26.6 - https:\/\/yoast.com\/wordpress\/plugins\/seo\/ -->\r\n<title>NYDA SPRAY ANTI POUX 50 ML - Paracherkaoui.ma<\/title>\r\n<meta name=\"robots\" content=\"index, follow, max-snippet:-1, max-image-preview:large, max-video-preview:-1\" \/>\r\n<link rel=\"canonical\" href=\"https:\/\/paracherkaoui.ma\/index.php\/produit\/nyda-spray-anti-poux-50-ml\/\" \/>\r\n<meta property=\"og:locale\" content=\"fr_FR\" \/>\r\n<meta property=\"og:type\" content=\"article\" \/>\r\n<meta property=\"og:title\" content=\"NYDA SPRAY ANTI POUX 50 ML - Paracherkaoui.ma\" \/>\r\n<meta property=\"og:description\" content=\"NYDA est un traitement topique r\u00e9volutionnaire pour l\u2019\u00e9radication des poux de t\u00eate (Pediculus humanus capitis). Extr\u00eamement s\u00e9curitaire, il p\u00e9n\u00e8tre profond\u00e9ment\" \/>\r\n<meta property=\"og:url\" content=\"https:\/\/paracherkaoui.ma\/index.php\/produit\/nyda-spray-anti-poux-50-ml\/\" \/>\r\n<meta property=\"og:site_name\" content=\"Paracherkaoui.ma\" \/>\r\n<meta property=\"article:modified_time\" content=\"2025-12-12T16:50:32+00:00\" \/>\r\n<meta property=\"og:image\" content=\"https:\/\/paracherkaoui.ma\/wp-content\/uploads\/2025\/12\/nyda-nyda-spray-anti-poux-50-ml-anti-poux.jpg\" \/>\r\n\t<meta property=\"og:image:width\" content=\"700\" \/>\r\n\t<meta property=\"og:image:height\" content=\"700\" \/>\r\n\t<meta property=\"og:image:type\" content=\"image\/jpeg\" \/>\r\n<meta name=\"twitter:card\" content=\"summary_large_image\" \/>\r\n<meta name=\"twitter:label1\" content=\"Dur\u00e9e de lecture estim\u00e9e\" \/>\n\t<meta name=\"twitter:data1\" content=\"1 minute\" \/>\r\n<script type=\"application\/ld+json\" class=\"yoast-schema-graph\">{\"@context\":\"https:\/\/schema.org\",\"@graph\":[{\"@type\":\"WebPage\",\"@id\":\"https:\/\/paracherkaoui.ma\/index.php\/produit\/nyda-spray-anti-poux-50-ml\/\",\"url\":\"https:\/\/paracherkaoui.ma\/index.php\/produit\/nyda-spray-anti-poux-50-ml\/\",\"name\":\"NYDA SPRAY ANTI POUX 50 ML - Paracherkaoui.ma\",\"isPartOf\":{\"@id\":\"https:\/\/paracherkaoui.ma\/#website\"},\"primaryImageOfPage\":{\"@id\":\"https:\/\/paracherkaoui.ma\/index.php\/produit\/nyda-spray-anti-poux-50-ml\/#primaryimage\"},\"image\":{\"@id\":\"https:\/\/paracherkaoui.ma\/index.php\/produit\/nyda-spray-anti-poux-50-ml\/#primaryimage\"},\"thumbnailUrl\":\"https:\/\/paracherkaoui.ma\/wp-content\/uploads\/2025\/12\/nyda-nyda-spray-anti-poux-50-ml-anti-poux.jpg\",\"datePublished\":\"2025-12-12T16:50:23+00:00\",\"dateModified\":\"2025-12-12T16:50:32+00:00\",\"breadcrumb\":{\"@id\":\"https:\/\/paracherkaoui.ma\/index.php\/produit\/nyda-spray-anti-poux-50-ml\/#breadcrumb\"},\"inLanguage\":\"fr-FR\",\"potentialAction\":[{\"@type\":\"ReadAction\",\"target\":[\"https:\/\/paracherkaoui.ma\/index.php\/produit\/nyda-spray-anti-poux-50-ml\/\"]}]},{\"@type\":\"ImageObject\",\"inLanguage\":\"fr-FR\",\"@id\":\"https:\/\/paracherkaoui.ma\/index.php\/produit\/nyda-spray-anti-poux-50-ml\/#primaryimage\",\"url\":\"https:\/\/paracherkaoui.ma\/wp-content\/uploads\/2025\/12\/nyda-nyda-spray-anti-poux-50-ml-anti-poux.jpg\",\"contentUrl\":\"https:\/\/paracherkaoui.ma\/wp-content\/uploads\/2025\/12\/nyda-nyda-spray-anti-poux-50-ml-anti-poux.jpg\",\"width\":700,\"height\":700},{\"@type\":\"BreadcrumbList\",\"@id\":\"https:\/\/paracherkaoui.ma\/index.php\/produit\/nyda-spray-anti-poux-50-ml\/#breadcrumb\",\"itemListElement\":[{\"@type\":\"ListItem\",\"position\":1,\"name\":\"Accueil\",\"item\":\"https:\/\/paracherkaoui.ma\/\"},{\"@type\":\"ListItem\",\"position\":2,\"name\":\"Boutique\",\"item\":\"https:\/\/paracherkaoui.ma\/index.php\/boutique\/\"},{\"@type\":\"ListItem\",\"position\":3,\"name\":\"NYDA SPRAY ANTI POUX 50 ML\"}]},{\"@type\":\"WebSite\",\"@id\":\"https:\/\/paracherkaoui.ma\/#website\",\"url\":\"https:\/\/paracherkaoui.ma\/\",\"name\":\"Paracherkaoui.ma\",\"description\":\"Achetez en ligne sur Paracherkaoui.ma\",\"potentialAction\":[{\"@type\":\"SearchAction\",\"target\":{\"@type\":\"EntryPoint\",\"urlTemplate\":\"https:\/\/paracherkaoui.ma\/?s={search_term_string}\"},\"query-input\":{\"@type\":\"PropertyValueSpecification\",\"valueRequired\":true,\"valueName\":\"search_term_string\"}}],\"inLanguage\":\"fr-FR\"}]}<\/script>\r\n<!-- \/ Yoast SEO plugin. -->","yoast_head_json":{"title":"NYDA SPRAY ANTI POUX 50 ML - Paracherkaoui.ma","robots":{"index":"index","follow":"follow","max-snippet":"max-snippet:-1","max-image-preview":"max-image-preview:large","max-video-preview":"max-video-preview:-1"},"canonical":"https:\/\/paracherkaoui.ma\/index.php\/produit\/nyda-spray-anti-poux-50-ml\/","og_locale":"fr_FR","og_type":"article","og_title":"NYDA SPRAY ANTI POUX 50 ML - Paracherkaoui.ma","og_description":"NYDA est un traitement topique r\u00e9volutionnaire pour l\u2019\u00e9radication des poux de t\u00eate (Pediculus humanus capitis). Extr\u00eamement s\u00e9curitaire, il p\u00e9n\u00e8tre profond\u00e9ment","og_url":"https:\/\/paracherkaoui.ma\/index.php\/produit\/nyda-spray-anti-poux-50-ml\/","og_site_name":"Paracherkaoui.ma","article_modified_time":"2025-12-12T16:50:32+00:00","og_image":[{"width":700,"height":700,"url":"https:\/\/paracherkaoui.ma\/wp-content\/uploads\/2025\/12\/nyda-nyda-spray-anti-poux-50-ml-anti-poux.jpg","type":"image\/jpeg"}],"twitter_card":"summary_large_image","twitter_misc":{"Dur\u00e9e de lecture estim\u00e9e":"1 minute"},"schema":{"@context":"https:\/\/schema.org","@graph":[{"@type":"WebPage","@id":"https:\/\/paracherkaoui.ma\/index.php\/produit\/nyda-spray-anti-poux-50-ml\/","url":"https:\/\/paracherkaoui.ma\/index.php\/produit\/nyda-spray-anti-poux-50-ml\/","name":"NYDA SPRAY ANTI POUX 50 ML - Paracherkaoui.ma","isPartOf":{"@id":"https:\/\/paracherkaoui.ma\/#website"},"primaryImageOfPage":{"@id":"https:\/\/paracherkaoui.ma\/index.php\/produit\/nyda-spray-anti-poux-50-ml\/#primaryimage"},"image":{"@id":"https:\/\/paracherkaoui.ma\/index.php\/produit\/nyda-spray-anti-poux-50-ml\/#primaryimage"},"thumbnailUrl":"https:\/\/paracherkaoui.ma\/wp-content\/uploads\/2025\/12\/nyda-nyda-spray-anti-poux-50-ml-anti-poux.jpg","datePublished":"2025-12-12T16:50:23+00:00","dateModified":"2025-12-12T16:50:32+00:00","breadcrumb":{"@id":"https:\/\/paracherkaoui.ma\/index.php\/produit\/nyda-spray-anti-poux-50-ml\/#breadcrumb"},"inLanguage":"fr-FR","potentialAction":[{"@type":"ReadAction","target":["https:\/\/paracherkaoui.ma\/index.php\/produit\/nyda-spray-anti-poux-50-ml\/"]}]},{"@type":"ImageObject","inLanguage":"fr-FR","@id":"https:\/\/paracherkaoui.ma\/index.php\/produit\/nyda-spray-anti-poux-50-ml\/#primaryimage","url":"https:\/\/paracherkaoui.ma\/wp-content\/uploads\/2025\/12\/nyda-nyda-spray-anti-poux-50-ml-anti-poux.jpg","contentUrl":"https:\/\/paracherkaoui.ma\/wp-content\/uploads\/2025\/12\/nyda-nyda-spray-anti-poux-50-ml-anti-poux.jpg","width":700,"height":700},{"@type":"BreadcrumbList","@id":"https:\/\/paracherkaoui.ma\/index.php\/produit\/nyda-spray-anti-poux-50-ml\/#breadcrumb","itemListElement":[{"@type":"ListItem","position":1,"name":"Accueil","item":"https:\/\/paracherkaoui.ma\/"},{"@type":"ListItem","position":2,"name":"Boutique","item":"https:\/\/paracherkaoui.ma\/index.php\/boutique\/"},{"@type":"ListItem","position":3,"name":"NYDA SPRAY ANTI POUX 50 ML"}]},{"@type":"WebSite","@id":"https:\/\/paracherkaoui.ma\/#website","url":"https:\/\/paracherkaoui.ma\/","name":"Paracherkaoui.ma","description":"Achetez en ligne sur Paracherkaoui.ma","potentialAction":[{"@type":"SearchAction","target":{"@type":"EntryPoint","urlTemplate":"https:\/\/paracherkaoui.ma\/?s={search_term_string}"},"query-input":{"@type":"PropertyValueSpecification","valueRequired":true,"valueName":"search_term_string"}}],"inLanguage":"fr-FR"}]}},"_links":{"self":[{"href":"https:\/\/paracherkaoui.ma\/index.php\/wp-json\/wp\/v2\/product\/14479","targetHints":{"allow":["GET"]}}],"collection":[{"href":"https:\/\/paracherkaoui.ma\/index.php\/wp-json\/wp\/v2\/product"}],"about":[{"href":"https:\/\/paracherkaoui.ma\/index.php\/wp-json\/wp\/v2\/types\/product"}],"replies":[{"embeddable":true,"href":"https:\/\/paracherkaoui.ma\/index.php\/wp-json\/wp\/v2\/comments?post=14479"}],"version-history":[{"count":1,"href":"https:\/\/paracherkaoui.ma\/index.php\/wp-json\/wp\/v2\/product\/14479\/revisions"}],"predecessor-version":[{"id":14577,"href":"https:\/\/paracherkaoui.ma\/index.php\/wp-json\/wp\/v2\/product\/14479\/revisions\/14577"}],"wp:featuredmedia":[{"embeddable":true,"href":"https:\/\/paracherkaoui.ma\/index.php\/wp-json\/wp\/v2\/media\/14575"}],"wp:attachment":[{"href":"https:\/\/paracherkaoui.ma\/index.php\/wp-json\/wp\/v2\/media?parent=14479"}],"wp:term":[{"taxonomy":"product_brand","embeddable":true,"href":"https:\/\/paracherkaoui.ma\/index.php\/wp-json\/wp\/v2\/product_brand?post=14479"},{"taxonomy":"product_cat","embeddable":true,"href":"https:\/\/paracherkaoui.ma\/index.php\/wp-json\/wp\/v2\/product_cat?post=14479"},{"taxonomy":"product_tag","embeddable":true,"href":"https:\/\/paracherkaoui.ma\/index.php\/wp-json\/wp\/v2\/product_tag?post=14479"}],"curies":[{"name":"wp","href":"https:\/\/api.w.org\/{rel}","templated":true}]}}