{"id":14475,"date":"2025-12-12T17:50:23","date_gmt":"2025-12-12T16:50:23","guid":{"rendered":"https:\/\/test.ecbeaute.com\/?post_type=product&#038;p=14475"},"modified":"2025-12-12T17:50:31","modified_gmt":"2025-12-12T16:50:31","slug":"puressentiel-shampoing-masque-2-en-1-anti-poux-150-ml","status":"publish","type":"product","link":"https:\/\/paracherkaoui.ma\/index.php\/produit\/puressentiel-shampoing-masque-2-en-1-anti-poux-150-ml\/","title":{"rendered":"PURESSENTIEL SHAMPOING MASQUE 2 EN 1 ANTI POUX 150 ML"},"content":{"rendered":"<p>Gr\u00e2ce \u00e0 sa formule douce \u00e0 l&rsquo;huile v\u00e9g\u00e9tale de coco, ce shampoing masque agit m\u00e9caniquement en obstruant les orifices respiratoires des poux et des lentes, les \u00e9liminant ainsi en seulement 30 minutes apr\u00e8s la premi\u00e8re utilisation. Cette efficacit\u00e9 est garantie sans insecticide ni r\u00e9pulsif neurotoxique, pour une utilisation sans danger pour toute la famille.<br \/>\nLa base nettoyante et moussante de ce soin nourrit et apaise le cuir chevelu, tout en respectant la nature des cheveux. Vos cheveux seront non seulement d\u00e9barrass\u00e9s des parasites, mais \u00e9galement brillants, doux et faciles \u00e0 coiffer.<br \/>\nAvec sa formule biod\u00e9gradable, sans dim\u00e9thicone, d\u00e9riv\u00e9s de silicone, huile min\u00e9rale, ar\u00f4mes, sulfates, ou parfums de synth\u00e8se, ce produit respecte \u00e0 la fois votre chevelure et l&rsquo;environnement. Test\u00e9 sous contr\u00f4le dermatologique, il convient aux adultes et aux enfants d\u00e8s 18 mois.<br \/>\nUn peigne est inclus pour vous aider \u00e0 \u00e9liminer les larves, poux et lentes de mani\u00e8re efficace.<br \/>\nCOMPOSITION<br \/>\nHuile v\u00e9g\u00e9tale de coco.<br \/>\nCONSEIL D\u2019UTILISATION<br \/>\nAppliquer g\u00e9n\u00e9reusement le produit sur cheveux secs, en veillant \u00e0 bien couvrir l\u2019ensemble de la chevelure et du cuir chevelu. Laisser agir pendant 30 minutes. Pour une efficacit\u00e9 maximale, couvrir les cheveux avec une charlotte ou une serviette. Rincer abondamment \u00e0 l&rsquo;eau ti\u00e8de. Aucun shampoing suppl\u00e9mentaire n&rsquo;est n\u00e9cessaire. Utiliser le peigne fourni pour enlever les poux, larves et lentes. Recommencer l&rsquo;op\u00e9ration si n\u00e9cessaire.<\/p>\n","protected":false},"excerpt":{"rendered":"<p>Gr\u00e2ce \u00e0 sa formule douce \u00e0 l&rsquo;huile v\u00e9g\u00e9tale de coco, ce shampoing masque agit m\u00e9caniquement en obstruant les orifices respiratoires<\/p>\n","protected":false},"featured_media":14565,"comment_status":"open","ping_status":"closed","template":"","meta":[],"product_brand":[204],"product_cat":[197],"product_tag":[],"class_list":{"0":"post-14475","1":"product","2":"type-product","3":"status-publish","4":"has-post-thumbnail","6":"product_brand-puressentiel","7":"product_cat-anti-poux","9":"first","10":"instock","11":"sale","12":"shipping-taxable","13":"purchasable","14":"product-type-simple"},"yoast_head":"<!-- This site is optimized with the Yoast SEO plugin v26.6 - https:\/\/yoast.com\/wordpress\/plugins\/seo\/ -->\r\n<title>PURESSENTIEL SHAMPOING MASQUE 2 EN 1 ANTI POUX 150 ML - Paracherkaoui.ma<\/title>\r\n<meta name=\"robots\" content=\"index, follow, max-snippet:-1, max-image-preview:large, max-video-preview:-1\" \/>\r\n<link rel=\"canonical\" href=\"https:\/\/paracherkaoui.ma\/index.php\/produit\/puressentiel-shampoing-masque-2-en-1-anti-poux-150-ml\/\" \/>\r\n<meta property=\"og:locale\" content=\"fr_FR\" \/>\r\n<meta property=\"og:type\" content=\"article\" \/>\r\n<meta property=\"og:title\" content=\"PURESSENTIEL SHAMPOING MASQUE 2 EN 1 ANTI POUX 150 ML - Paracherkaoui.ma\" \/>\r\n<meta property=\"og:description\" content=\"Gr\u00e2ce \u00e0 sa formule douce \u00e0 l&rsquo;huile v\u00e9g\u00e9tale de coco, ce shampoing masque agit m\u00e9caniquement en obstruant les orifices respiratoires\" \/>\r\n<meta property=\"og:url\" content=\"https:\/\/paracherkaoui.ma\/index.php\/produit\/puressentiel-shampoing-masque-2-en-1-anti-poux-150-ml\/\" \/>\r\n<meta property=\"og:site_name\" content=\"Paracherkaoui.ma\" \/>\r\n<meta property=\"article:modified_time\" content=\"2025-12-12T16:50:31+00:00\" \/>\r\n<meta property=\"og:image\" content=\"https:\/\/paracherkaoui.ma\/wp-content\/uploads\/2025\/12\/puressentiel-puressentiel-shampoing-masque-2-en-1-anti-poux-150-ml-anti-poux.jpg\" \/>\r\n\t<meta property=\"og:image:width\" content=\"700\" \/>\r\n\t<meta property=\"og:image:height\" content=\"700\" \/>\r\n\t<meta property=\"og:image:type\" content=\"image\/jpeg\" \/>\r\n<meta name=\"twitter:card\" content=\"summary_large_image\" \/>\r\n<meta name=\"twitter:label1\" content=\"Dur\u00e9e de lecture estim\u00e9e\" \/>\n\t<meta name=\"twitter:data1\" content=\"1 minute\" \/>\r\n<script type=\"application\/ld+json\" class=\"yoast-schema-graph\">{\"@context\":\"https:\/\/schema.org\",\"@graph\":[{\"@type\":\"WebPage\",\"@id\":\"https:\/\/paracherkaoui.ma\/index.php\/produit\/puressentiel-shampoing-masque-2-en-1-anti-poux-150-ml\/\",\"url\":\"https:\/\/paracherkaoui.ma\/index.php\/produit\/puressentiel-shampoing-masque-2-en-1-anti-poux-150-ml\/\",\"name\":\"PURESSENTIEL SHAMPOING MASQUE 2 EN 1 ANTI POUX 150 ML - Paracherkaoui.ma\",\"isPartOf\":{\"@id\":\"https:\/\/paracherkaoui.ma\/#website\"},\"primaryImageOfPage\":{\"@id\":\"https:\/\/paracherkaoui.ma\/index.php\/produit\/puressentiel-shampoing-masque-2-en-1-anti-poux-150-ml\/#primaryimage\"},\"image\":{\"@id\":\"https:\/\/paracherkaoui.ma\/index.php\/produit\/puressentiel-shampoing-masque-2-en-1-anti-poux-150-ml\/#primaryimage\"},\"thumbnailUrl\":\"https:\/\/paracherkaoui.ma\/wp-content\/uploads\/2025\/12\/puressentiel-puressentiel-shampoing-masque-2-en-1-anti-poux-150-ml-anti-poux.jpg\",\"datePublished\":\"2025-12-12T16:50:23+00:00\",\"dateModified\":\"2025-12-12T16:50:31+00:00\",\"breadcrumb\":{\"@id\":\"https:\/\/paracherkaoui.ma\/index.php\/produit\/puressentiel-shampoing-masque-2-en-1-anti-poux-150-ml\/#breadcrumb\"},\"inLanguage\":\"fr-FR\",\"potentialAction\":[{\"@type\":\"ReadAction\",\"target\":[\"https:\/\/paracherkaoui.ma\/index.php\/produit\/puressentiel-shampoing-masque-2-en-1-anti-poux-150-ml\/\"]}]},{\"@type\":\"ImageObject\",\"inLanguage\":\"fr-FR\",\"@id\":\"https:\/\/paracherkaoui.ma\/index.php\/produit\/puressentiel-shampoing-masque-2-en-1-anti-poux-150-ml\/#primaryimage\",\"url\":\"https:\/\/paracherkaoui.ma\/wp-content\/uploads\/2025\/12\/puressentiel-puressentiel-shampoing-masque-2-en-1-anti-poux-150-ml-anti-poux.jpg\",\"contentUrl\":\"https:\/\/paracherkaoui.ma\/wp-content\/uploads\/2025\/12\/puressentiel-puressentiel-shampoing-masque-2-en-1-anti-poux-150-ml-anti-poux.jpg\",\"width\":700,\"height\":700},{\"@type\":\"BreadcrumbList\",\"@id\":\"https:\/\/paracherkaoui.ma\/index.php\/produit\/puressentiel-shampoing-masque-2-en-1-anti-poux-150-ml\/#breadcrumb\",\"itemListElement\":[{\"@type\":\"ListItem\",\"position\":1,\"name\":\"Accueil\",\"item\":\"https:\/\/paracherkaoui.ma\/\"},{\"@type\":\"ListItem\",\"position\":2,\"name\":\"Boutique\",\"item\":\"https:\/\/paracherkaoui.ma\/index.php\/boutique\/\"},{\"@type\":\"ListItem\",\"position\":3,\"name\":\"PURESSENTIEL SHAMPOING MASQUE 2 EN 1 ANTI POUX 150 ML\"}]},{\"@type\":\"WebSite\",\"@id\":\"https:\/\/paracherkaoui.ma\/#website\",\"url\":\"https:\/\/paracherkaoui.ma\/\",\"name\":\"Paracherkaoui.ma\",\"description\":\"Achetez en ligne sur Paracherkaoui.ma\",\"potentialAction\":[{\"@type\":\"SearchAction\",\"target\":{\"@type\":\"EntryPoint\",\"urlTemplate\":\"https:\/\/paracherkaoui.ma\/?s={search_term_string}\"},\"query-input\":{\"@type\":\"PropertyValueSpecification\",\"valueRequired\":true,\"valueName\":\"search_term_string\"}}],\"inLanguage\":\"fr-FR\"}]}<\/script>\r\n<!-- \/ Yoast SEO plugin. -->","yoast_head_json":{"title":"PURESSENTIEL SHAMPOING MASQUE 2 EN 1 ANTI POUX 150 ML - Paracherkaoui.ma","robots":{"index":"index","follow":"follow","max-snippet":"max-snippet:-1","max-image-preview":"max-image-preview:large","max-video-preview":"max-video-preview:-1"},"canonical":"https:\/\/paracherkaoui.ma\/index.php\/produit\/puressentiel-shampoing-masque-2-en-1-anti-poux-150-ml\/","og_locale":"fr_FR","og_type":"article","og_title":"PURESSENTIEL SHAMPOING MASQUE 2 EN 1 ANTI POUX 150 ML - Paracherkaoui.ma","og_description":"Gr\u00e2ce \u00e0 sa formule douce \u00e0 l&rsquo;huile v\u00e9g\u00e9tale de coco, ce shampoing masque agit m\u00e9caniquement en obstruant les orifices respiratoires","og_url":"https:\/\/paracherkaoui.ma\/index.php\/produit\/puressentiel-shampoing-masque-2-en-1-anti-poux-150-ml\/","og_site_name":"Paracherkaoui.ma","article_modified_time":"2025-12-12T16:50:31+00:00","og_image":[{"width":700,"height":700,"url":"https:\/\/paracherkaoui.ma\/wp-content\/uploads\/2025\/12\/puressentiel-puressentiel-shampoing-masque-2-en-1-anti-poux-150-ml-anti-poux.jpg","type":"image\/jpeg"}],"twitter_card":"summary_large_image","twitter_misc":{"Dur\u00e9e de lecture estim\u00e9e":"1 minute"},"schema":{"@context":"https:\/\/schema.org","@graph":[{"@type":"WebPage","@id":"https:\/\/paracherkaoui.ma\/index.php\/produit\/puressentiel-shampoing-masque-2-en-1-anti-poux-150-ml\/","url":"https:\/\/paracherkaoui.ma\/index.php\/produit\/puressentiel-shampoing-masque-2-en-1-anti-poux-150-ml\/","name":"PURESSENTIEL SHAMPOING MASQUE 2 EN 1 ANTI POUX 150 ML - Paracherkaoui.ma","isPartOf":{"@id":"https:\/\/paracherkaoui.ma\/#website"},"primaryImageOfPage":{"@id":"https:\/\/paracherkaoui.ma\/index.php\/produit\/puressentiel-shampoing-masque-2-en-1-anti-poux-150-ml\/#primaryimage"},"image":{"@id":"https:\/\/paracherkaoui.ma\/index.php\/produit\/puressentiel-shampoing-masque-2-en-1-anti-poux-150-ml\/#primaryimage"},"thumbnailUrl":"https:\/\/paracherkaoui.ma\/wp-content\/uploads\/2025\/12\/puressentiel-puressentiel-shampoing-masque-2-en-1-anti-poux-150-ml-anti-poux.jpg","datePublished":"2025-12-12T16:50:23+00:00","dateModified":"2025-12-12T16:50:31+00:00","breadcrumb":{"@id":"https:\/\/paracherkaoui.ma\/index.php\/produit\/puressentiel-shampoing-masque-2-en-1-anti-poux-150-ml\/#breadcrumb"},"inLanguage":"fr-FR","potentialAction":[{"@type":"ReadAction","target":["https:\/\/paracherkaoui.ma\/index.php\/produit\/puressentiel-shampoing-masque-2-en-1-anti-poux-150-ml\/"]}]},{"@type":"ImageObject","inLanguage":"fr-FR","@id":"https:\/\/paracherkaoui.ma\/index.php\/produit\/puressentiel-shampoing-masque-2-en-1-anti-poux-150-ml\/#primaryimage","url":"https:\/\/paracherkaoui.ma\/wp-content\/uploads\/2025\/12\/puressentiel-puressentiel-shampoing-masque-2-en-1-anti-poux-150-ml-anti-poux.jpg","contentUrl":"https:\/\/paracherkaoui.ma\/wp-content\/uploads\/2025\/12\/puressentiel-puressentiel-shampoing-masque-2-en-1-anti-poux-150-ml-anti-poux.jpg","width":700,"height":700},{"@type":"BreadcrumbList","@id":"https:\/\/paracherkaoui.ma\/index.php\/produit\/puressentiel-shampoing-masque-2-en-1-anti-poux-150-ml\/#breadcrumb","itemListElement":[{"@type":"ListItem","position":1,"name":"Accueil","item":"https:\/\/paracherkaoui.ma\/"},{"@type":"ListItem","position":2,"name":"Boutique","item":"https:\/\/paracherkaoui.ma\/index.php\/boutique\/"},{"@type":"ListItem","position":3,"name":"PURESSENTIEL SHAMPOING MASQUE 2 EN 1 ANTI POUX 150 ML"}]},{"@type":"WebSite","@id":"https:\/\/paracherkaoui.ma\/#website","url":"https:\/\/paracherkaoui.ma\/","name":"Paracherkaoui.ma","description":"Achetez en ligne sur Paracherkaoui.ma","potentialAction":[{"@type":"SearchAction","target":{"@type":"EntryPoint","urlTemplate":"https:\/\/paracherkaoui.ma\/?s={search_term_string}"},"query-input":{"@type":"PropertyValueSpecification","valueRequired":true,"valueName":"search_term_string"}}],"inLanguage":"fr-FR"}]}},"_links":{"self":[{"href":"https:\/\/paracherkaoui.ma\/index.php\/wp-json\/wp\/v2\/product\/14475","targetHints":{"allow":["GET"]}}],"collection":[{"href":"https:\/\/paracherkaoui.ma\/index.php\/wp-json\/wp\/v2\/product"}],"about":[{"href":"https:\/\/paracherkaoui.ma\/index.php\/wp-json\/wp\/v2\/types\/product"}],"replies":[{"embeddable":true,"href":"https:\/\/paracherkaoui.ma\/index.php\/wp-json\/wp\/v2\/comments?post=14475"}],"version-history":[{"count":1,"href":"https:\/\/paracherkaoui.ma\/index.php\/wp-json\/wp\/v2\/product\/14475\/revisions"}],"predecessor-version":[{"id":14567,"href":"https:\/\/paracherkaoui.ma\/index.php\/wp-json\/wp\/v2\/product\/14475\/revisions\/14567"}],"wp:featuredmedia":[{"embeddable":true,"href":"https:\/\/paracherkaoui.ma\/index.php\/wp-json\/wp\/v2\/media\/14565"}],"wp:attachment":[{"href":"https:\/\/paracherkaoui.ma\/index.php\/wp-json\/wp\/v2\/media?parent=14475"}],"wp:term":[{"taxonomy":"product_brand","embeddable":true,"href":"https:\/\/paracherkaoui.ma\/index.php\/wp-json\/wp\/v2\/product_brand?post=14475"},{"taxonomy":"product_cat","embeddable":true,"href":"https:\/\/paracherkaoui.ma\/index.php\/wp-json\/wp\/v2\/product_cat?post=14475"},{"taxonomy":"product_tag","embeddable":true,"href":"https:\/\/paracherkaoui.ma\/index.php\/wp-json\/wp\/v2\/product_tag?post=14475"}],"curies":[{"name":"wp","href":"https:\/\/api.w.org\/{rel}","templated":true}]}}