{"id":14465,"date":"2025-12-12T17:50:23","date_gmt":"2025-12-12T16:50:23","guid":{"rendered":"https:\/\/test.ecbeaute.com\/?post_type=product&#038;p=14465"},"modified":"2025-12-12T17:50:28","modified_gmt":"2025-12-12T16:50:28","slug":"l2n-pharma-seringue-de-lavage-nasal-3-anneaux-6-mois","status":"publish","type":"product","link":"https:\/\/paracherkaoui.ma\/index.php\/produit\/l2n-pharma-seringue-de-lavage-nasal-3-anneaux-6-mois\/","title":{"rendered":"L2N PHARMA SERINGUE DE LAVAGE NASAL 3 ANNEAUX 6 MOIS +"},"content":{"rendered":"<p>Dot\u00e9e de trois anneaux ergonomiques, elle assure une prise en main optimale, permettant un dosage pr\u00e9cis et une administration contr\u00f4l\u00e9e. Ce syst\u00e8me garantit une efficacit\u00e9 maximale tout en offrant une exp\u00e9rience agr\u00e9able pour les parents et le b\u00e9b\u00e9. La pression peut \u00eatre facilement ajust\u00e9e pour un rin\u00e7age doux, parfaitement adapt\u00e9 aux tout-petits.<br \/>\nFabriqu\u00e9e \u00e0 partir de mat\u00e9riaux s\u00fbrs, inodores et non toxiques, cette seringue est con\u00e7ue pour respecter la peau sensible des b\u00e9b\u00e9s. L&#8217;embout en silicone est non seulement doux et s\u00e9curis\u00e9, mais aussi r\u00e9utilisable. Il peut \u00eatre nettoy\u00e9 facilement apr\u00e8s chaque utilisation, garantissant une hygi\u00e8ne irr\u00e9prochable.<br \/>\nSon utilisation est simple : il suffit d\u2019aspirer une solution saline dans la seringue, d\u2019incliner doucement la t\u00eate de l\u2019enfant vers l\u2019avant, puis d\u2019injecter le liquide dans une narine. Les s\u00e9cr\u00e9tions ressortiront par l\u2019autre narine, laissant les voies respiratoires d\u00e9gag\u00e9es.<br \/>\nAvec la seringue de lavage nasal L2N Pharma, vous offrez \u00e0 votre enfant un confort respiratoire optimal et une solution pratique, hygi\u00e9nique et douce pour les aider \u00e0 mieux respirer.<br \/>\nConseils d\u2019utilisation<br \/>\nPr\u00e9parez une solution saline adapt\u00e9e pour b\u00e9b\u00e9.<br \/>\nAspirez la solution dans la seringue.<br \/>\nInclinez l\u00e9g\u00e8rement la t\u00eate du b\u00e9b\u00e9 vers l\u2019avant.<br \/>\nInjectez doucement le contenu de la seringue dans une narine.<br \/>\nR\u00e9p\u00e9tez l\u2019op\u00e9ration si n\u00e9cessaire pour l\u2019autre narine.<br \/>\nNettoyez l\u2019embout en silicone apr\u00e8s chaque utilisation \u00e0 l\u2019eau ti\u00e8de.<\/p>\n","protected":false},"excerpt":{"rendered":"<p>Dot\u00e9e de trois anneaux ergonomiques, elle assure une prise en main optimale, permettant un dosage pr\u00e9cis et une administration contr\u00f4l\u00e9e.<\/p>\n","protected":false},"featured_media":14540,"comment_status":"open","ping_status":"closed","template":"","meta":[],"product_brand":[202],"product_cat":[197],"product_tag":[],"class_list":{"0":"post-14465","1":"product","2":"type-product","3":"status-publish","4":"has-post-thumbnail","6":"product_brand-l2n-pharma","7":"product_cat-anti-poux","9":"first","10":"instock","11":"shipping-taxable","12":"purchasable","13":"product-type-simple"},"yoast_head":"<!-- This site is optimized with the Yoast SEO plugin v26.6 - https:\/\/yoast.com\/wordpress\/plugins\/seo\/ -->\r\n<title>L2N PHARMA SERINGUE DE LAVAGE NASAL 3 ANNEAUX 6 MOIS + - Paracherkaoui.ma<\/title>\r\n<meta name=\"robots\" content=\"index, follow, max-snippet:-1, max-image-preview:large, max-video-preview:-1\" \/>\r\n<link rel=\"canonical\" href=\"https:\/\/paracherkaoui.ma\/index.php\/produit\/l2n-pharma-seringue-de-lavage-nasal-3-anneaux-6-mois\/\" \/>\r\n<meta property=\"og:locale\" content=\"fr_FR\" \/>\r\n<meta property=\"og:type\" content=\"article\" \/>\r\n<meta property=\"og:title\" content=\"L2N PHARMA SERINGUE DE LAVAGE NASAL 3 ANNEAUX 6 MOIS + - Paracherkaoui.ma\" \/>\r\n<meta property=\"og:description\" content=\"Dot\u00e9e de trois anneaux ergonomiques, elle assure une prise en main optimale, permettant un dosage pr\u00e9cis et une administration contr\u00f4l\u00e9e.\" \/>\r\n<meta property=\"og:url\" content=\"https:\/\/paracherkaoui.ma\/index.php\/produit\/l2n-pharma-seringue-de-lavage-nasal-3-anneaux-6-mois\/\" \/>\r\n<meta property=\"og:site_name\" content=\"Paracherkaoui.ma\" \/>\r\n<meta property=\"article:modified_time\" content=\"2025-12-12T16:50:28+00:00\" \/>\r\n<meta property=\"og:image\" content=\"https:\/\/paracherkaoui.ma\/wp-content\/uploads\/2025\/12\/l2n-pharma-l2n-pharma-seringue-de-lavage-nasal-3-anneaux-6-mois-hygiene-bebe.jpg\" \/>\r\n\t<meta property=\"og:image:width\" content=\"700\" \/>\r\n\t<meta property=\"og:image:height\" content=\"700\" \/>\r\n\t<meta property=\"og:image:type\" content=\"image\/jpeg\" \/>\r\n<meta name=\"twitter:card\" content=\"summary_large_image\" \/>\r\n<meta name=\"twitter:label1\" content=\"Dur\u00e9e de lecture estim\u00e9e\" \/>\n\t<meta name=\"twitter:data1\" content=\"1 minute\" \/>\r\n<script type=\"application\/ld+json\" class=\"yoast-schema-graph\">{\"@context\":\"https:\/\/schema.org\",\"@graph\":[{\"@type\":\"WebPage\",\"@id\":\"https:\/\/paracherkaoui.ma\/index.php\/produit\/l2n-pharma-seringue-de-lavage-nasal-3-anneaux-6-mois\/\",\"url\":\"https:\/\/paracherkaoui.ma\/index.php\/produit\/l2n-pharma-seringue-de-lavage-nasal-3-anneaux-6-mois\/\",\"name\":\"L2N PHARMA SERINGUE DE LAVAGE NASAL 3 ANNEAUX 6 MOIS + - Paracherkaoui.ma\",\"isPartOf\":{\"@id\":\"https:\/\/paracherkaoui.ma\/#website\"},\"primaryImageOfPage\":{\"@id\":\"https:\/\/paracherkaoui.ma\/index.php\/produit\/l2n-pharma-seringue-de-lavage-nasal-3-anneaux-6-mois\/#primaryimage\"},\"image\":{\"@id\":\"https:\/\/paracherkaoui.ma\/index.php\/produit\/l2n-pharma-seringue-de-lavage-nasal-3-anneaux-6-mois\/#primaryimage\"},\"thumbnailUrl\":\"https:\/\/paracherkaoui.ma\/wp-content\/uploads\/2025\/12\/l2n-pharma-l2n-pharma-seringue-de-lavage-nasal-3-anneaux-6-mois-hygiene-bebe.jpg\",\"datePublished\":\"2025-12-12T16:50:23+00:00\",\"dateModified\":\"2025-12-12T16:50:28+00:00\",\"breadcrumb\":{\"@id\":\"https:\/\/paracherkaoui.ma\/index.php\/produit\/l2n-pharma-seringue-de-lavage-nasal-3-anneaux-6-mois\/#breadcrumb\"},\"inLanguage\":\"fr-FR\",\"potentialAction\":[{\"@type\":\"ReadAction\",\"target\":[\"https:\/\/paracherkaoui.ma\/index.php\/produit\/l2n-pharma-seringue-de-lavage-nasal-3-anneaux-6-mois\/\"]}]},{\"@type\":\"ImageObject\",\"inLanguage\":\"fr-FR\",\"@id\":\"https:\/\/paracherkaoui.ma\/index.php\/produit\/l2n-pharma-seringue-de-lavage-nasal-3-anneaux-6-mois\/#primaryimage\",\"url\":\"https:\/\/paracherkaoui.ma\/wp-content\/uploads\/2025\/12\/l2n-pharma-l2n-pharma-seringue-de-lavage-nasal-3-anneaux-6-mois-hygiene-bebe.jpg\",\"contentUrl\":\"https:\/\/paracherkaoui.ma\/wp-content\/uploads\/2025\/12\/l2n-pharma-l2n-pharma-seringue-de-lavage-nasal-3-anneaux-6-mois-hygiene-bebe.jpg\",\"width\":700,\"height\":700},{\"@type\":\"BreadcrumbList\",\"@id\":\"https:\/\/paracherkaoui.ma\/index.php\/produit\/l2n-pharma-seringue-de-lavage-nasal-3-anneaux-6-mois\/#breadcrumb\",\"itemListElement\":[{\"@type\":\"ListItem\",\"position\":1,\"name\":\"Accueil\",\"item\":\"https:\/\/paracherkaoui.ma\/\"},{\"@type\":\"ListItem\",\"position\":2,\"name\":\"Boutique\",\"item\":\"https:\/\/paracherkaoui.ma\/index.php\/boutique\/\"},{\"@type\":\"ListItem\",\"position\":3,\"name\":\"L2N PHARMA SERINGUE DE LAVAGE NASAL 3 ANNEAUX 6 MOIS +\"}]},{\"@type\":\"WebSite\",\"@id\":\"https:\/\/paracherkaoui.ma\/#website\",\"url\":\"https:\/\/paracherkaoui.ma\/\",\"name\":\"Paracherkaoui.ma\",\"description\":\"Achetez en ligne sur Paracherkaoui.ma\",\"potentialAction\":[{\"@type\":\"SearchAction\",\"target\":{\"@type\":\"EntryPoint\",\"urlTemplate\":\"https:\/\/paracherkaoui.ma\/?s={search_term_string}\"},\"query-input\":{\"@type\":\"PropertyValueSpecification\",\"valueRequired\":true,\"valueName\":\"search_term_string\"}}],\"inLanguage\":\"fr-FR\"}]}<\/script>\r\n<!-- \/ Yoast SEO plugin. -->","yoast_head_json":{"title":"L2N PHARMA SERINGUE DE LAVAGE NASAL 3 ANNEAUX 6 MOIS + - Paracherkaoui.ma","robots":{"index":"index","follow":"follow","max-snippet":"max-snippet:-1","max-image-preview":"max-image-preview:large","max-video-preview":"max-video-preview:-1"},"canonical":"https:\/\/paracherkaoui.ma\/index.php\/produit\/l2n-pharma-seringue-de-lavage-nasal-3-anneaux-6-mois\/","og_locale":"fr_FR","og_type":"article","og_title":"L2N PHARMA SERINGUE DE LAVAGE NASAL 3 ANNEAUX 6 MOIS + - Paracherkaoui.ma","og_description":"Dot\u00e9e de trois anneaux ergonomiques, elle assure une prise en main optimale, permettant un dosage pr\u00e9cis et une administration contr\u00f4l\u00e9e.","og_url":"https:\/\/paracherkaoui.ma\/index.php\/produit\/l2n-pharma-seringue-de-lavage-nasal-3-anneaux-6-mois\/","og_site_name":"Paracherkaoui.ma","article_modified_time":"2025-12-12T16:50:28+00:00","og_image":[{"width":700,"height":700,"url":"https:\/\/paracherkaoui.ma\/wp-content\/uploads\/2025\/12\/l2n-pharma-l2n-pharma-seringue-de-lavage-nasal-3-anneaux-6-mois-hygiene-bebe.jpg","type":"image\/jpeg"}],"twitter_card":"summary_large_image","twitter_misc":{"Dur\u00e9e de lecture estim\u00e9e":"1 minute"},"schema":{"@context":"https:\/\/schema.org","@graph":[{"@type":"WebPage","@id":"https:\/\/paracherkaoui.ma\/index.php\/produit\/l2n-pharma-seringue-de-lavage-nasal-3-anneaux-6-mois\/","url":"https:\/\/paracherkaoui.ma\/index.php\/produit\/l2n-pharma-seringue-de-lavage-nasal-3-anneaux-6-mois\/","name":"L2N PHARMA SERINGUE DE LAVAGE NASAL 3 ANNEAUX 6 MOIS + - Paracherkaoui.ma","isPartOf":{"@id":"https:\/\/paracherkaoui.ma\/#website"},"primaryImageOfPage":{"@id":"https:\/\/paracherkaoui.ma\/index.php\/produit\/l2n-pharma-seringue-de-lavage-nasal-3-anneaux-6-mois\/#primaryimage"},"image":{"@id":"https:\/\/paracherkaoui.ma\/index.php\/produit\/l2n-pharma-seringue-de-lavage-nasal-3-anneaux-6-mois\/#primaryimage"},"thumbnailUrl":"https:\/\/paracherkaoui.ma\/wp-content\/uploads\/2025\/12\/l2n-pharma-l2n-pharma-seringue-de-lavage-nasal-3-anneaux-6-mois-hygiene-bebe.jpg","datePublished":"2025-12-12T16:50:23+00:00","dateModified":"2025-12-12T16:50:28+00:00","breadcrumb":{"@id":"https:\/\/paracherkaoui.ma\/index.php\/produit\/l2n-pharma-seringue-de-lavage-nasal-3-anneaux-6-mois\/#breadcrumb"},"inLanguage":"fr-FR","potentialAction":[{"@type":"ReadAction","target":["https:\/\/paracherkaoui.ma\/index.php\/produit\/l2n-pharma-seringue-de-lavage-nasal-3-anneaux-6-mois\/"]}]},{"@type":"ImageObject","inLanguage":"fr-FR","@id":"https:\/\/paracherkaoui.ma\/index.php\/produit\/l2n-pharma-seringue-de-lavage-nasal-3-anneaux-6-mois\/#primaryimage","url":"https:\/\/paracherkaoui.ma\/wp-content\/uploads\/2025\/12\/l2n-pharma-l2n-pharma-seringue-de-lavage-nasal-3-anneaux-6-mois-hygiene-bebe.jpg","contentUrl":"https:\/\/paracherkaoui.ma\/wp-content\/uploads\/2025\/12\/l2n-pharma-l2n-pharma-seringue-de-lavage-nasal-3-anneaux-6-mois-hygiene-bebe.jpg","width":700,"height":700},{"@type":"BreadcrumbList","@id":"https:\/\/paracherkaoui.ma\/index.php\/produit\/l2n-pharma-seringue-de-lavage-nasal-3-anneaux-6-mois\/#breadcrumb","itemListElement":[{"@type":"ListItem","position":1,"name":"Accueil","item":"https:\/\/paracherkaoui.ma\/"},{"@type":"ListItem","position":2,"name":"Boutique","item":"https:\/\/paracherkaoui.ma\/index.php\/boutique\/"},{"@type":"ListItem","position":3,"name":"L2N PHARMA SERINGUE DE LAVAGE NASAL 3 ANNEAUX 6 MOIS +"}]},{"@type":"WebSite","@id":"https:\/\/paracherkaoui.ma\/#website","url":"https:\/\/paracherkaoui.ma\/","name":"Paracherkaoui.ma","description":"Achetez en ligne sur Paracherkaoui.ma","potentialAction":[{"@type":"SearchAction","target":{"@type":"EntryPoint","urlTemplate":"https:\/\/paracherkaoui.ma\/?s={search_term_string}"},"query-input":{"@type":"PropertyValueSpecification","valueRequired":true,"valueName":"search_term_string"}}],"inLanguage":"fr-FR"}]}},"_links":{"self":[{"href":"https:\/\/paracherkaoui.ma\/index.php\/wp-json\/wp\/v2\/product\/14465","targetHints":{"allow":["GET"]}}],"collection":[{"href":"https:\/\/paracherkaoui.ma\/index.php\/wp-json\/wp\/v2\/product"}],"about":[{"href":"https:\/\/paracherkaoui.ma\/index.php\/wp-json\/wp\/v2\/types\/product"}],"replies":[{"embeddable":true,"href":"https:\/\/paracherkaoui.ma\/index.php\/wp-json\/wp\/v2\/comments?post=14465"}],"version-history":[{"count":1,"href":"https:\/\/paracherkaoui.ma\/index.php\/wp-json\/wp\/v2\/product\/14465\/revisions"}],"predecessor-version":[{"id":14541,"href":"https:\/\/paracherkaoui.ma\/index.php\/wp-json\/wp\/v2\/product\/14465\/revisions\/14541"}],"wp:featuredmedia":[{"embeddable":true,"href":"https:\/\/paracherkaoui.ma\/index.php\/wp-json\/wp\/v2\/media\/14540"}],"wp:attachment":[{"href":"https:\/\/paracherkaoui.ma\/index.php\/wp-json\/wp\/v2\/media?parent=14465"}],"wp:term":[{"taxonomy":"product_brand","embeddable":true,"href":"https:\/\/paracherkaoui.ma\/index.php\/wp-json\/wp\/v2\/product_brand?post=14465"},{"taxonomy":"product_cat","embeddable":true,"href":"https:\/\/paracherkaoui.ma\/index.php\/wp-json\/wp\/v2\/product_cat?post=14465"},{"taxonomy":"product_tag","embeddable":true,"href":"https:\/\/paracherkaoui.ma\/index.php\/wp-json\/wp\/v2\/product_tag?post=14465"}],"curies":[{"name":"wp","href":"https:\/\/api.w.org\/{rel}","templated":true}]}}