{"id":14460,"date":"2025-12-12T17:50:23","date_gmt":"2025-12-12T16:50:23","guid":{"rendered":"https:\/\/test.ecbeaute.com\/?post_type=product&#038;p=14460"},"modified":"2025-12-12T17:50:26","modified_gmt":"2025-12-12T16:50:26","slug":"marie-rose-lotion-extra-forte-anti-poux-et-lentes-100-ml","status":"publish","type":"product","link":"https:\/\/paracherkaoui.ma\/index.php\/produit\/marie-rose-lotion-extra-forte-anti-poux-et-lentes-100-ml\/","title":{"rendered":"MARIE ROSE LOTION EXTRA FORTE ANTI POUX ET LENTES 100 ML"},"content":{"rendered":"<p>La Lotion Extra Forte Anti-Poux et Lentes Marie Rose est la solution id\u00e9ale pour \u00e9liminer efficacement les poux et les lentes de toute la famille. Chaque femelle pou peut pondre jusqu&rsquo;\u00e0 10 lentes par jour, et en seulement 7 jours, une lente devient un pou, ce qui peut entra\u00eener une infestation rapide. Gr\u00e2ce \u00e0 sa formule sans insecticide chimique, cette lotion agit m\u00e9caniquement pour \u00e9liminer les parasites tout en respectant le cuir chevelu.<br \/>\nCe traitement est \u00e0 base d&rsquo;actifs naturels et a \u00e9t\u00e9 test\u00e9 scientifiquement pour garantir une efficacit\u00e9 prouv\u00e9e en une seule application. En effet, il suffit de l&rsquo;appliquer pendant quelques minutes pour \u00e9radiquer poux et lentes. Un autre avantage majeur de cette lotion est son parfum doux d&rsquo;abricot, qui laisse une agr\u00e9able odeur apr\u00e8s chaque utilisation, contrairement \u00e0 d&rsquo;autres produits anti-poux souvent agressifs.<br \/>\nCette lotion convient \u00e0 toute la famille, y compris les enfants d\u00e8s 3 ans, et s&rsquo;av\u00e8re parfaite pour traiter toute la maison en une seule application, r\u00e9duisant ainsi le risque de r\u00e9infestation. De plus, elle est fournie avec un peigne sp\u00e9cialement con\u00e7u pour faciliter le retrait des lentes apr\u00e8s le traitement.<br \/>\nFacile \u00e0 utiliser et sans produits chimiques agressifs, la Lotion Extra Forte Marie Rose vous garantit une solution s\u00fbre, naturelle et rapide contre les poux. Optez pour une lotion anti-poux reconnue pour son efficacit\u00e9, test\u00e9e en France, et dites adieu aux poux en un rien de temps.<br \/>\nConseils d&rsquo;utilisation :<br \/>\nAppliquez la lotion sur cheveux secs en insistant bien sur le cuir chevelu.<br \/>\nLaissez poser 15 \u00e0 30 minutes.<br \/>\nPassez le peigne fourni pour retirer poux et lentes.<br \/>\nRincez abondamment \u00e0 l\u2019eau ti\u00e8de.<br \/>\nR\u00e9p\u00e9tez le traitement 7 jours apr\u00e8s si n\u00e9cessaire.<\/p>\n","protected":false},"excerpt":{"rendered":"<p>La Lotion Extra Forte Anti-Poux et Lentes Marie Rose est la solution id\u00e9ale pour \u00e9liminer efficacement les poux et les<\/p>\n","protected":false},"featured_media":14531,"comment_status":"open","ping_status":"closed","template":"","meta":[],"product_brand":[199],"product_cat":[197],"product_tag":[],"class_list":{"0":"post-14460","1":"product","2":"type-product","3":"status-publish","4":"has-post-thumbnail","6":"product_brand-marie-rose","7":"product_cat-anti-poux","9":"first","10":"instock","11":"sale","12":"shipping-taxable","13":"purchasable","14":"product-type-simple"},"yoast_head":"<!-- This site is optimized with the Yoast SEO plugin v26.6 - https:\/\/yoast.com\/wordpress\/plugins\/seo\/ -->\r\n<title>MARIE ROSE LOTION EXTRA FORTE ANTI POUX ET LENTES 100 ML - Paracherkaoui.ma<\/title>\r\n<meta name=\"robots\" content=\"index, follow, max-snippet:-1, max-image-preview:large, max-video-preview:-1\" \/>\r\n<link rel=\"canonical\" href=\"https:\/\/paracherkaoui.ma\/index.php\/produit\/marie-rose-lotion-extra-forte-anti-poux-et-lentes-100-ml\/\" \/>\r\n<meta property=\"og:locale\" content=\"fr_FR\" \/>\r\n<meta property=\"og:type\" content=\"article\" \/>\r\n<meta property=\"og:title\" content=\"MARIE ROSE LOTION EXTRA FORTE ANTI POUX ET LENTES 100 ML - Paracherkaoui.ma\" \/>\r\n<meta property=\"og:description\" content=\"La Lotion Extra Forte Anti-Poux et Lentes Marie Rose est la solution id\u00e9ale pour \u00e9liminer efficacement les poux et les\" \/>\r\n<meta property=\"og:url\" content=\"https:\/\/paracherkaoui.ma\/index.php\/produit\/marie-rose-lotion-extra-forte-anti-poux-et-lentes-100-ml\/\" \/>\r\n<meta property=\"og:site_name\" content=\"Paracherkaoui.ma\" \/>\r\n<meta property=\"article:modified_time\" content=\"2025-12-12T16:50:26+00:00\" \/>\r\n<meta property=\"og:image\" content=\"https:\/\/paracherkaoui.ma\/wp-content\/uploads\/2025\/12\/marie-rose-marie-rose-lotion-extra-forte-anti-poux-et-lentes-100-ml-anti-poux.jpg\" \/>\r\n\t<meta property=\"og:image:width\" content=\"700\" \/>\r\n\t<meta property=\"og:image:height\" content=\"700\" \/>\r\n\t<meta property=\"og:image:type\" content=\"image\/jpeg\" \/>\r\n<meta name=\"twitter:card\" content=\"summary_large_image\" \/>\r\n<meta name=\"twitter:label1\" content=\"Dur\u00e9e de lecture estim\u00e9e\" \/>\n\t<meta name=\"twitter:data1\" content=\"1 minute\" \/>\r\n<script type=\"application\/ld+json\" class=\"yoast-schema-graph\">{\"@context\":\"https:\/\/schema.org\",\"@graph\":[{\"@type\":\"WebPage\",\"@id\":\"https:\/\/paracherkaoui.ma\/index.php\/produit\/marie-rose-lotion-extra-forte-anti-poux-et-lentes-100-ml\/\",\"url\":\"https:\/\/paracherkaoui.ma\/index.php\/produit\/marie-rose-lotion-extra-forte-anti-poux-et-lentes-100-ml\/\",\"name\":\"MARIE ROSE LOTION EXTRA FORTE ANTI POUX ET LENTES 100 ML - Paracherkaoui.ma\",\"isPartOf\":{\"@id\":\"https:\/\/paracherkaoui.ma\/#website\"},\"primaryImageOfPage\":{\"@id\":\"https:\/\/paracherkaoui.ma\/index.php\/produit\/marie-rose-lotion-extra-forte-anti-poux-et-lentes-100-ml\/#primaryimage\"},\"image\":{\"@id\":\"https:\/\/paracherkaoui.ma\/index.php\/produit\/marie-rose-lotion-extra-forte-anti-poux-et-lentes-100-ml\/#primaryimage\"},\"thumbnailUrl\":\"https:\/\/paracherkaoui.ma\/wp-content\/uploads\/2025\/12\/marie-rose-marie-rose-lotion-extra-forte-anti-poux-et-lentes-100-ml-anti-poux.jpg\",\"datePublished\":\"2025-12-12T16:50:23+00:00\",\"dateModified\":\"2025-12-12T16:50:26+00:00\",\"breadcrumb\":{\"@id\":\"https:\/\/paracherkaoui.ma\/index.php\/produit\/marie-rose-lotion-extra-forte-anti-poux-et-lentes-100-ml\/#breadcrumb\"},\"inLanguage\":\"fr-FR\",\"potentialAction\":[{\"@type\":\"ReadAction\",\"target\":[\"https:\/\/paracherkaoui.ma\/index.php\/produit\/marie-rose-lotion-extra-forte-anti-poux-et-lentes-100-ml\/\"]}]},{\"@type\":\"ImageObject\",\"inLanguage\":\"fr-FR\",\"@id\":\"https:\/\/paracherkaoui.ma\/index.php\/produit\/marie-rose-lotion-extra-forte-anti-poux-et-lentes-100-ml\/#primaryimage\",\"url\":\"https:\/\/paracherkaoui.ma\/wp-content\/uploads\/2025\/12\/marie-rose-marie-rose-lotion-extra-forte-anti-poux-et-lentes-100-ml-anti-poux.jpg\",\"contentUrl\":\"https:\/\/paracherkaoui.ma\/wp-content\/uploads\/2025\/12\/marie-rose-marie-rose-lotion-extra-forte-anti-poux-et-lentes-100-ml-anti-poux.jpg\",\"width\":700,\"height\":700},{\"@type\":\"BreadcrumbList\",\"@id\":\"https:\/\/paracherkaoui.ma\/index.php\/produit\/marie-rose-lotion-extra-forte-anti-poux-et-lentes-100-ml\/#breadcrumb\",\"itemListElement\":[{\"@type\":\"ListItem\",\"position\":1,\"name\":\"Accueil\",\"item\":\"https:\/\/paracherkaoui.ma\/\"},{\"@type\":\"ListItem\",\"position\":2,\"name\":\"Boutique\",\"item\":\"https:\/\/paracherkaoui.ma\/index.php\/boutique\/\"},{\"@type\":\"ListItem\",\"position\":3,\"name\":\"MARIE ROSE LOTION EXTRA FORTE ANTI POUX ET LENTES 100 ML\"}]},{\"@type\":\"WebSite\",\"@id\":\"https:\/\/paracherkaoui.ma\/#website\",\"url\":\"https:\/\/paracherkaoui.ma\/\",\"name\":\"Paracherkaoui.ma\",\"description\":\"Achetez en ligne sur Paracherkaoui.ma\",\"potentialAction\":[{\"@type\":\"SearchAction\",\"target\":{\"@type\":\"EntryPoint\",\"urlTemplate\":\"https:\/\/paracherkaoui.ma\/?s={search_term_string}\"},\"query-input\":{\"@type\":\"PropertyValueSpecification\",\"valueRequired\":true,\"valueName\":\"search_term_string\"}}],\"inLanguage\":\"fr-FR\"}]}<\/script>\r\n<!-- \/ Yoast SEO plugin. -->","yoast_head_json":{"title":"MARIE ROSE LOTION EXTRA FORTE ANTI POUX ET LENTES 100 ML - Paracherkaoui.ma","robots":{"index":"index","follow":"follow","max-snippet":"max-snippet:-1","max-image-preview":"max-image-preview:large","max-video-preview":"max-video-preview:-1"},"canonical":"https:\/\/paracherkaoui.ma\/index.php\/produit\/marie-rose-lotion-extra-forte-anti-poux-et-lentes-100-ml\/","og_locale":"fr_FR","og_type":"article","og_title":"MARIE ROSE LOTION EXTRA FORTE ANTI POUX ET LENTES 100 ML - Paracherkaoui.ma","og_description":"La Lotion Extra Forte Anti-Poux et Lentes Marie Rose est la solution id\u00e9ale pour \u00e9liminer efficacement les poux et les","og_url":"https:\/\/paracherkaoui.ma\/index.php\/produit\/marie-rose-lotion-extra-forte-anti-poux-et-lentes-100-ml\/","og_site_name":"Paracherkaoui.ma","article_modified_time":"2025-12-12T16:50:26+00:00","og_image":[{"width":700,"height":700,"url":"https:\/\/paracherkaoui.ma\/wp-content\/uploads\/2025\/12\/marie-rose-marie-rose-lotion-extra-forte-anti-poux-et-lentes-100-ml-anti-poux.jpg","type":"image\/jpeg"}],"twitter_card":"summary_large_image","twitter_misc":{"Dur\u00e9e de lecture estim\u00e9e":"1 minute"},"schema":{"@context":"https:\/\/schema.org","@graph":[{"@type":"WebPage","@id":"https:\/\/paracherkaoui.ma\/index.php\/produit\/marie-rose-lotion-extra-forte-anti-poux-et-lentes-100-ml\/","url":"https:\/\/paracherkaoui.ma\/index.php\/produit\/marie-rose-lotion-extra-forte-anti-poux-et-lentes-100-ml\/","name":"MARIE ROSE LOTION EXTRA FORTE ANTI POUX ET LENTES 100 ML - Paracherkaoui.ma","isPartOf":{"@id":"https:\/\/paracherkaoui.ma\/#website"},"primaryImageOfPage":{"@id":"https:\/\/paracherkaoui.ma\/index.php\/produit\/marie-rose-lotion-extra-forte-anti-poux-et-lentes-100-ml\/#primaryimage"},"image":{"@id":"https:\/\/paracherkaoui.ma\/index.php\/produit\/marie-rose-lotion-extra-forte-anti-poux-et-lentes-100-ml\/#primaryimage"},"thumbnailUrl":"https:\/\/paracherkaoui.ma\/wp-content\/uploads\/2025\/12\/marie-rose-marie-rose-lotion-extra-forte-anti-poux-et-lentes-100-ml-anti-poux.jpg","datePublished":"2025-12-12T16:50:23+00:00","dateModified":"2025-12-12T16:50:26+00:00","breadcrumb":{"@id":"https:\/\/paracherkaoui.ma\/index.php\/produit\/marie-rose-lotion-extra-forte-anti-poux-et-lentes-100-ml\/#breadcrumb"},"inLanguage":"fr-FR","potentialAction":[{"@type":"ReadAction","target":["https:\/\/paracherkaoui.ma\/index.php\/produit\/marie-rose-lotion-extra-forte-anti-poux-et-lentes-100-ml\/"]}]},{"@type":"ImageObject","inLanguage":"fr-FR","@id":"https:\/\/paracherkaoui.ma\/index.php\/produit\/marie-rose-lotion-extra-forte-anti-poux-et-lentes-100-ml\/#primaryimage","url":"https:\/\/paracherkaoui.ma\/wp-content\/uploads\/2025\/12\/marie-rose-marie-rose-lotion-extra-forte-anti-poux-et-lentes-100-ml-anti-poux.jpg","contentUrl":"https:\/\/paracherkaoui.ma\/wp-content\/uploads\/2025\/12\/marie-rose-marie-rose-lotion-extra-forte-anti-poux-et-lentes-100-ml-anti-poux.jpg","width":700,"height":700},{"@type":"BreadcrumbList","@id":"https:\/\/paracherkaoui.ma\/index.php\/produit\/marie-rose-lotion-extra-forte-anti-poux-et-lentes-100-ml\/#breadcrumb","itemListElement":[{"@type":"ListItem","position":1,"name":"Accueil","item":"https:\/\/paracherkaoui.ma\/"},{"@type":"ListItem","position":2,"name":"Boutique","item":"https:\/\/paracherkaoui.ma\/index.php\/boutique\/"},{"@type":"ListItem","position":3,"name":"MARIE ROSE LOTION EXTRA FORTE ANTI POUX ET LENTES 100 ML"}]},{"@type":"WebSite","@id":"https:\/\/paracherkaoui.ma\/#website","url":"https:\/\/paracherkaoui.ma\/","name":"Paracherkaoui.ma","description":"Achetez en ligne sur Paracherkaoui.ma","potentialAction":[{"@type":"SearchAction","target":{"@type":"EntryPoint","urlTemplate":"https:\/\/paracherkaoui.ma\/?s={search_term_string}"},"query-input":{"@type":"PropertyValueSpecification","valueRequired":true,"valueName":"search_term_string"}}],"inLanguage":"fr-FR"}]}},"_links":{"self":[{"href":"https:\/\/paracherkaoui.ma\/index.php\/wp-json\/wp\/v2\/product\/14460","targetHints":{"allow":["GET"]}}],"collection":[{"href":"https:\/\/paracherkaoui.ma\/index.php\/wp-json\/wp\/v2\/product"}],"about":[{"href":"https:\/\/paracherkaoui.ma\/index.php\/wp-json\/wp\/v2\/types\/product"}],"replies":[{"embeddable":true,"href":"https:\/\/paracherkaoui.ma\/index.php\/wp-json\/wp\/v2\/comments?post=14460"}],"version-history":[{"count":1,"href":"https:\/\/paracherkaoui.ma\/index.php\/wp-json\/wp\/v2\/product\/14460\/revisions"}],"predecessor-version":[{"id":14533,"href":"https:\/\/paracherkaoui.ma\/index.php\/wp-json\/wp\/v2\/product\/14460\/revisions\/14533"}],"wp:featuredmedia":[{"embeddable":true,"href":"https:\/\/paracherkaoui.ma\/index.php\/wp-json\/wp\/v2\/media\/14531"}],"wp:attachment":[{"href":"https:\/\/paracherkaoui.ma\/index.php\/wp-json\/wp\/v2\/media?parent=14460"}],"wp:term":[{"taxonomy":"product_brand","embeddable":true,"href":"https:\/\/paracherkaoui.ma\/index.php\/wp-json\/wp\/v2\/product_brand?post=14460"},{"taxonomy":"product_cat","embeddable":true,"href":"https:\/\/paracherkaoui.ma\/index.php\/wp-json\/wp\/v2\/product_cat?post=14460"},{"taxonomy":"product_tag","embeddable":true,"href":"https:\/\/paracherkaoui.ma\/index.php\/wp-json\/wp\/v2\/product_tag?post=14460"}],"curies":[{"name":"wp","href":"https:\/\/api.w.org\/{rel}","templated":true}]}}