{"id":14456,"date":"2025-12-12T17:50:22","date_gmt":"2025-12-12T16:50:22","guid":{"rendered":"https:\/\/test.ecbeaute.com\/?post_type=product&#038;p=14456"},"modified":"2025-12-12T17:50:26","modified_gmt":"2025-12-12T16:50:26","slug":"eucerin-urea-repair-plus-mousse-pieds-10-duree-48h-2","status":"publish","type":"product","link":"https:\/\/paracherkaoui.ma\/index.php\/produit\/eucerin-urea-repair-plus-mousse-pieds-10-duree-48h-2\/","title":{"rendered":"EUCERIN UREA REPAIR PLUS MOUSSE PIEDS 10% D&rsquo;UREE 48H"},"content":{"rendered":"<p>Eucerin Urea Repair PLUS Mousse pour les pieds \u00e0 10 % d\u2019 ur\u00e9e traite la peau rugueuse et s\u00e8che des pieds avec une hydratation intense pour un soulagement imm\u00e9diat. Ce produit de soin des pieds combine des ingr\u00e9dients cl\u00e9s pour traiter puissamment la peau s\u00e8che avec une solution cibl\u00e9e. L\u2019ur\u00e9e reste l\u2019\u00e9talon-or dans le traitement de la peau s\u00e8che . Des ingr\u00e9dients classiques tels que le NMF hydratent la peau en profondeur tout enLes c\u00e9ramides renforcent la barri\u00e8re cutan\u00e9e et pr\u00e9viennent la d\u00e9shydratation. Ceux-ci agissent aux c\u00f4t\u00e9s du Dexpanth\u00e9nol et du D\u00e9candiol , deux ingr\u00e9dients actifs qui figurent en bonne place dans les soins des pieds en raison de leur capacit\u00e9 \u00e0 r\u00e9g\u00e9n\u00e9rer rapidement la peau et \u00e0 r\u00e9duire les micro-organismes responsables des infections fongiques. Comme r\u00e9sultat prouv\u00e9, la nouvelle mousse pour les pieds augmente la r\u00e9silience des pieds sensibles aux champignons. Conseils d&rsquo;utilisation: Bien agiter avant de servir<\/p>\n","protected":false},"excerpt":{"rendered":"<p>Eucerin Urea Repair PLUS Mousse pour les pieds \u00e0 10 % d\u2019 ur\u00e9e traite la peau rugueuse et s\u00e8che des<\/p>\n","protected":false},"featured_media":11564,"comment_status":"open","ping_status":"closed","template":"","meta":[],"product_brand":[134],"product_cat":[180],"product_tag":[],"class_list":{"0":"post-14456","1":"product","2":"type-product","3":"status-publish","4":"has-post-thumbnail","6":"product_brand-eucerin","7":"product_cat-mains-et-pieds","9":"first","10":"instock","11":"sale","12":"shipping-taxable","13":"purchasable","14":"product-type-simple"},"yoast_head":"<!-- This site is optimized with the Yoast SEO plugin v26.6 - https:\/\/yoast.com\/wordpress\/plugins\/seo\/ -->\r\n<title>EUCERIN UREA REPAIR PLUS MOUSSE PIEDS 10% D&#039;UREE 48H - Paracherkaoui.ma<\/title>\r\n<meta name=\"robots\" content=\"index, follow, max-snippet:-1, max-image-preview:large, max-video-preview:-1\" \/>\r\n<link rel=\"canonical\" href=\"https:\/\/paracherkaoui.ma\/index.php\/produit\/eucerin-urea-repair-plus-mousse-pieds-10-duree-48h-2\/\" \/>\r\n<meta property=\"og:locale\" content=\"fr_FR\" \/>\r\n<meta property=\"og:type\" content=\"article\" \/>\r\n<meta property=\"og:title\" content=\"EUCERIN UREA REPAIR PLUS MOUSSE PIEDS 10% D&#039;UREE 48H - Paracherkaoui.ma\" \/>\r\n<meta property=\"og:description\" content=\"Eucerin Urea Repair PLUS Mousse pour les pieds \u00e0 10 % d\u2019 ur\u00e9e traite la peau rugueuse et s\u00e8che des\" \/>\r\n<meta property=\"og:url\" content=\"https:\/\/paracherkaoui.ma\/index.php\/produit\/eucerin-urea-repair-plus-mousse-pieds-10-duree-48h-2\/\" \/>\r\n<meta property=\"og:site_name\" content=\"Paracherkaoui.ma\" \/>\r\n<meta property=\"article:modified_time\" content=\"2025-12-12T16:50:26+00:00\" \/>\r\n<meta property=\"og:image\" content=\"https:\/\/paracherkaoui.ma\/wp-content\/uploads\/2025\/12\/eucerin-eucerin-urea-repair-plus-mousse-pieds-10-duree-48h-accueil.jpg\" \/>\r\n\t<meta property=\"og:image:width\" content=\"700\" \/>\r\n\t<meta property=\"og:image:height\" content=\"700\" \/>\r\n\t<meta property=\"og:image:type\" content=\"image\/jpeg\" \/>\r\n<meta name=\"twitter:card\" content=\"summary_large_image\" \/>\r\n<meta name=\"twitter:label1\" content=\"Dur\u00e9e de lecture estim\u00e9e\" \/>\n\t<meta name=\"twitter:data1\" content=\"1 minute\" \/>\r\n<script type=\"application\/ld+json\" class=\"yoast-schema-graph\">{\"@context\":\"https:\/\/schema.org\",\"@graph\":[{\"@type\":\"WebPage\",\"@id\":\"https:\/\/paracherkaoui.ma\/index.php\/produit\/eucerin-urea-repair-plus-mousse-pieds-10-duree-48h-2\/\",\"url\":\"https:\/\/paracherkaoui.ma\/index.php\/produit\/eucerin-urea-repair-plus-mousse-pieds-10-duree-48h-2\/\",\"name\":\"EUCERIN UREA REPAIR PLUS MOUSSE PIEDS 10% D'UREE 48H - Paracherkaoui.ma\",\"isPartOf\":{\"@id\":\"https:\/\/paracherkaoui.ma\/#website\"},\"primaryImageOfPage\":{\"@id\":\"https:\/\/paracherkaoui.ma\/index.php\/produit\/eucerin-urea-repair-plus-mousse-pieds-10-duree-48h-2\/#primaryimage\"},\"image\":{\"@id\":\"https:\/\/paracherkaoui.ma\/index.php\/produit\/eucerin-urea-repair-plus-mousse-pieds-10-duree-48h-2\/#primaryimage\"},\"thumbnailUrl\":\"https:\/\/paracherkaoui.ma\/wp-content\/uploads\/2025\/12\/eucerin-eucerin-urea-repair-plus-mousse-pieds-10-duree-48h-accueil.jpg\",\"datePublished\":\"2025-12-12T16:50:22+00:00\",\"dateModified\":\"2025-12-12T16:50:26+00:00\",\"breadcrumb\":{\"@id\":\"https:\/\/paracherkaoui.ma\/index.php\/produit\/eucerin-urea-repair-plus-mousse-pieds-10-duree-48h-2\/#breadcrumb\"},\"inLanguage\":\"fr-FR\",\"potentialAction\":[{\"@type\":\"ReadAction\",\"target\":[\"https:\/\/paracherkaoui.ma\/index.php\/produit\/eucerin-urea-repair-plus-mousse-pieds-10-duree-48h-2\/\"]}]},{\"@type\":\"ImageObject\",\"inLanguage\":\"fr-FR\",\"@id\":\"https:\/\/paracherkaoui.ma\/index.php\/produit\/eucerin-urea-repair-plus-mousse-pieds-10-duree-48h-2\/#primaryimage\",\"url\":\"https:\/\/paracherkaoui.ma\/wp-content\/uploads\/2025\/12\/eucerin-eucerin-urea-repair-plus-mousse-pieds-10-duree-48h-accueil.jpg\",\"contentUrl\":\"https:\/\/paracherkaoui.ma\/wp-content\/uploads\/2025\/12\/eucerin-eucerin-urea-repair-plus-mousse-pieds-10-duree-48h-accueil.jpg\",\"width\":700,\"height\":700},{\"@type\":\"BreadcrumbList\",\"@id\":\"https:\/\/paracherkaoui.ma\/index.php\/produit\/eucerin-urea-repair-plus-mousse-pieds-10-duree-48h-2\/#breadcrumb\",\"itemListElement\":[{\"@type\":\"ListItem\",\"position\":1,\"name\":\"Accueil\",\"item\":\"https:\/\/paracherkaoui.ma\/\"},{\"@type\":\"ListItem\",\"position\":2,\"name\":\"Boutique\",\"item\":\"https:\/\/paracherkaoui.ma\/index.php\/boutique\/\"},{\"@type\":\"ListItem\",\"position\":3,\"name\":\"EUCERIN UREA REPAIR PLUS MOUSSE PIEDS 10% D&rsquo;UREE 48H\"}]},{\"@type\":\"WebSite\",\"@id\":\"https:\/\/paracherkaoui.ma\/#website\",\"url\":\"https:\/\/paracherkaoui.ma\/\",\"name\":\"Paracherkaoui.ma\",\"description\":\"Achetez en ligne sur Paracherkaoui.ma\",\"potentialAction\":[{\"@type\":\"SearchAction\",\"target\":{\"@type\":\"EntryPoint\",\"urlTemplate\":\"https:\/\/paracherkaoui.ma\/?s={search_term_string}\"},\"query-input\":{\"@type\":\"PropertyValueSpecification\",\"valueRequired\":true,\"valueName\":\"search_term_string\"}}],\"inLanguage\":\"fr-FR\"}]}<\/script>\r\n<!-- \/ Yoast SEO plugin. -->","yoast_head_json":{"title":"EUCERIN UREA REPAIR PLUS MOUSSE PIEDS 10% D'UREE 48H - Paracherkaoui.ma","robots":{"index":"index","follow":"follow","max-snippet":"max-snippet:-1","max-image-preview":"max-image-preview:large","max-video-preview":"max-video-preview:-1"},"canonical":"https:\/\/paracherkaoui.ma\/index.php\/produit\/eucerin-urea-repair-plus-mousse-pieds-10-duree-48h-2\/","og_locale":"fr_FR","og_type":"article","og_title":"EUCERIN UREA REPAIR PLUS MOUSSE PIEDS 10% D'UREE 48H - Paracherkaoui.ma","og_description":"Eucerin Urea Repair PLUS Mousse pour les pieds \u00e0 10 % d\u2019 ur\u00e9e traite la peau rugueuse et s\u00e8che des","og_url":"https:\/\/paracherkaoui.ma\/index.php\/produit\/eucerin-urea-repair-plus-mousse-pieds-10-duree-48h-2\/","og_site_name":"Paracherkaoui.ma","article_modified_time":"2025-12-12T16:50:26+00:00","og_image":[{"width":700,"height":700,"url":"https:\/\/paracherkaoui.ma\/wp-content\/uploads\/2025\/12\/eucerin-eucerin-urea-repair-plus-mousse-pieds-10-duree-48h-accueil.jpg","type":"image\/jpeg"}],"twitter_card":"summary_large_image","twitter_misc":{"Dur\u00e9e de lecture estim\u00e9e":"1 minute"},"schema":{"@context":"https:\/\/schema.org","@graph":[{"@type":"WebPage","@id":"https:\/\/paracherkaoui.ma\/index.php\/produit\/eucerin-urea-repair-plus-mousse-pieds-10-duree-48h-2\/","url":"https:\/\/paracherkaoui.ma\/index.php\/produit\/eucerin-urea-repair-plus-mousse-pieds-10-duree-48h-2\/","name":"EUCERIN UREA REPAIR PLUS MOUSSE PIEDS 10% D'UREE 48H - Paracherkaoui.ma","isPartOf":{"@id":"https:\/\/paracherkaoui.ma\/#website"},"primaryImageOfPage":{"@id":"https:\/\/paracherkaoui.ma\/index.php\/produit\/eucerin-urea-repair-plus-mousse-pieds-10-duree-48h-2\/#primaryimage"},"image":{"@id":"https:\/\/paracherkaoui.ma\/index.php\/produit\/eucerin-urea-repair-plus-mousse-pieds-10-duree-48h-2\/#primaryimage"},"thumbnailUrl":"https:\/\/paracherkaoui.ma\/wp-content\/uploads\/2025\/12\/eucerin-eucerin-urea-repair-plus-mousse-pieds-10-duree-48h-accueil.jpg","datePublished":"2025-12-12T16:50:22+00:00","dateModified":"2025-12-12T16:50:26+00:00","breadcrumb":{"@id":"https:\/\/paracherkaoui.ma\/index.php\/produit\/eucerin-urea-repair-plus-mousse-pieds-10-duree-48h-2\/#breadcrumb"},"inLanguage":"fr-FR","potentialAction":[{"@type":"ReadAction","target":["https:\/\/paracherkaoui.ma\/index.php\/produit\/eucerin-urea-repair-plus-mousse-pieds-10-duree-48h-2\/"]}]},{"@type":"ImageObject","inLanguage":"fr-FR","@id":"https:\/\/paracherkaoui.ma\/index.php\/produit\/eucerin-urea-repair-plus-mousse-pieds-10-duree-48h-2\/#primaryimage","url":"https:\/\/paracherkaoui.ma\/wp-content\/uploads\/2025\/12\/eucerin-eucerin-urea-repair-plus-mousse-pieds-10-duree-48h-accueil.jpg","contentUrl":"https:\/\/paracherkaoui.ma\/wp-content\/uploads\/2025\/12\/eucerin-eucerin-urea-repair-plus-mousse-pieds-10-duree-48h-accueil.jpg","width":700,"height":700},{"@type":"BreadcrumbList","@id":"https:\/\/paracherkaoui.ma\/index.php\/produit\/eucerin-urea-repair-plus-mousse-pieds-10-duree-48h-2\/#breadcrumb","itemListElement":[{"@type":"ListItem","position":1,"name":"Accueil","item":"https:\/\/paracherkaoui.ma\/"},{"@type":"ListItem","position":2,"name":"Boutique","item":"https:\/\/paracherkaoui.ma\/index.php\/boutique\/"},{"@type":"ListItem","position":3,"name":"EUCERIN UREA REPAIR PLUS MOUSSE PIEDS 10% D&rsquo;UREE 48H"}]},{"@type":"WebSite","@id":"https:\/\/paracherkaoui.ma\/#website","url":"https:\/\/paracherkaoui.ma\/","name":"Paracherkaoui.ma","description":"Achetez en ligne sur Paracherkaoui.ma","potentialAction":[{"@type":"SearchAction","target":{"@type":"EntryPoint","urlTemplate":"https:\/\/paracherkaoui.ma\/?s={search_term_string}"},"query-input":{"@type":"PropertyValueSpecification","valueRequired":true,"valueName":"search_term_string"}}],"inLanguage":"fr-FR"}]}},"_links":{"self":[{"href":"https:\/\/paracherkaoui.ma\/index.php\/wp-json\/wp\/v2\/product\/14456","targetHints":{"allow":["GET"]}}],"collection":[{"href":"https:\/\/paracherkaoui.ma\/index.php\/wp-json\/wp\/v2\/product"}],"about":[{"href":"https:\/\/paracherkaoui.ma\/index.php\/wp-json\/wp\/v2\/types\/product"}],"replies":[{"embeddable":true,"href":"https:\/\/paracherkaoui.ma\/index.php\/wp-json\/wp\/v2\/comments?post=14456"}],"version-history":[{"count":1,"href":"https:\/\/paracherkaoui.ma\/index.php\/wp-json\/wp\/v2\/product\/14456\/revisions"}],"predecessor-version":[{"id":14525,"href":"https:\/\/paracherkaoui.ma\/index.php\/wp-json\/wp\/v2\/product\/14456\/revisions\/14525"}],"wp:featuredmedia":[{"embeddable":true,"href":"https:\/\/paracherkaoui.ma\/index.php\/wp-json\/wp\/v2\/media\/11564"}],"wp:attachment":[{"href":"https:\/\/paracherkaoui.ma\/index.php\/wp-json\/wp\/v2\/media?parent=14456"}],"wp:term":[{"taxonomy":"product_brand","embeddable":true,"href":"https:\/\/paracherkaoui.ma\/index.php\/wp-json\/wp\/v2\/product_brand?post=14456"},{"taxonomy":"product_cat","embeddable":true,"href":"https:\/\/paracherkaoui.ma\/index.php\/wp-json\/wp\/v2\/product_cat?post=14456"},{"taxonomy":"product_tag","embeddable":true,"href":"https:\/\/paracherkaoui.ma\/index.php\/wp-json\/wp\/v2\/product_tag?post=14456"}],"curies":[{"name":"wp","href":"https:\/\/api.w.org\/{rel}","templated":true}]}}