{"id":14454,"date":"2025-12-12T17:50:22","date_gmt":"2025-12-12T16:50:22","guid":{"rendered":"https:\/\/test.ecbeaute.com\/?post_type=product&#038;p=14454"},"modified":"2025-12-12T17:50:25","modified_gmt":"2025-12-12T16:50:25","slug":"ducray-hidrosis-control-creme-anti-transpirante-mains-et-pieds-50-ml","status":"publish","type":"product","link":"https:\/\/paracherkaoui.ma\/index.php\/produit\/ducray-hidrosis-control-creme-anti-transpirante-mains-et-pieds-50-ml\/","title":{"rendered":"DUCRAY HIDROSIS CONTROL CREME ANTI TRANSPIRANTE MAINS ET PIEDS 50 ML"},"content":{"rendered":"<p>HIDROSIS CONTROL cr\u00e8me permet de lutter efficacement et durablement contre la transpiration excessive des mains et des pieds. Enrichie d&rsquo;un complexe synergique, la cr\u00e8me permet d&rsquo;absorber l&rsquo;humidit\u00e9 de capter les odeurs provoqu\u00e9es par la d\u00e9gradation de la sueur par les bact\u00e9ries d&rsquo;assainir en limitant la prolif\u00e9ration bact\u00e9rienne \u00e0 la surface de la peau. L&rsquo;efficacit\u00e9 anti-transpirante durable d&rsquo;HIDROSIS CONTROL cr\u00e8me vous prot\u00e8ge tout au long de la journ\u00e9e dans toutes les situations. Sa texture cr\u00e9meuse non collante et invisble permet une utilisation facile sur les zones palmaires et plantaires. Sa formule sans alcool, sans parfum est parfaitement adapt\u00e9e aux peaux les plus sensibles et \u00e9vite les irritations. Son format pratique lui permet d&rsquo;\u00eatre emport\u00e9 partout. Conseils d&rsquo;utilisation: Appliquer matin et soir sur mains et pieds propres et secs.<\/p>\n","protected":false},"excerpt":{"rendered":"<p>HIDROSIS CONTROL cr\u00e8me permet de lutter efficacement et durablement contre la transpiration excessive des mains et des pieds. Enrichie d&rsquo;un<\/p>\n","protected":false},"featured_media":14521,"comment_status":"open","ping_status":"closed","template":"","meta":[],"product_brand":[138],"product_cat":[180],"product_tag":[],"class_list":{"0":"post-14454","1":"product","2":"type-product","3":"status-publish","4":"has-post-thumbnail","6":"product_brand-ducray","7":"product_cat-mains-et-pieds","9":"first","10":"instock","11":"sale","12":"shipping-taxable","13":"purchasable","14":"product-type-simple"},"yoast_head":"<!-- This site is optimized with the Yoast SEO plugin v26.6 - https:\/\/yoast.com\/wordpress\/plugins\/seo\/ -->\r\n<title>DUCRAY HIDROSIS CONTROL CREME ANTI TRANSPIRANTE MAINS ET PIEDS 50 ML - Paracherkaoui.ma<\/title>\r\n<meta name=\"robots\" content=\"index, follow, max-snippet:-1, max-image-preview:large, max-video-preview:-1\" \/>\r\n<link rel=\"canonical\" href=\"https:\/\/paracherkaoui.ma\/index.php\/produit\/ducray-hidrosis-control-creme-anti-transpirante-mains-et-pieds-50-ml\/\" \/>\r\n<meta property=\"og:locale\" content=\"fr_FR\" \/>\r\n<meta property=\"og:type\" content=\"article\" \/>\r\n<meta property=\"og:title\" content=\"DUCRAY HIDROSIS CONTROL CREME ANTI TRANSPIRANTE MAINS ET PIEDS 50 ML - Paracherkaoui.ma\" \/>\r\n<meta property=\"og:description\" content=\"HIDROSIS CONTROL cr\u00e8me permet de lutter efficacement et durablement contre la transpiration excessive des mains et des pieds. Enrichie d&rsquo;un\" \/>\r\n<meta property=\"og:url\" content=\"https:\/\/paracherkaoui.ma\/index.php\/produit\/ducray-hidrosis-control-creme-anti-transpirante-mains-et-pieds-50-ml\/\" \/>\r\n<meta property=\"og:site_name\" content=\"Paracherkaoui.ma\" \/>\r\n<meta property=\"article:modified_time\" content=\"2025-12-12T16:50:25+00:00\" \/>\r\n<meta property=\"og:image\" content=\"https:\/\/paracherkaoui.ma\/wp-content\/uploads\/2025\/12\/ducray-hidrosis-control-creme-anti-transpirante-mains-et-pieds-50-ml.jpg\" \/>\r\n\t<meta property=\"og:image:width\" content=\"700\" \/>\r\n\t<meta property=\"og:image:height\" content=\"700\" \/>\r\n\t<meta property=\"og:image:type\" content=\"image\/jpeg\" \/>\r\n<meta name=\"twitter:card\" content=\"summary_large_image\" \/>\r\n<meta name=\"twitter:label1\" content=\"Dur\u00e9e de lecture estim\u00e9e\" \/>\n\t<meta name=\"twitter:data1\" content=\"1 minute\" \/>\r\n<script type=\"application\/ld+json\" class=\"yoast-schema-graph\">{\"@context\":\"https:\/\/schema.org\",\"@graph\":[{\"@type\":\"WebPage\",\"@id\":\"https:\/\/paracherkaoui.ma\/index.php\/produit\/ducray-hidrosis-control-creme-anti-transpirante-mains-et-pieds-50-ml\/\",\"url\":\"https:\/\/paracherkaoui.ma\/index.php\/produit\/ducray-hidrosis-control-creme-anti-transpirante-mains-et-pieds-50-ml\/\",\"name\":\"DUCRAY HIDROSIS CONTROL CREME ANTI TRANSPIRANTE MAINS ET PIEDS 50 ML - Paracherkaoui.ma\",\"isPartOf\":{\"@id\":\"https:\/\/paracherkaoui.ma\/#website\"},\"primaryImageOfPage\":{\"@id\":\"https:\/\/paracherkaoui.ma\/index.php\/produit\/ducray-hidrosis-control-creme-anti-transpirante-mains-et-pieds-50-ml\/#primaryimage\"},\"image\":{\"@id\":\"https:\/\/paracherkaoui.ma\/index.php\/produit\/ducray-hidrosis-control-creme-anti-transpirante-mains-et-pieds-50-ml\/#primaryimage\"},\"thumbnailUrl\":\"https:\/\/paracherkaoui.ma\/wp-content\/uploads\/2025\/12\/ducray-hidrosis-control-creme-anti-transpirante-mains-et-pieds-50-ml.jpg\",\"datePublished\":\"2025-12-12T16:50:22+00:00\",\"dateModified\":\"2025-12-12T16:50:25+00:00\",\"breadcrumb\":{\"@id\":\"https:\/\/paracherkaoui.ma\/index.php\/produit\/ducray-hidrosis-control-creme-anti-transpirante-mains-et-pieds-50-ml\/#breadcrumb\"},\"inLanguage\":\"fr-FR\",\"potentialAction\":[{\"@type\":\"ReadAction\",\"target\":[\"https:\/\/paracherkaoui.ma\/index.php\/produit\/ducray-hidrosis-control-creme-anti-transpirante-mains-et-pieds-50-ml\/\"]}]},{\"@type\":\"ImageObject\",\"inLanguage\":\"fr-FR\",\"@id\":\"https:\/\/paracherkaoui.ma\/index.php\/produit\/ducray-hidrosis-control-creme-anti-transpirante-mains-et-pieds-50-ml\/#primaryimage\",\"url\":\"https:\/\/paracherkaoui.ma\/wp-content\/uploads\/2025\/12\/ducray-hidrosis-control-creme-anti-transpirante-mains-et-pieds-50-ml.jpg\",\"contentUrl\":\"https:\/\/paracherkaoui.ma\/wp-content\/uploads\/2025\/12\/ducray-hidrosis-control-creme-anti-transpirante-mains-et-pieds-50-ml.jpg\",\"width\":700,\"height\":700},{\"@type\":\"BreadcrumbList\",\"@id\":\"https:\/\/paracherkaoui.ma\/index.php\/produit\/ducray-hidrosis-control-creme-anti-transpirante-mains-et-pieds-50-ml\/#breadcrumb\",\"itemListElement\":[{\"@type\":\"ListItem\",\"position\":1,\"name\":\"Accueil\",\"item\":\"https:\/\/paracherkaoui.ma\/\"},{\"@type\":\"ListItem\",\"position\":2,\"name\":\"Boutique\",\"item\":\"https:\/\/paracherkaoui.ma\/index.php\/boutique\/\"},{\"@type\":\"ListItem\",\"position\":3,\"name\":\"DUCRAY HIDROSIS CONTROL CREME ANTI TRANSPIRANTE MAINS ET PIEDS 50 ML\"}]},{\"@type\":\"WebSite\",\"@id\":\"https:\/\/paracherkaoui.ma\/#website\",\"url\":\"https:\/\/paracherkaoui.ma\/\",\"name\":\"Paracherkaoui.ma\",\"description\":\"Achetez en ligne sur Paracherkaoui.ma\",\"potentialAction\":[{\"@type\":\"SearchAction\",\"target\":{\"@type\":\"EntryPoint\",\"urlTemplate\":\"https:\/\/paracherkaoui.ma\/?s={search_term_string}\"},\"query-input\":{\"@type\":\"PropertyValueSpecification\",\"valueRequired\":true,\"valueName\":\"search_term_string\"}}],\"inLanguage\":\"fr-FR\"}]}<\/script>\r\n<!-- \/ Yoast SEO plugin. -->","yoast_head_json":{"title":"DUCRAY HIDROSIS CONTROL CREME ANTI TRANSPIRANTE MAINS ET PIEDS 50 ML - Paracherkaoui.ma","robots":{"index":"index","follow":"follow","max-snippet":"max-snippet:-1","max-image-preview":"max-image-preview:large","max-video-preview":"max-video-preview:-1"},"canonical":"https:\/\/paracherkaoui.ma\/index.php\/produit\/ducray-hidrosis-control-creme-anti-transpirante-mains-et-pieds-50-ml\/","og_locale":"fr_FR","og_type":"article","og_title":"DUCRAY HIDROSIS CONTROL CREME ANTI TRANSPIRANTE MAINS ET PIEDS 50 ML - Paracherkaoui.ma","og_description":"HIDROSIS CONTROL cr\u00e8me permet de lutter efficacement et durablement contre la transpiration excessive des mains et des pieds. Enrichie d&rsquo;un","og_url":"https:\/\/paracherkaoui.ma\/index.php\/produit\/ducray-hidrosis-control-creme-anti-transpirante-mains-et-pieds-50-ml\/","og_site_name":"Paracherkaoui.ma","article_modified_time":"2025-12-12T16:50:25+00:00","og_image":[{"width":700,"height":700,"url":"https:\/\/paracherkaoui.ma\/wp-content\/uploads\/2025\/12\/ducray-hidrosis-control-creme-anti-transpirante-mains-et-pieds-50-ml.jpg","type":"image\/jpeg"}],"twitter_card":"summary_large_image","twitter_misc":{"Dur\u00e9e de lecture estim\u00e9e":"1 minute"},"schema":{"@context":"https:\/\/schema.org","@graph":[{"@type":"WebPage","@id":"https:\/\/paracherkaoui.ma\/index.php\/produit\/ducray-hidrosis-control-creme-anti-transpirante-mains-et-pieds-50-ml\/","url":"https:\/\/paracherkaoui.ma\/index.php\/produit\/ducray-hidrosis-control-creme-anti-transpirante-mains-et-pieds-50-ml\/","name":"DUCRAY HIDROSIS CONTROL CREME ANTI TRANSPIRANTE MAINS ET PIEDS 50 ML - Paracherkaoui.ma","isPartOf":{"@id":"https:\/\/paracherkaoui.ma\/#website"},"primaryImageOfPage":{"@id":"https:\/\/paracherkaoui.ma\/index.php\/produit\/ducray-hidrosis-control-creme-anti-transpirante-mains-et-pieds-50-ml\/#primaryimage"},"image":{"@id":"https:\/\/paracherkaoui.ma\/index.php\/produit\/ducray-hidrosis-control-creme-anti-transpirante-mains-et-pieds-50-ml\/#primaryimage"},"thumbnailUrl":"https:\/\/paracherkaoui.ma\/wp-content\/uploads\/2025\/12\/ducray-hidrosis-control-creme-anti-transpirante-mains-et-pieds-50-ml.jpg","datePublished":"2025-12-12T16:50:22+00:00","dateModified":"2025-12-12T16:50:25+00:00","breadcrumb":{"@id":"https:\/\/paracherkaoui.ma\/index.php\/produit\/ducray-hidrosis-control-creme-anti-transpirante-mains-et-pieds-50-ml\/#breadcrumb"},"inLanguage":"fr-FR","potentialAction":[{"@type":"ReadAction","target":["https:\/\/paracherkaoui.ma\/index.php\/produit\/ducray-hidrosis-control-creme-anti-transpirante-mains-et-pieds-50-ml\/"]}]},{"@type":"ImageObject","inLanguage":"fr-FR","@id":"https:\/\/paracherkaoui.ma\/index.php\/produit\/ducray-hidrosis-control-creme-anti-transpirante-mains-et-pieds-50-ml\/#primaryimage","url":"https:\/\/paracherkaoui.ma\/wp-content\/uploads\/2025\/12\/ducray-hidrosis-control-creme-anti-transpirante-mains-et-pieds-50-ml.jpg","contentUrl":"https:\/\/paracherkaoui.ma\/wp-content\/uploads\/2025\/12\/ducray-hidrosis-control-creme-anti-transpirante-mains-et-pieds-50-ml.jpg","width":700,"height":700},{"@type":"BreadcrumbList","@id":"https:\/\/paracherkaoui.ma\/index.php\/produit\/ducray-hidrosis-control-creme-anti-transpirante-mains-et-pieds-50-ml\/#breadcrumb","itemListElement":[{"@type":"ListItem","position":1,"name":"Accueil","item":"https:\/\/paracherkaoui.ma\/"},{"@type":"ListItem","position":2,"name":"Boutique","item":"https:\/\/paracherkaoui.ma\/index.php\/boutique\/"},{"@type":"ListItem","position":3,"name":"DUCRAY HIDROSIS CONTROL CREME ANTI TRANSPIRANTE MAINS ET PIEDS 50 ML"}]},{"@type":"WebSite","@id":"https:\/\/paracherkaoui.ma\/#website","url":"https:\/\/paracherkaoui.ma\/","name":"Paracherkaoui.ma","description":"Achetez en ligne sur Paracherkaoui.ma","potentialAction":[{"@type":"SearchAction","target":{"@type":"EntryPoint","urlTemplate":"https:\/\/paracherkaoui.ma\/?s={search_term_string}"},"query-input":{"@type":"PropertyValueSpecification","valueRequired":true,"valueName":"search_term_string"}}],"inLanguage":"fr-FR"}]}},"_links":{"self":[{"href":"https:\/\/paracherkaoui.ma\/index.php\/wp-json\/wp\/v2\/product\/14454","targetHints":{"allow":["GET"]}}],"collection":[{"href":"https:\/\/paracherkaoui.ma\/index.php\/wp-json\/wp\/v2\/product"}],"about":[{"href":"https:\/\/paracherkaoui.ma\/index.php\/wp-json\/wp\/v2\/types\/product"}],"replies":[{"embeddable":true,"href":"https:\/\/paracherkaoui.ma\/index.php\/wp-json\/wp\/v2\/comments?post=14454"}],"version-history":[{"count":1,"href":"https:\/\/paracherkaoui.ma\/index.php\/wp-json\/wp\/v2\/product\/14454\/revisions"}],"predecessor-version":[{"id":14523,"href":"https:\/\/paracherkaoui.ma\/index.php\/wp-json\/wp\/v2\/product\/14454\/revisions\/14523"}],"wp:featuredmedia":[{"embeddable":true,"href":"https:\/\/paracherkaoui.ma\/index.php\/wp-json\/wp\/v2\/media\/14521"}],"wp:attachment":[{"href":"https:\/\/paracherkaoui.ma\/index.php\/wp-json\/wp\/v2\/media?parent=14454"}],"wp:term":[{"taxonomy":"product_brand","embeddable":true,"href":"https:\/\/paracherkaoui.ma\/index.php\/wp-json\/wp\/v2\/product_brand?post=14454"},{"taxonomy":"product_cat","embeddable":true,"href":"https:\/\/paracherkaoui.ma\/index.php\/wp-json\/wp\/v2\/product_cat?post=14454"},{"taxonomy":"product_tag","embeddable":true,"href":"https:\/\/paracherkaoui.ma\/index.php\/wp-json\/wp\/v2\/product_tag?post=14454"}],"curies":[{"name":"wp","href":"https:\/\/api.w.org\/{rel}","templated":true}]}}