{"id":14439,"date":"2025-12-12T17:50:22","date_gmt":"2025-12-12T16:50:22","guid":{"rendered":"https:\/\/test.ecbeaute.com\/?post_type=product&#038;p=14439"},"modified":"2025-12-12T17:50:25","modified_gmt":"2025-12-12T16:50:25","slug":"uriage-bariederm-onguent-fissures-et-crevasses-40-g","status":"publish","type":"product","link":"https:\/\/paracherkaoui.ma\/index.php\/produit\/uriage-bariederm-onguent-fissures-et-crevasses-40-g\/","title":{"rendered":"URIAGE BARIEDERM ONGUENT FISSURES ET CREVASSES 40 G"},"content":{"rendered":"<p>Isole en surface : L\u2019association de deux polym\u00e8res cr\u00e9e une barri\u00e8re protectrice sur la peau, la pr\u00e9venant des agressions futures. Restaure en profondeur : Ces polym\u00e8res r\u00e9parent les zones endommag\u00e9es de l&rsquo;\u00e9piderme, intervenant \u00e0 trois niveaux essentiels de la barri\u00e8re cutan\u00e9e. Assouplit et apaise rapidement : Le beurre de karit\u00e9 r\u00e9hydrate les zones s\u00e8ches, apportant confort et r\u00e9paration rapide. COMPOSITION PARAFFINUM LIQUIDUM (HUILE MIN\u00c9RALE) \u25cf PARAFFINE \u25cf POLYD\u00c9C\u00c8NE HYDROG\u00c9N\u00c9 \u25cf CERA MICROCRISTALLINA (CIRE MICROCRISTALLINE) \u25cf DIMETHICONE \u25cf PANTHENOL \u25cf PERSEA GRATISSIMA (AVOCAT) OIL \u25cf GLYCERINE \u25cf TRIACONTANYL PVP \u25cf BUTYROSPERMUM PARKII (KARIT\u00c9) BEURRE \u25cf DIPENTAERYTHRITYL TAUX\/T\u00c9TRAISOST\u00c9ARATE \u25cf HUILE D&rsquo;AVOCAT HYDROG\u00c9N\u00c9E \u25cf ST\u00c9ROLS DE BRASSICA CAMPESTRIS (Colza) \u25cf SQUALANE \u25cf CIRE SYNTH\u00c9TIQUE \u25cf AC\u00c9TATE DE TOCOPH\u00c9RYLE \u25cf COPOLYM\u00c8RE D&rsquo;\u00c9THYL\u00c8NE\/PROPYL\u00c8NE \u25cf POLY\u00c9THYL\u00c8NE \u25cf POLYQUATERNIUM-61 \u25cf TOCOPHEROL \u25cf BHT CONSEIL D\u2019UTILISATION Nettoyez soigneusement la zone affect\u00e9e avant application. Appliquez une fine couche de BARI\u00c9DERM Onguent directement sur les fissures ou crevasses. Renouvelez l&rsquo;application 1 \u00e0 2 fois par jour, ou selon les besoins.<\/p>\n","protected":false},"excerpt":{"rendered":"<p>Isole en surface : L\u2019association de deux polym\u00e8res cr\u00e9e une barri\u00e8re protectrice sur la peau, la pr\u00e9venant des agressions futures.<\/p>\n","protected":false},"featured_media":14498,"comment_status":"open","ping_status":"closed","template":"","meta":[],"product_brand":[130],"product_cat":[180],"product_tag":[],"class_list":{"0":"post-14439","1":"product","2":"type-product","3":"status-publish","4":"has-post-thumbnail","6":"product_brand-uriage","7":"product_cat-mains-et-pieds","9":"first","10":"instock","11":"sale","12":"shipping-taxable","13":"purchasable","14":"product-type-simple"},"yoast_head":"<!-- This site is optimized with the Yoast SEO plugin v26.6 - https:\/\/yoast.com\/wordpress\/plugins\/seo\/ -->\r\n<title>URIAGE BARIEDERM ONGUENT FISSURES ET CREVASSES 40 G - Paracherkaoui.ma<\/title>\r\n<meta name=\"robots\" content=\"index, follow, max-snippet:-1, max-image-preview:large, max-video-preview:-1\" \/>\r\n<link rel=\"canonical\" href=\"https:\/\/paracherkaoui.ma\/index.php\/produit\/uriage-bariederm-onguent-fissures-et-crevasses-40-g\/\" \/>\r\n<meta property=\"og:locale\" content=\"fr_FR\" \/>\r\n<meta property=\"og:type\" content=\"article\" \/>\r\n<meta property=\"og:title\" content=\"URIAGE BARIEDERM ONGUENT FISSURES ET CREVASSES 40 G - Paracherkaoui.ma\" \/>\r\n<meta property=\"og:description\" content=\"Isole en surface : L\u2019association de deux polym\u00e8res cr\u00e9e une barri\u00e8re protectrice sur la peau, la pr\u00e9venant des agressions futures.\" \/>\r\n<meta property=\"og:url\" content=\"https:\/\/paracherkaoui.ma\/index.php\/produit\/uriage-bariederm-onguent-fissures-et-crevasses-40-g\/\" \/>\r\n<meta property=\"og:site_name\" content=\"Paracherkaoui.ma\" \/>\r\n<meta property=\"article:modified_time\" content=\"2025-12-12T16:50:25+00:00\" \/>\r\n<meta property=\"og:image\" content=\"https:\/\/paracherkaoui.ma\/wp-content\/uploads\/2025\/12\/uriage-uriage-bariederm-onguent-fissures-et-crevasses-40-g-mains.jpg\" \/>\r\n\t<meta property=\"og:image:width\" content=\"700\" \/>\r\n\t<meta property=\"og:image:height\" content=\"700\" \/>\r\n\t<meta property=\"og:image:type\" content=\"image\/jpeg\" \/>\r\n<meta name=\"twitter:card\" content=\"summary_large_image\" \/>\r\n<meta name=\"twitter:label1\" content=\"Dur\u00e9e de lecture estim\u00e9e\" \/>\n\t<meta name=\"twitter:data1\" content=\"1 minute\" \/>\r\n<script type=\"application\/ld+json\" class=\"yoast-schema-graph\">{\"@context\":\"https:\/\/schema.org\",\"@graph\":[{\"@type\":\"WebPage\",\"@id\":\"https:\/\/paracherkaoui.ma\/index.php\/produit\/uriage-bariederm-onguent-fissures-et-crevasses-40-g\/\",\"url\":\"https:\/\/paracherkaoui.ma\/index.php\/produit\/uriage-bariederm-onguent-fissures-et-crevasses-40-g\/\",\"name\":\"URIAGE BARIEDERM ONGUENT FISSURES ET CREVASSES 40 G - Paracherkaoui.ma\",\"isPartOf\":{\"@id\":\"https:\/\/paracherkaoui.ma\/#website\"},\"primaryImageOfPage\":{\"@id\":\"https:\/\/paracherkaoui.ma\/index.php\/produit\/uriage-bariederm-onguent-fissures-et-crevasses-40-g\/#primaryimage\"},\"image\":{\"@id\":\"https:\/\/paracherkaoui.ma\/index.php\/produit\/uriage-bariederm-onguent-fissures-et-crevasses-40-g\/#primaryimage\"},\"thumbnailUrl\":\"https:\/\/paracherkaoui.ma\/wp-content\/uploads\/2025\/12\/uriage-uriage-bariederm-onguent-fissures-et-crevasses-40-g-mains.jpg\",\"datePublished\":\"2025-12-12T16:50:22+00:00\",\"dateModified\":\"2025-12-12T16:50:25+00:00\",\"breadcrumb\":{\"@id\":\"https:\/\/paracherkaoui.ma\/index.php\/produit\/uriage-bariederm-onguent-fissures-et-crevasses-40-g\/#breadcrumb\"},\"inLanguage\":\"fr-FR\",\"potentialAction\":[{\"@type\":\"ReadAction\",\"target\":[\"https:\/\/paracherkaoui.ma\/index.php\/produit\/uriage-bariederm-onguent-fissures-et-crevasses-40-g\/\"]}]},{\"@type\":\"ImageObject\",\"inLanguage\":\"fr-FR\",\"@id\":\"https:\/\/paracherkaoui.ma\/index.php\/produit\/uriage-bariederm-onguent-fissures-et-crevasses-40-g\/#primaryimage\",\"url\":\"https:\/\/paracherkaoui.ma\/wp-content\/uploads\/2025\/12\/uriage-uriage-bariederm-onguent-fissures-et-crevasses-40-g-mains.jpg\",\"contentUrl\":\"https:\/\/paracherkaoui.ma\/wp-content\/uploads\/2025\/12\/uriage-uriage-bariederm-onguent-fissures-et-crevasses-40-g-mains.jpg\",\"width\":700,\"height\":700},{\"@type\":\"BreadcrumbList\",\"@id\":\"https:\/\/paracherkaoui.ma\/index.php\/produit\/uriage-bariederm-onguent-fissures-et-crevasses-40-g\/#breadcrumb\",\"itemListElement\":[{\"@type\":\"ListItem\",\"position\":1,\"name\":\"Accueil\",\"item\":\"https:\/\/paracherkaoui.ma\/\"},{\"@type\":\"ListItem\",\"position\":2,\"name\":\"Boutique\",\"item\":\"https:\/\/paracherkaoui.ma\/index.php\/boutique\/\"},{\"@type\":\"ListItem\",\"position\":3,\"name\":\"URIAGE BARIEDERM ONGUENT FISSURES ET CREVASSES 40 G\"}]},{\"@type\":\"WebSite\",\"@id\":\"https:\/\/paracherkaoui.ma\/#website\",\"url\":\"https:\/\/paracherkaoui.ma\/\",\"name\":\"Paracherkaoui.ma\",\"description\":\"Achetez en ligne sur Paracherkaoui.ma\",\"potentialAction\":[{\"@type\":\"SearchAction\",\"target\":{\"@type\":\"EntryPoint\",\"urlTemplate\":\"https:\/\/paracherkaoui.ma\/?s={search_term_string}\"},\"query-input\":{\"@type\":\"PropertyValueSpecification\",\"valueRequired\":true,\"valueName\":\"search_term_string\"}}],\"inLanguage\":\"fr-FR\"}]}<\/script>\r\n<!-- \/ Yoast SEO plugin. -->","yoast_head_json":{"title":"URIAGE BARIEDERM ONGUENT FISSURES ET CREVASSES 40 G - Paracherkaoui.ma","robots":{"index":"index","follow":"follow","max-snippet":"max-snippet:-1","max-image-preview":"max-image-preview:large","max-video-preview":"max-video-preview:-1"},"canonical":"https:\/\/paracherkaoui.ma\/index.php\/produit\/uriage-bariederm-onguent-fissures-et-crevasses-40-g\/","og_locale":"fr_FR","og_type":"article","og_title":"URIAGE BARIEDERM ONGUENT FISSURES ET CREVASSES 40 G - Paracherkaoui.ma","og_description":"Isole en surface : L\u2019association de deux polym\u00e8res cr\u00e9e une barri\u00e8re protectrice sur la peau, la pr\u00e9venant des agressions futures.","og_url":"https:\/\/paracherkaoui.ma\/index.php\/produit\/uriage-bariederm-onguent-fissures-et-crevasses-40-g\/","og_site_name":"Paracherkaoui.ma","article_modified_time":"2025-12-12T16:50:25+00:00","og_image":[{"width":700,"height":700,"url":"https:\/\/paracherkaoui.ma\/wp-content\/uploads\/2025\/12\/uriage-uriage-bariederm-onguent-fissures-et-crevasses-40-g-mains.jpg","type":"image\/jpeg"}],"twitter_card":"summary_large_image","twitter_misc":{"Dur\u00e9e de lecture estim\u00e9e":"1 minute"},"schema":{"@context":"https:\/\/schema.org","@graph":[{"@type":"WebPage","@id":"https:\/\/paracherkaoui.ma\/index.php\/produit\/uriage-bariederm-onguent-fissures-et-crevasses-40-g\/","url":"https:\/\/paracherkaoui.ma\/index.php\/produit\/uriage-bariederm-onguent-fissures-et-crevasses-40-g\/","name":"URIAGE BARIEDERM ONGUENT FISSURES ET CREVASSES 40 G - Paracherkaoui.ma","isPartOf":{"@id":"https:\/\/paracherkaoui.ma\/#website"},"primaryImageOfPage":{"@id":"https:\/\/paracherkaoui.ma\/index.php\/produit\/uriage-bariederm-onguent-fissures-et-crevasses-40-g\/#primaryimage"},"image":{"@id":"https:\/\/paracherkaoui.ma\/index.php\/produit\/uriage-bariederm-onguent-fissures-et-crevasses-40-g\/#primaryimage"},"thumbnailUrl":"https:\/\/paracherkaoui.ma\/wp-content\/uploads\/2025\/12\/uriage-uriage-bariederm-onguent-fissures-et-crevasses-40-g-mains.jpg","datePublished":"2025-12-12T16:50:22+00:00","dateModified":"2025-12-12T16:50:25+00:00","breadcrumb":{"@id":"https:\/\/paracherkaoui.ma\/index.php\/produit\/uriage-bariederm-onguent-fissures-et-crevasses-40-g\/#breadcrumb"},"inLanguage":"fr-FR","potentialAction":[{"@type":"ReadAction","target":["https:\/\/paracherkaoui.ma\/index.php\/produit\/uriage-bariederm-onguent-fissures-et-crevasses-40-g\/"]}]},{"@type":"ImageObject","inLanguage":"fr-FR","@id":"https:\/\/paracherkaoui.ma\/index.php\/produit\/uriage-bariederm-onguent-fissures-et-crevasses-40-g\/#primaryimage","url":"https:\/\/paracherkaoui.ma\/wp-content\/uploads\/2025\/12\/uriage-uriage-bariederm-onguent-fissures-et-crevasses-40-g-mains.jpg","contentUrl":"https:\/\/paracherkaoui.ma\/wp-content\/uploads\/2025\/12\/uriage-uriage-bariederm-onguent-fissures-et-crevasses-40-g-mains.jpg","width":700,"height":700},{"@type":"BreadcrumbList","@id":"https:\/\/paracherkaoui.ma\/index.php\/produit\/uriage-bariederm-onguent-fissures-et-crevasses-40-g\/#breadcrumb","itemListElement":[{"@type":"ListItem","position":1,"name":"Accueil","item":"https:\/\/paracherkaoui.ma\/"},{"@type":"ListItem","position":2,"name":"Boutique","item":"https:\/\/paracherkaoui.ma\/index.php\/boutique\/"},{"@type":"ListItem","position":3,"name":"URIAGE BARIEDERM ONGUENT FISSURES ET CREVASSES 40 G"}]},{"@type":"WebSite","@id":"https:\/\/paracherkaoui.ma\/#website","url":"https:\/\/paracherkaoui.ma\/","name":"Paracherkaoui.ma","description":"Achetez en ligne sur Paracherkaoui.ma","potentialAction":[{"@type":"SearchAction","target":{"@type":"EntryPoint","urlTemplate":"https:\/\/paracherkaoui.ma\/?s={search_term_string}"},"query-input":{"@type":"PropertyValueSpecification","valueRequired":true,"valueName":"search_term_string"}}],"inLanguage":"fr-FR"}]}},"_links":{"self":[{"href":"https:\/\/paracherkaoui.ma\/index.php\/wp-json\/wp\/v2\/product\/14439","targetHints":{"allow":["GET"]}}],"collection":[{"href":"https:\/\/paracherkaoui.ma\/index.php\/wp-json\/wp\/v2\/product"}],"about":[{"href":"https:\/\/paracherkaoui.ma\/index.php\/wp-json\/wp\/v2\/types\/product"}],"replies":[{"embeddable":true,"href":"https:\/\/paracherkaoui.ma\/index.php\/wp-json\/wp\/v2\/comments?post=14439"}],"version-history":[{"count":1,"href":"https:\/\/paracherkaoui.ma\/index.php\/wp-json\/wp\/v2\/product\/14439\/revisions"}],"predecessor-version":[{"id":14500,"href":"https:\/\/paracherkaoui.ma\/index.php\/wp-json\/wp\/v2\/product\/14439\/revisions\/14500"}],"wp:featuredmedia":[{"embeddable":true,"href":"https:\/\/paracherkaoui.ma\/index.php\/wp-json\/wp\/v2\/media\/14498"}],"wp:attachment":[{"href":"https:\/\/paracherkaoui.ma\/index.php\/wp-json\/wp\/v2\/media?parent=14439"}],"wp:term":[{"taxonomy":"product_brand","embeddable":true,"href":"https:\/\/paracherkaoui.ma\/index.php\/wp-json\/wp\/v2\/product_brand?post=14439"},{"taxonomy":"product_cat","embeddable":true,"href":"https:\/\/paracherkaoui.ma\/index.php\/wp-json\/wp\/v2\/product_cat?post=14439"},{"taxonomy":"product_tag","embeddable":true,"href":"https:\/\/paracherkaoui.ma\/index.php\/wp-json\/wp\/v2\/product_tag?post=14439"}],"curies":[{"name":"wp","href":"https:\/\/api.w.org\/{rel}","templated":true}]}}