{"id":14436,"date":"2025-12-12T17:50:22","date_gmt":"2025-12-12T16:50:22","guid":{"rendered":"https:\/\/test.ecbeaute.com\/?post_type=product&#038;p=14436"},"modified":"2025-12-12T17:50:24","modified_gmt":"2025-12-12T16:50:24","slug":"uriage-bariederm-cica-stick-fissures-crevasses-22g","status":"publish","type":"product","link":"https:\/\/paracherkaoui.ma\/index.php\/produit\/uriage-bariederm-cica-stick-fissures-crevasses-22g\/","title":{"rendered":"URIAGE BARIEDERM CICA STICK FISSURES CREVASSES 22G"},"content":{"rendered":"<p>Gr\u00e2ce \u00e0 l\u2019association unique de deux polym\u00e8res, ce stick forme une barri\u00e8re protectrice sur la peau. Cette isolation aide \u00e0 pr\u00e9venir les agressions futures, en maintenant la peau prot\u00e9g\u00e9e contre les \u00e9l\u00e9ments ext\u00e9rieurs et les irritations. La formule innovante du stick URIAGE BARI\u00c9DERM permet de r\u00e9parer les zones alt\u00e9r\u00e9es de l\u2019\u00e9piderme. Les deux polym\u00e8res agissent \u00e0 trois niveaux essentiels de la barri\u00e8re cutan\u00e9e, favorisant une r\u00e9g\u00e9n\u00e9ration rapide et efficace. Enrichi en beurre de karit\u00e9 et en huile d&rsquo;avocat, ce stick offre une hydratation intense aux zones s\u00e8ches et ab\u00eem\u00e9es. Ces ingr\u00e9dients naturels sont r\u00e9put\u00e9s pour leurs propri\u00e9t\u00e9s nourrissantes et apaisantes, procurant un confort imm\u00e9diat et durable. La peau est rapidement r\u00e9par\u00e9e et retrouve toute sa souplesse et sa douceur. COMPOSITION OCTYLDODECANOL \u25cf POLYETHYLENE \u25cf BUTYLENE GLYCOL COCOATE \u25cf CERA ALBA (BEESWAX) \u25cf PERSEA GRATISSIMA (AVOCADO) OIL \u25cf HYDROGENATED CASTOR OIL \u25cf BIS-DIGLYCERYL POLYACYLADIPATE-2 \u25cf PENTAERYTHRITYL TETRABEHENATE \u25cf BUTYROSPERMUM PARKII (SHEA) BUTTER \u25cf HYDROGENATED AVOCADO OIL \u25cf PANTHENYL ETHYL ETHER \u25cf SYNTHETIC WAX \u25cf BRASSICA CAMPESTRIS (RAPESEED) STEROLS \u25cf SQUALANE \u25cf TOCOPHERYL ACETATE \u25cf POLYQUATERNIUM-61 \u25cf TOCOPHEROL \u25cf CITRIC ACID CONSEIL D\u2019UTILISATION Nettoyez et s\u00e9chez soigneusement les zones \u00e0 traiter.\u00a0 Appliquez le stick directement sur les fissures et crevasses en couche g\u00e9n\u00e9reuse. Utilisez le aussi souvent que n\u00e9cessaire. Emportez le partout avec vous pour une application facile et rapide en toutes circonstances.<\/p>\n","protected":false},"excerpt":{"rendered":"<p>Gr\u00e2ce \u00e0 l\u2019association unique de deux polym\u00e8res, ce stick forme une barri\u00e8re protectrice sur la peau. Cette isolation aide \u00e0<\/p>\n","protected":false},"featured_media":14491,"comment_status":"open","ping_status":"closed","template":"","meta":[],"product_brand":[130],"product_cat":[180],"product_tag":[],"class_list":{"0":"post-14436","1":"product","2":"type-product","3":"status-publish","4":"has-post-thumbnail","6":"product_brand-uriage","7":"product_cat-mains-et-pieds","9":"first","10":"instock","11":"sale","12":"shipping-taxable","13":"purchasable","14":"product-type-simple"},"yoast_head":"<!-- This site is optimized with the Yoast SEO plugin v26.6 - https:\/\/yoast.com\/wordpress\/plugins\/seo\/ -->\r\n<title>URIAGE BARIEDERM CICA STICK FISSURES CREVASSES 22G - Paracherkaoui.ma<\/title>\r\n<meta name=\"robots\" content=\"index, follow, max-snippet:-1, max-image-preview:large, max-video-preview:-1\" \/>\r\n<link rel=\"canonical\" href=\"https:\/\/paracherkaoui.ma\/index.php\/produit\/uriage-bariederm-cica-stick-fissures-crevasses-22g\/\" \/>\r\n<meta property=\"og:locale\" content=\"fr_FR\" \/>\r\n<meta property=\"og:type\" content=\"article\" \/>\r\n<meta property=\"og:title\" content=\"URIAGE BARIEDERM CICA STICK FISSURES CREVASSES 22G - Paracherkaoui.ma\" \/>\r\n<meta property=\"og:description\" content=\"Gr\u00e2ce \u00e0 l\u2019association unique de deux polym\u00e8res, ce stick forme une barri\u00e8re protectrice sur la peau. Cette isolation aide \u00e0\" \/>\r\n<meta property=\"og:url\" content=\"https:\/\/paracherkaoui.ma\/index.php\/produit\/uriage-bariederm-cica-stick-fissures-crevasses-22g\/\" \/>\r\n<meta property=\"og:site_name\" content=\"Paracherkaoui.ma\" \/>\r\n<meta property=\"article:modified_time\" content=\"2025-12-12T16:50:24+00:00\" \/>\r\n<meta property=\"og:image\" content=\"https:\/\/paracherkaoui.ma\/wp-content\/uploads\/2025\/12\/uriage-uriage-bariederm-cica-stick-fissures-crevasses-22g-visage.jpg\" \/>\r\n\t<meta property=\"og:image:width\" content=\"700\" \/>\r\n\t<meta property=\"og:image:height\" content=\"700\" \/>\r\n\t<meta property=\"og:image:type\" content=\"image\/jpeg\" \/>\r\n<meta name=\"twitter:card\" content=\"summary_large_image\" \/>\r\n<meta name=\"twitter:label1\" content=\"Dur\u00e9e de lecture estim\u00e9e\" \/>\n\t<meta name=\"twitter:data1\" content=\"1 minute\" \/>\r\n<script type=\"application\/ld+json\" class=\"yoast-schema-graph\">{\"@context\":\"https:\/\/schema.org\",\"@graph\":[{\"@type\":\"WebPage\",\"@id\":\"https:\/\/paracherkaoui.ma\/index.php\/produit\/uriage-bariederm-cica-stick-fissures-crevasses-22g\/\",\"url\":\"https:\/\/paracherkaoui.ma\/index.php\/produit\/uriage-bariederm-cica-stick-fissures-crevasses-22g\/\",\"name\":\"URIAGE BARIEDERM CICA STICK FISSURES CREVASSES 22G - Paracherkaoui.ma\",\"isPartOf\":{\"@id\":\"https:\/\/paracherkaoui.ma\/#website\"},\"primaryImageOfPage\":{\"@id\":\"https:\/\/paracherkaoui.ma\/index.php\/produit\/uriage-bariederm-cica-stick-fissures-crevasses-22g\/#primaryimage\"},\"image\":{\"@id\":\"https:\/\/paracherkaoui.ma\/index.php\/produit\/uriage-bariederm-cica-stick-fissures-crevasses-22g\/#primaryimage\"},\"thumbnailUrl\":\"https:\/\/paracherkaoui.ma\/wp-content\/uploads\/2025\/12\/uriage-uriage-bariederm-cica-stick-fissures-crevasses-22g-visage.jpg\",\"datePublished\":\"2025-12-12T16:50:22+00:00\",\"dateModified\":\"2025-12-12T16:50:24+00:00\",\"breadcrumb\":{\"@id\":\"https:\/\/paracherkaoui.ma\/index.php\/produit\/uriage-bariederm-cica-stick-fissures-crevasses-22g\/#breadcrumb\"},\"inLanguage\":\"fr-FR\",\"potentialAction\":[{\"@type\":\"ReadAction\",\"target\":[\"https:\/\/paracherkaoui.ma\/index.php\/produit\/uriage-bariederm-cica-stick-fissures-crevasses-22g\/\"]}]},{\"@type\":\"ImageObject\",\"inLanguage\":\"fr-FR\",\"@id\":\"https:\/\/paracherkaoui.ma\/index.php\/produit\/uriage-bariederm-cica-stick-fissures-crevasses-22g\/#primaryimage\",\"url\":\"https:\/\/paracherkaoui.ma\/wp-content\/uploads\/2025\/12\/uriage-uriage-bariederm-cica-stick-fissures-crevasses-22g-visage.jpg\",\"contentUrl\":\"https:\/\/paracherkaoui.ma\/wp-content\/uploads\/2025\/12\/uriage-uriage-bariederm-cica-stick-fissures-crevasses-22g-visage.jpg\",\"width\":700,\"height\":700},{\"@type\":\"BreadcrumbList\",\"@id\":\"https:\/\/paracherkaoui.ma\/index.php\/produit\/uriage-bariederm-cica-stick-fissures-crevasses-22g\/#breadcrumb\",\"itemListElement\":[{\"@type\":\"ListItem\",\"position\":1,\"name\":\"Accueil\",\"item\":\"https:\/\/paracherkaoui.ma\/\"},{\"@type\":\"ListItem\",\"position\":2,\"name\":\"Boutique\",\"item\":\"https:\/\/paracherkaoui.ma\/index.php\/boutique\/\"},{\"@type\":\"ListItem\",\"position\":3,\"name\":\"URIAGE BARIEDERM CICA STICK FISSURES CREVASSES 22G\"}]},{\"@type\":\"WebSite\",\"@id\":\"https:\/\/paracherkaoui.ma\/#website\",\"url\":\"https:\/\/paracherkaoui.ma\/\",\"name\":\"Paracherkaoui.ma\",\"description\":\"Achetez en ligne sur Paracherkaoui.ma\",\"potentialAction\":[{\"@type\":\"SearchAction\",\"target\":{\"@type\":\"EntryPoint\",\"urlTemplate\":\"https:\/\/paracherkaoui.ma\/?s={search_term_string}\"},\"query-input\":{\"@type\":\"PropertyValueSpecification\",\"valueRequired\":true,\"valueName\":\"search_term_string\"}}],\"inLanguage\":\"fr-FR\"}]}<\/script>\r\n<!-- \/ Yoast SEO plugin. -->","yoast_head_json":{"title":"URIAGE BARIEDERM CICA STICK FISSURES CREVASSES 22G - Paracherkaoui.ma","robots":{"index":"index","follow":"follow","max-snippet":"max-snippet:-1","max-image-preview":"max-image-preview:large","max-video-preview":"max-video-preview:-1"},"canonical":"https:\/\/paracherkaoui.ma\/index.php\/produit\/uriage-bariederm-cica-stick-fissures-crevasses-22g\/","og_locale":"fr_FR","og_type":"article","og_title":"URIAGE BARIEDERM CICA STICK FISSURES CREVASSES 22G - Paracherkaoui.ma","og_description":"Gr\u00e2ce \u00e0 l\u2019association unique de deux polym\u00e8res, ce stick forme une barri\u00e8re protectrice sur la peau. Cette isolation aide \u00e0","og_url":"https:\/\/paracherkaoui.ma\/index.php\/produit\/uriage-bariederm-cica-stick-fissures-crevasses-22g\/","og_site_name":"Paracherkaoui.ma","article_modified_time":"2025-12-12T16:50:24+00:00","og_image":[{"width":700,"height":700,"url":"https:\/\/paracherkaoui.ma\/wp-content\/uploads\/2025\/12\/uriage-uriage-bariederm-cica-stick-fissures-crevasses-22g-visage.jpg","type":"image\/jpeg"}],"twitter_card":"summary_large_image","twitter_misc":{"Dur\u00e9e de lecture estim\u00e9e":"1 minute"},"schema":{"@context":"https:\/\/schema.org","@graph":[{"@type":"WebPage","@id":"https:\/\/paracherkaoui.ma\/index.php\/produit\/uriage-bariederm-cica-stick-fissures-crevasses-22g\/","url":"https:\/\/paracherkaoui.ma\/index.php\/produit\/uriage-bariederm-cica-stick-fissures-crevasses-22g\/","name":"URIAGE BARIEDERM CICA STICK FISSURES CREVASSES 22G - Paracherkaoui.ma","isPartOf":{"@id":"https:\/\/paracherkaoui.ma\/#website"},"primaryImageOfPage":{"@id":"https:\/\/paracherkaoui.ma\/index.php\/produit\/uriage-bariederm-cica-stick-fissures-crevasses-22g\/#primaryimage"},"image":{"@id":"https:\/\/paracherkaoui.ma\/index.php\/produit\/uriage-bariederm-cica-stick-fissures-crevasses-22g\/#primaryimage"},"thumbnailUrl":"https:\/\/paracherkaoui.ma\/wp-content\/uploads\/2025\/12\/uriage-uriage-bariederm-cica-stick-fissures-crevasses-22g-visage.jpg","datePublished":"2025-12-12T16:50:22+00:00","dateModified":"2025-12-12T16:50:24+00:00","breadcrumb":{"@id":"https:\/\/paracherkaoui.ma\/index.php\/produit\/uriage-bariederm-cica-stick-fissures-crevasses-22g\/#breadcrumb"},"inLanguage":"fr-FR","potentialAction":[{"@type":"ReadAction","target":["https:\/\/paracherkaoui.ma\/index.php\/produit\/uriage-bariederm-cica-stick-fissures-crevasses-22g\/"]}]},{"@type":"ImageObject","inLanguage":"fr-FR","@id":"https:\/\/paracherkaoui.ma\/index.php\/produit\/uriage-bariederm-cica-stick-fissures-crevasses-22g\/#primaryimage","url":"https:\/\/paracherkaoui.ma\/wp-content\/uploads\/2025\/12\/uriage-uriage-bariederm-cica-stick-fissures-crevasses-22g-visage.jpg","contentUrl":"https:\/\/paracherkaoui.ma\/wp-content\/uploads\/2025\/12\/uriage-uriage-bariederm-cica-stick-fissures-crevasses-22g-visage.jpg","width":700,"height":700},{"@type":"BreadcrumbList","@id":"https:\/\/paracherkaoui.ma\/index.php\/produit\/uriage-bariederm-cica-stick-fissures-crevasses-22g\/#breadcrumb","itemListElement":[{"@type":"ListItem","position":1,"name":"Accueil","item":"https:\/\/paracherkaoui.ma\/"},{"@type":"ListItem","position":2,"name":"Boutique","item":"https:\/\/paracherkaoui.ma\/index.php\/boutique\/"},{"@type":"ListItem","position":3,"name":"URIAGE BARIEDERM CICA STICK FISSURES CREVASSES 22G"}]},{"@type":"WebSite","@id":"https:\/\/paracherkaoui.ma\/#website","url":"https:\/\/paracherkaoui.ma\/","name":"Paracherkaoui.ma","description":"Achetez en ligne sur Paracherkaoui.ma","potentialAction":[{"@type":"SearchAction","target":{"@type":"EntryPoint","urlTemplate":"https:\/\/paracherkaoui.ma\/?s={search_term_string}"},"query-input":{"@type":"PropertyValueSpecification","valueRequired":true,"valueName":"search_term_string"}}],"inLanguage":"fr-FR"}]}},"_links":{"self":[{"href":"https:\/\/paracherkaoui.ma\/index.php\/wp-json\/wp\/v2\/product\/14436","targetHints":{"allow":["GET"]}}],"collection":[{"href":"https:\/\/paracherkaoui.ma\/index.php\/wp-json\/wp\/v2\/product"}],"about":[{"href":"https:\/\/paracherkaoui.ma\/index.php\/wp-json\/wp\/v2\/types\/product"}],"replies":[{"embeddable":true,"href":"https:\/\/paracherkaoui.ma\/index.php\/wp-json\/wp\/v2\/comments?post=14436"}],"version-history":[{"count":1,"href":"https:\/\/paracherkaoui.ma\/index.php\/wp-json\/wp\/v2\/product\/14436\/revisions"}],"predecessor-version":[{"id":14493,"href":"https:\/\/paracherkaoui.ma\/index.php\/wp-json\/wp\/v2\/product\/14436\/revisions\/14493"}],"wp:featuredmedia":[{"embeddable":true,"href":"https:\/\/paracherkaoui.ma\/index.php\/wp-json\/wp\/v2\/media\/14491"}],"wp:attachment":[{"href":"https:\/\/paracherkaoui.ma\/index.php\/wp-json\/wp\/v2\/media?parent=14436"}],"wp:term":[{"taxonomy":"product_brand","embeddable":true,"href":"https:\/\/paracherkaoui.ma\/index.php\/wp-json\/wp\/v2\/product_brand?post=14436"},{"taxonomy":"product_cat","embeddable":true,"href":"https:\/\/paracherkaoui.ma\/index.php\/wp-json\/wp\/v2\/product_cat?post=14436"},{"taxonomy":"product_tag","embeddable":true,"href":"https:\/\/paracherkaoui.ma\/index.php\/wp-json\/wp\/v2\/product_tag?post=14436"}],"curies":[{"name":"wp","href":"https:\/\/api.w.org\/{rel}","templated":true}]}}