{"id":14432,"date":"2025-12-12T17:50:22","date_gmt":"2025-12-12T16:50:22","guid":{"rendered":"https:\/\/test.ecbeaute.com\/?post_type=product&#038;p=14432"},"modified":"2025-12-12T17:50:24","modified_gmt":"2025-12-12T16:50:24","slug":"svr-xerial-30-creme-pieds-tres-secs-et-abimes-50-ml-2","status":"publish","type":"product","link":"https:\/\/paracherkaoui.ma\/index.php\/produit\/svr-xerial-30-creme-pieds-tres-secs-et-abimes-50-ml-2\/","title":{"rendered":"SVR XERIAL 30 CREME PIEDS TRES SECS ET ABIMES 50 ML"},"content":{"rendered":"<p>Description: Gr\u00e2ce \u00e0 la Technologie Ur\u00e9e Pure (brevet d\u00e9pos\u00e9) concentr\u00e9e \u00e0 30%, Prot\u00e9ase et Acides Amin\u00e9s, X\u00e9rial\u00a030 Cr\u00e8me Pieds r\u00e9duit l\u2019aspect sec et ab\u00eem\u00e9 de la peau, l\u2019hydrate durablement et pr\u00e9vient l\u2019apparition des callosit\u00e9s.\u00a0 Enrichi en Beurre de Karit\u00e9, Allanto\u00efne et Vitamine B5, X\u00e9rial\u00a030 Cr\u00e8me Pieds r\u00e9pare, prot\u00e8ge et soulage imm\u00e9diatement.\u00a0 La peau redevient souple et lisse. Sa texture adapt\u00e9e s\u2019\u00e9tale facilement et p\u00e9n\u00e8tre rapidement.\u00a0Formul\u00e9e pour une tol\u00e9rance maximale.  Conseils d\u2019utilisation : Appliquer 1 \u00e0 2 fois par jour, en massage doux, sur l\u2019ensemble du pied pr\u00e9alablement nettoy\u00e9.\u00a0Ne pas appliquer chez l\u2019enfant de moins de 3 ans.<\/p>\n","protected":false},"excerpt":{"rendered":"<p>Description: Gr\u00e2ce \u00e0 la Technologie Ur\u00e9e Pure (brevet d\u00e9pos\u00e9) concentr\u00e9e \u00e0 30%, Prot\u00e9ase et Acides Amin\u00e9s, X\u00e9rial\u00a030 Cr\u00e8me Pieds r\u00e9duit<\/p>\n","protected":false},"featured_media":11372,"comment_status":"open","ping_status":"closed","template":"","meta":[],"product_brand":[133],"product_cat":[180],"product_tag":[],"class_list":{"0":"post-14432","1":"product","2":"type-product","3":"status-publish","4":"has-post-thumbnail","6":"product_brand-svr","7":"product_cat-mains-et-pieds","9":"first","10":"instock","11":"sale","12":"shipping-taxable","13":"purchasable","14":"product-type-simple"},"yoast_head":"<!-- This site is optimized with the Yoast SEO plugin v26.6 - https:\/\/yoast.com\/wordpress\/plugins\/seo\/ -->\r\n<title>SVR XERIAL 30 CREME PIEDS TRES SECS ET ABIMES 50 ML - Paracherkaoui.ma<\/title>\r\n<meta name=\"robots\" content=\"index, follow, max-snippet:-1, max-image-preview:large, max-video-preview:-1\" \/>\r\n<link rel=\"canonical\" href=\"https:\/\/paracherkaoui.ma\/index.php\/produit\/svr-xerial-30-creme-pieds-tres-secs-et-abimes-50-ml-2\/\" \/>\r\n<meta property=\"og:locale\" content=\"fr_FR\" \/>\r\n<meta property=\"og:type\" content=\"article\" \/>\r\n<meta property=\"og:title\" content=\"SVR XERIAL 30 CREME PIEDS TRES SECS ET ABIMES 50 ML - Paracherkaoui.ma\" \/>\r\n<meta property=\"og:description\" content=\"Description: Gr\u00e2ce \u00e0 la Technologie Ur\u00e9e Pure (brevet d\u00e9pos\u00e9) concentr\u00e9e \u00e0 30%, Prot\u00e9ase et Acides Amin\u00e9s, X\u00e9rial\u00a030 Cr\u00e8me Pieds r\u00e9duit\" \/>\r\n<meta property=\"og:url\" content=\"https:\/\/paracherkaoui.ma\/index.php\/produit\/svr-xerial-30-creme-pieds-tres-secs-et-abimes-50-ml-2\/\" \/>\r\n<meta property=\"og:site_name\" content=\"Paracherkaoui.ma\" \/>\r\n<meta property=\"article:modified_time\" content=\"2025-12-12T16:50:24+00:00\" \/>\r\n<meta property=\"og:image\" content=\"https:\/\/paracherkaoui.ma\/wp-content\/uploads\/2025\/12\/svr-svr-xerial-30-creme-pieds-tres-secs-et-abimes-50-ml-accueil.jpg\" \/>\r\n\t<meta property=\"og:image:width\" content=\"700\" \/>\r\n\t<meta property=\"og:image:height\" content=\"700\" \/>\r\n\t<meta property=\"og:image:type\" content=\"image\/jpeg\" \/>\r\n<meta name=\"twitter:card\" content=\"summary_large_image\" \/>\r\n<meta name=\"twitter:label1\" content=\"Dur\u00e9e de lecture estim\u00e9e\" \/>\n\t<meta name=\"twitter:data1\" content=\"1 minute\" \/>\r\n<script type=\"application\/ld+json\" class=\"yoast-schema-graph\">{\"@context\":\"https:\/\/schema.org\",\"@graph\":[{\"@type\":\"WebPage\",\"@id\":\"https:\/\/paracherkaoui.ma\/index.php\/produit\/svr-xerial-30-creme-pieds-tres-secs-et-abimes-50-ml-2\/\",\"url\":\"https:\/\/paracherkaoui.ma\/index.php\/produit\/svr-xerial-30-creme-pieds-tres-secs-et-abimes-50-ml-2\/\",\"name\":\"SVR XERIAL 30 CREME PIEDS TRES SECS ET ABIMES 50 ML - Paracherkaoui.ma\",\"isPartOf\":{\"@id\":\"https:\/\/paracherkaoui.ma\/#website\"},\"primaryImageOfPage\":{\"@id\":\"https:\/\/paracherkaoui.ma\/index.php\/produit\/svr-xerial-30-creme-pieds-tres-secs-et-abimes-50-ml-2\/#primaryimage\"},\"image\":{\"@id\":\"https:\/\/paracherkaoui.ma\/index.php\/produit\/svr-xerial-30-creme-pieds-tres-secs-et-abimes-50-ml-2\/#primaryimage\"},\"thumbnailUrl\":\"https:\/\/paracherkaoui.ma\/wp-content\/uploads\/2025\/12\/svr-svr-xerial-30-creme-pieds-tres-secs-et-abimes-50-ml-accueil.jpg\",\"datePublished\":\"2025-12-12T16:50:22+00:00\",\"dateModified\":\"2025-12-12T16:50:24+00:00\",\"breadcrumb\":{\"@id\":\"https:\/\/paracherkaoui.ma\/index.php\/produit\/svr-xerial-30-creme-pieds-tres-secs-et-abimes-50-ml-2\/#breadcrumb\"},\"inLanguage\":\"fr-FR\",\"potentialAction\":[{\"@type\":\"ReadAction\",\"target\":[\"https:\/\/paracherkaoui.ma\/index.php\/produit\/svr-xerial-30-creme-pieds-tres-secs-et-abimes-50-ml-2\/\"]}]},{\"@type\":\"ImageObject\",\"inLanguage\":\"fr-FR\",\"@id\":\"https:\/\/paracherkaoui.ma\/index.php\/produit\/svr-xerial-30-creme-pieds-tres-secs-et-abimes-50-ml-2\/#primaryimage\",\"url\":\"https:\/\/paracherkaoui.ma\/wp-content\/uploads\/2025\/12\/svr-svr-xerial-30-creme-pieds-tres-secs-et-abimes-50-ml-accueil.jpg\",\"contentUrl\":\"https:\/\/paracherkaoui.ma\/wp-content\/uploads\/2025\/12\/svr-svr-xerial-30-creme-pieds-tres-secs-et-abimes-50-ml-accueil.jpg\",\"width\":700,\"height\":700},{\"@type\":\"BreadcrumbList\",\"@id\":\"https:\/\/paracherkaoui.ma\/index.php\/produit\/svr-xerial-30-creme-pieds-tres-secs-et-abimes-50-ml-2\/#breadcrumb\",\"itemListElement\":[{\"@type\":\"ListItem\",\"position\":1,\"name\":\"Accueil\",\"item\":\"https:\/\/paracherkaoui.ma\/\"},{\"@type\":\"ListItem\",\"position\":2,\"name\":\"Boutique\",\"item\":\"https:\/\/paracherkaoui.ma\/index.php\/boutique\/\"},{\"@type\":\"ListItem\",\"position\":3,\"name\":\"SVR XERIAL 30 CREME PIEDS TRES SECS ET ABIMES 50 ML\"}]},{\"@type\":\"WebSite\",\"@id\":\"https:\/\/paracherkaoui.ma\/#website\",\"url\":\"https:\/\/paracherkaoui.ma\/\",\"name\":\"Paracherkaoui.ma\",\"description\":\"Achetez en ligne sur Paracherkaoui.ma\",\"potentialAction\":[{\"@type\":\"SearchAction\",\"target\":{\"@type\":\"EntryPoint\",\"urlTemplate\":\"https:\/\/paracherkaoui.ma\/?s={search_term_string}\"},\"query-input\":{\"@type\":\"PropertyValueSpecification\",\"valueRequired\":true,\"valueName\":\"search_term_string\"}}],\"inLanguage\":\"fr-FR\"}]}<\/script>\r\n<!-- \/ Yoast SEO plugin. -->","yoast_head_json":{"title":"SVR XERIAL 30 CREME PIEDS TRES SECS ET ABIMES 50 ML - Paracherkaoui.ma","robots":{"index":"index","follow":"follow","max-snippet":"max-snippet:-1","max-image-preview":"max-image-preview:large","max-video-preview":"max-video-preview:-1"},"canonical":"https:\/\/paracherkaoui.ma\/index.php\/produit\/svr-xerial-30-creme-pieds-tres-secs-et-abimes-50-ml-2\/","og_locale":"fr_FR","og_type":"article","og_title":"SVR XERIAL 30 CREME PIEDS TRES SECS ET ABIMES 50 ML - Paracherkaoui.ma","og_description":"Description: Gr\u00e2ce \u00e0 la Technologie Ur\u00e9e Pure (brevet d\u00e9pos\u00e9) concentr\u00e9e \u00e0 30%, Prot\u00e9ase et Acides Amin\u00e9s, X\u00e9rial\u00a030 Cr\u00e8me Pieds r\u00e9duit","og_url":"https:\/\/paracherkaoui.ma\/index.php\/produit\/svr-xerial-30-creme-pieds-tres-secs-et-abimes-50-ml-2\/","og_site_name":"Paracherkaoui.ma","article_modified_time":"2025-12-12T16:50:24+00:00","og_image":[{"width":700,"height":700,"url":"https:\/\/paracherkaoui.ma\/wp-content\/uploads\/2025\/12\/svr-svr-xerial-30-creme-pieds-tres-secs-et-abimes-50-ml-accueil.jpg","type":"image\/jpeg"}],"twitter_card":"summary_large_image","twitter_misc":{"Dur\u00e9e de lecture estim\u00e9e":"1 minute"},"schema":{"@context":"https:\/\/schema.org","@graph":[{"@type":"WebPage","@id":"https:\/\/paracherkaoui.ma\/index.php\/produit\/svr-xerial-30-creme-pieds-tres-secs-et-abimes-50-ml-2\/","url":"https:\/\/paracherkaoui.ma\/index.php\/produit\/svr-xerial-30-creme-pieds-tres-secs-et-abimes-50-ml-2\/","name":"SVR XERIAL 30 CREME PIEDS TRES SECS ET ABIMES 50 ML - Paracherkaoui.ma","isPartOf":{"@id":"https:\/\/paracherkaoui.ma\/#website"},"primaryImageOfPage":{"@id":"https:\/\/paracherkaoui.ma\/index.php\/produit\/svr-xerial-30-creme-pieds-tres-secs-et-abimes-50-ml-2\/#primaryimage"},"image":{"@id":"https:\/\/paracherkaoui.ma\/index.php\/produit\/svr-xerial-30-creme-pieds-tres-secs-et-abimes-50-ml-2\/#primaryimage"},"thumbnailUrl":"https:\/\/paracherkaoui.ma\/wp-content\/uploads\/2025\/12\/svr-svr-xerial-30-creme-pieds-tres-secs-et-abimes-50-ml-accueil.jpg","datePublished":"2025-12-12T16:50:22+00:00","dateModified":"2025-12-12T16:50:24+00:00","breadcrumb":{"@id":"https:\/\/paracherkaoui.ma\/index.php\/produit\/svr-xerial-30-creme-pieds-tres-secs-et-abimes-50-ml-2\/#breadcrumb"},"inLanguage":"fr-FR","potentialAction":[{"@type":"ReadAction","target":["https:\/\/paracherkaoui.ma\/index.php\/produit\/svr-xerial-30-creme-pieds-tres-secs-et-abimes-50-ml-2\/"]}]},{"@type":"ImageObject","inLanguage":"fr-FR","@id":"https:\/\/paracherkaoui.ma\/index.php\/produit\/svr-xerial-30-creme-pieds-tres-secs-et-abimes-50-ml-2\/#primaryimage","url":"https:\/\/paracherkaoui.ma\/wp-content\/uploads\/2025\/12\/svr-svr-xerial-30-creme-pieds-tres-secs-et-abimes-50-ml-accueil.jpg","contentUrl":"https:\/\/paracherkaoui.ma\/wp-content\/uploads\/2025\/12\/svr-svr-xerial-30-creme-pieds-tres-secs-et-abimes-50-ml-accueil.jpg","width":700,"height":700},{"@type":"BreadcrumbList","@id":"https:\/\/paracherkaoui.ma\/index.php\/produit\/svr-xerial-30-creme-pieds-tres-secs-et-abimes-50-ml-2\/#breadcrumb","itemListElement":[{"@type":"ListItem","position":1,"name":"Accueil","item":"https:\/\/paracherkaoui.ma\/"},{"@type":"ListItem","position":2,"name":"Boutique","item":"https:\/\/paracherkaoui.ma\/index.php\/boutique\/"},{"@type":"ListItem","position":3,"name":"SVR XERIAL 30 CREME PIEDS TRES SECS ET ABIMES 50 ML"}]},{"@type":"WebSite","@id":"https:\/\/paracherkaoui.ma\/#website","url":"https:\/\/paracherkaoui.ma\/","name":"Paracherkaoui.ma","description":"Achetez en ligne sur Paracherkaoui.ma","potentialAction":[{"@type":"SearchAction","target":{"@type":"EntryPoint","urlTemplate":"https:\/\/paracherkaoui.ma\/?s={search_term_string}"},"query-input":{"@type":"PropertyValueSpecification","valueRequired":true,"valueName":"search_term_string"}}],"inLanguage":"fr-FR"}]}},"_links":{"self":[{"href":"https:\/\/paracherkaoui.ma\/index.php\/wp-json\/wp\/v2\/product\/14432","targetHints":{"allow":["GET"]}}],"collection":[{"href":"https:\/\/paracherkaoui.ma\/index.php\/wp-json\/wp\/v2\/product"}],"about":[{"href":"https:\/\/paracherkaoui.ma\/index.php\/wp-json\/wp\/v2\/types\/product"}],"replies":[{"embeddable":true,"href":"https:\/\/paracherkaoui.ma\/index.php\/wp-json\/wp\/v2\/comments?post=14432"}],"version-history":[{"count":1,"href":"https:\/\/paracherkaoui.ma\/index.php\/wp-json\/wp\/v2\/product\/14432\/revisions"}],"predecessor-version":[{"id":14485,"href":"https:\/\/paracherkaoui.ma\/index.php\/wp-json\/wp\/v2\/product\/14432\/revisions\/14485"}],"wp:featuredmedia":[{"embeddable":true,"href":"https:\/\/paracherkaoui.ma\/index.php\/wp-json\/wp\/v2\/media\/11372"}],"wp:attachment":[{"href":"https:\/\/paracherkaoui.ma\/index.php\/wp-json\/wp\/v2\/media?parent=14432"}],"wp:term":[{"taxonomy":"product_brand","embeddable":true,"href":"https:\/\/paracherkaoui.ma\/index.php\/wp-json\/wp\/v2\/product_brand?post=14432"},{"taxonomy":"product_cat","embeddable":true,"href":"https:\/\/paracherkaoui.ma\/index.php\/wp-json\/wp\/v2\/product_cat?post=14432"},{"taxonomy":"product_tag","embeddable":true,"href":"https:\/\/paracherkaoui.ma\/index.php\/wp-json\/wp\/v2\/product_tag?post=14432"}],"curies":[{"name":"wp","href":"https:\/\/api.w.org\/{rel}","templated":true}]}}