{"id":14431,"date":"2025-12-12T17:50:21","date_gmt":"2025-12-12T16:50:21","guid":{"rendered":"https:\/\/test.ecbeaute.com\/?post_type=product&#038;p=14431"},"modified":"2025-12-12T17:50:24","modified_gmt":"2025-12-12T16:50:24","slug":"svr-xerial-40-ongles-abimes-et-epaissis-10-ml-2","status":"publish","type":"product","link":"https:\/\/paracherkaoui.ma\/index.php\/produit\/svr-xerial-40-ongles-abimes-et-epaissis-10-ml-2\/","title":{"rendered":"SVR XERIAL 40 ONGLES ABIMES ET EPAISSIS 10 ML"},"content":{"rendered":"<p>DESCRIPTION:  SVR X\u00e9rial 40 Ongles Abim\u00e9s et \u00e9paissis (10 ml) lisse et prot\u00e8ge l\u2019ongle des agressions ext\u00e9rieures en assainissant la flore fongique.\u00a0Son tube avec pinceau int\u00e9gr\u00e9 permet un geste simple, pratique et pr\u00e9cis.\u00a0 Test\u00e9 sous contr\u00f4le dermatologique.  Conseils d&rsquo;utilisation:  X\u00c9RIAL\u00a040 ONGLES peut s\u2019utiliser seul 2 fois par jour pendant 3 mois<\/p>\n","protected":false},"excerpt":{"rendered":"<p>DESCRIPTION: SVR X\u00e9rial 40 Ongles Abim\u00e9s et \u00e9paissis (10 ml) lisse et prot\u00e8ge l\u2019ongle des agressions ext\u00e9rieures en assainissant la<\/p>\n","protected":false},"featured_media":11242,"comment_status":"open","ping_status":"closed","template":"","meta":[],"product_brand":[133],"product_cat":[180],"product_tag":[],"class_list":{"0":"post-14431","1":"product","2":"type-product","3":"status-publish","4":"has-post-thumbnail","6":"product_brand-svr","7":"product_cat-mains-et-pieds","9":"first","10":"instock","11":"sale","12":"shipping-taxable","13":"purchasable","14":"product-type-simple"},"yoast_head":"<!-- This site is optimized with the Yoast SEO plugin v26.6 - https:\/\/yoast.com\/wordpress\/plugins\/seo\/ -->\r\n<title>SVR XERIAL 40 ONGLES ABIMES ET EPAISSIS 10 ML - Paracherkaoui.ma<\/title>\r\n<meta name=\"robots\" content=\"index, follow, max-snippet:-1, max-image-preview:large, max-video-preview:-1\" \/>\r\n<link rel=\"canonical\" href=\"https:\/\/paracherkaoui.ma\/index.php\/produit\/svr-xerial-40-ongles-abimes-et-epaissis-10-ml-2\/\" \/>\r\n<meta property=\"og:locale\" content=\"fr_FR\" \/>\r\n<meta property=\"og:type\" content=\"article\" \/>\r\n<meta property=\"og:title\" content=\"SVR XERIAL 40 ONGLES ABIMES ET EPAISSIS 10 ML - Paracherkaoui.ma\" \/>\r\n<meta property=\"og:description\" content=\"DESCRIPTION: SVR X\u00e9rial 40 Ongles Abim\u00e9s et \u00e9paissis (10 ml) lisse et prot\u00e8ge l\u2019ongle des agressions ext\u00e9rieures en assainissant la\" \/>\r\n<meta property=\"og:url\" content=\"https:\/\/paracherkaoui.ma\/index.php\/produit\/svr-xerial-40-ongles-abimes-et-epaissis-10-ml-2\/\" \/>\r\n<meta property=\"og:site_name\" content=\"Paracherkaoui.ma\" \/>\r\n<meta property=\"article:modified_time\" content=\"2025-12-12T16:50:24+00:00\" \/>\r\n<meta property=\"og:image\" content=\"https:\/\/paracherkaoui.ma\/wp-content\/uploads\/2025\/12\/svr-svr-xerial-40-ongles-abimes-et-epaissis-10-ml-ongles.jpg\" \/>\r\n\t<meta property=\"og:image:width\" content=\"700\" \/>\r\n\t<meta property=\"og:image:height\" content=\"700\" \/>\r\n\t<meta property=\"og:image:type\" content=\"image\/jpeg\" \/>\r\n<meta name=\"twitter:card\" content=\"summary_large_image\" \/>\r\n<script type=\"application\/ld+json\" class=\"yoast-schema-graph\">{\"@context\":\"https:\/\/schema.org\",\"@graph\":[{\"@type\":\"WebPage\",\"@id\":\"https:\/\/paracherkaoui.ma\/index.php\/produit\/svr-xerial-40-ongles-abimes-et-epaissis-10-ml-2\/\",\"url\":\"https:\/\/paracherkaoui.ma\/index.php\/produit\/svr-xerial-40-ongles-abimes-et-epaissis-10-ml-2\/\",\"name\":\"SVR XERIAL 40 ONGLES ABIMES ET EPAISSIS 10 ML - Paracherkaoui.ma\",\"isPartOf\":{\"@id\":\"https:\/\/paracherkaoui.ma\/#website\"},\"primaryImageOfPage\":{\"@id\":\"https:\/\/paracherkaoui.ma\/index.php\/produit\/svr-xerial-40-ongles-abimes-et-epaissis-10-ml-2\/#primaryimage\"},\"image\":{\"@id\":\"https:\/\/paracherkaoui.ma\/index.php\/produit\/svr-xerial-40-ongles-abimes-et-epaissis-10-ml-2\/#primaryimage\"},\"thumbnailUrl\":\"https:\/\/paracherkaoui.ma\/wp-content\/uploads\/2025\/12\/svr-svr-xerial-40-ongles-abimes-et-epaissis-10-ml-ongles.jpg\",\"datePublished\":\"2025-12-12T16:50:21+00:00\",\"dateModified\":\"2025-12-12T16:50:24+00:00\",\"breadcrumb\":{\"@id\":\"https:\/\/paracherkaoui.ma\/index.php\/produit\/svr-xerial-40-ongles-abimes-et-epaissis-10-ml-2\/#breadcrumb\"},\"inLanguage\":\"fr-FR\",\"potentialAction\":[{\"@type\":\"ReadAction\",\"target\":[\"https:\/\/paracherkaoui.ma\/index.php\/produit\/svr-xerial-40-ongles-abimes-et-epaissis-10-ml-2\/\"]}]},{\"@type\":\"ImageObject\",\"inLanguage\":\"fr-FR\",\"@id\":\"https:\/\/paracherkaoui.ma\/index.php\/produit\/svr-xerial-40-ongles-abimes-et-epaissis-10-ml-2\/#primaryimage\",\"url\":\"https:\/\/paracherkaoui.ma\/wp-content\/uploads\/2025\/12\/svr-svr-xerial-40-ongles-abimes-et-epaissis-10-ml-ongles.jpg\",\"contentUrl\":\"https:\/\/paracherkaoui.ma\/wp-content\/uploads\/2025\/12\/svr-svr-xerial-40-ongles-abimes-et-epaissis-10-ml-ongles.jpg\",\"width\":700,\"height\":700},{\"@type\":\"BreadcrumbList\",\"@id\":\"https:\/\/paracherkaoui.ma\/index.php\/produit\/svr-xerial-40-ongles-abimes-et-epaissis-10-ml-2\/#breadcrumb\",\"itemListElement\":[{\"@type\":\"ListItem\",\"position\":1,\"name\":\"Accueil\",\"item\":\"https:\/\/paracherkaoui.ma\/\"},{\"@type\":\"ListItem\",\"position\":2,\"name\":\"Boutique\",\"item\":\"https:\/\/paracherkaoui.ma\/index.php\/boutique\/\"},{\"@type\":\"ListItem\",\"position\":3,\"name\":\"SVR XERIAL 40 ONGLES ABIMES ET EPAISSIS 10 ML\"}]},{\"@type\":\"WebSite\",\"@id\":\"https:\/\/paracherkaoui.ma\/#website\",\"url\":\"https:\/\/paracherkaoui.ma\/\",\"name\":\"Paracherkaoui.ma\",\"description\":\"Achetez en ligne sur Paracherkaoui.ma\",\"potentialAction\":[{\"@type\":\"SearchAction\",\"target\":{\"@type\":\"EntryPoint\",\"urlTemplate\":\"https:\/\/paracherkaoui.ma\/?s={search_term_string}\"},\"query-input\":{\"@type\":\"PropertyValueSpecification\",\"valueRequired\":true,\"valueName\":\"search_term_string\"}}],\"inLanguage\":\"fr-FR\"}]}<\/script>\r\n<!-- \/ Yoast SEO plugin. -->","yoast_head_json":{"title":"SVR XERIAL 40 ONGLES ABIMES ET EPAISSIS 10 ML - Paracherkaoui.ma","robots":{"index":"index","follow":"follow","max-snippet":"max-snippet:-1","max-image-preview":"max-image-preview:large","max-video-preview":"max-video-preview:-1"},"canonical":"https:\/\/paracherkaoui.ma\/index.php\/produit\/svr-xerial-40-ongles-abimes-et-epaissis-10-ml-2\/","og_locale":"fr_FR","og_type":"article","og_title":"SVR XERIAL 40 ONGLES ABIMES ET EPAISSIS 10 ML - Paracherkaoui.ma","og_description":"DESCRIPTION: SVR X\u00e9rial 40 Ongles Abim\u00e9s et \u00e9paissis (10 ml) lisse et prot\u00e8ge l\u2019ongle des agressions ext\u00e9rieures en assainissant la","og_url":"https:\/\/paracherkaoui.ma\/index.php\/produit\/svr-xerial-40-ongles-abimes-et-epaissis-10-ml-2\/","og_site_name":"Paracherkaoui.ma","article_modified_time":"2025-12-12T16:50:24+00:00","og_image":[{"width":700,"height":700,"url":"https:\/\/paracherkaoui.ma\/wp-content\/uploads\/2025\/12\/svr-svr-xerial-40-ongles-abimes-et-epaissis-10-ml-ongles.jpg","type":"image\/jpeg"}],"twitter_card":"summary_large_image","schema":{"@context":"https:\/\/schema.org","@graph":[{"@type":"WebPage","@id":"https:\/\/paracherkaoui.ma\/index.php\/produit\/svr-xerial-40-ongles-abimes-et-epaissis-10-ml-2\/","url":"https:\/\/paracherkaoui.ma\/index.php\/produit\/svr-xerial-40-ongles-abimes-et-epaissis-10-ml-2\/","name":"SVR XERIAL 40 ONGLES ABIMES ET EPAISSIS 10 ML - Paracherkaoui.ma","isPartOf":{"@id":"https:\/\/paracherkaoui.ma\/#website"},"primaryImageOfPage":{"@id":"https:\/\/paracherkaoui.ma\/index.php\/produit\/svr-xerial-40-ongles-abimes-et-epaissis-10-ml-2\/#primaryimage"},"image":{"@id":"https:\/\/paracherkaoui.ma\/index.php\/produit\/svr-xerial-40-ongles-abimes-et-epaissis-10-ml-2\/#primaryimage"},"thumbnailUrl":"https:\/\/paracherkaoui.ma\/wp-content\/uploads\/2025\/12\/svr-svr-xerial-40-ongles-abimes-et-epaissis-10-ml-ongles.jpg","datePublished":"2025-12-12T16:50:21+00:00","dateModified":"2025-12-12T16:50:24+00:00","breadcrumb":{"@id":"https:\/\/paracherkaoui.ma\/index.php\/produit\/svr-xerial-40-ongles-abimes-et-epaissis-10-ml-2\/#breadcrumb"},"inLanguage":"fr-FR","potentialAction":[{"@type":"ReadAction","target":["https:\/\/paracherkaoui.ma\/index.php\/produit\/svr-xerial-40-ongles-abimes-et-epaissis-10-ml-2\/"]}]},{"@type":"ImageObject","inLanguage":"fr-FR","@id":"https:\/\/paracherkaoui.ma\/index.php\/produit\/svr-xerial-40-ongles-abimes-et-epaissis-10-ml-2\/#primaryimage","url":"https:\/\/paracherkaoui.ma\/wp-content\/uploads\/2025\/12\/svr-svr-xerial-40-ongles-abimes-et-epaissis-10-ml-ongles.jpg","contentUrl":"https:\/\/paracherkaoui.ma\/wp-content\/uploads\/2025\/12\/svr-svr-xerial-40-ongles-abimes-et-epaissis-10-ml-ongles.jpg","width":700,"height":700},{"@type":"BreadcrumbList","@id":"https:\/\/paracherkaoui.ma\/index.php\/produit\/svr-xerial-40-ongles-abimes-et-epaissis-10-ml-2\/#breadcrumb","itemListElement":[{"@type":"ListItem","position":1,"name":"Accueil","item":"https:\/\/paracherkaoui.ma\/"},{"@type":"ListItem","position":2,"name":"Boutique","item":"https:\/\/paracherkaoui.ma\/index.php\/boutique\/"},{"@type":"ListItem","position":3,"name":"SVR XERIAL 40 ONGLES ABIMES ET EPAISSIS 10 ML"}]},{"@type":"WebSite","@id":"https:\/\/paracherkaoui.ma\/#website","url":"https:\/\/paracherkaoui.ma\/","name":"Paracherkaoui.ma","description":"Achetez en ligne sur Paracherkaoui.ma","potentialAction":[{"@type":"SearchAction","target":{"@type":"EntryPoint","urlTemplate":"https:\/\/paracherkaoui.ma\/?s={search_term_string}"},"query-input":{"@type":"PropertyValueSpecification","valueRequired":true,"valueName":"search_term_string"}}],"inLanguage":"fr-FR"}]}},"_links":{"self":[{"href":"https:\/\/paracherkaoui.ma\/index.php\/wp-json\/wp\/v2\/product\/14431","targetHints":{"allow":["GET"]}}],"collection":[{"href":"https:\/\/paracherkaoui.ma\/index.php\/wp-json\/wp\/v2\/product"}],"about":[{"href":"https:\/\/paracherkaoui.ma\/index.php\/wp-json\/wp\/v2\/types\/product"}],"replies":[{"embeddable":true,"href":"https:\/\/paracherkaoui.ma\/index.php\/wp-json\/wp\/v2\/comments?post=14431"}],"version-history":[{"count":1,"href":"https:\/\/paracherkaoui.ma\/index.php\/wp-json\/wp\/v2\/product\/14431\/revisions"}],"predecessor-version":[{"id":14483,"href":"https:\/\/paracherkaoui.ma\/index.php\/wp-json\/wp\/v2\/product\/14431\/revisions\/14483"}],"wp:featuredmedia":[{"embeddable":true,"href":"https:\/\/paracherkaoui.ma\/index.php\/wp-json\/wp\/v2\/media\/11242"}],"wp:attachment":[{"href":"https:\/\/paracherkaoui.ma\/index.php\/wp-json\/wp\/v2\/media?parent=14431"}],"wp:term":[{"taxonomy":"product_brand","embeddable":true,"href":"https:\/\/paracherkaoui.ma\/index.php\/wp-json\/wp\/v2\/product_brand?post=14431"},{"taxonomy":"product_cat","embeddable":true,"href":"https:\/\/paracherkaoui.ma\/index.php\/wp-json\/wp\/v2\/product_cat?post=14431"},{"taxonomy":"product_tag","embeddable":true,"href":"https:\/\/paracherkaoui.ma\/index.php\/wp-json\/wp\/v2\/product_tag?post=14431"}],"curies":[{"name":"wp","href":"https:\/\/api.w.org\/{rel}","templated":true}]}}