{"id":14346,"date":"2025-12-12T17:50:14","date_gmt":"2025-12-12T16:50:14","guid":{"rendered":"https:\/\/test.ecbeaute.com\/?post_type=product&#038;p=14346"},"modified":"2025-12-12T17:50:20","modified_gmt":"2025-12-12T16:50:20","slug":"svr-xerial-50-extreme-creme-pieds-50-ml-2","status":"publish","type":"product","link":"https:\/\/paracherkaoui.ma\/index.php\/produit\/svr-xerial-50-extreme-creme-pieds-50-ml-2\/","title":{"rendered":"SVR XERIAL 50 EXTREME CREME PIEDS 50 ML"},"content":{"rendered":"<p>DESCRIPTION:  Gr\u00e2ce \u00e0 la Technologie Ur\u00e9e Pure (brevet d\u00e9pos\u00e9) concentr\u00e9e \u00e0 50%, Prot\u00e9ase et Acides Amin\u00e9s, X\u00e9rial\u00a050 Extr\u00eame r\u00e9duit les callosit\u00e9s et les durillons rebelles en 7 jours.\u00a0 Concentr\u00e9 en Prot\u00e9ase et en Acide Salicylique pour une action en profondeur et plus d\u2019efficacit\u00e9.\u00a0Formul\u00e9 pour une tol\u00e9rance maximale.\u00a0Test\u00e9 sous contr\u00f4le dermatologique et podologique.  Conseils d&rsquo;utilisation:  Appliquer chaque jour sur la zone concern\u00e9e jusqu\u2019\u00e0 l\u2019effet recherch\u00e9.  En relais, appliquer chaque jour X\u00e9rial\u00ae 30 Cr\u00e8me pieds pour pr\u00e9venir l\u2019apparition des callosit\u00e9s.  Ne pas appliquer chez l\u2019enfant de moins de 3 ans.<\/p>\n","protected":false},"excerpt":{"rendered":"<p>DESCRIPTION: Gr\u00e2ce \u00e0 la Technologie Ur\u00e9e Pure (brevet d\u00e9pos\u00e9) concentr\u00e9e \u00e0 50%, Prot\u00e9ase et Acides Amin\u00e9s, X\u00e9rial\u00a050 Extr\u00eame r\u00e9duit les<\/p>\n","protected":false},"featured_media":11308,"comment_status":"open","ping_status":"closed","template":"","meta":[],"product_brand":[133],"product_cat":[180],"product_tag":[],"class_list":{"0":"post-14346","1":"product","2":"type-product","3":"status-publish","4":"has-post-thumbnail","6":"product_brand-svr","7":"product_cat-mains-et-pieds","9":"first","10":"instock","11":"sale","12":"shipping-taxable","13":"purchasable","14":"product-type-simple"},"yoast_head":"<!-- This site is optimized with the Yoast SEO plugin v26.6 - https:\/\/yoast.com\/wordpress\/plugins\/seo\/ -->\r\n<title>SVR XERIAL 50 EXTREME CREME PIEDS 50 ML - Paracherkaoui.ma<\/title>\r\n<meta name=\"robots\" content=\"index, follow, max-snippet:-1, max-image-preview:large, max-video-preview:-1\" \/>\r\n<link rel=\"canonical\" href=\"https:\/\/paracherkaoui.ma\/index.php\/produit\/svr-xerial-50-extreme-creme-pieds-50-ml-2\/\" \/>\r\n<meta property=\"og:locale\" content=\"fr_FR\" \/>\r\n<meta property=\"og:type\" content=\"article\" \/>\r\n<meta property=\"og:title\" content=\"SVR XERIAL 50 EXTREME CREME PIEDS 50 ML - Paracherkaoui.ma\" \/>\r\n<meta property=\"og:description\" content=\"DESCRIPTION: Gr\u00e2ce \u00e0 la Technologie Ur\u00e9e Pure (brevet d\u00e9pos\u00e9) concentr\u00e9e \u00e0 50%, Prot\u00e9ase et Acides Amin\u00e9s, X\u00e9rial\u00a050 Extr\u00eame r\u00e9duit les\" \/>\r\n<meta property=\"og:url\" content=\"https:\/\/paracherkaoui.ma\/index.php\/produit\/svr-xerial-50-extreme-creme-pieds-50-ml-2\/\" \/>\r\n<meta property=\"og:site_name\" content=\"Paracherkaoui.ma\" \/>\r\n<meta property=\"article:modified_time\" content=\"2025-12-12T16:50:20+00:00\" \/>\r\n<meta property=\"og:image\" content=\"https:\/\/paracherkaoui.ma\/wp-content\/uploads\/2025\/12\/svr-xerial-50-extreme-creme-pieds-50-ml.jpg\" \/>\r\n\t<meta property=\"og:image:width\" content=\"700\" \/>\r\n\t<meta property=\"og:image:height\" content=\"700\" \/>\r\n\t<meta property=\"og:image:type\" content=\"image\/jpeg\" \/>\r\n<meta name=\"twitter:card\" content=\"summary_large_image\" \/>\r\n<meta name=\"twitter:label1\" content=\"Dur\u00e9e de lecture estim\u00e9e\" \/>\n\t<meta name=\"twitter:data1\" content=\"1 minute\" \/>\r\n<script type=\"application\/ld+json\" class=\"yoast-schema-graph\">{\"@context\":\"https:\/\/schema.org\",\"@graph\":[{\"@type\":\"WebPage\",\"@id\":\"https:\/\/paracherkaoui.ma\/index.php\/produit\/svr-xerial-50-extreme-creme-pieds-50-ml-2\/\",\"url\":\"https:\/\/paracherkaoui.ma\/index.php\/produit\/svr-xerial-50-extreme-creme-pieds-50-ml-2\/\",\"name\":\"SVR XERIAL 50 EXTREME CREME PIEDS 50 ML - Paracherkaoui.ma\",\"isPartOf\":{\"@id\":\"https:\/\/paracherkaoui.ma\/#website\"},\"primaryImageOfPage\":{\"@id\":\"https:\/\/paracherkaoui.ma\/index.php\/produit\/svr-xerial-50-extreme-creme-pieds-50-ml-2\/#primaryimage\"},\"image\":{\"@id\":\"https:\/\/paracherkaoui.ma\/index.php\/produit\/svr-xerial-50-extreme-creme-pieds-50-ml-2\/#primaryimage\"},\"thumbnailUrl\":\"https:\/\/paracherkaoui.ma\/wp-content\/uploads\/2025\/12\/svr-xerial-50-extreme-creme-pieds-50-ml.jpg\",\"datePublished\":\"2025-12-12T16:50:14+00:00\",\"dateModified\":\"2025-12-12T16:50:20+00:00\",\"breadcrumb\":{\"@id\":\"https:\/\/paracherkaoui.ma\/index.php\/produit\/svr-xerial-50-extreme-creme-pieds-50-ml-2\/#breadcrumb\"},\"inLanguage\":\"fr-FR\",\"potentialAction\":[{\"@type\":\"ReadAction\",\"target\":[\"https:\/\/paracherkaoui.ma\/index.php\/produit\/svr-xerial-50-extreme-creme-pieds-50-ml-2\/\"]}]},{\"@type\":\"ImageObject\",\"inLanguage\":\"fr-FR\",\"@id\":\"https:\/\/paracherkaoui.ma\/index.php\/produit\/svr-xerial-50-extreme-creme-pieds-50-ml-2\/#primaryimage\",\"url\":\"https:\/\/paracherkaoui.ma\/wp-content\/uploads\/2025\/12\/svr-xerial-50-extreme-creme-pieds-50-ml.jpg\",\"contentUrl\":\"https:\/\/paracherkaoui.ma\/wp-content\/uploads\/2025\/12\/svr-xerial-50-extreme-creme-pieds-50-ml.jpg\",\"width\":700,\"height\":700},{\"@type\":\"BreadcrumbList\",\"@id\":\"https:\/\/paracherkaoui.ma\/index.php\/produit\/svr-xerial-50-extreme-creme-pieds-50-ml-2\/#breadcrumb\",\"itemListElement\":[{\"@type\":\"ListItem\",\"position\":1,\"name\":\"Accueil\",\"item\":\"https:\/\/paracherkaoui.ma\/\"},{\"@type\":\"ListItem\",\"position\":2,\"name\":\"Boutique\",\"item\":\"https:\/\/paracherkaoui.ma\/index.php\/boutique\/\"},{\"@type\":\"ListItem\",\"position\":3,\"name\":\"SVR XERIAL 50 EXTREME CREME PIEDS 50 ML\"}]},{\"@type\":\"WebSite\",\"@id\":\"https:\/\/paracherkaoui.ma\/#website\",\"url\":\"https:\/\/paracherkaoui.ma\/\",\"name\":\"Paracherkaoui.ma\",\"description\":\"Achetez en ligne sur Paracherkaoui.ma\",\"potentialAction\":[{\"@type\":\"SearchAction\",\"target\":{\"@type\":\"EntryPoint\",\"urlTemplate\":\"https:\/\/paracherkaoui.ma\/?s={search_term_string}\"},\"query-input\":{\"@type\":\"PropertyValueSpecification\",\"valueRequired\":true,\"valueName\":\"search_term_string\"}}],\"inLanguage\":\"fr-FR\"}]}<\/script>\r\n<!-- \/ Yoast SEO plugin. -->","yoast_head_json":{"title":"SVR XERIAL 50 EXTREME CREME PIEDS 50 ML - Paracherkaoui.ma","robots":{"index":"index","follow":"follow","max-snippet":"max-snippet:-1","max-image-preview":"max-image-preview:large","max-video-preview":"max-video-preview:-1"},"canonical":"https:\/\/paracherkaoui.ma\/index.php\/produit\/svr-xerial-50-extreme-creme-pieds-50-ml-2\/","og_locale":"fr_FR","og_type":"article","og_title":"SVR XERIAL 50 EXTREME CREME PIEDS 50 ML - Paracherkaoui.ma","og_description":"DESCRIPTION: Gr\u00e2ce \u00e0 la Technologie Ur\u00e9e Pure (brevet d\u00e9pos\u00e9) concentr\u00e9e \u00e0 50%, Prot\u00e9ase et Acides Amin\u00e9s, X\u00e9rial\u00a050 Extr\u00eame r\u00e9duit les","og_url":"https:\/\/paracherkaoui.ma\/index.php\/produit\/svr-xerial-50-extreme-creme-pieds-50-ml-2\/","og_site_name":"Paracherkaoui.ma","article_modified_time":"2025-12-12T16:50:20+00:00","og_image":[{"width":700,"height":700,"url":"https:\/\/paracherkaoui.ma\/wp-content\/uploads\/2025\/12\/svr-xerial-50-extreme-creme-pieds-50-ml.jpg","type":"image\/jpeg"}],"twitter_card":"summary_large_image","twitter_misc":{"Dur\u00e9e de lecture estim\u00e9e":"1 minute"},"schema":{"@context":"https:\/\/schema.org","@graph":[{"@type":"WebPage","@id":"https:\/\/paracherkaoui.ma\/index.php\/produit\/svr-xerial-50-extreme-creme-pieds-50-ml-2\/","url":"https:\/\/paracherkaoui.ma\/index.php\/produit\/svr-xerial-50-extreme-creme-pieds-50-ml-2\/","name":"SVR XERIAL 50 EXTREME CREME PIEDS 50 ML - Paracherkaoui.ma","isPartOf":{"@id":"https:\/\/paracherkaoui.ma\/#website"},"primaryImageOfPage":{"@id":"https:\/\/paracherkaoui.ma\/index.php\/produit\/svr-xerial-50-extreme-creme-pieds-50-ml-2\/#primaryimage"},"image":{"@id":"https:\/\/paracherkaoui.ma\/index.php\/produit\/svr-xerial-50-extreme-creme-pieds-50-ml-2\/#primaryimage"},"thumbnailUrl":"https:\/\/paracherkaoui.ma\/wp-content\/uploads\/2025\/12\/svr-xerial-50-extreme-creme-pieds-50-ml.jpg","datePublished":"2025-12-12T16:50:14+00:00","dateModified":"2025-12-12T16:50:20+00:00","breadcrumb":{"@id":"https:\/\/paracherkaoui.ma\/index.php\/produit\/svr-xerial-50-extreme-creme-pieds-50-ml-2\/#breadcrumb"},"inLanguage":"fr-FR","potentialAction":[{"@type":"ReadAction","target":["https:\/\/paracherkaoui.ma\/index.php\/produit\/svr-xerial-50-extreme-creme-pieds-50-ml-2\/"]}]},{"@type":"ImageObject","inLanguage":"fr-FR","@id":"https:\/\/paracherkaoui.ma\/index.php\/produit\/svr-xerial-50-extreme-creme-pieds-50-ml-2\/#primaryimage","url":"https:\/\/paracherkaoui.ma\/wp-content\/uploads\/2025\/12\/svr-xerial-50-extreme-creme-pieds-50-ml.jpg","contentUrl":"https:\/\/paracherkaoui.ma\/wp-content\/uploads\/2025\/12\/svr-xerial-50-extreme-creme-pieds-50-ml.jpg","width":700,"height":700},{"@type":"BreadcrumbList","@id":"https:\/\/paracherkaoui.ma\/index.php\/produit\/svr-xerial-50-extreme-creme-pieds-50-ml-2\/#breadcrumb","itemListElement":[{"@type":"ListItem","position":1,"name":"Accueil","item":"https:\/\/paracherkaoui.ma\/"},{"@type":"ListItem","position":2,"name":"Boutique","item":"https:\/\/paracherkaoui.ma\/index.php\/boutique\/"},{"@type":"ListItem","position":3,"name":"SVR XERIAL 50 EXTREME CREME PIEDS 50 ML"}]},{"@type":"WebSite","@id":"https:\/\/paracherkaoui.ma\/#website","url":"https:\/\/paracherkaoui.ma\/","name":"Paracherkaoui.ma","description":"Achetez en ligne sur Paracherkaoui.ma","potentialAction":[{"@type":"SearchAction","target":{"@type":"EntryPoint","urlTemplate":"https:\/\/paracherkaoui.ma\/?s={search_term_string}"},"query-input":{"@type":"PropertyValueSpecification","valueRequired":true,"valueName":"search_term_string"}}],"inLanguage":"fr-FR"}]}},"_links":{"self":[{"href":"https:\/\/paracherkaoui.ma\/index.php\/wp-json\/wp\/v2\/product\/14346","targetHints":{"allow":["GET"]}}],"collection":[{"href":"https:\/\/paracherkaoui.ma\/index.php\/wp-json\/wp\/v2\/product"}],"about":[{"href":"https:\/\/paracherkaoui.ma\/index.php\/wp-json\/wp\/v2\/types\/product"}],"replies":[{"embeddable":true,"href":"https:\/\/paracherkaoui.ma\/index.php\/wp-json\/wp\/v2\/comments?post=14346"}],"version-history":[{"count":1,"href":"https:\/\/paracherkaoui.ma\/index.php\/wp-json\/wp\/v2\/product\/14346\/revisions"}],"predecessor-version":[{"id":14403,"href":"https:\/\/paracherkaoui.ma\/index.php\/wp-json\/wp\/v2\/product\/14346\/revisions\/14403"}],"wp:featuredmedia":[{"embeddable":true,"href":"https:\/\/paracherkaoui.ma\/index.php\/wp-json\/wp\/v2\/media\/11308"}],"wp:attachment":[{"href":"https:\/\/paracherkaoui.ma\/index.php\/wp-json\/wp\/v2\/media?parent=14346"}],"wp:term":[{"taxonomy":"product_brand","embeddable":true,"href":"https:\/\/paracherkaoui.ma\/index.php\/wp-json\/wp\/v2\/product_brand?post=14346"},{"taxonomy":"product_cat","embeddable":true,"href":"https:\/\/paracherkaoui.ma\/index.php\/wp-json\/wp\/v2\/product_cat?post=14346"},{"taxonomy":"product_tag","embeddable":true,"href":"https:\/\/paracherkaoui.ma\/index.php\/wp-json\/wp\/v2\/product_tag?post=14346"}],"curies":[{"name":"wp","href":"https:\/\/api.w.org\/{rel}","templated":true}]}}