{"id":14345,"date":"2025-12-12T17:50:14","date_gmt":"2025-12-12T16:50:14","guid":{"rendered":"https:\/\/test.ecbeaute.com\/?post_type=product&#038;p=14345"},"modified":"2025-12-12T17:50:20","modified_gmt":"2025-12-12T16:50:20","slug":"isdin-ureadin-creme-reparatrice-mains-q10-50ml-2","status":"publish","type":"product","link":"https:\/\/paracherkaoui.ma\/index.php\/produit\/isdin-ureadin-creme-reparatrice-mains-q10-50ml-2\/","title":{"rendered":"ISDIN UREADIN CREME REPARATRICE MAINS Q10 &#8211; 50ML"},"content":{"rendered":"<p>Gr\u00e2ce \u00e0 ses propri\u00e9t\u00e9s hautement hydratantes, la Cr\u00e8me R\u00e9paratrice Mains p\u00e9n\u00e8tre en profondeur pour retenir l&rsquo;eau dans la peau, procurant un soulagement rapide et durable aux peaux tr\u00e8s s\u00e8ches. Sa texture l\u00e9g\u00e8re est rapidement absorb\u00e9e, offrant une hydratation instantan\u00e9e sans laisser de film gras. Vos mains et vos ongles sont ainsi parfaitement soign\u00e9s au quotidien. Conseils d&rsquo;utilisation Appliquez une noisette de cr\u00e8me sur des mains propres et s\u00e8ches. Massez d\u00e9licatement jusqu&rsquo;\u00e0 absorption compl\u00e8te. Utilisez aussi souvent que n\u00e9cessaire, notamment apr\u00e8s le lavage des mains ou en cas de sensation de s\u00e9cheresse. \u00c9vitez le contact avec les yeux et les muqueuses. Composition Aqua, Glycerin, Dimethicone, Cetearyl Alcohol, Panthenol, Urea, Paraffinum Liquidum, Petrolatum, Lactic Acid, Ammonium Acryloyldimethyltaurate\/VP Copolymer, Phenylpropanol, Octyldodecanol, Sodium Cetearyl Sulfate, Sodium Hydroxide, Propanediol, Dimethicone Crosspolymer, Caprylyl Glycol, Tetrasodium Glutamate Diacetate, Parfum, Citric Acid, Ubiquinone, Disodium Phosphate, Potassium Phosphate, Tocopherol. Offrez \u00e0 vos mains le soin qu&rsquo;elles m\u00e9ritent avec la Cr\u00e8me R\u00e9paratrice Mains ISDIN Ureadin Plus, pour une hydratation profonde et une protection durable contre la s\u00e9cheresse.<\/p>\n","protected":false},"excerpt":{"rendered":"<p>Gr\u00e2ce \u00e0 ses propri\u00e9t\u00e9s hautement hydratantes, la Cr\u00e8me R\u00e9paratrice Mains p\u00e9n\u00e8tre en profondeur pour retenir l&rsquo;eau dans la peau, procurant<\/p>\n","protected":false},"featured_media":11216,"comment_status":"open","ping_status":"closed","template":"","meta":[],"product_brand":[135],"product_cat":[180],"product_tag":[],"class_list":{"0":"post-14345","1":"product","2":"type-product","3":"status-publish","4":"has-post-thumbnail","6":"product_brand-isdin","7":"product_cat-mains-et-pieds","9":"first","10":"instock","11":"sale","12":"shipping-taxable","13":"purchasable","14":"product-type-simple"},"yoast_head":"<!-- This site is optimized with the Yoast SEO plugin v26.6 - https:\/\/yoast.com\/wordpress\/plugins\/seo\/ -->\r\n<title>ISDIN UREADIN CREME REPARATRICE MAINS Q10 - 50ML - Paracherkaoui.ma<\/title>\r\n<meta name=\"robots\" content=\"index, follow, max-snippet:-1, max-image-preview:large, max-video-preview:-1\" \/>\r\n<link rel=\"canonical\" href=\"https:\/\/paracherkaoui.ma\/index.php\/produit\/isdin-ureadin-creme-reparatrice-mains-q10-50ml-2\/\" \/>\r\n<meta property=\"og:locale\" content=\"fr_FR\" \/>\r\n<meta property=\"og:type\" content=\"article\" \/>\r\n<meta property=\"og:title\" content=\"ISDIN UREADIN CREME REPARATRICE MAINS Q10 - 50ML - Paracherkaoui.ma\" \/>\r\n<meta property=\"og:description\" content=\"Gr\u00e2ce \u00e0 ses propri\u00e9t\u00e9s hautement hydratantes, la Cr\u00e8me R\u00e9paratrice Mains p\u00e9n\u00e8tre en profondeur pour retenir l&rsquo;eau dans la peau, procurant\" \/>\r\n<meta property=\"og:url\" content=\"https:\/\/paracherkaoui.ma\/index.php\/produit\/isdin-ureadin-creme-reparatrice-mains-q10-50ml-2\/\" \/>\r\n<meta property=\"og:site_name\" content=\"Paracherkaoui.ma\" \/>\r\n<meta property=\"article:modified_time\" content=\"2025-12-12T16:50:20+00:00\" \/>\r\n<meta property=\"og:image\" content=\"https:\/\/paracherkaoui.ma\/wp-content\/uploads\/2025\/12\/isdin-isdin-ureadin-creme-reparatrice-mains-q10-50ml-soins-mains-et-pieds.jpg\" \/>\r\n\t<meta property=\"og:image:width\" content=\"700\" \/>\r\n\t<meta property=\"og:image:height\" content=\"700\" \/>\r\n\t<meta property=\"og:image:type\" content=\"image\/jpeg\" \/>\r\n<meta name=\"twitter:card\" content=\"summary_large_image\" \/>\r\n<meta name=\"twitter:label1\" content=\"Dur\u00e9e de lecture estim\u00e9e\" \/>\n\t<meta name=\"twitter:data1\" content=\"1 minute\" \/>\r\n<script type=\"application\/ld+json\" class=\"yoast-schema-graph\">{\"@context\":\"https:\/\/schema.org\",\"@graph\":[{\"@type\":\"WebPage\",\"@id\":\"https:\/\/paracherkaoui.ma\/index.php\/produit\/isdin-ureadin-creme-reparatrice-mains-q10-50ml-2\/\",\"url\":\"https:\/\/paracherkaoui.ma\/index.php\/produit\/isdin-ureadin-creme-reparatrice-mains-q10-50ml-2\/\",\"name\":\"ISDIN UREADIN CREME REPARATRICE MAINS Q10 - 50ML - Paracherkaoui.ma\",\"isPartOf\":{\"@id\":\"https:\/\/paracherkaoui.ma\/#website\"},\"primaryImageOfPage\":{\"@id\":\"https:\/\/paracherkaoui.ma\/index.php\/produit\/isdin-ureadin-creme-reparatrice-mains-q10-50ml-2\/#primaryimage\"},\"image\":{\"@id\":\"https:\/\/paracherkaoui.ma\/index.php\/produit\/isdin-ureadin-creme-reparatrice-mains-q10-50ml-2\/#primaryimage\"},\"thumbnailUrl\":\"https:\/\/paracherkaoui.ma\/wp-content\/uploads\/2025\/12\/isdin-isdin-ureadin-creme-reparatrice-mains-q10-50ml-soins-mains-et-pieds.jpg\",\"datePublished\":\"2025-12-12T16:50:14+00:00\",\"dateModified\":\"2025-12-12T16:50:20+00:00\",\"breadcrumb\":{\"@id\":\"https:\/\/paracherkaoui.ma\/index.php\/produit\/isdin-ureadin-creme-reparatrice-mains-q10-50ml-2\/#breadcrumb\"},\"inLanguage\":\"fr-FR\",\"potentialAction\":[{\"@type\":\"ReadAction\",\"target\":[\"https:\/\/paracherkaoui.ma\/index.php\/produit\/isdin-ureadin-creme-reparatrice-mains-q10-50ml-2\/\"]}]},{\"@type\":\"ImageObject\",\"inLanguage\":\"fr-FR\",\"@id\":\"https:\/\/paracherkaoui.ma\/index.php\/produit\/isdin-ureadin-creme-reparatrice-mains-q10-50ml-2\/#primaryimage\",\"url\":\"https:\/\/paracherkaoui.ma\/wp-content\/uploads\/2025\/12\/isdin-isdin-ureadin-creme-reparatrice-mains-q10-50ml-soins-mains-et-pieds.jpg\",\"contentUrl\":\"https:\/\/paracherkaoui.ma\/wp-content\/uploads\/2025\/12\/isdin-isdin-ureadin-creme-reparatrice-mains-q10-50ml-soins-mains-et-pieds.jpg\",\"width\":700,\"height\":700},{\"@type\":\"BreadcrumbList\",\"@id\":\"https:\/\/paracherkaoui.ma\/index.php\/produit\/isdin-ureadin-creme-reparatrice-mains-q10-50ml-2\/#breadcrumb\",\"itemListElement\":[{\"@type\":\"ListItem\",\"position\":1,\"name\":\"Accueil\",\"item\":\"https:\/\/paracherkaoui.ma\/\"},{\"@type\":\"ListItem\",\"position\":2,\"name\":\"Boutique\",\"item\":\"https:\/\/paracherkaoui.ma\/index.php\/boutique\/\"},{\"@type\":\"ListItem\",\"position\":3,\"name\":\"ISDIN UREADIN CREME REPARATRICE MAINS Q10 &#8211; 50ML\"}]},{\"@type\":\"WebSite\",\"@id\":\"https:\/\/paracherkaoui.ma\/#website\",\"url\":\"https:\/\/paracherkaoui.ma\/\",\"name\":\"Paracherkaoui.ma\",\"description\":\"Achetez en ligne sur Paracherkaoui.ma\",\"potentialAction\":[{\"@type\":\"SearchAction\",\"target\":{\"@type\":\"EntryPoint\",\"urlTemplate\":\"https:\/\/paracherkaoui.ma\/?s={search_term_string}\"},\"query-input\":{\"@type\":\"PropertyValueSpecification\",\"valueRequired\":true,\"valueName\":\"search_term_string\"}}],\"inLanguage\":\"fr-FR\"}]}<\/script>\r\n<!-- \/ Yoast SEO plugin. -->","yoast_head_json":{"title":"ISDIN UREADIN CREME REPARATRICE MAINS Q10 - 50ML - Paracherkaoui.ma","robots":{"index":"index","follow":"follow","max-snippet":"max-snippet:-1","max-image-preview":"max-image-preview:large","max-video-preview":"max-video-preview:-1"},"canonical":"https:\/\/paracherkaoui.ma\/index.php\/produit\/isdin-ureadin-creme-reparatrice-mains-q10-50ml-2\/","og_locale":"fr_FR","og_type":"article","og_title":"ISDIN UREADIN CREME REPARATRICE MAINS Q10 - 50ML - Paracherkaoui.ma","og_description":"Gr\u00e2ce \u00e0 ses propri\u00e9t\u00e9s hautement hydratantes, la Cr\u00e8me R\u00e9paratrice Mains p\u00e9n\u00e8tre en profondeur pour retenir l&rsquo;eau dans la peau, procurant","og_url":"https:\/\/paracherkaoui.ma\/index.php\/produit\/isdin-ureadin-creme-reparatrice-mains-q10-50ml-2\/","og_site_name":"Paracherkaoui.ma","article_modified_time":"2025-12-12T16:50:20+00:00","og_image":[{"width":700,"height":700,"url":"https:\/\/paracherkaoui.ma\/wp-content\/uploads\/2025\/12\/isdin-isdin-ureadin-creme-reparatrice-mains-q10-50ml-soins-mains-et-pieds.jpg","type":"image\/jpeg"}],"twitter_card":"summary_large_image","twitter_misc":{"Dur\u00e9e de lecture estim\u00e9e":"1 minute"},"schema":{"@context":"https:\/\/schema.org","@graph":[{"@type":"WebPage","@id":"https:\/\/paracherkaoui.ma\/index.php\/produit\/isdin-ureadin-creme-reparatrice-mains-q10-50ml-2\/","url":"https:\/\/paracherkaoui.ma\/index.php\/produit\/isdin-ureadin-creme-reparatrice-mains-q10-50ml-2\/","name":"ISDIN UREADIN CREME REPARATRICE MAINS Q10 - 50ML - Paracherkaoui.ma","isPartOf":{"@id":"https:\/\/paracherkaoui.ma\/#website"},"primaryImageOfPage":{"@id":"https:\/\/paracherkaoui.ma\/index.php\/produit\/isdin-ureadin-creme-reparatrice-mains-q10-50ml-2\/#primaryimage"},"image":{"@id":"https:\/\/paracherkaoui.ma\/index.php\/produit\/isdin-ureadin-creme-reparatrice-mains-q10-50ml-2\/#primaryimage"},"thumbnailUrl":"https:\/\/paracherkaoui.ma\/wp-content\/uploads\/2025\/12\/isdin-isdin-ureadin-creme-reparatrice-mains-q10-50ml-soins-mains-et-pieds.jpg","datePublished":"2025-12-12T16:50:14+00:00","dateModified":"2025-12-12T16:50:20+00:00","breadcrumb":{"@id":"https:\/\/paracherkaoui.ma\/index.php\/produit\/isdin-ureadin-creme-reparatrice-mains-q10-50ml-2\/#breadcrumb"},"inLanguage":"fr-FR","potentialAction":[{"@type":"ReadAction","target":["https:\/\/paracherkaoui.ma\/index.php\/produit\/isdin-ureadin-creme-reparatrice-mains-q10-50ml-2\/"]}]},{"@type":"ImageObject","inLanguage":"fr-FR","@id":"https:\/\/paracherkaoui.ma\/index.php\/produit\/isdin-ureadin-creme-reparatrice-mains-q10-50ml-2\/#primaryimage","url":"https:\/\/paracherkaoui.ma\/wp-content\/uploads\/2025\/12\/isdin-isdin-ureadin-creme-reparatrice-mains-q10-50ml-soins-mains-et-pieds.jpg","contentUrl":"https:\/\/paracherkaoui.ma\/wp-content\/uploads\/2025\/12\/isdin-isdin-ureadin-creme-reparatrice-mains-q10-50ml-soins-mains-et-pieds.jpg","width":700,"height":700},{"@type":"BreadcrumbList","@id":"https:\/\/paracherkaoui.ma\/index.php\/produit\/isdin-ureadin-creme-reparatrice-mains-q10-50ml-2\/#breadcrumb","itemListElement":[{"@type":"ListItem","position":1,"name":"Accueil","item":"https:\/\/paracherkaoui.ma\/"},{"@type":"ListItem","position":2,"name":"Boutique","item":"https:\/\/paracherkaoui.ma\/index.php\/boutique\/"},{"@type":"ListItem","position":3,"name":"ISDIN UREADIN CREME REPARATRICE MAINS Q10 &#8211; 50ML"}]},{"@type":"WebSite","@id":"https:\/\/paracherkaoui.ma\/#website","url":"https:\/\/paracherkaoui.ma\/","name":"Paracherkaoui.ma","description":"Achetez en ligne sur Paracherkaoui.ma","potentialAction":[{"@type":"SearchAction","target":{"@type":"EntryPoint","urlTemplate":"https:\/\/paracherkaoui.ma\/?s={search_term_string}"},"query-input":{"@type":"PropertyValueSpecification","valueRequired":true,"valueName":"search_term_string"}}],"inLanguage":"fr-FR"}]}},"_links":{"self":[{"href":"https:\/\/paracherkaoui.ma\/index.php\/wp-json\/wp\/v2\/product\/14345","targetHints":{"allow":["GET"]}}],"collection":[{"href":"https:\/\/paracherkaoui.ma\/index.php\/wp-json\/wp\/v2\/product"}],"about":[{"href":"https:\/\/paracherkaoui.ma\/index.php\/wp-json\/wp\/v2\/types\/product"}],"replies":[{"embeddable":true,"href":"https:\/\/paracherkaoui.ma\/index.php\/wp-json\/wp\/v2\/comments?post=14345"}],"version-history":[{"count":1,"href":"https:\/\/paracherkaoui.ma\/index.php\/wp-json\/wp\/v2\/product\/14345\/revisions"}],"predecessor-version":[{"id":14400,"href":"https:\/\/paracherkaoui.ma\/index.php\/wp-json\/wp\/v2\/product\/14345\/revisions\/14400"}],"wp:featuredmedia":[{"embeddable":true,"href":"https:\/\/paracherkaoui.ma\/index.php\/wp-json\/wp\/v2\/media\/11216"}],"wp:attachment":[{"href":"https:\/\/paracherkaoui.ma\/index.php\/wp-json\/wp\/v2\/media?parent=14345"}],"wp:term":[{"taxonomy":"product_brand","embeddable":true,"href":"https:\/\/paracherkaoui.ma\/index.php\/wp-json\/wp\/v2\/product_brand?post=14345"},{"taxonomy":"product_cat","embeddable":true,"href":"https:\/\/paracherkaoui.ma\/index.php\/wp-json\/wp\/v2\/product_cat?post=14345"},{"taxonomy":"product_tag","embeddable":true,"href":"https:\/\/paracherkaoui.ma\/index.php\/wp-json\/wp\/v2\/product_tag?post=14345"}],"curies":[{"name":"wp","href":"https:\/\/api.w.org\/{rel}","templated":true}]}}