{"id":14344,"date":"2025-12-12T17:50:14","date_gmt":"2025-12-12T16:50:14","guid":{"rendered":"https:\/\/test.ecbeaute.com\/?post_type=product&#038;p=14344"},"modified":"2025-12-12T17:50:20","modified_gmt":"2025-12-12T16:50:20","slug":"eucerin-urea-repair-plus-creme-pieds-10-duree-100-ml-2","status":"publish","type":"product","link":"https:\/\/paracherkaoui.ma\/index.php\/produit\/eucerin-urea-repair-plus-creme-pieds-10-duree-100-ml-2\/","title":{"rendered":"EUCERIN UREA REPAIR PLUS CREME PIEDS 10% D&rsquo;UREE 100 ML"},"content":{"rendered":"<p>Adapt\u00e9e aux pieds tr\u00e8s secs, sujets aux tiraillements et \u00e0 la desquamation, cette cr\u00e8me pied sans parfum p\u00e9n\u00e8tre rapidement sans laisser de film gras. Elle agit imm\u00e9diatement pour apaiser la peau et pr\u00e9venir la r\u00e9apparition des signes de s\u00e9cheresse. R\u00e9sultat : vos pieds retrouvent douceur, souplesse et confort, m\u00eame dans les cas de s\u00e9cheresse s\u00e9v\u00e8re li\u00e9s au psoriasis, \u00e0 la x\u00e9rose ou au diab\u00e8te. Sa formule renforc\u00e9e en c\u00e9ramides, lactate, acides amin\u00e9s et lipides essentiels aide \u00e0 restaurer la barri\u00e8re cutan\u00e9e, \u00e0 limiter la perte insensible en eau et \u00e0 renforcer la r\u00e9sistance de la peau. Convient aux peaux sensibles, matures et diab\u00e9tiques  Id\u00e9al pour un usage quotidien  Formule test\u00e9e dermatologiquement, sans parfum Conseils d&rsquo;utilisation Appliquez matin et soir sur des pieds propres et secs. Massez doucement, en insistant sur les zones rugueuses comme les talons. Laissez p\u00e9n\u00e9trer enti\u00e8rement. Ne pas conserver \u00e0 plus de 25\u00b0C. Composition Aqua, Urea, Glycerin, Cetearyl Alcohol, Caprylic\/Capric Triglyceride, Ethylhexyl Cocoate, Hydrogenated Coco-Glycerides, Octyldodecanol, Sodium Lactate, Glyceryl Stearate SE, Distarch Phosphate, Ceramide NP, Lactic Acid, Arginine HCL, Sodium PCA, Cholesterol, Helianthus Annuus Seed Oil, Alanine, Carnitine, Glycine, Sodium Chloride, Dimethicone, Carbomer, Sorbitan Stearate, Sodium Cetearyl Sulfate, Phenoxyethanol<\/p>\n","protected":false},"excerpt":{"rendered":"<p>Adapt\u00e9e aux pieds tr\u00e8s secs, sujets aux tiraillements et \u00e0 la desquamation, cette cr\u00e8me pied sans parfum p\u00e9n\u00e8tre rapidement sans<\/p>\n","protected":false},"featured_media":11135,"comment_status":"open","ping_status":"closed","template":"","meta":[],"product_brand":[134],"product_cat":[180],"product_tag":[],"class_list":{"0":"post-14344","1":"product","2":"type-product","3":"status-publish","4":"has-post-thumbnail","6":"product_brand-eucerin","7":"product_cat-mains-et-pieds","9":"first","10":"instock","11":"sale","12":"shipping-taxable","13":"purchasable","14":"product-type-simple"},"yoast_head":"<!-- This site is optimized with the Yoast SEO plugin v26.6 - https:\/\/yoast.com\/wordpress\/plugins\/seo\/ -->\r\n<title>EUCERIN UREA REPAIR PLUS CREME PIEDS 10% D&#039;UREE 100 ML - Paracherkaoui.ma<\/title>\r\n<meta name=\"robots\" content=\"index, follow, max-snippet:-1, max-image-preview:large, max-video-preview:-1\" \/>\r\n<link rel=\"canonical\" href=\"https:\/\/paracherkaoui.ma\/index.php\/produit\/eucerin-urea-repair-plus-creme-pieds-10-duree-100-ml-2\/\" \/>\r\n<meta property=\"og:locale\" content=\"fr_FR\" \/>\r\n<meta property=\"og:type\" content=\"article\" \/>\r\n<meta property=\"og:title\" content=\"EUCERIN UREA REPAIR PLUS CREME PIEDS 10% D&#039;UREE 100 ML - Paracherkaoui.ma\" \/>\r\n<meta property=\"og:description\" content=\"Adapt\u00e9e aux pieds tr\u00e8s secs, sujets aux tiraillements et \u00e0 la desquamation, cette cr\u00e8me pied sans parfum p\u00e9n\u00e8tre rapidement sans\" \/>\r\n<meta property=\"og:url\" content=\"https:\/\/paracherkaoui.ma\/index.php\/produit\/eucerin-urea-repair-plus-creme-pieds-10-duree-100-ml-2\/\" \/>\r\n<meta property=\"og:site_name\" content=\"Paracherkaoui.ma\" \/>\r\n<meta property=\"article:modified_time\" content=\"2025-12-12T16:50:20+00:00\" \/>\r\n<meta property=\"og:image\" content=\"https:\/\/paracherkaoui.ma\/wp-content\/uploads\/2025\/12\/eucerin-eucerin-urea-repair-plus-creme-pieds-10-duree-100-ml-accueil.jpg\" \/>\r\n\t<meta property=\"og:image:width\" content=\"700\" \/>\r\n\t<meta property=\"og:image:height\" content=\"700\" \/>\r\n\t<meta property=\"og:image:type\" content=\"image\/jpeg\" \/>\r\n<meta name=\"twitter:card\" content=\"summary_large_image\" \/>\r\n<meta name=\"twitter:label1\" content=\"Dur\u00e9e de lecture estim\u00e9e\" \/>\n\t<meta name=\"twitter:data1\" content=\"1 minute\" \/>\r\n<script type=\"application\/ld+json\" class=\"yoast-schema-graph\">{\"@context\":\"https:\/\/schema.org\",\"@graph\":[{\"@type\":\"WebPage\",\"@id\":\"https:\/\/paracherkaoui.ma\/index.php\/produit\/eucerin-urea-repair-plus-creme-pieds-10-duree-100-ml-2\/\",\"url\":\"https:\/\/paracherkaoui.ma\/index.php\/produit\/eucerin-urea-repair-plus-creme-pieds-10-duree-100-ml-2\/\",\"name\":\"EUCERIN UREA REPAIR PLUS CREME PIEDS 10% D'UREE 100 ML - Paracherkaoui.ma\",\"isPartOf\":{\"@id\":\"https:\/\/paracherkaoui.ma\/#website\"},\"primaryImageOfPage\":{\"@id\":\"https:\/\/paracherkaoui.ma\/index.php\/produit\/eucerin-urea-repair-plus-creme-pieds-10-duree-100-ml-2\/#primaryimage\"},\"image\":{\"@id\":\"https:\/\/paracherkaoui.ma\/index.php\/produit\/eucerin-urea-repair-plus-creme-pieds-10-duree-100-ml-2\/#primaryimage\"},\"thumbnailUrl\":\"https:\/\/paracherkaoui.ma\/wp-content\/uploads\/2025\/12\/eucerin-eucerin-urea-repair-plus-creme-pieds-10-duree-100-ml-accueil.jpg\",\"datePublished\":\"2025-12-12T16:50:14+00:00\",\"dateModified\":\"2025-12-12T16:50:20+00:00\",\"breadcrumb\":{\"@id\":\"https:\/\/paracherkaoui.ma\/index.php\/produit\/eucerin-urea-repair-plus-creme-pieds-10-duree-100-ml-2\/#breadcrumb\"},\"inLanguage\":\"fr-FR\",\"potentialAction\":[{\"@type\":\"ReadAction\",\"target\":[\"https:\/\/paracherkaoui.ma\/index.php\/produit\/eucerin-urea-repair-plus-creme-pieds-10-duree-100-ml-2\/\"]}]},{\"@type\":\"ImageObject\",\"inLanguage\":\"fr-FR\",\"@id\":\"https:\/\/paracherkaoui.ma\/index.php\/produit\/eucerin-urea-repair-plus-creme-pieds-10-duree-100-ml-2\/#primaryimage\",\"url\":\"https:\/\/paracherkaoui.ma\/wp-content\/uploads\/2025\/12\/eucerin-eucerin-urea-repair-plus-creme-pieds-10-duree-100-ml-accueil.jpg\",\"contentUrl\":\"https:\/\/paracherkaoui.ma\/wp-content\/uploads\/2025\/12\/eucerin-eucerin-urea-repair-plus-creme-pieds-10-duree-100-ml-accueil.jpg\",\"width\":700,\"height\":700},{\"@type\":\"BreadcrumbList\",\"@id\":\"https:\/\/paracherkaoui.ma\/index.php\/produit\/eucerin-urea-repair-plus-creme-pieds-10-duree-100-ml-2\/#breadcrumb\",\"itemListElement\":[{\"@type\":\"ListItem\",\"position\":1,\"name\":\"Accueil\",\"item\":\"https:\/\/paracherkaoui.ma\/\"},{\"@type\":\"ListItem\",\"position\":2,\"name\":\"Boutique\",\"item\":\"https:\/\/paracherkaoui.ma\/index.php\/boutique\/\"},{\"@type\":\"ListItem\",\"position\":3,\"name\":\"EUCERIN UREA REPAIR PLUS CREME PIEDS 10% D&rsquo;UREE 100 ML\"}]},{\"@type\":\"WebSite\",\"@id\":\"https:\/\/paracherkaoui.ma\/#website\",\"url\":\"https:\/\/paracherkaoui.ma\/\",\"name\":\"Paracherkaoui.ma\",\"description\":\"Achetez en ligne sur Paracherkaoui.ma\",\"potentialAction\":[{\"@type\":\"SearchAction\",\"target\":{\"@type\":\"EntryPoint\",\"urlTemplate\":\"https:\/\/paracherkaoui.ma\/?s={search_term_string}\"},\"query-input\":{\"@type\":\"PropertyValueSpecification\",\"valueRequired\":true,\"valueName\":\"search_term_string\"}}],\"inLanguage\":\"fr-FR\"}]}<\/script>\r\n<!-- \/ Yoast SEO plugin. -->","yoast_head_json":{"title":"EUCERIN UREA REPAIR PLUS CREME PIEDS 10% D'UREE 100 ML - Paracherkaoui.ma","robots":{"index":"index","follow":"follow","max-snippet":"max-snippet:-1","max-image-preview":"max-image-preview:large","max-video-preview":"max-video-preview:-1"},"canonical":"https:\/\/paracherkaoui.ma\/index.php\/produit\/eucerin-urea-repair-plus-creme-pieds-10-duree-100-ml-2\/","og_locale":"fr_FR","og_type":"article","og_title":"EUCERIN UREA REPAIR PLUS CREME PIEDS 10% D'UREE 100 ML - Paracherkaoui.ma","og_description":"Adapt\u00e9e aux pieds tr\u00e8s secs, sujets aux tiraillements et \u00e0 la desquamation, cette cr\u00e8me pied sans parfum p\u00e9n\u00e8tre rapidement sans","og_url":"https:\/\/paracherkaoui.ma\/index.php\/produit\/eucerin-urea-repair-plus-creme-pieds-10-duree-100-ml-2\/","og_site_name":"Paracherkaoui.ma","article_modified_time":"2025-12-12T16:50:20+00:00","og_image":[{"width":700,"height":700,"url":"https:\/\/paracherkaoui.ma\/wp-content\/uploads\/2025\/12\/eucerin-eucerin-urea-repair-plus-creme-pieds-10-duree-100-ml-accueil.jpg","type":"image\/jpeg"}],"twitter_card":"summary_large_image","twitter_misc":{"Dur\u00e9e de lecture estim\u00e9e":"1 minute"},"schema":{"@context":"https:\/\/schema.org","@graph":[{"@type":"WebPage","@id":"https:\/\/paracherkaoui.ma\/index.php\/produit\/eucerin-urea-repair-plus-creme-pieds-10-duree-100-ml-2\/","url":"https:\/\/paracherkaoui.ma\/index.php\/produit\/eucerin-urea-repair-plus-creme-pieds-10-duree-100-ml-2\/","name":"EUCERIN UREA REPAIR PLUS CREME PIEDS 10% D'UREE 100 ML - Paracherkaoui.ma","isPartOf":{"@id":"https:\/\/paracherkaoui.ma\/#website"},"primaryImageOfPage":{"@id":"https:\/\/paracherkaoui.ma\/index.php\/produit\/eucerin-urea-repair-plus-creme-pieds-10-duree-100-ml-2\/#primaryimage"},"image":{"@id":"https:\/\/paracherkaoui.ma\/index.php\/produit\/eucerin-urea-repair-plus-creme-pieds-10-duree-100-ml-2\/#primaryimage"},"thumbnailUrl":"https:\/\/paracherkaoui.ma\/wp-content\/uploads\/2025\/12\/eucerin-eucerin-urea-repair-plus-creme-pieds-10-duree-100-ml-accueil.jpg","datePublished":"2025-12-12T16:50:14+00:00","dateModified":"2025-12-12T16:50:20+00:00","breadcrumb":{"@id":"https:\/\/paracherkaoui.ma\/index.php\/produit\/eucerin-urea-repair-plus-creme-pieds-10-duree-100-ml-2\/#breadcrumb"},"inLanguage":"fr-FR","potentialAction":[{"@type":"ReadAction","target":["https:\/\/paracherkaoui.ma\/index.php\/produit\/eucerin-urea-repair-plus-creme-pieds-10-duree-100-ml-2\/"]}]},{"@type":"ImageObject","inLanguage":"fr-FR","@id":"https:\/\/paracherkaoui.ma\/index.php\/produit\/eucerin-urea-repair-plus-creme-pieds-10-duree-100-ml-2\/#primaryimage","url":"https:\/\/paracherkaoui.ma\/wp-content\/uploads\/2025\/12\/eucerin-eucerin-urea-repair-plus-creme-pieds-10-duree-100-ml-accueil.jpg","contentUrl":"https:\/\/paracherkaoui.ma\/wp-content\/uploads\/2025\/12\/eucerin-eucerin-urea-repair-plus-creme-pieds-10-duree-100-ml-accueil.jpg","width":700,"height":700},{"@type":"BreadcrumbList","@id":"https:\/\/paracherkaoui.ma\/index.php\/produit\/eucerin-urea-repair-plus-creme-pieds-10-duree-100-ml-2\/#breadcrumb","itemListElement":[{"@type":"ListItem","position":1,"name":"Accueil","item":"https:\/\/paracherkaoui.ma\/"},{"@type":"ListItem","position":2,"name":"Boutique","item":"https:\/\/paracherkaoui.ma\/index.php\/boutique\/"},{"@type":"ListItem","position":3,"name":"EUCERIN UREA REPAIR PLUS CREME PIEDS 10% D&rsquo;UREE 100 ML"}]},{"@type":"WebSite","@id":"https:\/\/paracherkaoui.ma\/#website","url":"https:\/\/paracherkaoui.ma\/","name":"Paracherkaoui.ma","description":"Achetez en ligne sur Paracherkaoui.ma","potentialAction":[{"@type":"SearchAction","target":{"@type":"EntryPoint","urlTemplate":"https:\/\/paracherkaoui.ma\/?s={search_term_string}"},"query-input":{"@type":"PropertyValueSpecification","valueRequired":true,"valueName":"search_term_string"}}],"inLanguage":"fr-FR"}]}},"_links":{"self":[{"href":"https:\/\/paracherkaoui.ma\/index.php\/wp-json\/wp\/v2\/product\/14344","targetHints":{"allow":["GET"]}}],"collection":[{"href":"https:\/\/paracherkaoui.ma\/index.php\/wp-json\/wp\/v2\/product"}],"about":[{"href":"https:\/\/paracherkaoui.ma\/index.php\/wp-json\/wp\/v2\/types\/product"}],"replies":[{"embeddable":true,"href":"https:\/\/paracherkaoui.ma\/index.php\/wp-json\/wp\/v2\/comments?post=14344"}],"version-history":[{"count":1,"href":"https:\/\/paracherkaoui.ma\/index.php\/wp-json\/wp\/v2\/product\/14344\/revisions"}],"predecessor-version":[{"id":14398,"href":"https:\/\/paracherkaoui.ma\/index.php\/wp-json\/wp\/v2\/product\/14344\/revisions\/14398"}],"wp:featuredmedia":[{"embeddable":true,"href":"https:\/\/paracherkaoui.ma\/index.php\/wp-json\/wp\/v2\/media\/11135"}],"wp:attachment":[{"href":"https:\/\/paracherkaoui.ma\/index.php\/wp-json\/wp\/v2\/media?parent=14344"}],"wp:term":[{"taxonomy":"product_brand","embeddable":true,"href":"https:\/\/paracherkaoui.ma\/index.php\/wp-json\/wp\/v2\/product_brand?post=14344"},{"taxonomy":"product_cat","embeddable":true,"href":"https:\/\/paracherkaoui.ma\/index.php\/wp-json\/wp\/v2\/product_cat?post=14344"},{"taxonomy":"product_tag","embeddable":true,"href":"https:\/\/paracherkaoui.ma\/index.php\/wp-json\/wp\/v2\/product_tag?post=14344"}],"curies":[{"name":"wp","href":"https:\/\/api.w.org\/{rel}","templated":true}]}}