{"id":14338,"date":"2025-12-12T17:50:13","date_gmt":"2025-12-12T16:50:13","guid":{"rendered":"https:\/\/test.ecbeaute.com\/?post_type=product&#038;p=14338"},"modified":"2025-12-12T17:50:19","modified_gmt":"2025-12-12T16:50:19","slug":"eucerin-atopicontrol-emollient-corps-250-ml-2","status":"publish","type":"product","link":"https:\/\/paracherkaoui.ma\/index.php\/produit\/eucerin-atopicontrol-emollient-corps-250-ml-2\/","title":{"rendered":"EUCERIN ATOPICONTROL EMOLLIENT CORPS 250 ML"},"content":{"rendered":"<p>Eucerin atopicontrol Emollient Corps 250 ml  EUCERIN ATOPICONTROL Emollient corps calmant 12% Omega est un soin quotidien \u00e0 base d&rsquo;ingr\u00e9dients d&rsquo;origine naturelle des peaux s\u00e8ches, tr\u00e8s s\u00e8ches \u00e0 tendance atopique et sujettes aux rougeurs.   Cet Emolient corps hydrate et apaise les sensations de d\u00e9mangeaison et de tiraillement. Il relipide la peau et l&rsquo;aide \u00e0 restaurer sa barri\u00e8re protectrice naturelle<\/p>\n","protected":false},"excerpt":{"rendered":"<p>Eucerin atopicontrol Emollient Corps 250 ml EUCERIN ATOPICONTROL Emollient corps calmant 12% Omega est un soin quotidien \u00e0 base d&rsquo;ingr\u00e9dients<\/p>\n","protected":false},"featured_media":11554,"comment_status":"open","ping_status":"closed","template":"","meta":[],"product_brand":[134],"product_cat":[179],"product_tag":[],"class_list":{"0":"post-14338","1":"product","2":"type-product","3":"status-publish","4":"has-post-thumbnail","6":"product_brand-eucerin","7":"product_cat-hydratation-corps","9":"first","10":"instock","11":"sale","12":"shipping-taxable","13":"purchasable","14":"product-type-simple"},"yoast_head":"<!-- This site is optimized with the Yoast SEO plugin v26.6 - https:\/\/yoast.com\/wordpress\/plugins\/seo\/ -->\r\n<title>EUCERIN ATOPICONTROL EMOLLIENT CORPS 250 ML - Paracherkaoui.ma<\/title>\r\n<meta name=\"robots\" content=\"index, follow, max-snippet:-1, max-image-preview:large, max-video-preview:-1\" \/>\r\n<link rel=\"canonical\" href=\"https:\/\/paracherkaoui.ma\/index.php\/produit\/eucerin-atopicontrol-emollient-corps-250-ml-2\/\" \/>\r\n<meta property=\"og:locale\" content=\"fr_FR\" \/>\r\n<meta property=\"og:type\" content=\"article\" \/>\r\n<meta property=\"og:title\" content=\"EUCERIN ATOPICONTROL EMOLLIENT CORPS 250 ML - Paracherkaoui.ma\" \/>\r\n<meta property=\"og:description\" content=\"Eucerin atopicontrol Emollient Corps 250 ml EUCERIN ATOPICONTROL Emollient corps calmant 12% Omega est un soin quotidien \u00e0 base d&rsquo;ingr\u00e9dients\" \/>\r\n<meta property=\"og:url\" content=\"https:\/\/paracherkaoui.ma\/index.php\/produit\/eucerin-atopicontrol-emollient-corps-250-ml-2\/\" \/>\r\n<meta property=\"og:site_name\" content=\"Paracherkaoui.ma\" \/>\r\n<meta property=\"article:modified_time\" content=\"2025-12-12T16:50:19+00:00\" \/>\r\n<meta property=\"og:image\" content=\"https:\/\/paracherkaoui.ma\/wp-content\/uploads\/2025\/12\/eucerin-atopicontrol-emollient-corps-250-ml.jpg\" \/>\r\n\t<meta property=\"og:image:width\" content=\"700\" \/>\r\n\t<meta property=\"og:image:height\" content=\"700\" \/>\r\n\t<meta property=\"og:image:type\" content=\"image\/jpeg\" \/>\r\n<meta name=\"twitter:card\" content=\"summary_large_image\" \/>\r\n<script type=\"application\/ld+json\" class=\"yoast-schema-graph\">{\"@context\":\"https:\/\/schema.org\",\"@graph\":[{\"@type\":\"WebPage\",\"@id\":\"https:\/\/paracherkaoui.ma\/index.php\/produit\/eucerin-atopicontrol-emollient-corps-250-ml-2\/\",\"url\":\"https:\/\/paracherkaoui.ma\/index.php\/produit\/eucerin-atopicontrol-emollient-corps-250-ml-2\/\",\"name\":\"EUCERIN ATOPICONTROL EMOLLIENT CORPS 250 ML - Paracherkaoui.ma\",\"isPartOf\":{\"@id\":\"https:\/\/paracherkaoui.ma\/#website\"},\"primaryImageOfPage\":{\"@id\":\"https:\/\/paracherkaoui.ma\/index.php\/produit\/eucerin-atopicontrol-emollient-corps-250-ml-2\/#primaryimage\"},\"image\":{\"@id\":\"https:\/\/paracherkaoui.ma\/index.php\/produit\/eucerin-atopicontrol-emollient-corps-250-ml-2\/#primaryimage\"},\"thumbnailUrl\":\"https:\/\/paracherkaoui.ma\/wp-content\/uploads\/2025\/12\/eucerin-atopicontrol-emollient-corps-250-ml.jpg\",\"datePublished\":\"2025-12-12T16:50:13+00:00\",\"dateModified\":\"2025-12-12T16:50:19+00:00\",\"breadcrumb\":{\"@id\":\"https:\/\/paracherkaoui.ma\/index.php\/produit\/eucerin-atopicontrol-emollient-corps-250-ml-2\/#breadcrumb\"},\"inLanguage\":\"fr-FR\",\"potentialAction\":[{\"@type\":\"ReadAction\",\"target\":[\"https:\/\/paracherkaoui.ma\/index.php\/produit\/eucerin-atopicontrol-emollient-corps-250-ml-2\/\"]}]},{\"@type\":\"ImageObject\",\"inLanguage\":\"fr-FR\",\"@id\":\"https:\/\/paracherkaoui.ma\/index.php\/produit\/eucerin-atopicontrol-emollient-corps-250-ml-2\/#primaryimage\",\"url\":\"https:\/\/paracherkaoui.ma\/wp-content\/uploads\/2025\/12\/eucerin-atopicontrol-emollient-corps-250-ml.jpg\",\"contentUrl\":\"https:\/\/paracherkaoui.ma\/wp-content\/uploads\/2025\/12\/eucerin-atopicontrol-emollient-corps-250-ml.jpg\",\"width\":700,\"height\":700},{\"@type\":\"BreadcrumbList\",\"@id\":\"https:\/\/paracherkaoui.ma\/index.php\/produit\/eucerin-atopicontrol-emollient-corps-250-ml-2\/#breadcrumb\",\"itemListElement\":[{\"@type\":\"ListItem\",\"position\":1,\"name\":\"Accueil\",\"item\":\"https:\/\/paracherkaoui.ma\/\"},{\"@type\":\"ListItem\",\"position\":2,\"name\":\"Boutique\",\"item\":\"https:\/\/paracherkaoui.ma\/index.php\/boutique\/\"},{\"@type\":\"ListItem\",\"position\":3,\"name\":\"EUCERIN ATOPICONTROL EMOLLIENT CORPS 250 ML\"}]},{\"@type\":\"WebSite\",\"@id\":\"https:\/\/paracherkaoui.ma\/#website\",\"url\":\"https:\/\/paracherkaoui.ma\/\",\"name\":\"Paracherkaoui.ma\",\"description\":\"Achetez en ligne sur Paracherkaoui.ma\",\"potentialAction\":[{\"@type\":\"SearchAction\",\"target\":{\"@type\":\"EntryPoint\",\"urlTemplate\":\"https:\/\/paracherkaoui.ma\/?s={search_term_string}\"},\"query-input\":{\"@type\":\"PropertyValueSpecification\",\"valueRequired\":true,\"valueName\":\"search_term_string\"}}],\"inLanguage\":\"fr-FR\"}]}<\/script>\r\n<!-- \/ Yoast SEO plugin. -->","yoast_head_json":{"title":"EUCERIN ATOPICONTROL EMOLLIENT CORPS 250 ML - Paracherkaoui.ma","robots":{"index":"index","follow":"follow","max-snippet":"max-snippet:-1","max-image-preview":"max-image-preview:large","max-video-preview":"max-video-preview:-1"},"canonical":"https:\/\/paracherkaoui.ma\/index.php\/produit\/eucerin-atopicontrol-emollient-corps-250-ml-2\/","og_locale":"fr_FR","og_type":"article","og_title":"EUCERIN ATOPICONTROL EMOLLIENT CORPS 250 ML - Paracherkaoui.ma","og_description":"Eucerin atopicontrol Emollient Corps 250 ml EUCERIN ATOPICONTROL Emollient corps calmant 12% Omega est un soin quotidien \u00e0 base d&rsquo;ingr\u00e9dients","og_url":"https:\/\/paracherkaoui.ma\/index.php\/produit\/eucerin-atopicontrol-emollient-corps-250-ml-2\/","og_site_name":"Paracherkaoui.ma","article_modified_time":"2025-12-12T16:50:19+00:00","og_image":[{"width":700,"height":700,"url":"https:\/\/paracherkaoui.ma\/wp-content\/uploads\/2025\/12\/eucerin-atopicontrol-emollient-corps-250-ml.jpg","type":"image\/jpeg"}],"twitter_card":"summary_large_image","schema":{"@context":"https:\/\/schema.org","@graph":[{"@type":"WebPage","@id":"https:\/\/paracherkaoui.ma\/index.php\/produit\/eucerin-atopicontrol-emollient-corps-250-ml-2\/","url":"https:\/\/paracherkaoui.ma\/index.php\/produit\/eucerin-atopicontrol-emollient-corps-250-ml-2\/","name":"EUCERIN ATOPICONTROL EMOLLIENT CORPS 250 ML - Paracherkaoui.ma","isPartOf":{"@id":"https:\/\/paracherkaoui.ma\/#website"},"primaryImageOfPage":{"@id":"https:\/\/paracherkaoui.ma\/index.php\/produit\/eucerin-atopicontrol-emollient-corps-250-ml-2\/#primaryimage"},"image":{"@id":"https:\/\/paracherkaoui.ma\/index.php\/produit\/eucerin-atopicontrol-emollient-corps-250-ml-2\/#primaryimage"},"thumbnailUrl":"https:\/\/paracherkaoui.ma\/wp-content\/uploads\/2025\/12\/eucerin-atopicontrol-emollient-corps-250-ml.jpg","datePublished":"2025-12-12T16:50:13+00:00","dateModified":"2025-12-12T16:50:19+00:00","breadcrumb":{"@id":"https:\/\/paracherkaoui.ma\/index.php\/produit\/eucerin-atopicontrol-emollient-corps-250-ml-2\/#breadcrumb"},"inLanguage":"fr-FR","potentialAction":[{"@type":"ReadAction","target":["https:\/\/paracherkaoui.ma\/index.php\/produit\/eucerin-atopicontrol-emollient-corps-250-ml-2\/"]}]},{"@type":"ImageObject","inLanguage":"fr-FR","@id":"https:\/\/paracherkaoui.ma\/index.php\/produit\/eucerin-atopicontrol-emollient-corps-250-ml-2\/#primaryimage","url":"https:\/\/paracherkaoui.ma\/wp-content\/uploads\/2025\/12\/eucerin-atopicontrol-emollient-corps-250-ml.jpg","contentUrl":"https:\/\/paracherkaoui.ma\/wp-content\/uploads\/2025\/12\/eucerin-atopicontrol-emollient-corps-250-ml.jpg","width":700,"height":700},{"@type":"BreadcrumbList","@id":"https:\/\/paracherkaoui.ma\/index.php\/produit\/eucerin-atopicontrol-emollient-corps-250-ml-2\/#breadcrumb","itemListElement":[{"@type":"ListItem","position":1,"name":"Accueil","item":"https:\/\/paracherkaoui.ma\/"},{"@type":"ListItem","position":2,"name":"Boutique","item":"https:\/\/paracherkaoui.ma\/index.php\/boutique\/"},{"@type":"ListItem","position":3,"name":"EUCERIN ATOPICONTROL EMOLLIENT CORPS 250 ML"}]},{"@type":"WebSite","@id":"https:\/\/paracherkaoui.ma\/#website","url":"https:\/\/paracherkaoui.ma\/","name":"Paracherkaoui.ma","description":"Achetez en ligne sur Paracherkaoui.ma","potentialAction":[{"@type":"SearchAction","target":{"@type":"EntryPoint","urlTemplate":"https:\/\/paracherkaoui.ma\/?s={search_term_string}"},"query-input":{"@type":"PropertyValueSpecification","valueRequired":true,"valueName":"search_term_string"}}],"inLanguage":"fr-FR"}]}},"_links":{"self":[{"href":"https:\/\/paracherkaoui.ma\/index.php\/wp-json\/wp\/v2\/product\/14338","targetHints":{"allow":["GET"]}}],"collection":[{"href":"https:\/\/paracherkaoui.ma\/index.php\/wp-json\/wp\/v2\/product"}],"about":[{"href":"https:\/\/paracherkaoui.ma\/index.php\/wp-json\/wp\/v2\/types\/product"}],"replies":[{"embeddable":true,"href":"https:\/\/paracherkaoui.ma\/index.php\/wp-json\/wp\/v2\/comments?post=14338"}],"version-history":[{"count":1,"href":"https:\/\/paracherkaoui.ma\/index.php\/wp-json\/wp\/v2\/product\/14338\/revisions"}],"predecessor-version":[{"id":14381,"href":"https:\/\/paracherkaoui.ma\/index.php\/wp-json\/wp\/v2\/product\/14338\/revisions\/14381"}],"wp:featuredmedia":[{"embeddable":true,"href":"https:\/\/paracherkaoui.ma\/index.php\/wp-json\/wp\/v2\/media\/11554"}],"wp:attachment":[{"href":"https:\/\/paracherkaoui.ma\/index.php\/wp-json\/wp\/v2\/media?parent=14338"}],"wp:term":[{"taxonomy":"product_brand","embeddable":true,"href":"https:\/\/paracherkaoui.ma\/index.php\/wp-json\/wp\/v2\/product_brand?post=14338"},{"taxonomy":"product_cat","embeddable":true,"href":"https:\/\/paracherkaoui.ma\/index.php\/wp-json\/wp\/v2\/product_cat?post=14338"},{"taxonomy":"product_tag","embeddable":true,"href":"https:\/\/paracherkaoui.ma\/index.php\/wp-json\/wp\/v2\/product_tag?post=14338"}],"curies":[{"name":"wp","href":"https:\/\/api.w.org\/{rel}","templated":true}]}}