{"id":14335,"date":"2025-12-12T17:50:13","date_gmt":"2025-12-12T16:50:13","guid":{"rendered":"https:\/\/test.ecbeaute.com\/?post_type=product&#038;p=14335"},"modified":"2025-12-12T17:50:19","modified_gmt":"2025-12-12T16:50:19","slug":"avene-trixera-nutrition-baume-nutri-fluide-200ml-3","status":"publish","type":"product","link":"https:\/\/paracherkaoui.ma\/index.php\/produit\/avene-trixera-nutrition-baume-nutri-fluide-200ml-3\/","title":{"rendered":"AVENE TRIXERA NUTRITION BAUME NUTRI FLUIDE 200ML"},"content":{"rendered":"<p>Gr\u00e2ce \u00e0 l&rsquo;association trio lipidique v\u00e9g\u00e9tal, S\u00e9lectiose (actif brevet\u00e9 Pierre Fabre) et \u00e0 l&rsquo;Eau thermale d&rsquo;Av\u00e8ne, aux propri\u00e9t\u00e9s apaisantes et anti-irritantes, ce soin sans parfum apaise les tiraillements et hydrate pendant 48h*. TriXera NUTRITION Baume Nutri-fluide nourrit, prot\u00e8ge et r\u00e9pare la barri\u00e8re cutan\u00e9e des peaux sensibles s\u00e8ches \u00e0 tr\u00e8s s\u00e8ches de toute la famille. Avec sa texture fluide, non grasse et non collante, l&rsquo;application est facile et l&rsquo;habillage express. *Couches sup\u00e9rieures de la peau. Les bienfaits : \u2022 NOURRIT gr\u00e2ce au trio lipidique v\u00e9g\u00e9tal et S\u00e9lectiose. \u2022 PROT\u00c8GE et offre une hydratation 48h*. \u2022 R\u00c9PARE et restaure la barri\u00e8re cutan\u00e9e. Conseils d&rsquo;utilisation: Etalez le Baume nutri-fluide entre les 2 mains, l\u2019appliquer d\u00e9licatement avec toute la surface de la main et en faisant de larges mouvements circulaires.<\/p>\n","protected":false},"excerpt":{"rendered":"<p>Gr\u00e2ce \u00e0 l&rsquo;association trio lipidique v\u00e9g\u00e9tal, S\u00e9lectiose (actif brevet\u00e9 Pierre Fabre) et \u00e0 l&rsquo;Eau thermale d&rsquo;Av\u00e8ne, aux propri\u00e9t\u00e9s apaisantes et<\/p>\n","protected":false},"featured_media":11538,"comment_status":"open","ping_status":"closed","template":"","meta":[],"product_brand":[136],"product_cat":[179],"product_tag":[],"class_list":{"0":"post-14335","1":"product","2":"type-product","3":"status-publish","4":"has-post-thumbnail","6":"product_brand-avene","7":"product_cat-hydratation-corps","9":"first","10":"instock","11":"sale","12":"shipping-taxable","13":"purchasable","14":"product-type-simple"},"yoast_head":"<!-- This site is optimized with the Yoast SEO plugin v26.6 - https:\/\/yoast.com\/wordpress\/plugins\/seo\/ -->\r\n<title>AVENE TRIXERA NUTRITION BAUME NUTRI FLUIDE 200ML - Paracherkaoui.ma<\/title>\r\n<meta name=\"robots\" content=\"index, follow, max-snippet:-1, max-image-preview:large, max-video-preview:-1\" \/>\r\n<link rel=\"canonical\" href=\"https:\/\/paracherkaoui.ma\/index.php\/produit\/avene-trixera-nutrition-baume-nutri-fluide-200ml-3\/\" \/>\r\n<meta property=\"og:locale\" content=\"fr_FR\" \/>\r\n<meta property=\"og:type\" content=\"article\" \/>\r\n<meta property=\"og:title\" content=\"AVENE TRIXERA NUTRITION BAUME NUTRI FLUIDE 200ML - Paracherkaoui.ma\" \/>\r\n<meta property=\"og:description\" content=\"Gr\u00e2ce \u00e0 l&rsquo;association trio lipidique v\u00e9g\u00e9tal, S\u00e9lectiose (actif brevet\u00e9 Pierre Fabre) et \u00e0 l&rsquo;Eau thermale d&rsquo;Av\u00e8ne, aux propri\u00e9t\u00e9s apaisantes et\" \/>\r\n<meta property=\"og:url\" content=\"https:\/\/paracherkaoui.ma\/index.php\/produit\/avene-trixera-nutrition-baume-nutri-fluide-200ml-3\/\" \/>\r\n<meta property=\"og:site_name\" content=\"Paracherkaoui.ma\" \/>\r\n<meta property=\"article:modified_time\" content=\"2025-12-12T16:50:19+00:00\" \/>\r\n<meta property=\"og:image\" content=\"https:\/\/paracherkaoui.ma\/wp-content\/uploads\/2025\/12\/avene-avene-trixera-nutrition-baume-nutri-fluide-200ml-hydratation-corps.jpg\" \/>\r\n\t<meta property=\"og:image:width\" content=\"700\" \/>\r\n\t<meta property=\"og:image:height\" content=\"700\" \/>\r\n\t<meta property=\"og:image:type\" content=\"image\/jpeg\" \/>\r\n<meta name=\"twitter:card\" content=\"summary_large_image\" \/>\r\n<meta name=\"twitter:label1\" content=\"Dur\u00e9e de lecture estim\u00e9e\" \/>\n\t<meta name=\"twitter:data1\" content=\"1 minute\" \/>\r\n<script type=\"application\/ld+json\" class=\"yoast-schema-graph\">{\"@context\":\"https:\/\/schema.org\",\"@graph\":[{\"@type\":\"WebPage\",\"@id\":\"https:\/\/paracherkaoui.ma\/index.php\/produit\/avene-trixera-nutrition-baume-nutri-fluide-200ml-3\/\",\"url\":\"https:\/\/paracherkaoui.ma\/index.php\/produit\/avene-trixera-nutrition-baume-nutri-fluide-200ml-3\/\",\"name\":\"AVENE TRIXERA NUTRITION BAUME NUTRI FLUIDE 200ML - Paracherkaoui.ma\",\"isPartOf\":{\"@id\":\"https:\/\/paracherkaoui.ma\/#website\"},\"primaryImageOfPage\":{\"@id\":\"https:\/\/paracherkaoui.ma\/index.php\/produit\/avene-trixera-nutrition-baume-nutri-fluide-200ml-3\/#primaryimage\"},\"image\":{\"@id\":\"https:\/\/paracherkaoui.ma\/index.php\/produit\/avene-trixera-nutrition-baume-nutri-fluide-200ml-3\/#primaryimage\"},\"thumbnailUrl\":\"https:\/\/paracherkaoui.ma\/wp-content\/uploads\/2025\/12\/avene-avene-trixera-nutrition-baume-nutri-fluide-200ml-hydratation-corps.jpg\",\"datePublished\":\"2025-12-12T16:50:13+00:00\",\"dateModified\":\"2025-12-12T16:50:19+00:00\",\"breadcrumb\":{\"@id\":\"https:\/\/paracherkaoui.ma\/index.php\/produit\/avene-trixera-nutrition-baume-nutri-fluide-200ml-3\/#breadcrumb\"},\"inLanguage\":\"fr-FR\",\"potentialAction\":[{\"@type\":\"ReadAction\",\"target\":[\"https:\/\/paracherkaoui.ma\/index.php\/produit\/avene-trixera-nutrition-baume-nutri-fluide-200ml-3\/\"]}]},{\"@type\":\"ImageObject\",\"inLanguage\":\"fr-FR\",\"@id\":\"https:\/\/paracherkaoui.ma\/index.php\/produit\/avene-trixera-nutrition-baume-nutri-fluide-200ml-3\/#primaryimage\",\"url\":\"https:\/\/paracherkaoui.ma\/wp-content\/uploads\/2025\/12\/avene-avene-trixera-nutrition-baume-nutri-fluide-200ml-hydratation-corps.jpg\",\"contentUrl\":\"https:\/\/paracherkaoui.ma\/wp-content\/uploads\/2025\/12\/avene-avene-trixera-nutrition-baume-nutri-fluide-200ml-hydratation-corps.jpg\",\"width\":700,\"height\":700},{\"@type\":\"BreadcrumbList\",\"@id\":\"https:\/\/paracherkaoui.ma\/index.php\/produit\/avene-trixera-nutrition-baume-nutri-fluide-200ml-3\/#breadcrumb\",\"itemListElement\":[{\"@type\":\"ListItem\",\"position\":1,\"name\":\"Accueil\",\"item\":\"https:\/\/paracherkaoui.ma\/\"},{\"@type\":\"ListItem\",\"position\":2,\"name\":\"Boutique\",\"item\":\"https:\/\/paracherkaoui.ma\/index.php\/boutique\/\"},{\"@type\":\"ListItem\",\"position\":3,\"name\":\"AVENE TRIXERA NUTRITION BAUME NUTRI FLUIDE 200ML\"}]},{\"@type\":\"WebSite\",\"@id\":\"https:\/\/paracherkaoui.ma\/#website\",\"url\":\"https:\/\/paracherkaoui.ma\/\",\"name\":\"Paracherkaoui.ma\",\"description\":\"Achetez en ligne sur Paracherkaoui.ma\",\"potentialAction\":[{\"@type\":\"SearchAction\",\"target\":{\"@type\":\"EntryPoint\",\"urlTemplate\":\"https:\/\/paracherkaoui.ma\/?s={search_term_string}\"},\"query-input\":{\"@type\":\"PropertyValueSpecification\",\"valueRequired\":true,\"valueName\":\"search_term_string\"}}],\"inLanguage\":\"fr-FR\"}]}<\/script>\r\n<!-- \/ Yoast SEO plugin. -->","yoast_head_json":{"title":"AVENE TRIXERA NUTRITION BAUME NUTRI FLUIDE 200ML - Paracherkaoui.ma","robots":{"index":"index","follow":"follow","max-snippet":"max-snippet:-1","max-image-preview":"max-image-preview:large","max-video-preview":"max-video-preview:-1"},"canonical":"https:\/\/paracherkaoui.ma\/index.php\/produit\/avene-trixera-nutrition-baume-nutri-fluide-200ml-3\/","og_locale":"fr_FR","og_type":"article","og_title":"AVENE TRIXERA NUTRITION BAUME NUTRI FLUIDE 200ML - Paracherkaoui.ma","og_description":"Gr\u00e2ce \u00e0 l&rsquo;association trio lipidique v\u00e9g\u00e9tal, S\u00e9lectiose (actif brevet\u00e9 Pierre Fabre) et \u00e0 l&rsquo;Eau thermale d&rsquo;Av\u00e8ne, aux propri\u00e9t\u00e9s apaisantes et","og_url":"https:\/\/paracherkaoui.ma\/index.php\/produit\/avene-trixera-nutrition-baume-nutri-fluide-200ml-3\/","og_site_name":"Paracherkaoui.ma","article_modified_time":"2025-12-12T16:50:19+00:00","og_image":[{"width":700,"height":700,"url":"https:\/\/paracherkaoui.ma\/wp-content\/uploads\/2025\/12\/avene-avene-trixera-nutrition-baume-nutri-fluide-200ml-hydratation-corps.jpg","type":"image\/jpeg"}],"twitter_card":"summary_large_image","twitter_misc":{"Dur\u00e9e de lecture estim\u00e9e":"1 minute"},"schema":{"@context":"https:\/\/schema.org","@graph":[{"@type":"WebPage","@id":"https:\/\/paracherkaoui.ma\/index.php\/produit\/avene-trixera-nutrition-baume-nutri-fluide-200ml-3\/","url":"https:\/\/paracherkaoui.ma\/index.php\/produit\/avene-trixera-nutrition-baume-nutri-fluide-200ml-3\/","name":"AVENE TRIXERA NUTRITION BAUME NUTRI FLUIDE 200ML - Paracherkaoui.ma","isPartOf":{"@id":"https:\/\/paracherkaoui.ma\/#website"},"primaryImageOfPage":{"@id":"https:\/\/paracherkaoui.ma\/index.php\/produit\/avene-trixera-nutrition-baume-nutri-fluide-200ml-3\/#primaryimage"},"image":{"@id":"https:\/\/paracherkaoui.ma\/index.php\/produit\/avene-trixera-nutrition-baume-nutri-fluide-200ml-3\/#primaryimage"},"thumbnailUrl":"https:\/\/paracherkaoui.ma\/wp-content\/uploads\/2025\/12\/avene-avene-trixera-nutrition-baume-nutri-fluide-200ml-hydratation-corps.jpg","datePublished":"2025-12-12T16:50:13+00:00","dateModified":"2025-12-12T16:50:19+00:00","breadcrumb":{"@id":"https:\/\/paracherkaoui.ma\/index.php\/produit\/avene-trixera-nutrition-baume-nutri-fluide-200ml-3\/#breadcrumb"},"inLanguage":"fr-FR","potentialAction":[{"@type":"ReadAction","target":["https:\/\/paracherkaoui.ma\/index.php\/produit\/avene-trixera-nutrition-baume-nutri-fluide-200ml-3\/"]}]},{"@type":"ImageObject","inLanguage":"fr-FR","@id":"https:\/\/paracherkaoui.ma\/index.php\/produit\/avene-trixera-nutrition-baume-nutri-fluide-200ml-3\/#primaryimage","url":"https:\/\/paracherkaoui.ma\/wp-content\/uploads\/2025\/12\/avene-avene-trixera-nutrition-baume-nutri-fluide-200ml-hydratation-corps.jpg","contentUrl":"https:\/\/paracherkaoui.ma\/wp-content\/uploads\/2025\/12\/avene-avene-trixera-nutrition-baume-nutri-fluide-200ml-hydratation-corps.jpg","width":700,"height":700},{"@type":"BreadcrumbList","@id":"https:\/\/paracherkaoui.ma\/index.php\/produit\/avene-trixera-nutrition-baume-nutri-fluide-200ml-3\/#breadcrumb","itemListElement":[{"@type":"ListItem","position":1,"name":"Accueil","item":"https:\/\/paracherkaoui.ma\/"},{"@type":"ListItem","position":2,"name":"Boutique","item":"https:\/\/paracherkaoui.ma\/index.php\/boutique\/"},{"@type":"ListItem","position":3,"name":"AVENE TRIXERA NUTRITION BAUME NUTRI FLUIDE 200ML"}]},{"@type":"WebSite","@id":"https:\/\/paracherkaoui.ma\/#website","url":"https:\/\/paracherkaoui.ma\/","name":"Paracherkaoui.ma","description":"Achetez en ligne sur Paracherkaoui.ma","potentialAction":[{"@type":"SearchAction","target":{"@type":"EntryPoint","urlTemplate":"https:\/\/paracherkaoui.ma\/?s={search_term_string}"},"query-input":{"@type":"PropertyValueSpecification","valueRequired":true,"valueName":"search_term_string"}}],"inLanguage":"fr-FR"}]}},"_links":{"self":[{"href":"https:\/\/paracherkaoui.ma\/index.php\/wp-json\/wp\/v2\/product\/14335","targetHints":{"allow":["GET"]}}],"collection":[{"href":"https:\/\/paracherkaoui.ma\/index.php\/wp-json\/wp\/v2\/product"}],"about":[{"href":"https:\/\/paracherkaoui.ma\/index.php\/wp-json\/wp\/v2\/types\/product"}],"replies":[{"embeddable":true,"href":"https:\/\/paracherkaoui.ma\/index.php\/wp-json\/wp\/v2\/comments?post=14335"}],"version-history":[{"count":1,"href":"https:\/\/paracherkaoui.ma\/index.php\/wp-json\/wp\/v2\/product\/14335\/revisions"}],"predecessor-version":[{"id":14374,"href":"https:\/\/paracherkaoui.ma\/index.php\/wp-json\/wp\/v2\/product\/14335\/revisions\/14374"}],"wp:featuredmedia":[{"embeddable":true,"href":"https:\/\/paracherkaoui.ma\/index.php\/wp-json\/wp\/v2\/media\/11538"}],"wp:attachment":[{"href":"https:\/\/paracherkaoui.ma\/index.php\/wp-json\/wp\/v2\/media?parent=14335"}],"wp:term":[{"taxonomy":"product_brand","embeddable":true,"href":"https:\/\/paracherkaoui.ma\/index.php\/wp-json\/wp\/v2\/product_brand?post=14335"},{"taxonomy":"product_cat","embeddable":true,"href":"https:\/\/paracherkaoui.ma\/index.php\/wp-json\/wp\/v2\/product_cat?post=14335"},{"taxonomy":"product_tag","embeddable":true,"href":"https:\/\/paracherkaoui.ma\/index.php\/wp-json\/wp\/v2\/product_tag?post=14335"}],"curies":[{"name":"wp","href":"https:\/\/api.w.org\/{rel}","templated":true}]}}