{"id":14334,"date":"2025-12-12T17:50:13","date_gmt":"2025-12-12T16:50:13","guid":{"rendered":"https:\/\/test.ecbeaute.com\/?post_type=product&#038;p=14334"},"modified":"2025-12-12T17:50:19","modified_gmt":"2025-12-12T16:50:19","slug":"avene-trixera-lait-nutri-fluide-visage-et-corps-peaux-sensibles-200-ml-3","status":"publish","type":"product","link":"https:\/\/paracherkaoui.ma\/index.php\/produit\/avene-trixera-lait-nutri-fluide-visage-et-corps-peaux-sensibles-200-ml-3\/","title":{"rendered":"AVENE TRIXERA LAIT NUTRI FLUIDE VISAGE ET CORPS PEAUX SENSIBLES 200 ML"},"content":{"rendered":"<p>Soin quotidien pour les peaux sensibles et s\u00e8ches de la famille.R\u00e9pare, nourrit et apaise les peaux s\u00e8ches, facilite le quotidien de la famille.Texture non grasse et non collante pour une application et habillage EXPRESS Trio lipidique v\u00e9g\u00e9tal et S\u00e9lectiose (brevet Pierre Fabre): &#8211; restaurent la barri\u00e8re cutan\u00e9e pour une peau nourrit et une hydratation 48h- Eau thermale d&rsquo;Av\u00e8ne: apaise les peaux s\u00e8ches irrit\u00e9es par les tiraillements Les bienfaits : \u2022 APAISE gr\u00e2ce aux propri\u00e9t\u00e9s de l&rsquo;Eau thermale d&rsquo;Av\u00e8ne. \u2022 NOURRIT gr\u00e2ce au trio lipidique v\u00e9g\u00e9tal et S\u00e9lectiose. \u2022 R\u00c9PARE et restaure la barri\u00e8re cutan\u00e9e. Conseils d&rsquo;utilisation: Appliquer une ou 2 fois par jour sur une peau pr\u00e9alablement nettoy\u00e9e.<\/p>\n","protected":false},"excerpt":{"rendered":"<p>Soin quotidien pour les peaux sensibles et s\u00e8ches de la famille.R\u00e9pare, nourrit et apaise les peaux s\u00e8ches, facilite le quotidien<\/p>\n","protected":false},"featured_media":11498,"comment_status":"open","ping_status":"closed","template":"","meta":[],"product_brand":[136],"product_cat":[179],"product_tag":[],"class_list":{"0":"post-14334","1":"product","2":"type-product","3":"status-publish","4":"has-post-thumbnail","6":"product_brand-avene","7":"product_cat-hydratation-corps","9":"first","10":"instock","11":"sale","12":"shipping-taxable","13":"purchasable","14":"product-type-simple"},"yoast_head":"<!-- This site is optimized with the Yoast SEO plugin v26.6 - https:\/\/yoast.com\/wordpress\/plugins\/seo\/ -->\r\n<title>AVENE TRIXERA LAIT NUTRI FLUIDE VISAGE ET CORPS PEAUX SENSIBLES 200 ML - Paracherkaoui.ma<\/title>\r\n<meta name=\"robots\" content=\"index, follow, max-snippet:-1, max-image-preview:large, max-video-preview:-1\" \/>\r\n<link rel=\"canonical\" href=\"https:\/\/paracherkaoui.ma\/index.php\/produit\/avene-trixera-lait-nutri-fluide-visage-et-corps-peaux-sensibles-200-ml-3\/\" \/>\r\n<meta property=\"og:locale\" content=\"fr_FR\" \/>\r\n<meta property=\"og:type\" content=\"article\" \/>\r\n<meta property=\"og:title\" content=\"AVENE TRIXERA LAIT NUTRI FLUIDE VISAGE ET CORPS PEAUX SENSIBLES 200 ML - Paracherkaoui.ma\" \/>\r\n<meta property=\"og:description\" content=\"Soin quotidien pour les peaux sensibles et s\u00e8ches de la famille.R\u00e9pare, nourrit et apaise les peaux s\u00e8ches, facilite le quotidien\" \/>\r\n<meta property=\"og:url\" content=\"https:\/\/paracherkaoui.ma\/index.php\/produit\/avene-trixera-lait-nutri-fluide-visage-et-corps-peaux-sensibles-200-ml-3\/\" \/>\r\n<meta property=\"og:site_name\" content=\"Paracherkaoui.ma\" \/>\r\n<meta property=\"article:modified_time\" content=\"2025-12-12T16:50:19+00:00\" \/>\r\n<meta property=\"og:image\" content=\"https:\/\/paracherkaoui.ma\/wp-content\/uploads\/2025\/12\/avene-avene-trixera-lait-nutri-fluide-visage-et-corps-peaux-sensibles-200-ml-hydratation-corps.jpg\" \/>\r\n\t<meta property=\"og:image:width\" content=\"700\" \/>\r\n\t<meta property=\"og:image:height\" content=\"700\" \/>\r\n\t<meta property=\"og:image:type\" content=\"image\/jpeg\" \/>\r\n<meta name=\"twitter:card\" content=\"summary_large_image\" \/>\r\n<meta name=\"twitter:label1\" content=\"Dur\u00e9e de lecture estim\u00e9e\" \/>\n\t<meta name=\"twitter:data1\" content=\"1 minute\" \/>\r\n<script type=\"application\/ld+json\" class=\"yoast-schema-graph\">{\"@context\":\"https:\/\/schema.org\",\"@graph\":[{\"@type\":\"WebPage\",\"@id\":\"https:\/\/paracherkaoui.ma\/index.php\/produit\/avene-trixera-lait-nutri-fluide-visage-et-corps-peaux-sensibles-200-ml-3\/\",\"url\":\"https:\/\/paracherkaoui.ma\/index.php\/produit\/avene-trixera-lait-nutri-fluide-visage-et-corps-peaux-sensibles-200-ml-3\/\",\"name\":\"AVENE TRIXERA LAIT NUTRI FLUIDE VISAGE ET CORPS PEAUX SENSIBLES 200 ML - Paracherkaoui.ma\",\"isPartOf\":{\"@id\":\"https:\/\/paracherkaoui.ma\/#website\"},\"primaryImageOfPage\":{\"@id\":\"https:\/\/paracherkaoui.ma\/index.php\/produit\/avene-trixera-lait-nutri-fluide-visage-et-corps-peaux-sensibles-200-ml-3\/#primaryimage\"},\"image\":{\"@id\":\"https:\/\/paracherkaoui.ma\/index.php\/produit\/avene-trixera-lait-nutri-fluide-visage-et-corps-peaux-sensibles-200-ml-3\/#primaryimage\"},\"thumbnailUrl\":\"https:\/\/paracherkaoui.ma\/wp-content\/uploads\/2025\/12\/avene-avene-trixera-lait-nutri-fluide-visage-et-corps-peaux-sensibles-200-ml-hydratation-corps.jpg\",\"datePublished\":\"2025-12-12T16:50:13+00:00\",\"dateModified\":\"2025-12-12T16:50:19+00:00\",\"breadcrumb\":{\"@id\":\"https:\/\/paracherkaoui.ma\/index.php\/produit\/avene-trixera-lait-nutri-fluide-visage-et-corps-peaux-sensibles-200-ml-3\/#breadcrumb\"},\"inLanguage\":\"fr-FR\",\"potentialAction\":[{\"@type\":\"ReadAction\",\"target\":[\"https:\/\/paracherkaoui.ma\/index.php\/produit\/avene-trixera-lait-nutri-fluide-visage-et-corps-peaux-sensibles-200-ml-3\/\"]}]},{\"@type\":\"ImageObject\",\"inLanguage\":\"fr-FR\",\"@id\":\"https:\/\/paracherkaoui.ma\/index.php\/produit\/avene-trixera-lait-nutri-fluide-visage-et-corps-peaux-sensibles-200-ml-3\/#primaryimage\",\"url\":\"https:\/\/paracherkaoui.ma\/wp-content\/uploads\/2025\/12\/avene-avene-trixera-lait-nutri-fluide-visage-et-corps-peaux-sensibles-200-ml-hydratation-corps.jpg\",\"contentUrl\":\"https:\/\/paracherkaoui.ma\/wp-content\/uploads\/2025\/12\/avene-avene-trixera-lait-nutri-fluide-visage-et-corps-peaux-sensibles-200-ml-hydratation-corps.jpg\",\"width\":700,\"height\":700},{\"@type\":\"BreadcrumbList\",\"@id\":\"https:\/\/paracherkaoui.ma\/index.php\/produit\/avene-trixera-lait-nutri-fluide-visage-et-corps-peaux-sensibles-200-ml-3\/#breadcrumb\",\"itemListElement\":[{\"@type\":\"ListItem\",\"position\":1,\"name\":\"Accueil\",\"item\":\"https:\/\/paracherkaoui.ma\/\"},{\"@type\":\"ListItem\",\"position\":2,\"name\":\"Boutique\",\"item\":\"https:\/\/paracherkaoui.ma\/index.php\/boutique\/\"},{\"@type\":\"ListItem\",\"position\":3,\"name\":\"AVENE TRIXERA LAIT NUTRI FLUIDE VISAGE ET CORPS PEAUX SENSIBLES 200 ML\"}]},{\"@type\":\"WebSite\",\"@id\":\"https:\/\/paracherkaoui.ma\/#website\",\"url\":\"https:\/\/paracherkaoui.ma\/\",\"name\":\"Paracherkaoui.ma\",\"description\":\"Achetez en ligne sur Paracherkaoui.ma\",\"potentialAction\":[{\"@type\":\"SearchAction\",\"target\":{\"@type\":\"EntryPoint\",\"urlTemplate\":\"https:\/\/paracherkaoui.ma\/?s={search_term_string}\"},\"query-input\":{\"@type\":\"PropertyValueSpecification\",\"valueRequired\":true,\"valueName\":\"search_term_string\"}}],\"inLanguage\":\"fr-FR\"}]}<\/script>\r\n<!-- \/ Yoast SEO plugin. -->","yoast_head_json":{"title":"AVENE TRIXERA LAIT NUTRI FLUIDE VISAGE ET CORPS PEAUX SENSIBLES 200 ML - Paracherkaoui.ma","robots":{"index":"index","follow":"follow","max-snippet":"max-snippet:-1","max-image-preview":"max-image-preview:large","max-video-preview":"max-video-preview:-1"},"canonical":"https:\/\/paracherkaoui.ma\/index.php\/produit\/avene-trixera-lait-nutri-fluide-visage-et-corps-peaux-sensibles-200-ml-3\/","og_locale":"fr_FR","og_type":"article","og_title":"AVENE TRIXERA LAIT NUTRI FLUIDE VISAGE ET CORPS PEAUX SENSIBLES 200 ML - Paracherkaoui.ma","og_description":"Soin quotidien pour les peaux sensibles et s\u00e8ches de la famille.R\u00e9pare, nourrit et apaise les peaux s\u00e8ches, facilite le quotidien","og_url":"https:\/\/paracherkaoui.ma\/index.php\/produit\/avene-trixera-lait-nutri-fluide-visage-et-corps-peaux-sensibles-200-ml-3\/","og_site_name":"Paracherkaoui.ma","article_modified_time":"2025-12-12T16:50:19+00:00","og_image":[{"width":700,"height":700,"url":"https:\/\/paracherkaoui.ma\/wp-content\/uploads\/2025\/12\/avene-avene-trixera-lait-nutri-fluide-visage-et-corps-peaux-sensibles-200-ml-hydratation-corps.jpg","type":"image\/jpeg"}],"twitter_card":"summary_large_image","twitter_misc":{"Dur\u00e9e de lecture estim\u00e9e":"1 minute"},"schema":{"@context":"https:\/\/schema.org","@graph":[{"@type":"WebPage","@id":"https:\/\/paracherkaoui.ma\/index.php\/produit\/avene-trixera-lait-nutri-fluide-visage-et-corps-peaux-sensibles-200-ml-3\/","url":"https:\/\/paracherkaoui.ma\/index.php\/produit\/avene-trixera-lait-nutri-fluide-visage-et-corps-peaux-sensibles-200-ml-3\/","name":"AVENE TRIXERA LAIT NUTRI FLUIDE VISAGE ET CORPS PEAUX SENSIBLES 200 ML - Paracherkaoui.ma","isPartOf":{"@id":"https:\/\/paracherkaoui.ma\/#website"},"primaryImageOfPage":{"@id":"https:\/\/paracherkaoui.ma\/index.php\/produit\/avene-trixera-lait-nutri-fluide-visage-et-corps-peaux-sensibles-200-ml-3\/#primaryimage"},"image":{"@id":"https:\/\/paracherkaoui.ma\/index.php\/produit\/avene-trixera-lait-nutri-fluide-visage-et-corps-peaux-sensibles-200-ml-3\/#primaryimage"},"thumbnailUrl":"https:\/\/paracherkaoui.ma\/wp-content\/uploads\/2025\/12\/avene-avene-trixera-lait-nutri-fluide-visage-et-corps-peaux-sensibles-200-ml-hydratation-corps.jpg","datePublished":"2025-12-12T16:50:13+00:00","dateModified":"2025-12-12T16:50:19+00:00","breadcrumb":{"@id":"https:\/\/paracherkaoui.ma\/index.php\/produit\/avene-trixera-lait-nutri-fluide-visage-et-corps-peaux-sensibles-200-ml-3\/#breadcrumb"},"inLanguage":"fr-FR","potentialAction":[{"@type":"ReadAction","target":["https:\/\/paracherkaoui.ma\/index.php\/produit\/avene-trixera-lait-nutri-fluide-visage-et-corps-peaux-sensibles-200-ml-3\/"]}]},{"@type":"ImageObject","inLanguage":"fr-FR","@id":"https:\/\/paracherkaoui.ma\/index.php\/produit\/avene-trixera-lait-nutri-fluide-visage-et-corps-peaux-sensibles-200-ml-3\/#primaryimage","url":"https:\/\/paracherkaoui.ma\/wp-content\/uploads\/2025\/12\/avene-avene-trixera-lait-nutri-fluide-visage-et-corps-peaux-sensibles-200-ml-hydratation-corps.jpg","contentUrl":"https:\/\/paracherkaoui.ma\/wp-content\/uploads\/2025\/12\/avene-avene-trixera-lait-nutri-fluide-visage-et-corps-peaux-sensibles-200-ml-hydratation-corps.jpg","width":700,"height":700},{"@type":"BreadcrumbList","@id":"https:\/\/paracherkaoui.ma\/index.php\/produit\/avene-trixera-lait-nutri-fluide-visage-et-corps-peaux-sensibles-200-ml-3\/#breadcrumb","itemListElement":[{"@type":"ListItem","position":1,"name":"Accueil","item":"https:\/\/paracherkaoui.ma\/"},{"@type":"ListItem","position":2,"name":"Boutique","item":"https:\/\/paracherkaoui.ma\/index.php\/boutique\/"},{"@type":"ListItem","position":3,"name":"AVENE TRIXERA LAIT NUTRI FLUIDE VISAGE ET CORPS PEAUX SENSIBLES 200 ML"}]},{"@type":"WebSite","@id":"https:\/\/paracherkaoui.ma\/#website","url":"https:\/\/paracherkaoui.ma\/","name":"Paracherkaoui.ma","description":"Achetez en ligne sur Paracherkaoui.ma","potentialAction":[{"@type":"SearchAction","target":{"@type":"EntryPoint","urlTemplate":"https:\/\/paracherkaoui.ma\/?s={search_term_string}"},"query-input":{"@type":"PropertyValueSpecification","valueRequired":true,"valueName":"search_term_string"}}],"inLanguage":"fr-FR"}]}},"_links":{"self":[{"href":"https:\/\/paracherkaoui.ma\/index.php\/wp-json\/wp\/v2\/product\/14334","targetHints":{"allow":["GET"]}}],"collection":[{"href":"https:\/\/paracherkaoui.ma\/index.php\/wp-json\/wp\/v2\/product"}],"about":[{"href":"https:\/\/paracherkaoui.ma\/index.php\/wp-json\/wp\/v2\/types\/product"}],"replies":[{"embeddable":true,"href":"https:\/\/paracherkaoui.ma\/index.php\/wp-json\/wp\/v2\/comments?post=14334"}],"version-history":[{"count":1,"href":"https:\/\/paracherkaoui.ma\/index.php\/wp-json\/wp\/v2\/product\/14334\/revisions"}],"predecessor-version":[{"id":14372,"href":"https:\/\/paracherkaoui.ma\/index.php\/wp-json\/wp\/v2\/product\/14334\/revisions\/14372"}],"wp:featuredmedia":[{"embeddable":true,"href":"https:\/\/paracherkaoui.ma\/index.php\/wp-json\/wp\/v2\/media\/11498"}],"wp:attachment":[{"href":"https:\/\/paracherkaoui.ma\/index.php\/wp-json\/wp\/v2\/media?parent=14334"}],"wp:term":[{"taxonomy":"product_brand","embeddable":true,"href":"https:\/\/paracherkaoui.ma\/index.php\/wp-json\/wp\/v2\/product_brand?post=14334"},{"taxonomy":"product_cat","embeddable":true,"href":"https:\/\/paracherkaoui.ma\/index.php\/wp-json\/wp\/v2\/product_cat?post=14334"},{"taxonomy":"product_tag","embeddable":true,"href":"https:\/\/paracherkaoui.ma\/index.php\/wp-json\/wp\/v2\/product_tag?post=14334"}],"curies":[{"name":"wp","href":"https:\/\/api.w.org\/{rel}","templated":true}]}}