{"id":14329,"date":"2025-12-12T17:50:13","date_gmt":"2025-12-12T16:50:13","guid":{"rendered":"https:\/\/test.ecbeaute.com\/?post_type=product&#038;p=14329"},"modified":"2025-12-12T17:50:16","modified_gmt":"2025-12-12T16:50:16","slug":"eucerin-urea-repair-emollient-5-duree-48h-parfum-apaisant-250-ml-2","status":"publish","type":"product","link":"https:\/\/paracherkaoui.ma\/index.php\/produit\/eucerin-urea-repair-emollient-5-duree-48h-parfum-apaisant-250-ml-2\/","title":{"rendered":"EUCERIN UREA REPAIR EMOLLIENT 5% D&rsquo;UREE 48H PARFUM APAISANT 250 ML"},"content":{"rendered":"<p>UreaRepair PLUS Emollient 5% d\u2019Ur\u00e9e Parfum\u00e9 apporte les soins quotidiens n\u00e9cessaires aux peaux s\u00e8ches et rugueuses. Sa combinaison unique d\u2019ingr\u00e9dients (ur\u00e9e, facteurs naturels d\u2019hydratation (NMF) et c\u00e9ramides) fixe l\u2019humidit\u00e9 et r\u00e9pare la barri\u00e8re naturelle de la peau pour \u00e9viter les pertes en eau. Sa formule est cliniquement et dermatologiquement prouv\u00e9e pour apaiser imm\u00e9diatement les signes de s\u00e9cheresse cutan\u00e9e et retarder leur r\u00e9apparition \u2013 maintenant disponible avec un parfum apaisant. Le parfum de cette lotion est sp\u00e9cialement con\u00e7u pour la peau s\u00e8che. La formule parfum\u00e9e, test\u00e9e cliniquement, a \u00e9t\u00e9 d\u00e9velopp\u00e9e pour ne pas provoquer d\u2019irritations ou de rougeurs et contient des composants apaisants pour la peau. Intens\u00e9ment hydrat\u00e9e, la peau est souple et douce au toucher. Convient aux adultes, y compris aux peaux matures, aux personnes diab\u00e9tiques et aux enfants de 3 ans et plus. Conseils d&rsquo;utilisation: Frottez doucement la peau pour faire p\u00e9n\u00e9trer Appliquez aussi souvent que n\u00e9cessaire.<\/p>\n","protected":false},"excerpt":{"rendered":"<p>UreaRepair PLUS Emollient 5% d\u2019Ur\u00e9e Parfum\u00e9 apporte les soins quotidiens n\u00e9cessaires aux peaux s\u00e8ches et rugueuses. Sa combinaison unique d\u2019ingr\u00e9dients<\/p>\n","protected":false},"featured_media":11487,"comment_status":"open","ping_status":"closed","template":"","meta":[],"product_brand":[134],"product_cat":[179],"product_tag":[],"class_list":{"0":"post-14329","1":"product","2":"type-product","3":"status-publish","4":"has-post-thumbnail","6":"product_brand-eucerin","7":"product_cat-hydratation-corps","9":"first","10":"instock","11":"sale","12":"shipping-taxable","13":"purchasable","14":"product-type-simple"},"yoast_head":"<!-- This site is optimized with the Yoast SEO plugin v26.6 - https:\/\/yoast.com\/wordpress\/plugins\/seo\/ -->\r\n<title>EUCERIN UREA REPAIR EMOLLIENT 5% D&#039;UREE 48H PARFUM APAISANT 250 ML - Paracherkaoui.ma<\/title>\r\n<meta name=\"robots\" content=\"index, follow, max-snippet:-1, max-image-preview:large, max-video-preview:-1\" \/>\r\n<link rel=\"canonical\" href=\"https:\/\/paracherkaoui.ma\/index.php\/produit\/eucerin-urea-repair-emollient-5-duree-48h-parfum-apaisant-250-ml-2\/\" \/>\r\n<meta property=\"og:locale\" content=\"fr_FR\" \/>\r\n<meta property=\"og:type\" content=\"article\" \/>\r\n<meta property=\"og:title\" content=\"EUCERIN UREA REPAIR EMOLLIENT 5% D&#039;UREE 48H PARFUM APAISANT 250 ML - Paracherkaoui.ma\" \/>\r\n<meta property=\"og:description\" content=\"UreaRepair PLUS Emollient 5% d\u2019Ur\u00e9e Parfum\u00e9 apporte les soins quotidiens n\u00e9cessaires aux peaux s\u00e8ches et rugueuses. Sa combinaison unique d\u2019ingr\u00e9dients\" \/>\r\n<meta property=\"og:url\" content=\"https:\/\/paracherkaoui.ma\/index.php\/produit\/eucerin-urea-repair-emollient-5-duree-48h-parfum-apaisant-250-ml-2\/\" \/>\r\n<meta property=\"og:site_name\" content=\"Paracherkaoui.ma\" \/>\r\n<meta property=\"article:modified_time\" content=\"2025-12-12T16:50:16+00:00\" \/>\r\n<meta property=\"og:image\" content=\"https:\/\/paracherkaoui.ma\/wp-content\/uploads\/2025\/12\/eucerin-eucerin-urea-repair-emollient-5-duree-48h-parfum-apaisant-250-ml-hydratation-corps.jpg\" \/>\r\n\t<meta property=\"og:image:width\" content=\"700\" \/>\r\n\t<meta property=\"og:image:height\" content=\"700\" \/>\r\n\t<meta property=\"og:image:type\" content=\"image\/jpeg\" \/>\r\n<meta name=\"twitter:card\" content=\"summary_large_image\" \/>\r\n<meta name=\"twitter:label1\" content=\"Dur\u00e9e de lecture estim\u00e9e\" \/>\n\t<meta name=\"twitter:data1\" content=\"1 minute\" \/>\r\n<script type=\"application\/ld+json\" class=\"yoast-schema-graph\">{\"@context\":\"https:\/\/schema.org\",\"@graph\":[{\"@type\":\"WebPage\",\"@id\":\"https:\/\/paracherkaoui.ma\/index.php\/produit\/eucerin-urea-repair-emollient-5-duree-48h-parfum-apaisant-250-ml-2\/\",\"url\":\"https:\/\/paracherkaoui.ma\/index.php\/produit\/eucerin-urea-repair-emollient-5-duree-48h-parfum-apaisant-250-ml-2\/\",\"name\":\"EUCERIN UREA REPAIR EMOLLIENT 5% D'UREE 48H PARFUM APAISANT 250 ML - Paracherkaoui.ma\",\"isPartOf\":{\"@id\":\"https:\/\/paracherkaoui.ma\/#website\"},\"primaryImageOfPage\":{\"@id\":\"https:\/\/paracherkaoui.ma\/index.php\/produit\/eucerin-urea-repair-emollient-5-duree-48h-parfum-apaisant-250-ml-2\/#primaryimage\"},\"image\":{\"@id\":\"https:\/\/paracherkaoui.ma\/index.php\/produit\/eucerin-urea-repair-emollient-5-duree-48h-parfum-apaisant-250-ml-2\/#primaryimage\"},\"thumbnailUrl\":\"https:\/\/paracherkaoui.ma\/wp-content\/uploads\/2025\/12\/eucerin-eucerin-urea-repair-emollient-5-duree-48h-parfum-apaisant-250-ml-hydratation-corps.jpg\",\"datePublished\":\"2025-12-12T16:50:13+00:00\",\"dateModified\":\"2025-12-12T16:50:16+00:00\",\"breadcrumb\":{\"@id\":\"https:\/\/paracherkaoui.ma\/index.php\/produit\/eucerin-urea-repair-emollient-5-duree-48h-parfum-apaisant-250-ml-2\/#breadcrumb\"},\"inLanguage\":\"fr-FR\",\"potentialAction\":[{\"@type\":\"ReadAction\",\"target\":[\"https:\/\/paracherkaoui.ma\/index.php\/produit\/eucerin-urea-repair-emollient-5-duree-48h-parfum-apaisant-250-ml-2\/\"]}]},{\"@type\":\"ImageObject\",\"inLanguage\":\"fr-FR\",\"@id\":\"https:\/\/paracherkaoui.ma\/index.php\/produit\/eucerin-urea-repair-emollient-5-duree-48h-parfum-apaisant-250-ml-2\/#primaryimage\",\"url\":\"https:\/\/paracherkaoui.ma\/wp-content\/uploads\/2025\/12\/eucerin-eucerin-urea-repair-emollient-5-duree-48h-parfum-apaisant-250-ml-hydratation-corps.jpg\",\"contentUrl\":\"https:\/\/paracherkaoui.ma\/wp-content\/uploads\/2025\/12\/eucerin-eucerin-urea-repair-emollient-5-duree-48h-parfum-apaisant-250-ml-hydratation-corps.jpg\",\"width\":700,\"height\":700},{\"@type\":\"BreadcrumbList\",\"@id\":\"https:\/\/paracherkaoui.ma\/index.php\/produit\/eucerin-urea-repair-emollient-5-duree-48h-parfum-apaisant-250-ml-2\/#breadcrumb\",\"itemListElement\":[{\"@type\":\"ListItem\",\"position\":1,\"name\":\"Accueil\",\"item\":\"https:\/\/paracherkaoui.ma\/\"},{\"@type\":\"ListItem\",\"position\":2,\"name\":\"Boutique\",\"item\":\"https:\/\/paracherkaoui.ma\/index.php\/boutique\/\"},{\"@type\":\"ListItem\",\"position\":3,\"name\":\"EUCERIN UREA REPAIR EMOLLIENT 5% D&rsquo;UREE 48H PARFUM APAISANT 250 ML\"}]},{\"@type\":\"WebSite\",\"@id\":\"https:\/\/paracherkaoui.ma\/#website\",\"url\":\"https:\/\/paracherkaoui.ma\/\",\"name\":\"Paracherkaoui.ma\",\"description\":\"Achetez en ligne sur Paracherkaoui.ma\",\"potentialAction\":[{\"@type\":\"SearchAction\",\"target\":{\"@type\":\"EntryPoint\",\"urlTemplate\":\"https:\/\/paracherkaoui.ma\/?s={search_term_string}\"},\"query-input\":{\"@type\":\"PropertyValueSpecification\",\"valueRequired\":true,\"valueName\":\"search_term_string\"}}],\"inLanguage\":\"fr-FR\"}]}<\/script>\r\n<!-- \/ Yoast SEO plugin. -->","yoast_head_json":{"title":"EUCERIN UREA REPAIR EMOLLIENT 5% D'UREE 48H PARFUM APAISANT 250 ML - Paracherkaoui.ma","robots":{"index":"index","follow":"follow","max-snippet":"max-snippet:-1","max-image-preview":"max-image-preview:large","max-video-preview":"max-video-preview:-1"},"canonical":"https:\/\/paracherkaoui.ma\/index.php\/produit\/eucerin-urea-repair-emollient-5-duree-48h-parfum-apaisant-250-ml-2\/","og_locale":"fr_FR","og_type":"article","og_title":"EUCERIN UREA REPAIR EMOLLIENT 5% D'UREE 48H PARFUM APAISANT 250 ML - Paracherkaoui.ma","og_description":"UreaRepair PLUS Emollient 5% d\u2019Ur\u00e9e Parfum\u00e9 apporte les soins quotidiens n\u00e9cessaires aux peaux s\u00e8ches et rugueuses. Sa combinaison unique d\u2019ingr\u00e9dients","og_url":"https:\/\/paracherkaoui.ma\/index.php\/produit\/eucerin-urea-repair-emollient-5-duree-48h-parfum-apaisant-250-ml-2\/","og_site_name":"Paracherkaoui.ma","article_modified_time":"2025-12-12T16:50:16+00:00","og_image":[{"width":700,"height":700,"url":"https:\/\/paracherkaoui.ma\/wp-content\/uploads\/2025\/12\/eucerin-eucerin-urea-repair-emollient-5-duree-48h-parfum-apaisant-250-ml-hydratation-corps.jpg","type":"image\/jpeg"}],"twitter_card":"summary_large_image","twitter_misc":{"Dur\u00e9e de lecture estim\u00e9e":"1 minute"},"schema":{"@context":"https:\/\/schema.org","@graph":[{"@type":"WebPage","@id":"https:\/\/paracherkaoui.ma\/index.php\/produit\/eucerin-urea-repair-emollient-5-duree-48h-parfum-apaisant-250-ml-2\/","url":"https:\/\/paracherkaoui.ma\/index.php\/produit\/eucerin-urea-repair-emollient-5-duree-48h-parfum-apaisant-250-ml-2\/","name":"EUCERIN UREA REPAIR EMOLLIENT 5% D'UREE 48H PARFUM APAISANT 250 ML - Paracherkaoui.ma","isPartOf":{"@id":"https:\/\/paracherkaoui.ma\/#website"},"primaryImageOfPage":{"@id":"https:\/\/paracherkaoui.ma\/index.php\/produit\/eucerin-urea-repair-emollient-5-duree-48h-parfum-apaisant-250-ml-2\/#primaryimage"},"image":{"@id":"https:\/\/paracherkaoui.ma\/index.php\/produit\/eucerin-urea-repair-emollient-5-duree-48h-parfum-apaisant-250-ml-2\/#primaryimage"},"thumbnailUrl":"https:\/\/paracherkaoui.ma\/wp-content\/uploads\/2025\/12\/eucerin-eucerin-urea-repair-emollient-5-duree-48h-parfum-apaisant-250-ml-hydratation-corps.jpg","datePublished":"2025-12-12T16:50:13+00:00","dateModified":"2025-12-12T16:50:16+00:00","breadcrumb":{"@id":"https:\/\/paracherkaoui.ma\/index.php\/produit\/eucerin-urea-repair-emollient-5-duree-48h-parfum-apaisant-250-ml-2\/#breadcrumb"},"inLanguage":"fr-FR","potentialAction":[{"@type":"ReadAction","target":["https:\/\/paracherkaoui.ma\/index.php\/produit\/eucerin-urea-repair-emollient-5-duree-48h-parfum-apaisant-250-ml-2\/"]}]},{"@type":"ImageObject","inLanguage":"fr-FR","@id":"https:\/\/paracherkaoui.ma\/index.php\/produit\/eucerin-urea-repair-emollient-5-duree-48h-parfum-apaisant-250-ml-2\/#primaryimage","url":"https:\/\/paracherkaoui.ma\/wp-content\/uploads\/2025\/12\/eucerin-eucerin-urea-repair-emollient-5-duree-48h-parfum-apaisant-250-ml-hydratation-corps.jpg","contentUrl":"https:\/\/paracherkaoui.ma\/wp-content\/uploads\/2025\/12\/eucerin-eucerin-urea-repair-emollient-5-duree-48h-parfum-apaisant-250-ml-hydratation-corps.jpg","width":700,"height":700},{"@type":"BreadcrumbList","@id":"https:\/\/paracherkaoui.ma\/index.php\/produit\/eucerin-urea-repair-emollient-5-duree-48h-parfum-apaisant-250-ml-2\/#breadcrumb","itemListElement":[{"@type":"ListItem","position":1,"name":"Accueil","item":"https:\/\/paracherkaoui.ma\/"},{"@type":"ListItem","position":2,"name":"Boutique","item":"https:\/\/paracherkaoui.ma\/index.php\/boutique\/"},{"@type":"ListItem","position":3,"name":"EUCERIN UREA REPAIR EMOLLIENT 5% D&rsquo;UREE 48H PARFUM APAISANT 250 ML"}]},{"@type":"WebSite","@id":"https:\/\/paracherkaoui.ma\/#website","url":"https:\/\/paracherkaoui.ma\/","name":"Paracherkaoui.ma","description":"Achetez en ligne sur Paracherkaoui.ma","potentialAction":[{"@type":"SearchAction","target":{"@type":"EntryPoint","urlTemplate":"https:\/\/paracherkaoui.ma\/?s={search_term_string}"},"query-input":{"@type":"PropertyValueSpecification","valueRequired":true,"valueName":"search_term_string"}}],"inLanguage":"fr-FR"}]}},"_links":{"self":[{"href":"https:\/\/paracherkaoui.ma\/index.php\/wp-json\/wp\/v2\/product\/14329","targetHints":{"allow":["GET"]}}],"collection":[{"href":"https:\/\/paracherkaoui.ma\/index.php\/wp-json\/wp\/v2\/product"}],"about":[{"href":"https:\/\/paracherkaoui.ma\/index.php\/wp-json\/wp\/v2\/types\/product"}],"replies":[{"embeddable":true,"href":"https:\/\/paracherkaoui.ma\/index.php\/wp-json\/wp\/v2\/comments?post=14329"}],"version-history":[{"count":1,"href":"https:\/\/paracherkaoui.ma\/index.php\/wp-json\/wp\/v2\/product\/14329\/revisions"}],"predecessor-version":[{"id":14360,"href":"https:\/\/paracherkaoui.ma\/index.php\/wp-json\/wp\/v2\/product\/14329\/revisions\/14360"}],"wp:featuredmedia":[{"embeddable":true,"href":"https:\/\/paracherkaoui.ma\/index.php\/wp-json\/wp\/v2\/media\/11487"}],"wp:attachment":[{"href":"https:\/\/paracherkaoui.ma\/index.php\/wp-json\/wp\/v2\/media?parent=14329"}],"wp:term":[{"taxonomy":"product_brand","embeddable":true,"href":"https:\/\/paracherkaoui.ma\/index.php\/wp-json\/wp\/v2\/product_brand?post=14329"},{"taxonomy":"product_cat","embeddable":true,"href":"https:\/\/paracherkaoui.ma\/index.php\/wp-json\/wp\/v2\/product_cat?post=14329"},{"taxonomy":"product_tag","embeddable":true,"href":"https:\/\/paracherkaoui.ma\/index.php\/wp-json\/wp\/v2\/product_tag?post=14329"}],"curies":[{"name":"wp","href":"https:\/\/api.w.org\/{rel}","templated":true}]}}