{"id":14325,"date":"2025-12-12T17:50:13","date_gmt":"2025-12-12T16:50:13","guid":{"rendered":"https:\/\/test.ecbeaute.com\/?post_type=product&#038;p=14325"},"modified":"2025-12-12T17:50:14","modified_gmt":"2025-12-12T16:50:14","slug":"acm-sensitelial-soin-emollient-500-ml-3","status":"publish","type":"product","link":"https:\/\/paracherkaoui.ma\/index.php\/produit\/acm-sensitelial-soin-emollient-500-ml-3\/","title":{"rendered":"ACM SENSITELIAL SOIN EMOLLIENT 500 ML"},"content":{"rendered":"<p>Lorsqu\u2019on a une peau \u00e0 tendance atopique, il ne faut surtout pas n\u00e9gliger d\u2019en prendre bien soin. Fragile et sensible, ce type de peau peut devenir vraiment inconfortable. Laboratoire ACM Sensit\u00e9lial Soin Emollient est la solution. Il s\u2019agit d\u2019une cr\u00e8me propos\u00e9e dans un flacon-pompe de 500 ml. Ce produit permet d\u2019apporter de nombreux bienfaits, notamment le confort. Sans parfum, il ne pr\u00e9sente aucun risque pour votre sant\u00e9. Cette cr\u00e8me convient parfaitement pour le visage et le corps. Conseils d&rsquo;utilisation : Elle s\u2019applique tr\u00e8s facilement apr\u00e8s la douche.<\/p>\n","protected":false},"excerpt":{"rendered":"<p>Lorsqu\u2019on a une peau \u00e0 tendance atopique, il ne faut surtout pas n\u00e9gliger d\u2019en prendre bien soin. Fragile et sensible,<\/p>\n","protected":false},"featured_media":11729,"comment_status":"open","ping_status":"closed","template":"","meta":[],"product_brand":[142],"product_cat":[179],"product_tag":[],"class_list":{"0":"post-14325","1":"product","2":"type-product","3":"status-publish","4":"has-post-thumbnail","6":"product_brand-acm","7":"product_cat-hydratation-corps","9":"first","10":"instock","11":"sale","12":"shipping-taxable","13":"purchasable","14":"product-type-simple"},"yoast_head":"<!-- This site is optimized with the Yoast SEO plugin v26.6 - https:\/\/yoast.com\/wordpress\/plugins\/seo\/ -->\r\n<title>ACM SENSITELIAL SOIN EMOLLIENT 500 ML - Paracherkaoui.ma<\/title>\r\n<meta name=\"robots\" content=\"index, follow, max-snippet:-1, max-image-preview:large, max-video-preview:-1\" \/>\r\n<link rel=\"canonical\" href=\"https:\/\/paracherkaoui.ma\/index.php\/produit\/acm-sensitelial-soin-emollient-500-ml-3\/\" \/>\r\n<meta property=\"og:locale\" content=\"fr_FR\" \/>\r\n<meta property=\"og:type\" content=\"article\" \/>\r\n<meta property=\"og:title\" content=\"ACM SENSITELIAL SOIN EMOLLIENT 500 ML - Paracherkaoui.ma\" \/>\r\n<meta property=\"og:description\" content=\"Lorsqu\u2019on a une peau \u00e0 tendance atopique, il ne faut surtout pas n\u00e9gliger d\u2019en prendre bien soin. Fragile et sensible,\" \/>\r\n<meta property=\"og:url\" content=\"https:\/\/paracherkaoui.ma\/index.php\/produit\/acm-sensitelial-soin-emollient-500-ml-3\/\" \/>\r\n<meta property=\"og:site_name\" content=\"Paracherkaoui.ma\" \/>\r\n<meta property=\"article:modified_time\" content=\"2025-12-12T16:50:14+00:00\" \/>\r\n<meta property=\"og:image\" content=\"https:\/\/paracherkaoui.ma\/wp-content\/uploads\/2025\/12\/acm-acm-sensitelial-soin-emollient-500-ml-cremes-et-soins-hydratants.jpg\" \/>\r\n\t<meta property=\"og:image:width\" content=\"700\" \/>\r\n\t<meta property=\"og:image:height\" content=\"700\" \/>\r\n\t<meta property=\"og:image:type\" content=\"image\/jpeg\" \/>\r\n<meta name=\"twitter:card\" content=\"summary_large_image\" \/>\r\n<script type=\"application\/ld+json\" class=\"yoast-schema-graph\">{\"@context\":\"https:\/\/schema.org\",\"@graph\":[{\"@type\":\"WebPage\",\"@id\":\"https:\/\/paracherkaoui.ma\/index.php\/produit\/acm-sensitelial-soin-emollient-500-ml-3\/\",\"url\":\"https:\/\/paracherkaoui.ma\/index.php\/produit\/acm-sensitelial-soin-emollient-500-ml-3\/\",\"name\":\"ACM SENSITELIAL SOIN EMOLLIENT 500 ML - Paracherkaoui.ma\",\"isPartOf\":{\"@id\":\"https:\/\/paracherkaoui.ma\/#website\"},\"primaryImageOfPage\":{\"@id\":\"https:\/\/paracherkaoui.ma\/index.php\/produit\/acm-sensitelial-soin-emollient-500-ml-3\/#primaryimage\"},\"image\":{\"@id\":\"https:\/\/paracherkaoui.ma\/index.php\/produit\/acm-sensitelial-soin-emollient-500-ml-3\/#primaryimage\"},\"thumbnailUrl\":\"https:\/\/paracherkaoui.ma\/wp-content\/uploads\/2025\/12\/acm-acm-sensitelial-soin-emollient-500-ml-cremes-et-soins-hydratants.jpg\",\"datePublished\":\"2025-12-12T16:50:13+00:00\",\"dateModified\":\"2025-12-12T16:50:14+00:00\",\"breadcrumb\":{\"@id\":\"https:\/\/paracherkaoui.ma\/index.php\/produit\/acm-sensitelial-soin-emollient-500-ml-3\/#breadcrumb\"},\"inLanguage\":\"fr-FR\",\"potentialAction\":[{\"@type\":\"ReadAction\",\"target\":[\"https:\/\/paracherkaoui.ma\/index.php\/produit\/acm-sensitelial-soin-emollient-500-ml-3\/\"]}]},{\"@type\":\"ImageObject\",\"inLanguage\":\"fr-FR\",\"@id\":\"https:\/\/paracherkaoui.ma\/index.php\/produit\/acm-sensitelial-soin-emollient-500-ml-3\/#primaryimage\",\"url\":\"https:\/\/paracherkaoui.ma\/wp-content\/uploads\/2025\/12\/acm-acm-sensitelial-soin-emollient-500-ml-cremes-et-soins-hydratants.jpg\",\"contentUrl\":\"https:\/\/paracherkaoui.ma\/wp-content\/uploads\/2025\/12\/acm-acm-sensitelial-soin-emollient-500-ml-cremes-et-soins-hydratants.jpg\",\"width\":700,\"height\":700},{\"@type\":\"BreadcrumbList\",\"@id\":\"https:\/\/paracherkaoui.ma\/index.php\/produit\/acm-sensitelial-soin-emollient-500-ml-3\/#breadcrumb\",\"itemListElement\":[{\"@type\":\"ListItem\",\"position\":1,\"name\":\"Accueil\",\"item\":\"https:\/\/paracherkaoui.ma\/\"},{\"@type\":\"ListItem\",\"position\":2,\"name\":\"Boutique\",\"item\":\"https:\/\/paracherkaoui.ma\/index.php\/boutique\/\"},{\"@type\":\"ListItem\",\"position\":3,\"name\":\"ACM SENSITELIAL SOIN EMOLLIENT 500 ML\"}]},{\"@type\":\"WebSite\",\"@id\":\"https:\/\/paracherkaoui.ma\/#website\",\"url\":\"https:\/\/paracherkaoui.ma\/\",\"name\":\"Paracherkaoui.ma\",\"description\":\"Achetez en ligne sur Paracherkaoui.ma\",\"potentialAction\":[{\"@type\":\"SearchAction\",\"target\":{\"@type\":\"EntryPoint\",\"urlTemplate\":\"https:\/\/paracherkaoui.ma\/?s={search_term_string}\"},\"query-input\":{\"@type\":\"PropertyValueSpecification\",\"valueRequired\":true,\"valueName\":\"search_term_string\"}}],\"inLanguage\":\"fr-FR\"}]}<\/script>\r\n<!-- \/ Yoast SEO plugin. -->","yoast_head_json":{"title":"ACM SENSITELIAL SOIN EMOLLIENT 500 ML - Paracherkaoui.ma","robots":{"index":"index","follow":"follow","max-snippet":"max-snippet:-1","max-image-preview":"max-image-preview:large","max-video-preview":"max-video-preview:-1"},"canonical":"https:\/\/paracherkaoui.ma\/index.php\/produit\/acm-sensitelial-soin-emollient-500-ml-3\/","og_locale":"fr_FR","og_type":"article","og_title":"ACM SENSITELIAL SOIN EMOLLIENT 500 ML - Paracherkaoui.ma","og_description":"Lorsqu\u2019on a une peau \u00e0 tendance atopique, il ne faut surtout pas n\u00e9gliger d\u2019en prendre bien soin. Fragile et sensible,","og_url":"https:\/\/paracherkaoui.ma\/index.php\/produit\/acm-sensitelial-soin-emollient-500-ml-3\/","og_site_name":"Paracherkaoui.ma","article_modified_time":"2025-12-12T16:50:14+00:00","og_image":[{"width":700,"height":700,"url":"https:\/\/paracherkaoui.ma\/wp-content\/uploads\/2025\/12\/acm-acm-sensitelial-soin-emollient-500-ml-cremes-et-soins-hydratants.jpg","type":"image\/jpeg"}],"twitter_card":"summary_large_image","schema":{"@context":"https:\/\/schema.org","@graph":[{"@type":"WebPage","@id":"https:\/\/paracherkaoui.ma\/index.php\/produit\/acm-sensitelial-soin-emollient-500-ml-3\/","url":"https:\/\/paracherkaoui.ma\/index.php\/produit\/acm-sensitelial-soin-emollient-500-ml-3\/","name":"ACM SENSITELIAL SOIN EMOLLIENT 500 ML - Paracherkaoui.ma","isPartOf":{"@id":"https:\/\/paracherkaoui.ma\/#website"},"primaryImageOfPage":{"@id":"https:\/\/paracherkaoui.ma\/index.php\/produit\/acm-sensitelial-soin-emollient-500-ml-3\/#primaryimage"},"image":{"@id":"https:\/\/paracherkaoui.ma\/index.php\/produit\/acm-sensitelial-soin-emollient-500-ml-3\/#primaryimage"},"thumbnailUrl":"https:\/\/paracherkaoui.ma\/wp-content\/uploads\/2025\/12\/acm-acm-sensitelial-soin-emollient-500-ml-cremes-et-soins-hydratants.jpg","datePublished":"2025-12-12T16:50:13+00:00","dateModified":"2025-12-12T16:50:14+00:00","breadcrumb":{"@id":"https:\/\/paracherkaoui.ma\/index.php\/produit\/acm-sensitelial-soin-emollient-500-ml-3\/#breadcrumb"},"inLanguage":"fr-FR","potentialAction":[{"@type":"ReadAction","target":["https:\/\/paracherkaoui.ma\/index.php\/produit\/acm-sensitelial-soin-emollient-500-ml-3\/"]}]},{"@type":"ImageObject","inLanguage":"fr-FR","@id":"https:\/\/paracherkaoui.ma\/index.php\/produit\/acm-sensitelial-soin-emollient-500-ml-3\/#primaryimage","url":"https:\/\/paracherkaoui.ma\/wp-content\/uploads\/2025\/12\/acm-acm-sensitelial-soin-emollient-500-ml-cremes-et-soins-hydratants.jpg","contentUrl":"https:\/\/paracherkaoui.ma\/wp-content\/uploads\/2025\/12\/acm-acm-sensitelial-soin-emollient-500-ml-cremes-et-soins-hydratants.jpg","width":700,"height":700},{"@type":"BreadcrumbList","@id":"https:\/\/paracherkaoui.ma\/index.php\/produit\/acm-sensitelial-soin-emollient-500-ml-3\/#breadcrumb","itemListElement":[{"@type":"ListItem","position":1,"name":"Accueil","item":"https:\/\/paracherkaoui.ma\/"},{"@type":"ListItem","position":2,"name":"Boutique","item":"https:\/\/paracherkaoui.ma\/index.php\/boutique\/"},{"@type":"ListItem","position":3,"name":"ACM SENSITELIAL SOIN EMOLLIENT 500 ML"}]},{"@type":"WebSite","@id":"https:\/\/paracherkaoui.ma\/#website","url":"https:\/\/paracherkaoui.ma\/","name":"Paracherkaoui.ma","description":"Achetez en ligne sur Paracherkaoui.ma","potentialAction":[{"@type":"SearchAction","target":{"@type":"EntryPoint","urlTemplate":"https:\/\/paracherkaoui.ma\/?s={search_term_string}"},"query-input":{"@type":"PropertyValueSpecification","valueRequired":true,"valueName":"search_term_string"}}],"inLanguage":"fr-FR"}]}},"_links":{"self":[{"href":"https:\/\/paracherkaoui.ma\/index.php\/wp-json\/wp\/v2\/product\/14325","targetHints":{"allow":["GET"]}}],"collection":[{"href":"https:\/\/paracherkaoui.ma\/index.php\/wp-json\/wp\/v2\/product"}],"about":[{"href":"https:\/\/paracherkaoui.ma\/index.php\/wp-json\/wp\/v2\/types\/product"}],"replies":[{"embeddable":true,"href":"https:\/\/paracherkaoui.ma\/index.php\/wp-json\/wp\/v2\/comments?post=14325"}],"version-history":[{"count":1,"href":"https:\/\/paracherkaoui.ma\/index.php\/wp-json\/wp\/v2\/product\/14325\/revisions"}],"predecessor-version":[{"id":14355,"href":"https:\/\/paracherkaoui.ma\/index.php\/wp-json\/wp\/v2\/product\/14325\/revisions\/14355"}],"wp:featuredmedia":[{"embeddable":true,"href":"https:\/\/paracherkaoui.ma\/index.php\/wp-json\/wp\/v2\/media\/11729"}],"wp:attachment":[{"href":"https:\/\/paracherkaoui.ma\/index.php\/wp-json\/wp\/v2\/media?parent=14325"}],"wp:term":[{"taxonomy":"product_brand","embeddable":true,"href":"https:\/\/paracherkaoui.ma\/index.php\/wp-json\/wp\/v2\/product_brand?post=14325"},{"taxonomy":"product_cat","embeddable":true,"href":"https:\/\/paracherkaoui.ma\/index.php\/wp-json\/wp\/v2\/product_cat?post=14325"},{"taxonomy":"product_tag","embeddable":true,"href":"https:\/\/paracherkaoui.ma\/index.php\/wp-json\/wp\/v2\/product_tag?post=14325"}],"curies":[{"name":"wp","href":"https:\/\/api.w.org\/{rel}","templated":true}]}}