{"id":14283,"date":"2025-12-12T17:50:09","date_gmt":"2025-12-12T16:50:09","guid":{"rendered":"https:\/\/test.ecbeaute.com\/?post_type=product&#038;p=14283"},"modified":"2025-12-12T17:50:12","modified_gmt":"2025-12-12T16:50:12","slug":"bioderma-atoderm-preventive-200-ml-2","status":"publish","type":"product","link":"https:\/\/paracherkaoui.ma\/index.php\/produit\/bioderma-atoderm-preventive-200-ml-2\/","title":{"rendered":"BIODERMA ATODERM PREVENTIVE 200 ML"},"content":{"rendered":"<p>Atoderm Pr\u00e9ventive est la 1\u00e8re cr\u00e8me nourrissante dermo-consolidante qui freine l\u2019aggravation des s\u00e9cheresses cutan\u00e9es d\u00e8s la naissance Son complexe exclusif Lipigenium est compos\u00e9 d\u2019acides gras essentiels restructurants (om\u00e9gas 3 et 6) et de biolipides (c\u00e9ramides) naturellement pr\u00e9sents dans la peau, mais d\u00e9ficients chez ces nourrissons \u00e0 peau s\u00e8che.Les biolipides mimant l\u2019organisation des lipides cutan\u00e9s, s\u2019ins\u00e8rent parfaitement dans la peau, recr\u00e9ant un film protecteur naturel d\u00e8s l\u2019application. Ils stimulent biologiquement la synth\u00e8se des lipides et prot\u00e9ines (filaggrine) constitutifs du ciment intercorn\u00e9ocytaire pour recr\u00e9er imm\u00e9diatement et durablement une barri\u00e8re cutan\u00e9e saine.Son brevet Skin Barrier Therapy permet de limiter d\u2019une part l\u2019adh\u00e9sion et la prolif\u00e9ration du Staphylocoque dor\u00e9, d\u2019autre part la p\u00e9n\u00e9tration d\u2019allerg\u00e8nes, deux facteurs d\u2019aggravation de la s\u00e9cheresse. Convient d\u00e8s la naissance, hors nourrissons pr\u00e9matur\u00e9s. Parfum l\u00e9ger sans parab\u00e8ne Hypoallerg\u00e9nique CONSEILS D&rsquo;UTILISATION : Utilisez Atoderm Preventive, 1 \u00e0 2 fois par jour, sur le visage et\/ou le corps nettoy\u00e9(s) au pr\u00e9alable avec un soin d&rsquo;hygi\u00e8ne Atoderm ou ABCDerm.<\/p>\n","protected":false},"excerpt":{"rendered":"<p>Atoderm Pr\u00e9ventive est la 1\u00e8re cr\u00e8me nourrissante dermo-consolidante qui freine l\u2019aggravation des s\u00e9cheresses cutan\u00e9es d\u00e8s la naissance Son complexe exclusif<\/p>\n","protected":false},"featured_media":11470,"comment_status":"open","ping_status":"closed","template":"","meta":[],"product_brand":[137],"product_cat":[179],"product_tag":[],"class_list":{"0":"post-14283","1":"product","2":"type-product","3":"status-publish","4":"has-post-thumbnail","6":"product_brand-bioderma","7":"product_cat-hydratation-corps","9":"first","10":"instock","11":"sale","12":"shipping-taxable","13":"purchasable","14":"product-type-simple"},"yoast_head":"<!-- This site is optimized with the Yoast SEO plugin v26.6 - https:\/\/yoast.com\/wordpress\/plugins\/seo\/ -->\r\n<title>BIODERMA ATODERM PREVENTIVE 200 ML - Paracherkaoui.ma<\/title>\r\n<meta name=\"robots\" content=\"index, follow, max-snippet:-1, max-image-preview:large, max-video-preview:-1\" \/>\r\n<link rel=\"canonical\" href=\"https:\/\/paracherkaoui.ma\/index.php\/produit\/bioderma-atoderm-preventive-200-ml-2\/\" \/>\r\n<meta property=\"og:locale\" content=\"fr_FR\" \/>\r\n<meta property=\"og:type\" content=\"article\" \/>\r\n<meta property=\"og:title\" content=\"BIODERMA ATODERM PREVENTIVE 200 ML - Paracherkaoui.ma\" \/>\r\n<meta property=\"og:description\" content=\"Atoderm Pr\u00e9ventive est la 1\u00e8re cr\u00e8me nourrissante dermo-consolidante qui freine l\u2019aggravation des s\u00e9cheresses cutan\u00e9es d\u00e8s la naissance Son complexe exclusif\" \/>\r\n<meta property=\"og:url\" content=\"https:\/\/paracherkaoui.ma\/index.php\/produit\/bioderma-atoderm-preventive-200-ml-2\/\" \/>\r\n<meta property=\"og:site_name\" content=\"Paracherkaoui.ma\" \/>\r\n<meta property=\"article:modified_time\" content=\"2025-12-12T16:50:12+00:00\" \/>\r\n<meta property=\"og:image\" content=\"https:\/\/paracherkaoui.ma\/wp-content\/uploads\/2025\/12\/bioderma-atoderm-preventive-200-ml.jpg\" \/>\r\n\t<meta property=\"og:image:width\" content=\"700\" \/>\r\n\t<meta property=\"og:image:height\" content=\"700\" \/>\r\n\t<meta property=\"og:image:type\" content=\"image\/jpeg\" \/>\r\n<meta name=\"twitter:card\" content=\"summary_large_image\" \/>\r\n<meta name=\"twitter:label1\" content=\"Dur\u00e9e de lecture estim\u00e9e\" \/>\n\t<meta name=\"twitter:data1\" content=\"1 minute\" \/>\r\n<script type=\"application\/ld+json\" class=\"yoast-schema-graph\">{\"@context\":\"https:\/\/schema.org\",\"@graph\":[{\"@type\":\"WebPage\",\"@id\":\"https:\/\/paracherkaoui.ma\/index.php\/produit\/bioderma-atoderm-preventive-200-ml-2\/\",\"url\":\"https:\/\/paracherkaoui.ma\/index.php\/produit\/bioderma-atoderm-preventive-200-ml-2\/\",\"name\":\"BIODERMA ATODERM PREVENTIVE 200 ML - Paracherkaoui.ma\",\"isPartOf\":{\"@id\":\"https:\/\/paracherkaoui.ma\/#website\"},\"primaryImageOfPage\":{\"@id\":\"https:\/\/paracherkaoui.ma\/index.php\/produit\/bioderma-atoderm-preventive-200-ml-2\/#primaryimage\"},\"image\":{\"@id\":\"https:\/\/paracherkaoui.ma\/index.php\/produit\/bioderma-atoderm-preventive-200-ml-2\/#primaryimage\"},\"thumbnailUrl\":\"https:\/\/paracherkaoui.ma\/wp-content\/uploads\/2025\/12\/bioderma-atoderm-preventive-200-ml.jpg\",\"datePublished\":\"2025-12-12T16:50:09+00:00\",\"dateModified\":\"2025-12-12T16:50:12+00:00\",\"breadcrumb\":{\"@id\":\"https:\/\/paracherkaoui.ma\/index.php\/produit\/bioderma-atoderm-preventive-200-ml-2\/#breadcrumb\"},\"inLanguage\":\"fr-FR\",\"potentialAction\":[{\"@type\":\"ReadAction\",\"target\":[\"https:\/\/paracherkaoui.ma\/index.php\/produit\/bioderma-atoderm-preventive-200-ml-2\/\"]}]},{\"@type\":\"ImageObject\",\"inLanguage\":\"fr-FR\",\"@id\":\"https:\/\/paracherkaoui.ma\/index.php\/produit\/bioderma-atoderm-preventive-200-ml-2\/#primaryimage\",\"url\":\"https:\/\/paracherkaoui.ma\/wp-content\/uploads\/2025\/12\/bioderma-atoderm-preventive-200-ml.jpg\",\"contentUrl\":\"https:\/\/paracherkaoui.ma\/wp-content\/uploads\/2025\/12\/bioderma-atoderm-preventive-200-ml.jpg\",\"width\":700,\"height\":700},{\"@type\":\"BreadcrumbList\",\"@id\":\"https:\/\/paracherkaoui.ma\/index.php\/produit\/bioderma-atoderm-preventive-200-ml-2\/#breadcrumb\",\"itemListElement\":[{\"@type\":\"ListItem\",\"position\":1,\"name\":\"Accueil\",\"item\":\"https:\/\/paracherkaoui.ma\/\"},{\"@type\":\"ListItem\",\"position\":2,\"name\":\"Boutique\",\"item\":\"https:\/\/paracherkaoui.ma\/index.php\/boutique\/\"},{\"@type\":\"ListItem\",\"position\":3,\"name\":\"BIODERMA ATODERM PREVENTIVE 200 ML\"}]},{\"@type\":\"WebSite\",\"@id\":\"https:\/\/paracherkaoui.ma\/#website\",\"url\":\"https:\/\/paracherkaoui.ma\/\",\"name\":\"Paracherkaoui.ma\",\"description\":\"Achetez en ligne sur Paracherkaoui.ma\",\"potentialAction\":[{\"@type\":\"SearchAction\",\"target\":{\"@type\":\"EntryPoint\",\"urlTemplate\":\"https:\/\/paracherkaoui.ma\/?s={search_term_string}\"},\"query-input\":{\"@type\":\"PropertyValueSpecification\",\"valueRequired\":true,\"valueName\":\"search_term_string\"}}],\"inLanguage\":\"fr-FR\"}]}<\/script>\r\n<!-- \/ Yoast SEO plugin. -->","yoast_head_json":{"title":"BIODERMA ATODERM PREVENTIVE 200 ML - Paracherkaoui.ma","robots":{"index":"index","follow":"follow","max-snippet":"max-snippet:-1","max-image-preview":"max-image-preview:large","max-video-preview":"max-video-preview:-1"},"canonical":"https:\/\/paracherkaoui.ma\/index.php\/produit\/bioderma-atoderm-preventive-200-ml-2\/","og_locale":"fr_FR","og_type":"article","og_title":"BIODERMA ATODERM PREVENTIVE 200 ML - Paracherkaoui.ma","og_description":"Atoderm Pr\u00e9ventive est la 1\u00e8re cr\u00e8me nourrissante dermo-consolidante qui freine l\u2019aggravation des s\u00e9cheresses cutan\u00e9es d\u00e8s la naissance Son complexe exclusif","og_url":"https:\/\/paracherkaoui.ma\/index.php\/produit\/bioderma-atoderm-preventive-200-ml-2\/","og_site_name":"Paracherkaoui.ma","article_modified_time":"2025-12-12T16:50:12+00:00","og_image":[{"width":700,"height":700,"url":"https:\/\/paracherkaoui.ma\/wp-content\/uploads\/2025\/12\/bioderma-atoderm-preventive-200-ml.jpg","type":"image\/jpeg"}],"twitter_card":"summary_large_image","twitter_misc":{"Dur\u00e9e de lecture estim\u00e9e":"1 minute"},"schema":{"@context":"https:\/\/schema.org","@graph":[{"@type":"WebPage","@id":"https:\/\/paracherkaoui.ma\/index.php\/produit\/bioderma-atoderm-preventive-200-ml-2\/","url":"https:\/\/paracherkaoui.ma\/index.php\/produit\/bioderma-atoderm-preventive-200-ml-2\/","name":"BIODERMA ATODERM PREVENTIVE 200 ML - Paracherkaoui.ma","isPartOf":{"@id":"https:\/\/paracherkaoui.ma\/#website"},"primaryImageOfPage":{"@id":"https:\/\/paracherkaoui.ma\/index.php\/produit\/bioderma-atoderm-preventive-200-ml-2\/#primaryimage"},"image":{"@id":"https:\/\/paracherkaoui.ma\/index.php\/produit\/bioderma-atoderm-preventive-200-ml-2\/#primaryimage"},"thumbnailUrl":"https:\/\/paracherkaoui.ma\/wp-content\/uploads\/2025\/12\/bioderma-atoderm-preventive-200-ml.jpg","datePublished":"2025-12-12T16:50:09+00:00","dateModified":"2025-12-12T16:50:12+00:00","breadcrumb":{"@id":"https:\/\/paracherkaoui.ma\/index.php\/produit\/bioderma-atoderm-preventive-200-ml-2\/#breadcrumb"},"inLanguage":"fr-FR","potentialAction":[{"@type":"ReadAction","target":["https:\/\/paracherkaoui.ma\/index.php\/produit\/bioderma-atoderm-preventive-200-ml-2\/"]}]},{"@type":"ImageObject","inLanguage":"fr-FR","@id":"https:\/\/paracherkaoui.ma\/index.php\/produit\/bioderma-atoderm-preventive-200-ml-2\/#primaryimage","url":"https:\/\/paracherkaoui.ma\/wp-content\/uploads\/2025\/12\/bioderma-atoderm-preventive-200-ml.jpg","contentUrl":"https:\/\/paracherkaoui.ma\/wp-content\/uploads\/2025\/12\/bioderma-atoderm-preventive-200-ml.jpg","width":700,"height":700},{"@type":"BreadcrumbList","@id":"https:\/\/paracherkaoui.ma\/index.php\/produit\/bioderma-atoderm-preventive-200-ml-2\/#breadcrumb","itemListElement":[{"@type":"ListItem","position":1,"name":"Accueil","item":"https:\/\/paracherkaoui.ma\/"},{"@type":"ListItem","position":2,"name":"Boutique","item":"https:\/\/paracherkaoui.ma\/index.php\/boutique\/"},{"@type":"ListItem","position":3,"name":"BIODERMA ATODERM PREVENTIVE 200 ML"}]},{"@type":"WebSite","@id":"https:\/\/paracherkaoui.ma\/#website","url":"https:\/\/paracherkaoui.ma\/","name":"Paracherkaoui.ma","description":"Achetez en ligne sur Paracherkaoui.ma","potentialAction":[{"@type":"SearchAction","target":{"@type":"EntryPoint","urlTemplate":"https:\/\/paracherkaoui.ma\/?s={search_term_string}"},"query-input":{"@type":"PropertyValueSpecification","valueRequired":true,"valueName":"search_term_string"}}],"inLanguage":"fr-FR"}]}},"_links":{"self":[{"href":"https:\/\/paracherkaoui.ma\/index.php\/wp-json\/wp\/v2\/product\/14283","targetHints":{"allow":["GET"]}}],"collection":[{"href":"https:\/\/paracherkaoui.ma\/index.php\/wp-json\/wp\/v2\/product"}],"about":[{"href":"https:\/\/paracherkaoui.ma\/index.php\/wp-json\/wp\/v2\/types\/product"}],"replies":[{"embeddable":true,"href":"https:\/\/paracherkaoui.ma\/index.php\/wp-json\/wp\/v2\/comments?post=14283"}],"version-history":[{"count":1,"href":"https:\/\/paracherkaoui.ma\/index.php\/wp-json\/wp\/v2\/product\/14283\/revisions"}],"predecessor-version":[{"id":14318,"href":"https:\/\/paracherkaoui.ma\/index.php\/wp-json\/wp\/v2\/product\/14283\/revisions\/14318"}],"wp:featuredmedia":[{"embeddable":true,"href":"https:\/\/paracherkaoui.ma\/index.php\/wp-json\/wp\/v2\/media\/11470"}],"wp:attachment":[{"href":"https:\/\/paracherkaoui.ma\/index.php\/wp-json\/wp\/v2\/media?parent=14283"}],"wp:term":[{"taxonomy":"product_brand","embeddable":true,"href":"https:\/\/paracherkaoui.ma\/index.php\/wp-json\/wp\/v2\/product_brand?post=14283"},{"taxonomy":"product_cat","embeddable":true,"href":"https:\/\/paracherkaoui.ma\/index.php\/wp-json\/wp\/v2\/product_cat?post=14283"},{"taxonomy":"product_tag","embeddable":true,"href":"https:\/\/paracherkaoui.ma\/index.php\/wp-json\/wp\/v2\/product_tag?post=14283"}],"curies":[{"name":"wp","href":"https:\/\/api.w.org\/{rel}","templated":true}]}}