{"id":14260,"date":"2025-12-12T17:50:08","date_gmt":"2025-12-12T16:50:08","guid":{"rendered":"https:\/\/test.ecbeaute.com\/?post_type=product&#038;p=14260"},"modified":"2025-12-12T17:50:10","modified_gmt":"2025-12-12T16:50:10","slug":"eucerin-aquaphor-baume-reparateur-cutane-40-g-2","status":"publish","type":"product","link":"https:\/\/paracherkaoui.ma\/index.php\/produit\/eucerin-aquaphor-baume-reparateur-cutane-40-g-2\/","title":{"rendered":"EUCERIN AQUAPHOR BAUME REPARATEUR CUTANE 40 G"},"content":{"rendered":"<p>Formul\u00e9 sans parfum, sans conservateur et sans colorant, il respecte parfaitement les \u00e9pidermes les plus sensibles, y compris ceux des b\u00e9b\u00e9s. Gr\u00e2ce \u00e0 sa texture riche et semi-occlusive, il forme un film protecteur respirant qui prot\u00e8ge la peau tout en lui permettant de respirer. Cette barri\u00e8re favorise une cicatrisation rapide tout en emp\u00eachant les agressions ext\u00e9rieures d&rsquo;entraver le processus naturel de r\u00e9paration. Parfait apr\u00e8s des interventions dermatologiques telles que peeling, laser ou radioth\u00e9rapie, le baume Aquaphor soulage imm\u00e9diatement les tiraillements et irritations. Il contient du panth\u00e9nol et du bisabolol, reconnus pour leurs propri\u00e9t\u00e9s apaisantes et r\u00e9paratrices, ainsi que de la glyc\u00e9rine, pour une hydratation optimale. Sa tol\u00e9rance est cliniquement prouv\u00e9e, et sa formule non com\u00e9dog\u00e8ne en fait un soin polyvalent, utilisable sur diff\u00e9rentes zones du corps (l\u00e8vres, mains, coudes, talons, zones sensibilis\u00e9es\u2026). Conseils d\u2019utilisation Appliquez une fine couche du baume sur les zones concern\u00e9es aussi souvent que n\u00e9cessaire. Ne pas utiliser sur des plaies ouvertes ou suintantes. Convient \u00e0 toute la famille, y compris aux nourrissons. Composition Paraffinum Liquidum, Cera Microcristallina, Ceresin, Lanolin Alcohol, Panthenol, Glycerin, Bisabolol<\/p>\n","protected":false},"excerpt":{"rendered":"<p>Formul\u00e9 sans parfum, sans conservateur et sans colorant, il respecte parfaitement les \u00e9pidermes les plus sensibles, y compris ceux des<\/p>\n","protected":false},"featured_media":11172,"comment_status":"open","ping_status":"closed","template":"","meta":[],"product_brand":[134],"product_cat":[179],"product_tag":[],"class_list":{"0":"post-14260","1":"product","2":"type-product","3":"status-publish","4":"has-post-thumbnail","6":"product_brand-eucerin","7":"product_cat-hydratation-corps","9":"first","10":"instock","11":"sale","12":"shipping-taxable","13":"purchasable","14":"product-type-simple"},"yoast_head":"<!-- This site is optimized with the Yoast SEO plugin v26.6 - https:\/\/yoast.com\/wordpress\/plugins\/seo\/ -->\r\n<title>EUCERIN AQUAPHOR BAUME REPARATEUR CUTANE 40 G - Paracherkaoui.ma<\/title>\r\n<meta name=\"robots\" content=\"index, follow, max-snippet:-1, max-image-preview:large, max-video-preview:-1\" \/>\r\n<link rel=\"canonical\" href=\"https:\/\/paracherkaoui.ma\/index.php\/produit\/eucerin-aquaphor-baume-reparateur-cutane-40-g-2\/\" \/>\r\n<meta property=\"og:locale\" content=\"fr_FR\" \/>\r\n<meta property=\"og:type\" content=\"article\" \/>\r\n<meta property=\"og:title\" content=\"EUCERIN AQUAPHOR BAUME REPARATEUR CUTANE 40 G - Paracherkaoui.ma\" \/>\r\n<meta property=\"og:description\" content=\"Formul\u00e9 sans parfum, sans conservateur et sans colorant, il respecte parfaitement les \u00e9pidermes les plus sensibles, y compris ceux des\" \/>\r\n<meta property=\"og:url\" content=\"https:\/\/paracherkaoui.ma\/index.php\/produit\/eucerin-aquaphor-baume-reparateur-cutane-40-g-2\/\" \/>\r\n<meta property=\"og:site_name\" content=\"Paracherkaoui.ma\" \/>\r\n<meta property=\"article:modified_time\" content=\"2025-12-12T16:50:10+00:00\" \/>\r\n<meta property=\"og:image\" content=\"https:\/\/paracherkaoui.ma\/wp-content\/uploads\/2025\/12\/eucerin-eucerin-aquaphor-baume-reparateur-cutane-40-g-pommades-et-cremes-cicatrisantes.jpg\" \/>\r\n\t<meta property=\"og:image:width\" content=\"700\" \/>\r\n\t<meta property=\"og:image:height\" content=\"700\" \/>\r\n\t<meta property=\"og:image:type\" content=\"image\/jpeg\" \/>\r\n<meta name=\"twitter:card\" content=\"summary_large_image\" \/>\r\n<meta name=\"twitter:label1\" content=\"Dur\u00e9e de lecture estim\u00e9e\" \/>\n\t<meta name=\"twitter:data1\" content=\"1 minute\" \/>\r\n<script type=\"application\/ld+json\" class=\"yoast-schema-graph\">{\"@context\":\"https:\/\/schema.org\",\"@graph\":[{\"@type\":\"WebPage\",\"@id\":\"https:\/\/paracherkaoui.ma\/index.php\/produit\/eucerin-aquaphor-baume-reparateur-cutane-40-g-2\/\",\"url\":\"https:\/\/paracherkaoui.ma\/index.php\/produit\/eucerin-aquaphor-baume-reparateur-cutane-40-g-2\/\",\"name\":\"EUCERIN AQUAPHOR BAUME REPARATEUR CUTANE 40 G - Paracherkaoui.ma\",\"isPartOf\":{\"@id\":\"https:\/\/paracherkaoui.ma\/#website\"},\"primaryImageOfPage\":{\"@id\":\"https:\/\/paracherkaoui.ma\/index.php\/produit\/eucerin-aquaphor-baume-reparateur-cutane-40-g-2\/#primaryimage\"},\"image\":{\"@id\":\"https:\/\/paracherkaoui.ma\/index.php\/produit\/eucerin-aquaphor-baume-reparateur-cutane-40-g-2\/#primaryimage\"},\"thumbnailUrl\":\"https:\/\/paracherkaoui.ma\/wp-content\/uploads\/2025\/12\/eucerin-eucerin-aquaphor-baume-reparateur-cutane-40-g-pommades-et-cremes-cicatrisantes.jpg\",\"datePublished\":\"2025-12-12T16:50:08+00:00\",\"dateModified\":\"2025-12-12T16:50:10+00:00\",\"breadcrumb\":{\"@id\":\"https:\/\/paracherkaoui.ma\/index.php\/produit\/eucerin-aquaphor-baume-reparateur-cutane-40-g-2\/#breadcrumb\"},\"inLanguage\":\"fr-FR\",\"potentialAction\":[{\"@type\":\"ReadAction\",\"target\":[\"https:\/\/paracherkaoui.ma\/index.php\/produit\/eucerin-aquaphor-baume-reparateur-cutane-40-g-2\/\"]}]},{\"@type\":\"ImageObject\",\"inLanguage\":\"fr-FR\",\"@id\":\"https:\/\/paracherkaoui.ma\/index.php\/produit\/eucerin-aquaphor-baume-reparateur-cutane-40-g-2\/#primaryimage\",\"url\":\"https:\/\/paracherkaoui.ma\/wp-content\/uploads\/2025\/12\/eucerin-eucerin-aquaphor-baume-reparateur-cutane-40-g-pommades-et-cremes-cicatrisantes.jpg\",\"contentUrl\":\"https:\/\/paracherkaoui.ma\/wp-content\/uploads\/2025\/12\/eucerin-eucerin-aquaphor-baume-reparateur-cutane-40-g-pommades-et-cremes-cicatrisantes.jpg\",\"width\":700,\"height\":700},{\"@type\":\"BreadcrumbList\",\"@id\":\"https:\/\/paracherkaoui.ma\/index.php\/produit\/eucerin-aquaphor-baume-reparateur-cutane-40-g-2\/#breadcrumb\",\"itemListElement\":[{\"@type\":\"ListItem\",\"position\":1,\"name\":\"Accueil\",\"item\":\"https:\/\/paracherkaoui.ma\/\"},{\"@type\":\"ListItem\",\"position\":2,\"name\":\"Boutique\",\"item\":\"https:\/\/paracherkaoui.ma\/index.php\/boutique\/\"},{\"@type\":\"ListItem\",\"position\":3,\"name\":\"EUCERIN AQUAPHOR BAUME REPARATEUR CUTANE 40 G\"}]},{\"@type\":\"WebSite\",\"@id\":\"https:\/\/paracherkaoui.ma\/#website\",\"url\":\"https:\/\/paracherkaoui.ma\/\",\"name\":\"Paracherkaoui.ma\",\"description\":\"Achetez en ligne sur Paracherkaoui.ma\",\"potentialAction\":[{\"@type\":\"SearchAction\",\"target\":{\"@type\":\"EntryPoint\",\"urlTemplate\":\"https:\/\/paracherkaoui.ma\/?s={search_term_string}\"},\"query-input\":{\"@type\":\"PropertyValueSpecification\",\"valueRequired\":true,\"valueName\":\"search_term_string\"}}],\"inLanguage\":\"fr-FR\"}]}<\/script>\r\n<!-- \/ Yoast SEO plugin. -->","yoast_head_json":{"title":"EUCERIN AQUAPHOR BAUME REPARATEUR CUTANE 40 G - Paracherkaoui.ma","robots":{"index":"index","follow":"follow","max-snippet":"max-snippet:-1","max-image-preview":"max-image-preview:large","max-video-preview":"max-video-preview:-1"},"canonical":"https:\/\/paracherkaoui.ma\/index.php\/produit\/eucerin-aquaphor-baume-reparateur-cutane-40-g-2\/","og_locale":"fr_FR","og_type":"article","og_title":"EUCERIN AQUAPHOR BAUME REPARATEUR CUTANE 40 G - Paracherkaoui.ma","og_description":"Formul\u00e9 sans parfum, sans conservateur et sans colorant, il respecte parfaitement les \u00e9pidermes les plus sensibles, y compris ceux des","og_url":"https:\/\/paracherkaoui.ma\/index.php\/produit\/eucerin-aquaphor-baume-reparateur-cutane-40-g-2\/","og_site_name":"Paracherkaoui.ma","article_modified_time":"2025-12-12T16:50:10+00:00","og_image":[{"width":700,"height":700,"url":"https:\/\/paracherkaoui.ma\/wp-content\/uploads\/2025\/12\/eucerin-eucerin-aquaphor-baume-reparateur-cutane-40-g-pommades-et-cremes-cicatrisantes.jpg","type":"image\/jpeg"}],"twitter_card":"summary_large_image","twitter_misc":{"Dur\u00e9e de lecture estim\u00e9e":"1 minute"},"schema":{"@context":"https:\/\/schema.org","@graph":[{"@type":"WebPage","@id":"https:\/\/paracherkaoui.ma\/index.php\/produit\/eucerin-aquaphor-baume-reparateur-cutane-40-g-2\/","url":"https:\/\/paracherkaoui.ma\/index.php\/produit\/eucerin-aquaphor-baume-reparateur-cutane-40-g-2\/","name":"EUCERIN AQUAPHOR BAUME REPARATEUR CUTANE 40 G - Paracherkaoui.ma","isPartOf":{"@id":"https:\/\/paracherkaoui.ma\/#website"},"primaryImageOfPage":{"@id":"https:\/\/paracherkaoui.ma\/index.php\/produit\/eucerin-aquaphor-baume-reparateur-cutane-40-g-2\/#primaryimage"},"image":{"@id":"https:\/\/paracherkaoui.ma\/index.php\/produit\/eucerin-aquaphor-baume-reparateur-cutane-40-g-2\/#primaryimage"},"thumbnailUrl":"https:\/\/paracherkaoui.ma\/wp-content\/uploads\/2025\/12\/eucerin-eucerin-aquaphor-baume-reparateur-cutane-40-g-pommades-et-cremes-cicatrisantes.jpg","datePublished":"2025-12-12T16:50:08+00:00","dateModified":"2025-12-12T16:50:10+00:00","breadcrumb":{"@id":"https:\/\/paracherkaoui.ma\/index.php\/produit\/eucerin-aquaphor-baume-reparateur-cutane-40-g-2\/#breadcrumb"},"inLanguage":"fr-FR","potentialAction":[{"@type":"ReadAction","target":["https:\/\/paracherkaoui.ma\/index.php\/produit\/eucerin-aquaphor-baume-reparateur-cutane-40-g-2\/"]}]},{"@type":"ImageObject","inLanguage":"fr-FR","@id":"https:\/\/paracherkaoui.ma\/index.php\/produit\/eucerin-aquaphor-baume-reparateur-cutane-40-g-2\/#primaryimage","url":"https:\/\/paracherkaoui.ma\/wp-content\/uploads\/2025\/12\/eucerin-eucerin-aquaphor-baume-reparateur-cutane-40-g-pommades-et-cremes-cicatrisantes.jpg","contentUrl":"https:\/\/paracherkaoui.ma\/wp-content\/uploads\/2025\/12\/eucerin-eucerin-aquaphor-baume-reparateur-cutane-40-g-pommades-et-cremes-cicatrisantes.jpg","width":700,"height":700},{"@type":"BreadcrumbList","@id":"https:\/\/paracherkaoui.ma\/index.php\/produit\/eucerin-aquaphor-baume-reparateur-cutane-40-g-2\/#breadcrumb","itemListElement":[{"@type":"ListItem","position":1,"name":"Accueil","item":"https:\/\/paracherkaoui.ma\/"},{"@type":"ListItem","position":2,"name":"Boutique","item":"https:\/\/paracherkaoui.ma\/index.php\/boutique\/"},{"@type":"ListItem","position":3,"name":"EUCERIN AQUAPHOR BAUME REPARATEUR CUTANE 40 G"}]},{"@type":"WebSite","@id":"https:\/\/paracherkaoui.ma\/#website","url":"https:\/\/paracherkaoui.ma\/","name":"Paracherkaoui.ma","description":"Achetez en ligne sur Paracherkaoui.ma","potentialAction":[{"@type":"SearchAction","target":{"@type":"EntryPoint","urlTemplate":"https:\/\/paracherkaoui.ma\/?s={search_term_string}"},"query-input":{"@type":"PropertyValueSpecification","valueRequired":true,"valueName":"search_term_string"}}],"inLanguage":"fr-FR"}]}},"_links":{"self":[{"href":"https:\/\/paracherkaoui.ma\/index.php\/wp-json\/wp\/v2\/product\/14260","targetHints":{"allow":["GET"]}}],"collection":[{"href":"https:\/\/paracherkaoui.ma\/index.php\/wp-json\/wp\/v2\/product"}],"about":[{"href":"https:\/\/paracherkaoui.ma\/index.php\/wp-json\/wp\/v2\/types\/product"}],"replies":[{"embeddable":true,"href":"https:\/\/paracherkaoui.ma\/index.php\/wp-json\/wp\/v2\/comments?post=14260"}],"version-history":[{"count":1,"href":"https:\/\/paracherkaoui.ma\/index.php\/wp-json\/wp\/v2\/product\/14260\/revisions"}],"predecessor-version":[{"id":14290,"href":"https:\/\/paracherkaoui.ma\/index.php\/wp-json\/wp\/v2\/product\/14260\/revisions\/14290"}],"wp:featuredmedia":[{"embeddable":true,"href":"https:\/\/paracherkaoui.ma\/index.php\/wp-json\/wp\/v2\/media\/11172"}],"wp:attachment":[{"href":"https:\/\/paracherkaoui.ma\/index.php\/wp-json\/wp\/v2\/media?parent=14260"}],"wp:term":[{"taxonomy":"product_brand","embeddable":true,"href":"https:\/\/paracherkaoui.ma\/index.php\/wp-json\/wp\/v2\/product_brand?post=14260"},{"taxonomy":"product_cat","embeddable":true,"href":"https:\/\/paracherkaoui.ma\/index.php\/wp-json\/wp\/v2\/product_cat?post=14260"},{"taxonomy":"product_tag","embeddable":true,"href":"https:\/\/paracherkaoui.ma\/index.php\/wp-json\/wp\/v2\/product_tag?post=14260"}],"curies":[{"name":"wp","href":"https:\/\/api.w.org\/{rel}","templated":true}]}}