{"id":14207,"date":"2025-12-12T17:50:04","date_gmt":"2025-12-12T16:50:04","guid":{"rendered":"https:\/\/test.ecbeaute.com\/?post_type=product&#038;p=14207"},"modified":"2025-12-12T17:50:08","modified_gmt":"2025-12-12T16:50:08","slug":"cerave-lait-hydratant-peaux-seches-a-tres-seches-236-ml-2","status":"publish","type":"product","link":"https:\/\/paracherkaoui.ma\/index.php\/produit\/cerave-lait-hydratant-peaux-seches-a-tres-seches-236-ml-2\/","title":{"rendered":"CERAVE LAIT HYDRATANT PEAUX SECHES A TRES SECHES 236 ML"},"content":{"rendered":"<p>.elementor-217 .elementor-element.elementor-element-25fb717a .elementor-tab-title, .elementor-217 .elementor-element.elementor-element-25fb717a .elementor-tab-title:before, .elementor-217 .elementor-element.elementor-element-25fb717a .elementor-tab-title:after, .elementor-217 .elementor-element.elementor-element-25fb717a .elementor-tab-content, .elementor-217 .elementor-element.elementor-element-25fb717a .elementor-tabs-content-wrapper{border-width:0.5px;}.elementor-217 .elementor-element.elementor-element-25fb717a .elementor-tab-title{color:#000000;}.elementor-217 .elementor-element.elementor-element-25fb717a .elementor-tab-title.elementor-active{color:#00a28d;}.elementor-217 .elementor-element.elementor-element-25fb717a .elementor-tab-content{color:#000000;}.elementor-217 .elementor-element.elementor-element-18025cfa .axps-swiper-slider .swiper-slide img{width:auto;}.elementor-217 .elementor-element.elementor-element-18025cfa .wrapper-items:not(.swiper-container-initialized) .item{-ms-flex:0 0 calc(100%\/4);flex:0 0 calc(100%\/4);max-width:calc(100%\/4);}.elementor-217 .elementor-element.elementor-element-18025cfa .wrapper-items .swiper-slide{padding-left:calc(30px\/2);padding-right:calc(30px\/2);}.elementor-217 .elementor-element.elementor-element-18025cfa .wrapper-items .swiper-slide .item-inner{margin-bottom:30px;}.elementor-217 .elementor-element.elementor-element-18025cfa .wrapper-items{margin-left:calc(-30px\/2);margin-right:calc(-30px\/2);}.elementor-217 .elementor-element.elementor-element-18025cfa .swiper-wrapper .item-inner{text-align:center;}.elementor-217 .elementor-element.elementor-element-2f37389b{margin-top:-16px;margin-bottom:0px;}.elementor-217 .elementor-element.elementor-element-7943f7ff > .elementor-widget-container{margin:-46px 0px 0px 0px;}.elementor-217 .elementor-element.elementor-element-c62c504 > .elementor-widget-container{margin:-46px 0px 0px 0px;}.elementor-217 .elementor-element.elementor-element-14a034dd > .elementor-widget-container{margin:-46px 0px 0px 0px;}.elementor-217 .elementor-element.elementor-element-555784a9{margin-top:-16px;margin-bottom:0px;}.elementor-217 .elementor-element.elementor-element-30886016 > .elementor-widget-container{margin:-46px 0px 0px 0px;}.elementor-217 .elementor-element.elementor-element-3feb0b8 > .elementor-widget-container{margin:-46px 0px 0px 0px;}.elementor-217 .elementor-element.elementor-element-60bbcb94 > .elementor-widget-container{margin:-46px 0px 0px 0px;}@media(max-width:1024px){.elementor-217 .elementor-element.elementor-element-18025cfa .wrapper-items:not(.swiper-container-initialized) .item{-ms-flex:0 0 calc(100%\/4);flex:0 0 calc(100%\/4);max-width:calc(100%\/4);}.elementor-217 .elementor-element.elementor-element-18025cfa .wrapper-items .swiper-slide{padding-left:calc(20px\/2);padding-right:calc(20px\/2);}.elementor-217 .elementor-element.elementor-element-18025cfa .wrapper-items .swiper-slide .item-inner{margin-bottom:20px;}.elementor-217 .elementor-element.elementor-element-18025cfa .wrapper-items{margin-left:calc(-20px\/2);margin-right:calc(-20px\/2);}.elementor-217 .elementor-element.elementor-element-7943f7ff > .elementor-widget-container{margin:-33px 0px 0px 0px;}.elementor-217 .elementor-element.elementor-element-c62c504 > .elementor-widget-container{margin:-33px 0px 0px 0px;}.elementor-217 .elementor-element.elementor-element-14a034dd > .elementor-widget-container{margin:-33px 0px 0px 0px;}.elementor-217 .elementor-element.elementor-element-30886016 > .elementor-widget-container{margin:-33px 0px 0px 0px;}.elementor-217 .elementor-element.elementor-element-3feb0b8 > .elementor-widget-container{margin:-33px 0px 0px 0px;}.elementor-217 .elementor-element.elementor-element-60bbcb94 > .elementor-widget-container{margin:-33px 0px 0px 0px;}}@media(max-width:767px){.elementor-217 .elementor-element.elementor-element-18025cfa .wrapper-items:not(.swiper-container-initialized) .item{-ms-flex:0 0 calc(100%\/4);flex:0 0 calc(100%\/4);max-width:calc(100%\/4);}.elementor-217 .elementor-element.elementor-element-18025cfa .wrapper-items .swiper-slide{padding-left:calc(10px\/2);padding-right:calc(10px\/2);}.elementor-217 .elementor-element.elementor-element-18025cfa .wrapper-items .swiper-slide .item-inner{margin-bottom:10px;}.elementor-217 .elementor-element.elementor-element-18025cfa .wrapper-items{margin-left:calc(-10px\/2);margin-right:calc(-10px\/2);}.elementor-217 .elementor-element.elementor-element-247a3353{width:50%;}.elementor-217 .elementor-element.elementor-element-7943f7ff > .elementor-widget-container{margin:-26px 0px 0px 0px;}.elementor-217 .elementor-element.elementor-element-ec100e2{width:50%;}.elementor-217 .elementor-element.elementor-element-c62c504 > .elementor-widget-container{margin:-26px 0px 0px 0px;}.elementor-217 .elementor-element.elementor-element-43469277{width:50%;}.elementor-217 .elementor-element.elementor-element-14a034dd > .elementor-widget-container{margin:-26px 0px 0px 0px;}.elementor-217 .elementor-element.elementor-element-7940779e{width:50%;}.elementor-217 .elementor-element.elementor-element-30886016 > .elementor-widget-container{margin:-26px 0px 0px 0px;}.elementor-217 .elementor-element.elementor-element-756a7cea{width:50%;}.elementor-217 .elementor-element.elementor-element-3feb0b8 > .elementor-widget-container{margin:-26px 0px 0px 0px;}.elementor-217 .elementor-element.elementor-element-108ab8d6{width:50%;}.elementor-217 .elementor-element.elementor-element-60bbcb94 > .elementor-widget-container{margin:-26px 0px 0px 0px;}} Description Conseils d&rsquo;utilisation Composition Description Ce\u00a0 lait hydratant pour peaux s\u00e8ches \u00e0 tr\u00e8s s\u00e8ches \u00a0poss\u00e8de une texture fluide, l\u00e9g\u00e8re et non grasse qui p\u00e9n\u00e8tre rapidement sans laisser de film collant. Il est id\u00e9al pour un usage quotidien sur le\u00a0 visage et le corps \u00a0, et convient \u00e0 toute la famille, y compris les peaux sensibles. Sans parfum, sans parab\u00e8ne, non com\u00e9dog\u00e8ne et hypoallerg\u00e9nique, il respecte parfaitement la nature fragile de votre peau. La technologie\u00a0 brevet\u00e9e MVE \u00a0permet une lib\u00e9ration prolong\u00e9e des\u00a0 actifs hydratants \u00a0tout au long de la journ\u00e9e, pour une\u00a0 peau douce, souple et apais\u00e9e \u00a0, m\u00eame en conditions climatiques extr\u00eames ou apr\u00e8s une douche chaude. C&rsquo;est le soin incontournable pour r\u00e9conforter les \u00e9pidermes dess\u00e9ch\u00e9s, irrit\u00e9s ou rugueux. Conseils d&rsquo;utilisation Appliquez le\u00a0 lait hydratant CeraVe \u00a0matin et soir sur une peau propre, s\u00e8che ou l\u00e9g\u00e8rement humide. Utilisez-le sur l&rsquo;ensemble du visage et du corps, en massant d\u00e9licatement jusqu&rsquo;\u00e0 absorption compl\u00e8te. Pour un rituel optimal, utilisez-le apr\u00e8s le nettoyage avec une cr\u00e8me lavante hydratante adapt\u00e9e. \u00c9vitez le contour des yeux. Composition Aqua\/Eau, Glyc\u00e9rine, Alcool c\u00e9t\u00e9arylique, Ph\u00e9noxy\u00e9thanol, Alcool st\u00e9arylique, Alcool c\u00e9tylique, St\u00e9arate de PEG-40, M\u00e9thosulfate de b\u00e9hentrimonium, St\u00e9arate de glyc\u00e9ryle, Polysorbate 20, \u00c9thylhexylglyc\u00e9rine, Phosphate de potassium, EDTA disodique, Phosphate dipotassique, Lauroyl lactylate de sodium, C\u00e9ramide NP, C\u00e9ramide AP, Phytosphingosine, Cholest\u00e9rol, Hyaluronate de sodium, Gomme xanthane, Carbom\u00e8re, Tocoph\u00e9rol, C\u00e9ramide EOP Ajouter au Panier Ajouter au Panier Ajouter au Panier Ajouter au Panier Ajouter au Panier Ajouter au Panier<\/p>\n","protected":false},"excerpt":{"rendered":"<p>.elementor-217 .elementor-element.elementor-element-25fb717a .elementor-tab-title, .elementor-217 .elementor-element.elementor-element-25fb717a .elementor-tab-title:before, .elementor-217 .elementor-element.elementor-element-25fb717a .elementor-tab-title:after, .elementor-217 .elementor-element.elementor-element-25fb717a .elementor-tab-content, .elementor-217 .elementor-element.elementor-element-25fb717a .elementor-tabs-content-wrapper{border-width:0.5px;}.elementor-217 .elementor-element.elementor-element-25fb717a .elementor-tab-title{color:#000000;}.elementor-217 .elementor-element.elementor-element-25fb717a .elementor-tab-title.elementor-active{color:#00a28d;}.elementor-217 .elementor-element.elementor-element-25fb717a<\/p>\n","protected":false},"featured_media":11131,"comment_status":"open","ping_status":"closed","template":"","meta":[],"product_brand":[131],"product_cat":[179],"product_tag":[],"class_list":{"0":"post-14207","1":"product","2":"type-product","3":"status-publish","4":"has-post-thumbnail","6":"product_brand-cerave","7":"product_cat-hydratation-corps","9":"first","10":"instock","11":"sale","12":"shipping-taxable","13":"purchasable","14":"product-type-simple"},"yoast_head":"<!-- This site is optimized with the Yoast SEO plugin v26.6 - https:\/\/yoast.com\/wordpress\/plugins\/seo\/ -->\r\n<title>CERAVE LAIT HYDRATANT PEAUX SECHES A TRES SECHES 236 ML - Paracherkaoui.ma<\/title>\r\n<meta name=\"robots\" content=\"index, follow, max-snippet:-1, max-image-preview:large, max-video-preview:-1\" \/>\r\n<link rel=\"canonical\" href=\"https:\/\/paracherkaoui.ma\/index.php\/produit\/cerave-lait-hydratant-peaux-seches-a-tres-seches-236-ml-2\/\" \/>\r\n<meta property=\"og:locale\" content=\"fr_FR\" \/>\r\n<meta property=\"og:type\" content=\"article\" \/>\r\n<meta property=\"og:title\" content=\"CERAVE LAIT HYDRATANT PEAUX SECHES A TRES SECHES 236 ML - Paracherkaoui.ma\" \/>\r\n<meta property=\"og:description\" content=\".elementor-217 .elementor-element.elementor-element-25fb717a .elementor-tab-title, .elementor-217 .elementor-element.elementor-element-25fb717a .elementor-tab-title:before, .elementor-217 .elementor-element.elementor-element-25fb717a .elementor-tab-title:after, .elementor-217 .elementor-element.elementor-element-25fb717a .elementor-tab-content, .elementor-217 .elementor-element.elementor-element-25fb717a .elementor-tabs-content-wrapper{border-width:0.5px;}.elementor-217 .elementor-element.elementor-element-25fb717a .elementor-tab-title{color:#000000;}.elementor-217 .elementor-element.elementor-element-25fb717a .elementor-tab-title.elementor-active{color:#00a28d;}.elementor-217 .elementor-element.elementor-element-25fb717a\" \/>\r\n<meta property=\"og:url\" content=\"https:\/\/paracherkaoui.ma\/index.php\/produit\/cerave-lait-hydratant-peaux-seches-a-tres-seches-236-ml-2\/\" \/>\r\n<meta property=\"og:site_name\" content=\"Paracherkaoui.ma\" \/>\r\n<meta property=\"article:modified_time\" content=\"2025-12-12T16:50:08+00:00\" \/>\r\n<meta property=\"og:image\" content=\"https:\/\/paracherkaoui.ma\/wp-content\/uploads\/2025\/12\/cerave-cerave-lait-hydratant-peaux-seches-a-tres-seches-236-ml-cremes-jour.jpg\" \/>\r\n\t<meta property=\"og:image:width\" content=\"700\" \/>\r\n\t<meta property=\"og:image:height\" content=\"700\" \/>\r\n\t<meta property=\"og:image:type\" content=\"image\/jpeg\" \/>\r\n<meta name=\"twitter:card\" content=\"summary_large_image\" \/>\r\n<meta name=\"twitter:label1\" content=\"Dur\u00e9e de lecture estim\u00e9e\" \/>\n\t<meta name=\"twitter:data1\" content=\"4 minutes\" \/>\r\n<script type=\"application\/ld+json\" class=\"yoast-schema-graph\">{\"@context\":\"https:\/\/schema.org\",\"@graph\":[{\"@type\":\"WebPage\",\"@id\":\"https:\/\/paracherkaoui.ma\/index.php\/produit\/cerave-lait-hydratant-peaux-seches-a-tres-seches-236-ml-2\/\",\"url\":\"https:\/\/paracherkaoui.ma\/index.php\/produit\/cerave-lait-hydratant-peaux-seches-a-tres-seches-236-ml-2\/\",\"name\":\"CERAVE LAIT HYDRATANT PEAUX SECHES A TRES SECHES 236 ML - Paracherkaoui.ma\",\"isPartOf\":{\"@id\":\"https:\/\/paracherkaoui.ma\/#website\"},\"primaryImageOfPage\":{\"@id\":\"https:\/\/paracherkaoui.ma\/index.php\/produit\/cerave-lait-hydratant-peaux-seches-a-tres-seches-236-ml-2\/#primaryimage\"},\"image\":{\"@id\":\"https:\/\/paracherkaoui.ma\/index.php\/produit\/cerave-lait-hydratant-peaux-seches-a-tres-seches-236-ml-2\/#primaryimage\"},\"thumbnailUrl\":\"https:\/\/paracherkaoui.ma\/wp-content\/uploads\/2025\/12\/cerave-cerave-lait-hydratant-peaux-seches-a-tres-seches-236-ml-cremes-jour.jpg\",\"datePublished\":\"2025-12-12T16:50:04+00:00\",\"dateModified\":\"2025-12-12T16:50:08+00:00\",\"breadcrumb\":{\"@id\":\"https:\/\/paracherkaoui.ma\/index.php\/produit\/cerave-lait-hydratant-peaux-seches-a-tres-seches-236-ml-2\/#breadcrumb\"},\"inLanguage\":\"fr-FR\",\"potentialAction\":[{\"@type\":\"ReadAction\",\"target\":[\"https:\/\/paracherkaoui.ma\/index.php\/produit\/cerave-lait-hydratant-peaux-seches-a-tres-seches-236-ml-2\/\"]}]},{\"@type\":\"ImageObject\",\"inLanguage\":\"fr-FR\",\"@id\":\"https:\/\/paracherkaoui.ma\/index.php\/produit\/cerave-lait-hydratant-peaux-seches-a-tres-seches-236-ml-2\/#primaryimage\",\"url\":\"https:\/\/paracherkaoui.ma\/wp-content\/uploads\/2025\/12\/cerave-cerave-lait-hydratant-peaux-seches-a-tres-seches-236-ml-cremes-jour.jpg\",\"contentUrl\":\"https:\/\/paracherkaoui.ma\/wp-content\/uploads\/2025\/12\/cerave-cerave-lait-hydratant-peaux-seches-a-tres-seches-236-ml-cremes-jour.jpg\",\"width\":700,\"height\":700},{\"@type\":\"BreadcrumbList\",\"@id\":\"https:\/\/paracherkaoui.ma\/index.php\/produit\/cerave-lait-hydratant-peaux-seches-a-tres-seches-236-ml-2\/#breadcrumb\",\"itemListElement\":[{\"@type\":\"ListItem\",\"position\":1,\"name\":\"Accueil\",\"item\":\"https:\/\/paracherkaoui.ma\/\"},{\"@type\":\"ListItem\",\"position\":2,\"name\":\"Boutique\",\"item\":\"https:\/\/paracherkaoui.ma\/index.php\/boutique\/\"},{\"@type\":\"ListItem\",\"position\":3,\"name\":\"CERAVE LAIT HYDRATANT PEAUX SECHES A TRES SECHES 236 ML\"}]},{\"@type\":\"WebSite\",\"@id\":\"https:\/\/paracherkaoui.ma\/#website\",\"url\":\"https:\/\/paracherkaoui.ma\/\",\"name\":\"Paracherkaoui.ma\",\"description\":\"Achetez en ligne sur Paracherkaoui.ma\",\"potentialAction\":[{\"@type\":\"SearchAction\",\"target\":{\"@type\":\"EntryPoint\",\"urlTemplate\":\"https:\/\/paracherkaoui.ma\/?s={search_term_string}\"},\"query-input\":{\"@type\":\"PropertyValueSpecification\",\"valueRequired\":true,\"valueName\":\"search_term_string\"}}],\"inLanguage\":\"fr-FR\"}]}<\/script>\r\n<!-- \/ Yoast SEO plugin. -->","yoast_head_json":{"title":"CERAVE LAIT HYDRATANT PEAUX SECHES A TRES SECHES 236 ML - Paracherkaoui.ma","robots":{"index":"index","follow":"follow","max-snippet":"max-snippet:-1","max-image-preview":"max-image-preview:large","max-video-preview":"max-video-preview:-1"},"canonical":"https:\/\/paracherkaoui.ma\/index.php\/produit\/cerave-lait-hydratant-peaux-seches-a-tres-seches-236-ml-2\/","og_locale":"fr_FR","og_type":"article","og_title":"CERAVE LAIT HYDRATANT PEAUX SECHES A TRES SECHES 236 ML - Paracherkaoui.ma","og_description":".elementor-217 .elementor-element.elementor-element-25fb717a .elementor-tab-title, .elementor-217 .elementor-element.elementor-element-25fb717a .elementor-tab-title:before, .elementor-217 .elementor-element.elementor-element-25fb717a .elementor-tab-title:after, .elementor-217 .elementor-element.elementor-element-25fb717a .elementor-tab-content, .elementor-217 .elementor-element.elementor-element-25fb717a .elementor-tabs-content-wrapper{border-width:0.5px;}.elementor-217 .elementor-element.elementor-element-25fb717a .elementor-tab-title{color:#000000;}.elementor-217 .elementor-element.elementor-element-25fb717a .elementor-tab-title.elementor-active{color:#00a28d;}.elementor-217 .elementor-element.elementor-element-25fb717a","og_url":"https:\/\/paracherkaoui.ma\/index.php\/produit\/cerave-lait-hydratant-peaux-seches-a-tres-seches-236-ml-2\/","og_site_name":"Paracherkaoui.ma","article_modified_time":"2025-12-12T16:50:08+00:00","og_image":[{"width":700,"height":700,"url":"https:\/\/paracherkaoui.ma\/wp-content\/uploads\/2025\/12\/cerave-cerave-lait-hydratant-peaux-seches-a-tres-seches-236-ml-cremes-jour.jpg","type":"image\/jpeg"}],"twitter_card":"summary_large_image","twitter_misc":{"Dur\u00e9e de lecture estim\u00e9e":"4 minutes"},"schema":{"@context":"https:\/\/schema.org","@graph":[{"@type":"WebPage","@id":"https:\/\/paracherkaoui.ma\/index.php\/produit\/cerave-lait-hydratant-peaux-seches-a-tres-seches-236-ml-2\/","url":"https:\/\/paracherkaoui.ma\/index.php\/produit\/cerave-lait-hydratant-peaux-seches-a-tres-seches-236-ml-2\/","name":"CERAVE LAIT HYDRATANT PEAUX SECHES A TRES SECHES 236 ML - Paracherkaoui.ma","isPartOf":{"@id":"https:\/\/paracherkaoui.ma\/#website"},"primaryImageOfPage":{"@id":"https:\/\/paracherkaoui.ma\/index.php\/produit\/cerave-lait-hydratant-peaux-seches-a-tres-seches-236-ml-2\/#primaryimage"},"image":{"@id":"https:\/\/paracherkaoui.ma\/index.php\/produit\/cerave-lait-hydratant-peaux-seches-a-tres-seches-236-ml-2\/#primaryimage"},"thumbnailUrl":"https:\/\/paracherkaoui.ma\/wp-content\/uploads\/2025\/12\/cerave-cerave-lait-hydratant-peaux-seches-a-tres-seches-236-ml-cremes-jour.jpg","datePublished":"2025-12-12T16:50:04+00:00","dateModified":"2025-12-12T16:50:08+00:00","breadcrumb":{"@id":"https:\/\/paracherkaoui.ma\/index.php\/produit\/cerave-lait-hydratant-peaux-seches-a-tres-seches-236-ml-2\/#breadcrumb"},"inLanguage":"fr-FR","potentialAction":[{"@type":"ReadAction","target":["https:\/\/paracherkaoui.ma\/index.php\/produit\/cerave-lait-hydratant-peaux-seches-a-tres-seches-236-ml-2\/"]}]},{"@type":"ImageObject","inLanguage":"fr-FR","@id":"https:\/\/paracherkaoui.ma\/index.php\/produit\/cerave-lait-hydratant-peaux-seches-a-tres-seches-236-ml-2\/#primaryimage","url":"https:\/\/paracherkaoui.ma\/wp-content\/uploads\/2025\/12\/cerave-cerave-lait-hydratant-peaux-seches-a-tres-seches-236-ml-cremes-jour.jpg","contentUrl":"https:\/\/paracherkaoui.ma\/wp-content\/uploads\/2025\/12\/cerave-cerave-lait-hydratant-peaux-seches-a-tres-seches-236-ml-cremes-jour.jpg","width":700,"height":700},{"@type":"BreadcrumbList","@id":"https:\/\/paracherkaoui.ma\/index.php\/produit\/cerave-lait-hydratant-peaux-seches-a-tres-seches-236-ml-2\/#breadcrumb","itemListElement":[{"@type":"ListItem","position":1,"name":"Accueil","item":"https:\/\/paracherkaoui.ma\/"},{"@type":"ListItem","position":2,"name":"Boutique","item":"https:\/\/paracherkaoui.ma\/index.php\/boutique\/"},{"@type":"ListItem","position":3,"name":"CERAVE LAIT HYDRATANT PEAUX SECHES A TRES SECHES 236 ML"}]},{"@type":"WebSite","@id":"https:\/\/paracherkaoui.ma\/#website","url":"https:\/\/paracherkaoui.ma\/","name":"Paracherkaoui.ma","description":"Achetez en ligne sur Paracherkaoui.ma","potentialAction":[{"@type":"SearchAction","target":{"@type":"EntryPoint","urlTemplate":"https:\/\/paracherkaoui.ma\/?s={search_term_string}"},"query-input":{"@type":"PropertyValueSpecification","valueRequired":true,"valueName":"search_term_string"}}],"inLanguage":"fr-FR"}]}},"_links":{"self":[{"href":"https:\/\/paracherkaoui.ma\/index.php\/wp-json\/wp\/v2\/product\/14207","targetHints":{"allow":["GET"]}}],"collection":[{"href":"https:\/\/paracherkaoui.ma\/index.php\/wp-json\/wp\/v2\/product"}],"about":[{"href":"https:\/\/paracherkaoui.ma\/index.php\/wp-json\/wp\/v2\/types\/product"}],"replies":[{"embeddable":true,"href":"https:\/\/paracherkaoui.ma\/index.php\/wp-json\/wp\/v2\/comments?post=14207"}],"version-history":[{"count":1,"href":"https:\/\/paracherkaoui.ma\/index.php\/wp-json\/wp\/v2\/product\/14207\/revisions"}],"predecessor-version":[{"id":14256,"href":"https:\/\/paracherkaoui.ma\/index.php\/wp-json\/wp\/v2\/product\/14207\/revisions\/14256"}],"wp:featuredmedia":[{"embeddable":true,"href":"https:\/\/paracherkaoui.ma\/index.php\/wp-json\/wp\/v2\/media\/11131"}],"wp:attachment":[{"href":"https:\/\/paracherkaoui.ma\/index.php\/wp-json\/wp\/v2\/media?parent=14207"}],"wp:term":[{"taxonomy":"product_brand","embeddable":true,"href":"https:\/\/paracherkaoui.ma\/index.php\/wp-json\/wp\/v2\/product_brand?post=14207"},{"taxonomy":"product_cat","embeddable":true,"href":"https:\/\/paracherkaoui.ma\/index.php\/wp-json\/wp\/v2\/product_cat?post=14207"},{"taxonomy":"product_tag","embeddable":true,"href":"https:\/\/paracherkaoui.ma\/index.php\/wp-json\/wp\/v2\/product_tag?post=14207"}],"curies":[{"name":"wp","href":"https:\/\/api.w.org\/{rel}","templated":true}]}}