{"id":14199,"date":"2025-12-12T17:50:04","date_gmt":"2025-12-12T16:50:04","guid":{"rendered":"https:\/\/test.ecbeaute.com\/?post_type=product&#038;p=14199"},"modified":"2025-12-12T17:50:07","modified_gmt":"2025-12-12T16:50:07","slug":"cerave-baume-hydratant-454ml-2","status":"publish","type":"product","link":"https:\/\/paracherkaoui.ma\/index.php\/produit\/cerave-baume-hydratant-454ml-2\/","title":{"rendered":"CERAVE BAUME HYDRATANT 454ML"},"content":{"rendered":"<p>.elementor-207 .elementor-element.elementor-element-28a031dd .elementor-tab-title, .elementor-207 .elementor-element.elementor-element-28a031dd .elementor-tab-title:before, .elementor-207 .elementor-element.elementor-element-28a031dd .elementor-tab-title:after, .elementor-207 .elementor-element.elementor-element-28a031dd .elementor-tab-content, .elementor-207 .elementor-element.elementor-element-28a031dd .elementor-tabs-content-wrapper{border-width:0.5px;}.elementor-207 .elementor-element.elementor-element-28a031dd .elementor-tab-title{color:#000000;}.elementor-207 .elementor-element.elementor-element-28a031dd .elementor-tab-title.elementor-active{color:#00a28d;}.elementor-207 .elementor-element.elementor-element-28a031dd .elementor-tab-content{color:#000000;}.elementor-207 .elementor-element.elementor-element-1032adbf .axps-swiper-slider .swiper-slide img{width:auto;}.elementor-207 .elementor-element.elementor-element-1032adbf .wrapper-items:not(.swiper-container-initialized) .item{-ms-flex:0 0 calc(100%\/4);flex:0 0 calc(100%\/4);max-width:calc(100%\/4);}.elementor-207 .elementor-element.elementor-element-1032adbf .wrapper-items .swiper-slide{padding-left:calc(30px\/2);padding-right:calc(30px\/2);}.elementor-207 .elementor-element.elementor-element-1032adbf .wrapper-items .swiper-slide .item-inner{margin-bottom:30px;}.elementor-207 .elementor-element.elementor-element-1032adbf .wrapper-items{margin-left:calc(-30px\/2);margin-right:calc(-30px\/2);}.elementor-207 .elementor-element.elementor-element-1032adbf .swiper-wrapper .item-inner{text-align:center;}.elementor-207 .elementor-element.elementor-element-0d772ed{text-align:center;}.elementor-207 .elementor-element.elementor-element-0d772ed.elementor-widget-heading .elementor-heading-title{color:#000000;}.elementor-207 .elementor-element.elementor-element-0d772ed .elementor-heading-title{font-size:25px;font-weight:900;}.elementor-207 .elementor-element.elementor-element-55707fe4{margin-top:-16px;margin-bottom:0px;}.elementor-207 .elementor-element.elementor-element-30e3a0c1 > .elementor-widget-container{margin:-8px 0px 0px 0px;}.elementor-207 .elementor-element.elementor-element-4b592263 > .elementor-widget-container{margin:-8px 0px 0px 0px;}.elementor-207 .elementor-element.elementor-element-b522cd2 > .elementor-widget-container{margin:-8px 0px 0px 0px;}.elementor-207 .elementor-element.elementor-element-73a9ba79 > .elementor-widget-container{margin:-8px 0px 0px 0px;}.elementor-207 .elementor-element.elementor-element-2661106 > .elementor-widget-container{margin:-8px 0px 0px 0px;}.elementor-207 .elementor-element.elementor-element-da13e70{text-align:center;}.elementor-207 .elementor-element.elementor-element-da13e70.elementor-widget-heading .elementor-heading-title{color:#000000;}.elementor-207 .elementor-element.elementor-element-da13e70 .elementor-heading-title{font-size:25px;font-weight:900;}.elementor-207 .elementor-element.elementor-element-7d02ab69{margin-top:-16px;margin-bottom:0px;}.elementor-207 .elementor-element.elementor-element-5f4b251f > .elementor-widget-container{margin:-46px 0px 0px 0px;}.elementor-207 .elementor-element.elementor-element-4d8efd5b > .elementor-widget-container{margin:-46px 0px 0px 0px;}.elementor-207 .elementor-element.elementor-element-588fc83e > .elementor-widget-container{margin:-46px 0px 0px 0px;}@media(max-width:1024px){.elementor-207 .elementor-element.elementor-element-1032adbf .wrapper-items:not(.swiper-container-initialized) .item{-ms-flex:0 0 calc(100%\/4);flex:0 0 calc(100%\/4);max-width:calc(100%\/4);}.elementor-207 .elementor-element.elementor-element-1032adbf .wrapper-items .swiper-slide{padding-left:calc(20px\/2);padding-right:calc(20px\/2);}.elementor-207 .elementor-element.elementor-element-1032adbf .wrapper-items .swiper-slide .item-inner{margin-bottom:20px;}.elementor-207 .elementor-element.elementor-element-1032adbf .wrapper-items{margin-left:calc(-20px\/2);margin-right:calc(-20px\/2);}.elementor-207 .elementor-element.elementor-element-30e3a0c1 > .elementor-widget-container{margin:-33px 0px 0px 0px;}.elementor-207 .elementor-element.elementor-element-4b592263 > .elementor-widget-container{margin:-33px 0px 0px 0px;}.elementor-207 .elementor-element.elementor-element-b522cd2 > .elementor-widget-container{margin:-33px 0px 0px 0px;}.elementor-207 .elementor-element.elementor-element-73a9ba79 > .elementor-widget-container{margin:-33px 0px 0px 0px;}.elementor-207 .elementor-element.elementor-element-2661106 > .elementor-widget-container{margin:-33px 0px 0px 0px;}.elementor-207 .elementor-element.elementor-element-5f4b251f > .elementor-widget-container{margin:-33px 0px 0px 0px;}.elementor-207 .elementor-element.elementor-element-4d8efd5b > .elementor-widget-container{margin:-33px 0px 0px 0px;}.elementor-207 .elementor-element.elementor-element-588fc83e > .elementor-widget-container{margin:-33px 0px 0px 0px;}}@media(max-width:767px){.elementor-207 .elementor-element.elementor-element-1032adbf .wrapper-items:not(.swiper-container-initialized) .item{-ms-flex:0 0 calc(100%\/4);flex:0 0 calc(100%\/4);max-width:calc(100%\/4);}.elementor-207 .elementor-element.elementor-element-1032adbf .wrapper-items .swiper-slide{padding-left:calc(10px\/2);padding-right:calc(10px\/2);}.elementor-207 .elementor-element.elementor-element-1032adbf .wrapper-items .swiper-slide .item-inner{margin-bottom:10px;}.elementor-207 .elementor-element.elementor-element-1032adbf .wrapper-items{margin-left:calc(-10px\/2);margin-right:calc(-10px\/2);}.elementor-207 .elementor-element.elementor-element-49c92181{width:50%;}.elementor-207 .elementor-element.elementor-element-30e3a0c1 > .elementor-widget-container{margin:-26px 0px 0px 0px;}.elementor-207 .elementor-element.elementor-element-31407386{width:50%;}.elementor-207 .elementor-element.elementor-element-4b592263 > .elementor-widget-container{margin:-26px 0px 0px 0px;}.elementor-207 .elementor-element.elementor-element-7396064{width:50%;}.elementor-207 .elementor-element.elementor-element-b522cd2 > .elementor-widget-container{margin:-26px 0px 0px 0px;}.elementor-207 .elementor-element.elementor-element-2f590271{width:50%;}.elementor-207 .elementor-element.elementor-element-73a9ba79 > .elementor-widget-container{margin:-26px 0px 0px 0px;}.elementor-207 .elementor-element.elementor-element-1b66ec71{width:50%;}.elementor-207 .elementor-element.elementor-element-2661106 > .elementor-widget-container{margin:-26px 0px 0px 0px;}.elementor-207 .elementor-element.elementor-element-513b2831{width:50%;}.elementor-207 .elementor-element.elementor-element-5f4b251f > .elementor-widget-container{margin:-26px 0px 0px 0px;}.elementor-207 .elementor-element.elementor-element-170b2de7{width:50%;}.elementor-207 .elementor-element.elementor-element-4d8efd5b > .elementor-widget-container{margin:-26px 0px 0px 0px;}.elementor-207 .elementor-element.elementor-element-7cd2760e{width:50%;}.elementor-207 .elementor-element.elementor-element-588fc83e > .elementor-widget-container{margin:-26px 0px 0px 0px;}} Description Conseils d&rsquo;utilisation Composition Description Dot\u00e9 de la\u00a0technologie MVE, il lib\u00e8re progressivement ses actifs pour une efficacit\u00e9 prolong\u00e9e. R\u00e9sultat : la peau est\u00a0imm\u00e9diatement apais\u00e9e, souple, douce et prot\u00e9g\u00e9e\u00a0tout au long de la journ\u00e9e. Enrichi en\u00a0glyc\u00e9rine, il adoucit la peau et la prot\u00e8ge des agressions ext\u00e9rieures. Sa texture riche mais non grasse p\u00e9n\u00e8tre facilement sans laisser de film collant. Il est\u00a0sans parfum, hypoallerg\u00e9nique, non-com\u00e9dog\u00e8ne et sans parab\u00e8nes, garantissant une\u00a0tol\u00e9rance optimale, m\u00eame pour les peaux r\u00e9actives. Ce baume est\u00a0recommand\u00e9 par l\u2019Association Fran\u00e7aise de l\u2019Ecz\u00e9ma\u00a0pour ses propri\u00e9t\u00e9s hydratantes et apaisantes cliniquement prouv\u00e9es :\u00a080 % de r\u00e9duction de la s\u00e9cheresse cutan\u00e9e\u00a0apr\u00e8s seulement 4 semaines d\u2019utilisation*. Conseils d&rsquo;utilisation Nettoyez\u00a0votre peau avec un nettoyant doux sous la douche. Appliquez\u00a0une noisette du baume sur peau propre et l\u00e9g\u00e8rement humide, sur le visage, le corps ou les mains. Renouvelez l\u2019application\u00a0aussi souvent que n\u00e9cessaire, notamment apr\u00e8s la douche ou en cas de tiraillements. \u00c9vitez\u00a0le contour des yeux. Ce baume est parfait pour une utilisation quotidienne sur l\u2019ensemble du corps et du visage, et convient \u00e0 toute la famille. Composition AQUA\/WATER, GLYCERIN, CETEARYL ALCOHOL, PHENOXYETHANOL, STEARYL ALCOHOL, CETYL ALCOHOL, PEG-40 STEARATE, BEHENTRIMONIUM METHOSULFATE, GLYCERYL STEARATE, POLYSORBATE 20, ETHYLHEXYLGLYCERIN, POTASSIUM PHOSPHATE, DISODIUM EDTA, DIPOTASSIUM PHOSPHATE, SODIUM LAUROYL LACTYLATE, CERAMIDE NP, CERAMIDE AP, PHYTOSPHINGOSINE, CHOLESTEROL, SODIUM HYALURONATE, XANTHAN GUM, CARBOMER, TOCOPHEROL, CERAMIDE EOP Votre Routine Cerave Ajouter au Panier Ajouter au Panier Ajouter au Panier Ajouter au Panier Ajouter au Panier Soins Similaire Ajouter au Panier Ajouter au Panier Ajouter au Panier<\/p>\n","protected":false},"excerpt":{"rendered":"<p>.elementor-207 .elementor-element.elementor-element-28a031dd .elementor-tab-title, .elementor-207 .elementor-element.elementor-element-28a031dd .elementor-tab-title:before, .elementor-207 .elementor-element.elementor-element-28a031dd .elementor-tab-title:after, .elementor-207 .elementor-element.elementor-element-28a031dd .elementor-tab-content, .elementor-207 .elementor-element.elementor-element-28a031dd .elementor-tabs-content-wrapper{border-width:0.5px;}.elementor-207 .elementor-element.elementor-element-28a031dd .elementor-tab-title{color:#000000;}.elementor-207 .elementor-element.elementor-element-28a031dd .elementor-tab-title.elementor-active{color:#00a28d;}.elementor-207 .elementor-element.elementor-element-28a031dd<\/p>\n","protected":false},"featured_media":11208,"comment_status":"open","ping_status":"closed","template":"","meta":[],"product_brand":[131],"product_cat":[179],"product_tag":[],"class_list":{"0":"post-14199","1":"product","2":"type-product","3":"status-publish","4":"has-post-thumbnail","6":"product_brand-cerave","7":"product_cat-hydratation-corps","9":"first","10":"instock","11":"sale","12":"shipping-taxable","13":"purchasable","14":"product-type-simple"},"yoast_head":"<!-- This site is optimized with the Yoast SEO plugin v26.6 - https:\/\/yoast.com\/wordpress\/plugins\/seo\/ -->\r\n<title>CERAVE BAUME HYDRATANT 454ML - Paracherkaoui.ma<\/title>\r\n<meta name=\"robots\" content=\"index, follow, max-snippet:-1, max-image-preview:large, max-video-preview:-1\" \/>\r\n<link rel=\"canonical\" href=\"https:\/\/paracherkaoui.ma\/index.php\/produit\/cerave-baume-hydratant-454ml-2\/\" \/>\r\n<meta property=\"og:locale\" content=\"fr_FR\" \/>\r\n<meta property=\"og:type\" content=\"article\" \/>\r\n<meta property=\"og:title\" content=\"CERAVE BAUME HYDRATANT 454ML - Paracherkaoui.ma\" \/>\r\n<meta property=\"og:description\" content=\".elementor-207 .elementor-element.elementor-element-28a031dd .elementor-tab-title, .elementor-207 .elementor-element.elementor-element-28a031dd .elementor-tab-title:before, .elementor-207 .elementor-element.elementor-element-28a031dd .elementor-tab-title:after, .elementor-207 .elementor-element.elementor-element-28a031dd .elementor-tab-content, .elementor-207 .elementor-element.elementor-element-28a031dd .elementor-tabs-content-wrapper{border-width:0.5px;}.elementor-207 .elementor-element.elementor-element-28a031dd .elementor-tab-title{color:#000000;}.elementor-207 .elementor-element.elementor-element-28a031dd .elementor-tab-title.elementor-active{color:#00a28d;}.elementor-207 .elementor-element.elementor-element-28a031dd\" \/>\r\n<meta property=\"og:url\" content=\"https:\/\/paracherkaoui.ma\/index.php\/produit\/cerave-baume-hydratant-454ml-2\/\" \/>\r\n<meta property=\"og:site_name\" content=\"Paracherkaoui.ma\" \/>\r\n<meta property=\"article:modified_time\" content=\"2025-12-12T16:50:07+00:00\" \/>\r\n<meta property=\"og:image\" content=\"https:\/\/paracherkaoui.ma\/wp-content\/uploads\/2025\/12\/cerave-cerave-baume-hydratant-454ml-hydratation-corps.jpg\" \/>\r\n\t<meta property=\"og:image:width\" content=\"700\" \/>\r\n\t<meta property=\"og:image:height\" content=\"700\" \/>\r\n\t<meta property=\"og:image:type\" content=\"image\/jpeg\" \/>\r\n<meta name=\"twitter:card\" content=\"summary_large_image\" \/>\r\n<meta name=\"twitter:label1\" content=\"Dur\u00e9e de lecture estim\u00e9e\" \/>\n\t<meta name=\"twitter:data1\" content=\"5 minutes\" \/>\r\n<script type=\"application\/ld+json\" class=\"yoast-schema-graph\">{\"@context\":\"https:\/\/schema.org\",\"@graph\":[{\"@type\":\"WebPage\",\"@id\":\"https:\/\/paracherkaoui.ma\/index.php\/produit\/cerave-baume-hydratant-454ml-2\/\",\"url\":\"https:\/\/paracherkaoui.ma\/index.php\/produit\/cerave-baume-hydratant-454ml-2\/\",\"name\":\"CERAVE BAUME HYDRATANT 454ML - Paracherkaoui.ma\",\"isPartOf\":{\"@id\":\"https:\/\/paracherkaoui.ma\/#website\"},\"primaryImageOfPage\":{\"@id\":\"https:\/\/paracherkaoui.ma\/index.php\/produit\/cerave-baume-hydratant-454ml-2\/#primaryimage\"},\"image\":{\"@id\":\"https:\/\/paracherkaoui.ma\/index.php\/produit\/cerave-baume-hydratant-454ml-2\/#primaryimage\"},\"thumbnailUrl\":\"https:\/\/paracherkaoui.ma\/wp-content\/uploads\/2025\/12\/cerave-cerave-baume-hydratant-454ml-hydratation-corps.jpg\",\"datePublished\":\"2025-12-12T16:50:04+00:00\",\"dateModified\":\"2025-12-12T16:50:07+00:00\",\"breadcrumb\":{\"@id\":\"https:\/\/paracherkaoui.ma\/index.php\/produit\/cerave-baume-hydratant-454ml-2\/#breadcrumb\"},\"inLanguage\":\"fr-FR\",\"potentialAction\":[{\"@type\":\"ReadAction\",\"target\":[\"https:\/\/paracherkaoui.ma\/index.php\/produit\/cerave-baume-hydratant-454ml-2\/\"]}]},{\"@type\":\"ImageObject\",\"inLanguage\":\"fr-FR\",\"@id\":\"https:\/\/paracherkaoui.ma\/index.php\/produit\/cerave-baume-hydratant-454ml-2\/#primaryimage\",\"url\":\"https:\/\/paracherkaoui.ma\/wp-content\/uploads\/2025\/12\/cerave-cerave-baume-hydratant-454ml-hydratation-corps.jpg\",\"contentUrl\":\"https:\/\/paracherkaoui.ma\/wp-content\/uploads\/2025\/12\/cerave-cerave-baume-hydratant-454ml-hydratation-corps.jpg\",\"width\":700,\"height\":700},{\"@type\":\"BreadcrumbList\",\"@id\":\"https:\/\/paracherkaoui.ma\/index.php\/produit\/cerave-baume-hydratant-454ml-2\/#breadcrumb\",\"itemListElement\":[{\"@type\":\"ListItem\",\"position\":1,\"name\":\"Accueil\",\"item\":\"https:\/\/paracherkaoui.ma\/\"},{\"@type\":\"ListItem\",\"position\":2,\"name\":\"Boutique\",\"item\":\"https:\/\/paracherkaoui.ma\/index.php\/boutique\/\"},{\"@type\":\"ListItem\",\"position\":3,\"name\":\"CERAVE BAUME HYDRATANT 454ML\"}]},{\"@type\":\"WebSite\",\"@id\":\"https:\/\/paracherkaoui.ma\/#website\",\"url\":\"https:\/\/paracherkaoui.ma\/\",\"name\":\"Paracherkaoui.ma\",\"description\":\"Achetez en ligne sur Paracherkaoui.ma\",\"potentialAction\":[{\"@type\":\"SearchAction\",\"target\":{\"@type\":\"EntryPoint\",\"urlTemplate\":\"https:\/\/paracherkaoui.ma\/?s={search_term_string}\"},\"query-input\":{\"@type\":\"PropertyValueSpecification\",\"valueRequired\":true,\"valueName\":\"search_term_string\"}}],\"inLanguage\":\"fr-FR\"}]}<\/script>\r\n<!-- \/ Yoast SEO plugin. -->","yoast_head_json":{"title":"CERAVE BAUME HYDRATANT 454ML - Paracherkaoui.ma","robots":{"index":"index","follow":"follow","max-snippet":"max-snippet:-1","max-image-preview":"max-image-preview:large","max-video-preview":"max-video-preview:-1"},"canonical":"https:\/\/paracherkaoui.ma\/index.php\/produit\/cerave-baume-hydratant-454ml-2\/","og_locale":"fr_FR","og_type":"article","og_title":"CERAVE BAUME HYDRATANT 454ML - Paracherkaoui.ma","og_description":".elementor-207 .elementor-element.elementor-element-28a031dd .elementor-tab-title, .elementor-207 .elementor-element.elementor-element-28a031dd .elementor-tab-title:before, .elementor-207 .elementor-element.elementor-element-28a031dd .elementor-tab-title:after, .elementor-207 .elementor-element.elementor-element-28a031dd .elementor-tab-content, .elementor-207 .elementor-element.elementor-element-28a031dd .elementor-tabs-content-wrapper{border-width:0.5px;}.elementor-207 .elementor-element.elementor-element-28a031dd .elementor-tab-title{color:#000000;}.elementor-207 .elementor-element.elementor-element-28a031dd .elementor-tab-title.elementor-active{color:#00a28d;}.elementor-207 .elementor-element.elementor-element-28a031dd","og_url":"https:\/\/paracherkaoui.ma\/index.php\/produit\/cerave-baume-hydratant-454ml-2\/","og_site_name":"Paracherkaoui.ma","article_modified_time":"2025-12-12T16:50:07+00:00","og_image":[{"width":700,"height":700,"url":"https:\/\/paracherkaoui.ma\/wp-content\/uploads\/2025\/12\/cerave-cerave-baume-hydratant-454ml-hydratation-corps.jpg","type":"image\/jpeg"}],"twitter_card":"summary_large_image","twitter_misc":{"Dur\u00e9e de lecture estim\u00e9e":"5 minutes"},"schema":{"@context":"https:\/\/schema.org","@graph":[{"@type":"WebPage","@id":"https:\/\/paracherkaoui.ma\/index.php\/produit\/cerave-baume-hydratant-454ml-2\/","url":"https:\/\/paracherkaoui.ma\/index.php\/produit\/cerave-baume-hydratant-454ml-2\/","name":"CERAVE BAUME HYDRATANT 454ML - Paracherkaoui.ma","isPartOf":{"@id":"https:\/\/paracherkaoui.ma\/#website"},"primaryImageOfPage":{"@id":"https:\/\/paracherkaoui.ma\/index.php\/produit\/cerave-baume-hydratant-454ml-2\/#primaryimage"},"image":{"@id":"https:\/\/paracherkaoui.ma\/index.php\/produit\/cerave-baume-hydratant-454ml-2\/#primaryimage"},"thumbnailUrl":"https:\/\/paracherkaoui.ma\/wp-content\/uploads\/2025\/12\/cerave-cerave-baume-hydratant-454ml-hydratation-corps.jpg","datePublished":"2025-12-12T16:50:04+00:00","dateModified":"2025-12-12T16:50:07+00:00","breadcrumb":{"@id":"https:\/\/paracherkaoui.ma\/index.php\/produit\/cerave-baume-hydratant-454ml-2\/#breadcrumb"},"inLanguage":"fr-FR","potentialAction":[{"@type":"ReadAction","target":["https:\/\/paracherkaoui.ma\/index.php\/produit\/cerave-baume-hydratant-454ml-2\/"]}]},{"@type":"ImageObject","inLanguage":"fr-FR","@id":"https:\/\/paracherkaoui.ma\/index.php\/produit\/cerave-baume-hydratant-454ml-2\/#primaryimage","url":"https:\/\/paracherkaoui.ma\/wp-content\/uploads\/2025\/12\/cerave-cerave-baume-hydratant-454ml-hydratation-corps.jpg","contentUrl":"https:\/\/paracherkaoui.ma\/wp-content\/uploads\/2025\/12\/cerave-cerave-baume-hydratant-454ml-hydratation-corps.jpg","width":700,"height":700},{"@type":"BreadcrumbList","@id":"https:\/\/paracherkaoui.ma\/index.php\/produit\/cerave-baume-hydratant-454ml-2\/#breadcrumb","itemListElement":[{"@type":"ListItem","position":1,"name":"Accueil","item":"https:\/\/paracherkaoui.ma\/"},{"@type":"ListItem","position":2,"name":"Boutique","item":"https:\/\/paracherkaoui.ma\/index.php\/boutique\/"},{"@type":"ListItem","position":3,"name":"CERAVE BAUME HYDRATANT 454ML"}]},{"@type":"WebSite","@id":"https:\/\/paracherkaoui.ma\/#website","url":"https:\/\/paracherkaoui.ma\/","name":"Paracherkaoui.ma","description":"Achetez en ligne sur Paracherkaoui.ma","potentialAction":[{"@type":"SearchAction","target":{"@type":"EntryPoint","urlTemplate":"https:\/\/paracherkaoui.ma\/?s={search_term_string}"},"query-input":{"@type":"PropertyValueSpecification","valueRequired":true,"valueName":"search_term_string"}}],"inLanguage":"fr-FR"}]}},"_links":{"self":[{"href":"https:\/\/paracherkaoui.ma\/index.php\/wp-json\/wp\/v2\/product\/14199","targetHints":{"allow":["GET"]}}],"collection":[{"href":"https:\/\/paracherkaoui.ma\/index.php\/wp-json\/wp\/v2\/product"}],"about":[{"href":"https:\/\/paracherkaoui.ma\/index.php\/wp-json\/wp\/v2\/types\/product"}],"replies":[{"embeddable":true,"href":"https:\/\/paracherkaoui.ma\/index.php\/wp-json\/wp\/v2\/comments?post=14199"}],"version-history":[{"count":1,"href":"https:\/\/paracherkaoui.ma\/index.php\/wp-json\/wp\/v2\/product\/14199\/revisions"}],"predecessor-version":[{"id":14248,"href":"https:\/\/paracherkaoui.ma\/index.php\/wp-json\/wp\/v2\/product\/14199\/revisions\/14248"}],"wp:featuredmedia":[{"embeddable":true,"href":"https:\/\/paracherkaoui.ma\/index.php\/wp-json\/wp\/v2\/media\/11208"}],"wp:attachment":[{"href":"https:\/\/paracherkaoui.ma\/index.php\/wp-json\/wp\/v2\/media?parent=14199"}],"wp:term":[{"taxonomy":"product_brand","embeddable":true,"href":"https:\/\/paracherkaoui.ma\/index.php\/wp-json\/wp\/v2\/product_brand?post=14199"},{"taxonomy":"product_cat","embeddable":true,"href":"https:\/\/paracherkaoui.ma\/index.php\/wp-json\/wp\/v2\/product_cat?post=14199"},{"taxonomy":"product_tag","embeddable":true,"href":"https:\/\/paracherkaoui.ma\/index.php\/wp-json\/wp\/v2\/product_tag?post=14199"}],"curies":[{"name":"wp","href":"https:\/\/api.w.org\/{rel}","templated":true}]}}