{"id":14198,"date":"2025-12-12T17:50:04","date_gmt":"2025-12-12T16:50:04","guid":{"rendered":"https:\/\/test.ecbeaute.com\/?post_type=product&#038;p=14198"},"modified":"2025-12-12T17:50:07","modified_gmt":"2025-12-12T16:50:07","slug":"ducray-hidrosis-control-roll-on-anti-transpirant-aisselles-40-ml","status":"publish","type":"product","link":"https:\/\/paracherkaoui.ma\/index.php\/produit\/ducray-hidrosis-control-roll-on-anti-transpirant-aisselles-40-ml\/","title":{"rendered":"DUCRAY HIDROSIS CONTROL ROLL ON ANTI TRANSPIRANT AISSELLES 40 ML"},"content":{"rendered":"<p>Ce\u00a0roll-on\u00a0vous offre une r\u00e9ponse \u00e0 tous vos probl\u00e8mes de transpiration excessive des aisselles. Avec l&rsquo;aide de plusieurs actifs, sa formule permet d&rsquo;absorber l&rsquo;humidit\u00e9, de capturer les odeurs dues \u00e0 la d\u00e9gradation de la sueur par les bact\u00e9ries et pour finir, assainir en mod\u00e9rant la prolif\u00e9ration bact\u00e9rienne \u00e0 la surface de la peau. Chaque matin apr\u00e8s la toilette, et d\u00e8s que n\u00e9c\u00e9ssaire, appliquer le roll on 1 \u00e0 2 fois.<\/p>\n","protected":false},"excerpt":{"rendered":"<p>Ce\u00a0roll-on\u00a0vous offre une r\u00e9ponse \u00e0 tous vos probl\u00e8mes de transpiration excessive des aisselles. Avec l&rsquo;aide de plusieurs actifs, sa formule<\/p>\n","protected":false},"featured_media":14246,"comment_status":"open","ping_status":"closed","template":"","meta":[],"product_brand":[138],"product_cat":[178],"product_tag":[],"class_list":{"0":"post-14198","1":"product","2":"type-product","3":"status-publish","4":"has-post-thumbnail","6":"product_brand-ducray","7":"product_cat-anti-transpirants","9":"first","10":"instock","11":"sale","12":"shipping-taxable","13":"purchasable","14":"product-type-simple"},"yoast_head":"<!-- This site is optimized with the Yoast SEO plugin v26.6 - https:\/\/yoast.com\/wordpress\/plugins\/seo\/ -->\r\n<title>DUCRAY HIDROSIS CONTROL ROLL ON ANTI TRANSPIRANT AISSELLES 40 ML - Paracherkaoui.ma<\/title>\r\n<meta name=\"robots\" content=\"index, follow, max-snippet:-1, max-image-preview:large, max-video-preview:-1\" \/>\r\n<link rel=\"canonical\" href=\"https:\/\/paracherkaoui.ma\/index.php\/produit\/ducray-hidrosis-control-roll-on-anti-transpirant-aisselles-40-ml\/\" \/>\r\n<meta property=\"og:locale\" content=\"fr_FR\" \/>\r\n<meta property=\"og:type\" content=\"article\" \/>\r\n<meta property=\"og:title\" content=\"DUCRAY HIDROSIS CONTROL ROLL ON ANTI TRANSPIRANT AISSELLES 40 ML - Paracherkaoui.ma\" \/>\r\n<meta property=\"og:description\" content=\"Ce\u00a0roll-on\u00a0vous offre une r\u00e9ponse \u00e0 tous vos probl\u00e8mes de transpiration excessive des aisselles. Avec l&rsquo;aide de plusieurs actifs, sa formule\" \/>\r\n<meta property=\"og:url\" content=\"https:\/\/paracherkaoui.ma\/index.php\/produit\/ducray-hidrosis-control-roll-on-anti-transpirant-aisselles-40-ml\/\" \/>\r\n<meta property=\"og:site_name\" content=\"Paracherkaoui.ma\" \/>\r\n<meta property=\"article:modified_time\" content=\"2025-12-12T16:50:07+00:00\" \/>\r\n<meta property=\"og:image\" content=\"https:\/\/paracherkaoui.ma\/wp-content\/uploads\/2025\/12\/ducray-hidrosis-control-roll-on-anti-transpirant-aisselles-40-ml.jpg\" \/>\r\n\t<meta property=\"og:image:width\" content=\"700\" \/>\r\n\t<meta property=\"og:image:height\" content=\"700\" \/>\r\n\t<meta property=\"og:image:type\" content=\"image\/jpeg\" \/>\r\n<meta name=\"twitter:card\" content=\"summary_large_image\" \/>\r\n<script type=\"application\/ld+json\" class=\"yoast-schema-graph\">{\"@context\":\"https:\/\/schema.org\",\"@graph\":[{\"@type\":\"WebPage\",\"@id\":\"https:\/\/paracherkaoui.ma\/index.php\/produit\/ducray-hidrosis-control-roll-on-anti-transpirant-aisselles-40-ml\/\",\"url\":\"https:\/\/paracherkaoui.ma\/index.php\/produit\/ducray-hidrosis-control-roll-on-anti-transpirant-aisselles-40-ml\/\",\"name\":\"DUCRAY HIDROSIS CONTROL ROLL ON ANTI TRANSPIRANT AISSELLES 40 ML - Paracherkaoui.ma\",\"isPartOf\":{\"@id\":\"https:\/\/paracherkaoui.ma\/#website\"},\"primaryImageOfPage\":{\"@id\":\"https:\/\/paracherkaoui.ma\/index.php\/produit\/ducray-hidrosis-control-roll-on-anti-transpirant-aisselles-40-ml\/#primaryimage\"},\"image\":{\"@id\":\"https:\/\/paracherkaoui.ma\/index.php\/produit\/ducray-hidrosis-control-roll-on-anti-transpirant-aisselles-40-ml\/#primaryimage\"},\"thumbnailUrl\":\"https:\/\/paracherkaoui.ma\/wp-content\/uploads\/2025\/12\/ducray-hidrosis-control-roll-on-anti-transpirant-aisselles-40-ml.jpg\",\"datePublished\":\"2025-12-12T16:50:04+00:00\",\"dateModified\":\"2025-12-12T16:50:07+00:00\",\"breadcrumb\":{\"@id\":\"https:\/\/paracherkaoui.ma\/index.php\/produit\/ducray-hidrosis-control-roll-on-anti-transpirant-aisselles-40-ml\/#breadcrumb\"},\"inLanguage\":\"fr-FR\",\"potentialAction\":[{\"@type\":\"ReadAction\",\"target\":[\"https:\/\/paracherkaoui.ma\/index.php\/produit\/ducray-hidrosis-control-roll-on-anti-transpirant-aisselles-40-ml\/\"]}]},{\"@type\":\"ImageObject\",\"inLanguage\":\"fr-FR\",\"@id\":\"https:\/\/paracherkaoui.ma\/index.php\/produit\/ducray-hidrosis-control-roll-on-anti-transpirant-aisselles-40-ml\/#primaryimage\",\"url\":\"https:\/\/paracherkaoui.ma\/wp-content\/uploads\/2025\/12\/ducray-hidrosis-control-roll-on-anti-transpirant-aisselles-40-ml.jpg\",\"contentUrl\":\"https:\/\/paracherkaoui.ma\/wp-content\/uploads\/2025\/12\/ducray-hidrosis-control-roll-on-anti-transpirant-aisselles-40-ml.jpg\",\"width\":700,\"height\":700},{\"@type\":\"BreadcrumbList\",\"@id\":\"https:\/\/paracherkaoui.ma\/index.php\/produit\/ducray-hidrosis-control-roll-on-anti-transpirant-aisselles-40-ml\/#breadcrumb\",\"itemListElement\":[{\"@type\":\"ListItem\",\"position\":1,\"name\":\"Accueil\",\"item\":\"https:\/\/paracherkaoui.ma\/\"},{\"@type\":\"ListItem\",\"position\":2,\"name\":\"Boutique\",\"item\":\"https:\/\/paracherkaoui.ma\/index.php\/boutique\/\"},{\"@type\":\"ListItem\",\"position\":3,\"name\":\"DUCRAY HIDROSIS CONTROL ROLL ON ANTI TRANSPIRANT AISSELLES 40 ML\"}]},{\"@type\":\"WebSite\",\"@id\":\"https:\/\/paracherkaoui.ma\/#website\",\"url\":\"https:\/\/paracherkaoui.ma\/\",\"name\":\"Paracherkaoui.ma\",\"description\":\"Achetez en ligne sur Paracherkaoui.ma\",\"potentialAction\":[{\"@type\":\"SearchAction\",\"target\":{\"@type\":\"EntryPoint\",\"urlTemplate\":\"https:\/\/paracherkaoui.ma\/?s={search_term_string}\"},\"query-input\":{\"@type\":\"PropertyValueSpecification\",\"valueRequired\":true,\"valueName\":\"search_term_string\"}}],\"inLanguage\":\"fr-FR\"}]}<\/script>\r\n<!-- \/ Yoast SEO plugin. -->","yoast_head_json":{"title":"DUCRAY HIDROSIS CONTROL ROLL ON ANTI TRANSPIRANT AISSELLES 40 ML - Paracherkaoui.ma","robots":{"index":"index","follow":"follow","max-snippet":"max-snippet:-1","max-image-preview":"max-image-preview:large","max-video-preview":"max-video-preview:-1"},"canonical":"https:\/\/paracherkaoui.ma\/index.php\/produit\/ducray-hidrosis-control-roll-on-anti-transpirant-aisselles-40-ml\/","og_locale":"fr_FR","og_type":"article","og_title":"DUCRAY HIDROSIS CONTROL ROLL ON ANTI TRANSPIRANT AISSELLES 40 ML - Paracherkaoui.ma","og_description":"Ce\u00a0roll-on\u00a0vous offre une r\u00e9ponse \u00e0 tous vos probl\u00e8mes de transpiration excessive des aisselles. Avec l&rsquo;aide de plusieurs actifs, sa formule","og_url":"https:\/\/paracherkaoui.ma\/index.php\/produit\/ducray-hidrosis-control-roll-on-anti-transpirant-aisselles-40-ml\/","og_site_name":"Paracherkaoui.ma","article_modified_time":"2025-12-12T16:50:07+00:00","og_image":[{"width":700,"height":700,"url":"https:\/\/paracherkaoui.ma\/wp-content\/uploads\/2025\/12\/ducray-hidrosis-control-roll-on-anti-transpirant-aisselles-40-ml.jpg","type":"image\/jpeg"}],"twitter_card":"summary_large_image","schema":{"@context":"https:\/\/schema.org","@graph":[{"@type":"WebPage","@id":"https:\/\/paracherkaoui.ma\/index.php\/produit\/ducray-hidrosis-control-roll-on-anti-transpirant-aisselles-40-ml\/","url":"https:\/\/paracherkaoui.ma\/index.php\/produit\/ducray-hidrosis-control-roll-on-anti-transpirant-aisselles-40-ml\/","name":"DUCRAY HIDROSIS CONTROL ROLL ON ANTI TRANSPIRANT AISSELLES 40 ML - Paracherkaoui.ma","isPartOf":{"@id":"https:\/\/paracherkaoui.ma\/#website"},"primaryImageOfPage":{"@id":"https:\/\/paracherkaoui.ma\/index.php\/produit\/ducray-hidrosis-control-roll-on-anti-transpirant-aisselles-40-ml\/#primaryimage"},"image":{"@id":"https:\/\/paracherkaoui.ma\/index.php\/produit\/ducray-hidrosis-control-roll-on-anti-transpirant-aisselles-40-ml\/#primaryimage"},"thumbnailUrl":"https:\/\/paracherkaoui.ma\/wp-content\/uploads\/2025\/12\/ducray-hidrosis-control-roll-on-anti-transpirant-aisselles-40-ml.jpg","datePublished":"2025-12-12T16:50:04+00:00","dateModified":"2025-12-12T16:50:07+00:00","breadcrumb":{"@id":"https:\/\/paracherkaoui.ma\/index.php\/produit\/ducray-hidrosis-control-roll-on-anti-transpirant-aisselles-40-ml\/#breadcrumb"},"inLanguage":"fr-FR","potentialAction":[{"@type":"ReadAction","target":["https:\/\/paracherkaoui.ma\/index.php\/produit\/ducray-hidrosis-control-roll-on-anti-transpirant-aisselles-40-ml\/"]}]},{"@type":"ImageObject","inLanguage":"fr-FR","@id":"https:\/\/paracherkaoui.ma\/index.php\/produit\/ducray-hidrosis-control-roll-on-anti-transpirant-aisselles-40-ml\/#primaryimage","url":"https:\/\/paracherkaoui.ma\/wp-content\/uploads\/2025\/12\/ducray-hidrosis-control-roll-on-anti-transpirant-aisselles-40-ml.jpg","contentUrl":"https:\/\/paracherkaoui.ma\/wp-content\/uploads\/2025\/12\/ducray-hidrosis-control-roll-on-anti-transpirant-aisselles-40-ml.jpg","width":700,"height":700},{"@type":"BreadcrumbList","@id":"https:\/\/paracherkaoui.ma\/index.php\/produit\/ducray-hidrosis-control-roll-on-anti-transpirant-aisselles-40-ml\/#breadcrumb","itemListElement":[{"@type":"ListItem","position":1,"name":"Accueil","item":"https:\/\/paracherkaoui.ma\/"},{"@type":"ListItem","position":2,"name":"Boutique","item":"https:\/\/paracherkaoui.ma\/index.php\/boutique\/"},{"@type":"ListItem","position":3,"name":"DUCRAY HIDROSIS CONTROL ROLL ON ANTI TRANSPIRANT AISSELLES 40 ML"}]},{"@type":"WebSite","@id":"https:\/\/paracherkaoui.ma\/#website","url":"https:\/\/paracherkaoui.ma\/","name":"Paracherkaoui.ma","description":"Achetez en ligne sur Paracherkaoui.ma","potentialAction":[{"@type":"SearchAction","target":{"@type":"EntryPoint","urlTemplate":"https:\/\/paracherkaoui.ma\/?s={search_term_string}"},"query-input":{"@type":"PropertyValueSpecification","valueRequired":true,"valueName":"search_term_string"}}],"inLanguage":"fr-FR"}]}},"_links":{"self":[{"href":"https:\/\/paracherkaoui.ma\/index.php\/wp-json\/wp\/v2\/product\/14198","targetHints":{"allow":["GET"]}}],"collection":[{"href":"https:\/\/paracherkaoui.ma\/index.php\/wp-json\/wp\/v2\/product"}],"about":[{"href":"https:\/\/paracherkaoui.ma\/index.php\/wp-json\/wp\/v2\/types\/product"}],"replies":[{"embeddable":true,"href":"https:\/\/paracherkaoui.ma\/index.php\/wp-json\/wp\/v2\/comments?post=14198"}],"version-history":[{"count":1,"href":"https:\/\/paracherkaoui.ma\/index.php\/wp-json\/wp\/v2\/product\/14198\/revisions"}],"predecessor-version":[{"id":14247,"href":"https:\/\/paracherkaoui.ma\/index.php\/wp-json\/wp\/v2\/product\/14198\/revisions\/14247"}],"wp:featuredmedia":[{"embeddable":true,"href":"https:\/\/paracherkaoui.ma\/index.php\/wp-json\/wp\/v2\/media\/14246"}],"wp:attachment":[{"href":"https:\/\/paracherkaoui.ma\/index.php\/wp-json\/wp\/v2\/media?parent=14198"}],"wp:term":[{"taxonomy":"product_brand","embeddable":true,"href":"https:\/\/paracherkaoui.ma\/index.php\/wp-json\/wp\/v2\/product_brand?post=14198"},{"taxonomy":"product_cat","embeddable":true,"href":"https:\/\/paracherkaoui.ma\/index.php\/wp-json\/wp\/v2\/product_cat?post=14198"},{"taxonomy":"product_tag","embeddable":true,"href":"https:\/\/paracherkaoui.ma\/index.php\/wp-json\/wp\/v2\/product_tag?post=14198"}],"curies":[{"name":"wp","href":"https:\/\/api.w.org\/{rel}","templated":true}]}}