{"id":14183,"date":"2025-12-12T17:50:03","date_gmt":"2025-12-12T16:50:03","guid":{"rendered":"https:\/\/test.ecbeaute.com\/?post_type=product&#038;p=14183"},"modified":"2025-12-12T17:50:05","modified_gmt":"2025-12-12T16:50:05","slug":"vichy-clinical-control-detranspirant-excessive-96-h","status":"publish","type":"product","link":"https:\/\/paracherkaoui.ma\/index.php\/produit\/vichy-clinical-control-detranspirant-excessive-96-h\/","title":{"rendered":"VICHY CLINICAL CONTROL DETRANSPIRANT EXCESSIVE 96 H"},"content":{"rendered":"<p>Enrichi en perlite absorbante, un min\u00e9ral volcanique aux propri\u00e9t\u00e9s matifiantes, ce d\u00e9odorant capte l&rsquo;humidit\u00e9 d\u00e8s son apparition pour maintenir les aisselles s\u00e8ches, sans effet collant. Le Zinc PCA, aux vertus purifiantes et s\u00e9bor\u00e9gulatrices, lutte efficacement contre les bact\u00e9ries responsables des mauvaises odeurs, tout en respectant les peaux sensibles. R\u00e9sultat : une peau plus douce, prot\u00e9g\u00e9e, et sans irritation. Test\u00e9 sous contr\u00f4le dermatologique, ce d\u00e9odorant est hypoallerg\u00e9nique, sans alcool et adapt\u00e9 \u00e0 tous les types de peaux, m\u00eame les plus r\u00e9actives. Gr\u00e2ce \u00e0 sa texture \u00e0 toucher sec, il s\u2019applique facilement et procure une sensation de fra\u00eecheur imm\u00e9diate. Id\u00e9al pour les femmes actives, sportives ou en p\u00e9riode de stress, le d\u00e9odorant Vichy Clinical Control 96h s\u2019impose comme un alli\u00e9 incontournable du quotidien pour une confiance sans faille. Conseils d&rsquo;utilisation Appliquez quotidiennement sur des aisselles propres et bien s\u00e8ches. Pour les peaux tr\u00e8s sensibles, vous pouvez alterner avec un d\u00e9odorant min\u00e9ral 48H Tol\u00e9rance Optimale pour apaiser la peau tout en la prot\u00e9geant. Composition AQUA \/ WATER, ALUMINUM CHLOROHYDRATE, DIMETHICONE, C14-22 ALCOHOLS, PARFUM \/ FRAGRANCE, STEARETH-100\/PEG-136\/HDI COPOLYMER, PERLITE, ZINC PCA, C12-20 ALKYL GLUCOSIDE, PENTYLENE GLYCOL<\/p>\n","protected":false},"excerpt":{"rendered":"<p>Enrichi en perlite absorbante, un min\u00e9ral volcanique aux propri\u00e9t\u00e9s matifiantes, ce d\u00e9odorant capte l&rsquo;humidit\u00e9 d\u00e8s son apparition pour maintenir les<\/p>\n","protected":false},"featured_media":14216,"comment_status":"open","ping_status":"closed","template":"","meta":[],"product_brand":[139],"product_cat":[178],"product_tag":[],"class_list":{"0":"post-14183","1":"product","2":"type-product","3":"status-publish","4":"has-post-thumbnail","6":"product_brand-vichy","7":"product_cat-anti-transpirants","9":"first","10":"instock","11":"sale","12":"shipping-taxable","13":"purchasable","14":"product-type-simple"},"yoast_head":"<!-- This site is optimized with the Yoast SEO plugin v26.6 - https:\/\/yoast.com\/wordpress\/plugins\/seo\/ -->\r\n<title>VICHY CLINICAL CONTROL DETRANSPIRANT EXCESSIVE 96 H - Paracherkaoui.ma<\/title>\r\n<meta name=\"robots\" content=\"index, follow, max-snippet:-1, max-image-preview:large, max-video-preview:-1\" \/>\r\n<link rel=\"canonical\" href=\"https:\/\/paracherkaoui.ma\/index.php\/produit\/vichy-clinical-control-detranspirant-excessive-96-h\/\" \/>\r\n<meta property=\"og:locale\" content=\"fr_FR\" \/>\r\n<meta property=\"og:type\" content=\"article\" \/>\r\n<meta property=\"og:title\" content=\"VICHY CLINICAL CONTROL DETRANSPIRANT EXCESSIVE 96 H - Paracherkaoui.ma\" \/>\r\n<meta property=\"og:description\" content=\"Enrichi en perlite absorbante, un min\u00e9ral volcanique aux propri\u00e9t\u00e9s matifiantes, ce d\u00e9odorant capte l&rsquo;humidit\u00e9 d\u00e8s son apparition pour maintenir les\" \/>\r\n<meta property=\"og:url\" content=\"https:\/\/paracherkaoui.ma\/index.php\/produit\/vichy-clinical-control-detranspirant-excessive-96-h\/\" \/>\r\n<meta property=\"og:site_name\" content=\"Paracherkaoui.ma\" \/>\r\n<meta property=\"article:modified_time\" content=\"2025-12-12T16:50:05+00:00\" \/>\r\n<meta property=\"og:image\" content=\"https:\/\/paracherkaoui.ma\/wp-content\/uploads\/2025\/12\/vichy-vichy-clinical-control-detranspirant-excessive-96-h-hygiene-homme.jpg\" \/>\r\n\t<meta property=\"og:image:width\" content=\"700\" \/>\r\n\t<meta property=\"og:image:height\" content=\"700\" \/>\r\n\t<meta property=\"og:image:type\" content=\"image\/jpeg\" \/>\r\n<meta name=\"twitter:card\" content=\"summary_large_image\" \/>\r\n<meta name=\"twitter:label1\" content=\"Dur\u00e9e de lecture estim\u00e9e\" \/>\n\t<meta name=\"twitter:data1\" content=\"1 minute\" \/>\r\n<script type=\"application\/ld+json\" class=\"yoast-schema-graph\">{\"@context\":\"https:\/\/schema.org\",\"@graph\":[{\"@type\":\"WebPage\",\"@id\":\"https:\/\/paracherkaoui.ma\/index.php\/produit\/vichy-clinical-control-detranspirant-excessive-96-h\/\",\"url\":\"https:\/\/paracherkaoui.ma\/index.php\/produit\/vichy-clinical-control-detranspirant-excessive-96-h\/\",\"name\":\"VICHY CLINICAL CONTROL DETRANSPIRANT EXCESSIVE 96 H - Paracherkaoui.ma\",\"isPartOf\":{\"@id\":\"https:\/\/paracherkaoui.ma\/#website\"},\"primaryImageOfPage\":{\"@id\":\"https:\/\/paracherkaoui.ma\/index.php\/produit\/vichy-clinical-control-detranspirant-excessive-96-h\/#primaryimage\"},\"image\":{\"@id\":\"https:\/\/paracherkaoui.ma\/index.php\/produit\/vichy-clinical-control-detranspirant-excessive-96-h\/#primaryimage\"},\"thumbnailUrl\":\"https:\/\/paracherkaoui.ma\/wp-content\/uploads\/2025\/12\/vichy-vichy-clinical-control-detranspirant-excessive-96-h-hygiene-homme.jpg\",\"datePublished\":\"2025-12-12T16:50:03+00:00\",\"dateModified\":\"2025-12-12T16:50:05+00:00\",\"breadcrumb\":{\"@id\":\"https:\/\/paracherkaoui.ma\/index.php\/produit\/vichy-clinical-control-detranspirant-excessive-96-h\/#breadcrumb\"},\"inLanguage\":\"fr-FR\",\"potentialAction\":[{\"@type\":\"ReadAction\",\"target\":[\"https:\/\/paracherkaoui.ma\/index.php\/produit\/vichy-clinical-control-detranspirant-excessive-96-h\/\"]}]},{\"@type\":\"ImageObject\",\"inLanguage\":\"fr-FR\",\"@id\":\"https:\/\/paracherkaoui.ma\/index.php\/produit\/vichy-clinical-control-detranspirant-excessive-96-h\/#primaryimage\",\"url\":\"https:\/\/paracherkaoui.ma\/wp-content\/uploads\/2025\/12\/vichy-vichy-clinical-control-detranspirant-excessive-96-h-hygiene-homme.jpg\",\"contentUrl\":\"https:\/\/paracherkaoui.ma\/wp-content\/uploads\/2025\/12\/vichy-vichy-clinical-control-detranspirant-excessive-96-h-hygiene-homme.jpg\",\"width\":700,\"height\":700},{\"@type\":\"BreadcrumbList\",\"@id\":\"https:\/\/paracherkaoui.ma\/index.php\/produit\/vichy-clinical-control-detranspirant-excessive-96-h\/#breadcrumb\",\"itemListElement\":[{\"@type\":\"ListItem\",\"position\":1,\"name\":\"Accueil\",\"item\":\"https:\/\/paracherkaoui.ma\/\"},{\"@type\":\"ListItem\",\"position\":2,\"name\":\"Boutique\",\"item\":\"https:\/\/paracherkaoui.ma\/index.php\/boutique\/\"},{\"@type\":\"ListItem\",\"position\":3,\"name\":\"VICHY CLINICAL CONTROL DETRANSPIRANT EXCESSIVE 96 H\"}]},{\"@type\":\"WebSite\",\"@id\":\"https:\/\/paracherkaoui.ma\/#website\",\"url\":\"https:\/\/paracherkaoui.ma\/\",\"name\":\"Paracherkaoui.ma\",\"description\":\"Achetez en ligne sur Paracherkaoui.ma\",\"potentialAction\":[{\"@type\":\"SearchAction\",\"target\":{\"@type\":\"EntryPoint\",\"urlTemplate\":\"https:\/\/paracherkaoui.ma\/?s={search_term_string}\"},\"query-input\":{\"@type\":\"PropertyValueSpecification\",\"valueRequired\":true,\"valueName\":\"search_term_string\"}}],\"inLanguage\":\"fr-FR\"}]}<\/script>\r\n<!-- \/ Yoast SEO plugin. -->","yoast_head_json":{"title":"VICHY CLINICAL CONTROL DETRANSPIRANT EXCESSIVE 96 H - Paracherkaoui.ma","robots":{"index":"index","follow":"follow","max-snippet":"max-snippet:-1","max-image-preview":"max-image-preview:large","max-video-preview":"max-video-preview:-1"},"canonical":"https:\/\/paracherkaoui.ma\/index.php\/produit\/vichy-clinical-control-detranspirant-excessive-96-h\/","og_locale":"fr_FR","og_type":"article","og_title":"VICHY CLINICAL CONTROL DETRANSPIRANT EXCESSIVE 96 H - Paracherkaoui.ma","og_description":"Enrichi en perlite absorbante, un min\u00e9ral volcanique aux propri\u00e9t\u00e9s matifiantes, ce d\u00e9odorant capte l&rsquo;humidit\u00e9 d\u00e8s son apparition pour maintenir les","og_url":"https:\/\/paracherkaoui.ma\/index.php\/produit\/vichy-clinical-control-detranspirant-excessive-96-h\/","og_site_name":"Paracherkaoui.ma","article_modified_time":"2025-12-12T16:50:05+00:00","og_image":[{"width":700,"height":700,"url":"https:\/\/paracherkaoui.ma\/wp-content\/uploads\/2025\/12\/vichy-vichy-clinical-control-detranspirant-excessive-96-h-hygiene-homme.jpg","type":"image\/jpeg"}],"twitter_card":"summary_large_image","twitter_misc":{"Dur\u00e9e de lecture estim\u00e9e":"1 minute"},"schema":{"@context":"https:\/\/schema.org","@graph":[{"@type":"WebPage","@id":"https:\/\/paracherkaoui.ma\/index.php\/produit\/vichy-clinical-control-detranspirant-excessive-96-h\/","url":"https:\/\/paracherkaoui.ma\/index.php\/produit\/vichy-clinical-control-detranspirant-excessive-96-h\/","name":"VICHY CLINICAL CONTROL DETRANSPIRANT EXCESSIVE 96 H - Paracherkaoui.ma","isPartOf":{"@id":"https:\/\/paracherkaoui.ma\/#website"},"primaryImageOfPage":{"@id":"https:\/\/paracherkaoui.ma\/index.php\/produit\/vichy-clinical-control-detranspirant-excessive-96-h\/#primaryimage"},"image":{"@id":"https:\/\/paracherkaoui.ma\/index.php\/produit\/vichy-clinical-control-detranspirant-excessive-96-h\/#primaryimage"},"thumbnailUrl":"https:\/\/paracherkaoui.ma\/wp-content\/uploads\/2025\/12\/vichy-vichy-clinical-control-detranspirant-excessive-96-h-hygiene-homme.jpg","datePublished":"2025-12-12T16:50:03+00:00","dateModified":"2025-12-12T16:50:05+00:00","breadcrumb":{"@id":"https:\/\/paracherkaoui.ma\/index.php\/produit\/vichy-clinical-control-detranspirant-excessive-96-h\/#breadcrumb"},"inLanguage":"fr-FR","potentialAction":[{"@type":"ReadAction","target":["https:\/\/paracherkaoui.ma\/index.php\/produit\/vichy-clinical-control-detranspirant-excessive-96-h\/"]}]},{"@type":"ImageObject","inLanguage":"fr-FR","@id":"https:\/\/paracherkaoui.ma\/index.php\/produit\/vichy-clinical-control-detranspirant-excessive-96-h\/#primaryimage","url":"https:\/\/paracherkaoui.ma\/wp-content\/uploads\/2025\/12\/vichy-vichy-clinical-control-detranspirant-excessive-96-h-hygiene-homme.jpg","contentUrl":"https:\/\/paracherkaoui.ma\/wp-content\/uploads\/2025\/12\/vichy-vichy-clinical-control-detranspirant-excessive-96-h-hygiene-homme.jpg","width":700,"height":700},{"@type":"BreadcrumbList","@id":"https:\/\/paracherkaoui.ma\/index.php\/produit\/vichy-clinical-control-detranspirant-excessive-96-h\/#breadcrumb","itemListElement":[{"@type":"ListItem","position":1,"name":"Accueil","item":"https:\/\/paracherkaoui.ma\/"},{"@type":"ListItem","position":2,"name":"Boutique","item":"https:\/\/paracherkaoui.ma\/index.php\/boutique\/"},{"@type":"ListItem","position":3,"name":"VICHY CLINICAL CONTROL DETRANSPIRANT EXCESSIVE 96 H"}]},{"@type":"WebSite","@id":"https:\/\/paracherkaoui.ma\/#website","url":"https:\/\/paracherkaoui.ma\/","name":"Paracherkaoui.ma","description":"Achetez en ligne sur Paracherkaoui.ma","potentialAction":[{"@type":"SearchAction","target":{"@type":"EntryPoint","urlTemplate":"https:\/\/paracherkaoui.ma\/?s={search_term_string}"},"query-input":{"@type":"PropertyValueSpecification","valueRequired":true,"valueName":"search_term_string"}}],"inLanguage":"fr-FR"}]}},"_links":{"self":[{"href":"https:\/\/paracherkaoui.ma\/index.php\/wp-json\/wp\/v2\/product\/14183","targetHints":{"allow":["GET"]}}],"collection":[{"href":"https:\/\/paracherkaoui.ma\/index.php\/wp-json\/wp\/v2\/product"}],"about":[{"href":"https:\/\/paracherkaoui.ma\/index.php\/wp-json\/wp\/v2\/types\/product"}],"replies":[{"embeddable":true,"href":"https:\/\/paracherkaoui.ma\/index.php\/wp-json\/wp\/v2\/comments?post=14183"}],"version-history":[{"count":1,"href":"https:\/\/paracherkaoui.ma\/index.php\/wp-json\/wp\/v2\/product\/14183\/revisions"}],"predecessor-version":[{"id":14217,"href":"https:\/\/paracherkaoui.ma\/index.php\/wp-json\/wp\/v2\/product\/14183\/revisions\/14217"}],"wp:featuredmedia":[{"embeddable":true,"href":"https:\/\/paracherkaoui.ma\/index.php\/wp-json\/wp\/v2\/media\/14216"}],"wp:attachment":[{"href":"https:\/\/paracherkaoui.ma\/index.php\/wp-json\/wp\/v2\/media?parent=14183"}],"wp:term":[{"taxonomy":"product_brand","embeddable":true,"href":"https:\/\/paracherkaoui.ma\/index.php\/wp-json\/wp\/v2\/product_brand?post=14183"},{"taxonomy":"product_cat","embeddable":true,"href":"https:\/\/paracherkaoui.ma\/index.php\/wp-json\/wp\/v2\/product_cat?post=14183"},{"taxonomy":"product_tag","embeddable":true,"href":"https:\/\/paracherkaoui.ma\/index.php\/wp-json\/wp\/v2\/product_tag?post=14183"}],"curies":[{"name":"wp","href":"https:\/\/api.w.org\/{rel}","templated":true}]}}