{"id":14182,"date":"2025-12-12T17:50:03","date_gmt":"2025-12-12T16:50:03","guid":{"rendered":"https:\/\/test.ecbeaute.com\/?post_type=product&#038;p=14182"},"modified":"2025-12-12T17:50:05","modified_gmt":"2025-12-12T16:50:05","slug":"vichy-deodorant-anti-transpirant-48h-bille-peau-sensible-ou-epilee","status":"publish","type":"product","link":"https:\/\/paracherkaoui.ma\/index.php\/produit\/vichy-deodorant-anti-transpirant-48h-bille-peau-sensible-ou-epilee\/","title":{"rendered":"VICHY DEODORANT ANTI TRANSPIRANT 48H BILLE PEAU SENSIBLE OU EPILEE"},"content":{"rendered":"<p>La transpiration est un ph\u00e9nom\u00e8ne naturel, mais lorsqu\u2019elle devient excessive, elle peut provoquer des d\u00e9sagr\u00e9ments comme les mauvaises odeurs et une sensation d\u2019humidit\u00e9 inconfortable. Gr\u00e2ce \u00e0 sa technologie anti-transpirante associ\u00e9e \u00e0 des actifs apaisants et protecteurs, ce d\u00e9odorant Vichy agit \u00e0 la source pour limiter la sudation tout en pr\u00e9servant la sant\u00e9 de la peau. Sa formule contient : Proline Cute\u00ef, un complexe d\u2019origine naturelle qui apaise rapidement les sensations d\u2019irritation dues \u00e0 l\u2019\u00e9pilation. Extrait de N\u00e9nuphar Blanc, reconnu pour ses propri\u00e9t\u00e9s purifiantes et antioxydantes, qui prot\u00e8ge les peaux sensibles. Sodium Palmitoyl Proline, un actif qui participe \u00e0 la protection de la barri\u00e8re cutan\u00e9e. Eau Thermale de Vichy, riche en min\u00e9raux, qui apporte hydratation et confort. Sa texture douce et non-collante s\u2019applique facilement gr\u00e2ce \u00e0 son format bille pratique, laissant la peau nette, fra\u00eeche et prot\u00e9g\u00e9e, sans film gras. Ce d\u00e9odorant a \u00e9t\u00e9 test\u00e9 sous contr\u00f4le dermatologique pour garantir une tol\u00e9rance optimale sur les peaux les plus d\u00e9licates. Conseils d&rsquo;utilisation Agitez bien le flacon avant chaque utilisation. Appliquez quotidiennement sur des aisselles propres et s\u00e8ches. Ne pas utiliser sur une peau irrit\u00e9e ou l\u00e9s\u00e9e. Laissez s\u00e9cher avant de vous habiller. Composition Aqua, Aluminum Chlorohydrate, PPG-15 Stearyl Ether, Cetearyl Alcohol, Ceteareth-33, Dimethicone, Iodopropynyl Butylcarbamate, Nymphaea Alba Extract, Sodium Palmitoyl Proline<\/p>\n","protected":false},"excerpt":{"rendered":"<p>La transpiration est un ph\u00e9nom\u00e8ne naturel, mais lorsqu\u2019elle devient excessive, elle peut provoquer des d\u00e9sagr\u00e9ments comme les mauvaises odeurs et<\/p>\n","protected":false},"featured_media":14214,"comment_status":"open","ping_status":"closed","template":"","meta":[],"product_brand":[139],"product_cat":[178],"product_tag":[],"class_list":{"0":"post-14182","1":"product","2":"type-product","3":"status-publish","4":"has-post-thumbnail","6":"product_brand-vichy","7":"product_cat-anti-transpirants","9":"first","10":"instock","11":"sale","12":"shipping-taxable","13":"purchasable","14":"product-type-simple"},"yoast_head":"<!-- This site is optimized with the Yoast SEO plugin v26.6 - https:\/\/yoast.com\/wordpress\/plugins\/seo\/ -->\r\n<title>VICHY DEODORANT ANTI TRANSPIRANT 48H BILLE PEAU SENSIBLE OU EPILEE - Paracherkaoui.ma<\/title>\r\n<meta name=\"robots\" content=\"index, follow, max-snippet:-1, max-image-preview:large, max-video-preview:-1\" \/>\r\n<link rel=\"canonical\" href=\"https:\/\/paracherkaoui.ma\/index.php\/produit\/vichy-deodorant-anti-transpirant-48h-bille-peau-sensible-ou-epilee\/\" \/>\r\n<meta property=\"og:locale\" content=\"fr_FR\" \/>\r\n<meta property=\"og:type\" content=\"article\" \/>\r\n<meta property=\"og:title\" content=\"VICHY DEODORANT ANTI TRANSPIRANT 48H BILLE PEAU SENSIBLE OU EPILEE - Paracherkaoui.ma\" \/>\r\n<meta property=\"og:description\" content=\"La transpiration est un ph\u00e9nom\u00e8ne naturel, mais lorsqu\u2019elle devient excessive, elle peut provoquer des d\u00e9sagr\u00e9ments comme les mauvaises odeurs et\" \/>\r\n<meta property=\"og:url\" content=\"https:\/\/paracherkaoui.ma\/index.php\/produit\/vichy-deodorant-anti-transpirant-48h-bille-peau-sensible-ou-epilee\/\" \/>\r\n<meta property=\"og:site_name\" content=\"Paracherkaoui.ma\" \/>\r\n<meta property=\"article:modified_time\" content=\"2025-12-12T16:50:05+00:00\" \/>\r\n<meta property=\"og:image\" content=\"https:\/\/paracherkaoui.ma\/wp-content\/uploads\/2025\/12\/vichy-vichy-deodorant-anti-transpirant-48h-bille-peau-sensible-ou-epilee-deodorants.jpg\" \/>\r\n\t<meta property=\"og:image:width\" content=\"700\" \/>\r\n\t<meta property=\"og:image:height\" content=\"700\" \/>\r\n\t<meta property=\"og:image:type\" content=\"image\/jpeg\" \/>\r\n<meta name=\"twitter:card\" content=\"summary_large_image\" \/>\r\n<meta name=\"twitter:label1\" content=\"Dur\u00e9e de lecture estim\u00e9e\" \/>\n\t<meta name=\"twitter:data1\" content=\"1 minute\" \/>\r\n<script type=\"application\/ld+json\" class=\"yoast-schema-graph\">{\"@context\":\"https:\/\/schema.org\",\"@graph\":[{\"@type\":\"WebPage\",\"@id\":\"https:\/\/paracherkaoui.ma\/index.php\/produit\/vichy-deodorant-anti-transpirant-48h-bille-peau-sensible-ou-epilee\/\",\"url\":\"https:\/\/paracherkaoui.ma\/index.php\/produit\/vichy-deodorant-anti-transpirant-48h-bille-peau-sensible-ou-epilee\/\",\"name\":\"VICHY DEODORANT ANTI TRANSPIRANT 48H BILLE PEAU SENSIBLE OU EPILEE - Paracherkaoui.ma\",\"isPartOf\":{\"@id\":\"https:\/\/paracherkaoui.ma\/#website\"},\"primaryImageOfPage\":{\"@id\":\"https:\/\/paracherkaoui.ma\/index.php\/produit\/vichy-deodorant-anti-transpirant-48h-bille-peau-sensible-ou-epilee\/#primaryimage\"},\"image\":{\"@id\":\"https:\/\/paracherkaoui.ma\/index.php\/produit\/vichy-deodorant-anti-transpirant-48h-bille-peau-sensible-ou-epilee\/#primaryimage\"},\"thumbnailUrl\":\"https:\/\/paracherkaoui.ma\/wp-content\/uploads\/2025\/12\/vichy-vichy-deodorant-anti-transpirant-48h-bille-peau-sensible-ou-epilee-deodorants.jpg\",\"datePublished\":\"2025-12-12T16:50:03+00:00\",\"dateModified\":\"2025-12-12T16:50:05+00:00\",\"breadcrumb\":{\"@id\":\"https:\/\/paracherkaoui.ma\/index.php\/produit\/vichy-deodorant-anti-transpirant-48h-bille-peau-sensible-ou-epilee\/#breadcrumb\"},\"inLanguage\":\"fr-FR\",\"potentialAction\":[{\"@type\":\"ReadAction\",\"target\":[\"https:\/\/paracherkaoui.ma\/index.php\/produit\/vichy-deodorant-anti-transpirant-48h-bille-peau-sensible-ou-epilee\/\"]}]},{\"@type\":\"ImageObject\",\"inLanguage\":\"fr-FR\",\"@id\":\"https:\/\/paracherkaoui.ma\/index.php\/produit\/vichy-deodorant-anti-transpirant-48h-bille-peau-sensible-ou-epilee\/#primaryimage\",\"url\":\"https:\/\/paracherkaoui.ma\/wp-content\/uploads\/2025\/12\/vichy-vichy-deodorant-anti-transpirant-48h-bille-peau-sensible-ou-epilee-deodorants.jpg\",\"contentUrl\":\"https:\/\/paracherkaoui.ma\/wp-content\/uploads\/2025\/12\/vichy-vichy-deodorant-anti-transpirant-48h-bille-peau-sensible-ou-epilee-deodorants.jpg\",\"width\":700,\"height\":700},{\"@type\":\"BreadcrumbList\",\"@id\":\"https:\/\/paracherkaoui.ma\/index.php\/produit\/vichy-deodorant-anti-transpirant-48h-bille-peau-sensible-ou-epilee\/#breadcrumb\",\"itemListElement\":[{\"@type\":\"ListItem\",\"position\":1,\"name\":\"Accueil\",\"item\":\"https:\/\/paracherkaoui.ma\/\"},{\"@type\":\"ListItem\",\"position\":2,\"name\":\"Boutique\",\"item\":\"https:\/\/paracherkaoui.ma\/index.php\/boutique\/\"},{\"@type\":\"ListItem\",\"position\":3,\"name\":\"VICHY DEODORANT ANTI TRANSPIRANT 48H BILLE PEAU SENSIBLE OU EPILEE\"}]},{\"@type\":\"WebSite\",\"@id\":\"https:\/\/paracherkaoui.ma\/#website\",\"url\":\"https:\/\/paracherkaoui.ma\/\",\"name\":\"Paracherkaoui.ma\",\"description\":\"Achetez en ligne sur Paracherkaoui.ma\",\"potentialAction\":[{\"@type\":\"SearchAction\",\"target\":{\"@type\":\"EntryPoint\",\"urlTemplate\":\"https:\/\/paracherkaoui.ma\/?s={search_term_string}\"},\"query-input\":{\"@type\":\"PropertyValueSpecification\",\"valueRequired\":true,\"valueName\":\"search_term_string\"}}],\"inLanguage\":\"fr-FR\"}]}<\/script>\r\n<!-- \/ Yoast SEO plugin. -->","yoast_head_json":{"title":"VICHY DEODORANT ANTI TRANSPIRANT 48H BILLE PEAU SENSIBLE OU EPILEE - Paracherkaoui.ma","robots":{"index":"index","follow":"follow","max-snippet":"max-snippet:-1","max-image-preview":"max-image-preview:large","max-video-preview":"max-video-preview:-1"},"canonical":"https:\/\/paracherkaoui.ma\/index.php\/produit\/vichy-deodorant-anti-transpirant-48h-bille-peau-sensible-ou-epilee\/","og_locale":"fr_FR","og_type":"article","og_title":"VICHY DEODORANT ANTI TRANSPIRANT 48H BILLE PEAU SENSIBLE OU EPILEE - Paracherkaoui.ma","og_description":"La transpiration est un ph\u00e9nom\u00e8ne naturel, mais lorsqu\u2019elle devient excessive, elle peut provoquer des d\u00e9sagr\u00e9ments comme les mauvaises odeurs et","og_url":"https:\/\/paracherkaoui.ma\/index.php\/produit\/vichy-deodorant-anti-transpirant-48h-bille-peau-sensible-ou-epilee\/","og_site_name":"Paracherkaoui.ma","article_modified_time":"2025-12-12T16:50:05+00:00","og_image":[{"width":700,"height":700,"url":"https:\/\/paracherkaoui.ma\/wp-content\/uploads\/2025\/12\/vichy-vichy-deodorant-anti-transpirant-48h-bille-peau-sensible-ou-epilee-deodorants.jpg","type":"image\/jpeg"}],"twitter_card":"summary_large_image","twitter_misc":{"Dur\u00e9e de lecture estim\u00e9e":"1 minute"},"schema":{"@context":"https:\/\/schema.org","@graph":[{"@type":"WebPage","@id":"https:\/\/paracherkaoui.ma\/index.php\/produit\/vichy-deodorant-anti-transpirant-48h-bille-peau-sensible-ou-epilee\/","url":"https:\/\/paracherkaoui.ma\/index.php\/produit\/vichy-deodorant-anti-transpirant-48h-bille-peau-sensible-ou-epilee\/","name":"VICHY DEODORANT ANTI TRANSPIRANT 48H BILLE PEAU SENSIBLE OU EPILEE - Paracherkaoui.ma","isPartOf":{"@id":"https:\/\/paracherkaoui.ma\/#website"},"primaryImageOfPage":{"@id":"https:\/\/paracherkaoui.ma\/index.php\/produit\/vichy-deodorant-anti-transpirant-48h-bille-peau-sensible-ou-epilee\/#primaryimage"},"image":{"@id":"https:\/\/paracherkaoui.ma\/index.php\/produit\/vichy-deodorant-anti-transpirant-48h-bille-peau-sensible-ou-epilee\/#primaryimage"},"thumbnailUrl":"https:\/\/paracherkaoui.ma\/wp-content\/uploads\/2025\/12\/vichy-vichy-deodorant-anti-transpirant-48h-bille-peau-sensible-ou-epilee-deodorants.jpg","datePublished":"2025-12-12T16:50:03+00:00","dateModified":"2025-12-12T16:50:05+00:00","breadcrumb":{"@id":"https:\/\/paracherkaoui.ma\/index.php\/produit\/vichy-deodorant-anti-transpirant-48h-bille-peau-sensible-ou-epilee\/#breadcrumb"},"inLanguage":"fr-FR","potentialAction":[{"@type":"ReadAction","target":["https:\/\/paracherkaoui.ma\/index.php\/produit\/vichy-deodorant-anti-transpirant-48h-bille-peau-sensible-ou-epilee\/"]}]},{"@type":"ImageObject","inLanguage":"fr-FR","@id":"https:\/\/paracherkaoui.ma\/index.php\/produit\/vichy-deodorant-anti-transpirant-48h-bille-peau-sensible-ou-epilee\/#primaryimage","url":"https:\/\/paracherkaoui.ma\/wp-content\/uploads\/2025\/12\/vichy-vichy-deodorant-anti-transpirant-48h-bille-peau-sensible-ou-epilee-deodorants.jpg","contentUrl":"https:\/\/paracherkaoui.ma\/wp-content\/uploads\/2025\/12\/vichy-vichy-deodorant-anti-transpirant-48h-bille-peau-sensible-ou-epilee-deodorants.jpg","width":700,"height":700},{"@type":"BreadcrumbList","@id":"https:\/\/paracherkaoui.ma\/index.php\/produit\/vichy-deodorant-anti-transpirant-48h-bille-peau-sensible-ou-epilee\/#breadcrumb","itemListElement":[{"@type":"ListItem","position":1,"name":"Accueil","item":"https:\/\/paracherkaoui.ma\/"},{"@type":"ListItem","position":2,"name":"Boutique","item":"https:\/\/paracherkaoui.ma\/index.php\/boutique\/"},{"@type":"ListItem","position":3,"name":"VICHY DEODORANT ANTI TRANSPIRANT 48H BILLE PEAU SENSIBLE OU EPILEE"}]},{"@type":"WebSite","@id":"https:\/\/paracherkaoui.ma\/#website","url":"https:\/\/paracherkaoui.ma\/","name":"Paracherkaoui.ma","description":"Achetez en ligne sur Paracherkaoui.ma","potentialAction":[{"@type":"SearchAction","target":{"@type":"EntryPoint","urlTemplate":"https:\/\/paracherkaoui.ma\/?s={search_term_string}"},"query-input":{"@type":"PropertyValueSpecification","valueRequired":true,"valueName":"search_term_string"}}],"inLanguage":"fr-FR"}]}},"_links":{"self":[{"href":"https:\/\/paracherkaoui.ma\/index.php\/wp-json\/wp\/v2\/product\/14182","targetHints":{"allow":["GET"]}}],"collection":[{"href":"https:\/\/paracherkaoui.ma\/index.php\/wp-json\/wp\/v2\/product"}],"about":[{"href":"https:\/\/paracherkaoui.ma\/index.php\/wp-json\/wp\/v2\/types\/product"}],"replies":[{"embeddable":true,"href":"https:\/\/paracherkaoui.ma\/index.php\/wp-json\/wp\/v2\/comments?post=14182"}],"version-history":[{"count":1,"href":"https:\/\/paracherkaoui.ma\/index.php\/wp-json\/wp\/v2\/product\/14182\/revisions"}],"predecessor-version":[{"id":14215,"href":"https:\/\/paracherkaoui.ma\/index.php\/wp-json\/wp\/v2\/product\/14182\/revisions\/14215"}],"wp:featuredmedia":[{"embeddable":true,"href":"https:\/\/paracherkaoui.ma\/index.php\/wp-json\/wp\/v2\/media\/14214"}],"wp:attachment":[{"href":"https:\/\/paracherkaoui.ma\/index.php\/wp-json\/wp\/v2\/media?parent=14182"}],"wp:term":[{"taxonomy":"product_brand","embeddable":true,"href":"https:\/\/paracherkaoui.ma\/index.php\/wp-json\/wp\/v2\/product_brand?post=14182"},{"taxonomy":"product_cat","embeddable":true,"href":"https:\/\/paracherkaoui.ma\/index.php\/wp-json\/wp\/v2\/product_cat?post=14182"},{"taxonomy":"product_tag","embeddable":true,"href":"https:\/\/paracherkaoui.ma\/index.php\/wp-json\/wp\/v2\/product_tag?post=14182"}],"curies":[{"name":"wp","href":"https:\/\/api.w.org\/{rel}","templated":true}]}}