{"id":14132,"date":"2025-12-12T17:49:58","date_gmt":"2025-12-12T16:49:58","guid":{"rendered":"https:\/\/test.ecbeaute.com\/?post_type=product&#038;p=14132"},"modified":"2025-12-12T17:50:02","modified_gmt":"2025-12-12T16:50:02","slug":"vichy-deodorant-anti-transpirant-48h-espace-les-rasages","status":"publish","type":"product","link":"https:\/\/paracherkaoui.ma\/index.php\/produit\/vichy-deodorant-anti-transpirant-48h-espace-les-rasages\/","title":{"rendered":"VICHY DEODORANT ANTI TRANSPIRANT 48H ESPACE LES RASAGES"},"content":{"rendered":"<p>Formul\u00e9 avec de la vitamine C, il contribue \u00e0 \u00e9claircir visiblement la peau des aisselles, souvent sujette \u00e0 des zones d\u2019hyperpigmentation. Gr\u00e2ce \u00e0 ses nacres perfectrices et r\u00e9flectrices, il apaise les irritations post-rasage tout en sublimant l\u2019apparence de la peau. L\u2019actif LHA ER195, connu pour ralentir la repousse des poils, aide \u00e0 espacer les rasages, \u00e0 r\u00e9duire les poils incarn\u00e9s et \u00e0 diminuer les imperfections cutan\u00e9es. Sa combinaison de perlite et de chlorohydrate d\u2019aluminium permet de lutter efficacement contre l&rsquo;humidit\u00e9 et les odeurs ind\u00e9sirables, m\u00eame dans des conditions de transpiration extr\u00eame. Hypoallerg\u00e9nique, sans alcool et sans parab\u00e8ne, ce d\u00e9odorant est id\u00e9al pour les peaux sensibles et a \u00e9t\u00e9 test\u00e9 sous contr\u00f4le dermatologique. Sa texture fra\u00eeche et non collante assure un confort imm\u00e9diat et un s\u00e9chage rapide, sans taches sur les v\u00eatements. Jour apr\u00e8s jour, vos aisselles deviennent plus douces, plus lisses et \u00e9clatantes. Conseils d&rsquo;utilisation Appliquez quotidiennement sur des aisselles propres et s\u00e8ches. Faites rouler la bille 2 \u00e0 3 fois sur chaque aisselle pour une couverture optimale. Laissez s\u00e9cher quelques secondes avant de vous habiller. \u00c0 utiliser le matin, le soir ou selon vos besoins, aussi souvent que n\u00e9cessaire. Composition AQUA \/ WATER, ALUMINUM CHLOROHYDRATE, CETEARYL ALCOHOL, CETEARETH-33, PARFUM \/ FRAGRANCE, PERLITE, PHENOXYETHANOL, DIMETHICONE, CITRUS LIMON FRUIT EXTRACT \/ LEMON FRUIT EXTRACT, CAPRYLOYL SALICYLIC ACID, MICA, TETRASODIUM GLUTAMATE DIACETATE, CI 77891 \/ TITANIUM DIOXIDE, ASCORBYL GLUCOSIDE<\/p>\n","protected":false},"excerpt":{"rendered":"<p>Formul\u00e9 avec de la vitamine C, il contribue \u00e0 \u00e9claircir visiblement la peau des aisselles, souvent sujette \u00e0 des zones<\/p>\n","protected":false},"featured_media":14178,"comment_status":"open","ping_status":"closed","template":"","meta":[],"product_brand":[139],"product_cat":[178],"product_tag":[],"class_list":{"0":"post-14132","1":"product","2":"type-product","3":"status-publish","4":"has-post-thumbnail","6":"product_brand-vichy","7":"product_cat-anti-transpirants","9":"first","10":"instock","11":"sale","12":"shipping-taxable","13":"purchasable","14":"product-type-simple"},"yoast_head":"<!-- This site is optimized with the Yoast SEO plugin v26.6 - https:\/\/yoast.com\/wordpress\/plugins\/seo\/ -->\r\n<title>VICHY DEODORANT ANTI TRANSPIRANT 48H ESPACE LES RASAGES - Paracherkaoui.ma<\/title>\r\n<meta name=\"robots\" content=\"index, follow, max-snippet:-1, max-image-preview:large, max-video-preview:-1\" \/>\r\n<link rel=\"canonical\" href=\"https:\/\/paracherkaoui.ma\/index.php\/produit\/vichy-deodorant-anti-transpirant-48h-espace-les-rasages\/\" \/>\r\n<meta property=\"og:locale\" content=\"fr_FR\" \/>\r\n<meta property=\"og:type\" content=\"article\" \/>\r\n<meta property=\"og:title\" content=\"VICHY DEODORANT ANTI TRANSPIRANT 48H ESPACE LES RASAGES - Paracherkaoui.ma\" \/>\r\n<meta property=\"og:description\" content=\"Formul\u00e9 avec de la vitamine C, il contribue \u00e0 \u00e9claircir visiblement la peau des aisselles, souvent sujette \u00e0 des zones\" \/>\r\n<meta property=\"og:url\" content=\"https:\/\/paracherkaoui.ma\/index.php\/produit\/vichy-deodorant-anti-transpirant-48h-espace-les-rasages\/\" \/>\r\n<meta property=\"og:site_name\" content=\"Paracherkaoui.ma\" \/>\r\n<meta property=\"article:modified_time\" content=\"2025-12-12T16:50:02+00:00\" \/>\r\n<meta property=\"og:image\" content=\"https:\/\/paracherkaoui.ma\/wp-content\/uploads\/2025\/12\/vichy-vichy-deodorant-anti-transpirant-48h-espace-les-rasages-deodorants.jpg\" \/>\r\n\t<meta property=\"og:image:width\" content=\"700\" \/>\r\n\t<meta property=\"og:image:height\" content=\"700\" \/>\r\n\t<meta property=\"og:image:type\" content=\"image\/jpeg\" \/>\r\n<meta name=\"twitter:card\" content=\"summary_large_image\" \/>\r\n<meta name=\"twitter:label1\" content=\"Dur\u00e9e de lecture estim\u00e9e\" \/>\n\t<meta name=\"twitter:data1\" content=\"1 minute\" \/>\r\n<script type=\"application\/ld+json\" class=\"yoast-schema-graph\">{\"@context\":\"https:\/\/schema.org\",\"@graph\":[{\"@type\":\"WebPage\",\"@id\":\"https:\/\/paracherkaoui.ma\/index.php\/produit\/vichy-deodorant-anti-transpirant-48h-espace-les-rasages\/\",\"url\":\"https:\/\/paracherkaoui.ma\/index.php\/produit\/vichy-deodorant-anti-transpirant-48h-espace-les-rasages\/\",\"name\":\"VICHY DEODORANT ANTI TRANSPIRANT 48H ESPACE LES RASAGES - Paracherkaoui.ma\",\"isPartOf\":{\"@id\":\"https:\/\/paracherkaoui.ma\/#website\"},\"primaryImageOfPage\":{\"@id\":\"https:\/\/paracherkaoui.ma\/index.php\/produit\/vichy-deodorant-anti-transpirant-48h-espace-les-rasages\/#primaryimage\"},\"image\":{\"@id\":\"https:\/\/paracherkaoui.ma\/index.php\/produit\/vichy-deodorant-anti-transpirant-48h-espace-les-rasages\/#primaryimage\"},\"thumbnailUrl\":\"https:\/\/paracherkaoui.ma\/wp-content\/uploads\/2025\/12\/vichy-vichy-deodorant-anti-transpirant-48h-espace-les-rasages-deodorants.jpg\",\"datePublished\":\"2025-12-12T16:49:58+00:00\",\"dateModified\":\"2025-12-12T16:50:02+00:00\",\"breadcrumb\":{\"@id\":\"https:\/\/paracherkaoui.ma\/index.php\/produit\/vichy-deodorant-anti-transpirant-48h-espace-les-rasages\/#breadcrumb\"},\"inLanguage\":\"fr-FR\",\"potentialAction\":[{\"@type\":\"ReadAction\",\"target\":[\"https:\/\/paracherkaoui.ma\/index.php\/produit\/vichy-deodorant-anti-transpirant-48h-espace-les-rasages\/\"]}]},{\"@type\":\"ImageObject\",\"inLanguage\":\"fr-FR\",\"@id\":\"https:\/\/paracherkaoui.ma\/index.php\/produit\/vichy-deodorant-anti-transpirant-48h-espace-les-rasages\/#primaryimage\",\"url\":\"https:\/\/paracherkaoui.ma\/wp-content\/uploads\/2025\/12\/vichy-vichy-deodorant-anti-transpirant-48h-espace-les-rasages-deodorants.jpg\",\"contentUrl\":\"https:\/\/paracherkaoui.ma\/wp-content\/uploads\/2025\/12\/vichy-vichy-deodorant-anti-transpirant-48h-espace-les-rasages-deodorants.jpg\",\"width\":700,\"height\":700},{\"@type\":\"BreadcrumbList\",\"@id\":\"https:\/\/paracherkaoui.ma\/index.php\/produit\/vichy-deodorant-anti-transpirant-48h-espace-les-rasages\/#breadcrumb\",\"itemListElement\":[{\"@type\":\"ListItem\",\"position\":1,\"name\":\"Accueil\",\"item\":\"https:\/\/paracherkaoui.ma\/\"},{\"@type\":\"ListItem\",\"position\":2,\"name\":\"Boutique\",\"item\":\"https:\/\/paracherkaoui.ma\/index.php\/boutique\/\"},{\"@type\":\"ListItem\",\"position\":3,\"name\":\"VICHY DEODORANT ANTI TRANSPIRANT 48H ESPACE LES RASAGES\"}]},{\"@type\":\"WebSite\",\"@id\":\"https:\/\/paracherkaoui.ma\/#website\",\"url\":\"https:\/\/paracherkaoui.ma\/\",\"name\":\"Paracherkaoui.ma\",\"description\":\"Achetez en ligne sur Paracherkaoui.ma\",\"potentialAction\":[{\"@type\":\"SearchAction\",\"target\":{\"@type\":\"EntryPoint\",\"urlTemplate\":\"https:\/\/paracherkaoui.ma\/?s={search_term_string}\"},\"query-input\":{\"@type\":\"PropertyValueSpecification\",\"valueRequired\":true,\"valueName\":\"search_term_string\"}}],\"inLanguage\":\"fr-FR\"}]}<\/script>\r\n<!-- \/ Yoast SEO plugin. -->","yoast_head_json":{"title":"VICHY DEODORANT ANTI TRANSPIRANT 48H ESPACE LES RASAGES - Paracherkaoui.ma","robots":{"index":"index","follow":"follow","max-snippet":"max-snippet:-1","max-image-preview":"max-image-preview:large","max-video-preview":"max-video-preview:-1"},"canonical":"https:\/\/paracherkaoui.ma\/index.php\/produit\/vichy-deodorant-anti-transpirant-48h-espace-les-rasages\/","og_locale":"fr_FR","og_type":"article","og_title":"VICHY DEODORANT ANTI TRANSPIRANT 48H ESPACE LES RASAGES - Paracherkaoui.ma","og_description":"Formul\u00e9 avec de la vitamine C, il contribue \u00e0 \u00e9claircir visiblement la peau des aisselles, souvent sujette \u00e0 des zones","og_url":"https:\/\/paracherkaoui.ma\/index.php\/produit\/vichy-deodorant-anti-transpirant-48h-espace-les-rasages\/","og_site_name":"Paracherkaoui.ma","article_modified_time":"2025-12-12T16:50:02+00:00","og_image":[{"width":700,"height":700,"url":"https:\/\/paracherkaoui.ma\/wp-content\/uploads\/2025\/12\/vichy-vichy-deodorant-anti-transpirant-48h-espace-les-rasages-deodorants.jpg","type":"image\/jpeg"}],"twitter_card":"summary_large_image","twitter_misc":{"Dur\u00e9e de lecture estim\u00e9e":"1 minute"},"schema":{"@context":"https:\/\/schema.org","@graph":[{"@type":"WebPage","@id":"https:\/\/paracherkaoui.ma\/index.php\/produit\/vichy-deodorant-anti-transpirant-48h-espace-les-rasages\/","url":"https:\/\/paracherkaoui.ma\/index.php\/produit\/vichy-deodorant-anti-transpirant-48h-espace-les-rasages\/","name":"VICHY DEODORANT ANTI TRANSPIRANT 48H ESPACE LES RASAGES - Paracherkaoui.ma","isPartOf":{"@id":"https:\/\/paracherkaoui.ma\/#website"},"primaryImageOfPage":{"@id":"https:\/\/paracherkaoui.ma\/index.php\/produit\/vichy-deodorant-anti-transpirant-48h-espace-les-rasages\/#primaryimage"},"image":{"@id":"https:\/\/paracherkaoui.ma\/index.php\/produit\/vichy-deodorant-anti-transpirant-48h-espace-les-rasages\/#primaryimage"},"thumbnailUrl":"https:\/\/paracherkaoui.ma\/wp-content\/uploads\/2025\/12\/vichy-vichy-deodorant-anti-transpirant-48h-espace-les-rasages-deodorants.jpg","datePublished":"2025-12-12T16:49:58+00:00","dateModified":"2025-12-12T16:50:02+00:00","breadcrumb":{"@id":"https:\/\/paracherkaoui.ma\/index.php\/produit\/vichy-deodorant-anti-transpirant-48h-espace-les-rasages\/#breadcrumb"},"inLanguage":"fr-FR","potentialAction":[{"@type":"ReadAction","target":["https:\/\/paracherkaoui.ma\/index.php\/produit\/vichy-deodorant-anti-transpirant-48h-espace-les-rasages\/"]}]},{"@type":"ImageObject","inLanguage":"fr-FR","@id":"https:\/\/paracherkaoui.ma\/index.php\/produit\/vichy-deodorant-anti-transpirant-48h-espace-les-rasages\/#primaryimage","url":"https:\/\/paracherkaoui.ma\/wp-content\/uploads\/2025\/12\/vichy-vichy-deodorant-anti-transpirant-48h-espace-les-rasages-deodorants.jpg","contentUrl":"https:\/\/paracherkaoui.ma\/wp-content\/uploads\/2025\/12\/vichy-vichy-deodorant-anti-transpirant-48h-espace-les-rasages-deodorants.jpg","width":700,"height":700},{"@type":"BreadcrumbList","@id":"https:\/\/paracherkaoui.ma\/index.php\/produit\/vichy-deodorant-anti-transpirant-48h-espace-les-rasages\/#breadcrumb","itemListElement":[{"@type":"ListItem","position":1,"name":"Accueil","item":"https:\/\/paracherkaoui.ma\/"},{"@type":"ListItem","position":2,"name":"Boutique","item":"https:\/\/paracherkaoui.ma\/index.php\/boutique\/"},{"@type":"ListItem","position":3,"name":"VICHY DEODORANT ANTI TRANSPIRANT 48H ESPACE LES RASAGES"}]},{"@type":"WebSite","@id":"https:\/\/paracherkaoui.ma\/#website","url":"https:\/\/paracherkaoui.ma\/","name":"Paracherkaoui.ma","description":"Achetez en ligne sur Paracherkaoui.ma","potentialAction":[{"@type":"SearchAction","target":{"@type":"EntryPoint","urlTemplate":"https:\/\/paracherkaoui.ma\/?s={search_term_string}"},"query-input":{"@type":"PropertyValueSpecification","valueRequired":true,"valueName":"search_term_string"}}],"inLanguage":"fr-FR"}]}},"_links":{"self":[{"href":"https:\/\/paracherkaoui.ma\/index.php\/wp-json\/wp\/v2\/product\/14132","targetHints":{"allow":["GET"]}}],"collection":[{"href":"https:\/\/paracherkaoui.ma\/index.php\/wp-json\/wp\/v2\/product"}],"about":[{"href":"https:\/\/paracherkaoui.ma\/index.php\/wp-json\/wp\/v2\/types\/product"}],"replies":[{"embeddable":true,"href":"https:\/\/paracherkaoui.ma\/index.php\/wp-json\/wp\/v2\/comments?post=14132"}],"version-history":[{"count":1,"href":"https:\/\/paracherkaoui.ma\/index.php\/wp-json\/wp\/v2\/product\/14132\/revisions"}],"predecessor-version":[{"id":14179,"href":"https:\/\/paracherkaoui.ma\/index.php\/wp-json\/wp\/v2\/product\/14132\/revisions\/14179"}],"wp:featuredmedia":[{"embeddable":true,"href":"https:\/\/paracherkaoui.ma\/index.php\/wp-json\/wp\/v2\/media\/14178"}],"wp:attachment":[{"href":"https:\/\/paracherkaoui.ma\/index.php\/wp-json\/wp\/v2\/media?parent=14132"}],"wp:term":[{"taxonomy":"product_brand","embeddable":true,"href":"https:\/\/paracherkaoui.ma\/index.php\/wp-json\/wp\/v2\/product_brand?post=14132"},{"taxonomy":"product_cat","embeddable":true,"href":"https:\/\/paracherkaoui.ma\/index.php\/wp-json\/wp\/v2\/product_cat?post=14132"},{"taxonomy":"product_tag","embeddable":true,"href":"https:\/\/paracherkaoui.ma\/index.php\/wp-json\/wp\/v2\/product_tag?post=14132"}],"curies":[{"name":"wp","href":"https:\/\/api.w.org\/{rel}","templated":true}]}}