{"id":14128,"date":"2025-12-12T17:49:56","date_gmt":"2025-12-12T16:49:56","guid":{"rendered":"https:\/\/test.ecbeaute.com\/?post_type=product&#038;p=14128"},"modified":"2025-12-12T17:50:02","modified_gmt":"2025-12-12T16:50:02","slug":"filorga-global-repair-yeux-et-levres-2","status":"publish","type":"product","link":"https:\/\/paracherkaoui.ma\/index.php\/produit\/filorga-global-repair-yeux-et-levres-2\/","title":{"rendered":"FILORGA GLOBAL REPAIR YEUX ET LEVRES"},"content":{"rendered":"<p>D\u00e9couvrez GLOBAL-REPAIR EYES &#038; LIPS, un soin anti-\u00e2ge global inspir\u00e9 de techniques de m\u00e9decine esth\u00e9tique reconnues pour un effet jeunesse visible sur le contour des yeux et des l\u00e8vres. Pens\u00e9 pour les peaux d\u00e9vitalis\u00e9es, il nourrit la peau et agit intens\u00e9ment sur les tous les signes visibles de l\u2019\u00e2ge gr\u00e2ce \u00e0 son action multi-revitalisante. Sp\u00e9cifiquement con\u00e7u pour les zones d\u00e9licates du contour des yeux et des l\u00e8vres, ce soin anti-\u00e2ge enrichi en NCEF agit sur le regard fatigu\u00e9, les cernes, les poches, les rides, la d\u00e9shydratation et les fl\u00e9trissures. \/ Nutrition revitalisante 3 super nutriments agissent en synergie pour redonner souplesse et vitalit\u00e9 \u00e0 la peau. \/ Action anti-\u00e2ge globale 50 m\u00e9so-ingr\u00e9dients + 4 boosters cellulaires inspir\u00e9s des techniques de m\u00e9decine esth\u00e9tique se combinent pour agir sur l\u2019ensemble des signes du vieillissement cutan\u00e9. \/ Action sp\u00e9cifique zones d\u00e9licates Un extrait de tub\u00e9reuse stimulant pour une correction globale de la zone regard est associ\u00e9 \u00e0 un extrait de graine de s\u00e9same pour un effet lissant du contour des l\u00e8vres. Fini velours absolu. Flacon pompe 15ml<\/p>\n","protected":false},"excerpt":{"rendered":"<p>D\u00e9couvrez GLOBAL-REPAIR EYES &#038; LIPS, un soin anti-\u00e2ge global inspir\u00e9 de techniques de m\u00e9decine esth\u00e9tique reconnues pour un effet jeunesse<\/p>\n","protected":false},"featured_media":14139,"comment_status":"open","ping_status":"closed","template":"","meta":[],"product_brand":[141],"product_cat":[176],"product_tag":[],"class_list":{"0":"post-14128","1":"product","2":"type-product","3":"status-publish","4":"has-post-thumbnail","6":"product_brand-filorga","7":"product_cat-soins-levres-et-contours-des-levres","9":"first","10":"instock","11":"sale","12":"shipping-taxable","13":"purchasable","14":"product-type-simple"},"yoast_head":"<!-- This site is optimized with the Yoast SEO plugin v26.6 - https:\/\/yoast.com\/wordpress\/plugins\/seo\/ -->\r\n<title>FILORGA GLOBAL REPAIR YEUX ET LEVRES - Paracherkaoui.ma<\/title>\r\n<meta name=\"robots\" content=\"index, follow, max-snippet:-1, max-image-preview:large, max-video-preview:-1\" \/>\r\n<link rel=\"canonical\" href=\"https:\/\/paracherkaoui.ma\/index.php\/produit\/filorga-global-repair-yeux-et-levres-2\/\" \/>\r\n<meta property=\"og:locale\" content=\"fr_FR\" \/>\r\n<meta property=\"og:type\" content=\"article\" \/>\r\n<meta property=\"og:title\" content=\"FILORGA GLOBAL REPAIR YEUX ET LEVRES - Paracherkaoui.ma\" \/>\r\n<meta property=\"og:description\" content=\"D\u00e9couvrez GLOBAL-REPAIR EYES &#038; LIPS, un soin anti-\u00e2ge global inspir\u00e9 de techniques de m\u00e9decine esth\u00e9tique reconnues pour un effet jeunesse\" \/>\r\n<meta property=\"og:url\" content=\"https:\/\/paracherkaoui.ma\/index.php\/produit\/filorga-global-repair-yeux-et-levres-2\/\" \/>\r\n<meta property=\"og:site_name\" content=\"Paracherkaoui.ma\" \/>\r\n<meta property=\"article:modified_time\" content=\"2025-12-12T16:50:02+00:00\" \/>\r\n<meta property=\"og:image\" content=\"https:\/\/paracherkaoui.ma\/wp-content\/uploads\/2025\/12\/filorga-filorga-global-repair-yeux-et-levres-soins-contours-yeux.jpg\" \/>\r\n\t<meta property=\"og:image:width\" content=\"700\" \/>\r\n\t<meta property=\"og:image:height\" content=\"700\" \/>\r\n\t<meta property=\"og:image:type\" content=\"image\/jpeg\" \/>\r\n<meta name=\"twitter:card\" content=\"summary_large_image\" \/>\r\n<meta name=\"twitter:label1\" content=\"Dur\u00e9e de lecture estim\u00e9e\" \/>\n\t<meta name=\"twitter:data1\" content=\"1 minute\" \/>\r\n<script type=\"application\/ld+json\" class=\"yoast-schema-graph\">{\"@context\":\"https:\/\/schema.org\",\"@graph\":[{\"@type\":\"WebPage\",\"@id\":\"https:\/\/paracherkaoui.ma\/index.php\/produit\/filorga-global-repair-yeux-et-levres-2\/\",\"url\":\"https:\/\/paracherkaoui.ma\/index.php\/produit\/filorga-global-repair-yeux-et-levres-2\/\",\"name\":\"FILORGA GLOBAL REPAIR YEUX ET LEVRES - Paracherkaoui.ma\",\"isPartOf\":{\"@id\":\"https:\/\/paracherkaoui.ma\/#website\"},\"primaryImageOfPage\":{\"@id\":\"https:\/\/paracherkaoui.ma\/index.php\/produit\/filorga-global-repair-yeux-et-levres-2\/#primaryimage\"},\"image\":{\"@id\":\"https:\/\/paracherkaoui.ma\/index.php\/produit\/filorga-global-repair-yeux-et-levres-2\/#primaryimage\"},\"thumbnailUrl\":\"https:\/\/paracherkaoui.ma\/wp-content\/uploads\/2025\/12\/filorga-filorga-global-repair-yeux-et-levres-soins-contours-yeux.jpg\",\"datePublished\":\"2025-12-12T16:49:56+00:00\",\"dateModified\":\"2025-12-12T16:50:02+00:00\",\"breadcrumb\":{\"@id\":\"https:\/\/paracherkaoui.ma\/index.php\/produit\/filorga-global-repair-yeux-et-levres-2\/#breadcrumb\"},\"inLanguage\":\"fr-FR\",\"potentialAction\":[{\"@type\":\"ReadAction\",\"target\":[\"https:\/\/paracherkaoui.ma\/index.php\/produit\/filorga-global-repair-yeux-et-levres-2\/\"]}]},{\"@type\":\"ImageObject\",\"inLanguage\":\"fr-FR\",\"@id\":\"https:\/\/paracherkaoui.ma\/index.php\/produit\/filorga-global-repair-yeux-et-levres-2\/#primaryimage\",\"url\":\"https:\/\/paracherkaoui.ma\/wp-content\/uploads\/2025\/12\/filorga-filorga-global-repair-yeux-et-levres-soins-contours-yeux.jpg\",\"contentUrl\":\"https:\/\/paracherkaoui.ma\/wp-content\/uploads\/2025\/12\/filorga-filorga-global-repair-yeux-et-levres-soins-contours-yeux.jpg\",\"width\":700,\"height\":700},{\"@type\":\"BreadcrumbList\",\"@id\":\"https:\/\/paracherkaoui.ma\/index.php\/produit\/filorga-global-repair-yeux-et-levres-2\/#breadcrumb\",\"itemListElement\":[{\"@type\":\"ListItem\",\"position\":1,\"name\":\"Accueil\",\"item\":\"https:\/\/paracherkaoui.ma\/\"},{\"@type\":\"ListItem\",\"position\":2,\"name\":\"Boutique\",\"item\":\"https:\/\/paracherkaoui.ma\/index.php\/boutique\/\"},{\"@type\":\"ListItem\",\"position\":3,\"name\":\"FILORGA GLOBAL REPAIR YEUX ET LEVRES\"}]},{\"@type\":\"WebSite\",\"@id\":\"https:\/\/paracherkaoui.ma\/#website\",\"url\":\"https:\/\/paracherkaoui.ma\/\",\"name\":\"Paracherkaoui.ma\",\"description\":\"Achetez en ligne sur Paracherkaoui.ma\",\"potentialAction\":[{\"@type\":\"SearchAction\",\"target\":{\"@type\":\"EntryPoint\",\"urlTemplate\":\"https:\/\/paracherkaoui.ma\/?s={search_term_string}\"},\"query-input\":{\"@type\":\"PropertyValueSpecification\",\"valueRequired\":true,\"valueName\":\"search_term_string\"}}],\"inLanguage\":\"fr-FR\"}]}<\/script>\r\n<!-- \/ Yoast SEO plugin. -->","yoast_head_json":{"title":"FILORGA GLOBAL REPAIR YEUX ET LEVRES - Paracherkaoui.ma","robots":{"index":"index","follow":"follow","max-snippet":"max-snippet:-1","max-image-preview":"max-image-preview:large","max-video-preview":"max-video-preview:-1"},"canonical":"https:\/\/paracherkaoui.ma\/index.php\/produit\/filorga-global-repair-yeux-et-levres-2\/","og_locale":"fr_FR","og_type":"article","og_title":"FILORGA GLOBAL REPAIR YEUX ET LEVRES - Paracherkaoui.ma","og_description":"D\u00e9couvrez GLOBAL-REPAIR EYES &#038; LIPS, un soin anti-\u00e2ge global inspir\u00e9 de techniques de m\u00e9decine esth\u00e9tique reconnues pour un effet jeunesse","og_url":"https:\/\/paracherkaoui.ma\/index.php\/produit\/filorga-global-repair-yeux-et-levres-2\/","og_site_name":"Paracherkaoui.ma","article_modified_time":"2025-12-12T16:50:02+00:00","og_image":[{"width":700,"height":700,"url":"https:\/\/paracherkaoui.ma\/wp-content\/uploads\/2025\/12\/filorga-filorga-global-repair-yeux-et-levres-soins-contours-yeux.jpg","type":"image\/jpeg"}],"twitter_card":"summary_large_image","twitter_misc":{"Dur\u00e9e de lecture estim\u00e9e":"1 minute"},"schema":{"@context":"https:\/\/schema.org","@graph":[{"@type":"WebPage","@id":"https:\/\/paracherkaoui.ma\/index.php\/produit\/filorga-global-repair-yeux-et-levres-2\/","url":"https:\/\/paracherkaoui.ma\/index.php\/produit\/filorga-global-repair-yeux-et-levres-2\/","name":"FILORGA GLOBAL REPAIR YEUX ET LEVRES - Paracherkaoui.ma","isPartOf":{"@id":"https:\/\/paracherkaoui.ma\/#website"},"primaryImageOfPage":{"@id":"https:\/\/paracherkaoui.ma\/index.php\/produit\/filorga-global-repair-yeux-et-levres-2\/#primaryimage"},"image":{"@id":"https:\/\/paracherkaoui.ma\/index.php\/produit\/filorga-global-repair-yeux-et-levres-2\/#primaryimage"},"thumbnailUrl":"https:\/\/paracherkaoui.ma\/wp-content\/uploads\/2025\/12\/filorga-filorga-global-repair-yeux-et-levres-soins-contours-yeux.jpg","datePublished":"2025-12-12T16:49:56+00:00","dateModified":"2025-12-12T16:50:02+00:00","breadcrumb":{"@id":"https:\/\/paracherkaoui.ma\/index.php\/produit\/filorga-global-repair-yeux-et-levres-2\/#breadcrumb"},"inLanguage":"fr-FR","potentialAction":[{"@type":"ReadAction","target":["https:\/\/paracherkaoui.ma\/index.php\/produit\/filorga-global-repair-yeux-et-levres-2\/"]}]},{"@type":"ImageObject","inLanguage":"fr-FR","@id":"https:\/\/paracherkaoui.ma\/index.php\/produit\/filorga-global-repair-yeux-et-levres-2\/#primaryimage","url":"https:\/\/paracherkaoui.ma\/wp-content\/uploads\/2025\/12\/filorga-filorga-global-repair-yeux-et-levres-soins-contours-yeux.jpg","contentUrl":"https:\/\/paracherkaoui.ma\/wp-content\/uploads\/2025\/12\/filorga-filorga-global-repair-yeux-et-levres-soins-contours-yeux.jpg","width":700,"height":700},{"@type":"BreadcrumbList","@id":"https:\/\/paracherkaoui.ma\/index.php\/produit\/filorga-global-repair-yeux-et-levres-2\/#breadcrumb","itemListElement":[{"@type":"ListItem","position":1,"name":"Accueil","item":"https:\/\/paracherkaoui.ma\/"},{"@type":"ListItem","position":2,"name":"Boutique","item":"https:\/\/paracherkaoui.ma\/index.php\/boutique\/"},{"@type":"ListItem","position":3,"name":"FILORGA GLOBAL REPAIR YEUX ET LEVRES"}]},{"@type":"WebSite","@id":"https:\/\/paracherkaoui.ma\/#website","url":"https:\/\/paracherkaoui.ma\/","name":"Paracherkaoui.ma","description":"Achetez en ligne sur Paracherkaoui.ma","potentialAction":[{"@type":"SearchAction","target":{"@type":"EntryPoint","urlTemplate":"https:\/\/paracherkaoui.ma\/?s={search_term_string}"},"query-input":{"@type":"PropertyValueSpecification","valueRequired":true,"valueName":"search_term_string"}}],"inLanguage":"fr-FR"}]}},"_links":{"self":[{"href":"https:\/\/paracherkaoui.ma\/index.php\/wp-json\/wp\/v2\/product\/14128","targetHints":{"allow":["GET"]}}],"collection":[{"href":"https:\/\/paracherkaoui.ma\/index.php\/wp-json\/wp\/v2\/product"}],"about":[{"href":"https:\/\/paracherkaoui.ma\/index.php\/wp-json\/wp\/v2\/types\/product"}],"replies":[{"embeddable":true,"href":"https:\/\/paracherkaoui.ma\/index.php\/wp-json\/wp\/v2\/comments?post=14128"}],"version-history":[{"count":1,"href":"https:\/\/paracherkaoui.ma\/index.php\/wp-json\/wp\/v2\/product\/14128\/revisions"}],"predecessor-version":[{"id":14172,"href":"https:\/\/paracherkaoui.ma\/index.php\/wp-json\/wp\/v2\/product\/14128\/revisions\/14172"}],"wp:featuredmedia":[{"embeddable":true,"href":"https:\/\/paracherkaoui.ma\/index.php\/wp-json\/wp\/v2\/media\/14139"}],"wp:attachment":[{"href":"https:\/\/paracherkaoui.ma\/index.php\/wp-json\/wp\/v2\/media?parent=14128"}],"wp:term":[{"taxonomy":"product_brand","embeddable":true,"href":"https:\/\/paracherkaoui.ma\/index.php\/wp-json\/wp\/v2\/product_brand?post=14128"},{"taxonomy":"product_cat","embeddable":true,"href":"https:\/\/paracherkaoui.ma\/index.php\/wp-json\/wp\/v2\/product_cat?post=14128"},{"taxonomy":"product_tag","embeddable":true,"href":"https:\/\/paracherkaoui.ma\/index.php\/wp-json\/wp\/v2\/product_tag?post=14128"}],"curies":[{"name":"wp","href":"https:\/\/api.w.org\/{rel}","templated":true}]}}