{"id":14124,"date":"2025-12-12T17:49:54","date_gmt":"2025-12-12T16:49:54","guid":{"rendered":"https:\/\/test.ecbeaute.com\/?post_type=product&#038;p=14124"},"modified":"2025-12-12T17:50:01","modified_gmt":"2025-12-12T16:50:01","slug":"svr-cicavit-baume-protecteur-levres-peaux-lesees-10g","status":"publish","type":"product","link":"https:\/\/paracherkaoui.ma\/index.php\/produit\/svr-cicavit-baume-protecteur-levres-peaux-lesees-10g\/","title":{"rendered":"SVR CICAVIT + Baume protecteur l\u00e8vres &#8211; Peaux l\u00e9s\u00e9es 10g"},"content":{"rendered":"<p>Description: CICAVIT + Baume protecteur L\u00e8vres r\u00e9pare durablement les l\u00e8vres s\u00e9v\u00e8rement dess\u00e9ch\u00e9es, gerc\u00e9es et ab\u00eem\u00e9es. Gr\u00e2ce \u00e0 sa formule nourissante ultra-naturelle et sa texture r\u00e9confortante, les l\u00e8vres sont moins gerc\u00e9es, liss\u00e9es, nourries et apais\u00e9es.Sa haute concentration en beurre, huile et cires v\u00e9g\u00e9tales favorise la r\u00e9paration de la barri\u00e8re cutan\u00e9e. Il hydrate en profondeur, et diminue les ger\u00e7ures Conseils d&rsquo;utilisation: Appliquer CICAVIT + Baume protecteur l\u00e8vres gr\u00e2ce \u00e0 son enbout biseaut\u00e9, facilitant l&rsquo;application. Utiliser aussi souvent que n\u00e9cessaire. B\u00e9b\u00e9, enfant, adulte.<\/p>\n","protected":false},"excerpt":{"rendered":"<p>Description: CICAVIT + Baume protecteur L\u00e8vres r\u00e9pare durablement les l\u00e8vres s\u00e9v\u00e8rement dess\u00e9ch\u00e9es, gerc\u00e9es et ab\u00eem\u00e9es. Gr\u00e2ce \u00e0 sa formule nourissante<\/p>\n","protected":false},"featured_media":14165,"comment_status":"open","ping_status":"closed","template":"","meta":[],"product_brand":[133],"product_cat":[176],"product_tag":[],"class_list":{"0":"post-14124","1":"product","2":"type-product","3":"status-publish","4":"has-post-thumbnail","6":"product_brand-svr","7":"product_cat-soins-levres-et-contours-des-levres","9":"first","10":"instock","11":"sale","12":"shipping-taxable","13":"purchasable","14":"product-type-simple"},"yoast_head":"<!-- This site is optimized with the Yoast SEO plugin v26.6 - https:\/\/yoast.com\/wordpress\/plugins\/seo\/ -->\r\n<title>SVR CICAVIT + Baume protecteur l\u00e8vres - Peaux l\u00e9s\u00e9es 10g - Paracherkaoui.ma<\/title>\r\n<meta name=\"robots\" content=\"index, follow, max-snippet:-1, max-image-preview:large, max-video-preview:-1\" \/>\r\n<link rel=\"canonical\" href=\"https:\/\/paracherkaoui.ma\/index.php\/produit\/svr-cicavit-baume-protecteur-levres-peaux-lesees-10g\/\" \/>\r\n<meta property=\"og:locale\" content=\"fr_FR\" \/>\r\n<meta property=\"og:type\" content=\"article\" \/>\r\n<meta property=\"og:title\" content=\"SVR CICAVIT + Baume protecteur l\u00e8vres - Peaux l\u00e9s\u00e9es 10g - Paracherkaoui.ma\" \/>\r\n<meta property=\"og:description\" content=\"Description: CICAVIT + Baume protecteur L\u00e8vres r\u00e9pare durablement les l\u00e8vres s\u00e9v\u00e8rement dess\u00e9ch\u00e9es, gerc\u00e9es et ab\u00eem\u00e9es. Gr\u00e2ce \u00e0 sa formule nourissante\" \/>\r\n<meta property=\"og:url\" content=\"https:\/\/paracherkaoui.ma\/index.php\/produit\/svr-cicavit-baume-protecteur-levres-peaux-lesees-10g\/\" \/>\r\n<meta property=\"og:site_name\" content=\"Paracherkaoui.ma\" \/>\r\n<meta property=\"article:modified_time\" content=\"2025-12-12T16:50:01+00:00\" \/>\r\n<meta property=\"og:image\" content=\"https:\/\/paracherkaoui.ma\/wp-content\/uploads\/2025\/12\/svr-svr-cicavit-baume-protecteur-levres-peaux-lesees-10g-levres.jpg\" \/>\r\n\t<meta property=\"og:image:width\" content=\"700\" \/>\r\n\t<meta property=\"og:image:height\" content=\"700\" \/>\r\n\t<meta property=\"og:image:type\" content=\"image\/jpeg\" \/>\r\n<meta name=\"twitter:card\" content=\"summary_large_image\" \/>\r\n<meta name=\"twitter:label1\" content=\"Dur\u00e9e de lecture estim\u00e9e\" \/>\n\t<meta name=\"twitter:data1\" content=\"1 minute\" \/>\r\n<script type=\"application\/ld+json\" class=\"yoast-schema-graph\">{\"@context\":\"https:\/\/schema.org\",\"@graph\":[{\"@type\":\"WebPage\",\"@id\":\"https:\/\/paracherkaoui.ma\/index.php\/produit\/svr-cicavit-baume-protecteur-levres-peaux-lesees-10g\/\",\"url\":\"https:\/\/paracherkaoui.ma\/index.php\/produit\/svr-cicavit-baume-protecteur-levres-peaux-lesees-10g\/\",\"name\":\"SVR CICAVIT + Baume protecteur l\u00e8vres - Peaux l\u00e9s\u00e9es 10g - Paracherkaoui.ma\",\"isPartOf\":{\"@id\":\"https:\/\/paracherkaoui.ma\/#website\"},\"primaryImageOfPage\":{\"@id\":\"https:\/\/paracherkaoui.ma\/index.php\/produit\/svr-cicavit-baume-protecteur-levres-peaux-lesees-10g\/#primaryimage\"},\"image\":{\"@id\":\"https:\/\/paracherkaoui.ma\/index.php\/produit\/svr-cicavit-baume-protecteur-levres-peaux-lesees-10g\/#primaryimage\"},\"thumbnailUrl\":\"https:\/\/paracherkaoui.ma\/wp-content\/uploads\/2025\/12\/svr-svr-cicavit-baume-protecteur-levres-peaux-lesees-10g-levres.jpg\",\"datePublished\":\"2025-12-12T16:49:54+00:00\",\"dateModified\":\"2025-12-12T16:50:01+00:00\",\"breadcrumb\":{\"@id\":\"https:\/\/paracherkaoui.ma\/index.php\/produit\/svr-cicavit-baume-protecteur-levres-peaux-lesees-10g\/#breadcrumb\"},\"inLanguage\":\"fr-FR\",\"potentialAction\":[{\"@type\":\"ReadAction\",\"target\":[\"https:\/\/paracherkaoui.ma\/index.php\/produit\/svr-cicavit-baume-protecteur-levres-peaux-lesees-10g\/\"]}]},{\"@type\":\"ImageObject\",\"inLanguage\":\"fr-FR\",\"@id\":\"https:\/\/paracherkaoui.ma\/index.php\/produit\/svr-cicavit-baume-protecteur-levres-peaux-lesees-10g\/#primaryimage\",\"url\":\"https:\/\/paracherkaoui.ma\/wp-content\/uploads\/2025\/12\/svr-svr-cicavit-baume-protecteur-levres-peaux-lesees-10g-levres.jpg\",\"contentUrl\":\"https:\/\/paracherkaoui.ma\/wp-content\/uploads\/2025\/12\/svr-svr-cicavit-baume-protecteur-levres-peaux-lesees-10g-levres.jpg\",\"width\":700,\"height\":700},{\"@type\":\"BreadcrumbList\",\"@id\":\"https:\/\/paracherkaoui.ma\/index.php\/produit\/svr-cicavit-baume-protecteur-levres-peaux-lesees-10g\/#breadcrumb\",\"itemListElement\":[{\"@type\":\"ListItem\",\"position\":1,\"name\":\"Accueil\",\"item\":\"https:\/\/paracherkaoui.ma\/\"},{\"@type\":\"ListItem\",\"position\":2,\"name\":\"Boutique\",\"item\":\"https:\/\/paracherkaoui.ma\/index.php\/boutique\/\"},{\"@type\":\"ListItem\",\"position\":3,\"name\":\"SVR CICAVIT + Baume protecteur l\u00e8vres &#8211; Peaux l\u00e9s\u00e9es 10g\"}]},{\"@type\":\"WebSite\",\"@id\":\"https:\/\/paracherkaoui.ma\/#website\",\"url\":\"https:\/\/paracherkaoui.ma\/\",\"name\":\"Paracherkaoui.ma\",\"description\":\"Achetez en ligne sur Paracherkaoui.ma\",\"potentialAction\":[{\"@type\":\"SearchAction\",\"target\":{\"@type\":\"EntryPoint\",\"urlTemplate\":\"https:\/\/paracherkaoui.ma\/?s={search_term_string}\"},\"query-input\":{\"@type\":\"PropertyValueSpecification\",\"valueRequired\":true,\"valueName\":\"search_term_string\"}}],\"inLanguage\":\"fr-FR\"}]}<\/script>\r\n<!-- \/ Yoast SEO plugin. -->","yoast_head_json":{"title":"SVR CICAVIT + Baume protecteur l\u00e8vres - Peaux l\u00e9s\u00e9es 10g - Paracherkaoui.ma","robots":{"index":"index","follow":"follow","max-snippet":"max-snippet:-1","max-image-preview":"max-image-preview:large","max-video-preview":"max-video-preview:-1"},"canonical":"https:\/\/paracherkaoui.ma\/index.php\/produit\/svr-cicavit-baume-protecteur-levres-peaux-lesees-10g\/","og_locale":"fr_FR","og_type":"article","og_title":"SVR CICAVIT + Baume protecteur l\u00e8vres - Peaux l\u00e9s\u00e9es 10g - Paracherkaoui.ma","og_description":"Description: CICAVIT + Baume protecteur L\u00e8vres r\u00e9pare durablement les l\u00e8vres s\u00e9v\u00e8rement dess\u00e9ch\u00e9es, gerc\u00e9es et ab\u00eem\u00e9es. Gr\u00e2ce \u00e0 sa formule nourissante","og_url":"https:\/\/paracherkaoui.ma\/index.php\/produit\/svr-cicavit-baume-protecteur-levres-peaux-lesees-10g\/","og_site_name":"Paracherkaoui.ma","article_modified_time":"2025-12-12T16:50:01+00:00","og_image":[{"width":700,"height":700,"url":"https:\/\/paracherkaoui.ma\/wp-content\/uploads\/2025\/12\/svr-svr-cicavit-baume-protecteur-levres-peaux-lesees-10g-levres.jpg","type":"image\/jpeg"}],"twitter_card":"summary_large_image","twitter_misc":{"Dur\u00e9e de lecture estim\u00e9e":"1 minute"},"schema":{"@context":"https:\/\/schema.org","@graph":[{"@type":"WebPage","@id":"https:\/\/paracherkaoui.ma\/index.php\/produit\/svr-cicavit-baume-protecteur-levres-peaux-lesees-10g\/","url":"https:\/\/paracherkaoui.ma\/index.php\/produit\/svr-cicavit-baume-protecteur-levres-peaux-lesees-10g\/","name":"SVR CICAVIT + Baume protecteur l\u00e8vres - Peaux l\u00e9s\u00e9es 10g - Paracherkaoui.ma","isPartOf":{"@id":"https:\/\/paracherkaoui.ma\/#website"},"primaryImageOfPage":{"@id":"https:\/\/paracherkaoui.ma\/index.php\/produit\/svr-cicavit-baume-protecteur-levres-peaux-lesees-10g\/#primaryimage"},"image":{"@id":"https:\/\/paracherkaoui.ma\/index.php\/produit\/svr-cicavit-baume-protecteur-levres-peaux-lesees-10g\/#primaryimage"},"thumbnailUrl":"https:\/\/paracherkaoui.ma\/wp-content\/uploads\/2025\/12\/svr-svr-cicavit-baume-protecteur-levres-peaux-lesees-10g-levres.jpg","datePublished":"2025-12-12T16:49:54+00:00","dateModified":"2025-12-12T16:50:01+00:00","breadcrumb":{"@id":"https:\/\/paracherkaoui.ma\/index.php\/produit\/svr-cicavit-baume-protecteur-levres-peaux-lesees-10g\/#breadcrumb"},"inLanguage":"fr-FR","potentialAction":[{"@type":"ReadAction","target":["https:\/\/paracherkaoui.ma\/index.php\/produit\/svr-cicavit-baume-protecteur-levres-peaux-lesees-10g\/"]}]},{"@type":"ImageObject","inLanguage":"fr-FR","@id":"https:\/\/paracherkaoui.ma\/index.php\/produit\/svr-cicavit-baume-protecteur-levres-peaux-lesees-10g\/#primaryimage","url":"https:\/\/paracherkaoui.ma\/wp-content\/uploads\/2025\/12\/svr-svr-cicavit-baume-protecteur-levres-peaux-lesees-10g-levres.jpg","contentUrl":"https:\/\/paracherkaoui.ma\/wp-content\/uploads\/2025\/12\/svr-svr-cicavit-baume-protecteur-levres-peaux-lesees-10g-levres.jpg","width":700,"height":700},{"@type":"BreadcrumbList","@id":"https:\/\/paracherkaoui.ma\/index.php\/produit\/svr-cicavit-baume-protecteur-levres-peaux-lesees-10g\/#breadcrumb","itemListElement":[{"@type":"ListItem","position":1,"name":"Accueil","item":"https:\/\/paracherkaoui.ma\/"},{"@type":"ListItem","position":2,"name":"Boutique","item":"https:\/\/paracherkaoui.ma\/index.php\/boutique\/"},{"@type":"ListItem","position":3,"name":"SVR CICAVIT + Baume protecteur l\u00e8vres &#8211; Peaux l\u00e9s\u00e9es 10g"}]},{"@type":"WebSite","@id":"https:\/\/paracherkaoui.ma\/#website","url":"https:\/\/paracherkaoui.ma\/","name":"Paracherkaoui.ma","description":"Achetez en ligne sur Paracherkaoui.ma","potentialAction":[{"@type":"SearchAction","target":{"@type":"EntryPoint","urlTemplate":"https:\/\/paracherkaoui.ma\/?s={search_term_string}"},"query-input":{"@type":"PropertyValueSpecification","valueRequired":true,"valueName":"search_term_string"}}],"inLanguage":"fr-FR"}]}},"_links":{"self":[{"href":"https:\/\/paracherkaoui.ma\/index.php\/wp-json\/wp\/v2\/product\/14124","targetHints":{"allow":["GET"]}}],"collection":[{"href":"https:\/\/paracherkaoui.ma\/index.php\/wp-json\/wp\/v2\/product"}],"about":[{"href":"https:\/\/paracherkaoui.ma\/index.php\/wp-json\/wp\/v2\/types\/product"}],"replies":[{"embeddable":true,"href":"https:\/\/paracherkaoui.ma\/index.php\/wp-json\/wp\/v2\/comments?post=14124"}],"version-history":[{"count":1,"href":"https:\/\/paracherkaoui.ma\/index.php\/wp-json\/wp\/v2\/product\/14124\/revisions"}],"predecessor-version":[{"id":14166,"href":"https:\/\/paracherkaoui.ma\/index.php\/wp-json\/wp\/v2\/product\/14124\/revisions\/14166"}],"wp:featuredmedia":[{"embeddable":true,"href":"https:\/\/paracherkaoui.ma\/index.php\/wp-json\/wp\/v2\/media\/14165"}],"wp:attachment":[{"href":"https:\/\/paracherkaoui.ma\/index.php\/wp-json\/wp\/v2\/media?parent=14124"}],"wp:term":[{"taxonomy":"product_brand","embeddable":true,"href":"https:\/\/paracherkaoui.ma\/index.php\/wp-json\/wp\/v2\/product_brand?post=14124"},{"taxonomy":"product_cat","embeddable":true,"href":"https:\/\/paracherkaoui.ma\/index.php\/wp-json\/wp\/v2\/product_cat?post=14124"},{"taxonomy":"product_tag","embeddable":true,"href":"https:\/\/paracherkaoui.ma\/index.php\/wp-json\/wp\/v2\/product_tag?post=14124"}],"curies":[{"name":"wp","href":"https:\/\/api.w.org\/{rel}","templated":true}]}}