{"id":14079,"date":"2025-12-12T17:49:23","date_gmt":"2025-12-12T16:49:23","guid":{"rendered":"https:\/\/test.ecbeaute.com\/?post_type=product&#038;p=14079"},"modified":"2025-12-12T17:49:59","modified_gmt":"2025-12-12T16:49:59","slug":"vichy-liftactiv-supreme-creme-yeux-ha-anti-rides-15-ml-2","status":"publish","type":"product","link":"https:\/\/paracherkaoui.ma\/index.php\/produit\/vichy-liftactiv-supreme-creme-yeux-ha-anti-rides-15-ml-2\/","title":{"rendered":"VICHY LIFTACTIV SUPREME CREME YEUX HA ANTI RIDES 15 ML"},"content":{"rendered":"<p>Formul\u00e9e \u00e0 base d\u2019acide hyaluronique pur, cette cr\u00e8me agit en profondeur pour repulper les rides, m\u00eame install\u00e9es, et renforcer la fermet\u00e9 de la peau. Associ\u00e9e \u00e0 de la caf\u00e9ine \u2013 reconnue pour ses propri\u00e9t\u00e9s d\u00e9congestionnantes \u2013 elle r\u00e9duit significativement l&rsquo;apparence des cernes et des poches sous les yeux. La Vitamine CG renforce la protection antioxydante et contribue \u00e0 pr\u00e9venir les signes de vieillissement pr\u00e9matur\u00e9. Enfin, l\u2019eau volcanique de Vichy, riche en 15 min\u00e9raux essentiels, fortifie la barri\u00e8re cutan\u00e9e et apaise instantan\u00e9ment. Les r\u00e9sultats sont visibles d\u00e8s 12 semaines : Rides de la patte d\u2019oie : -30 % Rides sous les yeux : -24 % Adapt\u00e9e pour une application sur l\u2019ensemble du contour de l\u2019\u0153il, y compris la paupi\u00e8re mobile et la patte d\u2019oie, la cr\u00e8me Vichy Liftactiv Yeux assure une correction globale pour un regard visiblement plus jeune, repos\u00e9 et lumineux. Conseils d&rsquo;utilisation Appliquer matin et soir, par touches l\u00e9g\u00e8res, sur l&rsquo;ensemble du contour des yeux (paupi\u00e8res, cernes, arcade sourcili\u00e8re, patte d\u2019oie). Lisser d\u00e9licatement de l&rsquo;int\u00e9rieur vers l&rsquo;ext\u00e9rieur, sans pression. Tapoter en douceur pour favoriser l\u2019absorption. Finir l\u2019application au niveau des pattes d\u2019oie, jusqu&rsquo;\u00e0 la lisi\u00e8re des cils. Composition Aqua, Dimethicone, Hydrogenated Polyisobutene, Glycerin, Rhamnose, Cetyl Alcohol, Glyceryl Stearate, Zea Mays Starch, PEG-40 Stearate, Cera Alba, Pentylene Glycol, Adenosine, Caffeine, Hydrolyzed Hyaluronic Acid, Hydroxyacetophenone, Lauroyl Lysine, Sodium Hyaluronate, Triethanolamine, Vitreoscilla Ferment, Ascorbyl Glucoside, Panthenol, Tocopherol, Dipotassium Glycyrrhizate, Ammonium Polyacryloyldimethyl Taurate, Caprylyl Glycol, Citric Acid, Myristic Acid, Palmitic Acid, Poloxamer 338, Sorbitan Tristearate, Stearic Acid<\/p>\n","protected":false},"excerpt":{"rendered":"<p>Formul\u00e9e \u00e0 base d\u2019acide hyaluronique pur, cette cr\u00e8me agit en profondeur pour repulper les rides, m\u00eame install\u00e9es, et renforcer la<\/p>\n","protected":false},"featured_media":10769,"comment_status":"open","ping_status":"closed","template":"","meta":[],"product_brand":[139],"product_cat":[175],"product_tag":[],"class_list":{"0":"post-14079","1":"product","2":"type-product","3":"status-publish","4":"has-post-thumbnail","6":"product_brand-vichy","7":"product_cat-soins-contour-des-yeux","9":"first","10":"instock","11":"sale","12":"shipping-taxable","13":"purchasable","14":"product-type-simple"},"yoast_head":"<!-- This site is optimized with the Yoast SEO plugin v26.6 - https:\/\/yoast.com\/wordpress\/plugins\/seo\/ -->\r\n<title>VICHY LIFTACTIV SUPREME CREME YEUX HA ANTI RIDES 15 ML - Paracherkaoui.ma<\/title>\r\n<meta name=\"robots\" content=\"index, follow, max-snippet:-1, max-image-preview:large, max-video-preview:-1\" \/>\r\n<link rel=\"canonical\" href=\"https:\/\/paracherkaoui.ma\/index.php\/produit\/vichy-liftactiv-supreme-creme-yeux-ha-anti-rides-15-ml-2\/\" \/>\r\n<meta property=\"og:locale\" content=\"fr_FR\" \/>\r\n<meta property=\"og:type\" content=\"article\" \/>\r\n<meta property=\"og:title\" content=\"VICHY LIFTACTIV SUPREME CREME YEUX HA ANTI RIDES 15 ML - Paracherkaoui.ma\" \/>\r\n<meta property=\"og:description\" content=\"Formul\u00e9e \u00e0 base d\u2019acide hyaluronique pur, cette cr\u00e8me agit en profondeur pour repulper les rides, m\u00eame install\u00e9es, et renforcer la\" \/>\r\n<meta property=\"og:url\" content=\"https:\/\/paracherkaoui.ma\/index.php\/produit\/vichy-liftactiv-supreme-creme-yeux-ha-anti-rides-15-ml-2\/\" \/>\r\n<meta property=\"og:site_name\" content=\"Paracherkaoui.ma\" \/>\r\n<meta property=\"article:modified_time\" content=\"2025-12-12T16:49:59+00:00\" \/>\r\n<meta property=\"og:image\" content=\"https:\/\/paracherkaoui.ma\/wp-content\/uploads\/2025\/12\/vichy-vichy-liftactiv-supreme-creme-yeux-ha-anti-rides-15-ml-soins-contours-yeux.jpg\" \/>\r\n\t<meta property=\"og:image:width\" content=\"700\" \/>\r\n\t<meta property=\"og:image:height\" content=\"700\" \/>\r\n\t<meta property=\"og:image:type\" content=\"image\/jpeg\" \/>\r\n<meta name=\"twitter:card\" content=\"summary_large_image\" \/>\r\n<meta name=\"twitter:label1\" content=\"Dur\u00e9e de lecture estim\u00e9e\" \/>\n\t<meta name=\"twitter:data1\" content=\"1 minute\" \/>\r\n<script type=\"application\/ld+json\" class=\"yoast-schema-graph\">{\"@context\":\"https:\/\/schema.org\",\"@graph\":[{\"@type\":\"WebPage\",\"@id\":\"https:\/\/paracherkaoui.ma\/index.php\/produit\/vichy-liftactiv-supreme-creme-yeux-ha-anti-rides-15-ml-2\/\",\"url\":\"https:\/\/paracherkaoui.ma\/index.php\/produit\/vichy-liftactiv-supreme-creme-yeux-ha-anti-rides-15-ml-2\/\",\"name\":\"VICHY LIFTACTIV SUPREME CREME YEUX HA ANTI RIDES 15 ML - Paracherkaoui.ma\",\"isPartOf\":{\"@id\":\"https:\/\/paracherkaoui.ma\/#website\"},\"primaryImageOfPage\":{\"@id\":\"https:\/\/paracherkaoui.ma\/index.php\/produit\/vichy-liftactiv-supreme-creme-yeux-ha-anti-rides-15-ml-2\/#primaryimage\"},\"image\":{\"@id\":\"https:\/\/paracherkaoui.ma\/index.php\/produit\/vichy-liftactiv-supreme-creme-yeux-ha-anti-rides-15-ml-2\/#primaryimage\"},\"thumbnailUrl\":\"https:\/\/paracherkaoui.ma\/wp-content\/uploads\/2025\/12\/vichy-vichy-liftactiv-supreme-creme-yeux-ha-anti-rides-15-ml-soins-contours-yeux.jpg\",\"datePublished\":\"2025-12-12T16:49:23+00:00\",\"dateModified\":\"2025-12-12T16:49:59+00:00\",\"breadcrumb\":{\"@id\":\"https:\/\/paracherkaoui.ma\/index.php\/produit\/vichy-liftactiv-supreme-creme-yeux-ha-anti-rides-15-ml-2\/#breadcrumb\"},\"inLanguage\":\"fr-FR\",\"potentialAction\":[{\"@type\":\"ReadAction\",\"target\":[\"https:\/\/paracherkaoui.ma\/index.php\/produit\/vichy-liftactiv-supreme-creme-yeux-ha-anti-rides-15-ml-2\/\"]}]},{\"@type\":\"ImageObject\",\"inLanguage\":\"fr-FR\",\"@id\":\"https:\/\/paracherkaoui.ma\/index.php\/produit\/vichy-liftactiv-supreme-creme-yeux-ha-anti-rides-15-ml-2\/#primaryimage\",\"url\":\"https:\/\/paracherkaoui.ma\/wp-content\/uploads\/2025\/12\/vichy-vichy-liftactiv-supreme-creme-yeux-ha-anti-rides-15-ml-soins-contours-yeux.jpg\",\"contentUrl\":\"https:\/\/paracherkaoui.ma\/wp-content\/uploads\/2025\/12\/vichy-vichy-liftactiv-supreme-creme-yeux-ha-anti-rides-15-ml-soins-contours-yeux.jpg\",\"width\":700,\"height\":700},{\"@type\":\"BreadcrumbList\",\"@id\":\"https:\/\/paracherkaoui.ma\/index.php\/produit\/vichy-liftactiv-supreme-creme-yeux-ha-anti-rides-15-ml-2\/#breadcrumb\",\"itemListElement\":[{\"@type\":\"ListItem\",\"position\":1,\"name\":\"Accueil\",\"item\":\"https:\/\/paracherkaoui.ma\/\"},{\"@type\":\"ListItem\",\"position\":2,\"name\":\"Boutique\",\"item\":\"https:\/\/paracherkaoui.ma\/index.php\/boutique\/\"},{\"@type\":\"ListItem\",\"position\":3,\"name\":\"VICHY LIFTACTIV SUPREME CREME YEUX HA ANTI RIDES 15 ML\"}]},{\"@type\":\"WebSite\",\"@id\":\"https:\/\/paracherkaoui.ma\/#website\",\"url\":\"https:\/\/paracherkaoui.ma\/\",\"name\":\"Paracherkaoui.ma\",\"description\":\"Achetez en ligne sur Paracherkaoui.ma\",\"potentialAction\":[{\"@type\":\"SearchAction\",\"target\":{\"@type\":\"EntryPoint\",\"urlTemplate\":\"https:\/\/paracherkaoui.ma\/?s={search_term_string}\"},\"query-input\":{\"@type\":\"PropertyValueSpecification\",\"valueRequired\":true,\"valueName\":\"search_term_string\"}}],\"inLanguage\":\"fr-FR\"}]}<\/script>\r\n<!-- \/ Yoast SEO plugin. -->","yoast_head_json":{"title":"VICHY LIFTACTIV SUPREME CREME YEUX HA ANTI RIDES 15 ML - Paracherkaoui.ma","robots":{"index":"index","follow":"follow","max-snippet":"max-snippet:-1","max-image-preview":"max-image-preview:large","max-video-preview":"max-video-preview:-1"},"canonical":"https:\/\/paracherkaoui.ma\/index.php\/produit\/vichy-liftactiv-supreme-creme-yeux-ha-anti-rides-15-ml-2\/","og_locale":"fr_FR","og_type":"article","og_title":"VICHY LIFTACTIV SUPREME CREME YEUX HA ANTI RIDES 15 ML - Paracherkaoui.ma","og_description":"Formul\u00e9e \u00e0 base d\u2019acide hyaluronique pur, cette cr\u00e8me agit en profondeur pour repulper les rides, m\u00eame install\u00e9es, et renforcer la","og_url":"https:\/\/paracherkaoui.ma\/index.php\/produit\/vichy-liftactiv-supreme-creme-yeux-ha-anti-rides-15-ml-2\/","og_site_name":"Paracherkaoui.ma","article_modified_time":"2025-12-12T16:49:59+00:00","og_image":[{"width":700,"height":700,"url":"https:\/\/paracherkaoui.ma\/wp-content\/uploads\/2025\/12\/vichy-vichy-liftactiv-supreme-creme-yeux-ha-anti-rides-15-ml-soins-contours-yeux.jpg","type":"image\/jpeg"}],"twitter_card":"summary_large_image","twitter_misc":{"Dur\u00e9e de lecture estim\u00e9e":"1 minute"},"schema":{"@context":"https:\/\/schema.org","@graph":[{"@type":"WebPage","@id":"https:\/\/paracherkaoui.ma\/index.php\/produit\/vichy-liftactiv-supreme-creme-yeux-ha-anti-rides-15-ml-2\/","url":"https:\/\/paracherkaoui.ma\/index.php\/produit\/vichy-liftactiv-supreme-creme-yeux-ha-anti-rides-15-ml-2\/","name":"VICHY LIFTACTIV SUPREME CREME YEUX HA ANTI RIDES 15 ML - Paracherkaoui.ma","isPartOf":{"@id":"https:\/\/paracherkaoui.ma\/#website"},"primaryImageOfPage":{"@id":"https:\/\/paracherkaoui.ma\/index.php\/produit\/vichy-liftactiv-supreme-creme-yeux-ha-anti-rides-15-ml-2\/#primaryimage"},"image":{"@id":"https:\/\/paracherkaoui.ma\/index.php\/produit\/vichy-liftactiv-supreme-creme-yeux-ha-anti-rides-15-ml-2\/#primaryimage"},"thumbnailUrl":"https:\/\/paracherkaoui.ma\/wp-content\/uploads\/2025\/12\/vichy-vichy-liftactiv-supreme-creme-yeux-ha-anti-rides-15-ml-soins-contours-yeux.jpg","datePublished":"2025-12-12T16:49:23+00:00","dateModified":"2025-12-12T16:49:59+00:00","breadcrumb":{"@id":"https:\/\/paracherkaoui.ma\/index.php\/produit\/vichy-liftactiv-supreme-creme-yeux-ha-anti-rides-15-ml-2\/#breadcrumb"},"inLanguage":"fr-FR","potentialAction":[{"@type":"ReadAction","target":["https:\/\/paracherkaoui.ma\/index.php\/produit\/vichy-liftactiv-supreme-creme-yeux-ha-anti-rides-15-ml-2\/"]}]},{"@type":"ImageObject","inLanguage":"fr-FR","@id":"https:\/\/paracherkaoui.ma\/index.php\/produit\/vichy-liftactiv-supreme-creme-yeux-ha-anti-rides-15-ml-2\/#primaryimage","url":"https:\/\/paracherkaoui.ma\/wp-content\/uploads\/2025\/12\/vichy-vichy-liftactiv-supreme-creme-yeux-ha-anti-rides-15-ml-soins-contours-yeux.jpg","contentUrl":"https:\/\/paracherkaoui.ma\/wp-content\/uploads\/2025\/12\/vichy-vichy-liftactiv-supreme-creme-yeux-ha-anti-rides-15-ml-soins-contours-yeux.jpg","width":700,"height":700},{"@type":"BreadcrumbList","@id":"https:\/\/paracherkaoui.ma\/index.php\/produit\/vichy-liftactiv-supreme-creme-yeux-ha-anti-rides-15-ml-2\/#breadcrumb","itemListElement":[{"@type":"ListItem","position":1,"name":"Accueil","item":"https:\/\/paracherkaoui.ma\/"},{"@type":"ListItem","position":2,"name":"Boutique","item":"https:\/\/paracherkaoui.ma\/index.php\/boutique\/"},{"@type":"ListItem","position":3,"name":"VICHY LIFTACTIV SUPREME CREME YEUX HA ANTI RIDES 15 ML"}]},{"@type":"WebSite","@id":"https:\/\/paracherkaoui.ma\/#website","url":"https:\/\/paracherkaoui.ma\/","name":"Paracherkaoui.ma","description":"Achetez en ligne sur Paracherkaoui.ma","potentialAction":[{"@type":"SearchAction","target":{"@type":"EntryPoint","urlTemplate":"https:\/\/paracherkaoui.ma\/?s={search_term_string}"},"query-input":{"@type":"PropertyValueSpecification","valueRequired":true,"valueName":"search_term_string"}}],"inLanguage":"fr-FR"}]}},"_links":{"self":[{"href":"https:\/\/paracherkaoui.ma\/index.php\/wp-json\/wp\/v2\/product\/14079","targetHints":{"allow":["GET"]}}],"collection":[{"href":"https:\/\/paracherkaoui.ma\/index.php\/wp-json\/wp\/v2\/product"}],"about":[{"href":"https:\/\/paracherkaoui.ma\/index.php\/wp-json\/wp\/v2\/types\/product"}],"replies":[{"embeddable":true,"href":"https:\/\/paracherkaoui.ma\/index.php\/wp-json\/wp\/v2\/comments?post=14079"}],"version-history":[{"count":1,"href":"https:\/\/paracherkaoui.ma\/index.php\/wp-json\/wp\/v2\/product\/14079\/revisions"}],"predecessor-version":[{"id":14144,"href":"https:\/\/paracherkaoui.ma\/index.php\/wp-json\/wp\/v2\/product\/14079\/revisions\/14144"}],"wp:featuredmedia":[{"embeddable":true,"href":"https:\/\/paracherkaoui.ma\/index.php\/wp-json\/wp\/v2\/media\/10769"}],"wp:attachment":[{"href":"https:\/\/paracherkaoui.ma\/index.php\/wp-json\/wp\/v2\/media?parent=14079"}],"wp:term":[{"taxonomy":"product_brand","embeddable":true,"href":"https:\/\/paracherkaoui.ma\/index.php\/wp-json\/wp\/v2\/product_brand?post=14079"},{"taxonomy":"product_cat","embeddable":true,"href":"https:\/\/paracherkaoui.ma\/index.php\/wp-json\/wp\/v2\/product_cat?post=14079"},{"taxonomy":"product_tag","embeddable":true,"href":"https:\/\/paracherkaoui.ma\/index.php\/wp-json\/wp\/v2\/product_tag?post=14079"}],"curies":[{"name":"wp","href":"https:\/\/api.w.org\/{rel}","templated":true}]}}