{"id":14067,"date":"2025-12-12T17:49:18","date_gmt":"2025-12-12T16:49:18","guid":{"rendered":"https:\/\/test.ecbeaute.com\/?post_type=product&#038;p=14067"},"modified":"2025-12-12T17:49:45","modified_gmt":"2025-12-12T16:49:45","slug":"uriage-age-lift-soin-lissant-regard-15-ml","status":"publish","type":"product","link":"https:\/\/paracherkaoui.ma\/index.php\/produit\/uriage-age-lift-soin-lissant-regard-15-ml\/","title":{"rendered":"URIAGE AGE LIFT SOIN LISSANT REGARD 15 ML"},"content":{"rendered":"<p>URIAGE AGE LIFT SOIN LISSANT REGARD agit en synergie sur plusieurs fronts pour restaurer la jeunesse de votre regard. Enrichi en r\u00e9tinol et acide hyaluronique, il cible les rides et les ridules pour lisser la peau d\u00e9licate du contour des yeux. Ce soin lissant fondant lutte efficacement contre les signes visibles de l\u2019\u00e2ge et les agressions quotidiennes telles que la lumi\u00e8re bleue, les UV, la pollution, le stress et la fatigue. En un seul geste, il am\u00e9liore la fermet\u00e9, lisse la peau et att\u00e9nue les poches et les cernes. Gr\u00e2ce \u00e0 l&rsquo;action combin\u00e9e du sulfate de dextran et des nacres, les poches et les cernes sont visiblement r\u00e9duits. Les paupi\u00e8res sont r\u00e9hauss\u00e9es, offrant un effet liftant spectaculaire. De plus, la formule riche en beurre de karit\u00e9 garantit une hydratation profonde et durable, laissant la peau souple et confortable. COMPOSITION AQUA (WATER, EAU) \u25cf DIMETHICONE \u25cf BUTYLENE GLYCOL \u25cf DIGLYCERIN \u25cf SILICA \u25cf BUTYROSPERMUM PARKII (SHEA) BUTTER \u25cf CETYL ALCOHOL \u25cf SQUALANE \u25cf JOJOBA ESTERS \u25cf 1,2-HEXANEDIOL \u25cf BORON NITRIDE \u25cf GLYCERYL STEARATE \u25cf PEG-100 STEARATE \u25cf GLYCERYL BEHENATE \u25cf HELIANTHUS ANNUUS SEED CERA (HELIANTHUS ANNUUS (SUNFLOWER) SEED WAX) \u25cf DIMETHICONOL \u25cf POLYACRYLATE CROSSPOLYMER-6 \u25cf SODIUM ACRYLATE\/SODIUM ACRYLOYLDIMETHYL TAURATE COPOLYMER \u25cf SODIUM DEXTRAN SULFATE \u25cf CAESALPINIA SPINOSA FRUIT EXTRACT \u25cf ISOHEXADECANE \u25cf BENZOIC ACID \u25cf MICA \u25cf GLYCERIN \u25cf ASCORBYL TETRAISOPALMITATE \u25cf POLYSORBATE 80 \u25cf TOCOPHERYL ACETATE \u25cf KAPPAPHYCUS ALVAREZII EXTRACT \u25cf o-CYMEN-5-OL \u25cf CI 77891 (TITANIUM DIOXIDE) \u25cf ACACIA DECURRENS FLOWER CERA (ACACIA DECURRENS FLOWER WAX) \u25cf POLYGLYCERIN-3 \u25cf RETINYL PALMITATE \u25cf ADENOSINE \u25cf SODIUM HYALURONATE \u25cf SODIUM HYDROXIDE \u25cf SORBITAN OLEATE \u25cf t-BUTYL ALCOHOL \u25cf THEOBROMA CACAO (COCOA) SEED EXTRACT \u25cf SPIRULINA PLATENSIS EXTRACT \u25cf TOCOPHEROL CONSEIL D\u2019UTILISATION Pour optimiser les bienfaits de ce soin, il est recommand\u00e9 d&rsquo;appliquer le contour des yeux anti-\u00e2ge matin et\/ou soir, par l\u00e9gers massages. Cette m\u00e9thode permet d&rsquo;am\u00e9liorer la microcirculation et de maximiser l&rsquo;absorption des actifs. Avec URIAGE AGE LIFT SOIN LISSANT REGARD, offrez-vous un regard repos\u00e9 et rajeuni, jour apr\u00e8s jour. L\u2019apparence des rides, des poches et des cernes est visiblement att\u00e9nu\u00e9e, laissant place \u00e0 un regard plus frais et \u00e9clatant de jeunesse.<\/p>\n","protected":false},"excerpt":{"rendered":"<p>URIAGE AGE LIFT SOIN LISSANT REGARD agit en synergie sur plusieurs fronts pour restaurer la jeunesse de votre regard. Enrichi<\/p>\n","protected":false},"featured_media":14112,"comment_status":"open","ping_status":"closed","template":"","meta":[],"product_brand":[130],"product_cat":[175],"product_tag":[],"class_list":{"0":"post-14067","1":"product","2":"type-product","3":"status-publish","4":"has-post-thumbnail","6":"product_brand-uriage","7":"product_cat-soins-contour-des-yeux","9":"first","10":"instock","11":"sale","12":"shipping-taxable","13":"purchasable","14":"product-type-simple"},"yoast_head":"<!-- This site is optimized with the Yoast SEO plugin v26.6 - https:\/\/yoast.com\/wordpress\/plugins\/seo\/ -->\r\n<title>URIAGE AGE LIFT SOIN LISSANT REGARD 15 ML - Paracherkaoui.ma<\/title>\r\n<meta name=\"robots\" content=\"index, follow, max-snippet:-1, max-image-preview:large, max-video-preview:-1\" \/>\r\n<link rel=\"canonical\" href=\"https:\/\/paracherkaoui.ma\/index.php\/produit\/uriage-age-lift-soin-lissant-regard-15-ml\/\" \/>\r\n<meta property=\"og:locale\" content=\"fr_FR\" \/>\r\n<meta property=\"og:type\" content=\"article\" \/>\r\n<meta property=\"og:title\" content=\"URIAGE AGE LIFT SOIN LISSANT REGARD 15 ML - Paracherkaoui.ma\" \/>\r\n<meta property=\"og:description\" content=\"URIAGE AGE LIFT SOIN LISSANT REGARD agit en synergie sur plusieurs fronts pour restaurer la jeunesse de votre regard. Enrichi\" \/>\r\n<meta property=\"og:url\" content=\"https:\/\/paracherkaoui.ma\/index.php\/produit\/uriage-age-lift-soin-lissant-regard-15-ml\/\" \/>\r\n<meta property=\"og:site_name\" content=\"Paracherkaoui.ma\" \/>\r\n<meta property=\"article:modified_time\" content=\"2025-12-12T16:49:45+00:00\" \/>\r\n<meta property=\"og:image\" content=\"https:\/\/paracherkaoui.ma\/wp-content\/uploads\/2025\/12\/uriage-uriage-age-lift-soin-lissant-regard-15-ml-yeux.jpg\" \/>\r\n\t<meta property=\"og:image:width\" content=\"700\" \/>\r\n\t<meta property=\"og:image:height\" content=\"700\" \/>\r\n\t<meta property=\"og:image:type\" content=\"image\/jpeg\" \/>\r\n<meta name=\"twitter:card\" content=\"summary_large_image\" \/>\r\n<meta name=\"twitter:label1\" content=\"Dur\u00e9e de lecture estim\u00e9e\" \/>\n\t<meta name=\"twitter:data1\" content=\"2 minutes\" \/>\r\n<script type=\"application\/ld+json\" class=\"yoast-schema-graph\">{\"@context\":\"https:\/\/schema.org\",\"@graph\":[{\"@type\":\"WebPage\",\"@id\":\"https:\/\/paracherkaoui.ma\/index.php\/produit\/uriage-age-lift-soin-lissant-regard-15-ml\/\",\"url\":\"https:\/\/paracherkaoui.ma\/index.php\/produit\/uriage-age-lift-soin-lissant-regard-15-ml\/\",\"name\":\"URIAGE AGE LIFT SOIN LISSANT REGARD 15 ML - Paracherkaoui.ma\",\"isPartOf\":{\"@id\":\"https:\/\/paracherkaoui.ma\/#website\"},\"primaryImageOfPage\":{\"@id\":\"https:\/\/paracherkaoui.ma\/index.php\/produit\/uriage-age-lift-soin-lissant-regard-15-ml\/#primaryimage\"},\"image\":{\"@id\":\"https:\/\/paracherkaoui.ma\/index.php\/produit\/uriage-age-lift-soin-lissant-regard-15-ml\/#primaryimage\"},\"thumbnailUrl\":\"https:\/\/paracherkaoui.ma\/wp-content\/uploads\/2025\/12\/uriage-uriage-age-lift-soin-lissant-regard-15-ml-yeux.jpg\",\"datePublished\":\"2025-12-12T16:49:18+00:00\",\"dateModified\":\"2025-12-12T16:49:45+00:00\",\"breadcrumb\":{\"@id\":\"https:\/\/paracherkaoui.ma\/index.php\/produit\/uriage-age-lift-soin-lissant-regard-15-ml\/#breadcrumb\"},\"inLanguage\":\"fr-FR\",\"potentialAction\":[{\"@type\":\"ReadAction\",\"target\":[\"https:\/\/paracherkaoui.ma\/index.php\/produit\/uriage-age-lift-soin-lissant-regard-15-ml\/\"]}]},{\"@type\":\"ImageObject\",\"inLanguage\":\"fr-FR\",\"@id\":\"https:\/\/paracherkaoui.ma\/index.php\/produit\/uriage-age-lift-soin-lissant-regard-15-ml\/#primaryimage\",\"url\":\"https:\/\/paracherkaoui.ma\/wp-content\/uploads\/2025\/12\/uriage-uriage-age-lift-soin-lissant-regard-15-ml-yeux.jpg\",\"contentUrl\":\"https:\/\/paracherkaoui.ma\/wp-content\/uploads\/2025\/12\/uriage-uriage-age-lift-soin-lissant-regard-15-ml-yeux.jpg\",\"width\":700,\"height\":700},{\"@type\":\"BreadcrumbList\",\"@id\":\"https:\/\/paracherkaoui.ma\/index.php\/produit\/uriage-age-lift-soin-lissant-regard-15-ml\/#breadcrumb\",\"itemListElement\":[{\"@type\":\"ListItem\",\"position\":1,\"name\":\"Accueil\",\"item\":\"https:\/\/paracherkaoui.ma\/\"},{\"@type\":\"ListItem\",\"position\":2,\"name\":\"Boutique\",\"item\":\"https:\/\/paracherkaoui.ma\/index.php\/boutique\/\"},{\"@type\":\"ListItem\",\"position\":3,\"name\":\"URIAGE AGE LIFT SOIN LISSANT REGARD 15 ML\"}]},{\"@type\":\"WebSite\",\"@id\":\"https:\/\/paracherkaoui.ma\/#website\",\"url\":\"https:\/\/paracherkaoui.ma\/\",\"name\":\"Paracherkaoui.ma\",\"description\":\"Achetez en ligne sur Paracherkaoui.ma\",\"potentialAction\":[{\"@type\":\"SearchAction\",\"target\":{\"@type\":\"EntryPoint\",\"urlTemplate\":\"https:\/\/paracherkaoui.ma\/?s={search_term_string}\"},\"query-input\":{\"@type\":\"PropertyValueSpecification\",\"valueRequired\":true,\"valueName\":\"search_term_string\"}}],\"inLanguage\":\"fr-FR\"}]}<\/script>\r\n<!-- \/ Yoast SEO plugin. -->","yoast_head_json":{"title":"URIAGE AGE LIFT SOIN LISSANT REGARD 15 ML - Paracherkaoui.ma","robots":{"index":"index","follow":"follow","max-snippet":"max-snippet:-1","max-image-preview":"max-image-preview:large","max-video-preview":"max-video-preview:-1"},"canonical":"https:\/\/paracherkaoui.ma\/index.php\/produit\/uriage-age-lift-soin-lissant-regard-15-ml\/","og_locale":"fr_FR","og_type":"article","og_title":"URIAGE AGE LIFT SOIN LISSANT REGARD 15 ML - Paracherkaoui.ma","og_description":"URIAGE AGE LIFT SOIN LISSANT REGARD agit en synergie sur plusieurs fronts pour restaurer la jeunesse de votre regard. Enrichi","og_url":"https:\/\/paracherkaoui.ma\/index.php\/produit\/uriage-age-lift-soin-lissant-regard-15-ml\/","og_site_name":"Paracherkaoui.ma","article_modified_time":"2025-12-12T16:49:45+00:00","og_image":[{"width":700,"height":700,"url":"https:\/\/paracherkaoui.ma\/wp-content\/uploads\/2025\/12\/uriage-uriage-age-lift-soin-lissant-regard-15-ml-yeux.jpg","type":"image\/jpeg"}],"twitter_card":"summary_large_image","twitter_misc":{"Dur\u00e9e de lecture estim\u00e9e":"2 minutes"},"schema":{"@context":"https:\/\/schema.org","@graph":[{"@type":"WebPage","@id":"https:\/\/paracherkaoui.ma\/index.php\/produit\/uriage-age-lift-soin-lissant-regard-15-ml\/","url":"https:\/\/paracherkaoui.ma\/index.php\/produit\/uriage-age-lift-soin-lissant-regard-15-ml\/","name":"URIAGE AGE LIFT SOIN LISSANT REGARD 15 ML - Paracherkaoui.ma","isPartOf":{"@id":"https:\/\/paracherkaoui.ma\/#website"},"primaryImageOfPage":{"@id":"https:\/\/paracherkaoui.ma\/index.php\/produit\/uriage-age-lift-soin-lissant-regard-15-ml\/#primaryimage"},"image":{"@id":"https:\/\/paracherkaoui.ma\/index.php\/produit\/uriage-age-lift-soin-lissant-regard-15-ml\/#primaryimage"},"thumbnailUrl":"https:\/\/paracherkaoui.ma\/wp-content\/uploads\/2025\/12\/uriage-uriage-age-lift-soin-lissant-regard-15-ml-yeux.jpg","datePublished":"2025-12-12T16:49:18+00:00","dateModified":"2025-12-12T16:49:45+00:00","breadcrumb":{"@id":"https:\/\/paracherkaoui.ma\/index.php\/produit\/uriage-age-lift-soin-lissant-regard-15-ml\/#breadcrumb"},"inLanguage":"fr-FR","potentialAction":[{"@type":"ReadAction","target":["https:\/\/paracherkaoui.ma\/index.php\/produit\/uriage-age-lift-soin-lissant-regard-15-ml\/"]}]},{"@type":"ImageObject","inLanguage":"fr-FR","@id":"https:\/\/paracherkaoui.ma\/index.php\/produit\/uriage-age-lift-soin-lissant-regard-15-ml\/#primaryimage","url":"https:\/\/paracherkaoui.ma\/wp-content\/uploads\/2025\/12\/uriage-uriage-age-lift-soin-lissant-regard-15-ml-yeux.jpg","contentUrl":"https:\/\/paracherkaoui.ma\/wp-content\/uploads\/2025\/12\/uriage-uriage-age-lift-soin-lissant-regard-15-ml-yeux.jpg","width":700,"height":700},{"@type":"BreadcrumbList","@id":"https:\/\/paracherkaoui.ma\/index.php\/produit\/uriage-age-lift-soin-lissant-regard-15-ml\/#breadcrumb","itemListElement":[{"@type":"ListItem","position":1,"name":"Accueil","item":"https:\/\/paracherkaoui.ma\/"},{"@type":"ListItem","position":2,"name":"Boutique","item":"https:\/\/paracherkaoui.ma\/index.php\/boutique\/"},{"@type":"ListItem","position":3,"name":"URIAGE AGE LIFT SOIN LISSANT REGARD 15 ML"}]},{"@type":"WebSite","@id":"https:\/\/paracherkaoui.ma\/#website","url":"https:\/\/paracherkaoui.ma\/","name":"Paracherkaoui.ma","description":"Achetez en ligne sur Paracherkaoui.ma","potentialAction":[{"@type":"SearchAction","target":{"@type":"EntryPoint","urlTemplate":"https:\/\/paracherkaoui.ma\/?s={search_term_string}"},"query-input":{"@type":"PropertyValueSpecification","valueRequired":true,"valueName":"search_term_string"}}],"inLanguage":"fr-FR"}]}},"_links":{"self":[{"href":"https:\/\/paracherkaoui.ma\/index.php\/wp-json\/wp\/v2\/product\/14067","targetHints":{"allow":["GET"]}}],"collection":[{"href":"https:\/\/paracherkaoui.ma\/index.php\/wp-json\/wp\/v2\/product"}],"about":[{"href":"https:\/\/paracherkaoui.ma\/index.php\/wp-json\/wp\/v2\/types\/product"}],"replies":[{"embeddable":true,"href":"https:\/\/paracherkaoui.ma\/index.php\/wp-json\/wp\/v2\/comments?post=14067"}],"version-history":[{"count":1,"href":"https:\/\/paracherkaoui.ma\/index.php\/wp-json\/wp\/v2\/product\/14067\/revisions"}],"predecessor-version":[{"id":14113,"href":"https:\/\/paracherkaoui.ma\/index.php\/wp-json\/wp\/v2\/product\/14067\/revisions\/14113"}],"wp:featuredmedia":[{"embeddable":true,"href":"https:\/\/paracherkaoui.ma\/index.php\/wp-json\/wp\/v2\/media\/14112"}],"wp:attachment":[{"href":"https:\/\/paracherkaoui.ma\/index.php\/wp-json\/wp\/v2\/media?parent=14067"}],"wp:term":[{"taxonomy":"product_brand","embeddable":true,"href":"https:\/\/paracherkaoui.ma\/index.php\/wp-json\/wp\/v2\/product_brand?post=14067"},{"taxonomy":"product_cat","embeddable":true,"href":"https:\/\/paracherkaoui.ma\/index.php\/wp-json\/wp\/v2\/product_cat?post=14067"},{"taxonomy":"product_tag","embeddable":true,"href":"https:\/\/paracherkaoui.ma\/index.php\/wp-json\/wp\/v2\/product_tag?post=14067"}],"curies":[{"name":"wp","href":"https:\/\/api.w.org\/{rel}","templated":true}]}}