{"id":14058,"date":"2025-12-12T17:49:15","date_gmt":"2025-12-12T16:49:15","guid":{"rendered":"https:\/\/test.ecbeaute.com\/?post_type=product&#038;p=14058"},"modified":"2025-12-12T17:49:33","modified_gmt":"2025-12-12T16:49:33","slug":"ducray-dexyane-med-palpebral-15ml","status":"publish","type":"product","link":"https:\/\/paracherkaoui.ma\/index.php\/produit\/ducray-dexyane-med-palpebral-15ml\/","title":{"rendered":"DUCRAY DEXYANE MED PALPEBRAL 15ML"},"content":{"rendered":"<p>DEXYANE MeD Palp\u00e9bral est un dispositif m\u00e9dical* traitant les ecz\u00e9mas atopiques ou de contact localis\u00e9s sur les paupi\u00e8res\u2022 Sa formule hautement hydratante agit tel un pansement qui, d&rsquo;une part soulage et d\u00e9congestionne, et d&rsquo;autre part restaure la barri\u00e8re cutan\u00e9e et limite l&rsquo;adh\u00e9sion des bact\u00e9ries\u2022 Une efficacit\u00e9 cliniquement d\u00e9montr\u00e9e et une bonne tol\u00e9rance\u2022 \u00c0 utiliser seul, en association ou en relais des dermocortico\u00efdes pour traiter les l\u00e9sions d&rsquo;ecz\u00e9mas et limiter leur r\u00e9apparition*DEXYANE MeD Palp\u00e9bral est un dispositif m\u00e9dical, produit de sant\u00e9 r\u00e9glement\u00e9 qui porte au titre de cette r\u00e8glementation le marquage CE. Lire attentivement les instructions figurant dans la notice. Ne pas utiliser sur la femme enceinte ou allaitante. Eviter tout contact direct avec les yeux. Conseils d&rsquo;utilisation: \u2022 Appliquer en fine couche directement sur les l\u00e9sions inflammatoires d\u2019ecz\u00e9ma des paupi\u00e8res avec un doigt propre, en \u00e9vitant tout contact avec l\u2019\u0153il \u2022 Usage externe \u2022 A utiliser seul, en association et\/ou en relais des dermo-cortico\u00efdes<\/p>\n","protected":false},"excerpt":{"rendered":"<p>DEXYANE MeD Palp\u00e9bral est un dispositif m\u00e9dical* traitant les ecz\u00e9mas atopiques ou de contact localis\u00e9s sur les paupi\u00e8res\u2022 Sa formule<\/p>\n","protected":false},"featured_media":14098,"comment_status":"open","ping_status":"closed","template":"","meta":[],"product_brand":[138],"product_cat":[175],"product_tag":[],"class_list":{"0":"post-14058","1":"product","2":"type-product","3":"status-publish","4":"has-post-thumbnail","6":"product_brand-ducray","7":"product_cat-soins-contour-des-yeux","9":"first","10":"instock","11":"sale","12":"shipping-taxable","13":"purchasable","14":"product-type-simple"},"yoast_head":"<!-- This site is optimized with the Yoast SEO plugin v26.6 - https:\/\/yoast.com\/wordpress\/plugins\/seo\/ -->\r\n<title>DUCRAY DEXYANE MED PALPEBRAL 15ML - Paracherkaoui.ma<\/title>\r\n<meta name=\"robots\" content=\"index, follow, max-snippet:-1, max-image-preview:large, max-video-preview:-1\" \/>\r\n<link rel=\"canonical\" href=\"https:\/\/paracherkaoui.ma\/index.php\/produit\/ducray-dexyane-med-palpebral-15ml\/\" \/>\r\n<meta property=\"og:locale\" content=\"fr_FR\" \/>\r\n<meta property=\"og:type\" content=\"article\" \/>\r\n<meta property=\"og:title\" content=\"DUCRAY DEXYANE MED PALPEBRAL 15ML - Paracherkaoui.ma\" \/>\r\n<meta property=\"og:description\" content=\"DEXYANE MeD Palp\u00e9bral est un dispositif m\u00e9dical* traitant les ecz\u00e9mas atopiques ou de contact localis\u00e9s sur les paupi\u00e8res\u2022 Sa formule\" \/>\r\n<meta property=\"og:url\" content=\"https:\/\/paracherkaoui.ma\/index.php\/produit\/ducray-dexyane-med-palpebral-15ml\/\" \/>\r\n<meta property=\"og:site_name\" content=\"Paracherkaoui.ma\" \/>\r\n<meta property=\"article:modified_time\" content=\"2025-12-12T16:49:33+00:00\" \/>\r\n<meta property=\"og:image\" content=\"https:\/\/paracherkaoui.ma\/wp-content\/uploads\/2025\/12\/ducray-ducray-dexyane-med-palpebral-15ml-yeux.jpg\" \/>\r\n\t<meta property=\"og:image:width\" content=\"700\" \/>\r\n\t<meta property=\"og:image:height\" content=\"700\" \/>\r\n\t<meta property=\"og:image:type\" content=\"image\/jpeg\" \/>\r\n<meta name=\"twitter:card\" content=\"summary_large_image\" \/>\r\n<meta name=\"twitter:label1\" content=\"Dur\u00e9e de lecture estim\u00e9e\" \/>\n\t<meta name=\"twitter:data1\" content=\"1 minute\" \/>\r\n<script type=\"application\/ld+json\" class=\"yoast-schema-graph\">{\"@context\":\"https:\/\/schema.org\",\"@graph\":[{\"@type\":\"WebPage\",\"@id\":\"https:\/\/paracherkaoui.ma\/index.php\/produit\/ducray-dexyane-med-palpebral-15ml\/\",\"url\":\"https:\/\/paracherkaoui.ma\/index.php\/produit\/ducray-dexyane-med-palpebral-15ml\/\",\"name\":\"DUCRAY DEXYANE MED PALPEBRAL 15ML - Paracherkaoui.ma\",\"isPartOf\":{\"@id\":\"https:\/\/paracherkaoui.ma\/#website\"},\"primaryImageOfPage\":{\"@id\":\"https:\/\/paracherkaoui.ma\/index.php\/produit\/ducray-dexyane-med-palpebral-15ml\/#primaryimage\"},\"image\":{\"@id\":\"https:\/\/paracherkaoui.ma\/index.php\/produit\/ducray-dexyane-med-palpebral-15ml\/#primaryimage\"},\"thumbnailUrl\":\"https:\/\/paracherkaoui.ma\/wp-content\/uploads\/2025\/12\/ducray-ducray-dexyane-med-palpebral-15ml-yeux.jpg\",\"datePublished\":\"2025-12-12T16:49:15+00:00\",\"dateModified\":\"2025-12-12T16:49:33+00:00\",\"breadcrumb\":{\"@id\":\"https:\/\/paracherkaoui.ma\/index.php\/produit\/ducray-dexyane-med-palpebral-15ml\/#breadcrumb\"},\"inLanguage\":\"fr-FR\",\"potentialAction\":[{\"@type\":\"ReadAction\",\"target\":[\"https:\/\/paracherkaoui.ma\/index.php\/produit\/ducray-dexyane-med-palpebral-15ml\/\"]}]},{\"@type\":\"ImageObject\",\"inLanguage\":\"fr-FR\",\"@id\":\"https:\/\/paracherkaoui.ma\/index.php\/produit\/ducray-dexyane-med-palpebral-15ml\/#primaryimage\",\"url\":\"https:\/\/paracherkaoui.ma\/wp-content\/uploads\/2025\/12\/ducray-ducray-dexyane-med-palpebral-15ml-yeux.jpg\",\"contentUrl\":\"https:\/\/paracherkaoui.ma\/wp-content\/uploads\/2025\/12\/ducray-ducray-dexyane-med-palpebral-15ml-yeux.jpg\",\"width\":700,\"height\":700},{\"@type\":\"BreadcrumbList\",\"@id\":\"https:\/\/paracherkaoui.ma\/index.php\/produit\/ducray-dexyane-med-palpebral-15ml\/#breadcrumb\",\"itemListElement\":[{\"@type\":\"ListItem\",\"position\":1,\"name\":\"Accueil\",\"item\":\"https:\/\/paracherkaoui.ma\/\"},{\"@type\":\"ListItem\",\"position\":2,\"name\":\"Boutique\",\"item\":\"https:\/\/paracherkaoui.ma\/index.php\/boutique\/\"},{\"@type\":\"ListItem\",\"position\":3,\"name\":\"DUCRAY DEXYANE MED PALPEBRAL 15ML\"}]},{\"@type\":\"WebSite\",\"@id\":\"https:\/\/paracherkaoui.ma\/#website\",\"url\":\"https:\/\/paracherkaoui.ma\/\",\"name\":\"Paracherkaoui.ma\",\"description\":\"Achetez en ligne sur Paracherkaoui.ma\",\"potentialAction\":[{\"@type\":\"SearchAction\",\"target\":{\"@type\":\"EntryPoint\",\"urlTemplate\":\"https:\/\/paracherkaoui.ma\/?s={search_term_string}\"},\"query-input\":{\"@type\":\"PropertyValueSpecification\",\"valueRequired\":true,\"valueName\":\"search_term_string\"}}],\"inLanguage\":\"fr-FR\"}]}<\/script>\r\n<!-- \/ Yoast SEO plugin. -->","yoast_head_json":{"title":"DUCRAY DEXYANE MED PALPEBRAL 15ML - Paracherkaoui.ma","robots":{"index":"index","follow":"follow","max-snippet":"max-snippet:-1","max-image-preview":"max-image-preview:large","max-video-preview":"max-video-preview:-1"},"canonical":"https:\/\/paracherkaoui.ma\/index.php\/produit\/ducray-dexyane-med-palpebral-15ml\/","og_locale":"fr_FR","og_type":"article","og_title":"DUCRAY DEXYANE MED PALPEBRAL 15ML - Paracherkaoui.ma","og_description":"DEXYANE MeD Palp\u00e9bral est un dispositif m\u00e9dical* traitant les ecz\u00e9mas atopiques ou de contact localis\u00e9s sur les paupi\u00e8res\u2022 Sa formule","og_url":"https:\/\/paracherkaoui.ma\/index.php\/produit\/ducray-dexyane-med-palpebral-15ml\/","og_site_name":"Paracherkaoui.ma","article_modified_time":"2025-12-12T16:49:33+00:00","og_image":[{"width":700,"height":700,"url":"https:\/\/paracherkaoui.ma\/wp-content\/uploads\/2025\/12\/ducray-ducray-dexyane-med-palpebral-15ml-yeux.jpg","type":"image\/jpeg"}],"twitter_card":"summary_large_image","twitter_misc":{"Dur\u00e9e de lecture estim\u00e9e":"1 minute"},"schema":{"@context":"https:\/\/schema.org","@graph":[{"@type":"WebPage","@id":"https:\/\/paracherkaoui.ma\/index.php\/produit\/ducray-dexyane-med-palpebral-15ml\/","url":"https:\/\/paracherkaoui.ma\/index.php\/produit\/ducray-dexyane-med-palpebral-15ml\/","name":"DUCRAY DEXYANE MED PALPEBRAL 15ML - Paracherkaoui.ma","isPartOf":{"@id":"https:\/\/paracherkaoui.ma\/#website"},"primaryImageOfPage":{"@id":"https:\/\/paracherkaoui.ma\/index.php\/produit\/ducray-dexyane-med-palpebral-15ml\/#primaryimage"},"image":{"@id":"https:\/\/paracherkaoui.ma\/index.php\/produit\/ducray-dexyane-med-palpebral-15ml\/#primaryimage"},"thumbnailUrl":"https:\/\/paracherkaoui.ma\/wp-content\/uploads\/2025\/12\/ducray-ducray-dexyane-med-palpebral-15ml-yeux.jpg","datePublished":"2025-12-12T16:49:15+00:00","dateModified":"2025-12-12T16:49:33+00:00","breadcrumb":{"@id":"https:\/\/paracherkaoui.ma\/index.php\/produit\/ducray-dexyane-med-palpebral-15ml\/#breadcrumb"},"inLanguage":"fr-FR","potentialAction":[{"@type":"ReadAction","target":["https:\/\/paracherkaoui.ma\/index.php\/produit\/ducray-dexyane-med-palpebral-15ml\/"]}]},{"@type":"ImageObject","inLanguage":"fr-FR","@id":"https:\/\/paracherkaoui.ma\/index.php\/produit\/ducray-dexyane-med-palpebral-15ml\/#primaryimage","url":"https:\/\/paracherkaoui.ma\/wp-content\/uploads\/2025\/12\/ducray-ducray-dexyane-med-palpebral-15ml-yeux.jpg","contentUrl":"https:\/\/paracherkaoui.ma\/wp-content\/uploads\/2025\/12\/ducray-ducray-dexyane-med-palpebral-15ml-yeux.jpg","width":700,"height":700},{"@type":"BreadcrumbList","@id":"https:\/\/paracherkaoui.ma\/index.php\/produit\/ducray-dexyane-med-palpebral-15ml\/#breadcrumb","itemListElement":[{"@type":"ListItem","position":1,"name":"Accueil","item":"https:\/\/paracherkaoui.ma\/"},{"@type":"ListItem","position":2,"name":"Boutique","item":"https:\/\/paracherkaoui.ma\/index.php\/boutique\/"},{"@type":"ListItem","position":3,"name":"DUCRAY DEXYANE MED PALPEBRAL 15ML"}]},{"@type":"WebSite","@id":"https:\/\/paracherkaoui.ma\/#website","url":"https:\/\/paracherkaoui.ma\/","name":"Paracherkaoui.ma","description":"Achetez en ligne sur Paracherkaoui.ma","potentialAction":[{"@type":"SearchAction","target":{"@type":"EntryPoint","urlTemplate":"https:\/\/paracherkaoui.ma\/?s={search_term_string}"},"query-input":{"@type":"PropertyValueSpecification","valueRequired":true,"valueName":"search_term_string"}}],"inLanguage":"fr-FR"}]}},"_links":{"self":[{"href":"https:\/\/paracherkaoui.ma\/index.php\/wp-json\/wp\/v2\/product\/14058","targetHints":{"allow":["GET"]}}],"collection":[{"href":"https:\/\/paracherkaoui.ma\/index.php\/wp-json\/wp\/v2\/product"}],"about":[{"href":"https:\/\/paracherkaoui.ma\/index.php\/wp-json\/wp\/v2\/types\/product"}],"replies":[{"embeddable":true,"href":"https:\/\/paracherkaoui.ma\/index.php\/wp-json\/wp\/v2\/comments?post=14058"}],"version-history":[{"count":1,"href":"https:\/\/paracherkaoui.ma\/index.php\/wp-json\/wp\/v2\/product\/14058\/revisions"}],"predecessor-version":[{"id":14099,"href":"https:\/\/paracherkaoui.ma\/index.php\/wp-json\/wp\/v2\/product\/14058\/revisions\/14099"}],"wp:featuredmedia":[{"embeddable":true,"href":"https:\/\/paracherkaoui.ma\/index.php\/wp-json\/wp\/v2\/media\/14098"}],"wp:attachment":[{"href":"https:\/\/paracherkaoui.ma\/index.php\/wp-json\/wp\/v2\/media?parent=14058"}],"wp:term":[{"taxonomy":"product_brand","embeddable":true,"href":"https:\/\/paracherkaoui.ma\/index.php\/wp-json\/wp\/v2\/product_brand?post=14058"},{"taxonomy":"product_cat","embeddable":true,"href":"https:\/\/paracherkaoui.ma\/index.php\/wp-json\/wp\/v2\/product_cat?post=14058"},{"taxonomy":"product_tag","embeddable":true,"href":"https:\/\/paracherkaoui.ma\/index.php\/wp-json\/wp\/v2\/product_tag?post=14058"}],"curies":[{"name":"wp","href":"https:\/\/api.w.org\/{rel}","templated":true}]}}