{"id":14057,"date":"2025-12-12T17:49:15","date_gmt":"2025-12-12T16:49:15","guid":{"rendered":"https:\/\/test.ecbeaute.com\/?post_type=product&#038;p=14057"},"modified":"2025-12-12T17:49:31","modified_gmt":"2025-12-12T16:49:31","slug":"svr-topialyse-palpebral-paupieres-irritees-et-sensibles-15-ml-2","status":"publish","type":"product","link":"https:\/\/paracherkaoui.ma\/index.php\/produit\/svr-topialyse-palpebral-paupieres-irritees-et-sensibles-15-ml-2\/","title":{"rendered":"SVR TOPIALYSE PALPEBRAL PAUPIERES IRRITEES ET SENSIBLES 15 ML"},"content":{"rendered":"<p>Description: SVR Topialyse palp\u00e9bral paupi\u00e8res irrit\u00e9es et sensibles 15 ml, Topialyse Palp\u00e9bral calme et apaise la paupi\u00e8re. Prot\u00e8ge des agressions ext\u00e9rieures et lutte contre la prolif\u00e9ration bact\u00e9rienne. Contient du Sulfate de Dextran, connu pour ses propri\u00e9t\u00e9s d\u00e9congestionnantes.  CONSEILS D&rsquo;UTILISATION : Appliquer Topialyse Palp\u00e9bral en massant l\u00e9g\u00e8rement avec le bout de l&rsquo;index sur paupi\u00e8re nettoy\u00e9e au s\u00e9rum physiologique.<\/p>\n","protected":false},"excerpt":{"rendered":"<p>Description: SVR Topialyse palp\u00e9bral paupi\u00e8res irrit\u00e9es et sensibles 15 ml, Topialyse Palp\u00e9bral calme et apaise la paupi\u00e8re. Prot\u00e8ge des agressions<\/p>\n","protected":false},"featured_media":11464,"comment_status":"open","ping_status":"closed","template":"","meta":[],"product_brand":[133],"product_cat":[175],"product_tag":[],"class_list":{"0":"post-14057","1":"product","2":"type-product","3":"status-publish","4":"has-post-thumbnail","6":"product_brand-svr","7":"product_cat-soins-contour-des-yeux","9":"first","10":"instock","11":"sale","12":"shipping-taxable","13":"purchasable","14":"product-type-simple"},"yoast_head":"<!-- This site is optimized with the Yoast SEO plugin v26.6 - https:\/\/yoast.com\/wordpress\/plugins\/seo\/ -->\r\n<title>SVR TOPIALYSE PALPEBRAL PAUPIERES IRRITEES ET SENSIBLES 15 ML - Paracherkaoui.ma<\/title>\r\n<meta name=\"robots\" content=\"index, follow, max-snippet:-1, max-image-preview:large, max-video-preview:-1\" \/>\r\n<link rel=\"canonical\" href=\"https:\/\/paracherkaoui.ma\/index.php\/produit\/svr-topialyse-palpebral-paupieres-irritees-et-sensibles-15-ml-2\/\" \/>\r\n<meta property=\"og:locale\" content=\"fr_FR\" \/>\r\n<meta property=\"og:type\" content=\"article\" \/>\r\n<meta property=\"og:title\" content=\"SVR TOPIALYSE PALPEBRAL PAUPIERES IRRITEES ET SENSIBLES 15 ML - Paracherkaoui.ma\" \/>\r\n<meta property=\"og:description\" content=\"Description: SVR Topialyse palp\u00e9bral paupi\u00e8res irrit\u00e9es et sensibles 15 ml, Topialyse Palp\u00e9bral calme et apaise la paupi\u00e8re. Prot\u00e8ge des agressions\" \/>\r\n<meta property=\"og:url\" content=\"https:\/\/paracherkaoui.ma\/index.php\/produit\/svr-topialyse-palpebral-paupieres-irritees-et-sensibles-15-ml-2\/\" \/>\r\n<meta property=\"og:site_name\" content=\"Paracherkaoui.ma\" \/>\r\n<meta property=\"article:modified_time\" content=\"2025-12-12T16:49:31+00:00\" \/>\r\n<meta property=\"og:image\" content=\"https:\/\/paracherkaoui.ma\/wp-content\/uploads\/2025\/12\/svr-svr-topialyse-palpebral-paupieres-irritees-et-sensibles-15-ml-yeux.jpg\" \/>\r\n\t<meta property=\"og:image:width\" content=\"700\" \/>\r\n\t<meta property=\"og:image:height\" content=\"700\" \/>\r\n\t<meta property=\"og:image:type\" content=\"image\/jpeg\" \/>\r\n<meta name=\"twitter:card\" content=\"summary_large_image\" \/>\r\n<script type=\"application\/ld+json\" class=\"yoast-schema-graph\">{\"@context\":\"https:\/\/schema.org\",\"@graph\":[{\"@type\":\"WebPage\",\"@id\":\"https:\/\/paracherkaoui.ma\/index.php\/produit\/svr-topialyse-palpebral-paupieres-irritees-et-sensibles-15-ml-2\/\",\"url\":\"https:\/\/paracherkaoui.ma\/index.php\/produit\/svr-topialyse-palpebral-paupieres-irritees-et-sensibles-15-ml-2\/\",\"name\":\"SVR TOPIALYSE PALPEBRAL PAUPIERES IRRITEES ET SENSIBLES 15 ML - Paracherkaoui.ma\",\"isPartOf\":{\"@id\":\"https:\/\/paracherkaoui.ma\/#website\"},\"primaryImageOfPage\":{\"@id\":\"https:\/\/paracherkaoui.ma\/index.php\/produit\/svr-topialyse-palpebral-paupieres-irritees-et-sensibles-15-ml-2\/#primaryimage\"},\"image\":{\"@id\":\"https:\/\/paracherkaoui.ma\/index.php\/produit\/svr-topialyse-palpebral-paupieres-irritees-et-sensibles-15-ml-2\/#primaryimage\"},\"thumbnailUrl\":\"https:\/\/paracherkaoui.ma\/wp-content\/uploads\/2025\/12\/svr-svr-topialyse-palpebral-paupieres-irritees-et-sensibles-15-ml-yeux.jpg\",\"datePublished\":\"2025-12-12T16:49:15+00:00\",\"dateModified\":\"2025-12-12T16:49:31+00:00\",\"breadcrumb\":{\"@id\":\"https:\/\/paracherkaoui.ma\/index.php\/produit\/svr-topialyse-palpebral-paupieres-irritees-et-sensibles-15-ml-2\/#breadcrumb\"},\"inLanguage\":\"fr-FR\",\"potentialAction\":[{\"@type\":\"ReadAction\",\"target\":[\"https:\/\/paracherkaoui.ma\/index.php\/produit\/svr-topialyse-palpebral-paupieres-irritees-et-sensibles-15-ml-2\/\"]}]},{\"@type\":\"ImageObject\",\"inLanguage\":\"fr-FR\",\"@id\":\"https:\/\/paracherkaoui.ma\/index.php\/produit\/svr-topialyse-palpebral-paupieres-irritees-et-sensibles-15-ml-2\/#primaryimage\",\"url\":\"https:\/\/paracherkaoui.ma\/wp-content\/uploads\/2025\/12\/svr-svr-topialyse-palpebral-paupieres-irritees-et-sensibles-15-ml-yeux.jpg\",\"contentUrl\":\"https:\/\/paracherkaoui.ma\/wp-content\/uploads\/2025\/12\/svr-svr-topialyse-palpebral-paupieres-irritees-et-sensibles-15-ml-yeux.jpg\",\"width\":700,\"height\":700},{\"@type\":\"BreadcrumbList\",\"@id\":\"https:\/\/paracherkaoui.ma\/index.php\/produit\/svr-topialyse-palpebral-paupieres-irritees-et-sensibles-15-ml-2\/#breadcrumb\",\"itemListElement\":[{\"@type\":\"ListItem\",\"position\":1,\"name\":\"Accueil\",\"item\":\"https:\/\/paracherkaoui.ma\/\"},{\"@type\":\"ListItem\",\"position\":2,\"name\":\"Boutique\",\"item\":\"https:\/\/paracherkaoui.ma\/index.php\/boutique\/\"},{\"@type\":\"ListItem\",\"position\":3,\"name\":\"SVR TOPIALYSE PALPEBRAL PAUPIERES IRRITEES ET SENSIBLES 15 ML\"}]},{\"@type\":\"WebSite\",\"@id\":\"https:\/\/paracherkaoui.ma\/#website\",\"url\":\"https:\/\/paracherkaoui.ma\/\",\"name\":\"Paracherkaoui.ma\",\"description\":\"Achetez en ligne sur Paracherkaoui.ma\",\"potentialAction\":[{\"@type\":\"SearchAction\",\"target\":{\"@type\":\"EntryPoint\",\"urlTemplate\":\"https:\/\/paracherkaoui.ma\/?s={search_term_string}\"},\"query-input\":{\"@type\":\"PropertyValueSpecification\",\"valueRequired\":true,\"valueName\":\"search_term_string\"}}],\"inLanguage\":\"fr-FR\"}]}<\/script>\r\n<!-- \/ Yoast SEO plugin. -->","yoast_head_json":{"title":"SVR TOPIALYSE PALPEBRAL PAUPIERES IRRITEES ET SENSIBLES 15 ML - Paracherkaoui.ma","robots":{"index":"index","follow":"follow","max-snippet":"max-snippet:-1","max-image-preview":"max-image-preview:large","max-video-preview":"max-video-preview:-1"},"canonical":"https:\/\/paracherkaoui.ma\/index.php\/produit\/svr-topialyse-palpebral-paupieres-irritees-et-sensibles-15-ml-2\/","og_locale":"fr_FR","og_type":"article","og_title":"SVR TOPIALYSE PALPEBRAL PAUPIERES IRRITEES ET SENSIBLES 15 ML - Paracherkaoui.ma","og_description":"Description: SVR Topialyse palp\u00e9bral paupi\u00e8res irrit\u00e9es et sensibles 15 ml, Topialyse Palp\u00e9bral calme et apaise la paupi\u00e8re. Prot\u00e8ge des agressions","og_url":"https:\/\/paracherkaoui.ma\/index.php\/produit\/svr-topialyse-palpebral-paupieres-irritees-et-sensibles-15-ml-2\/","og_site_name":"Paracherkaoui.ma","article_modified_time":"2025-12-12T16:49:31+00:00","og_image":[{"width":700,"height":700,"url":"https:\/\/paracherkaoui.ma\/wp-content\/uploads\/2025\/12\/svr-svr-topialyse-palpebral-paupieres-irritees-et-sensibles-15-ml-yeux.jpg","type":"image\/jpeg"}],"twitter_card":"summary_large_image","schema":{"@context":"https:\/\/schema.org","@graph":[{"@type":"WebPage","@id":"https:\/\/paracherkaoui.ma\/index.php\/produit\/svr-topialyse-palpebral-paupieres-irritees-et-sensibles-15-ml-2\/","url":"https:\/\/paracherkaoui.ma\/index.php\/produit\/svr-topialyse-palpebral-paupieres-irritees-et-sensibles-15-ml-2\/","name":"SVR TOPIALYSE PALPEBRAL PAUPIERES IRRITEES ET SENSIBLES 15 ML - Paracherkaoui.ma","isPartOf":{"@id":"https:\/\/paracherkaoui.ma\/#website"},"primaryImageOfPage":{"@id":"https:\/\/paracherkaoui.ma\/index.php\/produit\/svr-topialyse-palpebral-paupieres-irritees-et-sensibles-15-ml-2\/#primaryimage"},"image":{"@id":"https:\/\/paracherkaoui.ma\/index.php\/produit\/svr-topialyse-palpebral-paupieres-irritees-et-sensibles-15-ml-2\/#primaryimage"},"thumbnailUrl":"https:\/\/paracherkaoui.ma\/wp-content\/uploads\/2025\/12\/svr-svr-topialyse-palpebral-paupieres-irritees-et-sensibles-15-ml-yeux.jpg","datePublished":"2025-12-12T16:49:15+00:00","dateModified":"2025-12-12T16:49:31+00:00","breadcrumb":{"@id":"https:\/\/paracherkaoui.ma\/index.php\/produit\/svr-topialyse-palpebral-paupieres-irritees-et-sensibles-15-ml-2\/#breadcrumb"},"inLanguage":"fr-FR","potentialAction":[{"@type":"ReadAction","target":["https:\/\/paracherkaoui.ma\/index.php\/produit\/svr-topialyse-palpebral-paupieres-irritees-et-sensibles-15-ml-2\/"]}]},{"@type":"ImageObject","inLanguage":"fr-FR","@id":"https:\/\/paracherkaoui.ma\/index.php\/produit\/svr-topialyse-palpebral-paupieres-irritees-et-sensibles-15-ml-2\/#primaryimage","url":"https:\/\/paracherkaoui.ma\/wp-content\/uploads\/2025\/12\/svr-svr-topialyse-palpebral-paupieres-irritees-et-sensibles-15-ml-yeux.jpg","contentUrl":"https:\/\/paracherkaoui.ma\/wp-content\/uploads\/2025\/12\/svr-svr-topialyse-palpebral-paupieres-irritees-et-sensibles-15-ml-yeux.jpg","width":700,"height":700},{"@type":"BreadcrumbList","@id":"https:\/\/paracherkaoui.ma\/index.php\/produit\/svr-topialyse-palpebral-paupieres-irritees-et-sensibles-15-ml-2\/#breadcrumb","itemListElement":[{"@type":"ListItem","position":1,"name":"Accueil","item":"https:\/\/paracherkaoui.ma\/"},{"@type":"ListItem","position":2,"name":"Boutique","item":"https:\/\/paracherkaoui.ma\/index.php\/boutique\/"},{"@type":"ListItem","position":3,"name":"SVR TOPIALYSE PALPEBRAL PAUPIERES IRRITEES ET SENSIBLES 15 ML"}]},{"@type":"WebSite","@id":"https:\/\/paracherkaoui.ma\/#website","url":"https:\/\/paracherkaoui.ma\/","name":"Paracherkaoui.ma","description":"Achetez en ligne sur Paracherkaoui.ma","potentialAction":[{"@type":"SearchAction","target":{"@type":"EntryPoint","urlTemplate":"https:\/\/paracherkaoui.ma\/?s={search_term_string}"},"query-input":{"@type":"PropertyValueSpecification","valueRequired":true,"valueName":"search_term_string"}}],"inLanguage":"fr-FR"}]}},"_links":{"self":[{"href":"https:\/\/paracherkaoui.ma\/index.php\/wp-json\/wp\/v2\/product\/14057","targetHints":{"allow":["GET"]}}],"collection":[{"href":"https:\/\/paracherkaoui.ma\/index.php\/wp-json\/wp\/v2\/product"}],"about":[{"href":"https:\/\/paracherkaoui.ma\/index.php\/wp-json\/wp\/v2\/types\/product"}],"replies":[{"embeddable":true,"href":"https:\/\/paracherkaoui.ma\/index.php\/wp-json\/wp\/v2\/comments?post=14057"}],"version-history":[{"count":1,"href":"https:\/\/paracherkaoui.ma\/index.php\/wp-json\/wp\/v2\/product\/14057\/revisions"}],"predecessor-version":[{"id":14097,"href":"https:\/\/paracherkaoui.ma\/index.php\/wp-json\/wp\/v2\/product\/14057\/revisions\/14097"}],"wp:featuredmedia":[{"embeddable":true,"href":"https:\/\/paracherkaoui.ma\/index.php\/wp-json\/wp\/v2\/media\/11464"}],"wp:attachment":[{"href":"https:\/\/paracherkaoui.ma\/index.php\/wp-json\/wp\/v2\/media?parent=14057"}],"wp:term":[{"taxonomy":"product_brand","embeddable":true,"href":"https:\/\/paracherkaoui.ma\/index.php\/wp-json\/wp\/v2\/product_brand?post=14057"},{"taxonomy":"product_cat","embeddable":true,"href":"https:\/\/paracherkaoui.ma\/index.php\/wp-json\/wp\/v2\/product_cat?post=14057"},{"taxonomy":"product_tag","embeddable":true,"href":"https:\/\/paracherkaoui.ma\/index.php\/wp-json\/wp\/v2\/product_tag?post=14057"}],"curies":[{"name":"wp","href":"https:\/\/api.w.org\/{rel}","templated":true}]}}