{"id":14052,"date":"2025-12-12T17:49:14","date_gmt":"2025-12-12T16:49:14","guid":{"rendered":"https:\/\/test.ecbeaute.com\/?post_type=product&#038;p=14052"},"modified":"2025-12-12T17:49:28","modified_gmt":"2025-12-12T16:49:28","slug":"la-roche-posay-pure-vitamine-c-yeux-15-ml-2","status":"publish","type":"product","link":"https:\/\/paracherkaoui.ma\/index.php\/produit\/la-roche-posay-pure-vitamine-c-yeux-15-ml-2\/","title":{"rendered":"LA ROCHE POSAY PURE VITAMINE C YEUX 15 ML"},"content":{"rendered":"<p>Pure Vitamin C Yeux du laboratoire La Roche-Posay est soin r\u00e9novateur booster d&rsquo;\u00e9clat, anti-ride et fermet\u00e9 enrichi en vitamine C pure et en Neurosensine convenant \u00e0 la perfection aux peaux sensibles.  En effet, sa formule permet une efficacit\u00e9 et le respect des peaux les plus fragiles. Sa texture fra\u00eeche, son fini doux et non gras convient aux porteurs de lentilles.  Le soin contour des yeux est un actif de r\u00e9f\u00e9rence anti-\u00e2ge qui r\u00e9v\u00e8le l&rsquo;\u00e9clat de la peau, lisse les rides et les ridules. La vitamine C inhibe la production de m\u00e9lanine produite au niveau des m\u00e9lanocytes de l&rsquo;\u00e9piderme r\u00e9duisant ainsi l&rsquo;apparence de taches brunes. La vitamine C va agir sur l&rsquo;\u00e9clat du teint mais \u00e9galement sur la fermet\u00e9 et l&rsquo;\u00e9lasticit\u00e9 car elle va stimuler la production de collag\u00e8ne et renforcer leur fixation, rendant \u00e0 la peau une souplesse originelle.  Sa richesse en acide hyaluronique fragment\u00e9 en plusieurs poids mol\u00e9culaires permet de repulper le derme par stimulation des fibres de collag\u00e8ne et d&rsquo;\u00e9lastine. Cet actif va \u00e9galement agir en surface, apportant une vague d&rsquo;hydratation pour pr\u00e9server l&rsquo;\u00e9piderme du dess\u00e8chement cutan\u00e9 et le renforcer face aux agressions ext\u00e9rieures.  Le Mannose, un sucre r\u00e9g\u00e9n\u00e9rant va optimiser l&rsquo;interaction de la lumi\u00e8re et de la peau, illuminant le teint et r\u00e9v\u00e9lant un \u00e9clat optimal.  Enfin, Pure Vitamin C Yeux La Roche-Posay va r\u00e9parer la peau gr\u00e2ce au mad\u00e9cassoside et \u00e0 la Neurosensine, un peptide apaisant.  Conditionnement : Tube de 15 ml<\/p>\n","protected":false},"excerpt":{"rendered":"<p>Pure Vitamin C Yeux du laboratoire La Roche-Posay est soin r\u00e9novateur booster d&rsquo;\u00e9clat, anti-ride et fermet\u00e9 enrichi en vitamine C<\/p>\n","protected":false},"featured_media":11811,"comment_status":"open","ping_status":"closed","template":"","meta":[],"product_brand":[132],"product_cat":[175],"product_tag":[],"class_list":{"0":"post-14052","1":"product","2":"type-product","3":"status-publish","4":"has-post-thumbnail","6":"product_brand-la-roche-posay","7":"product_cat-soins-contour-des-yeux","9":"first","10":"instock","11":"sale","12":"shipping-taxable","13":"purchasable","14":"product-type-simple"},"yoast_head":"<!-- This site is optimized with the Yoast SEO plugin v26.6 - https:\/\/yoast.com\/wordpress\/plugins\/seo\/ -->\r\n<title>LA ROCHE POSAY PURE VITAMINE C YEUX 15 ML - Paracherkaoui.ma<\/title>\r\n<meta name=\"robots\" content=\"index, follow, max-snippet:-1, max-image-preview:large, max-video-preview:-1\" \/>\r\n<link rel=\"canonical\" href=\"https:\/\/paracherkaoui.ma\/index.php\/produit\/la-roche-posay-pure-vitamine-c-yeux-15-ml-2\/\" \/>\r\n<meta property=\"og:locale\" content=\"fr_FR\" \/>\r\n<meta property=\"og:type\" content=\"article\" \/>\r\n<meta property=\"og:title\" content=\"LA ROCHE POSAY PURE VITAMINE C YEUX 15 ML - Paracherkaoui.ma\" \/>\r\n<meta property=\"og:description\" content=\"Pure Vitamin C Yeux du laboratoire La Roche-Posay est soin r\u00e9novateur booster d&rsquo;\u00e9clat, anti-ride et fermet\u00e9 enrichi en vitamine C\" \/>\r\n<meta property=\"og:url\" content=\"https:\/\/paracherkaoui.ma\/index.php\/produit\/la-roche-posay-pure-vitamine-c-yeux-15-ml-2\/\" \/>\r\n<meta property=\"og:site_name\" content=\"Paracherkaoui.ma\" \/>\r\n<meta property=\"article:modified_time\" content=\"2025-12-12T16:49:28+00:00\" \/>\r\n<meta property=\"og:image\" content=\"https:\/\/paracherkaoui.ma\/wp-content\/uploads\/2025\/12\/la-roche-posay-la-roche-posay-pure-vitamine-c-yeux-15-ml-soins-contours-yeux.jpg\" \/>\r\n\t<meta property=\"og:image:width\" content=\"700\" \/>\r\n\t<meta property=\"og:image:height\" content=\"700\" \/>\r\n\t<meta property=\"og:image:type\" content=\"image\/jpeg\" \/>\r\n<meta name=\"twitter:card\" content=\"summary_large_image\" \/>\r\n<meta name=\"twitter:label1\" content=\"Dur\u00e9e de lecture estim\u00e9e\" \/>\n\t<meta name=\"twitter:data1\" content=\"1 minute\" \/>\r\n<script type=\"application\/ld+json\" class=\"yoast-schema-graph\">{\"@context\":\"https:\/\/schema.org\",\"@graph\":[{\"@type\":\"WebPage\",\"@id\":\"https:\/\/paracherkaoui.ma\/index.php\/produit\/la-roche-posay-pure-vitamine-c-yeux-15-ml-2\/\",\"url\":\"https:\/\/paracherkaoui.ma\/index.php\/produit\/la-roche-posay-pure-vitamine-c-yeux-15-ml-2\/\",\"name\":\"LA ROCHE POSAY PURE VITAMINE C YEUX 15 ML - Paracherkaoui.ma\",\"isPartOf\":{\"@id\":\"https:\/\/paracherkaoui.ma\/#website\"},\"primaryImageOfPage\":{\"@id\":\"https:\/\/paracherkaoui.ma\/index.php\/produit\/la-roche-posay-pure-vitamine-c-yeux-15-ml-2\/#primaryimage\"},\"image\":{\"@id\":\"https:\/\/paracherkaoui.ma\/index.php\/produit\/la-roche-posay-pure-vitamine-c-yeux-15-ml-2\/#primaryimage\"},\"thumbnailUrl\":\"https:\/\/paracherkaoui.ma\/wp-content\/uploads\/2025\/12\/la-roche-posay-la-roche-posay-pure-vitamine-c-yeux-15-ml-soins-contours-yeux.jpg\",\"datePublished\":\"2025-12-12T16:49:14+00:00\",\"dateModified\":\"2025-12-12T16:49:28+00:00\",\"breadcrumb\":{\"@id\":\"https:\/\/paracherkaoui.ma\/index.php\/produit\/la-roche-posay-pure-vitamine-c-yeux-15-ml-2\/#breadcrumb\"},\"inLanguage\":\"fr-FR\",\"potentialAction\":[{\"@type\":\"ReadAction\",\"target\":[\"https:\/\/paracherkaoui.ma\/index.php\/produit\/la-roche-posay-pure-vitamine-c-yeux-15-ml-2\/\"]}]},{\"@type\":\"ImageObject\",\"inLanguage\":\"fr-FR\",\"@id\":\"https:\/\/paracherkaoui.ma\/index.php\/produit\/la-roche-posay-pure-vitamine-c-yeux-15-ml-2\/#primaryimage\",\"url\":\"https:\/\/paracherkaoui.ma\/wp-content\/uploads\/2025\/12\/la-roche-posay-la-roche-posay-pure-vitamine-c-yeux-15-ml-soins-contours-yeux.jpg\",\"contentUrl\":\"https:\/\/paracherkaoui.ma\/wp-content\/uploads\/2025\/12\/la-roche-posay-la-roche-posay-pure-vitamine-c-yeux-15-ml-soins-contours-yeux.jpg\",\"width\":700,\"height\":700},{\"@type\":\"BreadcrumbList\",\"@id\":\"https:\/\/paracherkaoui.ma\/index.php\/produit\/la-roche-posay-pure-vitamine-c-yeux-15-ml-2\/#breadcrumb\",\"itemListElement\":[{\"@type\":\"ListItem\",\"position\":1,\"name\":\"Accueil\",\"item\":\"https:\/\/paracherkaoui.ma\/\"},{\"@type\":\"ListItem\",\"position\":2,\"name\":\"Boutique\",\"item\":\"https:\/\/paracherkaoui.ma\/index.php\/boutique\/\"},{\"@type\":\"ListItem\",\"position\":3,\"name\":\"LA ROCHE POSAY PURE VITAMINE C YEUX 15 ML\"}]},{\"@type\":\"WebSite\",\"@id\":\"https:\/\/paracherkaoui.ma\/#website\",\"url\":\"https:\/\/paracherkaoui.ma\/\",\"name\":\"Paracherkaoui.ma\",\"description\":\"Achetez en ligne sur Paracherkaoui.ma\",\"potentialAction\":[{\"@type\":\"SearchAction\",\"target\":{\"@type\":\"EntryPoint\",\"urlTemplate\":\"https:\/\/paracherkaoui.ma\/?s={search_term_string}\"},\"query-input\":{\"@type\":\"PropertyValueSpecification\",\"valueRequired\":true,\"valueName\":\"search_term_string\"}}],\"inLanguage\":\"fr-FR\"}]}<\/script>\r\n<!-- \/ Yoast SEO plugin. -->","yoast_head_json":{"title":"LA ROCHE POSAY PURE VITAMINE C YEUX 15 ML - Paracherkaoui.ma","robots":{"index":"index","follow":"follow","max-snippet":"max-snippet:-1","max-image-preview":"max-image-preview:large","max-video-preview":"max-video-preview:-1"},"canonical":"https:\/\/paracherkaoui.ma\/index.php\/produit\/la-roche-posay-pure-vitamine-c-yeux-15-ml-2\/","og_locale":"fr_FR","og_type":"article","og_title":"LA ROCHE POSAY PURE VITAMINE C YEUX 15 ML - Paracherkaoui.ma","og_description":"Pure Vitamin C Yeux du laboratoire La Roche-Posay est soin r\u00e9novateur booster d&rsquo;\u00e9clat, anti-ride et fermet\u00e9 enrichi en vitamine C","og_url":"https:\/\/paracherkaoui.ma\/index.php\/produit\/la-roche-posay-pure-vitamine-c-yeux-15-ml-2\/","og_site_name":"Paracherkaoui.ma","article_modified_time":"2025-12-12T16:49:28+00:00","og_image":[{"width":700,"height":700,"url":"https:\/\/paracherkaoui.ma\/wp-content\/uploads\/2025\/12\/la-roche-posay-la-roche-posay-pure-vitamine-c-yeux-15-ml-soins-contours-yeux.jpg","type":"image\/jpeg"}],"twitter_card":"summary_large_image","twitter_misc":{"Dur\u00e9e de lecture estim\u00e9e":"1 minute"},"schema":{"@context":"https:\/\/schema.org","@graph":[{"@type":"WebPage","@id":"https:\/\/paracherkaoui.ma\/index.php\/produit\/la-roche-posay-pure-vitamine-c-yeux-15-ml-2\/","url":"https:\/\/paracherkaoui.ma\/index.php\/produit\/la-roche-posay-pure-vitamine-c-yeux-15-ml-2\/","name":"LA ROCHE POSAY PURE VITAMINE C YEUX 15 ML - Paracherkaoui.ma","isPartOf":{"@id":"https:\/\/paracherkaoui.ma\/#website"},"primaryImageOfPage":{"@id":"https:\/\/paracherkaoui.ma\/index.php\/produit\/la-roche-posay-pure-vitamine-c-yeux-15-ml-2\/#primaryimage"},"image":{"@id":"https:\/\/paracherkaoui.ma\/index.php\/produit\/la-roche-posay-pure-vitamine-c-yeux-15-ml-2\/#primaryimage"},"thumbnailUrl":"https:\/\/paracherkaoui.ma\/wp-content\/uploads\/2025\/12\/la-roche-posay-la-roche-posay-pure-vitamine-c-yeux-15-ml-soins-contours-yeux.jpg","datePublished":"2025-12-12T16:49:14+00:00","dateModified":"2025-12-12T16:49:28+00:00","breadcrumb":{"@id":"https:\/\/paracherkaoui.ma\/index.php\/produit\/la-roche-posay-pure-vitamine-c-yeux-15-ml-2\/#breadcrumb"},"inLanguage":"fr-FR","potentialAction":[{"@type":"ReadAction","target":["https:\/\/paracherkaoui.ma\/index.php\/produit\/la-roche-posay-pure-vitamine-c-yeux-15-ml-2\/"]}]},{"@type":"ImageObject","inLanguage":"fr-FR","@id":"https:\/\/paracherkaoui.ma\/index.php\/produit\/la-roche-posay-pure-vitamine-c-yeux-15-ml-2\/#primaryimage","url":"https:\/\/paracherkaoui.ma\/wp-content\/uploads\/2025\/12\/la-roche-posay-la-roche-posay-pure-vitamine-c-yeux-15-ml-soins-contours-yeux.jpg","contentUrl":"https:\/\/paracherkaoui.ma\/wp-content\/uploads\/2025\/12\/la-roche-posay-la-roche-posay-pure-vitamine-c-yeux-15-ml-soins-contours-yeux.jpg","width":700,"height":700},{"@type":"BreadcrumbList","@id":"https:\/\/paracherkaoui.ma\/index.php\/produit\/la-roche-posay-pure-vitamine-c-yeux-15-ml-2\/#breadcrumb","itemListElement":[{"@type":"ListItem","position":1,"name":"Accueil","item":"https:\/\/paracherkaoui.ma\/"},{"@type":"ListItem","position":2,"name":"Boutique","item":"https:\/\/paracherkaoui.ma\/index.php\/boutique\/"},{"@type":"ListItem","position":3,"name":"LA ROCHE POSAY PURE VITAMINE C YEUX 15 ML"}]},{"@type":"WebSite","@id":"https:\/\/paracherkaoui.ma\/#website","url":"https:\/\/paracherkaoui.ma\/","name":"Paracherkaoui.ma","description":"Achetez en ligne sur Paracherkaoui.ma","potentialAction":[{"@type":"SearchAction","target":{"@type":"EntryPoint","urlTemplate":"https:\/\/paracherkaoui.ma\/?s={search_term_string}"},"query-input":{"@type":"PropertyValueSpecification","valueRequired":true,"valueName":"search_term_string"}}],"inLanguage":"fr-FR"}]}},"_links":{"self":[{"href":"https:\/\/paracherkaoui.ma\/index.php\/wp-json\/wp\/v2\/product\/14052","targetHints":{"allow":["GET"]}}],"collection":[{"href":"https:\/\/paracherkaoui.ma\/index.php\/wp-json\/wp\/v2\/product"}],"about":[{"href":"https:\/\/paracherkaoui.ma\/index.php\/wp-json\/wp\/v2\/types\/product"}],"replies":[{"embeddable":true,"href":"https:\/\/paracherkaoui.ma\/index.php\/wp-json\/wp\/v2\/comments?post=14052"}],"version-history":[{"count":1,"href":"https:\/\/paracherkaoui.ma\/index.php\/wp-json\/wp\/v2\/product\/14052\/revisions"}],"predecessor-version":[{"id":14091,"href":"https:\/\/paracherkaoui.ma\/index.php\/wp-json\/wp\/v2\/product\/14052\/revisions\/14091"}],"wp:featuredmedia":[{"embeddable":true,"href":"https:\/\/paracherkaoui.ma\/index.php\/wp-json\/wp\/v2\/media\/11811"}],"wp:attachment":[{"href":"https:\/\/paracherkaoui.ma\/index.php\/wp-json\/wp\/v2\/media?parent=14052"}],"wp:term":[{"taxonomy":"product_brand","embeddable":true,"href":"https:\/\/paracherkaoui.ma\/index.php\/wp-json\/wp\/v2\/product_brand?post=14052"},{"taxonomy":"product_cat","embeddable":true,"href":"https:\/\/paracherkaoui.ma\/index.php\/wp-json\/wp\/v2\/product_cat?post=14052"},{"taxonomy":"product_tag","embeddable":true,"href":"https:\/\/paracherkaoui.ma\/index.php\/wp-json\/wp\/v2\/product_tag?post=14052"}],"curies":[{"name":"wp","href":"https:\/\/api.w.org\/{rel}","templated":true}]}}