{"id":14051,"date":"2025-12-12T17:49:14","date_gmt":"2025-12-12T16:49:14","guid":{"rendered":"https:\/\/test.ecbeaute.com\/?post_type=product&#038;p=14051"},"modified":"2025-12-12T17:49:27","modified_gmt":"2025-12-12T16:49:27","slug":"la-roche-posay-pigmentclar-correcteur-anti-cernes-15-ml-2","status":"publish","type":"product","link":"https:\/\/paracherkaoui.ma\/index.php\/produit\/la-roche-posay-pigmentclar-correcteur-anti-cernes-15-ml-2\/","title":{"rendered":"LA ROCHE POSAY PIGMENTCLAR CORRECTEUR ANTI CERNES 15 ML"},"content":{"rendered":"<p>aroche posay pigmentclar Correcteur anti-cernes r\u00e9uniformisant concentr\u00e9 en [PhE-R\u00e9sorcinol + Caf\u00e9ine] r\u00e9duit significativement l\u2019apparence des cernes bleus dus \u00e0 une mauvaise circulation et des cernes bruns li\u00e9s \u00e0 une surproduction de m\u00e9lanine. Sa texture enrichie en pigments r\u00e9flecteurs lumi\u00e8re, associ\u00e9e \u00e0 un applicateur m\u00e9tal rafraichissant, illumine le regard.<\/p>\n","protected":false},"excerpt":{"rendered":"<p>aroche posay pigmentclar Correcteur anti-cernes r\u00e9uniformisant concentr\u00e9 en [PhE-R\u00e9sorcinol + Caf\u00e9ine] r\u00e9duit significativement l\u2019apparence des cernes bleus dus \u00e0 une<\/p>\n","protected":false},"featured_media":11757,"comment_status":"open","ping_status":"closed","template":"","meta":[],"product_brand":[132],"product_cat":[175],"product_tag":[],"class_list":{"0":"post-14051","1":"product","2":"type-product","3":"status-publish","4":"has-post-thumbnail","6":"product_brand-la-roche-posay","7":"product_cat-soins-contour-des-yeux","9":"first","10":"instock","11":"sale","12":"shipping-taxable","13":"purchasable","14":"product-type-simple"},"yoast_head":"<!-- This site is optimized with the Yoast SEO plugin v26.6 - https:\/\/yoast.com\/wordpress\/plugins\/seo\/ -->\r\n<title>LA ROCHE POSAY PIGMENTCLAR CORRECTEUR ANTI CERNES 15 ML - Paracherkaoui.ma<\/title>\r\n<meta name=\"robots\" content=\"index, follow, max-snippet:-1, max-image-preview:large, max-video-preview:-1\" \/>\r\n<link rel=\"canonical\" href=\"https:\/\/paracherkaoui.ma\/index.php\/produit\/la-roche-posay-pigmentclar-correcteur-anti-cernes-15-ml-2\/\" \/>\r\n<meta property=\"og:locale\" content=\"fr_FR\" \/>\r\n<meta property=\"og:type\" content=\"article\" \/>\r\n<meta property=\"og:title\" content=\"LA ROCHE POSAY PIGMENTCLAR CORRECTEUR ANTI CERNES 15 ML - Paracherkaoui.ma\" \/>\r\n<meta property=\"og:description\" content=\"aroche posay pigmentclar Correcteur anti-cernes r\u00e9uniformisant concentr\u00e9 en [PhE-R\u00e9sorcinol + Caf\u00e9ine] r\u00e9duit significativement l\u2019apparence des cernes bleus dus \u00e0 une\" \/>\r\n<meta property=\"og:url\" content=\"https:\/\/paracherkaoui.ma\/index.php\/produit\/la-roche-posay-pigmentclar-correcteur-anti-cernes-15-ml-2\/\" \/>\r\n<meta property=\"og:site_name\" content=\"Paracherkaoui.ma\" \/>\r\n<meta property=\"article:modified_time\" content=\"2025-12-12T16:49:27+00:00\" \/>\r\n<meta property=\"og:image\" content=\"https:\/\/paracherkaoui.ma\/wp-content\/uploads\/2025\/12\/la-roche-posay-la-roche-posay-pigmentclar-correcteur-anti-cernes-15-ml-soins-contours-yeux.jpg\" \/>\r\n\t<meta property=\"og:image:width\" content=\"700\" \/>\r\n\t<meta property=\"og:image:height\" content=\"700\" \/>\r\n\t<meta property=\"og:image:type\" content=\"image\/jpeg\" \/>\r\n<meta name=\"twitter:card\" content=\"summary_large_image\" \/>\r\n<script type=\"application\/ld+json\" class=\"yoast-schema-graph\">{\"@context\":\"https:\/\/schema.org\",\"@graph\":[{\"@type\":\"WebPage\",\"@id\":\"https:\/\/paracherkaoui.ma\/index.php\/produit\/la-roche-posay-pigmentclar-correcteur-anti-cernes-15-ml-2\/\",\"url\":\"https:\/\/paracherkaoui.ma\/index.php\/produit\/la-roche-posay-pigmentclar-correcteur-anti-cernes-15-ml-2\/\",\"name\":\"LA ROCHE POSAY PIGMENTCLAR CORRECTEUR ANTI CERNES 15 ML - Paracherkaoui.ma\",\"isPartOf\":{\"@id\":\"https:\/\/paracherkaoui.ma\/#website\"},\"primaryImageOfPage\":{\"@id\":\"https:\/\/paracherkaoui.ma\/index.php\/produit\/la-roche-posay-pigmentclar-correcteur-anti-cernes-15-ml-2\/#primaryimage\"},\"image\":{\"@id\":\"https:\/\/paracherkaoui.ma\/index.php\/produit\/la-roche-posay-pigmentclar-correcteur-anti-cernes-15-ml-2\/#primaryimage\"},\"thumbnailUrl\":\"https:\/\/paracherkaoui.ma\/wp-content\/uploads\/2025\/12\/la-roche-posay-la-roche-posay-pigmentclar-correcteur-anti-cernes-15-ml-soins-contours-yeux.jpg\",\"datePublished\":\"2025-12-12T16:49:14+00:00\",\"dateModified\":\"2025-12-12T16:49:27+00:00\",\"breadcrumb\":{\"@id\":\"https:\/\/paracherkaoui.ma\/index.php\/produit\/la-roche-posay-pigmentclar-correcteur-anti-cernes-15-ml-2\/#breadcrumb\"},\"inLanguage\":\"fr-FR\",\"potentialAction\":[{\"@type\":\"ReadAction\",\"target\":[\"https:\/\/paracherkaoui.ma\/index.php\/produit\/la-roche-posay-pigmentclar-correcteur-anti-cernes-15-ml-2\/\"]}]},{\"@type\":\"ImageObject\",\"inLanguage\":\"fr-FR\",\"@id\":\"https:\/\/paracherkaoui.ma\/index.php\/produit\/la-roche-posay-pigmentclar-correcteur-anti-cernes-15-ml-2\/#primaryimage\",\"url\":\"https:\/\/paracherkaoui.ma\/wp-content\/uploads\/2025\/12\/la-roche-posay-la-roche-posay-pigmentclar-correcteur-anti-cernes-15-ml-soins-contours-yeux.jpg\",\"contentUrl\":\"https:\/\/paracherkaoui.ma\/wp-content\/uploads\/2025\/12\/la-roche-posay-la-roche-posay-pigmentclar-correcteur-anti-cernes-15-ml-soins-contours-yeux.jpg\",\"width\":700,\"height\":700},{\"@type\":\"BreadcrumbList\",\"@id\":\"https:\/\/paracherkaoui.ma\/index.php\/produit\/la-roche-posay-pigmentclar-correcteur-anti-cernes-15-ml-2\/#breadcrumb\",\"itemListElement\":[{\"@type\":\"ListItem\",\"position\":1,\"name\":\"Accueil\",\"item\":\"https:\/\/paracherkaoui.ma\/\"},{\"@type\":\"ListItem\",\"position\":2,\"name\":\"Boutique\",\"item\":\"https:\/\/paracherkaoui.ma\/index.php\/boutique\/\"},{\"@type\":\"ListItem\",\"position\":3,\"name\":\"LA ROCHE POSAY PIGMENTCLAR CORRECTEUR ANTI CERNES 15 ML\"}]},{\"@type\":\"WebSite\",\"@id\":\"https:\/\/paracherkaoui.ma\/#website\",\"url\":\"https:\/\/paracherkaoui.ma\/\",\"name\":\"Paracherkaoui.ma\",\"description\":\"Achetez en ligne sur Paracherkaoui.ma\",\"potentialAction\":[{\"@type\":\"SearchAction\",\"target\":{\"@type\":\"EntryPoint\",\"urlTemplate\":\"https:\/\/paracherkaoui.ma\/?s={search_term_string}\"},\"query-input\":{\"@type\":\"PropertyValueSpecification\",\"valueRequired\":true,\"valueName\":\"search_term_string\"}}],\"inLanguage\":\"fr-FR\"}]}<\/script>\r\n<!-- \/ Yoast SEO plugin. -->","yoast_head_json":{"title":"LA ROCHE POSAY PIGMENTCLAR CORRECTEUR ANTI CERNES 15 ML - Paracherkaoui.ma","robots":{"index":"index","follow":"follow","max-snippet":"max-snippet:-1","max-image-preview":"max-image-preview:large","max-video-preview":"max-video-preview:-1"},"canonical":"https:\/\/paracherkaoui.ma\/index.php\/produit\/la-roche-posay-pigmentclar-correcteur-anti-cernes-15-ml-2\/","og_locale":"fr_FR","og_type":"article","og_title":"LA ROCHE POSAY PIGMENTCLAR CORRECTEUR ANTI CERNES 15 ML - Paracherkaoui.ma","og_description":"aroche posay pigmentclar Correcteur anti-cernes r\u00e9uniformisant concentr\u00e9 en [PhE-R\u00e9sorcinol + Caf\u00e9ine] r\u00e9duit significativement l\u2019apparence des cernes bleus dus \u00e0 une","og_url":"https:\/\/paracherkaoui.ma\/index.php\/produit\/la-roche-posay-pigmentclar-correcteur-anti-cernes-15-ml-2\/","og_site_name":"Paracherkaoui.ma","article_modified_time":"2025-12-12T16:49:27+00:00","og_image":[{"width":700,"height":700,"url":"https:\/\/paracherkaoui.ma\/wp-content\/uploads\/2025\/12\/la-roche-posay-la-roche-posay-pigmentclar-correcteur-anti-cernes-15-ml-soins-contours-yeux.jpg","type":"image\/jpeg"}],"twitter_card":"summary_large_image","schema":{"@context":"https:\/\/schema.org","@graph":[{"@type":"WebPage","@id":"https:\/\/paracherkaoui.ma\/index.php\/produit\/la-roche-posay-pigmentclar-correcteur-anti-cernes-15-ml-2\/","url":"https:\/\/paracherkaoui.ma\/index.php\/produit\/la-roche-posay-pigmentclar-correcteur-anti-cernes-15-ml-2\/","name":"LA ROCHE POSAY PIGMENTCLAR CORRECTEUR ANTI CERNES 15 ML - Paracherkaoui.ma","isPartOf":{"@id":"https:\/\/paracherkaoui.ma\/#website"},"primaryImageOfPage":{"@id":"https:\/\/paracherkaoui.ma\/index.php\/produit\/la-roche-posay-pigmentclar-correcteur-anti-cernes-15-ml-2\/#primaryimage"},"image":{"@id":"https:\/\/paracherkaoui.ma\/index.php\/produit\/la-roche-posay-pigmentclar-correcteur-anti-cernes-15-ml-2\/#primaryimage"},"thumbnailUrl":"https:\/\/paracherkaoui.ma\/wp-content\/uploads\/2025\/12\/la-roche-posay-la-roche-posay-pigmentclar-correcteur-anti-cernes-15-ml-soins-contours-yeux.jpg","datePublished":"2025-12-12T16:49:14+00:00","dateModified":"2025-12-12T16:49:27+00:00","breadcrumb":{"@id":"https:\/\/paracherkaoui.ma\/index.php\/produit\/la-roche-posay-pigmentclar-correcteur-anti-cernes-15-ml-2\/#breadcrumb"},"inLanguage":"fr-FR","potentialAction":[{"@type":"ReadAction","target":["https:\/\/paracherkaoui.ma\/index.php\/produit\/la-roche-posay-pigmentclar-correcteur-anti-cernes-15-ml-2\/"]}]},{"@type":"ImageObject","inLanguage":"fr-FR","@id":"https:\/\/paracherkaoui.ma\/index.php\/produit\/la-roche-posay-pigmentclar-correcteur-anti-cernes-15-ml-2\/#primaryimage","url":"https:\/\/paracherkaoui.ma\/wp-content\/uploads\/2025\/12\/la-roche-posay-la-roche-posay-pigmentclar-correcteur-anti-cernes-15-ml-soins-contours-yeux.jpg","contentUrl":"https:\/\/paracherkaoui.ma\/wp-content\/uploads\/2025\/12\/la-roche-posay-la-roche-posay-pigmentclar-correcteur-anti-cernes-15-ml-soins-contours-yeux.jpg","width":700,"height":700},{"@type":"BreadcrumbList","@id":"https:\/\/paracherkaoui.ma\/index.php\/produit\/la-roche-posay-pigmentclar-correcteur-anti-cernes-15-ml-2\/#breadcrumb","itemListElement":[{"@type":"ListItem","position":1,"name":"Accueil","item":"https:\/\/paracherkaoui.ma\/"},{"@type":"ListItem","position":2,"name":"Boutique","item":"https:\/\/paracherkaoui.ma\/index.php\/boutique\/"},{"@type":"ListItem","position":3,"name":"LA ROCHE POSAY PIGMENTCLAR CORRECTEUR ANTI CERNES 15 ML"}]},{"@type":"WebSite","@id":"https:\/\/paracherkaoui.ma\/#website","url":"https:\/\/paracherkaoui.ma\/","name":"Paracherkaoui.ma","description":"Achetez en ligne sur Paracherkaoui.ma","potentialAction":[{"@type":"SearchAction","target":{"@type":"EntryPoint","urlTemplate":"https:\/\/paracherkaoui.ma\/?s={search_term_string}"},"query-input":{"@type":"PropertyValueSpecification","valueRequired":true,"valueName":"search_term_string"}}],"inLanguage":"fr-FR"}]}},"_links":{"self":[{"href":"https:\/\/paracherkaoui.ma\/index.php\/wp-json\/wp\/v2\/product\/14051","targetHints":{"allow":["GET"]}}],"collection":[{"href":"https:\/\/paracherkaoui.ma\/index.php\/wp-json\/wp\/v2\/product"}],"about":[{"href":"https:\/\/paracherkaoui.ma\/index.php\/wp-json\/wp\/v2\/types\/product"}],"replies":[{"embeddable":true,"href":"https:\/\/paracherkaoui.ma\/index.php\/wp-json\/wp\/v2\/comments?post=14051"}],"version-history":[{"count":1,"href":"https:\/\/paracherkaoui.ma\/index.php\/wp-json\/wp\/v2\/product\/14051\/revisions"}],"predecessor-version":[{"id":14089,"href":"https:\/\/paracherkaoui.ma\/index.php\/wp-json\/wp\/v2\/product\/14051\/revisions\/14089"}],"wp:featuredmedia":[{"embeddable":true,"href":"https:\/\/paracherkaoui.ma\/index.php\/wp-json\/wp\/v2\/media\/11757"}],"wp:attachment":[{"href":"https:\/\/paracherkaoui.ma\/index.php\/wp-json\/wp\/v2\/media?parent=14051"}],"wp:term":[{"taxonomy":"product_brand","embeddable":true,"href":"https:\/\/paracherkaoui.ma\/index.php\/wp-json\/wp\/v2\/product_brand?post=14051"},{"taxonomy":"product_cat","embeddable":true,"href":"https:\/\/paracherkaoui.ma\/index.php\/wp-json\/wp\/v2\/product_cat?post=14051"},{"taxonomy":"product_tag","embeddable":true,"href":"https:\/\/paracherkaoui.ma\/index.php\/wp-json\/wp\/v2\/product_tag?post=14051"}],"curies":[{"name":"wp","href":"https:\/\/api.w.org\/{rel}","templated":true}]}}