{"id":14009,"date":"2025-12-12T17:49:10","date_gmt":"2025-12-12T16:49:10","guid":{"rendered":"https:\/\/test.ecbeaute.com\/?post_type=product&#038;p=14009"},"modified":"2025-12-12T17:49:13","modified_gmt":"2025-12-12T16:49:13","slug":"cerave-creme-reparatrice-contour-yeux-14-ml","status":"publish","type":"product","link":"https:\/\/paracherkaoui.ma\/index.php\/produit\/cerave-creme-reparatrice-contour-yeux-14-ml\/","title":{"rendered":"CERAVE CREME REPARATRICE CONTOUR YEUX 14 ML"},"content":{"rendered":"<p>.elementor-209 .elementor-element.elementor-element-2a8bf62f .elementor-tab-title, .elementor-209 .elementor-element.elementor-element-2a8bf62f .elementor-tab-title:before, .elementor-209 .elementor-element.elementor-element-2a8bf62f .elementor-tab-title:after, .elementor-209 .elementor-element.elementor-element-2a8bf62f .elementor-tab-content, .elementor-209 .elementor-element.elementor-element-2a8bf62f .elementor-tabs-content-wrapper{border-width:0.5px;}.elementor-209 .elementor-element.elementor-element-2a8bf62f .elementor-tab-title{color:#000000;}.elementor-209 .elementor-element.elementor-element-2a8bf62f .elementor-tab-title.elementor-active{color:#00a28d;}.elementor-209 .elementor-element.elementor-element-2a8bf62f .elementor-tab-content{color:#000000;}.elementor-209 .elementor-element.elementor-element-6a059c3e .axps-swiper-slider .swiper-slide img{width:auto;}.elementor-209 .elementor-element.elementor-element-6a059c3e .wrapper-items:not(.swiper-container-initialized) .item{-ms-flex:0 0 calc(100%\/4);flex:0 0 calc(100%\/4);max-width:calc(100%\/4);}.elementor-209 .elementor-element.elementor-element-6a059c3e .wrapper-items .swiper-slide{padding-left:calc(30px\/2);padding-right:calc(30px\/2);}.elementor-209 .elementor-element.elementor-element-6a059c3e .wrapper-items .swiper-slide .item-inner{margin-bottom:30px;}.elementor-209 .elementor-element.elementor-element-6a059c3e .wrapper-items{margin-left:calc(-30px\/2);margin-right:calc(-30px\/2);}.elementor-209 .elementor-element.elementor-element-6a059c3e .swiper-wrapper .item-inner{text-align:center;}.elementor-209 .elementor-element.elementor-element-44324b8c{margin-top:-16px;margin-bottom:0px;}.elementor-209 .elementor-element.elementor-element-5a9c8703 > .elementor-widget-container{margin:-8px 0px 0px 0px;}.elementor-209 .elementor-element.elementor-element-20a10648 > .elementor-widget-container{margin:-8px 0px 0px 0px;}.elementor-209 .elementor-element.elementor-element-24cde59e > .elementor-widget-container{margin:-8px 0px 0px 0px;}.elementor-209 .elementor-element.elementor-element-403f0692 > .elementor-widget-container{margin:-8px 0px 0px 0px;}.elementor-209 .elementor-element.elementor-element-5d4766cd > .elementor-widget-container{margin:-8px 0px 0px 0px;}.elementor-209 .elementor-element.elementor-element-8b7e666{margin-top:-16px;margin-bottom:0px;}.elementor-209 .elementor-element.elementor-element-1e1d68a9 > .elementor-widget-container{margin:-46px 0px 0px 0px;}.elementor-209 .elementor-element.elementor-element-748ef4e1 > .elementor-widget-container{margin:-46px 0px 0px 0px;}.elementor-209 .elementor-element.elementor-element-4ce14cdc > .elementor-widget-container{margin:-46px 0px 0px 0px;}@media(max-width:1024px){.elementor-209 .elementor-element.elementor-element-6a059c3e .wrapper-items:not(.swiper-container-initialized) .item{-ms-flex:0 0 calc(100%\/4);flex:0 0 calc(100%\/4);max-width:calc(100%\/4);}.elementor-209 .elementor-element.elementor-element-6a059c3e .wrapper-items .swiper-slide{padding-left:calc(20px\/2);padding-right:calc(20px\/2);}.elementor-209 .elementor-element.elementor-element-6a059c3e .wrapper-items .swiper-slide .item-inner{margin-bottom:20px;}.elementor-209 .elementor-element.elementor-element-6a059c3e .wrapper-items{margin-left:calc(-20px\/2);margin-right:calc(-20px\/2);}.elementor-209 .elementor-element.elementor-element-5a9c8703 > .elementor-widget-container{margin:-33px 0px 0px 0px;}.elementor-209 .elementor-element.elementor-element-20a10648 > .elementor-widget-container{margin:-33px 0px 0px 0px;}.elementor-209 .elementor-element.elementor-element-24cde59e > .elementor-widget-container{margin:-33px 0px 0px 0px;}.elementor-209 .elementor-element.elementor-element-403f0692 > .elementor-widget-container{margin:-33px 0px 0px 0px;}.elementor-209 .elementor-element.elementor-element-5d4766cd > .elementor-widget-container{margin:-33px 0px 0px 0px;}.elementor-209 .elementor-element.elementor-element-1e1d68a9 > .elementor-widget-container{margin:-33px 0px 0px 0px;}.elementor-209 .elementor-element.elementor-element-748ef4e1 > .elementor-widget-container{margin:-33px 0px 0px 0px;}.elementor-209 .elementor-element.elementor-element-4ce14cdc > .elementor-widget-container{margin:-33px 0px 0px 0px;}}@media(max-width:767px){.elementor-209 .elementor-element.elementor-element-6a059c3e .wrapper-items:not(.swiper-container-initialized) .item{-ms-flex:0 0 calc(100%\/4);flex:0 0 calc(100%\/4);max-width:calc(100%\/4);}.elementor-209 .elementor-element.elementor-element-6a059c3e .wrapper-items .swiper-slide{padding-left:calc(10px\/2);padding-right:calc(10px\/2);}.elementor-209 .elementor-element.elementor-element-6a059c3e .wrapper-items .swiper-slide .item-inner{margin-bottom:10px;}.elementor-209 .elementor-element.elementor-element-6a059c3e .wrapper-items{margin-left:calc(-10px\/2);margin-right:calc(-10px\/2);}.elementor-209 .elementor-element.elementor-element-1bb8f51b{width:50%;}.elementor-209 .elementor-element.elementor-element-5a9c8703 > .elementor-widget-container{margin:-26px 0px 0px 0px;}.elementor-209 .elementor-element.elementor-element-5f86f19e{width:50%;}.elementor-209 .elementor-element.elementor-element-20a10648 > .elementor-widget-container{margin:-26px 0px 0px 0px;}.elementor-209 .elementor-element.elementor-element-137c23ce{width:50%;}.elementor-209 .elementor-element.elementor-element-24cde59e > .elementor-widget-container{margin:-26px 0px 0px 0px;}.elementor-209 .elementor-element.elementor-element-3486e844{width:50%;}.elementor-209 .elementor-element.elementor-element-403f0692 > .elementor-widget-container{margin:-26px 0px 0px 0px;}.elementor-209 .elementor-element.elementor-element-7016af6c{width:50%;}.elementor-209 .elementor-element.elementor-element-5d4766cd > .elementor-widget-container{margin:-26px 0px 0px 0px;}.elementor-209 .elementor-element.elementor-element-5a58dd35{width:50%;}.elementor-209 .elementor-element.elementor-element-1e1d68a9 > .elementor-widget-container{margin:-26px 0px 0px 0px;}.elementor-209 .elementor-element.elementor-element-3aaf9b18{width:50%;}.elementor-209 .elementor-element.elementor-element-748ef4e1 > .elementor-widget-container{margin:-26px 0px 0px 0px;}.elementor-209 .elementor-element.elementor-element-5887fdf1{width:50%;}.elementor-209 .elementor-element.elementor-element-4ce14cdc > .elementor-widget-container{margin:-26px 0px 0px 0px;}} Description Conseils d&rsquo;utilisation Composition Description Au c\u0153ur de sa formule innovante, vous retrouvez le complexe unique de\u00a0trois c\u00e9ramides essentiels (1, 3 et 6-II), signature de CeraVe. Ces lipides vitaux agissent en synergie pour restaurer et maintenir l&rsquo;int\u00e9grit\u00e9 de la barri\u00e8re cutan\u00e9e, aidant ainsi \u00e0 pr\u00e9venir la perte d&rsquo;hydratation et \u00e0 prot\u00e9ger la peau des agressions ext\u00e9rieures. L&rsquo;ajout d&rsquo;acide hyaluronique\u00a0vient compl\u00e9ter cette action hydratante en profondeur, repulpant la peau et lui redonnant souplesse et douceur. Mais cette\u00a0cr\u00e8me ne s&rsquo;arr\u00eate pas \u00e0 l&rsquo;hydratation. Elle int\u00e8gre \u00e9galement un puissant\u00a0extrait de plantes marines, sp\u00e9cifiquement s\u00e9lectionn\u00e9 pour sa capacit\u00e9 \u00e0\u00a0att\u00e9nuer visiblement l&rsquo;apparence des cernes et des poches. Jour apr\u00e8s jour, votre regard para\u00eet plus frais, plus repos\u00e9 et visiblement plus lumineux. Sa texture l\u00e9g\u00e8re et fluide p\u00e9n\u00e8tre rapidement sans laisser de film gras, ce qui la rend id\u00e9ale pour une utilisation matin et soir, m\u00eame avant l&rsquo;application de votre maquillage. La\u00a0Cr\u00e8me R\u00e9paratrice Contour des Yeux CeraVe\u00a0est formul\u00e9e dans le respect des peaux les plus sensibles. Elle est\u00a0sans parfum\u00a0et\u00a0non-com\u00e9dog\u00e8ne, minimisant ainsi les risques d&rsquo;irritation et d&rsquo;obstruction des pores. Vous pouvez donc l&rsquo;int\u00e9grer en toute confiance \u00e0 votre routine de soin quotidienne, quel que soit votre type de peau. En choisissant la Cr\u00e8me R\u00e9paratrice Contour des Yeux CeraVe, vous optez pour un soin cibl\u00e9 qui : R\u00e9duit visiblement les cernes et les poches\u00a0pour un regard plus \u00e9veill\u00e9. Aide \u00e0 restaurer la barri\u00e8re protectrice de la peau\u00a0gr\u00e2ce aux 3 c\u00e9ramides essentiels. Maintient une hydratation optimale\u00a0gr\u00e2ce \u00e0 l&rsquo;acide hyaluronique. Lisse et adoucit la peau\u00a0du contour de l&rsquo;\u0153il. Laisse le contour de l&rsquo;\u0153il \u00e9clatant de sant\u00e9. Est formul\u00e9e sans parfum et est non-com\u00e9dog\u00e8ne\u00a0pour une tol\u00e9rance optimale. B\u00e9n\u00e9ficie de la technologie MVE\u00a0pour une diffusion prolong\u00e9e des actifs. Offrez \u00e0 votre regard l&rsquo;attention qu&rsquo;il m\u00e9rite avec la Cr\u00e8me R\u00e9paratrice Contour des Yeux CeraVe, le secret d&rsquo;un contour de l&rsquo;\u0153il visiblement transform\u00e9 et hydrat\u00e9 en continu. Conseils d&rsquo;utilisation Appliquez d\u00e9licatement une petite quantit\u00e9 de Cr\u00e8me R\u00e9paratrice Contour des Yeux CeraVe sur le contour de l&rsquo;\u0153il, matin et soir, apr\u00e8s avoir nettoy\u00e9 votre visage. Tapotez l\u00e9g\u00e8rement du bout des doigts jusqu&rsquo;\u00e0 absorption compl\u00e8te. \u00c9vitez tout contact direct avec les yeux. Pour des r\u00e9sultats optimaux, int\u00e9grez ce soin \u00e0 votre routine CeraVe habituelle. Composition AQUA\/WATER, GLYCERIN, CETEARYL ALCOHOL, PHENOXYETHANOL, STEARYL ALCOHOL, CETYL ALCOHOL, PEG-40 STEARATE, BEHENTRIMONIUM METHOSULFATE, GLYCERYL STEARATE, POLYSORBATE 20, ETHYLHEXYLGLYCERIN, POTASSIUM PHOSPHATE, DISODIUM EDTA, DIPOTASSIUM PHOSPHATE, SODIUM LAUROYL LACTYLATE, CERAMIDE NP, CERAMIDE AP, PHYTOSPHINGOSINE, CHOLESTEROL, SODIUM HYALURONATE, XANTHAN GUM, CARBOMER, TOCOPHEROL, CERAMIDE EOP. Ajouter au Panier Ajouter au Panier Ajouter au Panier Ajouter au Panier Ajouter au Panier Ajouter au Panier Ajouter au Panier Ajouter au Panier<\/p>\n","protected":false},"excerpt":{"rendered":"<p>.elementor-209 .elementor-element.elementor-element-2a8bf62f .elementor-tab-title, .elementor-209 .elementor-element.elementor-element-2a8bf62f .elementor-tab-title:before, .elementor-209 .elementor-element.elementor-element-2a8bf62f .elementor-tab-title:after, .elementor-209 .elementor-element.elementor-element-2a8bf62f .elementor-tab-content, .elementor-209 .elementor-element.elementor-element-2a8bf62f .elementor-tabs-content-wrapper{border-width:0.5px;}.elementor-209 .elementor-element.elementor-element-2a8bf62f .elementor-tab-title{color:#000000;}.elementor-209 .elementor-element.elementor-element-2a8bf62f .elementor-tab-title.elementor-active{color:#00a28d;}.elementor-209 .elementor-element.elementor-element-2a8bf62f<\/p>\n","protected":false},"featured_media":14046,"comment_status":"open","ping_status":"closed","template":"","meta":[],"product_brand":[131],"product_cat":[175],"product_tag":[],"class_list":{"0":"post-14009","1":"product","2":"type-product","3":"status-publish","4":"has-post-thumbnail","6":"product_brand-cerave","7":"product_cat-soins-contour-des-yeux","9":"first","10":"instock","11":"sale","12":"shipping-taxable","13":"purchasable","14":"product-type-simple"},"yoast_head":"<!-- This site is optimized with the Yoast SEO plugin v26.6 - https:\/\/yoast.com\/wordpress\/plugins\/seo\/ -->\r\n<title>CERAVE CREME REPARATRICE CONTOUR YEUX 14 ML - Paracherkaoui.ma<\/title>\r\n<meta name=\"robots\" content=\"index, follow, max-snippet:-1, max-image-preview:large, max-video-preview:-1\" \/>\r\n<link rel=\"canonical\" href=\"https:\/\/paracherkaoui.ma\/index.php\/produit\/cerave-creme-reparatrice-contour-yeux-14-ml\/\" \/>\r\n<meta property=\"og:locale\" content=\"fr_FR\" \/>\r\n<meta property=\"og:type\" content=\"article\" \/>\r\n<meta property=\"og:title\" content=\"CERAVE CREME REPARATRICE CONTOUR YEUX 14 ML - Paracherkaoui.ma\" \/>\r\n<meta property=\"og:description\" content=\".elementor-209 .elementor-element.elementor-element-2a8bf62f .elementor-tab-title, .elementor-209 .elementor-element.elementor-element-2a8bf62f .elementor-tab-title:before, .elementor-209 .elementor-element.elementor-element-2a8bf62f .elementor-tab-title:after, .elementor-209 .elementor-element.elementor-element-2a8bf62f .elementor-tab-content, .elementor-209 .elementor-element.elementor-element-2a8bf62f .elementor-tabs-content-wrapper{border-width:0.5px;}.elementor-209 .elementor-element.elementor-element-2a8bf62f .elementor-tab-title{color:#000000;}.elementor-209 .elementor-element.elementor-element-2a8bf62f .elementor-tab-title.elementor-active{color:#00a28d;}.elementor-209 .elementor-element.elementor-element-2a8bf62f\" \/>\r\n<meta property=\"og:url\" content=\"https:\/\/paracherkaoui.ma\/index.php\/produit\/cerave-creme-reparatrice-contour-yeux-14-ml\/\" \/>\r\n<meta property=\"og:site_name\" content=\"Paracherkaoui.ma\" \/>\r\n<meta property=\"article:modified_time\" content=\"2025-12-12T16:49:13+00:00\" \/>\r\n<meta property=\"og:image\" content=\"https:\/\/paracherkaoui.ma\/wp-content\/uploads\/2025\/12\/cerave-cerave-creme-reparatrice-contour-yeux-14-ml-soins-contours-yeux.jpg\" \/>\r\n\t<meta property=\"og:image:width\" content=\"700\" \/>\r\n\t<meta property=\"og:image:height\" content=\"700\" \/>\r\n\t<meta property=\"og:image:type\" content=\"image\/jpeg\" \/>\r\n<meta name=\"twitter:card\" content=\"summary_large_image\" \/>\r\n<meta name=\"twitter:label1\" content=\"Dur\u00e9e de lecture estim\u00e9e\" \/>\n\t<meta name=\"twitter:data1\" content=\"6 minutes\" \/>\r\n<script type=\"application\/ld+json\" class=\"yoast-schema-graph\">{\"@context\":\"https:\/\/schema.org\",\"@graph\":[{\"@type\":\"WebPage\",\"@id\":\"https:\/\/paracherkaoui.ma\/index.php\/produit\/cerave-creme-reparatrice-contour-yeux-14-ml\/\",\"url\":\"https:\/\/paracherkaoui.ma\/index.php\/produit\/cerave-creme-reparatrice-contour-yeux-14-ml\/\",\"name\":\"CERAVE CREME REPARATRICE CONTOUR YEUX 14 ML - Paracherkaoui.ma\",\"isPartOf\":{\"@id\":\"https:\/\/paracherkaoui.ma\/#website\"},\"primaryImageOfPage\":{\"@id\":\"https:\/\/paracherkaoui.ma\/index.php\/produit\/cerave-creme-reparatrice-contour-yeux-14-ml\/#primaryimage\"},\"image\":{\"@id\":\"https:\/\/paracherkaoui.ma\/index.php\/produit\/cerave-creme-reparatrice-contour-yeux-14-ml\/#primaryimage\"},\"thumbnailUrl\":\"https:\/\/paracherkaoui.ma\/wp-content\/uploads\/2025\/12\/cerave-cerave-creme-reparatrice-contour-yeux-14-ml-soins-contours-yeux.jpg\",\"datePublished\":\"2025-12-12T16:49:10+00:00\",\"dateModified\":\"2025-12-12T16:49:13+00:00\",\"breadcrumb\":{\"@id\":\"https:\/\/paracherkaoui.ma\/index.php\/produit\/cerave-creme-reparatrice-contour-yeux-14-ml\/#breadcrumb\"},\"inLanguage\":\"fr-FR\",\"potentialAction\":[{\"@type\":\"ReadAction\",\"target\":[\"https:\/\/paracherkaoui.ma\/index.php\/produit\/cerave-creme-reparatrice-contour-yeux-14-ml\/\"]}]},{\"@type\":\"ImageObject\",\"inLanguage\":\"fr-FR\",\"@id\":\"https:\/\/paracherkaoui.ma\/index.php\/produit\/cerave-creme-reparatrice-contour-yeux-14-ml\/#primaryimage\",\"url\":\"https:\/\/paracherkaoui.ma\/wp-content\/uploads\/2025\/12\/cerave-cerave-creme-reparatrice-contour-yeux-14-ml-soins-contours-yeux.jpg\",\"contentUrl\":\"https:\/\/paracherkaoui.ma\/wp-content\/uploads\/2025\/12\/cerave-cerave-creme-reparatrice-contour-yeux-14-ml-soins-contours-yeux.jpg\",\"width\":700,\"height\":700},{\"@type\":\"BreadcrumbList\",\"@id\":\"https:\/\/paracherkaoui.ma\/index.php\/produit\/cerave-creme-reparatrice-contour-yeux-14-ml\/#breadcrumb\",\"itemListElement\":[{\"@type\":\"ListItem\",\"position\":1,\"name\":\"Accueil\",\"item\":\"https:\/\/paracherkaoui.ma\/\"},{\"@type\":\"ListItem\",\"position\":2,\"name\":\"Boutique\",\"item\":\"https:\/\/paracherkaoui.ma\/index.php\/boutique\/\"},{\"@type\":\"ListItem\",\"position\":3,\"name\":\"CERAVE CREME REPARATRICE CONTOUR YEUX 14 ML\"}]},{\"@type\":\"WebSite\",\"@id\":\"https:\/\/paracherkaoui.ma\/#website\",\"url\":\"https:\/\/paracherkaoui.ma\/\",\"name\":\"Paracherkaoui.ma\",\"description\":\"Achetez en ligne sur Paracherkaoui.ma\",\"potentialAction\":[{\"@type\":\"SearchAction\",\"target\":{\"@type\":\"EntryPoint\",\"urlTemplate\":\"https:\/\/paracherkaoui.ma\/?s={search_term_string}\"},\"query-input\":{\"@type\":\"PropertyValueSpecification\",\"valueRequired\":true,\"valueName\":\"search_term_string\"}}],\"inLanguage\":\"fr-FR\"}]}<\/script>\r\n<!-- \/ Yoast SEO plugin. -->","yoast_head_json":{"title":"CERAVE CREME REPARATRICE CONTOUR YEUX 14 ML - Paracherkaoui.ma","robots":{"index":"index","follow":"follow","max-snippet":"max-snippet:-1","max-image-preview":"max-image-preview:large","max-video-preview":"max-video-preview:-1"},"canonical":"https:\/\/paracherkaoui.ma\/index.php\/produit\/cerave-creme-reparatrice-contour-yeux-14-ml\/","og_locale":"fr_FR","og_type":"article","og_title":"CERAVE CREME REPARATRICE CONTOUR YEUX 14 ML - Paracherkaoui.ma","og_description":".elementor-209 .elementor-element.elementor-element-2a8bf62f .elementor-tab-title, .elementor-209 .elementor-element.elementor-element-2a8bf62f .elementor-tab-title:before, .elementor-209 .elementor-element.elementor-element-2a8bf62f .elementor-tab-title:after, .elementor-209 .elementor-element.elementor-element-2a8bf62f .elementor-tab-content, .elementor-209 .elementor-element.elementor-element-2a8bf62f .elementor-tabs-content-wrapper{border-width:0.5px;}.elementor-209 .elementor-element.elementor-element-2a8bf62f .elementor-tab-title{color:#000000;}.elementor-209 .elementor-element.elementor-element-2a8bf62f .elementor-tab-title.elementor-active{color:#00a28d;}.elementor-209 .elementor-element.elementor-element-2a8bf62f","og_url":"https:\/\/paracherkaoui.ma\/index.php\/produit\/cerave-creme-reparatrice-contour-yeux-14-ml\/","og_site_name":"Paracherkaoui.ma","article_modified_time":"2025-12-12T16:49:13+00:00","og_image":[{"width":700,"height":700,"url":"https:\/\/paracherkaoui.ma\/wp-content\/uploads\/2025\/12\/cerave-cerave-creme-reparatrice-contour-yeux-14-ml-soins-contours-yeux.jpg","type":"image\/jpeg"}],"twitter_card":"summary_large_image","twitter_misc":{"Dur\u00e9e de lecture estim\u00e9e":"6 minutes"},"schema":{"@context":"https:\/\/schema.org","@graph":[{"@type":"WebPage","@id":"https:\/\/paracherkaoui.ma\/index.php\/produit\/cerave-creme-reparatrice-contour-yeux-14-ml\/","url":"https:\/\/paracherkaoui.ma\/index.php\/produit\/cerave-creme-reparatrice-contour-yeux-14-ml\/","name":"CERAVE CREME REPARATRICE CONTOUR YEUX 14 ML - Paracherkaoui.ma","isPartOf":{"@id":"https:\/\/paracherkaoui.ma\/#website"},"primaryImageOfPage":{"@id":"https:\/\/paracherkaoui.ma\/index.php\/produit\/cerave-creme-reparatrice-contour-yeux-14-ml\/#primaryimage"},"image":{"@id":"https:\/\/paracherkaoui.ma\/index.php\/produit\/cerave-creme-reparatrice-contour-yeux-14-ml\/#primaryimage"},"thumbnailUrl":"https:\/\/paracherkaoui.ma\/wp-content\/uploads\/2025\/12\/cerave-cerave-creme-reparatrice-contour-yeux-14-ml-soins-contours-yeux.jpg","datePublished":"2025-12-12T16:49:10+00:00","dateModified":"2025-12-12T16:49:13+00:00","breadcrumb":{"@id":"https:\/\/paracherkaoui.ma\/index.php\/produit\/cerave-creme-reparatrice-contour-yeux-14-ml\/#breadcrumb"},"inLanguage":"fr-FR","potentialAction":[{"@type":"ReadAction","target":["https:\/\/paracherkaoui.ma\/index.php\/produit\/cerave-creme-reparatrice-contour-yeux-14-ml\/"]}]},{"@type":"ImageObject","inLanguage":"fr-FR","@id":"https:\/\/paracherkaoui.ma\/index.php\/produit\/cerave-creme-reparatrice-contour-yeux-14-ml\/#primaryimage","url":"https:\/\/paracherkaoui.ma\/wp-content\/uploads\/2025\/12\/cerave-cerave-creme-reparatrice-contour-yeux-14-ml-soins-contours-yeux.jpg","contentUrl":"https:\/\/paracherkaoui.ma\/wp-content\/uploads\/2025\/12\/cerave-cerave-creme-reparatrice-contour-yeux-14-ml-soins-contours-yeux.jpg","width":700,"height":700},{"@type":"BreadcrumbList","@id":"https:\/\/paracherkaoui.ma\/index.php\/produit\/cerave-creme-reparatrice-contour-yeux-14-ml\/#breadcrumb","itemListElement":[{"@type":"ListItem","position":1,"name":"Accueil","item":"https:\/\/paracherkaoui.ma\/"},{"@type":"ListItem","position":2,"name":"Boutique","item":"https:\/\/paracherkaoui.ma\/index.php\/boutique\/"},{"@type":"ListItem","position":3,"name":"CERAVE CREME REPARATRICE CONTOUR YEUX 14 ML"}]},{"@type":"WebSite","@id":"https:\/\/paracherkaoui.ma\/#website","url":"https:\/\/paracherkaoui.ma\/","name":"Paracherkaoui.ma","description":"Achetez en ligne sur Paracherkaoui.ma","potentialAction":[{"@type":"SearchAction","target":{"@type":"EntryPoint","urlTemplate":"https:\/\/paracherkaoui.ma\/?s={search_term_string}"},"query-input":{"@type":"PropertyValueSpecification","valueRequired":true,"valueName":"search_term_string"}}],"inLanguage":"fr-FR"}]}},"_links":{"self":[{"href":"https:\/\/paracherkaoui.ma\/index.php\/wp-json\/wp\/v2\/product\/14009","targetHints":{"allow":["GET"]}}],"collection":[{"href":"https:\/\/paracherkaoui.ma\/index.php\/wp-json\/wp\/v2\/product"}],"about":[{"href":"https:\/\/paracherkaoui.ma\/index.php\/wp-json\/wp\/v2\/types\/product"}],"replies":[{"embeddable":true,"href":"https:\/\/paracherkaoui.ma\/index.php\/wp-json\/wp\/v2\/comments?post=14009"}],"version-history":[{"count":1,"href":"https:\/\/paracherkaoui.ma\/index.php\/wp-json\/wp\/v2\/product\/14009\/revisions"}],"predecessor-version":[{"id":14047,"href":"https:\/\/paracherkaoui.ma\/index.php\/wp-json\/wp\/v2\/product\/14009\/revisions\/14047"}],"wp:featuredmedia":[{"embeddable":true,"href":"https:\/\/paracherkaoui.ma\/index.php\/wp-json\/wp\/v2\/media\/14046"}],"wp:attachment":[{"href":"https:\/\/paracherkaoui.ma\/index.php\/wp-json\/wp\/v2\/media?parent=14009"}],"wp:term":[{"taxonomy":"product_brand","embeddable":true,"href":"https:\/\/paracherkaoui.ma\/index.php\/wp-json\/wp\/v2\/product_brand?post=14009"},{"taxonomy":"product_cat","embeddable":true,"href":"https:\/\/paracherkaoui.ma\/index.php\/wp-json\/wp\/v2\/product_cat?post=14009"},{"taxonomy":"product_tag","embeddable":true,"href":"https:\/\/paracherkaoui.ma\/index.php\/wp-json\/wp\/v2\/product_tag?post=14009"}],"curies":[{"name":"wp","href":"https:\/\/api.w.org\/{rel}","templated":true}]}}