{"id":13880,"date":"2025-12-12T17:48:48","date_gmt":"2025-12-12T16:48:48","guid":{"rendered":"https:\/\/test.ecbeaute.com\/?post_type=product&#038;p=13880"},"modified":"2025-12-12T17:48:51","modified_gmt":"2025-12-12T16:48:51","slug":"isdin-ureadin-fusion-nutritive-melting-creme-50-ml-2","status":"publish","type":"product","link":"https:\/\/paracherkaoui.ma\/index.php\/produit\/isdin-ureadin-fusion-nutritive-melting-creme-50-ml-2\/","title":{"rendered":"ISDIN UREADIN FUSION NUTRITIVE MELTING CREME 50 ML"},"content":{"rendered":"<p>Sa texture cr\u00e8me fondante p\u00e9n\u00e8tre instantan\u00e9ment sans effet gras, procurant un effet peau douce imm\u00e9diat. L\u2019Ur\u00e9e ISDIN \u00e0 3% garantit une hydratation longue dur\u00e9e, jusqu\u2019\u00e0 24 heures, tout en favorisant la r\u00e9tention d\u2019eau dans la couche corn\u00e9e. Associ\u00e9e \u00e0 la cr\u00e9atine, elle stimule efficacement le renouvellement cellulaire et aide \u00e0 pr\u00e9venir les premiers signes du vieillissement cutan\u00e9.<br \/>\nEnrichie en C\u00e9ramide-3, la cr\u00e8me renforce la barri\u00e8re cutan\u00e9e en apportant les lipides essentiels n\u00e9cessaires \u00e0 la structure de la peau. Le beurre de Shorea, aux propri\u00e9t\u00e9s \u00e9mollientes naturelles, contribue quant \u00e0 lui \u00e0 restaurer le film hydrolipidique de l\u2019\u00e9piderme et \u00e0 maintenir son \u00e9lasticit\u00e9.<br \/>\nCe soin complet, parfaitement adapt\u00e9 \u00e0 un usage quotidien, laisse la peau nourrie, apais\u00e9e et visiblement revitalis\u00e9e. Id\u00e9al pour une routine de soin anti-d\u00e9shydratation, Ureadin Fusion Melting Cream peut \u00eatre combin\u00e9 avec le fluide protecteur de jour de la m\u00eame gamme pour une efficacit\u00e9 renforc\u00e9e.<br \/>\nConseils d\u2019utilisation<br \/>\nAppliquer le soir sur une peau propre et s\u00e8che, sur le visage et le cou.<br \/>\nPour une nutrition renforc\u00e9e, appliquer \u00e9galement le matin avant le soin solaire ou la cr\u00e8me de jour.<br \/>\nAssocier id\u00e9alement avec Ureadin Fusion Fluid le matin pour un rituel complet hydratant et protecteur.<br \/>\nComposition<br \/>\nAqua (Water), Butyrospermum Parkii (Shea) Butter, Urea, Glycerin, Shorea Robusta Butter, Creatine, Ceramide NP, Caprylic\/Capric Triglyceride, Cetearyl Alcohol, Dimethicone, Isopropyl Myristate, Ceteareth-20, Phenoxyethanol, Ethylhexylglycerin, Disodium EDTA, Parfum (Fragrance)<\/p>\n","protected":false},"excerpt":{"rendered":"<p>Sa texture cr\u00e8me fondante p\u00e9n\u00e8tre instantan\u00e9ment sans effet gras, procurant un effet peau douce imm\u00e9diat. L\u2019Ur\u00e9e ISDIN \u00e0 3% garantit<\/p>\n","protected":false},"featured_media":11485,"comment_status":"open","ping_status":"closed","template":"","meta":[],"product_brand":[135],"product_cat":[173],"product_tag":[],"class_list":{"0":"post-13880","1":"product","2":"type-product","3":"status-publish","4":"has-post-thumbnail","6":"product_brand-isdin","7":"product_cat-cremes-et-soins-visage","9":"first","10":"instock","11":"sale","12":"shipping-taxable","13":"purchasable","14":"product-type-simple"},"yoast_head":"<!-- This site is optimized with the Yoast SEO plugin v26.6 - https:\/\/yoast.com\/wordpress\/plugins\/seo\/ -->\r\n<title>ISDIN UREADIN FUSION NUTRITIVE MELTING CREME 50 ML - Paracherkaoui.ma<\/title>\r\n<meta name=\"robots\" content=\"index, follow, max-snippet:-1, max-image-preview:large, max-video-preview:-1\" \/>\r\n<link rel=\"canonical\" href=\"https:\/\/paracherkaoui.ma\/index.php\/produit\/isdin-ureadin-fusion-nutritive-melting-creme-50-ml-2\/\" \/>\r\n<meta property=\"og:locale\" content=\"fr_FR\" \/>\r\n<meta property=\"og:type\" content=\"article\" \/>\r\n<meta property=\"og:title\" content=\"ISDIN UREADIN FUSION NUTRITIVE MELTING CREME 50 ML - Paracherkaoui.ma\" \/>\r\n<meta property=\"og:description\" content=\"Sa texture cr\u00e8me fondante p\u00e9n\u00e8tre instantan\u00e9ment sans effet gras, procurant un effet peau douce imm\u00e9diat. L\u2019Ur\u00e9e ISDIN \u00e0 3% garantit\" \/>\r\n<meta property=\"og:url\" content=\"https:\/\/paracherkaoui.ma\/index.php\/produit\/isdin-ureadin-fusion-nutritive-melting-creme-50-ml-2\/\" \/>\r\n<meta property=\"og:site_name\" content=\"Paracherkaoui.ma\" \/>\r\n<meta property=\"article:modified_time\" content=\"2025-12-12T16:48:51+00:00\" \/>\r\n<meta property=\"og:image\" content=\"https:\/\/paracherkaoui.ma\/wp-content\/uploads\/2025\/12\/isdin-isdin-ureadin-fusion-nutritive-melting-creme-50-ml-visage.jpg\" \/>\r\n\t<meta property=\"og:image:width\" content=\"700\" \/>\r\n\t<meta property=\"og:image:height\" content=\"700\" \/>\r\n\t<meta property=\"og:image:type\" content=\"image\/jpeg\" \/>\r\n<meta name=\"twitter:card\" content=\"summary_large_image\" \/>\r\n<meta name=\"twitter:label1\" content=\"Dur\u00e9e de lecture estim\u00e9e\" \/>\n\t<meta name=\"twitter:data1\" content=\"1 minute\" \/>\r\n<script type=\"application\/ld+json\" class=\"yoast-schema-graph\">{\"@context\":\"https:\/\/schema.org\",\"@graph\":[{\"@type\":\"WebPage\",\"@id\":\"https:\/\/paracherkaoui.ma\/index.php\/produit\/isdin-ureadin-fusion-nutritive-melting-creme-50-ml-2\/\",\"url\":\"https:\/\/paracherkaoui.ma\/index.php\/produit\/isdin-ureadin-fusion-nutritive-melting-creme-50-ml-2\/\",\"name\":\"ISDIN UREADIN FUSION NUTRITIVE MELTING CREME 50 ML - Paracherkaoui.ma\",\"isPartOf\":{\"@id\":\"https:\/\/paracherkaoui.ma\/#website\"},\"primaryImageOfPage\":{\"@id\":\"https:\/\/paracherkaoui.ma\/index.php\/produit\/isdin-ureadin-fusion-nutritive-melting-creme-50-ml-2\/#primaryimage\"},\"image\":{\"@id\":\"https:\/\/paracherkaoui.ma\/index.php\/produit\/isdin-ureadin-fusion-nutritive-melting-creme-50-ml-2\/#primaryimage\"},\"thumbnailUrl\":\"https:\/\/paracherkaoui.ma\/wp-content\/uploads\/2025\/12\/isdin-isdin-ureadin-fusion-nutritive-melting-creme-50-ml-visage.jpg\",\"datePublished\":\"2025-12-12T16:48:48+00:00\",\"dateModified\":\"2025-12-12T16:48:51+00:00\",\"breadcrumb\":{\"@id\":\"https:\/\/paracherkaoui.ma\/index.php\/produit\/isdin-ureadin-fusion-nutritive-melting-creme-50-ml-2\/#breadcrumb\"},\"inLanguage\":\"fr-FR\",\"potentialAction\":[{\"@type\":\"ReadAction\",\"target\":[\"https:\/\/paracherkaoui.ma\/index.php\/produit\/isdin-ureadin-fusion-nutritive-melting-creme-50-ml-2\/\"]}]},{\"@type\":\"ImageObject\",\"inLanguage\":\"fr-FR\",\"@id\":\"https:\/\/paracherkaoui.ma\/index.php\/produit\/isdin-ureadin-fusion-nutritive-melting-creme-50-ml-2\/#primaryimage\",\"url\":\"https:\/\/paracherkaoui.ma\/wp-content\/uploads\/2025\/12\/isdin-isdin-ureadin-fusion-nutritive-melting-creme-50-ml-visage.jpg\",\"contentUrl\":\"https:\/\/paracherkaoui.ma\/wp-content\/uploads\/2025\/12\/isdin-isdin-ureadin-fusion-nutritive-melting-creme-50-ml-visage.jpg\",\"width\":700,\"height\":700},{\"@type\":\"BreadcrumbList\",\"@id\":\"https:\/\/paracherkaoui.ma\/index.php\/produit\/isdin-ureadin-fusion-nutritive-melting-creme-50-ml-2\/#breadcrumb\",\"itemListElement\":[{\"@type\":\"ListItem\",\"position\":1,\"name\":\"Accueil\",\"item\":\"https:\/\/paracherkaoui.ma\/\"},{\"@type\":\"ListItem\",\"position\":2,\"name\":\"Boutique\",\"item\":\"https:\/\/paracherkaoui.ma\/index.php\/boutique\/\"},{\"@type\":\"ListItem\",\"position\":3,\"name\":\"ISDIN UREADIN FUSION NUTRITIVE MELTING CREME 50 ML\"}]},{\"@type\":\"WebSite\",\"@id\":\"https:\/\/paracherkaoui.ma\/#website\",\"url\":\"https:\/\/paracherkaoui.ma\/\",\"name\":\"Paracherkaoui.ma\",\"description\":\"Achetez en ligne sur Paracherkaoui.ma\",\"potentialAction\":[{\"@type\":\"SearchAction\",\"target\":{\"@type\":\"EntryPoint\",\"urlTemplate\":\"https:\/\/paracherkaoui.ma\/?s={search_term_string}\"},\"query-input\":{\"@type\":\"PropertyValueSpecification\",\"valueRequired\":true,\"valueName\":\"search_term_string\"}}],\"inLanguage\":\"fr-FR\"}]}<\/script>\r\n<!-- \/ Yoast SEO plugin. -->","yoast_head_json":{"title":"ISDIN UREADIN FUSION NUTRITIVE MELTING CREME 50 ML - Paracherkaoui.ma","robots":{"index":"index","follow":"follow","max-snippet":"max-snippet:-1","max-image-preview":"max-image-preview:large","max-video-preview":"max-video-preview:-1"},"canonical":"https:\/\/paracherkaoui.ma\/index.php\/produit\/isdin-ureadin-fusion-nutritive-melting-creme-50-ml-2\/","og_locale":"fr_FR","og_type":"article","og_title":"ISDIN UREADIN FUSION NUTRITIVE MELTING CREME 50 ML - Paracherkaoui.ma","og_description":"Sa texture cr\u00e8me fondante p\u00e9n\u00e8tre instantan\u00e9ment sans effet gras, procurant un effet peau douce imm\u00e9diat. L\u2019Ur\u00e9e ISDIN \u00e0 3% garantit","og_url":"https:\/\/paracherkaoui.ma\/index.php\/produit\/isdin-ureadin-fusion-nutritive-melting-creme-50-ml-2\/","og_site_name":"Paracherkaoui.ma","article_modified_time":"2025-12-12T16:48:51+00:00","og_image":[{"width":700,"height":700,"url":"https:\/\/paracherkaoui.ma\/wp-content\/uploads\/2025\/12\/isdin-isdin-ureadin-fusion-nutritive-melting-creme-50-ml-visage.jpg","type":"image\/jpeg"}],"twitter_card":"summary_large_image","twitter_misc":{"Dur\u00e9e de lecture estim\u00e9e":"1 minute"},"schema":{"@context":"https:\/\/schema.org","@graph":[{"@type":"WebPage","@id":"https:\/\/paracherkaoui.ma\/index.php\/produit\/isdin-ureadin-fusion-nutritive-melting-creme-50-ml-2\/","url":"https:\/\/paracherkaoui.ma\/index.php\/produit\/isdin-ureadin-fusion-nutritive-melting-creme-50-ml-2\/","name":"ISDIN UREADIN FUSION NUTRITIVE MELTING CREME 50 ML - Paracherkaoui.ma","isPartOf":{"@id":"https:\/\/paracherkaoui.ma\/#website"},"primaryImageOfPage":{"@id":"https:\/\/paracherkaoui.ma\/index.php\/produit\/isdin-ureadin-fusion-nutritive-melting-creme-50-ml-2\/#primaryimage"},"image":{"@id":"https:\/\/paracherkaoui.ma\/index.php\/produit\/isdin-ureadin-fusion-nutritive-melting-creme-50-ml-2\/#primaryimage"},"thumbnailUrl":"https:\/\/paracherkaoui.ma\/wp-content\/uploads\/2025\/12\/isdin-isdin-ureadin-fusion-nutritive-melting-creme-50-ml-visage.jpg","datePublished":"2025-12-12T16:48:48+00:00","dateModified":"2025-12-12T16:48:51+00:00","breadcrumb":{"@id":"https:\/\/paracherkaoui.ma\/index.php\/produit\/isdin-ureadin-fusion-nutritive-melting-creme-50-ml-2\/#breadcrumb"},"inLanguage":"fr-FR","potentialAction":[{"@type":"ReadAction","target":["https:\/\/paracherkaoui.ma\/index.php\/produit\/isdin-ureadin-fusion-nutritive-melting-creme-50-ml-2\/"]}]},{"@type":"ImageObject","inLanguage":"fr-FR","@id":"https:\/\/paracherkaoui.ma\/index.php\/produit\/isdin-ureadin-fusion-nutritive-melting-creme-50-ml-2\/#primaryimage","url":"https:\/\/paracherkaoui.ma\/wp-content\/uploads\/2025\/12\/isdin-isdin-ureadin-fusion-nutritive-melting-creme-50-ml-visage.jpg","contentUrl":"https:\/\/paracherkaoui.ma\/wp-content\/uploads\/2025\/12\/isdin-isdin-ureadin-fusion-nutritive-melting-creme-50-ml-visage.jpg","width":700,"height":700},{"@type":"BreadcrumbList","@id":"https:\/\/paracherkaoui.ma\/index.php\/produit\/isdin-ureadin-fusion-nutritive-melting-creme-50-ml-2\/#breadcrumb","itemListElement":[{"@type":"ListItem","position":1,"name":"Accueil","item":"https:\/\/paracherkaoui.ma\/"},{"@type":"ListItem","position":2,"name":"Boutique","item":"https:\/\/paracherkaoui.ma\/index.php\/boutique\/"},{"@type":"ListItem","position":3,"name":"ISDIN UREADIN FUSION NUTRITIVE MELTING CREME 50 ML"}]},{"@type":"WebSite","@id":"https:\/\/paracherkaoui.ma\/#website","url":"https:\/\/paracherkaoui.ma\/","name":"Paracherkaoui.ma","description":"Achetez en ligne sur Paracherkaoui.ma","potentialAction":[{"@type":"SearchAction","target":{"@type":"EntryPoint","urlTemplate":"https:\/\/paracherkaoui.ma\/?s={search_term_string}"},"query-input":{"@type":"PropertyValueSpecification","valueRequired":true,"valueName":"search_term_string"}}],"inLanguage":"fr-FR"}]}},"_links":{"self":[{"href":"https:\/\/paracherkaoui.ma\/index.php\/wp-json\/wp\/v2\/product\/13880","targetHints":{"allow":["GET"]}}],"collection":[{"href":"https:\/\/paracherkaoui.ma\/index.php\/wp-json\/wp\/v2\/product"}],"about":[{"href":"https:\/\/paracherkaoui.ma\/index.php\/wp-json\/wp\/v2\/types\/product"}],"replies":[{"embeddable":true,"href":"https:\/\/paracherkaoui.ma\/index.php\/wp-json\/wp\/v2\/comments?post=13880"}],"version-history":[{"count":1,"href":"https:\/\/paracherkaoui.ma\/index.php\/wp-json\/wp\/v2\/product\/13880\/revisions"}],"predecessor-version":[{"id":13920,"href":"https:\/\/paracherkaoui.ma\/index.php\/wp-json\/wp\/v2\/product\/13880\/revisions\/13920"}],"wp:featuredmedia":[{"embeddable":true,"href":"https:\/\/paracherkaoui.ma\/index.php\/wp-json\/wp\/v2\/media\/11485"}],"wp:attachment":[{"href":"https:\/\/paracherkaoui.ma\/index.php\/wp-json\/wp\/v2\/media?parent=13880"}],"wp:term":[{"taxonomy":"product_brand","embeddable":true,"href":"https:\/\/paracherkaoui.ma\/index.php\/wp-json\/wp\/v2\/product_brand?post=13880"},{"taxonomy":"product_cat","embeddable":true,"href":"https:\/\/paracherkaoui.ma\/index.php\/wp-json\/wp\/v2\/product_cat?post=13880"},{"taxonomy":"product_tag","embeddable":true,"href":"https:\/\/paracherkaoui.ma\/index.php\/wp-json\/wp\/v2\/product_tag?post=13880"}],"curies":[{"name":"wp","href":"https:\/\/api.w.org\/{rel}","templated":true}]}}