{"id":13867,"date":"2025-12-12T17:48:48","date_gmt":"2025-12-12T16:48:48","guid":{"rendered":"https:\/\/test.ecbeaute.com\/?post_type=product&#038;p=13867"},"modified":"2025-12-12T17:48:50","modified_gmt":"2025-12-12T16:48:50","slug":"svr-densitium-contour-des-yeux-15-ml","status":"publish","type":"product","link":"https:\/\/paracherkaoui.ma\/index.php\/produit\/svr-densitium-contour-des-yeux-15-ml\/","title":{"rendered":"SVR DENSITIUM CONTOUR DES YEUX 15 ML"},"content":{"rendered":"<p>DESCRIPTION:<\/p>\n<p>SVR Densitium Contour des Yeux traite les rides du contour de l\u2019\u0153il, le rel\u00e2chement des paupi\u00e8res, les cernes, et les poches sous les yeux.\u00a0&#8211; Gr\u00e2ce \u00e0 la pr\u00e9sence du BIO-CALCIUM*, la peau du contour des yeux devient plus dense et retrouve son maintien.\u00a0&#8211; Gr\u00e2ce \u00e0 la pr\u00e9sence de l\u2019Acide Hyaluronique, les rides du contour des yeux vont \u00eatre liss\u00e9es.\u00a0&#8211; Le Sulfate de Dextran aux propri\u00e9t\u00e9s d\u00e9congestionnantes et drainantes att\u00e9nue les poches sous les yeux. Un actif sp\u00e9cifique active l\u2019\u00e9limination des pigments responsables de la coloration des cernes pour les r\u00e9duire.\u00a0&#8211; Le Polym\u00e8re re-tenseur retend instantan\u00e9ment les paupi\u00e8res pour un regard plus jeune.<\/p>\n<p>Conseils d&rsquo;utilisation:<\/p>\n<p>Chaque jour, matin et soir, r\u00e9partir une noisette du produit, par petite touche, sur tout le contour de l\u2019\u0153il, toujours de l\u2019int\u00e9rieur vers l\u2019ext\u00e9rieur (les tempes).\u00a0Pour les rides, appliquer la cr\u00e8me par tapotements en insistant sur la patte d\u2019oie. Pour les poches, faire p\u00e9n\u00e9trer la cr\u00e8me en lissant la paupi\u00e8re inf\u00e9rieure.<\/p>\n","protected":false},"excerpt":{"rendered":"<p>DESCRIPTION: SVR Densitium Contour des Yeux traite les rides du contour de l\u2019\u0153il, le rel\u00e2chement des paupi\u00e8res, les cernes, et<\/p>\n","protected":false},"featured_media":13902,"comment_status":"open","ping_status":"closed","template":"","meta":[],"product_brand":[133],"product_cat":[173],"product_tag":[],"class_list":{"0":"post-13867","1":"product","2":"type-product","3":"status-publish","4":"has-post-thumbnail","6":"product_brand-svr","7":"product_cat-cremes-et-soins-visage","9":"first","10":"instock","11":"sale","12":"shipping-taxable","13":"purchasable","14":"product-type-simple"},"yoast_head":"<!-- This site is optimized with the Yoast SEO plugin v26.6 - https:\/\/yoast.com\/wordpress\/plugins\/seo\/ -->\r\n<title>SVR DENSITIUM CONTOUR DES YEUX 15 ML - Paracherkaoui.ma<\/title>\r\n<meta name=\"robots\" content=\"index, follow, max-snippet:-1, max-image-preview:large, max-video-preview:-1\" \/>\r\n<link rel=\"canonical\" href=\"https:\/\/paracherkaoui.ma\/index.php\/produit\/svr-densitium-contour-des-yeux-15-ml\/\" \/>\r\n<meta property=\"og:locale\" content=\"fr_FR\" \/>\r\n<meta property=\"og:type\" content=\"article\" \/>\r\n<meta property=\"og:title\" content=\"SVR DENSITIUM CONTOUR DES YEUX 15 ML - Paracherkaoui.ma\" \/>\r\n<meta property=\"og:description\" content=\"DESCRIPTION: SVR Densitium Contour des Yeux traite les rides du contour de l\u2019\u0153il, le rel\u00e2chement des paupi\u00e8res, les cernes, et\" \/>\r\n<meta property=\"og:url\" content=\"https:\/\/paracherkaoui.ma\/index.php\/produit\/svr-densitium-contour-des-yeux-15-ml\/\" \/>\r\n<meta property=\"og:site_name\" content=\"Paracherkaoui.ma\" \/>\r\n<meta property=\"article:modified_time\" content=\"2025-12-12T16:48:50+00:00\" \/>\r\n<meta property=\"og:image\" content=\"https:\/\/paracherkaoui.ma\/wp-content\/uploads\/2025\/12\/svr-svr-densitium-contour-des-yeux-15-ml-yeux.jpg\" \/>\r\n\t<meta property=\"og:image:width\" content=\"700\" \/>\r\n\t<meta property=\"og:image:height\" content=\"700\" \/>\r\n\t<meta property=\"og:image:type\" content=\"image\/jpeg\" \/>\r\n<meta name=\"twitter:card\" content=\"summary_large_image\" \/>\r\n<meta name=\"twitter:label1\" content=\"Dur\u00e9e de lecture estim\u00e9e\" \/>\n\t<meta name=\"twitter:data1\" content=\"1 minute\" \/>\r\n<script type=\"application\/ld+json\" class=\"yoast-schema-graph\">{\"@context\":\"https:\/\/schema.org\",\"@graph\":[{\"@type\":\"WebPage\",\"@id\":\"https:\/\/paracherkaoui.ma\/index.php\/produit\/svr-densitium-contour-des-yeux-15-ml\/\",\"url\":\"https:\/\/paracherkaoui.ma\/index.php\/produit\/svr-densitium-contour-des-yeux-15-ml\/\",\"name\":\"SVR DENSITIUM CONTOUR DES YEUX 15 ML - Paracherkaoui.ma\",\"isPartOf\":{\"@id\":\"https:\/\/paracherkaoui.ma\/#website\"},\"primaryImageOfPage\":{\"@id\":\"https:\/\/paracherkaoui.ma\/index.php\/produit\/svr-densitium-contour-des-yeux-15-ml\/#primaryimage\"},\"image\":{\"@id\":\"https:\/\/paracherkaoui.ma\/index.php\/produit\/svr-densitium-contour-des-yeux-15-ml\/#primaryimage\"},\"thumbnailUrl\":\"https:\/\/paracherkaoui.ma\/wp-content\/uploads\/2025\/12\/svr-svr-densitium-contour-des-yeux-15-ml-yeux.jpg\",\"datePublished\":\"2025-12-12T16:48:48+00:00\",\"dateModified\":\"2025-12-12T16:48:50+00:00\",\"breadcrumb\":{\"@id\":\"https:\/\/paracherkaoui.ma\/index.php\/produit\/svr-densitium-contour-des-yeux-15-ml\/#breadcrumb\"},\"inLanguage\":\"fr-FR\",\"potentialAction\":[{\"@type\":\"ReadAction\",\"target\":[\"https:\/\/paracherkaoui.ma\/index.php\/produit\/svr-densitium-contour-des-yeux-15-ml\/\"]}]},{\"@type\":\"ImageObject\",\"inLanguage\":\"fr-FR\",\"@id\":\"https:\/\/paracherkaoui.ma\/index.php\/produit\/svr-densitium-contour-des-yeux-15-ml\/#primaryimage\",\"url\":\"https:\/\/paracherkaoui.ma\/wp-content\/uploads\/2025\/12\/svr-svr-densitium-contour-des-yeux-15-ml-yeux.jpg\",\"contentUrl\":\"https:\/\/paracherkaoui.ma\/wp-content\/uploads\/2025\/12\/svr-svr-densitium-contour-des-yeux-15-ml-yeux.jpg\",\"width\":700,\"height\":700},{\"@type\":\"BreadcrumbList\",\"@id\":\"https:\/\/paracherkaoui.ma\/index.php\/produit\/svr-densitium-contour-des-yeux-15-ml\/#breadcrumb\",\"itemListElement\":[{\"@type\":\"ListItem\",\"position\":1,\"name\":\"Accueil\",\"item\":\"https:\/\/paracherkaoui.ma\/\"},{\"@type\":\"ListItem\",\"position\":2,\"name\":\"Boutique\",\"item\":\"https:\/\/paracherkaoui.ma\/index.php\/boutique\/\"},{\"@type\":\"ListItem\",\"position\":3,\"name\":\"SVR DENSITIUM CONTOUR DES YEUX 15 ML\"}]},{\"@type\":\"WebSite\",\"@id\":\"https:\/\/paracherkaoui.ma\/#website\",\"url\":\"https:\/\/paracherkaoui.ma\/\",\"name\":\"Paracherkaoui.ma\",\"description\":\"Achetez en ligne sur Paracherkaoui.ma\",\"potentialAction\":[{\"@type\":\"SearchAction\",\"target\":{\"@type\":\"EntryPoint\",\"urlTemplate\":\"https:\/\/paracherkaoui.ma\/?s={search_term_string}\"},\"query-input\":{\"@type\":\"PropertyValueSpecification\",\"valueRequired\":true,\"valueName\":\"search_term_string\"}}],\"inLanguage\":\"fr-FR\"}]}<\/script>\r\n<!-- \/ Yoast SEO plugin. -->","yoast_head_json":{"title":"SVR DENSITIUM CONTOUR DES YEUX 15 ML - Paracherkaoui.ma","robots":{"index":"index","follow":"follow","max-snippet":"max-snippet:-1","max-image-preview":"max-image-preview:large","max-video-preview":"max-video-preview:-1"},"canonical":"https:\/\/paracherkaoui.ma\/index.php\/produit\/svr-densitium-contour-des-yeux-15-ml\/","og_locale":"fr_FR","og_type":"article","og_title":"SVR DENSITIUM CONTOUR DES YEUX 15 ML - Paracherkaoui.ma","og_description":"DESCRIPTION: SVR Densitium Contour des Yeux traite les rides du contour de l\u2019\u0153il, le rel\u00e2chement des paupi\u00e8res, les cernes, et","og_url":"https:\/\/paracherkaoui.ma\/index.php\/produit\/svr-densitium-contour-des-yeux-15-ml\/","og_site_name":"Paracherkaoui.ma","article_modified_time":"2025-12-12T16:48:50+00:00","og_image":[{"width":700,"height":700,"url":"https:\/\/paracherkaoui.ma\/wp-content\/uploads\/2025\/12\/svr-svr-densitium-contour-des-yeux-15-ml-yeux.jpg","type":"image\/jpeg"}],"twitter_card":"summary_large_image","twitter_misc":{"Dur\u00e9e de lecture estim\u00e9e":"1 minute"},"schema":{"@context":"https:\/\/schema.org","@graph":[{"@type":"WebPage","@id":"https:\/\/paracherkaoui.ma\/index.php\/produit\/svr-densitium-contour-des-yeux-15-ml\/","url":"https:\/\/paracherkaoui.ma\/index.php\/produit\/svr-densitium-contour-des-yeux-15-ml\/","name":"SVR DENSITIUM CONTOUR DES YEUX 15 ML - Paracherkaoui.ma","isPartOf":{"@id":"https:\/\/paracherkaoui.ma\/#website"},"primaryImageOfPage":{"@id":"https:\/\/paracherkaoui.ma\/index.php\/produit\/svr-densitium-contour-des-yeux-15-ml\/#primaryimage"},"image":{"@id":"https:\/\/paracherkaoui.ma\/index.php\/produit\/svr-densitium-contour-des-yeux-15-ml\/#primaryimage"},"thumbnailUrl":"https:\/\/paracherkaoui.ma\/wp-content\/uploads\/2025\/12\/svr-svr-densitium-contour-des-yeux-15-ml-yeux.jpg","datePublished":"2025-12-12T16:48:48+00:00","dateModified":"2025-12-12T16:48:50+00:00","breadcrumb":{"@id":"https:\/\/paracherkaoui.ma\/index.php\/produit\/svr-densitium-contour-des-yeux-15-ml\/#breadcrumb"},"inLanguage":"fr-FR","potentialAction":[{"@type":"ReadAction","target":["https:\/\/paracherkaoui.ma\/index.php\/produit\/svr-densitium-contour-des-yeux-15-ml\/"]}]},{"@type":"ImageObject","inLanguage":"fr-FR","@id":"https:\/\/paracherkaoui.ma\/index.php\/produit\/svr-densitium-contour-des-yeux-15-ml\/#primaryimage","url":"https:\/\/paracherkaoui.ma\/wp-content\/uploads\/2025\/12\/svr-svr-densitium-contour-des-yeux-15-ml-yeux.jpg","contentUrl":"https:\/\/paracherkaoui.ma\/wp-content\/uploads\/2025\/12\/svr-svr-densitium-contour-des-yeux-15-ml-yeux.jpg","width":700,"height":700},{"@type":"BreadcrumbList","@id":"https:\/\/paracherkaoui.ma\/index.php\/produit\/svr-densitium-contour-des-yeux-15-ml\/#breadcrumb","itemListElement":[{"@type":"ListItem","position":1,"name":"Accueil","item":"https:\/\/paracherkaoui.ma\/"},{"@type":"ListItem","position":2,"name":"Boutique","item":"https:\/\/paracherkaoui.ma\/index.php\/boutique\/"},{"@type":"ListItem","position":3,"name":"SVR DENSITIUM CONTOUR DES YEUX 15 ML"}]},{"@type":"WebSite","@id":"https:\/\/paracherkaoui.ma\/#website","url":"https:\/\/paracherkaoui.ma\/","name":"Paracherkaoui.ma","description":"Achetez en ligne sur Paracherkaoui.ma","potentialAction":[{"@type":"SearchAction","target":{"@type":"EntryPoint","urlTemplate":"https:\/\/paracherkaoui.ma\/?s={search_term_string}"},"query-input":{"@type":"PropertyValueSpecification","valueRequired":true,"valueName":"search_term_string"}}],"inLanguage":"fr-FR"}]}},"_links":{"self":[{"href":"https:\/\/paracherkaoui.ma\/index.php\/wp-json\/wp\/v2\/product\/13867","targetHints":{"allow":["GET"]}}],"collection":[{"href":"https:\/\/paracherkaoui.ma\/index.php\/wp-json\/wp\/v2\/product"}],"about":[{"href":"https:\/\/paracherkaoui.ma\/index.php\/wp-json\/wp\/v2\/types\/product"}],"replies":[{"embeddable":true,"href":"https:\/\/paracherkaoui.ma\/index.php\/wp-json\/wp\/v2\/comments?post=13867"}],"version-history":[{"count":1,"href":"https:\/\/paracherkaoui.ma\/index.php\/wp-json\/wp\/v2\/product\/13867\/revisions"}],"predecessor-version":[{"id":13903,"href":"https:\/\/paracherkaoui.ma\/index.php\/wp-json\/wp\/v2\/product\/13867\/revisions\/13903"}],"wp:featuredmedia":[{"embeddable":true,"href":"https:\/\/paracherkaoui.ma\/index.php\/wp-json\/wp\/v2\/media\/13902"}],"wp:attachment":[{"href":"https:\/\/paracherkaoui.ma\/index.php\/wp-json\/wp\/v2\/media?parent=13867"}],"wp:term":[{"taxonomy":"product_brand","embeddable":true,"href":"https:\/\/paracherkaoui.ma\/index.php\/wp-json\/wp\/v2\/product_brand?post=13867"},{"taxonomy":"product_cat","embeddable":true,"href":"https:\/\/paracherkaoui.ma\/index.php\/wp-json\/wp\/v2\/product_cat?post=13867"},{"taxonomy":"product_tag","embeddable":true,"href":"https:\/\/paracherkaoui.ma\/index.php\/wp-json\/wp\/v2\/product_tag?post=13867"}],"curies":[{"name":"wp","href":"https:\/\/api.w.org\/{rel}","templated":true}]}}