{"id":13865,"date":"2025-12-12T17:48:47","date_gmt":"2025-12-12T16:48:47","guid":{"rendered":"https:\/\/test.ecbeaute.com\/?post_type=product&#038;p=13865"},"modified":"2025-12-12T17:48:49","modified_gmt":"2025-12-12T16:48:49","slug":"uriage-age-absolu-creme-rose-redensifiante-50-ml","status":"publish","type":"product","link":"https:\/\/paracherkaoui.ma\/index.php\/produit\/uriage-age-absolu-creme-rose-redensifiante-50-ml\/","title":{"rendered":"URIAGE AGE ABSOLU CREME ROSE REDENSIFIANTE 50 ML"},"content":{"rendered":"<p>Enrichie en peptide procollag\u00e8ne, r\u00e9tinol, acide hyaluronique, vitamines C &#038; E, et un complexe v\u00e9g\u00e9tal relipidant, cette cr\u00e8me offre une texture rose riche et velout\u00e9e, non grasse et non collante, id\u00e9ale pour un confort imm\u00e9diat et une base de maquillage parfaite. Ravivez l&rsquo;\u00e9clat naturel ros\u00e9 de votre peau et red\u00e9finissez les contours de votre visage avec AGE ABSOLU.<br \/>\nCOMPOSITION<br \/>\nAQUA (WATER, EAU) \u25cf CAPRYLIC\/CAPRIC TRIGLYCERIDE \u25cf C13-15 ALKANE \u25cf CETEARYL ISONONANOATE \u25cf BUTYROSPERMUM PARKII (SHEA) BUTTER \u25cf DIGLYCERIN \u25cf POLYSORBATE 60 \u25cf TRIBEHENIN \u25cf PROPANEDIOL \u25cf SILICA \u25cf SORBITAN STEARATE \u25cf GLYCERIN \u25cf 1,2-HEXANEDIOL \u25cf CETYL ALCOHOL \u25cf SHOREA STENOPTERA SEED BUTTER \u25cf SIMMONDSIA CHINENSIS (JOJOBA) SEED OIL \u25cf SODIUM POLYACRYLATE \u25cf HYDROXYACETOPHENONE \u25cf POTASSIUM CETYL PHOSPHATE \u25cf MICA \u25cf XANTHAN GUM \u25cf PARFUM (FRAGRANCE) \u25cf CITRIC ACID \u25cf CAESALPINIA SPINOSA FRUIT EXTRACT \u25cf CI 77891 (TITANIUM DIOXIDE) \u25cf ETHYLHEXYL STEARATE \u25cf ASCORBYL TETRAISOPALMITATE \u25cf TOCOPHERYL ACETATE \u25cf BUTYLENE GLYCOL \u25cf RETINYL PALMITATE \u25cf KAPPAPHYCUS ALVAREZII EXTRACT \u25cf ADENOSINE \u25cf SODIUM HYALURONATE \u25cf POLYGLYCERYL-4 DIISOSTEARATE\/ POLYHYDROXYSTEARATE\/ SEBACATE \u25cf SODIUM HYALURONATE CROSSPOLYMER \u25cf SODIUM ISOSTEARATE \u25cf SPIRULINA PLATENSIS EXTRACT \u25cf TETRAPEPTIDE-4 \u25cf THEOBROMA CACAO (COCOA) SEED EXTRACT \u25cf TOCOPHEROL \u25cf CI 14700 (RED 4)<br \/>\nCONSEIL D\u2019UTILISATION<br \/>\nAppliquez chaque matin et soir sur une peau propre et s\u00e8che. Massez doucement en mouvements circulaires pour une meilleure absorption. Utilisez comme base de maquillage pour une peau lisse et pr\u00eate \u00e0 \u00eatre maquill\u00e9e.<\/p>\n","protected":false},"excerpt":{"rendered":"<p>Enrichie en peptide procollag\u00e8ne, r\u00e9tinol, acide hyaluronique, vitamines C &#038; E, et un complexe v\u00e9g\u00e9tal relipidant, cette cr\u00e8me offre une<\/p>\n","protected":false},"featured_media":13898,"comment_status":"open","ping_status":"closed","template":"","meta":[],"product_brand":[130],"product_cat":[173],"product_tag":[],"class_list":{"0":"post-13865","1":"product","2":"type-product","3":"status-publish","4":"has-post-thumbnail","6":"product_brand-uriage","7":"product_cat-cremes-et-soins-visage","9":"first","10":"instock","11":"sale","12":"shipping-taxable","13":"purchasable","14":"product-type-simple"},"yoast_head":"<!-- This site is optimized with the Yoast SEO plugin v26.6 - https:\/\/yoast.com\/wordpress\/plugins\/seo\/ -->\r\n<title>URIAGE AGE ABSOLU CREME ROSE REDENSIFIANTE 50 ML - Paracherkaoui.ma<\/title>\r\n<meta name=\"robots\" content=\"index, follow, max-snippet:-1, max-image-preview:large, max-video-preview:-1\" \/>\r\n<link rel=\"canonical\" href=\"https:\/\/paracherkaoui.ma\/index.php\/produit\/uriage-age-absolu-creme-rose-redensifiante-50-ml\/\" \/>\r\n<meta property=\"og:locale\" content=\"fr_FR\" \/>\r\n<meta property=\"og:type\" content=\"article\" \/>\r\n<meta property=\"og:title\" content=\"URIAGE AGE ABSOLU CREME ROSE REDENSIFIANTE 50 ML - Paracherkaoui.ma\" \/>\r\n<meta property=\"og:description\" content=\"Enrichie en peptide procollag\u00e8ne, r\u00e9tinol, acide hyaluronique, vitamines C &#038; E, et un complexe v\u00e9g\u00e9tal relipidant, cette cr\u00e8me offre une\" \/>\r\n<meta property=\"og:url\" content=\"https:\/\/paracherkaoui.ma\/index.php\/produit\/uriage-age-absolu-creme-rose-redensifiante-50-ml\/\" \/>\r\n<meta property=\"og:site_name\" content=\"Paracherkaoui.ma\" \/>\r\n<meta property=\"article:modified_time\" content=\"2025-12-12T16:48:49+00:00\" \/>\r\n<meta property=\"og:image\" content=\"https:\/\/paracherkaoui.ma\/wp-content\/uploads\/2025\/12\/uriage-uriage-age-absolu-creme-rose-redensifiante-50-ml-premieres-rides.jpg\" \/>\r\n\t<meta property=\"og:image:width\" content=\"700\" \/>\r\n\t<meta property=\"og:image:height\" content=\"700\" \/>\r\n\t<meta property=\"og:image:type\" content=\"image\/jpeg\" \/>\r\n<meta name=\"twitter:card\" content=\"summary_large_image\" \/>\r\n<meta name=\"twitter:label1\" content=\"Dur\u00e9e de lecture estim\u00e9e\" \/>\n\t<meta name=\"twitter:data1\" content=\"1 minute\" \/>\r\n<script type=\"application\/ld+json\" class=\"yoast-schema-graph\">{\"@context\":\"https:\/\/schema.org\",\"@graph\":[{\"@type\":\"WebPage\",\"@id\":\"https:\/\/paracherkaoui.ma\/index.php\/produit\/uriage-age-absolu-creme-rose-redensifiante-50-ml\/\",\"url\":\"https:\/\/paracherkaoui.ma\/index.php\/produit\/uriage-age-absolu-creme-rose-redensifiante-50-ml\/\",\"name\":\"URIAGE AGE ABSOLU CREME ROSE REDENSIFIANTE 50 ML - Paracherkaoui.ma\",\"isPartOf\":{\"@id\":\"https:\/\/paracherkaoui.ma\/#website\"},\"primaryImageOfPage\":{\"@id\":\"https:\/\/paracherkaoui.ma\/index.php\/produit\/uriage-age-absolu-creme-rose-redensifiante-50-ml\/#primaryimage\"},\"image\":{\"@id\":\"https:\/\/paracherkaoui.ma\/index.php\/produit\/uriage-age-absolu-creme-rose-redensifiante-50-ml\/#primaryimage\"},\"thumbnailUrl\":\"https:\/\/paracherkaoui.ma\/wp-content\/uploads\/2025\/12\/uriage-uriage-age-absolu-creme-rose-redensifiante-50-ml-premieres-rides.jpg\",\"datePublished\":\"2025-12-12T16:48:47+00:00\",\"dateModified\":\"2025-12-12T16:48:49+00:00\",\"breadcrumb\":{\"@id\":\"https:\/\/paracherkaoui.ma\/index.php\/produit\/uriage-age-absolu-creme-rose-redensifiante-50-ml\/#breadcrumb\"},\"inLanguage\":\"fr-FR\",\"potentialAction\":[{\"@type\":\"ReadAction\",\"target\":[\"https:\/\/paracherkaoui.ma\/index.php\/produit\/uriage-age-absolu-creme-rose-redensifiante-50-ml\/\"]}]},{\"@type\":\"ImageObject\",\"inLanguage\":\"fr-FR\",\"@id\":\"https:\/\/paracherkaoui.ma\/index.php\/produit\/uriage-age-absolu-creme-rose-redensifiante-50-ml\/#primaryimage\",\"url\":\"https:\/\/paracherkaoui.ma\/wp-content\/uploads\/2025\/12\/uriage-uriage-age-absolu-creme-rose-redensifiante-50-ml-premieres-rides.jpg\",\"contentUrl\":\"https:\/\/paracherkaoui.ma\/wp-content\/uploads\/2025\/12\/uriage-uriage-age-absolu-creme-rose-redensifiante-50-ml-premieres-rides.jpg\",\"width\":700,\"height\":700},{\"@type\":\"BreadcrumbList\",\"@id\":\"https:\/\/paracherkaoui.ma\/index.php\/produit\/uriage-age-absolu-creme-rose-redensifiante-50-ml\/#breadcrumb\",\"itemListElement\":[{\"@type\":\"ListItem\",\"position\":1,\"name\":\"Accueil\",\"item\":\"https:\/\/paracherkaoui.ma\/\"},{\"@type\":\"ListItem\",\"position\":2,\"name\":\"Boutique\",\"item\":\"https:\/\/paracherkaoui.ma\/index.php\/boutique\/\"},{\"@type\":\"ListItem\",\"position\":3,\"name\":\"URIAGE AGE ABSOLU CREME ROSE REDENSIFIANTE 50 ML\"}]},{\"@type\":\"WebSite\",\"@id\":\"https:\/\/paracherkaoui.ma\/#website\",\"url\":\"https:\/\/paracherkaoui.ma\/\",\"name\":\"Paracherkaoui.ma\",\"description\":\"Achetez en ligne sur Paracherkaoui.ma\",\"potentialAction\":[{\"@type\":\"SearchAction\",\"target\":{\"@type\":\"EntryPoint\",\"urlTemplate\":\"https:\/\/paracherkaoui.ma\/?s={search_term_string}\"},\"query-input\":{\"@type\":\"PropertyValueSpecification\",\"valueRequired\":true,\"valueName\":\"search_term_string\"}}],\"inLanguage\":\"fr-FR\"}]}<\/script>\r\n<!-- \/ Yoast SEO plugin. -->","yoast_head_json":{"title":"URIAGE AGE ABSOLU CREME ROSE REDENSIFIANTE 50 ML - Paracherkaoui.ma","robots":{"index":"index","follow":"follow","max-snippet":"max-snippet:-1","max-image-preview":"max-image-preview:large","max-video-preview":"max-video-preview:-1"},"canonical":"https:\/\/paracherkaoui.ma\/index.php\/produit\/uriage-age-absolu-creme-rose-redensifiante-50-ml\/","og_locale":"fr_FR","og_type":"article","og_title":"URIAGE AGE ABSOLU CREME ROSE REDENSIFIANTE 50 ML - Paracherkaoui.ma","og_description":"Enrichie en peptide procollag\u00e8ne, r\u00e9tinol, acide hyaluronique, vitamines C &#038; E, et un complexe v\u00e9g\u00e9tal relipidant, cette cr\u00e8me offre une","og_url":"https:\/\/paracherkaoui.ma\/index.php\/produit\/uriage-age-absolu-creme-rose-redensifiante-50-ml\/","og_site_name":"Paracherkaoui.ma","article_modified_time":"2025-12-12T16:48:49+00:00","og_image":[{"width":700,"height":700,"url":"https:\/\/paracherkaoui.ma\/wp-content\/uploads\/2025\/12\/uriage-uriage-age-absolu-creme-rose-redensifiante-50-ml-premieres-rides.jpg","type":"image\/jpeg"}],"twitter_card":"summary_large_image","twitter_misc":{"Dur\u00e9e de lecture estim\u00e9e":"1 minute"},"schema":{"@context":"https:\/\/schema.org","@graph":[{"@type":"WebPage","@id":"https:\/\/paracherkaoui.ma\/index.php\/produit\/uriage-age-absolu-creme-rose-redensifiante-50-ml\/","url":"https:\/\/paracherkaoui.ma\/index.php\/produit\/uriage-age-absolu-creme-rose-redensifiante-50-ml\/","name":"URIAGE AGE ABSOLU CREME ROSE REDENSIFIANTE 50 ML - Paracherkaoui.ma","isPartOf":{"@id":"https:\/\/paracherkaoui.ma\/#website"},"primaryImageOfPage":{"@id":"https:\/\/paracherkaoui.ma\/index.php\/produit\/uriage-age-absolu-creme-rose-redensifiante-50-ml\/#primaryimage"},"image":{"@id":"https:\/\/paracherkaoui.ma\/index.php\/produit\/uriage-age-absolu-creme-rose-redensifiante-50-ml\/#primaryimage"},"thumbnailUrl":"https:\/\/paracherkaoui.ma\/wp-content\/uploads\/2025\/12\/uriage-uriage-age-absolu-creme-rose-redensifiante-50-ml-premieres-rides.jpg","datePublished":"2025-12-12T16:48:47+00:00","dateModified":"2025-12-12T16:48:49+00:00","breadcrumb":{"@id":"https:\/\/paracherkaoui.ma\/index.php\/produit\/uriage-age-absolu-creme-rose-redensifiante-50-ml\/#breadcrumb"},"inLanguage":"fr-FR","potentialAction":[{"@type":"ReadAction","target":["https:\/\/paracherkaoui.ma\/index.php\/produit\/uriage-age-absolu-creme-rose-redensifiante-50-ml\/"]}]},{"@type":"ImageObject","inLanguage":"fr-FR","@id":"https:\/\/paracherkaoui.ma\/index.php\/produit\/uriage-age-absolu-creme-rose-redensifiante-50-ml\/#primaryimage","url":"https:\/\/paracherkaoui.ma\/wp-content\/uploads\/2025\/12\/uriage-uriage-age-absolu-creme-rose-redensifiante-50-ml-premieres-rides.jpg","contentUrl":"https:\/\/paracherkaoui.ma\/wp-content\/uploads\/2025\/12\/uriage-uriage-age-absolu-creme-rose-redensifiante-50-ml-premieres-rides.jpg","width":700,"height":700},{"@type":"BreadcrumbList","@id":"https:\/\/paracherkaoui.ma\/index.php\/produit\/uriage-age-absolu-creme-rose-redensifiante-50-ml\/#breadcrumb","itemListElement":[{"@type":"ListItem","position":1,"name":"Accueil","item":"https:\/\/paracherkaoui.ma\/"},{"@type":"ListItem","position":2,"name":"Boutique","item":"https:\/\/paracherkaoui.ma\/index.php\/boutique\/"},{"@type":"ListItem","position":3,"name":"URIAGE AGE ABSOLU CREME ROSE REDENSIFIANTE 50 ML"}]},{"@type":"WebSite","@id":"https:\/\/paracherkaoui.ma\/#website","url":"https:\/\/paracherkaoui.ma\/","name":"Paracherkaoui.ma","description":"Achetez en ligne sur Paracherkaoui.ma","potentialAction":[{"@type":"SearchAction","target":{"@type":"EntryPoint","urlTemplate":"https:\/\/paracherkaoui.ma\/?s={search_term_string}"},"query-input":{"@type":"PropertyValueSpecification","valueRequired":true,"valueName":"search_term_string"}}],"inLanguage":"fr-FR"}]}},"_links":{"self":[{"href":"https:\/\/paracherkaoui.ma\/index.php\/wp-json\/wp\/v2\/product\/13865","targetHints":{"allow":["GET"]}}],"collection":[{"href":"https:\/\/paracherkaoui.ma\/index.php\/wp-json\/wp\/v2\/product"}],"about":[{"href":"https:\/\/paracherkaoui.ma\/index.php\/wp-json\/wp\/v2\/types\/product"}],"replies":[{"embeddable":true,"href":"https:\/\/paracherkaoui.ma\/index.php\/wp-json\/wp\/v2\/comments?post=13865"}],"version-history":[{"count":1,"href":"https:\/\/paracherkaoui.ma\/index.php\/wp-json\/wp\/v2\/product\/13865\/revisions"}],"predecessor-version":[{"id":13899,"href":"https:\/\/paracherkaoui.ma\/index.php\/wp-json\/wp\/v2\/product\/13865\/revisions\/13899"}],"wp:featuredmedia":[{"embeddable":true,"href":"https:\/\/paracherkaoui.ma\/index.php\/wp-json\/wp\/v2\/media\/13898"}],"wp:attachment":[{"href":"https:\/\/paracherkaoui.ma\/index.php\/wp-json\/wp\/v2\/media?parent=13865"}],"wp:term":[{"taxonomy":"product_brand","embeddable":true,"href":"https:\/\/paracherkaoui.ma\/index.php\/wp-json\/wp\/v2\/product_brand?post=13865"},{"taxonomy":"product_cat","embeddable":true,"href":"https:\/\/paracherkaoui.ma\/index.php\/wp-json\/wp\/v2\/product_cat?post=13865"},{"taxonomy":"product_tag","embeddable":true,"href":"https:\/\/paracherkaoui.ma\/index.php\/wp-json\/wp\/v2\/product_tag?post=13865"}],"curies":[{"name":"wp","href":"https:\/\/api.w.org\/{rel}","templated":true}]}}