{"id":13864,"date":"2025-12-12T17:48:47","date_gmt":"2025-12-12T16:48:47","guid":{"rendered":"https:\/\/test.ecbeaute.com\/?post_type=product&#038;p=13864"},"modified":"2025-12-12T17:48:49","modified_gmt":"2025-12-12T16:48:49","slug":"uriage-bariederm-creme-isolante-reparatrice-75ml-peaux-agressees","status":"publish","type":"product","link":"https:\/\/paracherkaoui.ma\/index.php\/produit\/uriage-bariederm-creme-isolante-reparatrice-75ml-peaux-agressees\/","title":{"rendered":"URIAGE BARIEDERM CREME ISOLANTE REPARATRICE 75ML PEAUX AGRESS\u00c9ES"},"content":{"rendered":"<p>Elle est id\u00e9ale pour un usage professionnel ou familial, assurant une protection optimale pour tous.<br \/>\nGr\u00e2ce \u00e0 l&rsquo;association de deux polym\u00e8res, cette cr\u00e8me cr\u00e9e une barri\u00e8re protectrice \u00e0 la surface de la peau. Cette action isolante est essentielle pour pr\u00e9venir les agressions futures, qu&rsquo;elles soient d&rsquo;origine m\u00e9canique, chimique ou environnementale. En formant un film protecteur, la cr\u00e8me URIAGE BARIEDERM emp\u00eache les irritants de p\u00e9n\u00e9trer dans l&rsquo;\u00e9piderme, offrant ainsi une premi\u00e8re ligne de d\u00e9fense efficace.<br \/>\nEn plus de sa fonction protectrice, la cr\u00e8me URIAGE BARIEDERM est \u00e9galement dot\u00e9e d&rsquo;une action r\u00e9paratrice. Les m\u00eames polym\u00e8res qui isolent la peau aident \u00e9galement \u00e0 restaurer l&rsquo;\u00e9piderme d\u00e9j\u00e0 alt\u00e9r\u00e9. Cette action r\u00e9paratrice en profondeur permet de cicatriser et de r\u00e9g\u00e9n\u00e9rer les tissus endommag\u00e9s, redonnant ainsi \u00e0 la peau sa sant\u00e9 et son int\u00e9grit\u00e9.<br \/>\nCONSEIL D\u2019UTILISATION<br \/>\nPour obtenir des r\u00e9sultats optimaux avec la cr\u00e8me URIAGE BARIEDERM, suivez ces conseils d&rsquo;utilisation :<br \/>\nAppliquez la cr\u00e8me sur les zones concern\u00e9es, une \u00e0 deux fois par jour ou plus si n\u00e9cessaire. Assurez vous que la peau est propre et s\u00e8che avant l&rsquo;application. Utilisez une quantit\u00e9 suffisante de produit pour bien couvrir la zone affect\u00e9e. Massez doucement jusqu&rsquo;\u00e0 absorption compl\u00e8te. \u00c9vitez le contact avec les yeux. En cas de contact, rincez abondamment \u00e0 l&rsquo;eau.<br \/>\nCette cr\u00e8me convient \u00e0 toute la famille et peut \u00eatre utilis\u00e9e dans diverses situations, telles que des irritations dues aux frottements, \u00e0 des produits chimiques ou \u00e0 des conditions environnementales extr\u00eames. Sa formule unique en fait un alli\u00e9 indispensable pour les peaux fragiles et agress\u00e9es.<\/p>\n","protected":false},"excerpt":{"rendered":"<p>Elle est id\u00e9ale pour un usage professionnel ou familial, assurant une protection optimale pour tous. Gr\u00e2ce \u00e0 l&rsquo;association de deux<\/p>\n","protected":false},"featured_media":13896,"comment_status":"open","ping_status":"closed","template":"","meta":[],"product_brand":[130],"product_cat":[173],"product_tag":[],"class_list":{"0":"post-13864","1":"product","2":"type-product","3":"status-publish","4":"has-post-thumbnail","6":"product_brand-uriage","7":"product_cat-cremes-et-soins-visage","9":"first","10":"instock","11":"sale","12":"shipping-taxable","13":"purchasable","14":"product-type-simple"},"yoast_head":"<!-- This site is optimized with the Yoast SEO plugin v26.6 - https:\/\/yoast.com\/wordpress\/plugins\/seo\/ -->\r\n<title>URIAGE BARIEDERM CREME ISOLANTE REPARATRICE 75ML PEAUX AGRESS\u00c9ES - Paracherkaoui.ma<\/title>\r\n<meta name=\"robots\" content=\"index, follow, max-snippet:-1, max-image-preview:large, max-video-preview:-1\" \/>\r\n<link rel=\"canonical\" href=\"https:\/\/paracherkaoui.ma\/index.php\/produit\/uriage-bariederm-creme-isolante-reparatrice-75ml-peaux-agressees\/\" \/>\r\n<meta property=\"og:locale\" content=\"fr_FR\" \/>\r\n<meta property=\"og:type\" content=\"article\" \/>\r\n<meta property=\"og:title\" content=\"URIAGE BARIEDERM CREME ISOLANTE REPARATRICE 75ML PEAUX AGRESS\u00c9ES - Paracherkaoui.ma\" \/>\r\n<meta property=\"og:description\" content=\"Elle est id\u00e9ale pour un usage professionnel ou familial, assurant une protection optimale pour tous. Gr\u00e2ce \u00e0 l&rsquo;association de deux\" \/>\r\n<meta property=\"og:url\" content=\"https:\/\/paracherkaoui.ma\/index.php\/produit\/uriage-bariederm-creme-isolante-reparatrice-75ml-peaux-agressees\/\" \/>\r\n<meta property=\"og:site_name\" content=\"Paracherkaoui.ma\" \/>\r\n<meta property=\"article:modified_time\" content=\"2025-12-12T16:48:49+00:00\" \/>\r\n<meta property=\"og:image\" content=\"https:\/\/paracherkaoui.ma\/wp-content\/uploads\/2025\/12\/uriage-uriage-bariederm-creme-isolante-reparatrice-75ml-peaux-agressees-visage.jpg\" \/>\r\n\t<meta property=\"og:image:width\" content=\"700\" \/>\r\n\t<meta property=\"og:image:height\" content=\"700\" \/>\r\n\t<meta property=\"og:image:type\" content=\"image\/jpeg\" \/>\r\n<meta name=\"twitter:card\" content=\"summary_large_image\" \/>\r\n<meta name=\"twitter:label1\" content=\"Dur\u00e9e de lecture estim\u00e9e\" \/>\n\t<meta name=\"twitter:data1\" content=\"1 minute\" \/>\r\n<script type=\"application\/ld+json\" class=\"yoast-schema-graph\">{\"@context\":\"https:\/\/schema.org\",\"@graph\":[{\"@type\":\"WebPage\",\"@id\":\"https:\/\/paracherkaoui.ma\/index.php\/produit\/uriage-bariederm-creme-isolante-reparatrice-75ml-peaux-agressees\/\",\"url\":\"https:\/\/paracherkaoui.ma\/index.php\/produit\/uriage-bariederm-creme-isolante-reparatrice-75ml-peaux-agressees\/\",\"name\":\"URIAGE BARIEDERM CREME ISOLANTE REPARATRICE 75ML PEAUX AGRESS\u00c9ES - Paracherkaoui.ma\",\"isPartOf\":{\"@id\":\"https:\/\/paracherkaoui.ma\/#website\"},\"primaryImageOfPage\":{\"@id\":\"https:\/\/paracherkaoui.ma\/index.php\/produit\/uriage-bariederm-creme-isolante-reparatrice-75ml-peaux-agressees\/#primaryimage\"},\"image\":{\"@id\":\"https:\/\/paracherkaoui.ma\/index.php\/produit\/uriage-bariederm-creme-isolante-reparatrice-75ml-peaux-agressees\/#primaryimage\"},\"thumbnailUrl\":\"https:\/\/paracherkaoui.ma\/wp-content\/uploads\/2025\/12\/uriage-uriage-bariederm-creme-isolante-reparatrice-75ml-peaux-agressees-visage.jpg\",\"datePublished\":\"2025-12-12T16:48:47+00:00\",\"dateModified\":\"2025-12-12T16:48:49+00:00\",\"breadcrumb\":{\"@id\":\"https:\/\/paracherkaoui.ma\/index.php\/produit\/uriage-bariederm-creme-isolante-reparatrice-75ml-peaux-agressees\/#breadcrumb\"},\"inLanguage\":\"fr-FR\",\"potentialAction\":[{\"@type\":\"ReadAction\",\"target\":[\"https:\/\/paracherkaoui.ma\/index.php\/produit\/uriage-bariederm-creme-isolante-reparatrice-75ml-peaux-agressees\/\"]}]},{\"@type\":\"ImageObject\",\"inLanguage\":\"fr-FR\",\"@id\":\"https:\/\/paracherkaoui.ma\/index.php\/produit\/uriage-bariederm-creme-isolante-reparatrice-75ml-peaux-agressees\/#primaryimage\",\"url\":\"https:\/\/paracherkaoui.ma\/wp-content\/uploads\/2025\/12\/uriage-uriage-bariederm-creme-isolante-reparatrice-75ml-peaux-agressees-visage.jpg\",\"contentUrl\":\"https:\/\/paracherkaoui.ma\/wp-content\/uploads\/2025\/12\/uriage-uriage-bariederm-creme-isolante-reparatrice-75ml-peaux-agressees-visage.jpg\",\"width\":700,\"height\":700},{\"@type\":\"BreadcrumbList\",\"@id\":\"https:\/\/paracherkaoui.ma\/index.php\/produit\/uriage-bariederm-creme-isolante-reparatrice-75ml-peaux-agressees\/#breadcrumb\",\"itemListElement\":[{\"@type\":\"ListItem\",\"position\":1,\"name\":\"Accueil\",\"item\":\"https:\/\/paracherkaoui.ma\/\"},{\"@type\":\"ListItem\",\"position\":2,\"name\":\"Boutique\",\"item\":\"https:\/\/paracherkaoui.ma\/index.php\/boutique\/\"},{\"@type\":\"ListItem\",\"position\":3,\"name\":\"URIAGE BARIEDERM CREME ISOLANTE REPARATRICE 75ML PEAUX AGRESS\u00c9ES\"}]},{\"@type\":\"WebSite\",\"@id\":\"https:\/\/paracherkaoui.ma\/#website\",\"url\":\"https:\/\/paracherkaoui.ma\/\",\"name\":\"Paracherkaoui.ma\",\"description\":\"Achetez en ligne sur Paracherkaoui.ma\",\"potentialAction\":[{\"@type\":\"SearchAction\",\"target\":{\"@type\":\"EntryPoint\",\"urlTemplate\":\"https:\/\/paracherkaoui.ma\/?s={search_term_string}\"},\"query-input\":{\"@type\":\"PropertyValueSpecification\",\"valueRequired\":true,\"valueName\":\"search_term_string\"}}],\"inLanguage\":\"fr-FR\"}]}<\/script>\r\n<!-- \/ Yoast SEO plugin. -->","yoast_head_json":{"title":"URIAGE BARIEDERM CREME ISOLANTE REPARATRICE 75ML PEAUX AGRESS\u00c9ES - Paracherkaoui.ma","robots":{"index":"index","follow":"follow","max-snippet":"max-snippet:-1","max-image-preview":"max-image-preview:large","max-video-preview":"max-video-preview:-1"},"canonical":"https:\/\/paracherkaoui.ma\/index.php\/produit\/uriage-bariederm-creme-isolante-reparatrice-75ml-peaux-agressees\/","og_locale":"fr_FR","og_type":"article","og_title":"URIAGE BARIEDERM CREME ISOLANTE REPARATRICE 75ML PEAUX AGRESS\u00c9ES - Paracherkaoui.ma","og_description":"Elle est id\u00e9ale pour un usage professionnel ou familial, assurant une protection optimale pour tous. Gr\u00e2ce \u00e0 l&rsquo;association de deux","og_url":"https:\/\/paracherkaoui.ma\/index.php\/produit\/uriage-bariederm-creme-isolante-reparatrice-75ml-peaux-agressees\/","og_site_name":"Paracherkaoui.ma","article_modified_time":"2025-12-12T16:48:49+00:00","og_image":[{"width":700,"height":700,"url":"https:\/\/paracherkaoui.ma\/wp-content\/uploads\/2025\/12\/uriage-uriage-bariederm-creme-isolante-reparatrice-75ml-peaux-agressees-visage.jpg","type":"image\/jpeg"}],"twitter_card":"summary_large_image","twitter_misc":{"Dur\u00e9e de lecture estim\u00e9e":"1 minute"},"schema":{"@context":"https:\/\/schema.org","@graph":[{"@type":"WebPage","@id":"https:\/\/paracherkaoui.ma\/index.php\/produit\/uriage-bariederm-creme-isolante-reparatrice-75ml-peaux-agressees\/","url":"https:\/\/paracherkaoui.ma\/index.php\/produit\/uriage-bariederm-creme-isolante-reparatrice-75ml-peaux-agressees\/","name":"URIAGE BARIEDERM CREME ISOLANTE REPARATRICE 75ML PEAUX AGRESS\u00c9ES - Paracherkaoui.ma","isPartOf":{"@id":"https:\/\/paracherkaoui.ma\/#website"},"primaryImageOfPage":{"@id":"https:\/\/paracherkaoui.ma\/index.php\/produit\/uriage-bariederm-creme-isolante-reparatrice-75ml-peaux-agressees\/#primaryimage"},"image":{"@id":"https:\/\/paracherkaoui.ma\/index.php\/produit\/uriage-bariederm-creme-isolante-reparatrice-75ml-peaux-agressees\/#primaryimage"},"thumbnailUrl":"https:\/\/paracherkaoui.ma\/wp-content\/uploads\/2025\/12\/uriage-uriage-bariederm-creme-isolante-reparatrice-75ml-peaux-agressees-visage.jpg","datePublished":"2025-12-12T16:48:47+00:00","dateModified":"2025-12-12T16:48:49+00:00","breadcrumb":{"@id":"https:\/\/paracherkaoui.ma\/index.php\/produit\/uriage-bariederm-creme-isolante-reparatrice-75ml-peaux-agressees\/#breadcrumb"},"inLanguage":"fr-FR","potentialAction":[{"@type":"ReadAction","target":["https:\/\/paracherkaoui.ma\/index.php\/produit\/uriage-bariederm-creme-isolante-reparatrice-75ml-peaux-agressees\/"]}]},{"@type":"ImageObject","inLanguage":"fr-FR","@id":"https:\/\/paracherkaoui.ma\/index.php\/produit\/uriage-bariederm-creme-isolante-reparatrice-75ml-peaux-agressees\/#primaryimage","url":"https:\/\/paracherkaoui.ma\/wp-content\/uploads\/2025\/12\/uriage-uriage-bariederm-creme-isolante-reparatrice-75ml-peaux-agressees-visage.jpg","contentUrl":"https:\/\/paracherkaoui.ma\/wp-content\/uploads\/2025\/12\/uriage-uriage-bariederm-creme-isolante-reparatrice-75ml-peaux-agressees-visage.jpg","width":700,"height":700},{"@type":"BreadcrumbList","@id":"https:\/\/paracherkaoui.ma\/index.php\/produit\/uriage-bariederm-creme-isolante-reparatrice-75ml-peaux-agressees\/#breadcrumb","itemListElement":[{"@type":"ListItem","position":1,"name":"Accueil","item":"https:\/\/paracherkaoui.ma\/"},{"@type":"ListItem","position":2,"name":"Boutique","item":"https:\/\/paracherkaoui.ma\/index.php\/boutique\/"},{"@type":"ListItem","position":3,"name":"URIAGE BARIEDERM CREME ISOLANTE REPARATRICE 75ML PEAUX AGRESS\u00c9ES"}]},{"@type":"WebSite","@id":"https:\/\/paracherkaoui.ma\/#website","url":"https:\/\/paracherkaoui.ma\/","name":"Paracherkaoui.ma","description":"Achetez en ligne sur Paracherkaoui.ma","potentialAction":[{"@type":"SearchAction","target":{"@type":"EntryPoint","urlTemplate":"https:\/\/paracherkaoui.ma\/?s={search_term_string}"},"query-input":{"@type":"PropertyValueSpecification","valueRequired":true,"valueName":"search_term_string"}}],"inLanguage":"fr-FR"}]}},"_links":{"self":[{"href":"https:\/\/paracherkaoui.ma\/index.php\/wp-json\/wp\/v2\/product\/13864","targetHints":{"allow":["GET"]}}],"collection":[{"href":"https:\/\/paracherkaoui.ma\/index.php\/wp-json\/wp\/v2\/product"}],"about":[{"href":"https:\/\/paracherkaoui.ma\/index.php\/wp-json\/wp\/v2\/types\/product"}],"replies":[{"embeddable":true,"href":"https:\/\/paracherkaoui.ma\/index.php\/wp-json\/wp\/v2\/comments?post=13864"}],"version-history":[{"count":1,"href":"https:\/\/paracherkaoui.ma\/index.php\/wp-json\/wp\/v2\/product\/13864\/revisions"}],"predecessor-version":[{"id":13897,"href":"https:\/\/paracherkaoui.ma\/index.php\/wp-json\/wp\/v2\/product\/13864\/revisions\/13897"}],"wp:featuredmedia":[{"embeddable":true,"href":"https:\/\/paracherkaoui.ma\/index.php\/wp-json\/wp\/v2\/media\/13896"}],"wp:attachment":[{"href":"https:\/\/paracherkaoui.ma\/index.php\/wp-json\/wp\/v2\/media?parent=13864"}],"wp:term":[{"taxonomy":"product_brand","embeddable":true,"href":"https:\/\/paracherkaoui.ma\/index.php\/wp-json\/wp\/v2\/product_brand?post=13864"},{"taxonomy":"product_cat","embeddable":true,"href":"https:\/\/paracherkaoui.ma\/index.php\/wp-json\/wp\/v2\/product_cat?post=13864"},{"taxonomy":"product_tag","embeddable":true,"href":"https:\/\/paracherkaoui.ma\/index.php\/wp-json\/wp\/v2\/product_tag?post=13864"}],"curies":[{"name":"wp","href":"https:\/\/api.w.org\/{rel}","templated":true}]}}