{"id":13790,"date":"2025-12-12T17:48:43","date_gmt":"2025-12-12T16:48:43","guid":{"rendered":"https:\/\/test.ecbeaute.com\/?post_type=product&#038;p=13790"},"modified":"2025-12-12T17:48:45","modified_gmt":"2025-12-12T16:48:45","slug":"filorga-nutri-filler-creme-nutri-reconstituante-50-ml-2","status":"publish","type":"product","link":"https:\/\/paracherkaoui.ma\/index.php\/produit\/filorga-nutri-filler-creme-nutri-reconstituante-50-ml-2\/","title":{"rendered":"FILORGA NUTRI FILLER CREME NUTRI RECONSTITUANTE 50 ML"},"content":{"rendered":"<p>INDICATIONS :<br \/>\nFILORGA NUTRI-FILLER Cr\u00e8me nutri-reconstituante. La cr\u00e8me nutri-reconstituante Nutri-Filler nourrit et r\u00e9g\u00e9n\u00e8re en profondeur les peaux exigeantes tout en redessinant les contours du visage. Sa formule \u00e0 base de beurre de karit\u00e9 et d&rsquo;huile d&rsquo;argan apporte confort et souplesse aux peaux les plus s\u00e8ches. Un extrait v\u00e9g\u00e9tal favorise le renouvellement et la protection du collag\u00e8ne pour une peau prot\u00e9g\u00e9e durablement. De l&rsquo;algue rouge cible l&rsquo;ovale du visage et la zone du double menton pour un visage plus jeune. Imm\u00e9diatement les peaux les plus s\u00e8ches retrouvent confort et souplesse. Jour apr\u00e8s jour, la peau est plus dense et l&rsquo;ovale du visage redessin\u00e9. Confort supr\u00eame et fini non-gras.<br \/>\nPR\u00c9SENTATION :<br \/>\n1 Pot de 50 ml<br \/>\nCONSEIL D&rsquo;UTILISATIONS :<br \/>\nAppliquer matin et\/ou soir sur une peau propre et d\u00e9maquill\u00e9e, sur l&rsquo;ensemble du visage, du cou et du d\u00e9collet\u00e9.<\/p>\n","protected":false},"excerpt":{"rendered":"<p>INDICATIONS : FILORGA NUTRI-FILLER Cr\u00e8me nutri-reconstituante. La cr\u00e8me nutri-reconstituante Nutri-Filler nourrit et r\u00e9g\u00e9n\u00e8re en profondeur les peaux exigeantes tout en<\/p>\n","protected":false},"featured_media":11400,"comment_status":"open","ping_status":"closed","template":"","meta":[],"product_brand":[141],"product_cat":[173],"product_tag":[],"class_list":{"0":"post-13790","1":"product","2":"type-product","3":"status-publish","4":"has-post-thumbnail","6":"product_brand-filorga","7":"product_cat-cremes-et-soins-visage","9":"first","10":"instock","11":"sale","12":"shipping-taxable","13":"purchasable","14":"product-type-simple"},"yoast_head":"<!-- This site is optimized with the Yoast SEO plugin v26.6 - https:\/\/yoast.com\/wordpress\/plugins\/seo\/ -->\r\n<title>FILORGA NUTRI FILLER CREME NUTRI RECONSTITUANTE 50 ML - Paracherkaoui.ma<\/title>\r\n<meta name=\"robots\" content=\"index, follow, max-snippet:-1, max-image-preview:large, max-video-preview:-1\" \/>\r\n<link rel=\"canonical\" href=\"https:\/\/paracherkaoui.ma\/index.php\/produit\/filorga-nutri-filler-creme-nutri-reconstituante-50-ml-2\/\" \/>\r\n<meta property=\"og:locale\" content=\"fr_FR\" \/>\r\n<meta property=\"og:type\" content=\"article\" \/>\r\n<meta property=\"og:title\" content=\"FILORGA NUTRI FILLER CREME NUTRI RECONSTITUANTE 50 ML - Paracherkaoui.ma\" \/>\r\n<meta property=\"og:description\" content=\"INDICATIONS : FILORGA NUTRI-FILLER Cr\u00e8me nutri-reconstituante. La cr\u00e8me nutri-reconstituante Nutri-Filler nourrit et r\u00e9g\u00e9n\u00e8re en profondeur les peaux exigeantes tout en\" \/>\r\n<meta property=\"og:url\" content=\"https:\/\/paracherkaoui.ma\/index.php\/produit\/filorga-nutri-filler-creme-nutri-reconstituante-50-ml-2\/\" \/>\r\n<meta property=\"og:site_name\" content=\"Paracherkaoui.ma\" \/>\r\n<meta property=\"article:modified_time\" content=\"2025-12-12T16:48:45+00:00\" \/>\r\n<meta property=\"og:image\" content=\"https:\/\/paracherkaoui.ma\/wp-content\/uploads\/2025\/12\/filorga-nutri-filler-creme-nutri-reconstituante-50-ml.jpg\" \/>\r\n\t<meta property=\"og:image:width\" content=\"700\" \/>\r\n\t<meta property=\"og:image:height\" content=\"700\" \/>\r\n\t<meta property=\"og:image:type\" content=\"image\/jpeg\" \/>\r\n<meta name=\"twitter:card\" content=\"summary_large_image\" \/>\r\n<meta name=\"twitter:label1\" content=\"Dur\u00e9e de lecture estim\u00e9e\" \/>\n\t<meta name=\"twitter:data1\" content=\"1 minute\" \/>\r\n<script type=\"application\/ld+json\" class=\"yoast-schema-graph\">{\"@context\":\"https:\/\/schema.org\",\"@graph\":[{\"@type\":\"WebPage\",\"@id\":\"https:\/\/paracherkaoui.ma\/index.php\/produit\/filorga-nutri-filler-creme-nutri-reconstituante-50-ml-2\/\",\"url\":\"https:\/\/paracherkaoui.ma\/index.php\/produit\/filorga-nutri-filler-creme-nutri-reconstituante-50-ml-2\/\",\"name\":\"FILORGA NUTRI FILLER CREME NUTRI RECONSTITUANTE 50 ML - Paracherkaoui.ma\",\"isPartOf\":{\"@id\":\"https:\/\/paracherkaoui.ma\/#website\"},\"primaryImageOfPage\":{\"@id\":\"https:\/\/paracherkaoui.ma\/index.php\/produit\/filorga-nutri-filler-creme-nutri-reconstituante-50-ml-2\/#primaryimage\"},\"image\":{\"@id\":\"https:\/\/paracherkaoui.ma\/index.php\/produit\/filorga-nutri-filler-creme-nutri-reconstituante-50-ml-2\/#primaryimage\"},\"thumbnailUrl\":\"https:\/\/paracherkaoui.ma\/wp-content\/uploads\/2025\/12\/filorga-nutri-filler-creme-nutri-reconstituante-50-ml.jpg\",\"datePublished\":\"2025-12-12T16:48:43+00:00\",\"dateModified\":\"2025-12-12T16:48:45+00:00\",\"breadcrumb\":{\"@id\":\"https:\/\/paracherkaoui.ma\/index.php\/produit\/filorga-nutri-filler-creme-nutri-reconstituante-50-ml-2\/#breadcrumb\"},\"inLanguage\":\"fr-FR\",\"potentialAction\":[{\"@type\":\"ReadAction\",\"target\":[\"https:\/\/paracherkaoui.ma\/index.php\/produit\/filorga-nutri-filler-creme-nutri-reconstituante-50-ml-2\/\"]}]},{\"@type\":\"ImageObject\",\"inLanguage\":\"fr-FR\",\"@id\":\"https:\/\/paracherkaoui.ma\/index.php\/produit\/filorga-nutri-filler-creme-nutri-reconstituante-50-ml-2\/#primaryimage\",\"url\":\"https:\/\/paracherkaoui.ma\/wp-content\/uploads\/2025\/12\/filorga-nutri-filler-creme-nutri-reconstituante-50-ml.jpg\",\"contentUrl\":\"https:\/\/paracherkaoui.ma\/wp-content\/uploads\/2025\/12\/filorga-nutri-filler-creme-nutri-reconstituante-50-ml.jpg\",\"width\":700,\"height\":700},{\"@type\":\"BreadcrumbList\",\"@id\":\"https:\/\/paracherkaoui.ma\/index.php\/produit\/filorga-nutri-filler-creme-nutri-reconstituante-50-ml-2\/#breadcrumb\",\"itemListElement\":[{\"@type\":\"ListItem\",\"position\":1,\"name\":\"Accueil\",\"item\":\"https:\/\/paracherkaoui.ma\/\"},{\"@type\":\"ListItem\",\"position\":2,\"name\":\"Boutique\",\"item\":\"https:\/\/paracherkaoui.ma\/index.php\/boutique\/\"},{\"@type\":\"ListItem\",\"position\":3,\"name\":\"FILORGA NUTRI FILLER CREME NUTRI RECONSTITUANTE 50 ML\"}]},{\"@type\":\"WebSite\",\"@id\":\"https:\/\/paracherkaoui.ma\/#website\",\"url\":\"https:\/\/paracherkaoui.ma\/\",\"name\":\"Paracherkaoui.ma\",\"description\":\"Achetez en ligne sur Paracherkaoui.ma\",\"potentialAction\":[{\"@type\":\"SearchAction\",\"target\":{\"@type\":\"EntryPoint\",\"urlTemplate\":\"https:\/\/paracherkaoui.ma\/?s={search_term_string}\"},\"query-input\":{\"@type\":\"PropertyValueSpecification\",\"valueRequired\":true,\"valueName\":\"search_term_string\"}}],\"inLanguage\":\"fr-FR\"}]}<\/script>\r\n<!-- \/ Yoast SEO plugin. -->","yoast_head_json":{"title":"FILORGA NUTRI FILLER CREME NUTRI RECONSTITUANTE 50 ML - Paracherkaoui.ma","robots":{"index":"index","follow":"follow","max-snippet":"max-snippet:-1","max-image-preview":"max-image-preview:large","max-video-preview":"max-video-preview:-1"},"canonical":"https:\/\/paracherkaoui.ma\/index.php\/produit\/filorga-nutri-filler-creme-nutri-reconstituante-50-ml-2\/","og_locale":"fr_FR","og_type":"article","og_title":"FILORGA NUTRI FILLER CREME NUTRI RECONSTITUANTE 50 ML - Paracherkaoui.ma","og_description":"INDICATIONS : FILORGA NUTRI-FILLER Cr\u00e8me nutri-reconstituante. La cr\u00e8me nutri-reconstituante Nutri-Filler nourrit et r\u00e9g\u00e9n\u00e8re en profondeur les peaux exigeantes tout en","og_url":"https:\/\/paracherkaoui.ma\/index.php\/produit\/filorga-nutri-filler-creme-nutri-reconstituante-50-ml-2\/","og_site_name":"Paracherkaoui.ma","article_modified_time":"2025-12-12T16:48:45+00:00","og_image":[{"width":700,"height":700,"url":"https:\/\/paracherkaoui.ma\/wp-content\/uploads\/2025\/12\/filorga-nutri-filler-creme-nutri-reconstituante-50-ml.jpg","type":"image\/jpeg"}],"twitter_card":"summary_large_image","twitter_misc":{"Dur\u00e9e de lecture estim\u00e9e":"1 minute"},"schema":{"@context":"https:\/\/schema.org","@graph":[{"@type":"WebPage","@id":"https:\/\/paracherkaoui.ma\/index.php\/produit\/filorga-nutri-filler-creme-nutri-reconstituante-50-ml-2\/","url":"https:\/\/paracherkaoui.ma\/index.php\/produit\/filorga-nutri-filler-creme-nutri-reconstituante-50-ml-2\/","name":"FILORGA NUTRI FILLER CREME NUTRI RECONSTITUANTE 50 ML - Paracherkaoui.ma","isPartOf":{"@id":"https:\/\/paracherkaoui.ma\/#website"},"primaryImageOfPage":{"@id":"https:\/\/paracherkaoui.ma\/index.php\/produit\/filorga-nutri-filler-creme-nutri-reconstituante-50-ml-2\/#primaryimage"},"image":{"@id":"https:\/\/paracherkaoui.ma\/index.php\/produit\/filorga-nutri-filler-creme-nutri-reconstituante-50-ml-2\/#primaryimage"},"thumbnailUrl":"https:\/\/paracherkaoui.ma\/wp-content\/uploads\/2025\/12\/filorga-nutri-filler-creme-nutri-reconstituante-50-ml.jpg","datePublished":"2025-12-12T16:48:43+00:00","dateModified":"2025-12-12T16:48:45+00:00","breadcrumb":{"@id":"https:\/\/paracherkaoui.ma\/index.php\/produit\/filorga-nutri-filler-creme-nutri-reconstituante-50-ml-2\/#breadcrumb"},"inLanguage":"fr-FR","potentialAction":[{"@type":"ReadAction","target":["https:\/\/paracherkaoui.ma\/index.php\/produit\/filorga-nutri-filler-creme-nutri-reconstituante-50-ml-2\/"]}]},{"@type":"ImageObject","inLanguage":"fr-FR","@id":"https:\/\/paracherkaoui.ma\/index.php\/produit\/filorga-nutri-filler-creme-nutri-reconstituante-50-ml-2\/#primaryimage","url":"https:\/\/paracherkaoui.ma\/wp-content\/uploads\/2025\/12\/filorga-nutri-filler-creme-nutri-reconstituante-50-ml.jpg","contentUrl":"https:\/\/paracherkaoui.ma\/wp-content\/uploads\/2025\/12\/filorga-nutri-filler-creme-nutri-reconstituante-50-ml.jpg","width":700,"height":700},{"@type":"BreadcrumbList","@id":"https:\/\/paracherkaoui.ma\/index.php\/produit\/filorga-nutri-filler-creme-nutri-reconstituante-50-ml-2\/#breadcrumb","itemListElement":[{"@type":"ListItem","position":1,"name":"Accueil","item":"https:\/\/paracherkaoui.ma\/"},{"@type":"ListItem","position":2,"name":"Boutique","item":"https:\/\/paracherkaoui.ma\/index.php\/boutique\/"},{"@type":"ListItem","position":3,"name":"FILORGA NUTRI FILLER CREME NUTRI RECONSTITUANTE 50 ML"}]},{"@type":"WebSite","@id":"https:\/\/paracherkaoui.ma\/#website","url":"https:\/\/paracherkaoui.ma\/","name":"Paracherkaoui.ma","description":"Achetez en ligne sur Paracherkaoui.ma","potentialAction":[{"@type":"SearchAction","target":{"@type":"EntryPoint","urlTemplate":"https:\/\/paracherkaoui.ma\/?s={search_term_string}"},"query-input":{"@type":"PropertyValueSpecification","valueRequired":true,"valueName":"search_term_string"}}],"inLanguage":"fr-FR"}]}},"_links":{"self":[{"href":"https:\/\/paracherkaoui.ma\/index.php\/wp-json\/wp\/v2\/product\/13790","targetHints":{"allow":["GET"]}}],"collection":[{"href":"https:\/\/paracherkaoui.ma\/index.php\/wp-json\/wp\/v2\/product"}],"about":[{"href":"https:\/\/paracherkaoui.ma\/index.php\/wp-json\/wp\/v2\/types\/product"}],"replies":[{"embeddable":true,"href":"https:\/\/paracherkaoui.ma\/index.php\/wp-json\/wp\/v2\/comments?post=13790"}],"version-history":[{"count":1,"href":"https:\/\/paracherkaoui.ma\/index.php\/wp-json\/wp\/v2\/product\/13790\/revisions"}],"predecessor-version":[{"id":13828,"href":"https:\/\/paracherkaoui.ma\/index.php\/wp-json\/wp\/v2\/product\/13790\/revisions\/13828"}],"wp:featuredmedia":[{"embeddable":true,"href":"https:\/\/paracherkaoui.ma\/index.php\/wp-json\/wp\/v2\/media\/11400"}],"wp:attachment":[{"href":"https:\/\/paracherkaoui.ma\/index.php\/wp-json\/wp\/v2\/media?parent=13790"}],"wp:term":[{"taxonomy":"product_brand","embeddable":true,"href":"https:\/\/paracherkaoui.ma\/index.php\/wp-json\/wp\/v2\/product_brand?post=13790"},{"taxonomy":"product_cat","embeddable":true,"href":"https:\/\/paracherkaoui.ma\/index.php\/wp-json\/wp\/v2\/product_cat?post=13790"},{"taxonomy":"product_tag","embeddable":true,"href":"https:\/\/paracherkaoui.ma\/index.php\/wp-json\/wp\/v2\/product_tag?post=13790"}],"curies":[{"name":"wp","href":"https:\/\/api.w.org\/{rel}","templated":true}]}}