{"id":13725,"date":"2025-12-12T17:48:39","date_gmt":"2025-12-12T16:48:39","guid":{"rendered":"https:\/\/test.ecbeaute.com\/?post_type=product&#038;p=13725"},"modified":"2025-12-12T17:48:41","modified_gmt":"2025-12-12T16:48:41","slug":"cetaphil-lotion-hydratante-236-ml-2","status":"publish","type":"product","link":"https:\/\/paracherkaoui.ma\/index.php\/produit\/cetaphil-lotion-hydratante-236-ml-2\/","title":{"rendered":"CETAPHIL LOTION HYDRATANTE 236 ML"},"content":{"rendered":"<p>La Lotion hydratante Cetaphil est un hydratant non gras et l\u00e9ger, qui hydrate et prot\u00e8ge votre peau sensible. Elle est formul\u00e9e avec un syst\u00e8me d&rsquo;\u00e9mollients et d&rsquo;humectants de qualit\u00e9 sup\u00e9rieure qui lient l&rsquo;eau \u00e0 la peau et pr\u00e9viennent la perte d&rsquo;humidit\u00e9.<br \/>\nElle est rapidement absorb\u00e9e et procure une peau douce et lisse.<br \/>\nElle est non irritante, non com\u00e9dog\u00e8ne et sans parfum.<br \/>\n\u00c9prouv\u00e9e en clinique pour prot\u00e9ger la peau pendant 24 heures.<br \/>\nSans parab\u00e8nes<br \/>\nConseils d&rsquo;Utilisation :<br \/>\nAppliquer g\u00e9n\u00e9reusement sur la peau. Pour des r\u00e9sultats optimaux, appliquer apr\u00e8s le bain, alors que la peau est encore humide.<\/p>\n","protected":false},"excerpt":{"rendered":"<p>La Lotion hydratante Cetaphil est un hydratant non gras et l\u00e9ger, qui hydrate et prot\u00e8ge votre peau sensible. Elle est<\/p>\n","protected":false},"featured_media":11212,"comment_status":"open","ping_status":"closed","template":"","meta":[],"product_brand":[150],"product_cat":[173],"product_tag":[],"class_list":{"0":"post-13725","1":"product","2":"type-product","3":"status-publish","4":"has-post-thumbnail","6":"product_brand-cetaphil","7":"product_cat-cremes-et-soins-visage","9":"first","10":"instock","11":"sale","12":"shipping-taxable","13":"purchasable","14":"product-type-simple"},"yoast_head":"<!-- This site is optimized with the Yoast SEO plugin v26.6 - https:\/\/yoast.com\/wordpress\/plugins\/seo\/ -->\r\n<title>CETAPHIL LOTION HYDRATANTE 236 ML - Paracherkaoui.ma<\/title>\r\n<meta name=\"robots\" content=\"index, follow, max-snippet:-1, max-image-preview:large, max-video-preview:-1\" \/>\r\n<link rel=\"canonical\" href=\"https:\/\/paracherkaoui.ma\/index.php\/produit\/cetaphil-lotion-hydratante-236-ml-2\/\" \/>\r\n<meta property=\"og:locale\" content=\"fr_FR\" \/>\r\n<meta property=\"og:type\" content=\"article\" \/>\r\n<meta property=\"og:title\" content=\"CETAPHIL LOTION HYDRATANTE 236 ML - Paracherkaoui.ma\" \/>\r\n<meta property=\"og:description\" content=\"La Lotion hydratante Cetaphil est un hydratant non gras et l\u00e9ger, qui hydrate et prot\u00e8ge votre peau sensible. Elle est\" \/>\r\n<meta property=\"og:url\" content=\"https:\/\/paracherkaoui.ma\/index.php\/produit\/cetaphil-lotion-hydratante-236-ml-2\/\" \/>\r\n<meta property=\"og:site_name\" content=\"Paracherkaoui.ma\" \/>\r\n<meta property=\"article:modified_time\" content=\"2025-12-12T16:48:41+00:00\" \/>\r\n<meta property=\"og:image\" content=\"https:\/\/paracherkaoui.ma\/wp-content\/uploads\/2025\/12\/cetaphil-cetaphil-lotion-hydratante-236-ml-cremes-jour.jpg\" \/>\r\n\t<meta property=\"og:image:width\" content=\"700\" \/>\r\n\t<meta property=\"og:image:height\" content=\"700\" \/>\r\n\t<meta property=\"og:image:type\" content=\"image\/jpeg\" \/>\r\n<meta name=\"twitter:card\" content=\"summary_large_image\" \/>\r\n<meta name=\"twitter:label1\" content=\"Dur\u00e9e de lecture estim\u00e9e\" \/>\n\t<meta name=\"twitter:data1\" content=\"1 minute\" \/>\r\n<script type=\"application\/ld+json\" class=\"yoast-schema-graph\">{\"@context\":\"https:\/\/schema.org\",\"@graph\":[{\"@type\":\"WebPage\",\"@id\":\"https:\/\/paracherkaoui.ma\/index.php\/produit\/cetaphil-lotion-hydratante-236-ml-2\/\",\"url\":\"https:\/\/paracherkaoui.ma\/index.php\/produit\/cetaphil-lotion-hydratante-236-ml-2\/\",\"name\":\"CETAPHIL LOTION HYDRATANTE 236 ML - Paracherkaoui.ma\",\"isPartOf\":{\"@id\":\"https:\/\/paracherkaoui.ma\/#website\"},\"primaryImageOfPage\":{\"@id\":\"https:\/\/paracherkaoui.ma\/index.php\/produit\/cetaphil-lotion-hydratante-236-ml-2\/#primaryimage\"},\"image\":{\"@id\":\"https:\/\/paracherkaoui.ma\/index.php\/produit\/cetaphil-lotion-hydratante-236-ml-2\/#primaryimage\"},\"thumbnailUrl\":\"https:\/\/paracherkaoui.ma\/wp-content\/uploads\/2025\/12\/cetaphil-cetaphil-lotion-hydratante-236-ml-cremes-jour.jpg\",\"datePublished\":\"2025-12-12T16:48:39+00:00\",\"dateModified\":\"2025-12-12T16:48:41+00:00\",\"breadcrumb\":{\"@id\":\"https:\/\/paracherkaoui.ma\/index.php\/produit\/cetaphil-lotion-hydratante-236-ml-2\/#breadcrumb\"},\"inLanguage\":\"fr-FR\",\"potentialAction\":[{\"@type\":\"ReadAction\",\"target\":[\"https:\/\/paracherkaoui.ma\/index.php\/produit\/cetaphil-lotion-hydratante-236-ml-2\/\"]}]},{\"@type\":\"ImageObject\",\"inLanguage\":\"fr-FR\",\"@id\":\"https:\/\/paracherkaoui.ma\/index.php\/produit\/cetaphil-lotion-hydratante-236-ml-2\/#primaryimage\",\"url\":\"https:\/\/paracherkaoui.ma\/wp-content\/uploads\/2025\/12\/cetaphil-cetaphil-lotion-hydratante-236-ml-cremes-jour.jpg\",\"contentUrl\":\"https:\/\/paracherkaoui.ma\/wp-content\/uploads\/2025\/12\/cetaphil-cetaphil-lotion-hydratante-236-ml-cremes-jour.jpg\",\"width\":700,\"height\":700},{\"@type\":\"BreadcrumbList\",\"@id\":\"https:\/\/paracherkaoui.ma\/index.php\/produit\/cetaphil-lotion-hydratante-236-ml-2\/#breadcrumb\",\"itemListElement\":[{\"@type\":\"ListItem\",\"position\":1,\"name\":\"Accueil\",\"item\":\"https:\/\/paracherkaoui.ma\/\"},{\"@type\":\"ListItem\",\"position\":2,\"name\":\"Boutique\",\"item\":\"https:\/\/paracherkaoui.ma\/index.php\/boutique\/\"},{\"@type\":\"ListItem\",\"position\":3,\"name\":\"CETAPHIL LOTION HYDRATANTE 236 ML\"}]},{\"@type\":\"WebSite\",\"@id\":\"https:\/\/paracherkaoui.ma\/#website\",\"url\":\"https:\/\/paracherkaoui.ma\/\",\"name\":\"Paracherkaoui.ma\",\"description\":\"Achetez en ligne sur Paracherkaoui.ma\",\"potentialAction\":[{\"@type\":\"SearchAction\",\"target\":{\"@type\":\"EntryPoint\",\"urlTemplate\":\"https:\/\/paracherkaoui.ma\/?s={search_term_string}\"},\"query-input\":{\"@type\":\"PropertyValueSpecification\",\"valueRequired\":true,\"valueName\":\"search_term_string\"}}],\"inLanguage\":\"fr-FR\"}]}<\/script>\r\n<!-- \/ Yoast SEO plugin. -->","yoast_head_json":{"title":"CETAPHIL LOTION HYDRATANTE 236 ML - Paracherkaoui.ma","robots":{"index":"index","follow":"follow","max-snippet":"max-snippet:-1","max-image-preview":"max-image-preview:large","max-video-preview":"max-video-preview:-1"},"canonical":"https:\/\/paracherkaoui.ma\/index.php\/produit\/cetaphil-lotion-hydratante-236-ml-2\/","og_locale":"fr_FR","og_type":"article","og_title":"CETAPHIL LOTION HYDRATANTE 236 ML - Paracherkaoui.ma","og_description":"La Lotion hydratante Cetaphil est un hydratant non gras et l\u00e9ger, qui hydrate et prot\u00e8ge votre peau sensible. Elle est","og_url":"https:\/\/paracherkaoui.ma\/index.php\/produit\/cetaphil-lotion-hydratante-236-ml-2\/","og_site_name":"Paracherkaoui.ma","article_modified_time":"2025-12-12T16:48:41+00:00","og_image":[{"width":700,"height":700,"url":"https:\/\/paracherkaoui.ma\/wp-content\/uploads\/2025\/12\/cetaphil-cetaphil-lotion-hydratante-236-ml-cremes-jour.jpg","type":"image\/jpeg"}],"twitter_card":"summary_large_image","twitter_misc":{"Dur\u00e9e de lecture estim\u00e9e":"1 minute"},"schema":{"@context":"https:\/\/schema.org","@graph":[{"@type":"WebPage","@id":"https:\/\/paracherkaoui.ma\/index.php\/produit\/cetaphil-lotion-hydratante-236-ml-2\/","url":"https:\/\/paracherkaoui.ma\/index.php\/produit\/cetaphil-lotion-hydratante-236-ml-2\/","name":"CETAPHIL LOTION HYDRATANTE 236 ML - Paracherkaoui.ma","isPartOf":{"@id":"https:\/\/paracherkaoui.ma\/#website"},"primaryImageOfPage":{"@id":"https:\/\/paracherkaoui.ma\/index.php\/produit\/cetaphil-lotion-hydratante-236-ml-2\/#primaryimage"},"image":{"@id":"https:\/\/paracherkaoui.ma\/index.php\/produit\/cetaphil-lotion-hydratante-236-ml-2\/#primaryimage"},"thumbnailUrl":"https:\/\/paracherkaoui.ma\/wp-content\/uploads\/2025\/12\/cetaphil-cetaphil-lotion-hydratante-236-ml-cremes-jour.jpg","datePublished":"2025-12-12T16:48:39+00:00","dateModified":"2025-12-12T16:48:41+00:00","breadcrumb":{"@id":"https:\/\/paracherkaoui.ma\/index.php\/produit\/cetaphil-lotion-hydratante-236-ml-2\/#breadcrumb"},"inLanguage":"fr-FR","potentialAction":[{"@type":"ReadAction","target":["https:\/\/paracherkaoui.ma\/index.php\/produit\/cetaphil-lotion-hydratante-236-ml-2\/"]}]},{"@type":"ImageObject","inLanguage":"fr-FR","@id":"https:\/\/paracherkaoui.ma\/index.php\/produit\/cetaphil-lotion-hydratante-236-ml-2\/#primaryimage","url":"https:\/\/paracherkaoui.ma\/wp-content\/uploads\/2025\/12\/cetaphil-cetaphil-lotion-hydratante-236-ml-cremes-jour.jpg","contentUrl":"https:\/\/paracherkaoui.ma\/wp-content\/uploads\/2025\/12\/cetaphil-cetaphil-lotion-hydratante-236-ml-cremes-jour.jpg","width":700,"height":700},{"@type":"BreadcrumbList","@id":"https:\/\/paracherkaoui.ma\/index.php\/produit\/cetaphil-lotion-hydratante-236-ml-2\/#breadcrumb","itemListElement":[{"@type":"ListItem","position":1,"name":"Accueil","item":"https:\/\/paracherkaoui.ma\/"},{"@type":"ListItem","position":2,"name":"Boutique","item":"https:\/\/paracherkaoui.ma\/index.php\/boutique\/"},{"@type":"ListItem","position":3,"name":"CETAPHIL LOTION HYDRATANTE 236 ML"}]},{"@type":"WebSite","@id":"https:\/\/paracherkaoui.ma\/#website","url":"https:\/\/paracherkaoui.ma\/","name":"Paracherkaoui.ma","description":"Achetez en ligne sur Paracherkaoui.ma","potentialAction":[{"@type":"SearchAction","target":{"@type":"EntryPoint","urlTemplate":"https:\/\/paracherkaoui.ma\/?s={search_term_string}"},"query-input":{"@type":"PropertyValueSpecification","valueRequired":true,"valueName":"search_term_string"}}],"inLanguage":"fr-FR"}]}},"_links":{"self":[{"href":"https:\/\/paracherkaoui.ma\/index.php\/wp-json\/wp\/v2\/product\/13725","targetHints":{"allow":["GET"]}}],"collection":[{"href":"https:\/\/paracherkaoui.ma\/index.php\/wp-json\/wp\/v2\/product"}],"about":[{"href":"https:\/\/paracherkaoui.ma\/index.php\/wp-json\/wp\/v2\/types\/product"}],"replies":[{"embeddable":true,"href":"https:\/\/paracherkaoui.ma\/index.php\/wp-json\/wp\/v2\/comments?post=13725"}],"version-history":[{"count":1,"href":"https:\/\/paracherkaoui.ma\/index.php\/wp-json\/wp\/v2\/product\/13725\/revisions"}],"predecessor-version":[{"id":13769,"href":"https:\/\/paracherkaoui.ma\/index.php\/wp-json\/wp\/v2\/product\/13725\/revisions\/13769"}],"wp:featuredmedia":[{"embeddable":true,"href":"https:\/\/paracherkaoui.ma\/index.php\/wp-json\/wp\/v2\/media\/11212"}],"wp:attachment":[{"href":"https:\/\/paracherkaoui.ma\/index.php\/wp-json\/wp\/v2\/media?parent=13725"}],"wp:term":[{"taxonomy":"product_brand","embeddable":true,"href":"https:\/\/paracherkaoui.ma\/index.php\/wp-json\/wp\/v2\/product_brand?post=13725"},{"taxonomy":"product_cat","embeddable":true,"href":"https:\/\/paracherkaoui.ma\/index.php\/wp-json\/wp\/v2\/product_cat?post=13725"},{"taxonomy":"product_tag","embeddable":true,"href":"https:\/\/paracherkaoui.ma\/index.php\/wp-json\/wp\/v2\/product_tag?post=13725"}],"curies":[{"name":"wp","href":"https:\/\/api.w.org\/{rel}","templated":true}]}}