{"id":13721,"date":"2025-12-12T17:48:39","date_gmt":"2025-12-12T16:48:39","guid":{"rendered":"https:\/\/test.ecbeaute.com\/?post_type=product&#038;p=13721"},"modified":"2025-12-12T17:48:41","modified_gmt":"2025-12-12T16:48:41","slug":"uriage-age-lift-filler-soin-combleur-instantane-30ml","status":"publish","type":"product","link":"https:\/\/paracherkaoui.ma\/index.php\/produit\/uriage-age-lift-filler-soin-combleur-instantane-30ml\/","title":{"rendered":"URIAGE AGE LIFT FILLER SOIN COMBLEUR INSTANTANE 30ML"},"content":{"rendered":"<p>Ce soin combleur instantan\u00e9 est sp\u00e9cialement formul\u00e9 pour cibler et combler les rides les plus tenaces telles que les pattes d\u2019oie, les sillons nasog\u00e9niens et les contours des l\u00e8vres. En une application, la peau appara\u00eet imm\u00e9diatement plus lisse et le teint devient visiblement plus homog\u00e8ne. Les marques et taches disgracieuses sont estomp\u00e9es, offrant un grain de peau affin\u00e9 et un effet peau nue impeccable.<br \/>\nGr\u00e2ce \u00e0 sa formule innovante, ce soin combleur r\u00e9duit visiblement les rides, offrant une peau plus jeune et lisse.\u00a0 En utilisant r\u00e9guli\u00e8rement ce produit, la fermet\u00e9 de la peau est am\u00e9lior\u00e9e jusqu&rsquo;\u00e0 3 fois, rendant la peau plus \u00e9lastique et tonifi\u00e9e.\u00a0 Ce soin ne se contente pas de lisser la peau, il unifie \u00e9galement le teint, donnant un aspect \u00e9clatant et homog\u00e8ne. D\u00e8s la premi\u00e8re application, les rides et ridules sont combl\u00e9es, et la peau para\u00eet imm\u00e9diatement plus jeune et fra\u00eeche.<br \/>\nCOMPOSITION<br \/>\nAQUA (WATER, EAU) \u25cf OCTYLDODECYL NEOPENTANOATE \u25cf ISODODECANE \u25cf BUTYLENE GLYCOL \u25cf BEHENETH-25 \u25cf DIMETHICONE \u25cf SQUALANE \u25cf BUTYROSPERMUM PARKII (SHEA) BUTTER \u25cf GLYCERIN \u25cf DIGLYCERIN \u25cf CETYL ALCOHOL \u25cf GLYCERYL BEHENATE \u25cf DIMETHICONE\/VINYL DIMETHICONE CROSSPOLYMER \u25cf POLYPHENYLSILSESQUIOXANE \u25cf SODIUM POLYACRYLOYLDIMETHYL TAURATE \u25cf 1,2-HEXANEDIOL \u25cf JOJOBA ESTERS \u25cf DIMETHICONE\/BIS-ISOBUTYL PPG-20 CROSSPOLYMER \u25cf PHENOXYETHANOL \u25cf HELIANTHUS ANNUUS SEED CERA (HELIANTHUS ANNUUS (SUNFLOWER) SEED WAX) \u25cf CAESALPINIA SPINOSA FRUIT EXTRACT \u25cf XANTHAN GUM \u25cf ETHYLHEXYL STEARATE \u25cf ASCORBYL TETRAISOPALMITATE \u25cf o-CYMEN-5-OL \u25cf TOCOPHERYL ACETATE \u25cf KAPPAPHYCUS ALVAREZII EXTRACT \u25cf CI 77891 (TITANIUM DIOXIDE) \u25cf RETINYL PALMITATE \u25cf ACACIA DECURRENS FLOWER CERA (ACACIA DECURRENS FLOWER WAX) \u25cf POLYGLYCERIN-3 \u25cf ADENOSINE \u25cf SODIUM HYALURONATE \u25cf MICA \u25cf POLYGLYCERYL-4 DIISOSTEARATE\/POLYHYDROXYSTEARATE\/SEBACATE \u25cf SODIUM HYALURONATE CROSSPOLYMER \u25cf SODIUM ISOSTEARATE \u25cf ROSA MULTIFLORA FRUIT EXTRACT \u25cf THEOBROMA CACAO (COCOA) SEED EXTRACT \u25cf CITRIC ACID \u25cf TIN OXIDE \u25cf CROTON LECHLERI RESIN EXTRACT \u25cf TOCOPHEROL<br \/>\nCONSEIL D\u2019UTILISATION<br \/>\nNettoyez et s\u00e9chez soigneusement votre visage avant l&rsquo;application. Appliquez une petite quantit\u00e9 de produit sur les zones concern\u00e9es par les rides : pattes d\u2019oie, sillons nasog\u00e9niens, et contour des l\u00e8vres.\u00a0 Massez doucement avec des mouvements circulaires pour favoriser l&rsquo;absorption du produit. Utilisez quotidiennement, matin et\/ou soir, pour des r\u00e9sultats optimaux.<\/p>\n","protected":false},"excerpt":{"rendered":"<p>Ce soin combleur instantan\u00e9 est sp\u00e9cialement formul\u00e9 pour cibler et combler les rides les plus tenaces telles que les pattes<\/p>\n","protected":false},"featured_media":13764,"comment_status":"open","ping_status":"closed","template":"","meta":[],"product_brand":[130],"product_cat":[173],"product_tag":[],"class_list":{"0":"post-13721","1":"product","2":"type-product","3":"status-publish","4":"has-post-thumbnail","6":"product_brand-uriage","7":"product_cat-cremes-et-soins-visage","9":"first","10":"instock","11":"sale","12":"shipping-taxable","13":"purchasable","14":"product-type-simple"},"yoast_head":"<!-- This site is optimized with the Yoast SEO plugin v26.6 - https:\/\/yoast.com\/wordpress\/plugins\/seo\/ -->\r\n<title>URIAGE AGE LIFT FILLER SOIN COMBLEUR INSTANTANE 30ML - Paracherkaoui.ma<\/title>\r\n<meta name=\"robots\" content=\"index, follow, max-snippet:-1, max-image-preview:large, max-video-preview:-1\" \/>\r\n<link rel=\"canonical\" href=\"https:\/\/paracherkaoui.ma\/index.php\/produit\/uriage-age-lift-filler-soin-combleur-instantane-30ml\/\" \/>\r\n<meta property=\"og:locale\" content=\"fr_FR\" \/>\r\n<meta property=\"og:type\" content=\"article\" \/>\r\n<meta property=\"og:title\" content=\"URIAGE AGE LIFT FILLER SOIN COMBLEUR INSTANTANE 30ML - Paracherkaoui.ma\" \/>\r\n<meta property=\"og:description\" content=\"Ce soin combleur instantan\u00e9 est sp\u00e9cialement formul\u00e9 pour cibler et combler les rides les plus tenaces telles que les pattes\" \/>\r\n<meta property=\"og:url\" content=\"https:\/\/paracherkaoui.ma\/index.php\/produit\/uriage-age-lift-filler-soin-combleur-instantane-30ml\/\" \/>\r\n<meta property=\"og:site_name\" content=\"Paracherkaoui.ma\" \/>\r\n<meta property=\"article:modified_time\" content=\"2025-12-12T16:48:41+00:00\" \/>\r\n<meta property=\"og:image\" content=\"https:\/\/paracherkaoui.ma\/wp-content\/uploads\/2025\/12\/uriage-uriage-age-lift-filler-soin-combleur-instantane-30ml-premieres-rides.jpg\" \/>\r\n\t<meta property=\"og:image:width\" content=\"700\" \/>\r\n\t<meta property=\"og:image:height\" content=\"700\" \/>\r\n\t<meta property=\"og:image:type\" content=\"image\/jpeg\" \/>\r\n<meta name=\"twitter:card\" content=\"summary_large_image\" \/>\r\n<meta name=\"twitter:label1\" content=\"Dur\u00e9e de lecture estim\u00e9e\" \/>\n\t<meta name=\"twitter:data1\" content=\"2 minutes\" \/>\r\n<script type=\"application\/ld+json\" class=\"yoast-schema-graph\">{\"@context\":\"https:\/\/schema.org\",\"@graph\":[{\"@type\":\"WebPage\",\"@id\":\"https:\/\/paracherkaoui.ma\/index.php\/produit\/uriage-age-lift-filler-soin-combleur-instantane-30ml\/\",\"url\":\"https:\/\/paracherkaoui.ma\/index.php\/produit\/uriage-age-lift-filler-soin-combleur-instantane-30ml\/\",\"name\":\"URIAGE AGE LIFT FILLER SOIN COMBLEUR INSTANTANE 30ML - Paracherkaoui.ma\",\"isPartOf\":{\"@id\":\"https:\/\/paracherkaoui.ma\/#website\"},\"primaryImageOfPage\":{\"@id\":\"https:\/\/paracherkaoui.ma\/index.php\/produit\/uriage-age-lift-filler-soin-combleur-instantane-30ml\/#primaryimage\"},\"image\":{\"@id\":\"https:\/\/paracherkaoui.ma\/index.php\/produit\/uriage-age-lift-filler-soin-combleur-instantane-30ml\/#primaryimage\"},\"thumbnailUrl\":\"https:\/\/paracherkaoui.ma\/wp-content\/uploads\/2025\/12\/uriage-uriage-age-lift-filler-soin-combleur-instantane-30ml-premieres-rides.jpg\",\"datePublished\":\"2025-12-12T16:48:39+00:00\",\"dateModified\":\"2025-12-12T16:48:41+00:00\",\"breadcrumb\":{\"@id\":\"https:\/\/paracherkaoui.ma\/index.php\/produit\/uriage-age-lift-filler-soin-combleur-instantane-30ml\/#breadcrumb\"},\"inLanguage\":\"fr-FR\",\"potentialAction\":[{\"@type\":\"ReadAction\",\"target\":[\"https:\/\/paracherkaoui.ma\/index.php\/produit\/uriage-age-lift-filler-soin-combleur-instantane-30ml\/\"]}]},{\"@type\":\"ImageObject\",\"inLanguage\":\"fr-FR\",\"@id\":\"https:\/\/paracherkaoui.ma\/index.php\/produit\/uriage-age-lift-filler-soin-combleur-instantane-30ml\/#primaryimage\",\"url\":\"https:\/\/paracherkaoui.ma\/wp-content\/uploads\/2025\/12\/uriage-uriage-age-lift-filler-soin-combleur-instantane-30ml-premieres-rides.jpg\",\"contentUrl\":\"https:\/\/paracherkaoui.ma\/wp-content\/uploads\/2025\/12\/uriage-uriage-age-lift-filler-soin-combleur-instantane-30ml-premieres-rides.jpg\",\"width\":700,\"height\":700},{\"@type\":\"BreadcrumbList\",\"@id\":\"https:\/\/paracherkaoui.ma\/index.php\/produit\/uriage-age-lift-filler-soin-combleur-instantane-30ml\/#breadcrumb\",\"itemListElement\":[{\"@type\":\"ListItem\",\"position\":1,\"name\":\"Accueil\",\"item\":\"https:\/\/paracherkaoui.ma\/\"},{\"@type\":\"ListItem\",\"position\":2,\"name\":\"Boutique\",\"item\":\"https:\/\/paracherkaoui.ma\/index.php\/boutique\/\"},{\"@type\":\"ListItem\",\"position\":3,\"name\":\"URIAGE AGE LIFT FILLER SOIN COMBLEUR INSTANTANE 30ML\"}]},{\"@type\":\"WebSite\",\"@id\":\"https:\/\/paracherkaoui.ma\/#website\",\"url\":\"https:\/\/paracherkaoui.ma\/\",\"name\":\"Paracherkaoui.ma\",\"description\":\"Achetez en ligne sur Paracherkaoui.ma\",\"potentialAction\":[{\"@type\":\"SearchAction\",\"target\":{\"@type\":\"EntryPoint\",\"urlTemplate\":\"https:\/\/paracherkaoui.ma\/?s={search_term_string}\"},\"query-input\":{\"@type\":\"PropertyValueSpecification\",\"valueRequired\":true,\"valueName\":\"search_term_string\"}}],\"inLanguage\":\"fr-FR\"}]}<\/script>\r\n<!-- \/ Yoast SEO plugin. -->","yoast_head_json":{"title":"URIAGE AGE LIFT FILLER SOIN COMBLEUR INSTANTANE 30ML - Paracherkaoui.ma","robots":{"index":"index","follow":"follow","max-snippet":"max-snippet:-1","max-image-preview":"max-image-preview:large","max-video-preview":"max-video-preview:-1"},"canonical":"https:\/\/paracherkaoui.ma\/index.php\/produit\/uriage-age-lift-filler-soin-combleur-instantane-30ml\/","og_locale":"fr_FR","og_type":"article","og_title":"URIAGE AGE LIFT FILLER SOIN COMBLEUR INSTANTANE 30ML - Paracherkaoui.ma","og_description":"Ce soin combleur instantan\u00e9 est sp\u00e9cialement formul\u00e9 pour cibler et combler les rides les plus tenaces telles que les pattes","og_url":"https:\/\/paracherkaoui.ma\/index.php\/produit\/uriage-age-lift-filler-soin-combleur-instantane-30ml\/","og_site_name":"Paracherkaoui.ma","article_modified_time":"2025-12-12T16:48:41+00:00","og_image":[{"width":700,"height":700,"url":"https:\/\/paracherkaoui.ma\/wp-content\/uploads\/2025\/12\/uriage-uriage-age-lift-filler-soin-combleur-instantane-30ml-premieres-rides.jpg","type":"image\/jpeg"}],"twitter_card":"summary_large_image","twitter_misc":{"Dur\u00e9e de lecture estim\u00e9e":"2 minutes"},"schema":{"@context":"https:\/\/schema.org","@graph":[{"@type":"WebPage","@id":"https:\/\/paracherkaoui.ma\/index.php\/produit\/uriage-age-lift-filler-soin-combleur-instantane-30ml\/","url":"https:\/\/paracherkaoui.ma\/index.php\/produit\/uriage-age-lift-filler-soin-combleur-instantane-30ml\/","name":"URIAGE AGE LIFT FILLER SOIN COMBLEUR INSTANTANE 30ML - Paracherkaoui.ma","isPartOf":{"@id":"https:\/\/paracherkaoui.ma\/#website"},"primaryImageOfPage":{"@id":"https:\/\/paracherkaoui.ma\/index.php\/produit\/uriage-age-lift-filler-soin-combleur-instantane-30ml\/#primaryimage"},"image":{"@id":"https:\/\/paracherkaoui.ma\/index.php\/produit\/uriage-age-lift-filler-soin-combleur-instantane-30ml\/#primaryimage"},"thumbnailUrl":"https:\/\/paracherkaoui.ma\/wp-content\/uploads\/2025\/12\/uriage-uriage-age-lift-filler-soin-combleur-instantane-30ml-premieres-rides.jpg","datePublished":"2025-12-12T16:48:39+00:00","dateModified":"2025-12-12T16:48:41+00:00","breadcrumb":{"@id":"https:\/\/paracherkaoui.ma\/index.php\/produit\/uriage-age-lift-filler-soin-combleur-instantane-30ml\/#breadcrumb"},"inLanguage":"fr-FR","potentialAction":[{"@type":"ReadAction","target":["https:\/\/paracherkaoui.ma\/index.php\/produit\/uriage-age-lift-filler-soin-combleur-instantane-30ml\/"]}]},{"@type":"ImageObject","inLanguage":"fr-FR","@id":"https:\/\/paracherkaoui.ma\/index.php\/produit\/uriage-age-lift-filler-soin-combleur-instantane-30ml\/#primaryimage","url":"https:\/\/paracherkaoui.ma\/wp-content\/uploads\/2025\/12\/uriage-uriage-age-lift-filler-soin-combleur-instantane-30ml-premieres-rides.jpg","contentUrl":"https:\/\/paracherkaoui.ma\/wp-content\/uploads\/2025\/12\/uriage-uriage-age-lift-filler-soin-combleur-instantane-30ml-premieres-rides.jpg","width":700,"height":700},{"@type":"BreadcrumbList","@id":"https:\/\/paracherkaoui.ma\/index.php\/produit\/uriage-age-lift-filler-soin-combleur-instantane-30ml\/#breadcrumb","itemListElement":[{"@type":"ListItem","position":1,"name":"Accueil","item":"https:\/\/paracherkaoui.ma\/"},{"@type":"ListItem","position":2,"name":"Boutique","item":"https:\/\/paracherkaoui.ma\/index.php\/boutique\/"},{"@type":"ListItem","position":3,"name":"URIAGE AGE LIFT FILLER SOIN COMBLEUR INSTANTANE 30ML"}]},{"@type":"WebSite","@id":"https:\/\/paracherkaoui.ma\/#website","url":"https:\/\/paracherkaoui.ma\/","name":"Paracherkaoui.ma","description":"Achetez en ligne sur Paracherkaoui.ma","potentialAction":[{"@type":"SearchAction","target":{"@type":"EntryPoint","urlTemplate":"https:\/\/paracherkaoui.ma\/?s={search_term_string}"},"query-input":{"@type":"PropertyValueSpecification","valueRequired":true,"valueName":"search_term_string"}}],"inLanguage":"fr-FR"}]}},"_links":{"self":[{"href":"https:\/\/paracherkaoui.ma\/index.php\/wp-json\/wp\/v2\/product\/13721","targetHints":{"allow":["GET"]}}],"collection":[{"href":"https:\/\/paracherkaoui.ma\/index.php\/wp-json\/wp\/v2\/product"}],"about":[{"href":"https:\/\/paracherkaoui.ma\/index.php\/wp-json\/wp\/v2\/types\/product"}],"replies":[{"embeddable":true,"href":"https:\/\/paracherkaoui.ma\/index.php\/wp-json\/wp\/v2\/comments?post=13721"}],"version-history":[{"count":1,"href":"https:\/\/paracherkaoui.ma\/index.php\/wp-json\/wp\/v2\/product\/13721\/revisions"}],"predecessor-version":[{"id":13765,"href":"https:\/\/paracherkaoui.ma\/index.php\/wp-json\/wp\/v2\/product\/13721\/revisions\/13765"}],"wp:featuredmedia":[{"embeddable":true,"href":"https:\/\/paracherkaoui.ma\/index.php\/wp-json\/wp\/v2\/media\/13764"}],"wp:attachment":[{"href":"https:\/\/paracherkaoui.ma\/index.php\/wp-json\/wp\/v2\/media?parent=13721"}],"wp:term":[{"taxonomy":"product_brand","embeddable":true,"href":"https:\/\/paracherkaoui.ma\/index.php\/wp-json\/wp\/v2\/product_brand?post=13721"},{"taxonomy":"product_cat","embeddable":true,"href":"https:\/\/paracherkaoui.ma\/index.php\/wp-json\/wp\/v2\/product_cat?post=13721"},{"taxonomy":"product_tag","embeddable":true,"href":"https:\/\/paracherkaoui.ma\/index.php\/wp-json\/wp\/v2\/product_tag?post=13721"}],"curies":[{"name":"wp","href":"https:\/\/api.w.org\/{rel}","templated":true}]}}