{"id":13712,"date":"2025-12-12T17:48:38","date_gmt":"2025-12-12T16:48:38","guid":{"rendered":"https:\/\/test.ecbeaute.com\/?post_type=product&#038;p=13712"},"modified":"2025-12-12T17:48:40","modified_gmt":"2025-12-12T16:48:40","slug":"acm-cicastim-creme-reparatrice-visage-et-corps-20-ml","status":"publish","type":"product","link":"https:\/\/paracherkaoui.ma\/index.php\/produit\/acm-cicastim-creme-reparatrice-visage-et-corps-20-ml\/","title":{"rendered":"ACM CICASTIM CREME REPARATRICE VISAGE ET CORPS 20 ML"},"content":{"rendered":"<p>ACM Cicastim cr\u00e8me r\u00e9paratrice apaisante visage et corps sp\u00e9cialement con\u00e7ue pour les peaux abim\u00e9es, irrit\u00e9es et les \u00e9chauffements cutan\u00e9s. Restaure rapidement le confort de l\u2019\u00e9piderme, soulage les zones abim\u00e9es et irrit\u00e9es et permet une protection optimale.<\/p>\n<p>Conseils d\u2019utilisation<\/p>\n<p>Appliquer g\u00e9n\u00e9reusement la cr\u00e8me 1 \u00e0 2 fois par jour sur une peau pr\u00e9alablement nettoy\u00e9e et s\u00e9ch\u00e9e jusqu\u2019\u00e0 compl\u00e8te r\u00e9paration.<\/p>\n","protected":false},"excerpt":{"rendered":"<p>ACM Cicastim cr\u00e8me r\u00e9paratrice apaisante visage et corps sp\u00e9cialement con\u00e7ue pour les peaux abim\u00e9es, irrit\u00e9es et les \u00e9chauffements cutan\u00e9s. Restaure<\/p>\n","protected":false},"featured_media":13749,"comment_status":"open","ping_status":"closed","template":"","meta":[],"product_brand":[142],"product_cat":[173],"product_tag":[],"class_list":{"0":"post-13712","1":"product","2":"type-product","3":"status-publish","4":"has-post-thumbnail","6":"product_brand-acm","7":"product_cat-cremes-et-soins-visage","9":"first","10":"instock","11":"sale","12":"shipping-taxable","13":"purchasable","14":"product-type-simple"},"yoast_head":"<!-- This site is optimized with the Yoast SEO plugin v26.6 - https:\/\/yoast.com\/wordpress\/plugins\/seo\/ -->\r\n<title>ACM CICASTIM CREME REPARATRICE VISAGE ET CORPS 20 ML - Paracherkaoui.ma<\/title>\r\n<meta name=\"robots\" content=\"index, follow, max-snippet:-1, max-image-preview:large, max-video-preview:-1\" \/>\r\n<link rel=\"canonical\" href=\"https:\/\/paracherkaoui.ma\/index.php\/produit\/acm-cicastim-creme-reparatrice-visage-et-corps-20-ml\/\" \/>\r\n<meta property=\"og:locale\" content=\"fr_FR\" \/>\r\n<meta property=\"og:type\" content=\"article\" \/>\r\n<meta property=\"og:title\" content=\"ACM CICASTIM CREME REPARATRICE VISAGE ET CORPS 20 ML - Paracherkaoui.ma\" \/>\r\n<meta property=\"og:description\" content=\"ACM Cicastim cr\u00e8me r\u00e9paratrice apaisante visage et corps sp\u00e9cialement con\u00e7ue pour les peaux abim\u00e9es, irrit\u00e9es et les \u00e9chauffements cutan\u00e9s. Restaure\" \/>\r\n<meta property=\"og:url\" content=\"https:\/\/paracherkaoui.ma\/index.php\/produit\/acm-cicastim-creme-reparatrice-visage-et-corps-20-ml\/\" \/>\r\n<meta property=\"og:site_name\" content=\"Paracherkaoui.ma\" \/>\r\n<meta property=\"article:modified_time\" content=\"2025-12-12T16:48:40+00:00\" \/>\r\n<meta property=\"og:image\" content=\"https:\/\/paracherkaoui.ma\/wp-content\/uploads\/2025\/12\/acm-acm-cicastim-creme-reparatrice-visage-et-corps-20-ml-home.jpg\" \/>\r\n\t<meta property=\"og:image:width\" content=\"700\" \/>\r\n\t<meta property=\"og:image:height\" content=\"700\" \/>\r\n\t<meta property=\"og:image:type\" content=\"image\/jpeg\" \/>\r\n<meta name=\"twitter:card\" content=\"summary_large_image\" \/>\r\n<script type=\"application\/ld+json\" class=\"yoast-schema-graph\">{\"@context\":\"https:\/\/schema.org\",\"@graph\":[{\"@type\":\"WebPage\",\"@id\":\"https:\/\/paracherkaoui.ma\/index.php\/produit\/acm-cicastim-creme-reparatrice-visage-et-corps-20-ml\/\",\"url\":\"https:\/\/paracherkaoui.ma\/index.php\/produit\/acm-cicastim-creme-reparatrice-visage-et-corps-20-ml\/\",\"name\":\"ACM CICASTIM CREME REPARATRICE VISAGE ET CORPS 20 ML - Paracherkaoui.ma\",\"isPartOf\":{\"@id\":\"https:\/\/paracherkaoui.ma\/#website\"},\"primaryImageOfPage\":{\"@id\":\"https:\/\/paracherkaoui.ma\/index.php\/produit\/acm-cicastim-creme-reparatrice-visage-et-corps-20-ml\/#primaryimage\"},\"image\":{\"@id\":\"https:\/\/paracherkaoui.ma\/index.php\/produit\/acm-cicastim-creme-reparatrice-visage-et-corps-20-ml\/#primaryimage\"},\"thumbnailUrl\":\"https:\/\/paracherkaoui.ma\/wp-content\/uploads\/2025\/12\/acm-acm-cicastim-creme-reparatrice-visage-et-corps-20-ml-home.jpg\",\"datePublished\":\"2025-12-12T16:48:38+00:00\",\"dateModified\":\"2025-12-12T16:48:40+00:00\",\"breadcrumb\":{\"@id\":\"https:\/\/paracherkaoui.ma\/index.php\/produit\/acm-cicastim-creme-reparatrice-visage-et-corps-20-ml\/#breadcrumb\"},\"inLanguage\":\"fr-FR\",\"potentialAction\":[{\"@type\":\"ReadAction\",\"target\":[\"https:\/\/paracherkaoui.ma\/index.php\/produit\/acm-cicastim-creme-reparatrice-visage-et-corps-20-ml\/\"]}]},{\"@type\":\"ImageObject\",\"inLanguage\":\"fr-FR\",\"@id\":\"https:\/\/paracherkaoui.ma\/index.php\/produit\/acm-cicastim-creme-reparatrice-visage-et-corps-20-ml\/#primaryimage\",\"url\":\"https:\/\/paracherkaoui.ma\/wp-content\/uploads\/2025\/12\/acm-acm-cicastim-creme-reparatrice-visage-et-corps-20-ml-home.jpg\",\"contentUrl\":\"https:\/\/paracherkaoui.ma\/wp-content\/uploads\/2025\/12\/acm-acm-cicastim-creme-reparatrice-visage-et-corps-20-ml-home.jpg\",\"width\":700,\"height\":700},{\"@type\":\"BreadcrumbList\",\"@id\":\"https:\/\/paracherkaoui.ma\/index.php\/produit\/acm-cicastim-creme-reparatrice-visage-et-corps-20-ml\/#breadcrumb\",\"itemListElement\":[{\"@type\":\"ListItem\",\"position\":1,\"name\":\"Accueil\",\"item\":\"https:\/\/paracherkaoui.ma\/\"},{\"@type\":\"ListItem\",\"position\":2,\"name\":\"Boutique\",\"item\":\"https:\/\/paracherkaoui.ma\/index.php\/boutique\/\"},{\"@type\":\"ListItem\",\"position\":3,\"name\":\"ACM CICASTIM CREME REPARATRICE VISAGE ET CORPS 20 ML\"}]},{\"@type\":\"WebSite\",\"@id\":\"https:\/\/paracherkaoui.ma\/#website\",\"url\":\"https:\/\/paracherkaoui.ma\/\",\"name\":\"Paracherkaoui.ma\",\"description\":\"Achetez en ligne sur Paracherkaoui.ma\",\"potentialAction\":[{\"@type\":\"SearchAction\",\"target\":{\"@type\":\"EntryPoint\",\"urlTemplate\":\"https:\/\/paracherkaoui.ma\/?s={search_term_string}\"},\"query-input\":{\"@type\":\"PropertyValueSpecification\",\"valueRequired\":true,\"valueName\":\"search_term_string\"}}],\"inLanguage\":\"fr-FR\"}]}<\/script>\r\n<!-- \/ Yoast SEO plugin. -->","yoast_head_json":{"title":"ACM CICASTIM CREME REPARATRICE VISAGE ET CORPS 20 ML - Paracherkaoui.ma","robots":{"index":"index","follow":"follow","max-snippet":"max-snippet:-1","max-image-preview":"max-image-preview:large","max-video-preview":"max-video-preview:-1"},"canonical":"https:\/\/paracherkaoui.ma\/index.php\/produit\/acm-cicastim-creme-reparatrice-visage-et-corps-20-ml\/","og_locale":"fr_FR","og_type":"article","og_title":"ACM CICASTIM CREME REPARATRICE VISAGE ET CORPS 20 ML - Paracherkaoui.ma","og_description":"ACM Cicastim cr\u00e8me r\u00e9paratrice apaisante visage et corps sp\u00e9cialement con\u00e7ue pour les peaux abim\u00e9es, irrit\u00e9es et les \u00e9chauffements cutan\u00e9s. Restaure","og_url":"https:\/\/paracherkaoui.ma\/index.php\/produit\/acm-cicastim-creme-reparatrice-visage-et-corps-20-ml\/","og_site_name":"Paracherkaoui.ma","article_modified_time":"2025-12-12T16:48:40+00:00","og_image":[{"width":700,"height":700,"url":"https:\/\/paracherkaoui.ma\/wp-content\/uploads\/2025\/12\/acm-acm-cicastim-creme-reparatrice-visage-et-corps-20-ml-home.jpg","type":"image\/jpeg"}],"twitter_card":"summary_large_image","schema":{"@context":"https:\/\/schema.org","@graph":[{"@type":"WebPage","@id":"https:\/\/paracherkaoui.ma\/index.php\/produit\/acm-cicastim-creme-reparatrice-visage-et-corps-20-ml\/","url":"https:\/\/paracherkaoui.ma\/index.php\/produit\/acm-cicastim-creme-reparatrice-visage-et-corps-20-ml\/","name":"ACM CICASTIM CREME REPARATRICE VISAGE ET CORPS 20 ML - Paracherkaoui.ma","isPartOf":{"@id":"https:\/\/paracherkaoui.ma\/#website"},"primaryImageOfPage":{"@id":"https:\/\/paracherkaoui.ma\/index.php\/produit\/acm-cicastim-creme-reparatrice-visage-et-corps-20-ml\/#primaryimage"},"image":{"@id":"https:\/\/paracherkaoui.ma\/index.php\/produit\/acm-cicastim-creme-reparatrice-visage-et-corps-20-ml\/#primaryimage"},"thumbnailUrl":"https:\/\/paracherkaoui.ma\/wp-content\/uploads\/2025\/12\/acm-acm-cicastim-creme-reparatrice-visage-et-corps-20-ml-home.jpg","datePublished":"2025-12-12T16:48:38+00:00","dateModified":"2025-12-12T16:48:40+00:00","breadcrumb":{"@id":"https:\/\/paracherkaoui.ma\/index.php\/produit\/acm-cicastim-creme-reparatrice-visage-et-corps-20-ml\/#breadcrumb"},"inLanguage":"fr-FR","potentialAction":[{"@type":"ReadAction","target":["https:\/\/paracherkaoui.ma\/index.php\/produit\/acm-cicastim-creme-reparatrice-visage-et-corps-20-ml\/"]}]},{"@type":"ImageObject","inLanguage":"fr-FR","@id":"https:\/\/paracherkaoui.ma\/index.php\/produit\/acm-cicastim-creme-reparatrice-visage-et-corps-20-ml\/#primaryimage","url":"https:\/\/paracherkaoui.ma\/wp-content\/uploads\/2025\/12\/acm-acm-cicastim-creme-reparatrice-visage-et-corps-20-ml-home.jpg","contentUrl":"https:\/\/paracherkaoui.ma\/wp-content\/uploads\/2025\/12\/acm-acm-cicastim-creme-reparatrice-visage-et-corps-20-ml-home.jpg","width":700,"height":700},{"@type":"BreadcrumbList","@id":"https:\/\/paracherkaoui.ma\/index.php\/produit\/acm-cicastim-creme-reparatrice-visage-et-corps-20-ml\/#breadcrumb","itemListElement":[{"@type":"ListItem","position":1,"name":"Accueil","item":"https:\/\/paracherkaoui.ma\/"},{"@type":"ListItem","position":2,"name":"Boutique","item":"https:\/\/paracherkaoui.ma\/index.php\/boutique\/"},{"@type":"ListItem","position":3,"name":"ACM CICASTIM CREME REPARATRICE VISAGE ET CORPS 20 ML"}]},{"@type":"WebSite","@id":"https:\/\/paracherkaoui.ma\/#website","url":"https:\/\/paracherkaoui.ma\/","name":"Paracherkaoui.ma","description":"Achetez en ligne sur Paracherkaoui.ma","potentialAction":[{"@type":"SearchAction","target":{"@type":"EntryPoint","urlTemplate":"https:\/\/paracherkaoui.ma\/?s={search_term_string}"},"query-input":{"@type":"PropertyValueSpecification","valueRequired":true,"valueName":"search_term_string"}}],"inLanguage":"fr-FR"}]}},"_links":{"self":[{"href":"https:\/\/paracherkaoui.ma\/index.php\/wp-json\/wp\/v2\/product\/13712","targetHints":{"allow":["GET"]}}],"collection":[{"href":"https:\/\/paracherkaoui.ma\/index.php\/wp-json\/wp\/v2\/product"}],"about":[{"href":"https:\/\/paracherkaoui.ma\/index.php\/wp-json\/wp\/v2\/types\/product"}],"replies":[{"embeddable":true,"href":"https:\/\/paracherkaoui.ma\/index.php\/wp-json\/wp\/v2\/comments?post=13712"}],"version-history":[{"count":1,"href":"https:\/\/paracherkaoui.ma\/index.php\/wp-json\/wp\/v2\/product\/13712\/revisions"}],"predecessor-version":[{"id":13750,"href":"https:\/\/paracherkaoui.ma\/index.php\/wp-json\/wp\/v2\/product\/13712\/revisions\/13750"}],"wp:featuredmedia":[{"embeddable":true,"href":"https:\/\/paracherkaoui.ma\/index.php\/wp-json\/wp\/v2\/media\/13749"}],"wp:attachment":[{"href":"https:\/\/paracherkaoui.ma\/index.php\/wp-json\/wp\/v2\/media?parent=13712"}],"wp:term":[{"taxonomy":"product_brand","embeddable":true,"href":"https:\/\/paracherkaoui.ma\/index.php\/wp-json\/wp\/v2\/product_brand?post=13712"},{"taxonomy":"product_cat","embeddable":true,"href":"https:\/\/paracherkaoui.ma\/index.php\/wp-json\/wp\/v2\/product_cat?post=13712"},{"taxonomy":"product_tag","embeddable":true,"href":"https:\/\/paracherkaoui.ma\/index.php\/wp-json\/wp\/v2\/product_tag?post=13712"}],"curies":[{"name":"wp","href":"https:\/\/api.w.org\/{rel}","templated":true}]}}