{"id":13710,"date":"2025-12-12T17:48:38","date_gmt":"2025-12-12T16:48:38","guid":{"rendered":"https:\/\/test.ecbeaute.com\/?post_type=product&#038;p=13710"},"modified":"2025-12-12T17:48:40","modified_gmt":"2025-12-12T16:48:40","slug":"svr-clairial-serum-correcteur-integral-anti-taches-eclat-30-ml-2","status":"publish","type":"product","link":"https:\/\/paracherkaoui.ma\/index.php\/produit\/svr-clairial-serum-correcteur-integral-anti-taches-eclat-30-ml-2\/","title":{"rendered":"SVR CLAIRIAL SERUM CORRECTEUR INTEGRAL ANTI-TACHES ECLAT &#8211; 30 ML"},"content":{"rendered":"<p>Description:<br \/>\nSVR CLAIRIAL S\u00e9rum correcteur int\u00e9gral anti-taches \u00e9clat. SVR perce le secret de la blancheur des paumes de mains. Pour la 1\u00e8re fois chez SVR, CLAIRIAL SERUM reproduit ce m\u00e9canisme pour corriger les taches de soleil, de vieillesse, masque de grossesse et marques d\u2019imperfections pour toutes les carnations : claires, mates, fonc\u00e9es. CLAIRIAL SERUM est le 1er s\u00e9rum anti-taches \u00e9clat qui offre une r\u00e9duction visible des taches d\u00e8s 2 semaines. Jour apr\u00e8s jour, le teint s\u2019unifie, les taches s\u2019att\u00e9nuent, la peau rayonne. Texture l\u00e9g\u00e8re \u00e0 la p\u00e9n\u00e9tration rapide. Formule adapt\u00e9e m\u00eames sensibles. Hypoallerg\u00e9nique. Parfum aux notes florales et bois\u00e9es sans allerg\u00e8ne. Sans paraben, M\u00e9thylisothiazolinone (MIT), EDTA, AHA, Ph\u00e9noxy\u00e9thanol, BHT, Huile min\u00e9rale, Lanoline, Silicone.<br \/>\nCONSEILS D&rsquo;UTILISATION :<br \/>\nAppliquer matin et\/ou soir sous la cr\u00e8me. Tenir le tube verticalement et appuyer l\u00e9g\u00e8rement pour d\u00e9livrer 4 doses de s\u00e9rum. Visage, d\u00e9collet\u00e9, main<\/p>\n","protected":false},"excerpt":{"rendered":"<p>Description: SVR CLAIRIAL S\u00e9rum correcteur int\u00e9gral anti-taches \u00e9clat. SVR perce le secret de la blancheur des paumes de mains. Pour<\/p>\n","protected":false},"featured_media":11885,"comment_status":"open","ping_status":"closed","template":"","meta":[],"product_brand":[133],"product_cat":[173],"product_tag":[],"class_list":{"0":"post-13710","1":"product","2":"type-product","3":"status-publish","4":"has-post-thumbnail","6":"product_brand-svr","7":"product_cat-cremes-et-soins-visage","9":"first","10":"instock","11":"sale","12":"shipping-taxable","13":"purchasable","14":"product-type-simple"},"yoast_head":"<!-- This site is optimized with the Yoast SEO plugin v26.6 - https:\/\/yoast.com\/wordpress\/plugins\/seo\/ -->\r\n<title>SVR CLAIRIAL SERUM CORRECTEUR INTEGRAL ANTI-TACHES ECLAT - 30 ML - Paracherkaoui.ma<\/title>\r\n<meta name=\"robots\" content=\"index, follow, max-snippet:-1, max-image-preview:large, max-video-preview:-1\" \/>\r\n<link rel=\"canonical\" href=\"https:\/\/paracherkaoui.ma\/index.php\/produit\/svr-clairial-serum-correcteur-integral-anti-taches-eclat-30-ml-2\/\" \/>\r\n<meta property=\"og:locale\" content=\"fr_FR\" \/>\r\n<meta property=\"og:type\" content=\"article\" \/>\r\n<meta property=\"og:title\" content=\"SVR CLAIRIAL SERUM CORRECTEUR INTEGRAL ANTI-TACHES ECLAT - 30 ML - Paracherkaoui.ma\" \/>\r\n<meta property=\"og:description\" content=\"Description: SVR CLAIRIAL S\u00e9rum correcteur int\u00e9gral anti-taches \u00e9clat. SVR perce le secret de la blancheur des paumes de mains. Pour\" \/>\r\n<meta property=\"og:url\" content=\"https:\/\/paracherkaoui.ma\/index.php\/produit\/svr-clairial-serum-correcteur-integral-anti-taches-eclat-30-ml-2\/\" \/>\r\n<meta property=\"og:site_name\" content=\"Paracherkaoui.ma\" \/>\r\n<meta property=\"article:modified_time\" content=\"2025-12-12T16:48:40+00:00\" \/>\r\n<meta property=\"og:image\" content=\"https:\/\/paracherkaoui.ma\/wp-content\/uploads\/2025\/12\/svr-svr-clairial-serum-correcteur-integral-anti-taches-eclat-30-ml-cremes-depigmentantes.jpg\" \/>\r\n\t<meta property=\"og:image:width\" content=\"700\" \/>\r\n\t<meta property=\"og:image:height\" content=\"700\" \/>\r\n\t<meta property=\"og:image:type\" content=\"image\/jpeg\" \/>\r\n<meta name=\"twitter:card\" content=\"summary_large_image\" \/>\r\n<meta name=\"twitter:label1\" content=\"Dur\u00e9e de lecture estim\u00e9e\" \/>\n\t<meta name=\"twitter:data1\" content=\"1 minute\" \/>\r\n<script type=\"application\/ld+json\" class=\"yoast-schema-graph\">{\"@context\":\"https:\/\/schema.org\",\"@graph\":[{\"@type\":\"WebPage\",\"@id\":\"https:\/\/paracherkaoui.ma\/index.php\/produit\/svr-clairial-serum-correcteur-integral-anti-taches-eclat-30-ml-2\/\",\"url\":\"https:\/\/paracherkaoui.ma\/index.php\/produit\/svr-clairial-serum-correcteur-integral-anti-taches-eclat-30-ml-2\/\",\"name\":\"SVR CLAIRIAL SERUM CORRECTEUR INTEGRAL ANTI-TACHES ECLAT - 30 ML - Paracherkaoui.ma\",\"isPartOf\":{\"@id\":\"https:\/\/paracherkaoui.ma\/#website\"},\"primaryImageOfPage\":{\"@id\":\"https:\/\/paracherkaoui.ma\/index.php\/produit\/svr-clairial-serum-correcteur-integral-anti-taches-eclat-30-ml-2\/#primaryimage\"},\"image\":{\"@id\":\"https:\/\/paracherkaoui.ma\/index.php\/produit\/svr-clairial-serum-correcteur-integral-anti-taches-eclat-30-ml-2\/#primaryimage\"},\"thumbnailUrl\":\"https:\/\/paracherkaoui.ma\/wp-content\/uploads\/2025\/12\/svr-svr-clairial-serum-correcteur-integral-anti-taches-eclat-30-ml-cremes-depigmentantes.jpg\",\"datePublished\":\"2025-12-12T16:48:38+00:00\",\"dateModified\":\"2025-12-12T16:48:40+00:00\",\"breadcrumb\":{\"@id\":\"https:\/\/paracherkaoui.ma\/index.php\/produit\/svr-clairial-serum-correcteur-integral-anti-taches-eclat-30-ml-2\/#breadcrumb\"},\"inLanguage\":\"fr-FR\",\"potentialAction\":[{\"@type\":\"ReadAction\",\"target\":[\"https:\/\/paracherkaoui.ma\/index.php\/produit\/svr-clairial-serum-correcteur-integral-anti-taches-eclat-30-ml-2\/\"]}]},{\"@type\":\"ImageObject\",\"inLanguage\":\"fr-FR\",\"@id\":\"https:\/\/paracherkaoui.ma\/index.php\/produit\/svr-clairial-serum-correcteur-integral-anti-taches-eclat-30-ml-2\/#primaryimage\",\"url\":\"https:\/\/paracherkaoui.ma\/wp-content\/uploads\/2025\/12\/svr-svr-clairial-serum-correcteur-integral-anti-taches-eclat-30-ml-cremes-depigmentantes.jpg\",\"contentUrl\":\"https:\/\/paracherkaoui.ma\/wp-content\/uploads\/2025\/12\/svr-svr-clairial-serum-correcteur-integral-anti-taches-eclat-30-ml-cremes-depigmentantes.jpg\",\"width\":700,\"height\":700},{\"@type\":\"BreadcrumbList\",\"@id\":\"https:\/\/paracherkaoui.ma\/index.php\/produit\/svr-clairial-serum-correcteur-integral-anti-taches-eclat-30-ml-2\/#breadcrumb\",\"itemListElement\":[{\"@type\":\"ListItem\",\"position\":1,\"name\":\"Accueil\",\"item\":\"https:\/\/paracherkaoui.ma\/\"},{\"@type\":\"ListItem\",\"position\":2,\"name\":\"Boutique\",\"item\":\"https:\/\/paracherkaoui.ma\/index.php\/boutique\/\"},{\"@type\":\"ListItem\",\"position\":3,\"name\":\"SVR CLAIRIAL SERUM CORRECTEUR INTEGRAL ANTI-TACHES ECLAT &#8211; 30 ML\"}]},{\"@type\":\"WebSite\",\"@id\":\"https:\/\/paracherkaoui.ma\/#website\",\"url\":\"https:\/\/paracherkaoui.ma\/\",\"name\":\"Paracherkaoui.ma\",\"description\":\"Achetez en ligne sur Paracherkaoui.ma\",\"potentialAction\":[{\"@type\":\"SearchAction\",\"target\":{\"@type\":\"EntryPoint\",\"urlTemplate\":\"https:\/\/paracherkaoui.ma\/?s={search_term_string}\"},\"query-input\":{\"@type\":\"PropertyValueSpecification\",\"valueRequired\":true,\"valueName\":\"search_term_string\"}}],\"inLanguage\":\"fr-FR\"}]}<\/script>\r\n<!-- \/ Yoast SEO plugin. -->","yoast_head_json":{"title":"SVR CLAIRIAL SERUM CORRECTEUR INTEGRAL ANTI-TACHES ECLAT - 30 ML - Paracherkaoui.ma","robots":{"index":"index","follow":"follow","max-snippet":"max-snippet:-1","max-image-preview":"max-image-preview:large","max-video-preview":"max-video-preview:-1"},"canonical":"https:\/\/paracherkaoui.ma\/index.php\/produit\/svr-clairial-serum-correcteur-integral-anti-taches-eclat-30-ml-2\/","og_locale":"fr_FR","og_type":"article","og_title":"SVR CLAIRIAL SERUM CORRECTEUR INTEGRAL ANTI-TACHES ECLAT - 30 ML - Paracherkaoui.ma","og_description":"Description: SVR CLAIRIAL S\u00e9rum correcteur int\u00e9gral anti-taches \u00e9clat. SVR perce le secret de la blancheur des paumes de mains. Pour","og_url":"https:\/\/paracherkaoui.ma\/index.php\/produit\/svr-clairial-serum-correcteur-integral-anti-taches-eclat-30-ml-2\/","og_site_name":"Paracherkaoui.ma","article_modified_time":"2025-12-12T16:48:40+00:00","og_image":[{"width":700,"height":700,"url":"https:\/\/paracherkaoui.ma\/wp-content\/uploads\/2025\/12\/svr-svr-clairial-serum-correcteur-integral-anti-taches-eclat-30-ml-cremes-depigmentantes.jpg","type":"image\/jpeg"}],"twitter_card":"summary_large_image","twitter_misc":{"Dur\u00e9e de lecture estim\u00e9e":"1 minute"},"schema":{"@context":"https:\/\/schema.org","@graph":[{"@type":"WebPage","@id":"https:\/\/paracherkaoui.ma\/index.php\/produit\/svr-clairial-serum-correcteur-integral-anti-taches-eclat-30-ml-2\/","url":"https:\/\/paracherkaoui.ma\/index.php\/produit\/svr-clairial-serum-correcteur-integral-anti-taches-eclat-30-ml-2\/","name":"SVR CLAIRIAL SERUM CORRECTEUR INTEGRAL ANTI-TACHES ECLAT - 30 ML - Paracherkaoui.ma","isPartOf":{"@id":"https:\/\/paracherkaoui.ma\/#website"},"primaryImageOfPage":{"@id":"https:\/\/paracherkaoui.ma\/index.php\/produit\/svr-clairial-serum-correcteur-integral-anti-taches-eclat-30-ml-2\/#primaryimage"},"image":{"@id":"https:\/\/paracherkaoui.ma\/index.php\/produit\/svr-clairial-serum-correcteur-integral-anti-taches-eclat-30-ml-2\/#primaryimage"},"thumbnailUrl":"https:\/\/paracherkaoui.ma\/wp-content\/uploads\/2025\/12\/svr-svr-clairial-serum-correcteur-integral-anti-taches-eclat-30-ml-cremes-depigmentantes.jpg","datePublished":"2025-12-12T16:48:38+00:00","dateModified":"2025-12-12T16:48:40+00:00","breadcrumb":{"@id":"https:\/\/paracherkaoui.ma\/index.php\/produit\/svr-clairial-serum-correcteur-integral-anti-taches-eclat-30-ml-2\/#breadcrumb"},"inLanguage":"fr-FR","potentialAction":[{"@type":"ReadAction","target":["https:\/\/paracherkaoui.ma\/index.php\/produit\/svr-clairial-serum-correcteur-integral-anti-taches-eclat-30-ml-2\/"]}]},{"@type":"ImageObject","inLanguage":"fr-FR","@id":"https:\/\/paracherkaoui.ma\/index.php\/produit\/svr-clairial-serum-correcteur-integral-anti-taches-eclat-30-ml-2\/#primaryimage","url":"https:\/\/paracherkaoui.ma\/wp-content\/uploads\/2025\/12\/svr-svr-clairial-serum-correcteur-integral-anti-taches-eclat-30-ml-cremes-depigmentantes.jpg","contentUrl":"https:\/\/paracherkaoui.ma\/wp-content\/uploads\/2025\/12\/svr-svr-clairial-serum-correcteur-integral-anti-taches-eclat-30-ml-cremes-depigmentantes.jpg","width":700,"height":700},{"@type":"BreadcrumbList","@id":"https:\/\/paracherkaoui.ma\/index.php\/produit\/svr-clairial-serum-correcteur-integral-anti-taches-eclat-30-ml-2\/#breadcrumb","itemListElement":[{"@type":"ListItem","position":1,"name":"Accueil","item":"https:\/\/paracherkaoui.ma\/"},{"@type":"ListItem","position":2,"name":"Boutique","item":"https:\/\/paracherkaoui.ma\/index.php\/boutique\/"},{"@type":"ListItem","position":3,"name":"SVR CLAIRIAL SERUM CORRECTEUR INTEGRAL ANTI-TACHES ECLAT &#8211; 30 ML"}]},{"@type":"WebSite","@id":"https:\/\/paracherkaoui.ma\/#website","url":"https:\/\/paracherkaoui.ma\/","name":"Paracherkaoui.ma","description":"Achetez en ligne sur Paracherkaoui.ma","potentialAction":[{"@type":"SearchAction","target":{"@type":"EntryPoint","urlTemplate":"https:\/\/paracherkaoui.ma\/?s={search_term_string}"},"query-input":{"@type":"PropertyValueSpecification","valueRequired":true,"valueName":"search_term_string"}}],"inLanguage":"fr-FR"}]}},"_links":{"self":[{"href":"https:\/\/paracherkaoui.ma\/index.php\/wp-json\/wp\/v2\/product\/13710","targetHints":{"allow":["GET"]}}],"collection":[{"href":"https:\/\/paracherkaoui.ma\/index.php\/wp-json\/wp\/v2\/product"}],"about":[{"href":"https:\/\/paracherkaoui.ma\/index.php\/wp-json\/wp\/v2\/types\/product"}],"replies":[{"embeddable":true,"href":"https:\/\/paracherkaoui.ma\/index.php\/wp-json\/wp\/v2\/comments?post=13710"}],"version-history":[{"count":1,"href":"https:\/\/paracherkaoui.ma\/index.php\/wp-json\/wp\/v2\/product\/13710\/revisions"}],"predecessor-version":[{"id":13746,"href":"https:\/\/paracherkaoui.ma\/index.php\/wp-json\/wp\/v2\/product\/13710\/revisions\/13746"}],"wp:featuredmedia":[{"embeddable":true,"href":"https:\/\/paracherkaoui.ma\/index.php\/wp-json\/wp\/v2\/media\/11885"}],"wp:attachment":[{"href":"https:\/\/paracherkaoui.ma\/index.php\/wp-json\/wp\/v2\/media?parent=13710"}],"wp:term":[{"taxonomy":"product_brand","embeddable":true,"href":"https:\/\/paracherkaoui.ma\/index.php\/wp-json\/wp\/v2\/product_brand?post=13710"},{"taxonomy":"product_cat","embeddable":true,"href":"https:\/\/paracherkaoui.ma\/index.php\/wp-json\/wp\/v2\/product_cat?post=13710"},{"taxonomy":"product_tag","embeddable":true,"href":"https:\/\/paracherkaoui.ma\/index.php\/wp-json\/wp\/v2\/product_tag?post=13710"}],"curies":[{"name":"wp","href":"https:\/\/api.w.org\/{rel}","templated":true}]}}