{"id":13644,"date":"2025-12-12T17:48:34","date_gmt":"2025-12-12T16:48:34","guid":{"rendered":"https:\/\/test.ecbeaute.com\/?post_type=product&#038;p=13644"},"modified":"2025-12-12T17:48:37","modified_gmt":"2025-12-12T16:48:37","slug":"uriage-bariederm-cica-spray-spray-assechant-reparateur-au-cu-zn-100-ml","status":"publish","type":"product","link":"https:\/\/paracherkaoui.ma\/index.php\/produit\/uriage-bariederm-cica-spray-spray-assechant-reparateur-au-cu-zn-100-ml\/","title":{"rendered":"URIAGE BARIEDERM CICA SPRAY SPRAY ASS\u00c9CHANT R\u00c9PARATEUR AU CU-ZN 100 ML"},"content":{"rendered":"<p>Gr\u00e2ce \u00e0 la technologie brevet\u00e9e TLR2-Regul combin\u00e9e \u00e0 l\u2019Eau Thermale d\u2019Uriage, ce spray apaise imm\u00e9diatement les peaux irrit\u00e9es et fragilis\u00e9es. Que vous souffriez d&rsquo;irritations cutan\u00e9es, de rougeurs ou d&rsquo;inconfort, l&rsquo;URIAGE BARIEDERM CICA SPRAY offre un soulagement instantan\u00e9, favorisant ainsi la r\u00e9paration de la barri\u00e8re cutan\u00e9e.<br \/>\nLe Gluconate de Cuivre et l\u2019Oxyde de Zinc pr\u00e9sents dans ce spray jouent un r\u00f4le crucial dans l\u2019assainissement de la peau. Ces composants actifs r\u00e9gulent la flore bact\u00e9rienne cutan\u00e9e, \u00e9vitant ainsi les infections et favorisant un environnement sain pour la peau. Cette action est particuli\u00e8rement b\u00e9n\u00e9fique pour les peaux sujettes \u00e0 des d\u00e9s\u00e9quilibres bact\u00e9riens.<br \/>\nLa smectite, un agent absorbant puissant, \u00e9limine les exc\u00e8s d\u2019humidit\u00e9, ass\u00e9chant efficacement les zones humides et suintantes. Que ce soit pour les plis cutan\u00e9s, les zones de mac\u00e9ration ou d&rsquo;autres zones \u00e0 risque de mac\u00e9ration, ce spray assure un s\u00e9chage rapide et une protection durable, garantissant une peau s\u00e8che et confortable.<br \/>\nCONSEIL D\u2019UTILISATION<br \/>\nPour profiter pleinement des bienfaits de l&rsquo;URIAGE BARIEDERM CICA SPRAY, il est recommand\u00e9 de l&rsquo;appliquer sur une peau propre et s\u00e8che. Secouez bien le flacon avant usage, puis vaporisez directement sur les zones concern\u00e9es, en tenant le spray \u00e0 environ 15 cm de la peau. Laissez s\u00e9cher \u00e0 l&rsquo;air libre. \u00c9vitez le contact avec les yeux et ne pas inhaler. Ne pas utiliser chez la femme enceinte.<\/p>\n","protected":false},"excerpt":{"rendered":"<p>Gr\u00e2ce \u00e0 la technologie brevet\u00e9e TLR2-Regul combin\u00e9e \u00e0 l\u2019Eau Thermale d\u2019Uriage, ce spray apaise imm\u00e9diatement les peaux irrit\u00e9es et fragilis\u00e9es.<\/p>\n","protected":false},"featured_media":13688,"comment_status":"open","ping_status":"closed","template":"","meta":[],"product_brand":[130],"product_cat":[173],"product_tag":[],"class_list":{"0":"post-13644","1":"product","2":"type-product","3":"status-publish","4":"has-post-thumbnail","6":"product_brand-uriage","7":"product_cat-cremes-et-soins-visage","9":"first","10":"instock","11":"sale","12":"shipping-taxable","13":"purchasable","14":"product-type-simple"},"yoast_head":"<!-- This site is optimized with the Yoast SEO plugin v26.6 - https:\/\/yoast.com\/wordpress\/plugins\/seo\/ -->\r\n<title>URIAGE BARIEDERM CICA SPRAY SPRAY ASS\u00c9CHANT R\u00c9PARATEUR AU CU-ZN 100 ML - Paracherkaoui.ma<\/title>\r\n<meta name=\"robots\" content=\"index, follow, max-snippet:-1, max-image-preview:large, max-video-preview:-1\" \/>\r\n<link rel=\"canonical\" href=\"https:\/\/paracherkaoui.ma\/index.php\/produit\/uriage-bariederm-cica-spray-spray-assechant-reparateur-au-cu-zn-100-ml\/\" \/>\r\n<meta property=\"og:locale\" content=\"fr_FR\" \/>\r\n<meta property=\"og:type\" content=\"article\" \/>\r\n<meta property=\"og:title\" content=\"URIAGE BARIEDERM CICA SPRAY SPRAY ASS\u00c9CHANT R\u00c9PARATEUR AU CU-ZN 100 ML - Paracherkaoui.ma\" \/>\r\n<meta property=\"og:description\" content=\"Gr\u00e2ce \u00e0 la technologie brevet\u00e9e TLR2-Regul combin\u00e9e \u00e0 l\u2019Eau Thermale d\u2019Uriage, ce spray apaise imm\u00e9diatement les peaux irrit\u00e9es et fragilis\u00e9es.\" \/>\r\n<meta property=\"og:url\" content=\"https:\/\/paracherkaoui.ma\/index.php\/produit\/uriage-bariederm-cica-spray-spray-assechant-reparateur-au-cu-zn-100-ml\/\" \/>\r\n<meta property=\"og:site_name\" content=\"Paracherkaoui.ma\" \/>\r\n<meta property=\"article:modified_time\" content=\"2025-12-12T16:48:37+00:00\" \/>\r\n<meta property=\"og:image\" content=\"https:\/\/paracherkaoui.ma\/wp-content\/uploads\/2025\/12\/uriage-uriage-bariederm-cica-spray-spray-assechant-reparateur-au-cu-zn-100-ml-visage.jpg\" \/>\r\n\t<meta property=\"og:image:width\" content=\"700\" \/>\r\n\t<meta property=\"og:image:height\" content=\"700\" \/>\r\n\t<meta property=\"og:image:type\" content=\"image\/jpeg\" \/>\r\n<meta name=\"twitter:card\" content=\"summary_large_image\" \/>\r\n<meta name=\"twitter:label1\" content=\"Dur\u00e9e de lecture estim\u00e9e\" \/>\n\t<meta name=\"twitter:data1\" content=\"1 minute\" \/>\r\n<script type=\"application\/ld+json\" class=\"yoast-schema-graph\">{\"@context\":\"https:\/\/schema.org\",\"@graph\":[{\"@type\":\"WebPage\",\"@id\":\"https:\/\/paracherkaoui.ma\/index.php\/produit\/uriage-bariederm-cica-spray-spray-assechant-reparateur-au-cu-zn-100-ml\/\",\"url\":\"https:\/\/paracherkaoui.ma\/index.php\/produit\/uriage-bariederm-cica-spray-spray-assechant-reparateur-au-cu-zn-100-ml\/\",\"name\":\"URIAGE BARIEDERM CICA SPRAY SPRAY ASS\u00c9CHANT R\u00c9PARATEUR AU CU-ZN 100 ML - Paracherkaoui.ma\",\"isPartOf\":{\"@id\":\"https:\/\/paracherkaoui.ma\/#website\"},\"primaryImageOfPage\":{\"@id\":\"https:\/\/paracherkaoui.ma\/index.php\/produit\/uriage-bariederm-cica-spray-spray-assechant-reparateur-au-cu-zn-100-ml\/#primaryimage\"},\"image\":{\"@id\":\"https:\/\/paracherkaoui.ma\/index.php\/produit\/uriage-bariederm-cica-spray-spray-assechant-reparateur-au-cu-zn-100-ml\/#primaryimage\"},\"thumbnailUrl\":\"https:\/\/paracherkaoui.ma\/wp-content\/uploads\/2025\/12\/uriage-uriage-bariederm-cica-spray-spray-assechant-reparateur-au-cu-zn-100-ml-visage.jpg\",\"datePublished\":\"2025-12-12T16:48:34+00:00\",\"dateModified\":\"2025-12-12T16:48:37+00:00\",\"breadcrumb\":{\"@id\":\"https:\/\/paracherkaoui.ma\/index.php\/produit\/uriage-bariederm-cica-spray-spray-assechant-reparateur-au-cu-zn-100-ml\/#breadcrumb\"},\"inLanguage\":\"fr-FR\",\"potentialAction\":[{\"@type\":\"ReadAction\",\"target\":[\"https:\/\/paracherkaoui.ma\/index.php\/produit\/uriage-bariederm-cica-spray-spray-assechant-reparateur-au-cu-zn-100-ml\/\"]}]},{\"@type\":\"ImageObject\",\"inLanguage\":\"fr-FR\",\"@id\":\"https:\/\/paracherkaoui.ma\/index.php\/produit\/uriage-bariederm-cica-spray-spray-assechant-reparateur-au-cu-zn-100-ml\/#primaryimage\",\"url\":\"https:\/\/paracherkaoui.ma\/wp-content\/uploads\/2025\/12\/uriage-uriage-bariederm-cica-spray-spray-assechant-reparateur-au-cu-zn-100-ml-visage.jpg\",\"contentUrl\":\"https:\/\/paracherkaoui.ma\/wp-content\/uploads\/2025\/12\/uriage-uriage-bariederm-cica-spray-spray-assechant-reparateur-au-cu-zn-100-ml-visage.jpg\",\"width\":700,\"height\":700},{\"@type\":\"BreadcrumbList\",\"@id\":\"https:\/\/paracherkaoui.ma\/index.php\/produit\/uriage-bariederm-cica-spray-spray-assechant-reparateur-au-cu-zn-100-ml\/#breadcrumb\",\"itemListElement\":[{\"@type\":\"ListItem\",\"position\":1,\"name\":\"Accueil\",\"item\":\"https:\/\/paracherkaoui.ma\/\"},{\"@type\":\"ListItem\",\"position\":2,\"name\":\"Boutique\",\"item\":\"https:\/\/paracherkaoui.ma\/index.php\/boutique\/\"},{\"@type\":\"ListItem\",\"position\":3,\"name\":\"URIAGE BARIEDERM CICA SPRAY SPRAY ASS\u00c9CHANT R\u00c9PARATEUR AU CU-ZN 100 ML\"}]},{\"@type\":\"WebSite\",\"@id\":\"https:\/\/paracherkaoui.ma\/#website\",\"url\":\"https:\/\/paracherkaoui.ma\/\",\"name\":\"Paracherkaoui.ma\",\"description\":\"Achetez en ligne sur Paracherkaoui.ma\",\"potentialAction\":[{\"@type\":\"SearchAction\",\"target\":{\"@type\":\"EntryPoint\",\"urlTemplate\":\"https:\/\/paracherkaoui.ma\/?s={search_term_string}\"},\"query-input\":{\"@type\":\"PropertyValueSpecification\",\"valueRequired\":true,\"valueName\":\"search_term_string\"}}],\"inLanguage\":\"fr-FR\"}]}<\/script>\r\n<!-- \/ Yoast SEO plugin. -->","yoast_head_json":{"title":"URIAGE BARIEDERM CICA SPRAY SPRAY ASS\u00c9CHANT R\u00c9PARATEUR AU CU-ZN 100 ML - Paracherkaoui.ma","robots":{"index":"index","follow":"follow","max-snippet":"max-snippet:-1","max-image-preview":"max-image-preview:large","max-video-preview":"max-video-preview:-1"},"canonical":"https:\/\/paracherkaoui.ma\/index.php\/produit\/uriage-bariederm-cica-spray-spray-assechant-reparateur-au-cu-zn-100-ml\/","og_locale":"fr_FR","og_type":"article","og_title":"URIAGE BARIEDERM CICA SPRAY SPRAY ASS\u00c9CHANT R\u00c9PARATEUR AU CU-ZN 100 ML - Paracherkaoui.ma","og_description":"Gr\u00e2ce \u00e0 la technologie brevet\u00e9e TLR2-Regul combin\u00e9e \u00e0 l\u2019Eau Thermale d\u2019Uriage, ce spray apaise imm\u00e9diatement les peaux irrit\u00e9es et fragilis\u00e9es.","og_url":"https:\/\/paracherkaoui.ma\/index.php\/produit\/uriage-bariederm-cica-spray-spray-assechant-reparateur-au-cu-zn-100-ml\/","og_site_name":"Paracherkaoui.ma","article_modified_time":"2025-12-12T16:48:37+00:00","og_image":[{"width":700,"height":700,"url":"https:\/\/paracherkaoui.ma\/wp-content\/uploads\/2025\/12\/uriage-uriage-bariederm-cica-spray-spray-assechant-reparateur-au-cu-zn-100-ml-visage.jpg","type":"image\/jpeg"}],"twitter_card":"summary_large_image","twitter_misc":{"Dur\u00e9e de lecture estim\u00e9e":"1 minute"},"schema":{"@context":"https:\/\/schema.org","@graph":[{"@type":"WebPage","@id":"https:\/\/paracherkaoui.ma\/index.php\/produit\/uriage-bariederm-cica-spray-spray-assechant-reparateur-au-cu-zn-100-ml\/","url":"https:\/\/paracherkaoui.ma\/index.php\/produit\/uriage-bariederm-cica-spray-spray-assechant-reparateur-au-cu-zn-100-ml\/","name":"URIAGE BARIEDERM CICA SPRAY SPRAY ASS\u00c9CHANT R\u00c9PARATEUR AU CU-ZN 100 ML - Paracherkaoui.ma","isPartOf":{"@id":"https:\/\/paracherkaoui.ma\/#website"},"primaryImageOfPage":{"@id":"https:\/\/paracherkaoui.ma\/index.php\/produit\/uriage-bariederm-cica-spray-spray-assechant-reparateur-au-cu-zn-100-ml\/#primaryimage"},"image":{"@id":"https:\/\/paracherkaoui.ma\/index.php\/produit\/uriage-bariederm-cica-spray-spray-assechant-reparateur-au-cu-zn-100-ml\/#primaryimage"},"thumbnailUrl":"https:\/\/paracherkaoui.ma\/wp-content\/uploads\/2025\/12\/uriage-uriage-bariederm-cica-spray-spray-assechant-reparateur-au-cu-zn-100-ml-visage.jpg","datePublished":"2025-12-12T16:48:34+00:00","dateModified":"2025-12-12T16:48:37+00:00","breadcrumb":{"@id":"https:\/\/paracherkaoui.ma\/index.php\/produit\/uriage-bariederm-cica-spray-spray-assechant-reparateur-au-cu-zn-100-ml\/#breadcrumb"},"inLanguage":"fr-FR","potentialAction":[{"@type":"ReadAction","target":["https:\/\/paracherkaoui.ma\/index.php\/produit\/uriage-bariederm-cica-spray-spray-assechant-reparateur-au-cu-zn-100-ml\/"]}]},{"@type":"ImageObject","inLanguage":"fr-FR","@id":"https:\/\/paracherkaoui.ma\/index.php\/produit\/uriage-bariederm-cica-spray-spray-assechant-reparateur-au-cu-zn-100-ml\/#primaryimage","url":"https:\/\/paracherkaoui.ma\/wp-content\/uploads\/2025\/12\/uriage-uriage-bariederm-cica-spray-spray-assechant-reparateur-au-cu-zn-100-ml-visage.jpg","contentUrl":"https:\/\/paracherkaoui.ma\/wp-content\/uploads\/2025\/12\/uriage-uriage-bariederm-cica-spray-spray-assechant-reparateur-au-cu-zn-100-ml-visage.jpg","width":700,"height":700},{"@type":"BreadcrumbList","@id":"https:\/\/paracherkaoui.ma\/index.php\/produit\/uriage-bariederm-cica-spray-spray-assechant-reparateur-au-cu-zn-100-ml\/#breadcrumb","itemListElement":[{"@type":"ListItem","position":1,"name":"Accueil","item":"https:\/\/paracherkaoui.ma\/"},{"@type":"ListItem","position":2,"name":"Boutique","item":"https:\/\/paracherkaoui.ma\/index.php\/boutique\/"},{"@type":"ListItem","position":3,"name":"URIAGE BARIEDERM CICA SPRAY SPRAY ASS\u00c9CHANT R\u00c9PARATEUR AU CU-ZN 100 ML"}]},{"@type":"WebSite","@id":"https:\/\/paracherkaoui.ma\/#website","url":"https:\/\/paracherkaoui.ma\/","name":"Paracherkaoui.ma","description":"Achetez en ligne sur Paracherkaoui.ma","potentialAction":[{"@type":"SearchAction","target":{"@type":"EntryPoint","urlTemplate":"https:\/\/paracherkaoui.ma\/?s={search_term_string}"},"query-input":{"@type":"PropertyValueSpecification","valueRequired":true,"valueName":"search_term_string"}}],"inLanguage":"fr-FR"}]}},"_links":{"self":[{"href":"https:\/\/paracherkaoui.ma\/index.php\/wp-json\/wp\/v2\/product\/13644","targetHints":{"allow":["GET"]}}],"collection":[{"href":"https:\/\/paracherkaoui.ma\/index.php\/wp-json\/wp\/v2\/product"}],"about":[{"href":"https:\/\/paracherkaoui.ma\/index.php\/wp-json\/wp\/v2\/types\/product"}],"replies":[{"embeddable":true,"href":"https:\/\/paracherkaoui.ma\/index.php\/wp-json\/wp\/v2\/comments?post=13644"}],"version-history":[{"count":1,"href":"https:\/\/paracherkaoui.ma\/index.php\/wp-json\/wp\/v2\/product\/13644\/revisions"}],"predecessor-version":[{"id":13689,"href":"https:\/\/paracherkaoui.ma\/index.php\/wp-json\/wp\/v2\/product\/13644\/revisions\/13689"}],"wp:featuredmedia":[{"embeddable":true,"href":"https:\/\/paracherkaoui.ma\/index.php\/wp-json\/wp\/v2\/media\/13688"}],"wp:attachment":[{"href":"https:\/\/paracherkaoui.ma\/index.php\/wp-json\/wp\/v2\/media?parent=13644"}],"wp:term":[{"taxonomy":"product_brand","embeddable":true,"href":"https:\/\/paracherkaoui.ma\/index.php\/wp-json\/wp\/v2\/product_brand?post=13644"},{"taxonomy":"product_cat","embeddable":true,"href":"https:\/\/paracherkaoui.ma\/index.php\/wp-json\/wp\/v2\/product_cat?post=13644"},{"taxonomy":"product_tag","embeddable":true,"href":"https:\/\/paracherkaoui.ma\/index.php\/wp-json\/wp\/v2\/product_tag?post=13644"}],"curies":[{"name":"wp","href":"https:\/\/api.w.org\/{rel}","templated":true}]}}