{"id":13643,"date":"2025-12-12T17:48:34","date_gmt":"2025-12-12T16:48:34","guid":{"rendered":"https:\/\/test.ecbeaute.com\/?post_type=product&#038;p=13643"},"modified":"2025-12-12T17:48:37","modified_gmt":"2025-12-12T16:48:37","slug":"uriage-bariederm-cica-daily-serum-30ml","status":"publish","type":"product","link":"https:\/\/paracherkaoui.ma\/index.php\/produit\/uriage-bariederm-cica-daily-serum-30ml\/","title":{"rendered":"URIAGE BARIEDERM-CICA DAILY SERUM 30ML"},"content":{"rendered":"<p>Le s\u00e9rum URIAGE BARIEDERM-CICA DAILY utilise une technologie avanc\u00e9e avec un complexe unique de 10,5% THERMAL-BIOTIC. L&rsquo;association de l\u2019Eau Thermale d\u2019Uriage et d&rsquo;un pr\u00e9biotique, l&rsquo;Inuline, offre une action r\u00e9\u00e9quilibrante exceptionnelle sur la barri\u00e8re cutan\u00e9e et le microbiome, restaurant ainsi l&rsquo;harmonie naturelle de votre peau.<br \/>\nEnrichi en Centella Asiatica, un puissant r\u00e9parateur, ce s\u00e9rum est \u00e9galement formul\u00e9 avec de l\u2019Acide Hyaluronique de haut et bas poids mol\u00e9culaire et de la Vitamine B5. Ces ingr\u00e9dients hydratent intens\u00e9ment, favorisent la r\u00e9paration \u00e9pidermique et unifient le teint, pour une peau visiblement plus lisse et \u00e9clatante.<br \/>\nLa pr\u00e9sence de dipeptides dans sa formule aide \u00e0 stimuler la r\u00e9paration de la peau, pr\u00e9venant ainsi l\u2019apparition des signes de l\u2019\u00e2ge. Utiliser ce s\u00e9rum quotidiennement permet de renforcer la structure de votre peau, la rendant plus r\u00e9sistante face aux agressions ext\u00e9rieures.<br \/>\nCOMPOSITION<br \/>\nAQUA (WATER, EAU) &#8211; GLYCERIN &#8211; DIGLYCERIN &#8211; 1,2-HEXANEDIOL &#8211; INULIN &#8211; PANTHENOL &#8211; SODIUM POLYACRYLOYLDIMETHYL TAURATE &#8211; XANTHAN GUM &#8211; SODIUM HYALURONATE &#8211; PROPANEDIOL &#8211; CENTELLA ASIATICA LEAF EXTRACT &#8211; CITRIC ACID &#8211; ZINC GLUCONATE &#8211; GLUTAMYLAMIDOETHYL INDOLE.<br \/>\nCONSEIL D\u2019UTILISATION<br \/>\nPour obtenir des r\u00e9sultats optimaux, appliquez quelques gouttes de s\u00e9rum sur le visage et le cou parfaitement nettoy\u00e9s. Massez doucement jusqu\u2019\u00e0 absorption compl\u00e8te avant d\u2019appliquer votre cr\u00e8me hydratante habituelle. Utilisez r\u00e9guli\u00e8rement pour une peau \u00e9clatante, apais\u00e9e et renforc\u00e9e.<\/p>\n","protected":false},"excerpt":{"rendered":"<p>Le s\u00e9rum URIAGE BARIEDERM-CICA DAILY utilise une technologie avanc\u00e9e avec un complexe unique de 10,5% THERMAL-BIOTIC. L&rsquo;association de l\u2019Eau Thermale<\/p>\n","protected":false},"featured_media":13686,"comment_status":"open","ping_status":"closed","template":"","meta":[],"product_brand":[130],"product_cat":[173],"product_tag":[],"class_list":{"0":"post-13643","1":"product","2":"type-product","3":"status-publish","4":"has-post-thumbnail","6":"product_brand-uriage","7":"product_cat-cremes-et-soins-visage","9":"first","10":"instock","11":"sale","12":"shipping-taxable","13":"purchasable","14":"product-type-simple"},"yoast_head":"<!-- This site is optimized with the Yoast SEO plugin v26.6 - https:\/\/yoast.com\/wordpress\/plugins\/seo\/ -->\r\n<title>URIAGE BARIEDERM-CICA DAILY SERUM 30ML - Paracherkaoui.ma<\/title>\r\n<meta name=\"robots\" content=\"index, follow, max-snippet:-1, max-image-preview:large, max-video-preview:-1\" \/>\r\n<link rel=\"canonical\" href=\"https:\/\/paracherkaoui.ma\/index.php\/produit\/uriage-bariederm-cica-daily-serum-30ml\/\" \/>\r\n<meta property=\"og:locale\" content=\"fr_FR\" \/>\r\n<meta property=\"og:type\" content=\"article\" \/>\r\n<meta property=\"og:title\" content=\"URIAGE BARIEDERM-CICA DAILY SERUM 30ML - Paracherkaoui.ma\" \/>\r\n<meta property=\"og:description\" content=\"Le s\u00e9rum URIAGE BARIEDERM-CICA DAILY utilise une technologie avanc\u00e9e avec un complexe unique de 10,5% THERMAL-BIOTIC. L&rsquo;association de l\u2019Eau Thermale\" \/>\r\n<meta property=\"og:url\" content=\"https:\/\/paracherkaoui.ma\/index.php\/produit\/uriage-bariederm-cica-daily-serum-30ml\/\" \/>\r\n<meta property=\"og:site_name\" content=\"Paracherkaoui.ma\" \/>\r\n<meta property=\"article:modified_time\" content=\"2025-12-12T16:48:37+00:00\" \/>\r\n<meta property=\"og:image\" content=\"https:\/\/paracherkaoui.ma\/wp-content\/uploads\/2025\/12\/uriage-uriage-bariederm-cica-daily-serum-30ml-visage.jpg\" \/>\r\n\t<meta property=\"og:image:width\" content=\"700\" \/>\r\n\t<meta property=\"og:image:height\" content=\"700\" \/>\r\n\t<meta property=\"og:image:type\" content=\"image\/jpeg\" \/>\r\n<meta name=\"twitter:card\" content=\"summary_large_image\" \/>\r\n<meta name=\"twitter:label1\" content=\"Dur\u00e9e de lecture estim\u00e9e\" \/>\n\t<meta name=\"twitter:data1\" content=\"1 minute\" \/>\r\n<script type=\"application\/ld+json\" class=\"yoast-schema-graph\">{\"@context\":\"https:\/\/schema.org\",\"@graph\":[{\"@type\":\"WebPage\",\"@id\":\"https:\/\/paracherkaoui.ma\/index.php\/produit\/uriage-bariederm-cica-daily-serum-30ml\/\",\"url\":\"https:\/\/paracherkaoui.ma\/index.php\/produit\/uriage-bariederm-cica-daily-serum-30ml\/\",\"name\":\"URIAGE BARIEDERM-CICA DAILY SERUM 30ML - Paracherkaoui.ma\",\"isPartOf\":{\"@id\":\"https:\/\/paracherkaoui.ma\/#website\"},\"primaryImageOfPage\":{\"@id\":\"https:\/\/paracherkaoui.ma\/index.php\/produit\/uriage-bariederm-cica-daily-serum-30ml\/#primaryimage\"},\"image\":{\"@id\":\"https:\/\/paracherkaoui.ma\/index.php\/produit\/uriage-bariederm-cica-daily-serum-30ml\/#primaryimage\"},\"thumbnailUrl\":\"https:\/\/paracherkaoui.ma\/wp-content\/uploads\/2025\/12\/uriage-uriage-bariederm-cica-daily-serum-30ml-visage.jpg\",\"datePublished\":\"2025-12-12T16:48:34+00:00\",\"dateModified\":\"2025-12-12T16:48:37+00:00\",\"breadcrumb\":{\"@id\":\"https:\/\/paracherkaoui.ma\/index.php\/produit\/uriage-bariederm-cica-daily-serum-30ml\/#breadcrumb\"},\"inLanguage\":\"fr-FR\",\"potentialAction\":[{\"@type\":\"ReadAction\",\"target\":[\"https:\/\/paracherkaoui.ma\/index.php\/produit\/uriage-bariederm-cica-daily-serum-30ml\/\"]}]},{\"@type\":\"ImageObject\",\"inLanguage\":\"fr-FR\",\"@id\":\"https:\/\/paracherkaoui.ma\/index.php\/produit\/uriage-bariederm-cica-daily-serum-30ml\/#primaryimage\",\"url\":\"https:\/\/paracherkaoui.ma\/wp-content\/uploads\/2025\/12\/uriage-uriage-bariederm-cica-daily-serum-30ml-visage.jpg\",\"contentUrl\":\"https:\/\/paracherkaoui.ma\/wp-content\/uploads\/2025\/12\/uriage-uriage-bariederm-cica-daily-serum-30ml-visage.jpg\",\"width\":700,\"height\":700},{\"@type\":\"BreadcrumbList\",\"@id\":\"https:\/\/paracherkaoui.ma\/index.php\/produit\/uriage-bariederm-cica-daily-serum-30ml\/#breadcrumb\",\"itemListElement\":[{\"@type\":\"ListItem\",\"position\":1,\"name\":\"Accueil\",\"item\":\"https:\/\/paracherkaoui.ma\/\"},{\"@type\":\"ListItem\",\"position\":2,\"name\":\"Boutique\",\"item\":\"https:\/\/paracherkaoui.ma\/index.php\/boutique\/\"},{\"@type\":\"ListItem\",\"position\":3,\"name\":\"URIAGE BARIEDERM-CICA DAILY SERUM 30ML\"}]},{\"@type\":\"WebSite\",\"@id\":\"https:\/\/paracherkaoui.ma\/#website\",\"url\":\"https:\/\/paracherkaoui.ma\/\",\"name\":\"Paracherkaoui.ma\",\"description\":\"Achetez en ligne sur Paracherkaoui.ma\",\"potentialAction\":[{\"@type\":\"SearchAction\",\"target\":{\"@type\":\"EntryPoint\",\"urlTemplate\":\"https:\/\/paracherkaoui.ma\/?s={search_term_string}\"},\"query-input\":{\"@type\":\"PropertyValueSpecification\",\"valueRequired\":true,\"valueName\":\"search_term_string\"}}],\"inLanguage\":\"fr-FR\"}]}<\/script>\r\n<!-- \/ Yoast SEO plugin. -->","yoast_head_json":{"title":"URIAGE BARIEDERM-CICA DAILY SERUM 30ML - Paracherkaoui.ma","robots":{"index":"index","follow":"follow","max-snippet":"max-snippet:-1","max-image-preview":"max-image-preview:large","max-video-preview":"max-video-preview:-1"},"canonical":"https:\/\/paracherkaoui.ma\/index.php\/produit\/uriage-bariederm-cica-daily-serum-30ml\/","og_locale":"fr_FR","og_type":"article","og_title":"URIAGE BARIEDERM-CICA DAILY SERUM 30ML - Paracherkaoui.ma","og_description":"Le s\u00e9rum URIAGE BARIEDERM-CICA DAILY utilise une technologie avanc\u00e9e avec un complexe unique de 10,5% THERMAL-BIOTIC. L&rsquo;association de l\u2019Eau Thermale","og_url":"https:\/\/paracherkaoui.ma\/index.php\/produit\/uriage-bariederm-cica-daily-serum-30ml\/","og_site_name":"Paracherkaoui.ma","article_modified_time":"2025-12-12T16:48:37+00:00","og_image":[{"width":700,"height":700,"url":"https:\/\/paracherkaoui.ma\/wp-content\/uploads\/2025\/12\/uriage-uriage-bariederm-cica-daily-serum-30ml-visage.jpg","type":"image\/jpeg"}],"twitter_card":"summary_large_image","twitter_misc":{"Dur\u00e9e de lecture estim\u00e9e":"1 minute"},"schema":{"@context":"https:\/\/schema.org","@graph":[{"@type":"WebPage","@id":"https:\/\/paracherkaoui.ma\/index.php\/produit\/uriage-bariederm-cica-daily-serum-30ml\/","url":"https:\/\/paracherkaoui.ma\/index.php\/produit\/uriage-bariederm-cica-daily-serum-30ml\/","name":"URIAGE BARIEDERM-CICA DAILY SERUM 30ML - Paracherkaoui.ma","isPartOf":{"@id":"https:\/\/paracherkaoui.ma\/#website"},"primaryImageOfPage":{"@id":"https:\/\/paracherkaoui.ma\/index.php\/produit\/uriage-bariederm-cica-daily-serum-30ml\/#primaryimage"},"image":{"@id":"https:\/\/paracherkaoui.ma\/index.php\/produit\/uriage-bariederm-cica-daily-serum-30ml\/#primaryimage"},"thumbnailUrl":"https:\/\/paracherkaoui.ma\/wp-content\/uploads\/2025\/12\/uriage-uriage-bariederm-cica-daily-serum-30ml-visage.jpg","datePublished":"2025-12-12T16:48:34+00:00","dateModified":"2025-12-12T16:48:37+00:00","breadcrumb":{"@id":"https:\/\/paracherkaoui.ma\/index.php\/produit\/uriage-bariederm-cica-daily-serum-30ml\/#breadcrumb"},"inLanguage":"fr-FR","potentialAction":[{"@type":"ReadAction","target":["https:\/\/paracherkaoui.ma\/index.php\/produit\/uriage-bariederm-cica-daily-serum-30ml\/"]}]},{"@type":"ImageObject","inLanguage":"fr-FR","@id":"https:\/\/paracherkaoui.ma\/index.php\/produit\/uriage-bariederm-cica-daily-serum-30ml\/#primaryimage","url":"https:\/\/paracherkaoui.ma\/wp-content\/uploads\/2025\/12\/uriage-uriage-bariederm-cica-daily-serum-30ml-visage.jpg","contentUrl":"https:\/\/paracherkaoui.ma\/wp-content\/uploads\/2025\/12\/uriage-uriage-bariederm-cica-daily-serum-30ml-visage.jpg","width":700,"height":700},{"@type":"BreadcrumbList","@id":"https:\/\/paracherkaoui.ma\/index.php\/produit\/uriage-bariederm-cica-daily-serum-30ml\/#breadcrumb","itemListElement":[{"@type":"ListItem","position":1,"name":"Accueil","item":"https:\/\/paracherkaoui.ma\/"},{"@type":"ListItem","position":2,"name":"Boutique","item":"https:\/\/paracherkaoui.ma\/index.php\/boutique\/"},{"@type":"ListItem","position":3,"name":"URIAGE BARIEDERM-CICA DAILY SERUM 30ML"}]},{"@type":"WebSite","@id":"https:\/\/paracherkaoui.ma\/#website","url":"https:\/\/paracherkaoui.ma\/","name":"Paracherkaoui.ma","description":"Achetez en ligne sur Paracherkaoui.ma","potentialAction":[{"@type":"SearchAction","target":{"@type":"EntryPoint","urlTemplate":"https:\/\/paracherkaoui.ma\/?s={search_term_string}"},"query-input":{"@type":"PropertyValueSpecification","valueRequired":true,"valueName":"search_term_string"}}],"inLanguage":"fr-FR"}]}},"_links":{"self":[{"href":"https:\/\/paracherkaoui.ma\/index.php\/wp-json\/wp\/v2\/product\/13643","targetHints":{"allow":["GET"]}}],"collection":[{"href":"https:\/\/paracherkaoui.ma\/index.php\/wp-json\/wp\/v2\/product"}],"about":[{"href":"https:\/\/paracherkaoui.ma\/index.php\/wp-json\/wp\/v2\/types\/product"}],"replies":[{"embeddable":true,"href":"https:\/\/paracherkaoui.ma\/index.php\/wp-json\/wp\/v2\/comments?post=13643"}],"version-history":[{"count":1,"href":"https:\/\/paracherkaoui.ma\/index.php\/wp-json\/wp\/v2\/product\/13643\/revisions"}],"predecessor-version":[{"id":13687,"href":"https:\/\/paracherkaoui.ma\/index.php\/wp-json\/wp\/v2\/product\/13643\/revisions\/13687"}],"wp:featuredmedia":[{"embeddable":true,"href":"https:\/\/paracherkaoui.ma\/index.php\/wp-json\/wp\/v2\/media\/13686"}],"wp:attachment":[{"href":"https:\/\/paracherkaoui.ma\/index.php\/wp-json\/wp\/v2\/media?parent=13643"}],"wp:term":[{"taxonomy":"product_brand","embeddable":true,"href":"https:\/\/paracherkaoui.ma\/index.php\/wp-json\/wp\/v2\/product_brand?post=13643"},{"taxonomy":"product_cat","embeddable":true,"href":"https:\/\/paracherkaoui.ma\/index.php\/wp-json\/wp\/v2\/product_cat?post=13643"},{"taxonomy":"product_tag","embeddable":true,"href":"https:\/\/paracherkaoui.ma\/index.php\/wp-json\/wp\/v2\/product_tag?post=13643"}],"curies":[{"name":"wp","href":"https:\/\/api.w.org\/{rel}","templated":true}]}}