{"id":13636,"date":"2025-12-12T17:48:34","date_gmt":"2025-12-12T16:48:34","guid":{"rendered":"https:\/\/test.ecbeaute.com\/?post_type=product&#038;p=13636"},"modified":"2025-12-12T17:48:36","modified_gmt":"2025-12-12T16:48:36","slug":"acm-cicastim-a-creme-apaisante-20-ml","status":"publish","type":"product","link":"https:\/\/paracherkaoui.ma\/index.php\/produit\/acm-cicastim-a-creme-apaisante-20-ml\/","title":{"rendered":"ACM CICASTIM A CREME APAISANTE 20 ML"},"content":{"rendered":"<p>Description:<\/p>\n<p>Cicastim Arnica est un soin r\u00e9parateur con\u00e7u pour acc\u00e9l\u00e9rer la r\u00e9duction des bleus et des contusions. Formul\u00e9 sans parfum.<\/p>\n<p>CONSEILS D&rsquo;UTILISATION :<\/p>\n<p>Appliquer la cr\u00e8me en couche fine 2 \u00e0 3 fois par jour en massage l\u00e9ger jusqu\u2019\u00e0 p\u00e9n\u00e9tration compl\u00e8te.\u00a0Ne pas appliquer sur les sujets sensibles \u00e0 l\u2019arnica, sur les muqueuses, la peau l\u00e9s\u00e9e, les plaies ou \u00e0 proximit\u00e9 des yeux. Usage externe.<\/p>\n","protected":false},"excerpt":{"rendered":"<p>Description: Cicastim Arnica est un soin r\u00e9parateur con\u00e7u pour acc\u00e9l\u00e9rer la r\u00e9duction des bleus et des contusions. Formul\u00e9 sans parfum.<\/p>\n","protected":false},"featured_media":13674,"comment_status":"open","ping_status":"closed","template":"","meta":[],"product_brand":[142],"product_cat":[173],"product_tag":[],"class_list":{"0":"post-13636","1":"product","2":"type-product","3":"status-publish","4":"has-post-thumbnail","6":"product_brand-acm","7":"product_cat-cremes-et-soins-visage","9":"first","10":"instock","11":"sale","12":"shipping-taxable","13":"purchasable","14":"product-type-simple"},"yoast_head":"<!-- This site is optimized with the Yoast SEO plugin v26.6 - https:\/\/yoast.com\/wordpress\/plugins\/seo\/ -->\r\n<title>ACM CICASTIM A CREME APAISANTE 20 ML - Paracherkaoui.ma<\/title>\r\n<meta name=\"robots\" content=\"index, follow, max-snippet:-1, max-image-preview:large, max-video-preview:-1\" \/>\r\n<link rel=\"canonical\" href=\"https:\/\/paracherkaoui.ma\/index.php\/produit\/acm-cicastim-a-creme-apaisante-20-ml\/\" \/>\r\n<meta property=\"og:locale\" content=\"fr_FR\" \/>\r\n<meta property=\"og:type\" content=\"article\" \/>\r\n<meta property=\"og:title\" content=\"ACM CICASTIM A CREME APAISANTE 20 ML - Paracherkaoui.ma\" \/>\r\n<meta property=\"og:description\" content=\"Description: Cicastim Arnica est un soin r\u00e9parateur con\u00e7u pour acc\u00e9l\u00e9rer la r\u00e9duction des bleus et des contusions. Formul\u00e9 sans parfum.\" \/>\r\n<meta property=\"og:url\" content=\"https:\/\/paracherkaoui.ma\/index.php\/produit\/acm-cicastim-a-creme-apaisante-20-ml\/\" \/>\r\n<meta property=\"og:site_name\" content=\"Paracherkaoui.ma\" \/>\r\n<meta property=\"article:modified_time\" content=\"2025-12-12T16:48:36+00:00\" \/>\r\n<meta property=\"og:image\" content=\"https:\/\/paracherkaoui.ma\/wp-content\/uploads\/2025\/12\/acm-acm-cicastim-a-creme-apaisante-20-ml-visage.jpg\" \/>\r\n\t<meta property=\"og:image:width\" content=\"700\" \/>\r\n\t<meta property=\"og:image:height\" content=\"700\" \/>\r\n\t<meta property=\"og:image:type\" content=\"image\/jpeg\" \/>\r\n<meta name=\"twitter:card\" content=\"summary_large_image\" \/>\r\n<script type=\"application\/ld+json\" class=\"yoast-schema-graph\">{\"@context\":\"https:\/\/schema.org\",\"@graph\":[{\"@type\":\"WebPage\",\"@id\":\"https:\/\/paracherkaoui.ma\/index.php\/produit\/acm-cicastim-a-creme-apaisante-20-ml\/\",\"url\":\"https:\/\/paracherkaoui.ma\/index.php\/produit\/acm-cicastim-a-creme-apaisante-20-ml\/\",\"name\":\"ACM CICASTIM A CREME APAISANTE 20 ML - Paracherkaoui.ma\",\"isPartOf\":{\"@id\":\"https:\/\/paracherkaoui.ma\/#website\"},\"primaryImageOfPage\":{\"@id\":\"https:\/\/paracherkaoui.ma\/index.php\/produit\/acm-cicastim-a-creme-apaisante-20-ml\/#primaryimage\"},\"image\":{\"@id\":\"https:\/\/paracherkaoui.ma\/index.php\/produit\/acm-cicastim-a-creme-apaisante-20-ml\/#primaryimage\"},\"thumbnailUrl\":\"https:\/\/paracherkaoui.ma\/wp-content\/uploads\/2025\/12\/acm-acm-cicastim-a-creme-apaisante-20-ml-visage.jpg\",\"datePublished\":\"2025-12-12T16:48:34+00:00\",\"dateModified\":\"2025-12-12T16:48:36+00:00\",\"breadcrumb\":{\"@id\":\"https:\/\/paracherkaoui.ma\/index.php\/produit\/acm-cicastim-a-creme-apaisante-20-ml\/#breadcrumb\"},\"inLanguage\":\"fr-FR\",\"potentialAction\":[{\"@type\":\"ReadAction\",\"target\":[\"https:\/\/paracherkaoui.ma\/index.php\/produit\/acm-cicastim-a-creme-apaisante-20-ml\/\"]}]},{\"@type\":\"ImageObject\",\"inLanguage\":\"fr-FR\",\"@id\":\"https:\/\/paracherkaoui.ma\/index.php\/produit\/acm-cicastim-a-creme-apaisante-20-ml\/#primaryimage\",\"url\":\"https:\/\/paracherkaoui.ma\/wp-content\/uploads\/2025\/12\/acm-acm-cicastim-a-creme-apaisante-20-ml-visage.jpg\",\"contentUrl\":\"https:\/\/paracherkaoui.ma\/wp-content\/uploads\/2025\/12\/acm-acm-cicastim-a-creme-apaisante-20-ml-visage.jpg\",\"width\":700,\"height\":700},{\"@type\":\"BreadcrumbList\",\"@id\":\"https:\/\/paracherkaoui.ma\/index.php\/produit\/acm-cicastim-a-creme-apaisante-20-ml\/#breadcrumb\",\"itemListElement\":[{\"@type\":\"ListItem\",\"position\":1,\"name\":\"Accueil\",\"item\":\"https:\/\/paracherkaoui.ma\/\"},{\"@type\":\"ListItem\",\"position\":2,\"name\":\"Boutique\",\"item\":\"https:\/\/paracherkaoui.ma\/index.php\/boutique\/\"},{\"@type\":\"ListItem\",\"position\":3,\"name\":\"ACM CICASTIM A CREME APAISANTE 20 ML\"}]},{\"@type\":\"WebSite\",\"@id\":\"https:\/\/paracherkaoui.ma\/#website\",\"url\":\"https:\/\/paracherkaoui.ma\/\",\"name\":\"Paracherkaoui.ma\",\"description\":\"Achetez en ligne sur Paracherkaoui.ma\",\"potentialAction\":[{\"@type\":\"SearchAction\",\"target\":{\"@type\":\"EntryPoint\",\"urlTemplate\":\"https:\/\/paracherkaoui.ma\/?s={search_term_string}\"},\"query-input\":{\"@type\":\"PropertyValueSpecification\",\"valueRequired\":true,\"valueName\":\"search_term_string\"}}],\"inLanguage\":\"fr-FR\"}]}<\/script>\r\n<!-- \/ Yoast SEO plugin. -->","yoast_head_json":{"title":"ACM CICASTIM A CREME APAISANTE 20 ML - Paracherkaoui.ma","robots":{"index":"index","follow":"follow","max-snippet":"max-snippet:-1","max-image-preview":"max-image-preview:large","max-video-preview":"max-video-preview:-1"},"canonical":"https:\/\/paracherkaoui.ma\/index.php\/produit\/acm-cicastim-a-creme-apaisante-20-ml\/","og_locale":"fr_FR","og_type":"article","og_title":"ACM CICASTIM A CREME APAISANTE 20 ML - Paracherkaoui.ma","og_description":"Description: Cicastim Arnica est un soin r\u00e9parateur con\u00e7u pour acc\u00e9l\u00e9rer la r\u00e9duction des bleus et des contusions. Formul\u00e9 sans parfum.","og_url":"https:\/\/paracherkaoui.ma\/index.php\/produit\/acm-cicastim-a-creme-apaisante-20-ml\/","og_site_name":"Paracherkaoui.ma","article_modified_time":"2025-12-12T16:48:36+00:00","og_image":[{"width":700,"height":700,"url":"https:\/\/paracherkaoui.ma\/wp-content\/uploads\/2025\/12\/acm-acm-cicastim-a-creme-apaisante-20-ml-visage.jpg","type":"image\/jpeg"}],"twitter_card":"summary_large_image","schema":{"@context":"https:\/\/schema.org","@graph":[{"@type":"WebPage","@id":"https:\/\/paracherkaoui.ma\/index.php\/produit\/acm-cicastim-a-creme-apaisante-20-ml\/","url":"https:\/\/paracherkaoui.ma\/index.php\/produit\/acm-cicastim-a-creme-apaisante-20-ml\/","name":"ACM CICASTIM A CREME APAISANTE 20 ML - Paracherkaoui.ma","isPartOf":{"@id":"https:\/\/paracherkaoui.ma\/#website"},"primaryImageOfPage":{"@id":"https:\/\/paracherkaoui.ma\/index.php\/produit\/acm-cicastim-a-creme-apaisante-20-ml\/#primaryimage"},"image":{"@id":"https:\/\/paracherkaoui.ma\/index.php\/produit\/acm-cicastim-a-creme-apaisante-20-ml\/#primaryimage"},"thumbnailUrl":"https:\/\/paracherkaoui.ma\/wp-content\/uploads\/2025\/12\/acm-acm-cicastim-a-creme-apaisante-20-ml-visage.jpg","datePublished":"2025-12-12T16:48:34+00:00","dateModified":"2025-12-12T16:48:36+00:00","breadcrumb":{"@id":"https:\/\/paracherkaoui.ma\/index.php\/produit\/acm-cicastim-a-creme-apaisante-20-ml\/#breadcrumb"},"inLanguage":"fr-FR","potentialAction":[{"@type":"ReadAction","target":["https:\/\/paracherkaoui.ma\/index.php\/produit\/acm-cicastim-a-creme-apaisante-20-ml\/"]}]},{"@type":"ImageObject","inLanguage":"fr-FR","@id":"https:\/\/paracherkaoui.ma\/index.php\/produit\/acm-cicastim-a-creme-apaisante-20-ml\/#primaryimage","url":"https:\/\/paracherkaoui.ma\/wp-content\/uploads\/2025\/12\/acm-acm-cicastim-a-creme-apaisante-20-ml-visage.jpg","contentUrl":"https:\/\/paracherkaoui.ma\/wp-content\/uploads\/2025\/12\/acm-acm-cicastim-a-creme-apaisante-20-ml-visage.jpg","width":700,"height":700},{"@type":"BreadcrumbList","@id":"https:\/\/paracherkaoui.ma\/index.php\/produit\/acm-cicastim-a-creme-apaisante-20-ml\/#breadcrumb","itemListElement":[{"@type":"ListItem","position":1,"name":"Accueil","item":"https:\/\/paracherkaoui.ma\/"},{"@type":"ListItem","position":2,"name":"Boutique","item":"https:\/\/paracherkaoui.ma\/index.php\/boutique\/"},{"@type":"ListItem","position":3,"name":"ACM CICASTIM A CREME APAISANTE 20 ML"}]},{"@type":"WebSite","@id":"https:\/\/paracherkaoui.ma\/#website","url":"https:\/\/paracherkaoui.ma\/","name":"Paracherkaoui.ma","description":"Achetez en ligne sur Paracherkaoui.ma","potentialAction":[{"@type":"SearchAction","target":{"@type":"EntryPoint","urlTemplate":"https:\/\/paracherkaoui.ma\/?s={search_term_string}"},"query-input":{"@type":"PropertyValueSpecification","valueRequired":true,"valueName":"search_term_string"}}],"inLanguage":"fr-FR"}]}},"_links":{"self":[{"href":"https:\/\/paracherkaoui.ma\/index.php\/wp-json\/wp\/v2\/product\/13636","targetHints":{"allow":["GET"]}}],"collection":[{"href":"https:\/\/paracherkaoui.ma\/index.php\/wp-json\/wp\/v2\/product"}],"about":[{"href":"https:\/\/paracherkaoui.ma\/index.php\/wp-json\/wp\/v2\/types\/product"}],"replies":[{"embeddable":true,"href":"https:\/\/paracherkaoui.ma\/index.php\/wp-json\/wp\/v2\/comments?post=13636"}],"version-history":[{"count":1,"href":"https:\/\/paracherkaoui.ma\/index.php\/wp-json\/wp\/v2\/product\/13636\/revisions"}],"predecessor-version":[{"id":13675,"href":"https:\/\/paracherkaoui.ma\/index.php\/wp-json\/wp\/v2\/product\/13636\/revisions\/13675"}],"wp:featuredmedia":[{"embeddable":true,"href":"https:\/\/paracherkaoui.ma\/index.php\/wp-json\/wp\/v2\/media\/13674"}],"wp:attachment":[{"href":"https:\/\/paracherkaoui.ma\/index.php\/wp-json\/wp\/v2\/media?parent=13636"}],"wp:term":[{"taxonomy":"product_brand","embeddable":true,"href":"https:\/\/paracherkaoui.ma\/index.php\/wp-json\/wp\/v2\/product_brand?post=13636"},{"taxonomy":"product_cat","embeddable":true,"href":"https:\/\/paracherkaoui.ma\/index.php\/wp-json\/wp\/v2\/product_cat?post=13636"},{"taxonomy":"product_tag","embeddable":true,"href":"https:\/\/paracherkaoui.ma\/index.php\/wp-json\/wp\/v2\/product_tag?post=13636"}],"curies":[{"name":"wp","href":"https:\/\/api.w.org\/{rel}","templated":true}]}}