{"id":13564,"date":"2025-12-12T17:48:29","date_gmt":"2025-12-12T16:48:29","guid":{"rendered":"https:\/\/test.ecbeaute.com\/?post_type=product&#038;p=13564"},"modified":"2025-12-12T17:48:31","modified_gmt":"2025-12-12T16:48:31","slug":"filorga-lift-structure-creme-ultras-liftante","status":"publish","type":"product","link":"https:\/\/paracherkaoui.ma\/index.php\/produit\/filorga-lift-structure-creme-ultras-liftante\/","title":{"rendered":"FILORGA LIFT STRUCTURE CREME ULTRAS LIFTANTE"},"content":{"rendered":"<p>Cr\u00e8me Ultra-Liftante Fermet\u00e9 Absolue<\/p>\n<p>UNE CR\u00c8ME ULTRA-LIFTANTE FORMUL\u00c9E \u00c0 BASE D&rsquo;ACTIFS ISSUS DES PROC\u00c9DURES ESTH\u00c9TIQUES POUR UN EFFET ANTI-\u00c2GE RADICAL.<\/p>\n<p>La nouvelle cr\u00e8me ultra-liftante qui traite le raffermissement cutan\u00e9.<br \/>\nSa texture high-tech allie finesse et confort pour un effet \u00ab belle peau \u00bb et lui apporte un \u00e9clat instantan\u00e9.<br \/>\nLIFT-STRUCTURE de Filorga, jug\u00e9e plus efficace qu&rsquo;un anti-\u00e2ge classique par 73 % des femmes ! *<\/p>\n<p>\/ Efficacit\u00e9 liftante surprenante [traits liss\u00e9s + volumes red\u00e9finis] : int\u00e9gr\u00e9 pour la premi\u00e8re fois dans une cr\u00e8me, le Filorga Plasmatic Lifting Factors\u00ae associe [Facteurs cellulaires + Collag\u00e8ne + Acide hyaluronique] pour retendre visiblement les traits, repulper la peau et sculpter les volumes.<\/p>\n<p>\/ Action raffermissante intensive : issu des derni\u00e8res recherches en biotechnologie, un duo d&rsquo;actifs v\u00e9g\u00e9taux stimule les composants majeurs de la peau pour lui redonner tonicit\u00e9 et fermet\u00e9.<\/p>\n<p>Texture cr\u00e8me ultra-confort \u00e0 la fois riche et fine qui glisse sur la peau et lui apporte nutrition, lissage et \u00e9clat.<br \/>\nConseils d&rsquo;utilisation<br \/>\nAppliquer en soin quotidien matin et\/ou soir apr\u00e8s le s\u00e9rum. Faire p\u00e9n\u00e9trer en massant.<\/p>\n","protected":false},"excerpt":{"rendered":"<p>Cr\u00e8me Ultra-Liftante Fermet\u00e9 Absolue UNE CR\u00c8ME ULTRA-LIFTANTE FORMUL\u00c9E \u00c0 BASE D&rsquo;ACTIFS ISSUS DES PROC\u00c9DURES ESTH\u00c9TIQUES POUR UN EFFET ANTI-\u00c2GE RADICAL.<\/p>\n","protected":false},"featured_media":13604,"comment_status":"open","ping_status":"closed","template":"","meta":[],"product_brand":[141],"product_cat":[173],"product_tag":[],"class_list":{"0":"post-13564","1":"product","2":"type-product","3":"status-publish","4":"has-post-thumbnail","6":"product_brand-filorga","7":"product_cat-cremes-et-soins-visage","9":"first","10":"instock","11":"sale","12":"shipping-taxable","13":"purchasable","14":"product-type-simple"},"yoast_head":"<!-- This site is optimized with the Yoast SEO plugin v26.6 - https:\/\/yoast.com\/wordpress\/plugins\/seo\/ -->\r\n<title>FILORGA LIFT STRUCTURE CREME ULTRAS LIFTANTE - Paracherkaoui.ma<\/title>\r\n<meta name=\"robots\" content=\"index, follow, max-snippet:-1, max-image-preview:large, max-video-preview:-1\" \/>\r\n<link rel=\"canonical\" href=\"https:\/\/paracherkaoui.ma\/index.php\/produit\/filorga-lift-structure-creme-ultras-liftante\/\" \/>\r\n<meta property=\"og:locale\" content=\"fr_FR\" \/>\r\n<meta property=\"og:type\" content=\"article\" \/>\r\n<meta property=\"og:title\" content=\"FILORGA LIFT STRUCTURE CREME ULTRAS LIFTANTE - Paracherkaoui.ma\" \/>\r\n<meta property=\"og:description\" content=\"Cr\u00e8me Ultra-Liftante Fermet\u00e9 Absolue UNE CR\u00c8ME ULTRA-LIFTANTE FORMUL\u00c9E \u00c0 BASE D&rsquo;ACTIFS ISSUS DES PROC\u00c9DURES ESTH\u00c9TIQUES POUR UN EFFET ANTI-\u00c2GE RADICAL.\" \/>\r\n<meta property=\"og:url\" content=\"https:\/\/paracherkaoui.ma\/index.php\/produit\/filorga-lift-structure-creme-ultras-liftante\/\" \/>\r\n<meta property=\"og:site_name\" content=\"Paracherkaoui.ma\" \/>\r\n<meta property=\"article:modified_time\" content=\"2025-12-12T16:48:31+00:00\" \/>\r\n<meta property=\"og:image\" content=\"https:\/\/paracherkaoui.ma\/wp-content\/uploads\/2025\/12\/filorga-lift-structure-creme-ultras-liftante.jpg\" \/>\r\n\t<meta property=\"og:image:width\" content=\"700\" \/>\r\n\t<meta property=\"og:image:height\" content=\"700\" \/>\r\n\t<meta property=\"og:image:type\" content=\"image\/jpeg\" \/>\r\n<meta name=\"twitter:card\" content=\"summary_large_image\" \/>\r\n<meta name=\"twitter:label1\" content=\"Dur\u00e9e de lecture estim\u00e9e\" \/>\n\t<meta name=\"twitter:data1\" content=\"1 minute\" \/>\r\n<script type=\"application\/ld+json\" class=\"yoast-schema-graph\">{\"@context\":\"https:\/\/schema.org\",\"@graph\":[{\"@type\":\"WebPage\",\"@id\":\"https:\/\/paracherkaoui.ma\/index.php\/produit\/filorga-lift-structure-creme-ultras-liftante\/\",\"url\":\"https:\/\/paracherkaoui.ma\/index.php\/produit\/filorga-lift-structure-creme-ultras-liftante\/\",\"name\":\"FILORGA LIFT STRUCTURE CREME ULTRAS LIFTANTE - Paracherkaoui.ma\",\"isPartOf\":{\"@id\":\"https:\/\/paracherkaoui.ma\/#website\"},\"primaryImageOfPage\":{\"@id\":\"https:\/\/paracherkaoui.ma\/index.php\/produit\/filorga-lift-structure-creme-ultras-liftante\/#primaryimage\"},\"image\":{\"@id\":\"https:\/\/paracherkaoui.ma\/index.php\/produit\/filorga-lift-structure-creme-ultras-liftante\/#primaryimage\"},\"thumbnailUrl\":\"https:\/\/paracherkaoui.ma\/wp-content\/uploads\/2025\/12\/filorga-lift-structure-creme-ultras-liftante.jpg\",\"datePublished\":\"2025-12-12T16:48:29+00:00\",\"dateModified\":\"2025-12-12T16:48:31+00:00\",\"breadcrumb\":{\"@id\":\"https:\/\/paracherkaoui.ma\/index.php\/produit\/filorga-lift-structure-creme-ultras-liftante\/#breadcrumb\"},\"inLanguage\":\"fr-FR\",\"potentialAction\":[{\"@type\":\"ReadAction\",\"target\":[\"https:\/\/paracherkaoui.ma\/index.php\/produit\/filorga-lift-structure-creme-ultras-liftante\/\"]}]},{\"@type\":\"ImageObject\",\"inLanguage\":\"fr-FR\",\"@id\":\"https:\/\/paracherkaoui.ma\/index.php\/produit\/filorga-lift-structure-creme-ultras-liftante\/#primaryimage\",\"url\":\"https:\/\/paracherkaoui.ma\/wp-content\/uploads\/2025\/12\/filorga-lift-structure-creme-ultras-liftante.jpg\",\"contentUrl\":\"https:\/\/paracherkaoui.ma\/wp-content\/uploads\/2025\/12\/filorga-lift-structure-creme-ultras-liftante.jpg\",\"width\":700,\"height\":700},{\"@type\":\"BreadcrumbList\",\"@id\":\"https:\/\/paracherkaoui.ma\/index.php\/produit\/filorga-lift-structure-creme-ultras-liftante\/#breadcrumb\",\"itemListElement\":[{\"@type\":\"ListItem\",\"position\":1,\"name\":\"Accueil\",\"item\":\"https:\/\/paracherkaoui.ma\/\"},{\"@type\":\"ListItem\",\"position\":2,\"name\":\"Boutique\",\"item\":\"https:\/\/paracherkaoui.ma\/index.php\/boutique\/\"},{\"@type\":\"ListItem\",\"position\":3,\"name\":\"FILORGA LIFT STRUCTURE CREME ULTRAS LIFTANTE\"}]},{\"@type\":\"WebSite\",\"@id\":\"https:\/\/paracherkaoui.ma\/#website\",\"url\":\"https:\/\/paracherkaoui.ma\/\",\"name\":\"Paracherkaoui.ma\",\"description\":\"Achetez en ligne sur Paracherkaoui.ma\",\"potentialAction\":[{\"@type\":\"SearchAction\",\"target\":{\"@type\":\"EntryPoint\",\"urlTemplate\":\"https:\/\/paracherkaoui.ma\/?s={search_term_string}\"},\"query-input\":{\"@type\":\"PropertyValueSpecification\",\"valueRequired\":true,\"valueName\":\"search_term_string\"}}],\"inLanguage\":\"fr-FR\"}]}<\/script>\r\n<!-- \/ Yoast SEO plugin. -->","yoast_head_json":{"title":"FILORGA LIFT STRUCTURE CREME ULTRAS LIFTANTE - Paracherkaoui.ma","robots":{"index":"index","follow":"follow","max-snippet":"max-snippet:-1","max-image-preview":"max-image-preview:large","max-video-preview":"max-video-preview:-1"},"canonical":"https:\/\/paracherkaoui.ma\/index.php\/produit\/filorga-lift-structure-creme-ultras-liftante\/","og_locale":"fr_FR","og_type":"article","og_title":"FILORGA LIFT STRUCTURE CREME ULTRAS LIFTANTE - Paracherkaoui.ma","og_description":"Cr\u00e8me Ultra-Liftante Fermet\u00e9 Absolue UNE CR\u00c8ME ULTRA-LIFTANTE FORMUL\u00c9E \u00c0 BASE D&rsquo;ACTIFS ISSUS DES PROC\u00c9DURES ESTH\u00c9TIQUES POUR UN EFFET ANTI-\u00c2GE RADICAL.","og_url":"https:\/\/paracherkaoui.ma\/index.php\/produit\/filorga-lift-structure-creme-ultras-liftante\/","og_site_name":"Paracherkaoui.ma","article_modified_time":"2025-12-12T16:48:31+00:00","og_image":[{"width":700,"height":700,"url":"https:\/\/paracherkaoui.ma\/wp-content\/uploads\/2025\/12\/filorga-lift-structure-creme-ultras-liftante.jpg","type":"image\/jpeg"}],"twitter_card":"summary_large_image","twitter_misc":{"Dur\u00e9e de lecture estim\u00e9e":"1 minute"},"schema":{"@context":"https:\/\/schema.org","@graph":[{"@type":"WebPage","@id":"https:\/\/paracherkaoui.ma\/index.php\/produit\/filorga-lift-structure-creme-ultras-liftante\/","url":"https:\/\/paracherkaoui.ma\/index.php\/produit\/filorga-lift-structure-creme-ultras-liftante\/","name":"FILORGA LIFT STRUCTURE CREME ULTRAS LIFTANTE - Paracherkaoui.ma","isPartOf":{"@id":"https:\/\/paracherkaoui.ma\/#website"},"primaryImageOfPage":{"@id":"https:\/\/paracherkaoui.ma\/index.php\/produit\/filorga-lift-structure-creme-ultras-liftante\/#primaryimage"},"image":{"@id":"https:\/\/paracherkaoui.ma\/index.php\/produit\/filorga-lift-structure-creme-ultras-liftante\/#primaryimage"},"thumbnailUrl":"https:\/\/paracherkaoui.ma\/wp-content\/uploads\/2025\/12\/filorga-lift-structure-creme-ultras-liftante.jpg","datePublished":"2025-12-12T16:48:29+00:00","dateModified":"2025-12-12T16:48:31+00:00","breadcrumb":{"@id":"https:\/\/paracherkaoui.ma\/index.php\/produit\/filorga-lift-structure-creme-ultras-liftante\/#breadcrumb"},"inLanguage":"fr-FR","potentialAction":[{"@type":"ReadAction","target":["https:\/\/paracherkaoui.ma\/index.php\/produit\/filorga-lift-structure-creme-ultras-liftante\/"]}]},{"@type":"ImageObject","inLanguage":"fr-FR","@id":"https:\/\/paracherkaoui.ma\/index.php\/produit\/filorga-lift-structure-creme-ultras-liftante\/#primaryimage","url":"https:\/\/paracherkaoui.ma\/wp-content\/uploads\/2025\/12\/filorga-lift-structure-creme-ultras-liftante.jpg","contentUrl":"https:\/\/paracherkaoui.ma\/wp-content\/uploads\/2025\/12\/filorga-lift-structure-creme-ultras-liftante.jpg","width":700,"height":700},{"@type":"BreadcrumbList","@id":"https:\/\/paracherkaoui.ma\/index.php\/produit\/filorga-lift-structure-creme-ultras-liftante\/#breadcrumb","itemListElement":[{"@type":"ListItem","position":1,"name":"Accueil","item":"https:\/\/paracherkaoui.ma\/"},{"@type":"ListItem","position":2,"name":"Boutique","item":"https:\/\/paracherkaoui.ma\/index.php\/boutique\/"},{"@type":"ListItem","position":3,"name":"FILORGA LIFT STRUCTURE CREME ULTRAS LIFTANTE"}]},{"@type":"WebSite","@id":"https:\/\/paracherkaoui.ma\/#website","url":"https:\/\/paracherkaoui.ma\/","name":"Paracherkaoui.ma","description":"Achetez en ligne sur Paracherkaoui.ma","potentialAction":[{"@type":"SearchAction","target":{"@type":"EntryPoint","urlTemplate":"https:\/\/paracherkaoui.ma\/?s={search_term_string}"},"query-input":{"@type":"PropertyValueSpecification","valueRequired":true,"valueName":"search_term_string"}}],"inLanguage":"fr-FR"}]}},"_links":{"self":[{"href":"https:\/\/paracherkaoui.ma\/index.php\/wp-json\/wp\/v2\/product\/13564","targetHints":{"allow":["GET"]}}],"collection":[{"href":"https:\/\/paracherkaoui.ma\/index.php\/wp-json\/wp\/v2\/product"}],"about":[{"href":"https:\/\/paracherkaoui.ma\/index.php\/wp-json\/wp\/v2\/types\/product"}],"replies":[{"embeddable":true,"href":"https:\/\/paracherkaoui.ma\/index.php\/wp-json\/wp\/v2\/comments?post=13564"}],"version-history":[{"count":1,"href":"https:\/\/paracherkaoui.ma\/index.php\/wp-json\/wp\/v2\/product\/13564\/revisions"}],"predecessor-version":[{"id":13605,"href":"https:\/\/paracherkaoui.ma\/index.php\/wp-json\/wp\/v2\/product\/13564\/revisions\/13605"}],"wp:featuredmedia":[{"embeddable":true,"href":"https:\/\/paracherkaoui.ma\/index.php\/wp-json\/wp\/v2\/media\/13604"}],"wp:attachment":[{"href":"https:\/\/paracherkaoui.ma\/index.php\/wp-json\/wp\/v2\/media?parent=13564"}],"wp:term":[{"taxonomy":"product_brand","embeddable":true,"href":"https:\/\/paracherkaoui.ma\/index.php\/wp-json\/wp\/v2\/product_brand?post=13564"},{"taxonomy":"product_cat","embeddable":true,"href":"https:\/\/paracherkaoui.ma\/index.php\/wp-json\/wp\/v2\/product_cat?post=13564"},{"taxonomy":"product_tag","embeddable":true,"href":"https:\/\/paracherkaoui.ma\/index.php\/wp-json\/wp\/v2\/product_tag?post=13564"}],"curies":[{"name":"wp","href":"https:\/\/api.w.org\/{rel}","templated":true}]}}