{"id":13557,"date":"2025-12-12T17:48:28","date_gmt":"2025-12-12T16:48:28","guid":{"rendered":"https:\/\/test.ecbeaute.com\/?post_type=product&#038;p=13557"},"modified":"2025-12-12T17:48:30","modified_gmt":"2025-12-12T16:48:30","slug":"acm-depiwhite-masque-pelliculable-eclaircissant-40-ml-2","status":"publish","type":"product","link":"https:\/\/paracherkaoui.ma\/index.php\/produit\/acm-depiwhite-masque-pelliculable-eclaircissant-40-ml-2\/","title":{"rendered":"ACM DEPIWHITE MASQUE PELLICULABLE ECLAIRCISSANT 40 ML"},"content":{"rendered":"<p>Description:<br \/>\nLe masque D\u00e9piwhite agit \u00e0 tous les stades de la m\u00e9lanog\u00e9n\u00e8se. Hyperpigmentations \u00e9pidermiques. Unification du teint.Pr\u00e9, post peeling, azote, laser. Il poss\u00e8de : Un effet rapide de surface gr\u00e2ce aux esters d\u2019AHA et \u00e0 un nouvel actif l\u2019antipollon qui va permettre d\u2019obtenir des r\u00e9sultats visibles d\u00e8s les premi\u00e8res semaines d\u2019application. Une action en profondeur gr\u00e2ce \u00e0 l\u2019acide kojique et la vitamine C.<br \/>\nConseils d\u2019utilisation<br \/>\nAppilquer\u00a0 2 \u00e0 3 fois par semaine.D\u00e9piwhite masque peut s\u2019utiliser seul ou en association avec la cr\u00e8me. Appliquer le masque en fine couche sur la zone \u00e0 trait\u00e9e. Laisser s\u00e9cher 30 minutes. Retirer le masque manuellement le masque ainsi form\u00e9. La posologie la plus courante est d\u2019appliquer le masque en association avec la cr\u00e8me pendant le 1er mois.<\/p>\n","protected":false},"excerpt":{"rendered":"<p>Description: Le masque D\u00e9piwhite agit \u00e0 tous les stades de la m\u00e9lanog\u00e9n\u00e8se. Hyperpigmentations \u00e9pidermiques. Unification du teint.Pr\u00e9, post peeling, azote,<\/p>\n","protected":false},"featured_media":11819,"comment_status":"open","ping_status":"closed","template":"","meta":[],"product_brand":[142],"product_cat":[173],"product_tag":[],"class_list":{"0":"post-13557","1":"product","2":"type-product","3":"status-publish","4":"has-post-thumbnail","6":"product_brand-acm","7":"product_cat-cremes-et-soins-visage","9":"first","10":"instock","11":"sale","12":"shipping-taxable","13":"purchasable","14":"product-type-simple"},"yoast_head":"<!-- This site is optimized with the Yoast SEO plugin v26.6 - https:\/\/yoast.com\/wordpress\/plugins\/seo\/ -->\r\n<title>ACM DEPIWHITE MASQUE PELLICULABLE ECLAIRCISSANT 40 ML - Paracherkaoui.ma<\/title>\r\n<meta name=\"robots\" content=\"index, follow, max-snippet:-1, max-image-preview:large, max-video-preview:-1\" \/>\r\n<link rel=\"canonical\" href=\"https:\/\/paracherkaoui.ma\/index.php\/produit\/acm-depiwhite-masque-pelliculable-eclaircissant-40-ml-2\/\" \/>\r\n<meta property=\"og:locale\" content=\"fr_FR\" \/>\r\n<meta property=\"og:type\" content=\"article\" \/>\r\n<meta property=\"og:title\" content=\"ACM DEPIWHITE MASQUE PELLICULABLE ECLAIRCISSANT 40 ML - Paracherkaoui.ma\" \/>\r\n<meta property=\"og:description\" content=\"Description: Le masque D\u00e9piwhite agit \u00e0 tous les stades de la m\u00e9lanog\u00e9n\u00e8se. Hyperpigmentations \u00e9pidermiques. Unification du teint.Pr\u00e9, post peeling, azote,\" \/>\r\n<meta property=\"og:url\" content=\"https:\/\/paracherkaoui.ma\/index.php\/produit\/acm-depiwhite-masque-pelliculable-eclaircissant-40-ml-2\/\" \/>\r\n<meta property=\"og:site_name\" content=\"Paracherkaoui.ma\" \/>\r\n<meta property=\"article:modified_time\" content=\"2025-12-12T16:48:30+00:00\" \/>\r\n<meta property=\"og:image\" content=\"https:\/\/paracherkaoui.ma\/wp-content\/uploads\/2025\/12\/acm-acm-depiwhite-masque-pelliculable-eclaircissant-40-ml-masques-et-gommages.jpg\" \/>\r\n\t<meta property=\"og:image:width\" content=\"700\" \/>\r\n\t<meta property=\"og:image:height\" content=\"700\" \/>\r\n\t<meta property=\"og:image:type\" content=\"image\/jpeg\" \/>\r\n<meta name=\"twitter:card\" content=\"summary_large_image\" \/>\r\n<meta name=\"twitter:label1\" content=\"Dur\u00e9e de lecture estim\u00e9e\" \/>\n\t<meta name=\"twitter:data1\" content=\"1 minute\" \/>\r\n<script type=\"application\/ld+json\" class=\"yoast-schema-graph\">{\"@context\":\"https:\/\/schema.org\",\"@graph\":[{\"@type\":\"WebPage\",\"@id\":\"https:\/\/paracherkaoui.ma\/index.php\/produit\/acm-depiwhite-masque-pelliculable-eclaircissant-40-ml-2\/\",\"url\":\"https:\/\/paracherkaoui.ma\/index.php\/produit\/acm-depiwhite-masque-pelliculable-eclaircissant-40-ml-2\/\",\"name\":\"ACM DEPIWHITE MASQUE PELLICULABLE ECLAIRCISSANT 40 ML - Paracherkaoui.ma\",\"isPartOf\":{\"@id\":\"https:\/\/paracherkaoui.ma\/#website\"},\"primaryImageOfPage\":{\"@id\":\"https:\/\/paracherkaoui.ma\/index.php\/produit\/acm-depiwhite-masque-pelliculable-eclaircissant-40-ml-2\/#primaryimage\"},\"image\":{\"@id\":\"https:\/\/paracherkaoui.ma\/index.php\/produit\/acm-depiwhite-masque-pelliculable-eclaircissant-40-ml-2\/#primaryimage\"},\"thumbnailUrl\":\"https:\/\/paracherkaoui.ma\/wp-content\/uploads\/2025\/12\/acm-acm-depiwhite-masque-pelliculable-eclaircissant-40-ml-masques-et-gommages.jpg\",\"datePublished\":\"2025-12-12T16:48:28+00:00\",\"dateModified\":\"2025-12-12T16:48:30+00:00\",\"breadcrumb\":{\"@id\":\"https:\/\/paracherkaoui.ma\/index.php\/produit\/acm-depiwhite-masque-pelliculable-eclaircissant-40-ml-2\/#breadcrumb\"},\"inLanguage\":\"fr-FR\",\"potentialAction\":[{\"@type\":\"ReadAction\",\"target\":[\"https:\/\/paracherkaoui.ma\/index.php\/produit\/acm-depiwhite-masque-pelliculable-eclaircissant-40-ml-2\/\"]}]},{\"@type\":\"ImageObject\",\"inLanguage\":\"fr-FR\",\"@id\":\"https:\/\/paracherkaoui.ma\/index.php\/produit\/acm-depiwhite-masque-pelliculable-eclaircissant-40-ml-2\/#primaryimage\",\"url\":\"https:\/\/paracherkaoui.ma\/wp-content\/uploads\/2025\/12\/acm-acm-depiwhite-masque-pelliculable-eclaircissant-40-ml-masques-et-gommages.jpg\",\"contentUrl\":\"https:\/\/paracherkaoui.ma\/wp-content\/uploads\/2025\/12\/acm-acm-depiwhite-masque-pelliculable-eclaircissant-40-ml-masques-et-gommages.jpg\",\"width\":700,\"height\":700},{\"@type\":\"BreadcrumbList\",\"@id\":\"https:\/\/paracherkaoui.ma\/index.php\/produit\/acm-depiwhite-masque-pelliculable-eclaircissant-40-ml-2\/#breadcrumb\",\"itemListElement\":[{\"@type\":\"ListItem\",\"position\":1,\"name\":\"Accueil\",\"item\":\"https:\/\/paracherkaoui.ma\/\"},{\"@type\":\"ListItem\",\"position\":2,\"name\":\"Boutique\",\"item\":\"https:\/\/paracherkaoui.ma\/index.php\/boutique\/\"},{\"@type\":\"ListItem\",\"position\":3,\"name\":\"ACM DEPIWHITE MASQUE PELLICULABLE ECLAIRCISSANT 40 ML\"}]},{\"@type\":\"WebSite\",\"@id\":\"https:\/\/paracherkaoui.ma\/#website\",\"url\":\"https:\/\/paracherkaoui.ma\/\",\"name\":\"Paracherkaoui.ma\",\"description\":\"Achetez en ligne sur Paracherkaoui.ma\",\"potentialAction\":[{\"@type\":\"SearchAction\",\"target\":{\"@type\":\"EntryPoint\",\"urlTemplate\":\"https:\/\/paracherkaoui.ma\/?s={search_term_string}\"},\"query-input\":{\"@type\":\"PropertyValueSpecification\",\"valueRequired\":true,\"valueName\":\"search_term_string\"}}],\"inLanguage\":\"fr-FR\"}]}<\/script>\r\n<!-- \/ Yoast SEO plugin. -->","yoast_head_json":{"title":"ACM DEPIWHITE MASQUE PELLICULABLE ECLAIRCISSANT 40 ML - Paracherkaoui.ma","robots":{"index":"index","follow":"follow","max-snippet":"max-snippet:-1","max-image-preview":"max-image-preview:large","max-video-preview":"max-video-preview:-1"},"canonical":"https:\/\/paracherkaoui.ma\/index.php\/produit\/acm-depiwhite-masque-pelliculable-eclaircissant-40-ml-2\/","og_locale":"fr_FR","og_type":"article","og_title":"ACM DEPIWHITE MASQUE PELLICULABLE ECLAIRCISSANT 40 ML - Paracherkaoui.ma","og_description":"Description: Le masque D\u00e9piwhite agit \u00e0 tous les stades de la m\u00e9lanog\u00e9n\u00e8se. Hyperpigmentations \u00e9pidermiques. Unification du teint.Pr\u00e9, post peeling, azote,","og_url":"https:\/\/paracherkaoui.ma\/index.php\/produit\/acm-depiwhite-masque-pelliculable-eclaircissant-40-ml-2\/","og_site_name":"Paracherkaoui.ma","article_modified_time":"2025-12-12T16:48:30+00:00","og_image":[{"width":700,"height":700,"url":"https:\/\/paracherkaoui.ma\/wp-content\/uploads\/2025\/12\/acm-acm-depiwhite-masque-pelliculable-eclaircissant-40-ml-masques-et-gommages.jpg","type":"image\/jpeg"}],"twitter_card":"summary_large_image","twitter_misc":{"Dur\u00e9e de lecture estim\u00e9e":"1 minute"},"schema":{"@context":"https:\/\/schema.org","@graph":[{"@type":"WebPage","@id":"https:\/\/paracherkaoui.ma\/index.php\/produit\/acm-depiwhite-masque-pelliculable-eclaircissant-40-ml-2\/","url":"https:\/\/paracherkaoui.ma\/index.php\/produit\/acm-depiwhite-masque-pelliculable-eclaircissant-40-ml-2\/","name":"ACM DEPIWHITE MASQUE PELLICULABLE ECLAIRCISSANT 40 ML - Paracherkaoui.ma","isPartOf":{"@id":"https:\/\/paracherkaoui.ma\/#website"},"primaryImageOfPage":{"@id":"https:\/\/paracherkaoui.ma\/index.php\/produit\/acm-depiwhite-masque-pelliculable-eclaircissant-40-ml-2\/#primaryimage"},"image":{"@id":"https:\/\/paracherkaoui.ma\/index.php\/produit\/acm-depiwhite-masque-pelliculable-eclaircissant-40-ml-2\/#primaryimage"},"thumbnailUrl":"https:\/\/paracherkaoui.ma\/wp-content\/uploads\/2025\/12\/acm-acm-depiwhite-masque-pelliculable-eclaircissant-40-ml-masques-et-gommages.jpg","datePublished":"2025-12-12T16:48:28+00:00","dateModified":"2025-12-12T16:48:30+00:00","breadcrumb":{"@id":"https:\/\/paracherkaoui.ma\/index.php\/produit\/acm-depiwhite-masque-pelliculable-eclaircissant-40-ml-2\/#breadcrumb"},"inLanguage":"fr-FR","potentialAction":[{"@type":"ReadAction","target":["https:\/\/paracherkaoui.ma\/index.php\/produit\/acm-depiwhite-masque-pelliculable-eclaircissant-40-ml-2\/"]}]},{"@type":"ImageObject","inLanguage":"fr-FR","@id":"https:\/\/paracherkaoui.ma\/index.php\/produit\/acm-depiwhite-masque-pelliculable-eclaircissant-40-ml-2\/#primaryimage","url":"https:\/\/paracherkaoui.ma\/wp-content\/uploads\/2025\/12\/acm-acm-depiwhite-masque-pelliculable-eclaircissant-40-ml-masques-et-gommages.jpg","contentUrl":"https:\/\/paracherkaoui.ma\/wp-content\/uploads\/2025\/12\/acm-acm-depiwhite-masque-pelliculable-eclaircissant-40-ml-masques-et-gommages.jpg","width":700,"height":700},{"@type":"BreadcrumbList","@id":"https:\/\/paracherkaoui.ma\/index.php\/produit\/acm-depiwhite-masque-pelliculable-eclaircissant-40-ml-2\/#breadcrumb","itemListElement":[{"@type":"ListItem","position":1,"name":"Accueil","item":"https:\/\/paracherkaoui.ma\/"},{"@type":"ListItem","position":2,"name":"Boutique","item":"https:\/\/paracherkaoui.ma\/index.php\/boutique\/"},{"@type":"ListItem","position":3,"name":"ACM DEPIWHITE MASQUE PELLICULABLE ECLAIRCISSANT 40 ML"}]},{"@type":"WebSite","@id":"https:\/\/paracherkaoui.ma\/#website","url":"https:\/\/paracherkaoui.ma\/","name":"Paracherkaoui.ma","description":"Achetez en ligne sur Paracherkaoui.ma","potentialAction":[{"@type":"SearchAction","target":{"@type":"EntryPoint","urlTemplate":"https:\/\/paracherkaoui.ma\/?s={search_term_string}"},"query-input":{"@type":"PropertyValueSpecification","valueRequired":true,"valueName":"search_term_string"}}],"inLanguage":"fr-FR"}]}},"_links":{"self":[{"href":"https:\/\/paracherkaoui.ma\/index.php\/wp-json\/wp\/v2\/product\/13557","targetHints":{"allow":["GET"]}}],"collection":[{"href":"https:\/\/paracherkaoui.ma\/index.php\/wp-json\/wp\/v2\/product"}],"about":[{"href":"https:\/\/paracherkaoui.ma\/index.php\/wp-json\/wp\/v2\/types\/product"}],"replies":[{"embeddable":true,"href":"https:\/\/paracherkaoui.ma\/index.php\/wp-json\/wp\/v2\/comments?post=13557"}],"version-history":[{"count":1,"href":"https:\/\/paracherkaoui.ma\/index.php\/wp-json\/wp\/v2\/product\/13557\/revisions"}],"predecessor-version":[{"id":13594,"href":"https:\/\/paracherkaoui.ma\/index.php\/wp-json\/wp\/v2\/product\/13557\/revisions\/13594"}],"wp:featuredmedia":[{"embeddable":true,"href":"https:\/\/paracherkaoui.ma\/index.php\/wp-json\/wp\/v2\/media\/11819"}],"wp:attachment":[{"href":"https:\/\/paracherkaoui.ma\/index.php\/wp-json\/wp\/v2\/media?parent=13557"}],"wp:term":[{"taxonomy":"product_brand","embeddable":true,"href":"https:\/\/paracherkaoui.ma\/index.php\/wp-json\/wp\/v2\/product_brand?post=13557"},{"taxonomy":"product_cat","embeddable":true,"href":"https:\/\/paracherkaoui.ma\/index.php\/wp-json\/wp\/v2\/product_cat?post=13557"},{"taxonomy":"product_tag","embeddable":true,"href":"https:\/\/paracherkaoui.ma\/index.php\/wp-json\/wp\/v2\/product_tag?post=13557"}],"curies":[{"name":"wp","href":"https:\/\/api.w.org\/{rel}","templated":true}]}}