{"id":13555,"date":"2025-12-12T17:48:28","date_gmt":"2025-12-12T16:48:28","guid":{"rendered":"https:\/\/test.ecbeaute.com\/?post_type=product&#038;p=13555"},"modified":"2025-12-12T17:48:30","modified_gmt":"2025-12-12T16:48:30","slug":"filorga-ncef-shot-concentre-polyrevitalisant-supreme","status":"publish","type":"product","link":"https:\/\/paracherkaoui.ma\/index.php\/produit\/filorga-ncef-shot-concentre-polyrevitalisant-supreme\/","title":{"rendered":"FILORGA NCEF SHOT CONCENTRE POLYREVITALISANT SUPREME"},"content":{"rendered":"<p>Description:<br \/>\nUne formule ultraconcentr\u00e9e en NCEF, un complexe polyrevitalisant unique mis au point par les Laboratoires FILORGA dont 50 ingr\u00e9dients sont int\u00e9gr\u00e9s pour la premi\u00e8re fois \u00e0 une dose \u00e9quivalente \u00e0 celle d\u2019une m\u00e9so-injection par jour.Un puissant complexe issu des biotechnologies active de nouvelles cellules pour une correction boost\u00e9e des signes du vieillissement. Id\u00e9al lors des changements de saisons, des p\u00e9riodes de stress ou de fatigue.\u00a0Texture ultra-l\u00e9g\u00e8re, haute p\u00e9n\u00e9tration. Flacon pipette 15ml.\u00a0Efficacit\u00e9 d\u2019un soin cosm\u00e9tique dont la formule est compos\u00e9e de 50 ingr\u00e9dients int\u00e9gr\u00e9s \u00e0 quantit\u00e9 quotidienne \u00e9quivalente \u00e0 celle d\u2019une m\u00e9so-injection. M\u00e9so-injection mise au point \u00e0 l\u2019origine par FILORGA.<br \/>\nConseils d&rsquo;utilisation:<br \/>\nAppliquer matin et soir pendant 10 jours sur l\u2019ensemble du visage, du cou et du d\u00e9collet\u00e9, sous le s\u00e9rum ou sous le soin. A l\u2019aide de la pipette, pr\u00e9lever le produit jusqu\u2019au trait. Chauffer le produit dans le dans le creux des mains puis appliquer en lissage. Bien agiter avant utilisation.<\/p>\n","protected":false},"excerpt":{"rendered":"<p>Description: Une formule ultraconcentr\u00e9e en NCEF, un complexe polyrevitalisant unique mis au point par les Laboratoires FILORGA dont 50 ingr\u00e9dients<\/p>\n","protected":false},"featured_media":13590,"comment_status":"open","ping_status":"closed","template":"","meta":[],"product_brand":[141],"product_cat":[173],"product_tag":[],"class_list":{"0":"post-13555","1":"product","2":"type-product","3":"status-publish","4":"has-post-thumbnail","6":"product_brand-filorga","7":"product_cat-cremes-et-soins-visage","9":"first","10":"instock","11":"sale","12":"shipping-taxable","13":"purchasable","14":"product-type-simple"},"yoast_head":"<!-- This site is optimized with the Yoast SEO plugin v26.6 - https:\/\/yoast.com\/wordpress\/plugins\/seo\/ -->\r\n<title>FILORGA NCEF SHOT CONCENTRE POLYREVITALISANT SUPREME - Paracherkaoui.ma<\/title>\r\n<meta name=\"robots\" content=\"index, follow, max-snippet:-1, max-image-preview:large, max-video-preview:-1\" \/>\r\n<link rel=\"canonical\" href=\"https:\/\/paracherkaoui.ma\/index.php\/produit\/filorga-ncef-shot-concentre-polyrevitalisant-supreme\/\" \/>\r\n<meta property=\"og:locale\" content=\"fr_FR\" \/>\r\n<meta property=\"og:type\" content=\"article\" \/>\r\n<meta property=\"og:title\" content=\"FILORGA NCEF SHOT CONCENTRE POLYREVITALISANT SUPREME - Paracherkaoui.ma\" \/>\r\n<meta property=\"og:description\" content=\"Description: Une formule ultraconcentr\u00e9e en NCEF, un complexe polyrevitalisant unique mis au point par les Laboratoires FILORGA dont 50 ingr\u00e9dients\" \/>\r\n<meta property=\"og:url\" content=\"https:\/\/paracherkaoui.ma\/index.php\/produit\/filorga-ncef-shot-concentre-polyrevitalisant-supreme\/\" \/>\r\n<meta property=\"og:site_name\" content=\"Paracherkaoui.ma\" \/>\r\n<meta property=\"article:modified_time\" content=\"2025-12-12T16:48:30+00:00\" \/>\r\n<meta property=\"og:image\" content=\"https:\/\/paracherkaoui.ma\/wp-content\/uploads\/2025\/12\/filorga-filorga-ncef-shot-concentre-polyrevitalisant-supreme-premieres-rides.jpg\" \/>\r\n\t<meta property=\"og:image:width\" content=\"700\" \/>\r\n\t<meta property=\"og:image:height\" content=\"700\" \/>\r\n\t<meta property=\"og:image:type\" content=\"image\/jpeg\" \/>\r\n<meta name=\"twitter:card\" content=\"summary_large_image\" \/>\r\n<meta name=\"twitter:label1\" content=\"Dur\u00e9e de lecture estim\u00e9e\" \/>\n\t<meta name=\"twitter:data1\" content=\"1 minute\" \/>\r\n<script type=\"application\/ld+json\" class=\"yoast-schema-graph\">{\"@context\":\"https:\/\/schema.org\",\"@graph\":[{\"@type\":\"WebPage\",\"@id\":\"https:\/\/paracherkaoui.ma\/index.php\/produit\/filorga-ncef-shot-concentre-polyrevitalisant-supreme\/\",\"url\":\"https:\/\/paracherkaoui.ma\/index.php\/produit\/filorga-ncef-shot-concentre-polyrevitalisant-supreme\/\",\"name\":\"FILORGA NCEF SHOT CONCENTRE POLYREVITALISANT SUPREME - Paracherkaoui.ma\",\"isPartOf\":{\"@id\":\"https:\/\/paracherkaoui.ma\/#website\"},\"primaryImageOfPage\":{\"@id\":\"https:\/\/paracherkaoui.ma\/index.php\/produit\/filorga-ncef-shot-concentre-polyrevitalisant-supreme\/#primaryimage\"},\"image\":{\"@id\":\"https:\/\/paracherkaoui.ma\/index.php\/produit\/filorga-ncef-shot-concentre-polyrevitalisant-supreme\/#primaryimage\"},\"thumbnailUrl\":\"https:\/\/paracherkaoui.ma\/wp-content\/uploads\/2025\/12\/filorga-filorga-ncef-shot-concentre-polyrevitalisant-supreme-premieres-rides.jpg\",\"datePublished\":\"2025-12-12T16:48:28+00:00\",\"dateModified\":\"2025-12-12T16:48:30+00:00\",\"breadcrumb\":{\"@id\":\"https:\/\/paracherkaoui.ma\/index.php\/produit\/filorga-ncef-shot-concentre-polyrevitalisant-supreme\/#breadcrumb\"},\"inLanguage\":\"fr-FR\",\"potentialAction\":[{\"@type\":\"ReadAction\",\"target\":[\"https:\/\/paracherkaoui.ma\/index.php\/produit\/filorga-ncef-shot-concentre-polyrevitalisant-supreme\/\"]}]},{\"@type\":\"ImageObject\",\"inLanguage\":\"fr-FR\",\"@id\":\"https:\/\/paracherkaoui.ma\/index.php\/produit\/filorga-ncef-shot-concentre-polyrevitalisant-supreme\/#primaryimage\",\"url\":\"https:\/\/paracherkaoui.ma\/wp-content\/uploads\/2025\/12\/filorga-filorga-ncef-shot-concentre-polyrevitalisant-supreme-premieres-rides.jpg\",\"contentUrl\":\"https:\/\/paracherkaoui.ma\/wp-content\/uploads\/2025\/12\/filorga-filorga-ncef-shot-concentre-polyrevitalisant-supreme-premieres-rides.jpg\",\"width\":700,\"height\":700},{\"@type\":\"BreadcrumbList\",\"@id\":\"https:\/\/paracherkaoui.ma\/index.php\/produit\/filorga-ncef-shot-concentre-polyrevitalisant-supreme\/#breadcrumb\",\"itemListElement\":[{\"@type\":\"ListItem\",\"position\":1,\"name\":\"Accueil\",\"item\":\"https:\/\/paracherkaoui.ma\/\"},{\"@type\":\"ListItem\",\"position\":2,\"name\":\"Boutique\",\"item\":\"https:\/\/paracherkaoui.ma\/index.php\/boutique\/\"},{\"@type\":\"ListItem\",\"position\":3,\"name\":\"FILORGA NCEF SHOT CONCENTRE POLYREVITALISANT SUPREME\"}]},{\"@type\":\"WebSite\",\"@id\":\"https:\/\/paracherkaoui.ma\/#website\",\"url\":\"https:\/\/paracherkaoui.ma\/\",\"name\":\"Paracherkaoui.ma\",\"description\":\"Achetez en ligne sur Paracherkaoui.ma\",\"potentialAction\":[{\"@type\":\"SearchAction\",\"target\":{\"@type\":\"EntryPoint\",\"urlTemplate\":\"https:\/\/paracherkaoui.ma\/?s={search_term_string}\"},\"query-input\":{\"@type\":\"PropertyValueSpecification\",\"valueRequired\":true,\"valueName\":\"search_term_string\"}}],\"inLanguage\":\"fr-FR\"}]}<\/script>\r\n<!-- \/ Yoast SEO plugin. -->","yoast_head_json":{"title":"FILORGA NCEF SHOT CONCENTRE POLYREVITALISANT SUPREME - Paracherkaoui.ma","robots":{"index":"index","follow":"follow","max-snippet":"max-snippet:-1","max-image-preview":"max-image-preview:large","max-video-preview":"max-video-preview:-1"},"canonical":"https:\/\/paracherkaoui.ma\/index.php\/produit\/filorga-ncef-shot-concentre-polyrevitalisant-supreme\/","og_locale":"fr_FR","og_type":"article","og_title":"FILORGA NCEF SHOT CONCENTRE POLYREVITALISANT SUPREME - Paracherkaoui.ma","og_description":"Description: Une formule ultraconcentr\u00e9e en NCEF, un complexe polyrevitalisant unique mis au point par les Laboratoires FILORGA dont 50 ingr\u00e9dients","og_url":"https:\/\/paracherkaoui.ma\/index.php\/produit\/filorga-ncef-shot-concentre-polyrevitalisant-supreme\/","og_site_name":"Paracherkaoui.ma","article_modified_time":"2025-12-12T16:48:30+00:00","og_image":[{"width":700,"height":700,"url":"https:\/\/paracherkaoui.ma\/wp-content\/uploads\/2025\/12\/filorga-filorga-ncef-shot-concentre-polyrevitalisant-supreme-premieres-rides.jpg","type":"image\/jpeg"}],"twitter_card":"summary_large_image","twitter_misc":{"Dur\u00e9e de lecture estim\u00e9e":"1 minute"},"schema":{"@context":"https:\/\/schema.org","@graph":[{"@type":"WebPage","@id":"https:\/\/paracherkaoui.ma\/index.php\/produit\/filorga-ncef-shot-concentre-polyrevitalisant-supreme\/","url":"https:\/\/paracherkaoui.ma\/index.php\/produit\/filorga-ncef-shot-concentre-polyrevitalisant-supreme\/","name":"FILORGA NCEF SHOT CONCENTRE POLYREVITALISANT SUPREME - Paracherkaoui.ma","isPartOf":{"@id":"https:\/\/paracherkaoui.ma\/#website"},"primaryImageOfPage":{"@id":"https:\/\/paracherkaoui.ma\/index.php\/produit\/filorga-ncef-shot-concentre-polyrevitalisant-supreme\/#primaryimage"},"image":{"@id":"https:\/\/paracherkaoui.ma\/index.php\/produit\/filorga-ncef-shot-concentre-polyrevitalisant-supreme\/#primaryimage"},"thumbnailUrl":"https:\/\/paracherkaoui.ma\/wp-content\/uploads\/2025\/12\/filorga-filorga-ncef-shot-concentre-polyrevitalisant-supreme-premieres-rides.jpg","datePublished":"2025-12-12T16:48:28+00:00","dateModified":"2025-12-12T16:48:30+00:00","breadcrumb":{"@id":"https:\/\/paracherkaoui.ma\/index.php\/produit\/filorga-ncef-shot-concentre-polyrevitalisant-supreme\/#breadcrumb"},"inLanguage":"fr-FR","potentialAction":[{"@type":"ReadAction","target":["https:\/\/paracherkaoui.ma\/index.php\/produit\/filorga-ncef-shot-concentre-polyrevitalisant-supreme\/"]}]},{"@type":"ImageObject","inLanguage":"fr-FR","@id":"https:\/\/paracherkaoui.ma\/index.php\/produit\/filorga-ncef-shot-concentre-polyrevitalisant-supreme\/#primaryimage","url":"https:\/\/paracherkaoui.ma\/wp-content\/uploads\/2025\/12\/filorga-filorga-ncef-shot-concentre-polyrevitalisant-supreme-premieres-rides.jpg","contentUrl":"https:\/\/paracherkaoui.ma\/wp-content\/uploads\/2025\/12\/filorga-filorga-ncef-shot-concentre-polyrevitalisant-supreme-premieres-rides.jpg","width":700,"height":700},{"@type":"BreadcrumbList","@id":"https:\/\/paracherkaoui.ma\/index.php\/produit\/filorga-ncef-shot-concentre-polyrevitalisant-supreme\/#breadcrumb","itemListElement":[{"@type":"ListItem","position":1,"name":"Accueil","item":"https:\/\/paracherkaoui.ma\/"},{"@type":"ListItem","position":2,"name":"Boutique","item":"https:\/\/paracherkaoui.ma\/index.php\/boutique\/"},{"@type":"ListItem","position":3,"name":"FILORGA NCEF SHOT CONCENTRE POLYREVITALISANT SUPREME"}]},{"@type":"WebSite","@id":"https:\/\/paracherkaoui.ma\/#website","url":"https:\/\/paracherkaoui.ma\/","name":"Paracherkaoui.ma","description":"Achetez en ligne sur Paracherkaoui.ma","potentialAction":[{"@type":"SearchAction","target":{"@type":"EntryPoint","urlTemplate":"https:\/\/paracherkaoui.ma\/?s={search_term_string}"},"query-input":{"@type":"PropertyValueSpecification","valueRequired":true,"valueName":"search_term_string"}}],"inLanguage":"fr-FR"}]}},"_links":{"self":[{"href":"https:\/\/paracherkaoui.ma\/index.php\/wp-json\/wp\/v2\/product\/13555","targetHints":{"allow":["GET"]}}],"collection":[{"href":"https:\/\/paracherkaoui.ma\/index.php\/wp-json\/wp\/v2\/product"}],"about":[{"href":"https:\/\/paracherkaoui.ma\/index.php\/wp-json\/wp\/v2\/types\/product"}],"replies":[{"embeddable":true,"href":"https:\/\/paracherkaoui.ma\/index.php\/wp-json\/wp\/v2\/comments?post=13555"}],"version-history":[{"count":1,"href":"https:\/\/paracherkaoui.ma\/index.php\/wp-json\/wp\/v2\/product\/13555\/revisions"}],"predecessor-version":[{"id":13591,"href":"https:\/\/paracherkaoui.ma\/index.php\/wp-json\/wp\/v2\/product\/13555\/revisions\/13591"}],"wp:featuredmedia":[{"embeddable":true,"href":"https:\/\/paracherkaoui.ma\/index.php\/wp-json\/wp\/v2\/media\/13590"}],"wp:attachment":[{"href":"https:\/\/paracherkaoui.ma\/index.php\/wp-json\/wp\/v2\/media?parent=13555"}],"wp:term":[{"taxonomy":"product_brand","embeddable":true,"href":"https:\/\/paracherkaoui.ma\/index.php\/wp-json\/wp\/v2\/product_brand?post=13555"},{"taxonomy":"product_cat","embeddable":true,"href":"https:\/\/paracherkaoui.ma\/index.php\/wp-json\/wp\/v2\/product_cat?post=13555"},{"taxonomy":"product_tag","embeddable":true,"href":"https:\/\/paracherkaoui.ma\/index.php\/wp-json\/wp\/v2\/product_tag?post=13555"}],"curies":[{"name":"wp","href":"https:\/\/api.w.org\/{rel}","templated":true}]}}